{"id":75244,"date":"2026-02-26T00:14:20","date_gmt":"2026-02-25T22:14:20","guid":{"rendered":"https:\/\/skyline-gs.com\/?post_type=product&#038;p=75244"},"modified":"2026-04-09T15:42:54","modified_gmt":"2026-04-09T13:42:54","slug":"malaysia-singapore-4-days-nha-trang","status":"publish","type":"product","link":"https:\/\/skyline-gs.com\/pl\/product\/malaysia-singapore-4-days-nha-trang\/","title":{"rendered":"\u041c\u0430\u043b\u0430\u0439\u0437\u0438\u044f + \u0421\u0438\u043d\u0433\u0430\u043f\u0443\u0440 4 \u0434\u043d\u044f"},"content":{"rendered":"<p>\u042d\u0442\u043e\u0442 \u0442\u0443\u0440 \u2014 \u0438\u0434\u0435\u0430\u043b\u044c\u043d\u043e\u0435 \u0441\u043e\u0447\u0435\u0442\u0430\u043d\u0438\u0435 \u0434\u0432\u0443\u0445 \u044f\u0440\u043a\u0438\u0445 \u0441\u0442\u043e\u043b\u0438\u0446 \u042e\u0433\u043e-\u0412\u043e\u0441\u0442\u043e\u0447\u043d\u043e\u0439 \u0410\u0437\u0438\u0438. \u0417\u0430 \u043e\u0434\u043d\u043e \u043f\u0443\u0442\u0435\u0448\u0435\u0441\u0442\u0432\u0438\u0435 \u0432\u044b \u043f\u043e\u0437\u043d\u0430\u043a\u043e\u043c\u0438\u0442\u0435\u0441\u044c \u0441 \u0441\u043e\u0432\u0440\u0435\u043c\u0435\u043d\u043d\u044b\u043c \u043c\u0435\u0433\u0430\u043f\u043e\u043b\u0438\u0441\u043e\u043c <span class=\"hover:entity-accent entity-underline inline cursor-pointer align-baseline\"><span class=\"whitespace-normal\">\u041a\u0443\u0430\u043b\u0430-\u041b\u0443\u043c\u043f\u0443\u0440<\/span><\/span> \u0438 \u0443\u043b\u044c\u0442\u0440\u0430\u0441\u043e\u0432\u0440\u0435\u043c\u0435\u043d\u043d\u044b\u043c \u0433\u043e\u0440\u043e\u0434\u043e\u043c \u0431\u0443\u0434\u0443\u0449\u0435\u0433\u043e <span class=\"hover:entity-accent entity-underline inline cursor-pointer align-baseline\"><span class=\"whitespace-normal\">Singapur<\/span><\/span>. \u0412\u0430\u0441 \u0436\u0434\u0443\u0442 \u043a\u043e\u043c\u0444\u043e\u0440\u0442\u043d\u044b\u0435 \u043f\u0435\u0440\u0435\u043b\u0451\u0442\u044b, \u043f\u0440\u043e\u0436\u0438\u0432\u0430\u043d\u0438\u0435 \u0432 \u043e\u0442\u0435\u043b\u044f\u0445 4* \u0432 \u0446\u0435\u043d\u0442\u0440\u0435 \u0433\u043e\u0440\u043e\u0434\u043e\u0432 \u0438 \u043d\u0430\u0441\u044b\u0449\u0435\u043d\u043d\u044b\u0435 \u044d\u043a\u0441\u043a\u0443\u0440\u0441\u0438\u043e\u043d\u043d\u044b\u0435 \u043f\u0440\u043e\u0433\u0440\u0430\u043c\u043c\u044b.<\/p>\n<p><strong data-start=\"605\" data-end=\"615\">Dzie\u0144 1<\/strong><\/p>\n<p><strong>9:00 - Wyjazd z hotelowego lobby.\u00a0<\/strong>Transfer lotniskowy.<\/p>\n<ul>\n<li>12:00 - Lot do Kuala Lumpur.<\/li>\n<li>15:25 \u2014 <strong>\u0412\u0441\u0442\u0440\u0435\u0447\u0430 \u0432 \u0430\u044d\u0440\u043e\u043f\u043e\u0440\u0442\u0443\u00a0\u0441 \u0438\u043c\u0435\u043d\u043d\u043e\u0439 \u0442\u0430\u0431\u043b\u0438\u0447\u043a\u043e\u0439<\/strong>, z waszymi nazwiskami.<\/li>\n<li><strong>Transfer<\/strong>\u00a0do hotelu.<\/li>\n<li>17:00 - Odprawa\u00a0<strong>\u043e\u0442\u0435\u043b\u044c 4* \u0432 \u0446\u0435\u043d\u0442\u0440\u0435 \u041a\u0443\u0430\u043b\u0430-\u041b\u0443\u043c\u043f\u0443\u0440\u0430.<\/strong><\/li>\n<li><strong>Czas wolny<\/strong> \u0434\u043b\u044f \u043f\u0440\u043e\u0433\u0443\u043b\u043a\u0438 \u043f\u043e \u0432\u0435\u0447\u0435\u0440\u043d\u0435\u043c\u0443 \u0433\u043e\u0440\u043e\u0434\u0443.<\/li>\n<\/ul>\n<p><strong data-start=\"888\" data-end=\"898\">Dzie\u0144 2<\/strong><\/p>\n<ul>\n<li>7:00 \u2014 <strong>\u015aniadanie w hotelu<\/strong>.<\/li>\n<li>10:00 -\u00a0<strong>Wycieczka krajoznawcza<\/strong>\u00a0na Kuala Lumpur\u00a0<strong>w prywatnym samochodzie.<\/strong><\/li>\n<li data-start=\"972\" data-end=\"1023\"><strong>Jaskinie Batu<\/strong>\u00a0- g\u0142\u00f3wnej \u015bwi\u0105tyni hinduistycznej w kraju.<\/li>\n<li data-start=\"972\" data-end=\"1023\"><strong>Pa\u0142ac Kr\u00f3lewski.<\/strong><\/li>\n<li data-start=\"972\" data-end=\"1023\"><strong>Wie\u017ca telewizyjna Menara KL<\/strong>\u00a0(opcjonalny taras widokowy p\u0142atny oddzielnie).<\/li>\n<li data-start=\"972\" data-end=\"1023\"><strong>Plac Niepodleg\u0142o\u015bci<\/strong>\u00a0- Brytyjskie dziedzictwo kolonialne.<\/li>\n<li data-start=\"972\" data-end=\"1023\"><strong>\u015awi\u0105tynia Tian Hu<\/strong>\u00a0z mo\u017cliwo\u015bci\u0105 odczytu szcz\u0119\u015bcia.<\/li>\n<li data-start=\"972\" data-end=\"1023\"><strong>Narodowy Meczet Negara.<\/strong><\/li>\n<li data-start=\"972\" data-end=\"1023\"><strong>Budynek kolejowy<\/strong>\u00a0styl kolonialny.<\/li>\n<li data-start=\"972\" data-end=\"1023\"><strong>Chinatown Chinatown<\/strong>\u00a0i stare miasto.<\/li>\n<li data-start=\"972\" data-end=\"1023\"><strong>Bli\u017aniacze wie\u017ce Petronas.<\/strong>\u00a0- symbol Malezji.<\/li>\n<li data-start=\"972\" data-end=\"1023\">15:00 \u2014 \u0421\u0432\u043e\u0431\u043e\u0434\u043d\u043e\u0435 \u0432\u0440\u0435\u043c\u044f.<\/li>\n<li><strong>Transfer<\/strong>\u00a0na lotnisko.<\/li>\n<li>\u041f\u0435\u0440\u0435\u043b\u0451\u0442 <strong>\u041a\u0443\u0430\u043b\u0430-\u041b\u0443\u043c\u043f\u0443\u0440 \u2013 \u0421\u0438\u043d\u0433\u0430\u043f\u0443\u0440.<\/strong><\/li>\n<li data-start=\"435\" data-end=\"507\"><strong>Odbi\u00f3r z lotniska<\/strong> \u0441 \u0442\u0430\u0431\u043b\u0438\u0447\u043a\u043e\u0439, \u043d\u0430 \u043a\u043e\u0442\u043e\u0440\u043e\u0439 \u0431\u0443\u0434\u0443\u0442 \u0432\u0430\u0448\u0438 \u0438\u043c\u0435\u043d\u0430.<\/li>\n<li data-start=\"435\" data-end=\"507\">\u0422\u0440\u0430\u043d\u0441\u0444\u0435\u0440 \u0438 \u0437\u0430\u0441\u0435\u043b\u0435\u043d\u0438\u0435 \u0432 <strong>\u043e\u0442\u0435\u043b\u044c 4* \u0432 \u0446\u0435\u043d\u0442\u0440\u0435 \u0421\u0438\u043d\u0433\u0430\u043f\u0443\u0440\u0430<\/strong>.<\/li>\n<li data-start=\"510\" data-end=\"661\"><strong>\u0412\u0435\u0447\u0435\u0440\u043d\u044f\u044f \u043e\u0431\u0437\u043e\u0440\u043d\u0430\u044f \u044d\u043a\u0441\u043a\u0443\u0440\u0441\u0438\u044f<\/strong>: <strong>\u0421\u0442\u0430\u0440\u044b\u0439 \u0433\u043e\u0440\u043e\u0434<\/strong>, \u0441\u0438\u043c\u0432\u043e\u043b \u0421\u0438\u043d\u0433\u0430\u043f\u0443\u0440\u0430 \u2014 <strong>\u041c\u0435\u0440\u043b\u0438\u043e\u043d<\/strong>, <strong>\u0444\u043e\u043d\u0442\u0430\u043d \u0411\u043e\u0433\u0430\u0442\u0441\u0442\u0432\u0430<\/strong>, <strong>\u041a\u0438\u0442\u0430\u0439\u0441\u043a\u0438\u0439 \u043a\u0432\u0430\u0440\u0442\u0430\u043b<\/strong>, \u043a\u0440\u0443\u043f\u043d\u0435\u0439\u0448\u0438\u0439 \u0431\u0443\u0434\u0434\u0438\u0439\u0441\u043a\u0438\u0439 \u0445\u0440\u0430\u043c <strong>\u0417\u0443\u0431\u0430 \u0411\u0443\u0434\u0434\u044b<\/strong>.<\/li>\n<\/ul>\n<p><strong data-start=\"888\" data-end=\"898\">Dzie\u0144 3<\/strong><\/p>\n<ul>\n<li>7:00 \u2014 <strong>\u015aniadanie w hotelu<\/strong>.<\/li>\n<li><strong>Czas wolny<\/strong>. \u041e\u0442\u0435\u043b\u044c \u043d\u0430\u0445\u043e\u0434\u0438\u0442\u0441\u044f \u0432 \u0446\u0435\u043d\u0442\u0440\u0435, \u043f\u043e\u044d\u0442\u043e\u043c\u0443 \u043c\u043e\u0436\u043d\u043e \u043f\u0435\u0448\u043a\u043e\u043c \u043f\u043e\u0441\u0435\u0442\u0438\u0442\u044c: \u0421\u0443\u043f\u0435\u0440\u0434\u0435\u0440\u0435\u0432\u044c\u044f \u0432 Gardens by the Bay; \u0421\u0438\u043d\u0433\u0430\u043f\u0443\u0440\u0441\u043a\u0438\u0439 \u0431\u043e\u0442\u0430\u043d\u0438\u0447\u0435\u0441\u043a\u0438\u0439 \u0441\u0430\u0434 (UNESCO); \u0420\u0430\u0439\u043e\u043d Marina Bay \u2014 \u0432\u0435\u0447\u0435\u0440\u043d\u0438\u0435 \u0448\u043e\u0443 \u0444\u043e\u043d\u0442\u0430\u043d\u043e\u0432, \u0441\u043c\u043e\u0442\u0440\u043e\u0432\u044b\u0435 \u043f\u043b\u043e\u0449\u0430\u0434\u043a\u0438 \u0438 \u0440\u0435\u0441\u0442\u043e\u0440\u0430\u043d\u044b.<\/li>\n<\/ul>\n<p><strong data-start=\"1585\" data-end=\"1595\">Dzie\u0144 4<\/strong><\/p>\n<ul>\n<li>7:00 \u2014 <strong>\u015aniadanie w hotelu<\/strong>.<\/li>\n<li>10:00 \u2014 \u0422\u0440\u0430\u043d\u0441\u0444\u0435\u0440 \u0432 \u0430\u044d\u0440\u043e\u043f\u043e\u0440\u0442.<\/li>\n<li>13:00 \u2014 <strong>\u041f\u0435\u0440\u0435\u043b\u0451\u0442 \u0421\u0438\u043d\u0433\u0430\u043f\u0443\u0440 \u2014 \u0425\u043e\u0448\u0438\u043c\u0438\u043d \u2014 \u041d\u044f\u0447\u0430\u043d\u0433.<\/strong><\/li>\n<li>17:30 \u2014 \u0412\u0441\u0442\u0440\u0435\u0447\u0430 \u0432 \u0430\u044d\u0440\u043e\u043f\u043e\u0440\u0442\u0443 \u0432\u043e\u0434\u0438\u0442\u0435\u043b\u0435\u043c \u0441 \u0442\u0430\u0431\u043b\u0438\u0447\u043a\u043e\u0439.<\/li>\n<li>18:00 \u2014 \u0422\u0440\u0430\u043d\u0441\u0444\u0435\u0440 \u0432 \u043e\u0442\u0435\u043b\u044c.<\/li>\n<\/ul>\n<p><strong>19:00 - Powr\u00f3t do hotelu.<\/strong><\/p>\n<p><strong>W zestawie:<\/strong><\/p>\n<ul>\n<li>Transfery z i do hotelu<\/li>\n<li>Transfery lotniskowe prywatnym samochodem<\/li>\n<li data-start=\"2261\" data-end=\"2295\">Wszystkie bilety wst\u0119pu zgodnie z programem<\/li>\n<li data-start=\"2298\" data-end=\"2320\">Rosyjskoj\u0119zyczny przewodnik<\/li>\n<li>\u041e\u0442\u0435\u043b\u044c 4* \u0432 \u0446\u0435\u043d\u0442\u0440\u0435 \u041a\u0443\u0430\u043b\u0430 \u041b\u0443\u043c\u043f\u0443\u0440\u0430<\/li>\n<li data-start=\"2298\" data-end=\"2320\">\u041e\u0442\u0435\u043b\u044c 4* \u0432 \u0446\u0435\u043d\u0442\u0440\u0435 \u0421\u0438\u043d\u0433\u0430\u043f\u0443\u0440\u0430<\/li>\n<li data-start=\"2323\" data-end=\"2344\">\u041f\u0438\u0442\u0430\u043d\u0438\u0435 (\u0437\u0430\u0432\u0442\u0440\u0430\u043a\u0438)<\/li>\n<\/ul>\n<p><strong data-start=\"1939\" data-end=\"1955\">Brak w zestawie:<\/strong><\/p>\n<ul>\n<li data-start=\"2370\" data-end=\"2401\">\u0410\u0432\u0438\u0430\u0431\u0438\u043b\u0435\u0442\u044b (\u043e\u043a\u043e\u043b\u043e 500 &#8212; 600$). \u041d\u0430\u0448 \u043c\u0435\u043d\u0435\u0434\u0436\u0435\u0440 \u043f\u043e\u043c\u043e\u0436\u0435\u0442 \u043f\u043e\u0434\u043e\u0431\u0440\u0430\u0442\u044c \u0434\u043b\u044f \u0432\u0430\u0441 \u0430\u0432\u0438\u0430\u0431\u0438\u043b\u0435\u0442\u044b \u043f\u043e \u043b\u0443\u0447\u0448\u0435\u0439 \u0446\u0435\u043d\u0435<\/li>\n<li data-start=\"2404\" data-end=\"2433\">\u0414\u043e\u043f\u043b\u0430\u0442\u0430 \u0437\u0430 \u043e\u0434\u043d\u043e\u043c\u0435\u0441\u0442\u043d\u043e\u0435 \u0440\u0430\u0437\u043c\u0435\u0449\u0435\u043d\u0438\u0435 +260$<\/li>\n<\/ul>\n<p><strong>Zabierz go ze sob\u0105:<\/strong><\/p>\n<ul>\n<li>Paszport<\/li>\n<li>Nakrycia g\u0142owy i okulary przeciws\u0142oneczne<\/li>\n<li>Pieni\u0105dze na wydatki osobiste<\/li>\n<\/ul>\n<p><strong>Dodatkowe informacje:<\/strong><\/p>\n<ul>\n<li><strong>\u041e\u0444\u043e\u0440\u043c\u043b\u0435\u043d\u0438\u0435 \u0432\u0438\u0437\u044b \u0432 <span class=\"hover:entity-accent entity-underline inline cursor-pointer align-baseline\"><span class=\"whitespace-normal\">Singapur<\/span><\/span> \u043d\u0435 \u0442\u0440\u0435\u0431\u0443\u0435\u0442\u0441\u044f<\/strong>, \u0442\u0430\u043a \u043a\u0430\u043a \u043f\u043e\u0441\u0435\u0449\u0435\u043d\u0438\u0435 \u0441\u0442\u0440\u0430\u043d\u044b \u043e\u0441\u0443\u0449\u0435\u0441\u0442\u0432\u043b\u044f\u0435\u0442\u0441\u044f \u0432 \u0444\u043e\u0440\u043c\u0430\u0442\u0435 <strong data-start=\"203\" data-end=\"229\">\u0442\u0440\u0430\u043d\u0437\u0438\u0442\u043d\u043e\u0433\u043e \u043f\u0440\u0435\u0431\u044b\u0432\u0430\u043d\u0438\u044f<\/strong> (\u043f\u0435\u0440\u0435\u043b\u0451\u0442 \u043f\u043e \u043c\u0430\u0440\u0448\u0440\u0443\u0442\u0443 \u041c\u0430\u043b\u0430\u0439\u0437\u0438\u044f \u2014 \u0421\u0438\u043d\u0433\u0430\u043f\u0443\u0440 \u2014 \u0412\u044c\u0435\u0442\u043d\u0430\u043c).<\/li>\n<li data-start=\"284\" data-end=\"501\">\u0412\u044b \u0432\u044a\u0435\u0437\u0436\u0430\u0435\u0442\u0435 \u0432 \u0421\u0438\u043d\u0433\u0430\u043f\u0443\u0440 \u043a\u0430\u043a \u0442\u0440\u0430\u043d\u0437\u0438\u0442\u043d\u044b\u0439 \u043f\u0430\u0441\u0441\u0430\u0436\u0438\u0440 \u0441 \u043f\u043e\u0434\u0442\u0432\u0435\u0440\u0436\u0434\u0451\u043d\u043d\u044b\u043c \u0431\u0438\u043b\u0435\u0442\u043e\u043c \u0432 \u0442\u0440\u0435\u0442\u044c\u044e \u0441\u0442\u0440\u0430\u043d\u0443 (\u0412\u044c\u0435\u0442\u043d\u0430\u043c), \u0447\u0442\u043e \u043f\u043e\u0437\u0432\u043e\u043b\u044f\u0435\u0442 \u043d\u0430\u0445\u043e\u0434\u0438\u0442\u044c\u0441\u044f \u0432 \u0441\u0442\u0440\u0430\u043d\u0435 \u0431\u0435\u0437 \u043f\u0440\u0435\u0434\u0432\u0430\u0440\u0438\u0442\u0435\u043b\u044c\u043d\u043e\u0433\u043e \u043e\u0444\u043e\u0440\u043c\u043b\u0435\u043d\u0438\u044f \u0432\u0438\u0437\u044b \u043f\u0440\u0438 \u0441\u043e\u0431\u043b\u044e\u0434\u0435\u043d\u0438\u0438 \u0434\u0435\u0439\u0441\u0442\u0432\u0443\u044e\u0449\u0438\u0445 \u043c\u0438\u0433\u0440\u0430\u0446\u0438\u043e\u043d\u043d\u044b\u0445 \u043f\u0440\u0430\u0432\u0438\u043b.<\/li>\n<li data-start=\"284\" data-end=\"501\">\u041d\u0430\u0448\u0438 \u043c\u0435\u043d\u0435\u0434\u0436\u0435\u0440\u044b \u0437\u0430\u0440\u0430\u043d\u0435\u0435 \u043f\u0440\u043e\u0432\u0435\u0440\u044f\u044e\u0442 \u043c\u0430\u0440\u0448\u0440\u0443\u0442 \u0438 \u0430\u0432\u0438\u0430\u0431\u0438\u043b\u0435\u0442\u044b, \u0447\u0442\u043e\u0431\u044b \u0432\u0430\u0448\u0435 \u043f\u0443\u0442\u0435\u0448\u0435\u0441\u0442\u0432\u0438\u0435 \u043f\u0440\u043e\u0448\u043b\u043e \u043a\u043e\u043c\u0444\u043e\u0440\u0442\u043d\u043e \u0438 \u0431\u0435\u0437 \u043b\u0438\u0448\u043d\u0438\u0445 \u0444\u043e\u0440\u043c\u0430\u043b\u044c\u043d\u043e\u0441\u0442\u0435\u0439.<\/li>\n<\/ul>\n<p><strong>Warunki rezerwacji:<\/strong><\/p>\n<ul>\n<li>Prepaid 50%<\/li>\n<\/ul>","protected":false},"excerpt":{"rendered":"<p><strong>Czas wycieczki:<\/strong> 4 dni<\/p>\n<p><strong>Holding Days:<\/strong> Ka\u017cdego dnia.<\/p>","protected":false},"featured_media":75245,"template":"","meta":{"_kad_post_transparent":"default","_kad_post_title":"","_kad_post_layout":"default","_kad_post_sidebar_id":"","_kad_post_content_style":"default","_kad_post_vertical_padding":"default","_kad_post_feature":"","_kad_post_feature_position":"","_kad_post_header":false,"_kad_post_footer":false,"_kad_post_classname":"","_glsr_average":0,"_glsr_ranking":0,"_glsr_reviews":0},"product_brand":[],"product_cat":[437],"product_tag":[],"class_list":{"0":"post-75244","1":"product","2":"type-product","3":"status-publish","4":"has-post-thumbnail","6":"product_cat-nha-trang","7":"tm-has-options","9":"first","10":"instock","11":"sold-individually","12":"taxable","13":"shipping-taxable","14":"purchasable","15":"product-type-simple","16":"entry","17":"content-bg","18":"loop-entry"},"yoast_head":"<!-- This site is optimized with the Yoast SEO plugin v27.4 - https:\/\/yoast.com\/product\/yoast-seo-wordpress\/ -->\n<title>\u041c\u0430\u043b\u0430\u0439\u0437\u0438\u044f + \u0421\u0438\u043d\u0433\u0430\u043f\u0443\u0440 4 \u0434\u043d\u044f &#8226; \u042d\u043a\u0441\u043a\u0443\u0440\u0441\u0438\u0438 Skyline<\/title>\n<meta name=\"robots\" content=\"index, follow, max-snippet:-1, max-image-preview:large, max-video-preview:-1\" \/>\n<link rel=\"canonical\" href=\"https:\/\/skyline-gs.com\/pl\/produkt\/malaysia-singapore-4-days-nha-trang\/\" \/>\n<meta property=\"og:locale\" content=\"pl_PL\" \/>\n<meta property=\"og:type\" content=\"article\" \/>\n<meta property=\"og:title\" content=\"\u041c\u0430\u043b\u0430\u0439\u0437\u0438\u044f + \u0421\u0438\u043d\u0433\u0430\u043f\u0443\u0440 4 \u0434\u043d\u044f &#8226; \u042d\u043a\u0441\u043a\u0443\u0440\u0441\u0438\u0438 Skyline\" \/>\n<meta property=\"og:description\" content=\"\u0412\u0440\u0435\u043c\u044f \u0442\u0443\u0440\u0430: 4 \u0434\u043d\u044f  \u0414\u043d\u0438 \u043f\u0440\u043e\u0432\u0435\u0434\u0435\u043d\u0438\u044f: \u041a\u0430\u0436\u0434\u044b\u0439 \u0434\u0435\u043d\u044c\" \/>\n<meta property=\"og:url\" content=\"https:\/\/skyline-gs.com\/pl\/produkt\/malaysia-singapore-4-days-nha-trang\/\" \/>\n<meta property=\"og:site_name\" content=\"\u042d\u043a\u0441\u043a\u0443\u0440\u0441\u0438\u0438 Skyline\" \/>\n<meta property=\"article:modified_time\" content=\"2026-04-09T13:42:54+00:00\" \/>\n<meta property=\"og:image\" content=\"https:\/\/skyline-gs.com\/wp-content\/uploads\/2026\/02\/27.png\" \/>\n\t<meta property=\"og:image:width\" content=\"669\" \/>\n\t<meta property=\"og:image:height\" content=\"446\" \/>\n\t<meta property=\"og:image:type\" content=\"image\/png\" \/>\n<meta name=\"twitter:card\" content=\"summary_large_image\" \/>\n<meta name=\"twitter:label1\" content=\"Szacowany czas czytania\" \/>\n\t<meta name=\"twitter:data1\" content=\"3 minuty\" \/>\n<script type=\"application\/ld+json\" class=\"yoast-schema-graph\">{\"@context\":\"https:\\\/\\\/schema.org\",\"@graph\":[{\"@type\":\"WebPage\",\"@id\":\"https:\\\/\\\/skyline-gs.com\\\/product\\\/malaysia-singapore-4-days-nha-trang\\\/\",\"url\":\"https:\\\/\\\/skyline-gs.com\\\/product\\\/malaysia-singapore-4-days-nha-trang\\\/\",\"name\":\"\u041c\u0430\u043b\u0430\u0439\u0437\u0438\u044f + \u0421\u0438\u043d\u0433\u0430\u043f\u0443\u0440 4 \u0434\u043d\u044f &#8226; \u042d\u043a\u0441\u043a\u0443\u0440\u0441\u0438\u0438 Skyline\",\"isPartOf\":{\"@id\":\"https:\\\/\\\/skyline-gs.com\\\/it\\\/#website\"},\"primaryImageOfPage\":{\"@id\":\"https:\\\/\\\/skyline-gs.com\\\/product\\\/malaysia-singapore-4-days-nha-trang\\\/#primaryimage\"},\"image\":{\"@id\":\"https:\\\/\\\/skyline-gs.com\\\/product\\\/malaysia-singapore-4-days-nha-trang\\\/#primaryimage\"},\"thumbnailUrl\":\"https:\\\/\\\/skyline-gs.com\\\/wp-content\\\/uploads\\\/2026\\\/02\\\/27.png\",\"datePublished\":\"2026-02-25T22:14:20+00:00\",\"dateModified\":\"2026-04-09T13:42:54+00:00\",\"breadcrumb\":{\"@id\":\"https:\\\/\\\/skyline-gs.com\\\/product\\\/malaysia-singapore-4-days-nha-trang\\\/#breadcrumb\"},\"inLanguage\":\"pl-PL\",\"potentialAction\":[{\"@type\":\"ReadAction\",\"target\":[\"https:\\\/\\\/skyline-gs.com\\\/product\\\/malaysia-singapore-4-days-nha-trang\\\/\"]}]},{\"@type\":\"ImageObject\",\"inLanguage\":\"pl-PL\",\"@id\":\"https:\\\/\\\/skyline-gs.com\\\/product\\\/malaysia-singapore-4-days-nha-trang\\\/#primaryimage\",\"url\":\"https:\\\/\\\/skyline-gs.com\\\/wp-content\\\/uploads\\\/2026\\\/02\\\/27.png\",\"contentUrl\":\"https:\\\/\\\/skyline-gs.com\\\/wp-content\\\/uploads\\\/2026\\\/02\\\/27.png\",\"width\":669,\"height\":446},{\"@type\":\"BreadcrumbList\",\"@id\":\"https:\\\/\\\/skyline-gs.com\\\/product\\\/malaysia-singapore-4-days-nha-trang\\\/#breadcrumb\",\"itemListElement\":[{\"@type\":\"ListItem\",\"position\":1,\"name\":\"\u0413\u043b\u0430\u0432\u043d\u0430\u044f \u0441\u0442\u0440\u0430\u043d\u0438\u0446\u0430\",\"item\":\"https:\\\/\\\/skyline-gs.com\\\/hu\\\/\"},{\"@type\":\"ListItem\",\"position\":2,\"name\":\"\u041c\u0430\u0433\u0430\u0437\u0438\u043d\",\"item\":\"https:\\\/\\\/skyline-gs.com\\\/cs\\\/shop\\\/\"},{\"@type\":\"ListItem\",\"position\":3,\"name\":\"\u041c\u0430\u043b\u0430\u0439\u0437\u0438\u044f + \u0421\u0438\u043d\u0433\u0430\u043f\u0443\u0440 4 \u0434\u043d\u044f\"}]},{\"@type\":\"WebSite\",\"@id\":\"https:\\\/\\\/skyline-gs.com\\\/it\\\/#website\",\"url\":\"https:\\\/\\\/skyline-gs.com\\\/it\\\/\",\"name\":\"\u042d\u043a\u0441\u043a\u0443\u0440\u0441\u0438\u0438 Skyline\",\"description\":\"\u042d\u043a\u0441\u043a\u043b\u044e\u0437\u0438\u0432\u043d\u044b\u0435 \u044d\u043a\u0441\u043a\u0443\u0440\u0441\u0438\u0438 \u043d\u0430 \u043b\u0443\u0447\u0448\u0438\u0445 \u043a\u0443\u0440\u043e\u0440\u0442\u0430\u0445 \u043c\u0438\u0440\u0430\",\"publisher\":{\"@id\":\"https:\\\/\\\/skyline-gs.com\\\/it\\\/#organization\"},\"alternateName\":\"Skyline\",\"potentialAction\":[{\"@type\":\"SearchAction\",\"target\":{\"@type\":\"EntryPoint\",\"urlTemplate\":\"https:\\\/\\\/skyline-gs.com\\\/it\\\/?s={search_term_string}\"},\"query-input\":{\"@type\":\"PropertyValueSpecification\",\"valueRequired\":true,\"valueName\":\"search_term_string\"}}],\"inLanguage\":\"pl-PL\"},{\"@type\":\"Organization\",\"@id\":\"https:\\\/\\\/skyline-gs.com\\\/it\\\/#organization\",\"name\":\"\u042d\u043a\u0441\u043a\u0443\u0440\u0441\u0438\u0438 Skyline\",\"alternateName\":\"\u042d\u043a\u0441\u043a\u0443\u0440\u0441\u0438\u0438 Skyline\",\"url\":\"https:\\\/\\\/skyline-gs.com\\\/it\\\/\",\"logo\":{\"@type\":\"ImageObject\",\"inLanguage\":\"pl-PL\",\"@id\":\"https:\\\/\\\/skyline-gs.com\\\/it\\\/#\\\/schema\\\/logo\\\/image\\\/\",\"url\":\"https:\\\/\\\/skyline-gs.com\\\/wp-content\\\/uploads\\\/2020\\\/12\\\/cropped-logo-2.png\",\"contentUrl\":\"https:\\\/\\\/skyline-gs.com\\\/wp-content\\\/uploads\\\/2020\\\/12\\\/cropped-logo-2.png\",\"width\":512,\"height\":512,\"caption\":\"\u042d\u043a\u0441\u043a\u0443\u0440\u0441\u0438\u0438 Skyline\"},\"image\":{\"@id\":\"https:\\\/\\\/skyline-gs.com\\\/it\\\/#\\\/schema\\\/logo\\\/image\\\/\"},\"sameAs\":[\"https:\\\/\\\/www.instagram.com\\\/skylineglobalservice\\\/\"]}]}<\/script>\n<!-- \/ Yoast SEO plugin. -->","yoast_head_json":{"title":"\u041c\u0430\u043b\u0430\u0439\u0437\u0438\u044f + \u0421\u0438\u043d\u0433\u0430\u043f\u0443\u0440 4 \u0434\u043d\u044f &#8226; \u042d\u043a\u0441\u043a\u0443\u0440\u0441\u0438\u0438 Skyline","robots":{"index":"index","follow":"follow","max-snippet":"max-snippet:-1","max-image-preview":"max-image-preview:large","max-video-preview":"max-video-preview:-1"},"canonical":"https:\/\/skyline-gs.com\/pl\/produkt\/malaysia-singapore-4-days-nha-trang\/","og_locale":"pl_PL","og_type":"article","og_title":"\u041c\u0430\u043b\u0430\u0439\u0437\u0438\u044f + \u0421\u0438\u043d\u0433\u0430\u043f\u0443\u0440 4 \u0434\u043d\u044f &#8226; \u042d\u043a\u0441\u043a\u0443\u0440\u0441\u0438\u0438 Skyline","og_description":"\u0412\u0440\u0435\u043c\u044f \u0442\u0443\u0440\u0430: 4 \u0434\u043d\u044f  \u0414\u043d\u0438 \u043f\u0440\u043e\u0432\u0435\u0434\u0435\u043d\u0438\u044f: \u041a\u0430\u0436\u0434\u044b\u0439 \u0434\u0435\u043d\u044c","og_url":"https:\/\/skyline-gs.com\/pl\/produkt\/malaysia-singapore-4-days-nha-trang\/","og_site_name":"\u042d\u043a\u0441\u043a\u0443\u0440\u0441\u0438\u0438 Skyline","article_modified_time":"2026-04-09T13:42:54+00:00","og_image":[{"width":669,"height":446,"url":"https:\/\/skyline-gs.com\/wp-content\/uploads\/2026\/02\/27.png","type":"image\/png"}],"twitter_card":"summary_large_image","twitter_misc":{"Szacowany czas czytania":"3 minuty"},"schema":{"@context":"https:\/\/schema.org","@graph":[{"@type":"WebPage","@id":"https:\/\/skyline-gs.com\/product\/malaysia-singapore-4-days-nha-trang\/","url":"https:\/\/skyline-gs.com\/product\/malaysia-singapore-4-days-nha-trang\/","name":"\u041c\u0430\u043b\u0430\u0439\u0437\u0438\u044f + \u0421\u0438\u043d\u0433\u0430\u043f\u0443\u0440 4 \u0434\u043d\u044f &#8226; \u042d\u043a\u0441\u043a\u0443\u0440\u0441\u0438\u0438 Skyline","isPartOf":{"@id":"https:\/\/skyline-gs.com\/it\/#website"},"primaryImageOfPage":{"@id":"https:\/\/skyline-gs.com\/product\/malaysia-singapore-4-days-nha-trang\/#primaryimage"},"image":{"@id":"https:\/\/skyline-gs.com\/product\/malaysia-singapore-4-days-nha-trang\/#primaryimage"},"thumbnailUrl":"https:\/\/skyline-gs.com\/wp-content\/uploads\/2026\/02\/27.png","datePublished":"2026-02-25T22:14:20+00:00","dateModified":"2026-04-09T13:42:54+00:00","breadcrumb":{"@id":"https:\/\/skyline-gs.com\/product\/malaysia-singapore-4-days-nha-trang\/#breadcrumb"},"inLanguage":"pl-PL","potentialAction":[{"@type":"ReadAction","target":["https:\/\/skyline-gs.com\/product\/malaysia-singapore-4-days-nha-trang\/"]}]},{"@type":"ImageObject","inLanguage":"pl-PL","@id":"https:\/\/skyline-gs.com\/product\/malaysia-singapore-4-days-nha-trang\/#primaryimage","url":"https:\/\/skyline-gs.com\/wp-content\/uploads\/2026\/02\/27.png","contentUrl":"https:\/\/skyline-gs.com\/wp-content\/uploads\/2026\/02\/27.png","width":669,"height":446},{"@type":"BreadcrumbList","@id":"https:\/\/skyline-gs.com\/product\/malaysia-singapore-4-days-nha-trang\/#breadcrumb","itemListElement":[{"@type":"ListItem","position":1,"name":"\u0413\u043b\u0430\u0432\u043d\u0430\u044f \u0441\u0442\u0440\u0430\u043d\u0438\u0446\u0430","item":"https:\/\/skyline-gs.com\/hu\/"},{"@type":"ListItem","position":2,"name":"\u041c\u0430\u0433\u0430\u0437\u0438\u043d","item":"https:\/\/skyline-gs.com\/cs\/shop\/"},{"@type":"ListItem","position":3,"name":"\u041c\u0430\u043b\u0430\u0439\u0437\u0438\u044f + \u0421\u0438\u043d\u0433\u0430\u043f\u0443\u0440 4 \u0434\u043d\u044f"}]},{"@type":"WebSite","@id":"https:\/\/skyline-gs.com\/it\/#website","url":"https:\/\/skyline-gs.com\/it\/","name":"Wycieczki Skyline","description":"Ekskluzywne wycieczki do najlepszych kurort\u00f3w na \u015bwiecie","publisher":{"@id":"https:\/\/skyline-gs.com\/it\/#organization"},"alternateName":"Skyline","potentialAction":[{"@type":"SearchAction","target":{"@type":"EntryPoint","urlTemplate":"https:\/\/skyline-gs.com\/it\/?s={search_term_string}"},"query-input":{"@type":"PropertyValueSpecification","valueRequired":true,"valueName":"search_term_string"}}],"inLanguage":"pl-PL"},{"@type":"Organization","@id":"https:\/\/skyline-gs.com\/it\/#organization","name":"Wycieczki Skyline","alternateName":"\u042d\u043a\u0441\u043a\u0443\u0440\u0441\u0438\u0438 Skyline","url":"https:\/\/skyline-gs.com\/it\/","logo":{"@type":"ImageObject","inLanguage":"pl-PL","@id":"https:\/\/skyline-gs.com\/it\/#\/schema\/logo\/image\/","url":"https:\/\/skyline-gs.com\/wp-content\/uploads\/2020\/12\/cropped-logo-2.png","contentUrl":"https:\/\/skyline-gs.com\/wp-content\/uploads\/2020\/12\/cropped-logo-2.png","width":512,"height":512,"caption":"\u042d\u043a\u0441\u043a\u0443\u0440\u0441\u0438\u0438 Skyline"},"image":{"@id":"https:\/\/skyline-gs.com\/it\/#\/schema\/logo\/image\/"},"sameAs":["https:\/\/www.instagram.com\/skylineglobalservice\/"]}]}},"_links":{"self":[{"href":"https:\/\/skyline-gs.com\/pl\/wp-json\/wp\/v2\/product\/75244","targetHints":{"allow":["GET"]}}],"collection":[{"href":"https:\/\/skyline-gs.com\/pl\/wp-json\/wp\/v2\/product"}],"about":[{"href":"https:\/\/skyline-gs.com\/pl\/wp-json\/wp\/v2\/types\/product"}],"version-history":[{"count":0,"href":"https:\/\/skyline-gs.com\/pl\/wp-json\/wp\/v2\/product\/75244\/revisions"}],"wp:featuredmedia":[{"embeddable":true,"href":"https:\/\/skyline-gs.com\/pl\/wp-json\/wp\/v2\/media\/75245"}],"wp:attachment":[{"href":"https:\/\/skyline-gs.com\/pl\/wp-json\/wp\/v2\/media?parent=75244"}],"wp:term":[{"taxonomy":"product_brand","embeddable":true,"href":"https:\/\/skyline-gs.com\/pl\/wp-json\/wp\/v2\/product_brand?post=75244"},{"taxonomy":"product_cat","embeddable":true,"href":"https:\/\/skyline-gs.com\/pl\/wp-json\/wp\/v2\/product_cat?post=75244"},{"taxonomy":"product_tag","embeddable":true,"href":"https:\/\/skyline-gs.com\/pl\/wp-json\/wp\/v2\/product_tag?post=75244"}],"curies":[{"name":"wp","href":"https:\/\/api.w.org\/{rel}","templated":true}]}}