{"id":75001,"date":"2026-02-15T22:07:00","date_gmt":"2026-02-15T20:07:00","guid":{"rendered":"https:\/\/skyline-gs.com\/?post_type=product&#038;p=75001"},"modified":"2026-02-15T22:08:42","modified_gmt":"2026-02-15T20:08:42","slug":"skorostnoj-kater-chaparral-do-5i-chelovek","status":"publish","type":"product","link":"https:\/\/skyline-gs.com\/pl\/product\/skorostnoj-kater-chaparral-do-5i-chelovek\/","title":{"rendered":"Motor\u00f3wka Chaparral (do 5 os\u00f3b)"},"content":{"rendered":"<div class=\"\">\n<div class=\"tour-schedule\">\n<p><strong>Prywatne wycieczki \u0142odzi\u0105 motorow\u0105 z Hurghady<\/strong><br \/>\nDo\u015bwiadcz swobody i komfortu indywidualnej wycieczki \u0142odzi\u0105 zorganizowanej tylko dla Ciebie i Twoich bliskich. Do wyboru s\u0105 2 programy na \u0142odzi motorowej:<\/p>\n<p><strong>Program 1: Wycieczka z delfinami: p\u0142ywanie z delfinami, nurkowanie z rurk\u0105 i wyspa Abu Minkar<\/strong><\/p>\n<p>Wyrusz na 4-godzinn\u0105 wycieczk\u0119 w poszukiwaniu delfin\u00f3w w ich naturalnym \u015brodowisku. Odkryj kolorowy podwodny \u015bwiat Morza Czerwonego i podziwiaj spektakularne nadmorskie krajobrazy.<br \/>\nB\u0119dziesz m\u00f3g\u0142 obserwowa\u0107 delfiny z najbli\u017cszej mo\u017cliwej odleg\u0142o\u015bci, a przy sprzyjaj\u0105cych warunkach p\u0142ywa\u0107 obok nich.<br \/>\nNast\u0119pnie czekaj\u0105 na Ciebie dwa przystanki nurkowania z rurk\u0105 w r\u00f3\u017cnych miejscach z pi\u0119knymi rafami koralowymi. Ciesz si\u0119 r\u00f3\u017cnorodno\u015bci\u0105 kolorowych koralowc\u00f3w i tropikalnych ryb.<br \/>\nOstatnim celem b\u0119dzie wizyta na wyspie Abu Minkar, \u00abukrytym klejnocie\u00bb Morza Czerwonego.<\/p>\n<p><strong>Program 2: Wycieczka na wysp\u0119: Orange Bay \/ Paradise Island \/ Eden Island + nurkowanie z rurk\u0105<\/strong><\/p>\n<p>Unikaj zat\u0142oczonych wycieczek grupowych i skorzystaj z prywatnego 4-godzinnego transferu \u0142odzi\u0105 motorow\u0105 na jedn\u0105 z wysp Hurghady: Orange Bay, Paradise Island lub now\u0105 Eden Island.<br \/>\nPo wakacjach na wyspie b\u0119dziesz mia\u0142 okazj\u0119 odkry\u0107 podwodny \u015bwiat podczas nurkowania z rurk\u0105 na pi\u0119knej rafie koralowej.<br \/>\n<strong><em>Wst\u0119p na wyspy jest p\u0142atny oddzielnie: 10 \u20ac za osob\u0119 doros\u0142\u0105 + 5 \u20ac za dziecko.<\/em><\/strong><\/p>\n<p><strong>W zestawie:<\/strong><\/p>\n<ul>\n<li>Sprz\u0119t do nurkowania<\/li>\n<li>Przystawki<\/li>\n<li>Napoje<\/li>\n<li>Wszystkie op\u0142aty i podatki<\/li>\n<li>Transfer z i do hotelu<\/li>\n<\/ul>\n<p><strong>Zabierz go ze sob\u0105:<\/strong><\/p>\n<ul>\n<li>kamera fotograficzna lub wideo<\/li>\n<li>Nakrycie g\u0142owy<\/li>\n<li>R\u0119cznik<\/li>\n<li>Kostium k\u0105pielowy \/ k\u0105piel\u00f3wki<\/li>\n<li>Filtr przeciws\u0142oneczny<\/li>\n<\/ul>\n<p><strong>Rezerwacje:<\/strong><br \/>\nW celu wydania zezwolenia turystycznego nale\u017cy przed\u0142o\u017cy\u0107 kserokopie paszport\u00f3w wszystkich uczestnik\u00f3w wycieczki, a tak\u017ce<strong> wp\u0142aci\u0107 zaliczk\u0119 w wysoko\u015bci 50$<\/strong>.<\/p>\n<\/div>\n<\/div>","protected":false},"excerpt":{"rendered":"<p><strong>D\u0142ugo\u015b\u0107 najmu:<\/strong> 4 godziny<\/p>\n<p><strong>Pojemno\u015b\u0107: <\/strong>5 os\u00f3b<\/p>","protected":false},"featured_media":75005,"template":"","meta":{"_kad_post_transparent":"default","_kad_post_title":"","_kad_post_layout":"default","_kad_post_sidebar_id":"","_kad_post_content_style":"default","_kad_post_vertical_padding":"default","_kad_post_feature":"","_kad_post_feature_position":"","_kad_post_header":false,"_kad_post_footer":false,"_kad_post_classname":"","_glsr_average":0,"_glsr_ranking":0,"_glsr_reviews":0},"product_brand":[],"product_cat":[481],"product_tag":[],"class_list":{"0":"post-75001","1":"product","2":"type-product","3":"status-publish","4":"has-post-thumbnail","6":"product_cat-hurghada-yachts","7":"tm-has-options","9":"first","10":"instock","11":"sold-individually","12":"taxable","13":"shipping-taxable","14":"purchasable","15":"product-type-simple","16":"entry","17":"content-bg","18":"loop-entry"},"yoast_head":"<!-- This site is optimized with the Yoast SEO plugin v27.4 - https:\/\/yoast.com\/product\/yoast-seo-wordpress\/ -->\n<title>\u0421\u043a\u043e\u0440\u043e\u0441\u0442\u043d\u043e\u0439 \u043a\u0430\u0442\u0435\u0440 Chaparral (\u0434\u043e 5\u0438 \u0447\u0435\u043b\u043e\u0432\u0435\u043a) &#8226; \u042d\u043a\u0441\u043a\u0443\u0440\u0441\u0438\u0438 Skyline<\/title>\n<meta name=\"robots\" content=\"index, follow, max-snippet:-1, max-image-preview:large, max-video-preview:-1\" \/>\n<link rel=\"canonical\" href=\"https:\/\/skyline-gs.com\/pl\/produkt\/skorostnoj-kater-chaparral-do-5i-chelovek\/\" \/>\n<meta property=\"og:locale\" content=\"pl_PL\" \/>\n<meta property=\"og:type\" content=\"article\" \/>\n<meta property=\"og:title\" content=\"\u0421\u043a\u043e\u0440\u043e\u0441\u0442\u043d\u043e\u0439 \u043a\u0430\u0442\u0435\u0440 Chaparral (\u0434\u043e 5\u0438 \u0447\u0435\u043b\u043e\u0432\u0435\u043a) &#8226; \u042d\u043a\u0441\u043a\u0443\u0440\u0441\u0438\u0438 Skyline\" \/>\n<meta property=\"og:description\" content=\"\u0414\u043b\u0438\u0442\u0435\u043b\u044c\u043d\u043e\u0441\u0442\u044c \u0430\u0440\u0435\u043d\u0434\u044b: 4 \u0447\u0430\u0441\u0430  \u0412\u043c\u0435\u0441\u0442\u0438\u0442\u0435\u043b\u044c\u043d\u043e\u0441\u0442\u044c: 5 \u0447\u0435\u043b\u043e\u0432\u0435\u043a\" \/>\n<meta property=\"og:url\" content=\"https:\/\/skyline-gs.com\/pl\/produkt\/skorostnoj-kater-chaparral-do-5i-chelovek\/\" \/>\n<meta property=\"og:site_name\" content=\"\u042d\u043a\u0441\u043a\u0443\u0440\u0441\u0438\u0438 Skyline\" \/>\n<meta property=\"article:modified_time\" content=\"2026-02-15T20:08:42+00:00\" \/>\n<meta property=\"og:image\" content=\"https:\/\/skyline-gs.com\/wp-content\/uploads\/2024\/08\/LoGo777.png\" \/>\n\t<meta property=\"og:image:width\" content=\"1080\" \/>\n\t<meta property=\"og:image:height\" content=\"1080\" \/>\n\t<meta property=\"og:image:type\" content=\"image\/png\" \/>\n<meta name=\"twitter:card\" content=\"summary_large_image\" \/>\n<meta name=\"twitter:label1\" content=\"Szacowany czas czytania\" \/>\n\t<meta name=\"twitter:data1\" content=\"2 minuty\" \/>\n<script type=\"application\/ld+json\" class=\"yoast-schema-graph\">{\"@context\":\"https:\\\/\\\/schema.org\",\"@graph\":[{\"@type\":\"WebPage\",\"@id\":\"https:\\\/\\\/skyline-gs.com\\\/product\\\/skorostnoj-kater-chaparral-do-5i-chelovek\\\/\",\"url\":\"https:\\\/\\\/skyline-gs.com\\\/product\\\/skorostnoj-kater-chaparral-do-5i-chelovek\\\/\",\"name\":\"\u0421\u043a\u043e\u0440\u043e\u0441\u0442\u043d\u043e\u0439 \u043a\u0430\u0442\u0435\u0440 Chaparral (\u0434\u043e 5\u0438 \u0447\u0435\u043b\u043e\u0432\u0435\u043a) &#8226; \u042d\u043a\u0441\u043a\u0443\u0440\u0441\u0438\u0438 Skyline\",\"isPartOf\":{\"@id\":\"https:\\\/\\\/skyline-gs.com\\\/it\\\/#website\"},\"primaryImageOfPage\":{\"@id\":\"https:\\\/\\\/skyline-gs.com\\\/product\\\/skorostnoj-kater-chaparral-do-5i-chelovek\\\/#primaryimage\"},\"image\":{\"@id\":\"https:\\\/\\\/skyline-gs.com\\\/product\\\/skorostnoj-kater-chaparral-do-5i-chelovek\\\/#primaryimage\"},\"thumbnailUrl\":\"https:\\\/\\\/skyline-gs.com\\\/wp-content\\\/uploads\\\/2026\\\/02\\\/602f36_a78aec57f57d444699668f97addce81cmv2.jpg.avif\",\"datePublished\":\"2026-02-15T20:07:00+00:00\",\"dateModified\":\"2026-02-15T20:08:42+00:00\",\"breadcrumb\":{\"@id\":\"https:\\\/\\\/skyline-gs.com\\\/product\\\/skorostnoj-kater-chaparral-do-5i-chelovek\\\/#breadcrumb\"},\"inLanguage\":\"pl-PL\",\"potentialAction\":[{\"@type\":\"ReadAction\",\"target\":[\"https:\\\/\\\/skyline-gs.com\\\/product\\\/skorostnoj-kater-chaparral-do-5i-chelovek\\\/\"]}]},{\"@type\":\"ImageObject\",\"inLanguage\":\"pl-PL\",\"@id\":\"https:\\\/\\\/skyline-gs.com\\\/product\\\/skorostnoj-kater-chaparral-do-5i-chelovek\\\/#primaryimage\",\"url\":\"https:\\\/\\\/skyline-gs.com\\\/wp-content\\\/uploads\\\/2026\\\/02\\\/602f36_a78aec57f57d444699668f97addce81cmv2.jpg.avif\",\"contentUrl\":\"https:\\\/\\\/skyline-gs.com\\\/wp-content\\\/uploads\\\/2026\\\/02\\\/602f36_a78aec57f57d444699668f97addce81cmv2.jpg.avif\",\"width\":1562,\"height\":982},{\"@type\":\"BreadcrumbList\",\"@id\":\"https:\\\/\\\/skyline-gs.com\\\/product\\\/skorostnoj-kater-chaparral-do-5i-chelovek\\\/#breadcrumb\",\"itemListElement\":[{\"@type\":\"ListItem\",\"position\":1,\"name\":\"\u0413\u043b\u0430\u0432\u043d\u0430\u044f \u0441\u0442\u0440\u0430\u043d\u0438\u0446\u0430\",\"item\":\"https:\\\/\\\/skyline-gs.com\\\/hu\\\/\"},{\"@type\":\"ListItem\",\"position\":2,\"name\":\"\u041c\u0430\u0433\u0430\u0437\u0438\u043d\",\"item\":\"https:\\\/\\\/skyline-gs.com\\\/cs\\\/shop\\\/\"},{\"@type\":\"ListItem\",\"position\":3,\"name\":\"\u0421\u043a\u043e\u0440\u043e\u0441\u0442\u043d\u043e\u0439 \u043a\u0430\u0442\u0435\u0440 Chaparral (\u0434\u043e 5\u0438 \u0447\u0435\u043b\u043e\u0432\u0435\u043a)\"}]},{\"@type\":\"WebSite\",\"@id\":\"https:\\\/\\\/skyline-gs.com\\\/it\\\/#website\",\"url\":\"https:\\\/\\\/skyline-gs.com\\\/it\\\/\",\"name\":\"\u042d\u043a\u0441\u043a\u0443\u0440\u0441\u0438\u0438 Skyline\",\"description\":\"\u042d\u043a\u0441\u043a\u043b\u044e\u0437\u0438\u0432\u043d\u044b\u0435 \u044d\u043a\u0441\u043a\u0443\u0440\u0441\u0438\u0438 \u043d\u0430 \u043b\u0443\u0447\u0448\u0438\u0445 \u043a\u0443\u0440\u043e\u0440\u0442\u0430\u0445 \u043c\u0438\u0440\u0430\",\"publisher\":{\"@id\":\"https:\\\/\\\/skyline-gs.com\\\/it\\\/#organization\"},\"alternateName\":\"Skyline\",\"potentialAction\":[{\"@type\":\"SearchAction\",\"target\":{\"@type\":\"EntryPoint\",\"urlTemplate\":\"https:\\\/\\\/skyline-gs.com\\\/it\\\/?s={search_term_string}\"},\"query-input\":{\"@type\":\"PropertyValueSpecification\",\"valueRequired\":true,\"valueName\":\"search_term_string\"}}],\"inLanguage\":\"pl-PL\"},{\"@type\":\"Organization\",\"@id\":\"https:\\\/\\\/skyline-gs.com\\\/it\\\/#organization\",\"name\":\"\u042d\u043a\u0441\u043a\u0443\u0440\u0441\u0438\u0438 Skyline\",\"alternateName\":\"\u042d\u043a\u0441\u043a\u0443\u0440\u0441\u0438\u0438 Skyline\",\"url\":\"https:\\\/\\\/skyline-gs.com\\\/it\\\/\",\"logo\":{\"@type\":\"ImageObject\",\"inLanguage\":\"pl-PL\",\"@id\":\"https:\\\/\\\/skyline-gs.com\\\/it\\\/#\\\/schema\\\/logo\\\/image\\\/\",\"url\":\"https:\\\/\\\/skyline-gs.com\\\/wp-content\\\/uploads\\\/2020\\\/12\\\/cropped-logo-2.png\",\"contentUrl\":\"https:\\\/\\\/skyline-gs.com\\\/wp-content\\\/uploads\\\/2020\\\/12\\\/cropped-logo-2.png\",\"width\":512,\"height\":512,\"caption\":\"\u042d\u043a\u0441\u043a\u0443\u0440\u0441\u0438\u0438 Skyline\"},\"image\":{\"@id\":\"https:\\\/\\\/skyline-gs.com\\\/it\\\/#\\\/schema\\\/logo\\\/image\\\/\"},\"sameAs\":[\"https:\\\/\\\/www.instagram.com\\\/skylineglobalservice\\\/\"]}]}<\/script>\n<!-- \/ Yoast SEO plugin. -->","yoast_head_json":{"title":"Motor\u00f3wka Chaparral (do 5 os\u00f3b) - Wycieczki Skyline","robots":{"index":"index","follow":"follow","max-snippet":"max-snippet:-1","max-image-preview":"max-image-preview:large","max-video-preview":"max-video-preview:-1"},"canonical":"https:\/\/skyline-gs.com\/pl\/produkt\/skorostnoj-kater-chaparral-do-5i-chelovek\/","og_locale":"pl_PL","og_type":"article","og_title":"\u0421\u043a\u043e\u0440\u043e\u0441\u0442\u043d\u043e\u0439 \u043a\u0430\u0442\u0435\u0440 Chaparral (\u0434\u043e 5\u0438 \u0447\u0435\u043b\u043e\u0432\u0435\u043a) &#8226; \u042d\u043a\u0441\u043a\u0443\u0440\u0441\u0438\u0438 Skyline","og_description":"\u0414\u043b\u0438\u0442\u0435\u043b\u044c\u043d\u043e\u0441\u0442\u044c \u0430\u0440\u0435\u043d\u0434\u044b: 4 \u0447\u0430\u0441\u0430  \u0412\u043c\u0435\u0441\u0442\u0438\u0442\u0435\u043b\u044c\u043d\u043e\u0441\u0442\u044c: 5 \u0447\u0435\u043b\u043e\u0432\u0435\u043a","og_url":"https:\/\/skyline-gs.com\/pl\/produkt\/skorostnoj-kater-chaparral-do-5i-chelovek\/","og_site_name":"\u042d\u043a\u0441\u043a\u0443\u0440\u0441\u0438\u0438 Skyline","article_modified_time":"2026-02-15T20:08:42+00:00","og_image":[{"width":1080,"height":1080,"url":"https:\/\/skyline-gs.com\/wp-content\/uploads\/2024\/08\/LoGo777.png","type":"image\/png"}],"twitter_card":"summary_large_image","twitter_misc":{"Szacowany czas czytania":"2 minuty"},"schema":{"@context":"https:\/\/schema.org","@graph":[{"@type":"WebPage","@id":"https:\/\/skyline-gs.com\/product\/skorostnoj-kater-chaparral-do-5i-chelovek\/","url":"https:\/\/skyline-gs.com\/product\/skorostnoj-kater-chaparral-do-5i-chelovek\/","name":"Motor\u00f3wka Chaparral (do 5 os\u00f3b) - Wycieczki Skyline","isPartOf":{"@id":"https:\/\/skyline-gs.com\/it\/#website"},"primaryImageOfPage":{"@id":"https:\/\/skyline-gs.com\/product\/skorostnoj-kater-chaparral-do-5i-chelovek\/#primaryimage"},"image":{"@id":"https:\/\/skyline-gs.com\/product\/skorostnoj-kater-chaparral-do-5i-chelovek\/#primaryimage"},"thumbnailUrl":"https:\/\/skyline-gs.com\/wp-content\/uploads\/2026\/02\/602f36_a78aec57f57d444699668f97addce81cmv2.jpg.avif","datePublished":"2026-02-15T20:07:00+00:00","dateModified":"2026-02-15T20:08:42+00:00","breadcrumb":{"@id":"https:\/\/skyline-gs.com\/product\/skorostnoj-kater-chaparral-do-5i-chelovek\/#breadcrumb"},"inLanguage":"pl-PL","potentialAction":[{"@type":"ReadAction","target":["https:\/\/skyline-gs.com\/product\/skorostnoj-kater-chaparral-do-5i-chelovek\/"]}]},{"@type":"ImageObject","inLanguage":"pl-PL","@id":"https:\/\/skyline-gs.com\/product\/skorostnoj-kater-chaparral-do-5i-chelovek\/#primaryimage","url":"https:\/\/skyline-gs.com\/wp-content\/uploads\/2026\/02\/602f36_a78aec57f57d444699668f97addce81cmv2.jpg.avif","contentUrl":"https:\/\/skyline-gs.com\/wp-content\/uploads\/2026\/02\/602f36_a78aec57f57d444699668f97addce81cmv2.jpg.avif","width":1562,"height":982},{"@type":"BreadcrumbList","@id":"https:\/\/skyline-gs.com\/product\/skorostnoj-kater-chaparral-do-5i-chelovek\/#breadcrumb","itemListElement":[{"@type":"ListItem","position":1,"name":"\u0413\u043b\u0430\u0432\u043d\u0430\u044f \u0441\u0442\u0440\u0430\u043d\u0438\u0446\u0430","item":"https:\/\/skyline-gs.com\/hu\/"},{"@type":"ListItem","position":2,"name":"\u041c\u0430\u0433\u0430\u0437\u0438\u043d","item":"https:\/\/skyline-gs.com\/cs\/shop\/"},{"@type":"ListItem","position":3,"name":"\u0421\u043a\u043e\u0440\u043e\u0441\u0442\u043d\u043e\u0439 \u043a\u0430\u0442\u0435\u0440 Chaparral (\u0434\u043e 5\u0438 \u0447\u0435\u043b\u043e\u0432\u0435\u043a)"}]},{"@type":"WebSite","@id":"https:\/\/skyline-gs.com\/it\/#website","url":"https:\/\/skyline-gs.com\/it\/","name":"Wycieczki Skyline","description":"Ekskluzywne wycieczki do najlepszych kurort\u00f3w na \u015bwiecie","publisher":{"@id":"https:\/\/skyline-gs.com\/it\/#organization"},"alternateName":"Skyline","potentialAction":[{"@type":"SearchAction","target":{"@type":"EntryPoint","urlTemplate":"https:\/\/skyline-gs.com\/it\/?s={search_term_string}"},"query-input":{"@type":"PropertyValueSpecification","valueRequired":true,"valueName":"search_term_string"}}],"inLanguage":"pl-PL"},{"@type":"Organization","@id":"https:\/\/skyline-gs.com\/it\/#organization","name":"Wycieczki Skyline","alternateName":"\u042d\u043a\u0441\u043a\u0443\u0440\u0441\u0438\u0438 Skyline","url":"https:\/\/skyline-gs.com\/it\/","logo":{"@type":"ImageObject","inLanguage":"pl-PL","@id":"https:\/\/skyline-gs.com\/it\/#\/schema\/logo\/image\/","url":"https:\/\/skyline-gs.com\/wp-content\/uploads\/2020\/12\/cropped-logo-2.png","contentUrl":"https:\/\/skyline-gs.com\/wp-content\/uploads\/2020\/12\/cropped-logo-2.png","width":512,"height":512,"caption":"\u042d\u043a\u0441\u043a\u0443\u0440\u0441\u0438\u0438 Skyline"},"image":{"@id":"https:\/\/skyline-gs.com\/it\/#\/schema\/logo\/image\/"},"sameAs":["https:\/\/www.instagram.com\/skylineglobalservice\/"]}]}},"_links":{"self":[{"href":"https:\/\/skyline-gs.com\/pl\/wp-json\/wp\/v2\/product\/75001","targetHints":{"allow":["GET"]}}],"collection":[{"href":"https:\/\/skyline-gs.com\/pl\/wp-json\/wp\/v2\/product"}],"about":[{"href":"https:\/\/skyline-gs.com\/pl\/wp-json\/wp\/v2\/types\/product"}],"version-history":[{"count":0,"href":"https:\/\/skyline-gs.com\/pl\/wp-json\/wp\/v2\/product\/75001\/revisions"}],"wp:featuredmedia":[{"embeddable":true,"href":"https:\/\/skyline-gs.com\/pl\/wp-json\/wp\/v2\/media\/75005"}],"wp:attachment":[{"href":"https:\/\/skyline-gs.com\/pl\/wp-json\/wp\/v2\/media?parent=75001"}],"wp:term":[{"taxonomy":"product_brand","embeddable":true,"href":"https:\/\/skyline-gs.com\/pl\/wp-json\/wp\/v2\/product_brand?post=75001"},{"taxonomy":"product_cat","embeddable":true,"href":"https:\/\/skyline-gs.com\/pl\/wp-json\/wp\/v2\/product_cat?post=75001"},{"taxonomy":"product_tag","embeddable":true,"href":"https:\/\/skyline-gs.com\/pl\/wp-json\/wp\/v2\/product_tag?post=75001"}],"curies":[{"name":"wp","href":"https:\/\/api.w.org\/{rel}","templated":true}]}}