{"id":74901,"date":"2026-02-15T21:35:23","date_gmt":"2026-02-15T19:35:23","guid":{"rendered":"https:\/\/skyline-gs.com\/?post_type=product&#038;p=74901"},"modified":"2026-02-15T21:38:01","modified_gmt":"2026-02-15T19:38:01","slug":"yahta-tiger-do-9-chelovek","status":"publish","type":"product","link":"https:\/\/skyline-gs.com\/pl\/product\/yahta-tiger-do-9-chelovek\/","title":{"rendered":"Jacht Tiger (do 9 os\u00f3b)"},"content":{"rendered":"<div class=\"\">\n<div class=\"tour-schedule\">\n<p>Poczuj si\u0119 wyj\u0105tkowo podczas rejsu \u0142odzi\u0105 zorganizowanego specjalnie dla Ciebie i Twoich bliskich. Mo\u017cesz wybra\u0107 i zarezerwowa\u0107 jeden z 4 program\u00f3w:<\/p>\n<p><strong>Program 1: Wycieczka z delfinami, nurkowanie z rurk\u0105 i wyspa Abu Minkar<\/strong><\/p>\n<p>Przygoda \u017cycia czeka na Ciebie na wodach Morza Czerwonego. Podczas tej wycieczki wyruszysz na poszukiwanie delfin\u00f3w w ich naturalnym \u015brodowisku. Po ich znalezieniu b\u0119dziesz mia\u0142 okazj\u0119 obserwowa\u0107 je z bliska, a w sprzyjaj\u0105cych warunkach p\u0142ywa\u0107 obok nich (zgodnie ze wszystkimi przepisami dotycz\u0105cymi ochrony \u015brodowiska i bezpiecze\u0144stwa).<br \/>\nPo spotkaniu z delfinami jacht zatrzyma si\u0119 na snorkeling przy najlepszych rafach koralowych. Mo\u017cesz cieszy\u0107 si\u0119 kolorowym podwodnym \u015bwiatem i krystalicznie czyst\u0105 wod\u0105.<br \/>\nPo po\u0142udniu odwiedzisz wysp\u0119 Abu Minkar, malownicz\u0105 dzik\u0105 wysp\u0119 dost\u0119pn\u0105 tylko podczas prywatnej wycieczki. Tutaj mo\u017cna p\u0142ywa\u0107, opala\u0107 si\u0119 i cieszy\u0107 si\u0119 cisz\u0105 i przyrod\u0105.<br \/>\nPodczas wycieczki zorganizowany zostanie lunch w formie bufetu.<\/p>\n<p><strong>Program 2: Wycieczka na wysp\u0119: Orange Bay \/ Paradise Island \/ Eden Island + nurkowanie z rurk\u0105<\/strong><\/p>\n<p>Unikaj zat\u0142oczonych wycieczek grupowych i ciesz si\u0119 elastyczn\u0105 prywatn\u0105 wycieczk\u0105 na jedn\u0105 z najpi\u0119kniejszych wysp Hurghady: Orange Bay, Paradise Island lub now\u0105 Eden Island.<br \/>\nPo wakacjach na wyspie czekaj\u0105 na Ciebie dwa przystanki nurkowania z rurk\u0105 w najlepszych miejscach na Morzu Czerwonym. Ciesz si\u0119 krystalicznie czystymi, b\u0142\u0119kitnymi wodami, kolorowymi rafami koralowymi i r\u00f3\u017cnorodnym \u017cyciem morskim.<br \/>\nWycieczka obejmuje lunch na pok\u0142adzie.<br \/>\n<em><strong>Wst\u0119p na wyspy jest p\u0142atny oddzielnie: 10 \u20ac dla doros\u0142ych \/ 5 \u20ac dla dzieci.<\/strong><\/em><\/p>\n<p><strong>Program 3: Wycieczka nurkowa (1-2 nurkowania)<\/strong><\/p>\n<p>Zanurz si\u0119 w niesamowitym podwodnym \u015bwiecie Morza Czerwonego podczas 8-godzinnej prywatnej wycieczki nurkowej. Program jest odpowiedni zar\u00f3wno dla pocz\u0105tkuj\u0105cych, jak i do\u015bwiadczonych nurk\u00f3w.<br \/>\nWykonasz 1 lub 2 nurkowania w r\u00f3\u017cnych miejscach nurkowych, takich jak Abu Ramada, Small Giftun lub Umm Ghummar. Do\u015bwiadczony instruktor b\u0119dzie ci towarzyszy\u0142 i pomo\u017ce ci bezpiecznie odkry\u0107 ogrody koralowe i bogaty \u015bwiat morski.<br \/>\n<em><strong>Sprz\u0119t i prywatny instruktor s\u0105 dodatkowo p\u0142atne - 30 \u20ac za nurkowanie.<\/strong><\/em><\/p>\n<p><strong>Program 4: W\u0119dkowanie i nurkowanie z rurk\u0105<\/strong><\/p>\n<p>Sp\u0119d\u017a niezapomniany dzie\u0144 \u0142owi\u0105c ryby na Morzu Czerwonym. Kapitan i przewodnik zabior\u0105 Ci\u0119 do dw\u00f3ch r\u00f3\u017cnych miejsc po\u0142owowych.<br \/>\nNa pierwszym przystanku mo\u017cna zarzuci\u0107 sprz\u0119t i z pomoc\u0105 przewodnika spr\u00f3bowa\u0107 z\u0142owi\u0107 du\u017c\u0105 ryb\u0119. \u015awie\u017cy po\u0142\u00f3w mo\u017cna grillowa\u0107 na pok\u0142adzie na lunch lub wybra\u0107 inne dania oferowane przez za\u0142og\u0119.<br \/>\nW drugiej lokalizacji mo\u017cna kontynuowa\u0107 w\u0119dkowanie lub nurkowanie z rurk\u0105 w czystych wodach Morza Czerwonego.<\/p>\n<p><strong>W zestawie:<\/strong><\/p>\n<ul>\n<li>Sprz\u0119t do nurkowania<\/li>\n<li>Spersonalizowany przewodnik nurkowania z rurk\u0105<\/li>\n<li>Przystawki<\/li>\n<li>Napoje<\/li>\n<li>Lunch<\/li>\n<li>Owoce<\/li>\n<li>Wszystkie op\u0142aty i podatki<\/li>\n<li>Transfer z i do hotelu<\/li>\n<\/ul>\n<p><strong>Zabierz go ze sob\u0105:<\/strong><\/p>\n<ul>\n<li>kamera fotograficzna lub wideo<\/li>\n<li>Nakrycie g\u0142owy<\/li>\n<li>R\u0119cznik<\/li>\n<li>Kostium k\u0105pielowy \/ k\u0105piel\u00f3wki<\/li>\n<li>Filtr przeciws\u0142oneczny<\/li>\n<\/ul>\n<p><strong>Rezerwacje:<\/strong><br \/>\nW celu wydania zezwolenia turystycznego nale\u017cy przed\u0142o\u017cy\u0107 kserokopie paszport\u00f3w wszystkich uczestnik\u00f3w wycieczki, a tak\u017ce <strong>wp\u0142aci\u0107 zaliczk\u0119 w wysoko\u015bci 50$<\/strong>.<\/p>\n<\/div>\n<\/div>","protected":false},"excerpt":{"rendered":"<p><strong>D\u0142ugo\u015b\u0107 najmu:<\/strong> dzie\u0144<\/p>\n<p><strong>Pojemno\u015b\u0107: <\/strong>9 os\u00f3b<\/p>","protected":false},"featured_media":74905,"template":"","meta":{"_kad_post_transparent":"default","_kad_post_title":"","_kad_post_layout":"default","_kad_post_sidebar_id":"","_kad_post_content_style":"default","_kad_post_vertical_padding":"default","_kad_post_feature":"","_kad_post_feature_position":"","_kad_post_header":false,"_kad_post_footer":false,"_kad_post_classname":"","_glsr_average":0,"_glsr_ranking":0,"_glsr_reviews":0},"product_brand":[],"product_cat":[481],"product_tag":[],"class_list":{"0":"post-74901","1":"product","2":"type-product","3":"status-publish","4":"has-post-thumbnail","6":"product_cat-hurghada-yachts","7":"tm-has-options","9":"first","10":"instock","11":"sold-individually","12":"taxable","13":"shipping-taxable","14":"purchasable","15":"product-type-simple","16":"entry","17":"content-bg","18":"loop-entry"},"yoast_head":"<!-- This site is optimized with the Yoast SEO plugin v27.3 - https:\/\/yoast.com\/product\/yoast-seo-wordpress\/ -->\n<title>\u042f\u0445\u0442\u0430 Tiger (\u0434\u043e 9 \u0447\u0435\u043b\u043e\u0432\u0435\u043a) &#8226; \u042d\u043a\u0441\u043a\u0443\u0440\u0441\u0438\u0438 Skyline<\/title>\n<meta name=\"robots\" content=\"index, follow, max-snippet:-1, max-image-preview:large, max-video-preview:-1\" \/>\n<link rel=\"canonical\" href=\"https:\/\/skyline-gs.com\/pl\/produkt\/yahta-tiger-do-9-chelovek\/\" \/>\n<meta property=\"og:locale\" content=\"pl_PL\" \/>\n<meta property=\"og:type\" content=\"article\" \/>\n<meta property=\"og:title\" content=\"\u042f\u0445\u0442\u0430 Tiger (\u0434\u043e 9 \u0447\u0435\u043b\u043e\u0432\u0435\u043a) &#8226; \u042d\u043a\u0441\u043a\u0443\u0440\u0441\u0438\u0438 Skyline\" \/>\n<meta property=\"og:description\" content=\"\u0414\u043b\u0438\u0442\u0435\u043b\u044c\u043d\u043e\u0441\u0442\u044c \u0430\u0440\u0435\u043d\u0434\u044b: \u0434\u0435\u043d\u044c  \u0412\u043c\u0435\u0441\u0442\u0438\u0442\u0435\u043b\u044c\u043d\u043e\u0441\u0442\u044c: 9\u00a0\u0447\u0435\u043b\u043e\u0432\u0435\u043a\" \/>\n<meta property=\"og:url\" content=\"https:\/\/skyline-gs.com\/pl\/produkt\/yahta-tiger-do-9-chelovek\/\" \/>\n<meta property=\"og:site_name\" content=\"\u042d\u043a\u0441\u043a\u0443\u0440\u0441\u0438\u0438 Skyline\" \/>\n<meta property=\"article:modified_time\" content=\"2026-02-15T19:38:01+00:00\" \/>\n<meta property=\"og:image\" content=\"https:\/\/skyline-gs.com\/wp-content\/uploads\/2024\/08\/LoGo777.png\" \/>\n\t<meta property=\"og:image:width\" content=\"1080\" \/>\n\t<meta property=\"og:image:height\" content=\"1080\" \/>\n\t<meta property=\"og:image:type\" content=\"image\/png\" \/>\n<meta name=\"twitter:card\" content=\"summary_large_image\" \/>\n<meta name=\"twitter:label1\" content=\"Szacowany czas czytania\" \/>\n\t<meta name=\"twitter:data1\" content=\"3 minuty\" \/>\n<script type=\"application\/ld+json\" class=\"yoast-schema-graph\">{\"@context\":\"https:\\\/\\\/schema.org\",\"@graph\":[{\"@type\":\"WebPage\",\"@id\":\"https:\\\/\\\/skyline-gs.com\\\/product\\\/yahta-tiger-do-9-chelovek\\\/\",\"url\":\"https:\\\/\\\/skyline-gs.com\\\/product\\\/yahta-tiger-do-9-chelovek\\\/\",\"name\":\"\u042f\u0445\u0442\u0430 Tiger (\u0434\u043e 9 \u0447\u0435\u043b\u043e\u0432\u0435\u043a) &#8226; \u042d\u043a\u0441\u043a\u0443\u0440\u0441\u0438\u0438 Skyline\",\"isPartOf\":{\"@id\":\"https:\\\/\\\/skyline-gs.com\\\/it\\\/#website\"},\"primaryImageOfPage\":{\"@id\":\"https:\\\/\\\/skyline-gs.com\\\/product\\\/yahta-tiger-do-9-chelovek\\\/#primaryimage\"},\"image\":{\"@id\":\"https:\\\/\\\/skyline-gs.com\\\/product\\\/yahta-tiger-do-9-chelovek\\\/#primaryimage\"},\"thumbnailUrl\":\"https:\\\/\\\/skyline-gs.com\\\/wp-content\\\/uploads\\\/2026\\\/02\\\/602f36_1570429ebfce404e88e40a47c80c752amv2.jpg.avif\",\"datePublished\":\"2026-02-15T19:35:23+00:00\",\"dateModified\":\"2026-02-15T19:38:01+00:00\",\"breadcrumb\":{\"@id\":\"https:\\\/\\\/skyline-gs.com\\\/product\\\/yahta-tiger-do-9-chelovek\\\/#breadcrumb\"},\"inLanguage\":\"pl-PL\",\"potentialAction\":[{\"@type\":\"ReadAction\",\"target\":[\"https:\\\/\\\/skyline-gs.com\\\/product\\\/yahta-tiger-do-9-chelovek\\\/\"]}]},{\"@type\":\"ImageObject\",\"inLanguage\":\"pl-PL\",\"@id\":\"https:\\\/\\\/skyline-gs.com\\\/product\\\/yahta-tiger-do-9-chelovek\\\/#primaryimage\",\"url\":\"https:\\\/\\\/skyline-gs.com\\\/wp-content\\\/uploads\\\/2026\\\/02\\\/602f36_1570429ebfce404e88e40a47c80c752amv2.jpg.avif\",\"contentUrl\":\"https:\\\/\\\/skyline-gs.com\\\/wp-content\\\/uploads\\\/2026\\\/02\\\/602f36_1570429ebfce404e88e40a47c80c752amv2.jpg.avif\",\"width\":1576,\"height\":982},{\"@type\":\"BreadcrumbList\",\"@id\":\"https:\\\/\\\/skyline-gs.com\\\/product\\\/yahta-tiger-do-9-chelovek\\\/#breadcrumb\",\"itemListElement\":[{\"@type\":\"ListItem\",\"position\":1,\"name\":\"\u0413\u043b\u0430\u0432\u043d\u0430\u044f \u0441\u0442\u0440\u0430\u043d\u0438\u0446\u0430\",\"item\":\"https:\\\/\\\/skyline-gs.com\\\/hu\\\/\"},{\"@type\":\"ListItem\",\"position\":2,\"name\":\"\u041c\u0430\u0433\u0430\u0437\u0438\u043d\",\"item\":\"https:\\\/\\\/skyline-gs.com\\\/cs\\\/shop\\\/\"},{\"@type\":\"ListItem\",\"position\":3,\"name\":\"\u042f\u0445\u0442\u0430 Tiger (\u0434\u043e 9 \u0447\u0435\u043b\u043e\u0432\u0435\u043a)\"}]},{\"@type\":\"WebSite\",\"@id\":\"https:\\\/\\\/skyline-gs.com\\\/it\\\/#website\",\"url\":\"https:\\\/\\\/skyline-gs.com\\\/it\\\/\",\"name\":\"\u042d\u043a\u0441\u043a\u0443\u0440\u0441\u0438\u0438 Skyline\",\"description\":\"\u042d\u043a\u0441\u043a\u043b\u044e\u0437\u0438\u0432\u043d\u044b\u0435 \u044d\u043a\u0441\u043a\u0443\u0440\u0441\u0438\u0438 \u043d\u0430 \u043b\u0443\u0447\u0448\u0438\u0445 \u043a\u0443\u0440\u043e\u0440\u0442\u0430\u0445 \u043c\u0438\u0440\u0430\",\"publisher\":{\"@id\":\"https:\\\/\\\/skyline-gs.com\\\/it\\\/#organization\"},\"alternateName\":\"Skyline\",\"potentialAction\":[{\"@type\":\"SearchAction\",\"target\":{\"@type\":\"EntryPoint\",\"urlTemplate\":\"https:\\\/\\\/skyline-gs.com\\\/it\\\/?s={search_term_string}\"},\"query-input\":{\"@type\":\"PropertyValueSpecification\",\"valueRequired\":true,\"valueName\":\"search_term_string\"}}],\"inLanguage\":\"pl-PL\"},{\"@type\":\"Organization\",\"@id\":\"https:\\\/\\\/skyline-gs.com\\\/it\\\/#organization\",\"name\":\"\u042d\u043a\u0441\u043a\u0443\u0440\u0441\u0438\u0438 Skyline\",\"alternateName\":\"\u042d\u043a\u0441\u043a\u0443\u0440\u0441\u0438\u0438 Skyline\",\"url\":\"https:\\\/\\\/skyline-gs.com\\\/it\\\/\",\"logo\":{\"@type\":\"ImageObject\",\"inLanguage\":\"pl-PL\",\"@id\":\"https:\\\/\\\/skyline-gs.com\\\/it\\\/#\\\/schema\\\/logo\\\/image\\\/\",\"url\":\"https:\\\/\\\/skyline-gs.com\\\/wp-content\\\/uploads\\\/2020\\\/12\\\/cropped-logo-2.png\",\"contentUrl\":\"https:\\\/\\\/skyline-gs.com\\\/wp-content\\\/uploads\\\/2020\\\/12\\\/cropped-logo-2.png\",\"width\":512,\"height\":512,\"caption\":\"\u042d\u043a\u0441\u043a\u0443\u0440\u0441\u0438\u0438 Skyline\"},\"image\":{\"@id\":\"https:\\\/\\\/skyline-gs.com\\\/it\\\/#\\\/schema\\\/logo\\\/image\\\/\"},\"sameAs\":[\"https:\\\/\\\/www.instagram.com\\\/skylineglobalservice\\\/\"]}]}<\/script>\n<!-- \/ Yoast SEO plugin. -->","yoast_head_json":{"title":"\u042f\u0445\u0442\u0430 Tiger (\u0434\u043e 9 \u0447\u0435\u043b\u043e\u0432\u0435\u043a) &#8226; \u042d\u043a\u0441\u043a\u0443\u0440\u0441\u0438\u0438 Skyline","robots":{"index":"index","follow":"follow","max-snippet":"max-snippet:-1","max-image-preview":"max-image-preview:large","max-video-preview":"max-video-preview:-1"},"canonical":"https:\/\/skyline-gs.com\/pl\/produkt\/yahta-tiger-do-9-chelovek\/","og_locale":"pl_PL","og_type":"article","og_title":"\u042f\u0445\u0442\u0430 Tiger (\u0434\u043e 9 \u0447\u0435\u043b\u043e\u0432\u0435\u043a) &#8226; \u042d\u043a\u0441\u043a\u0443\u0440\u0441\u0438\u0438 Skyline","og_description":"\u0414\u043b\u0438\u0442\u0435\u043b\u044c\u043d\u043e\u0441\u0442\u044c \u0430\u0440\u0435\u043d\u0434\u044b: \u0434\u0435\u043d\u044c  \u0412\u043c\u0435\u0441\u0442\u0438\u0442\u0435\u043b\u044c\u043d\u043e\u0441\u0442\u044c: 9\u00a0\u0447\u0435\u043b\u043e\u0432\u0435\u043a","og_url":"https:\/\/skyline-gs.com\/pl\/produkt\/yahta-tiger-do-9-chelovek\/","og_site_name":"\u042d\u043a\u0441\u043a\u0443\u0440\u0441\u0438\u0438 Skyline","article_modified_time":"2026-02-15T19:38:01+00:00","og_image":[{"width":1080,"height":1080,"url":"https:\/\/skyline-gs.com\/wp-content\/uploads\/2024\/08\/LoGo777.png","type":"image\/png"}],"twitter_card":"summary_large_image","twitter_misc":{"Szacowany czas czytania":"3 minuty"},"schema":{"@context":"https:\/\/schema.org","@graph":[{"@type":"WebPage","@id":"https:\/\/skyline-gs.com\/product\/yahta-tiger-do-9-chelovek\/","url":"https:\/\/skyline-gs.com\/product\/yahta-tiger-do-9-chelovek\/","name":"\u042f\u0445\u0442\u0430 Tiger (\u0434\u043e 9 \u0447\u0435\u043b\u043e\u0432\u0435\u043a) &#8226; \u042d\u043a\u0441\u043a\u0443\u0440\u0441\u0438\u0438 Skyline","isPartOf":{"@id":"https:\/\/skyline-gs.com\/it\/#website"},"primaryImageOfPage":{"@id":"https:\/\/skyline-gs.com\/product\/yahta-tiger-do-9-chelovek\/#primaryimage"},"image":{"@id":"https:\/\/skyline-gs.com\/product\/yahta-tiger-do-9-chelovek\/#primaryimage"},"thumbnailUrl":"https:\/\/skyline-gs.com\/wp-content\/uploads\/2026\/02\/602f36_1570429ebfce404e88e40a47c80c752amv2.jpg.avif","datePublished":"2026-02-15T19:35:23+00:00","dateModified":"2026-02-15T19:38:01+00:00","breadcrumb":{"@id":"https:\/\/skyline-gs.com\/product\/yahta-tiger-do-9-chelovek\/#breadcrumb"},"inLanguage":"pl-PL","potentialAction":[{"@type":"ReadAction","target":["https:\/\/skyline-gs.com\/product\/yahta-tiger-do-9-chelovek\/"]}]},{"@type":"ImageObject","inLanguage":"pl-PL","@id":"https:\/\/skyline-gs.com\/product\/yahta-tiger-do-9-chelovek\/#primaryimage","url":"https:\/\/skyline-gs.com\/wp-content\/uploads\/2026\/02\/602f36_1570429ebfce404e88e40a47c80c752amv2.jpg.avif","contentUrl":"https:\/\/skyline-gs.com\/wp-content\/uploads\/2026\/02\/602f36_1570429ebfce404e88e40a47c80c752amv2.jpg.avif","width":1576,"height":982},{"@type":"BreadcrumbList","@id":"https:\/\/skyline-gs.com\/product\/yahta-tiger-do-9-chelovek\/#breadcrumb","itemListElement":[{"@type":"ListItem","position":1,"name":"\u0413\u043b\u0430\u0432\u043d\u0430\u044f \u0441\u0442\u0440\u0430\u043d\u0438\u0446\u0430","item":"https:\/\/skyline-gs.com\/hu\/"},{"@type":"ListItem","position":2,"name":"\u041c\u0430\u0433\u0430\u0437\u0438\u043d","item":"https:\/\/skyline-gs.com\/cs\/shop\/"},{"@type":"ListItem","position":3,"name":"\u042f\u0445\u0442\u0430 Tiger (\u0434\u043e 9 \u0447\u0435\u043b\u043e\u0432\u0435\u043a)"}]},{"@type":"WebSite","@id":"https:\/\/skyline-gs.com\/it\/#website","url":"https:\/\/skyline-gs.com\/it\/","name":"Wycieczki Skyline","description":"Ekskluzywne wycieczki do najlepszych kurort\u00f3w na \u015bwiecie","publisher":{"@id":"https:\/\/skyline-gs.com\/it\/#organization"},"alternateName":"Skyline","potentialAction":[{"@type":"SearchAction","target":{"@type":"EntryPoint","urlTemplate":"https:\/\/skyline-gs.com\/it\/?s={search_term_string}"},"query-input":{"@type":"PropertyValueSpecification","valueRequired":true,"valueName":"search_term_string"}}],"inLanguage":"pl-PL"},{"@type":"Organization","@id":"https:\/\/skyline-gs.com\/it\/#organization","name":"Wycieczki Skyline","alternateName":"\u042d\u043a\u0441\u043a\u0443\u0440\u0441\u0438\u0438 Skyline","url":"https:\/\/skyline-gs.com\/it\/","logo":{"@type":"ImageObject","inLanguage":"pl-PL","@id":"https:\/\/skyline-gs.com\/it\/#\/schema\/logo\/image\/","url":"https:\/\/skyline-gs.com\/wp-content\/uploads\/2020\/12\/cropped-logo-2.png","contentUrl":"https:\/\/skyline-gs.com\/wp-content\/uploads\/2020\/12\/cropped-logo-2.png","width":512,"height":512,"caption":"\u042d\u043a\u0441\u043a\u0443\u0440\u0441\u0438\u0438 Skyline"},"image":{"@id":"https:\/\/skyline-gs.com\/it\/#\/schema\/logo\/image\/"},"sameAs":["https:\/\/www.instagram.com\/skylineglobalservice\/"]}]}},"_links":{"self":[{"href":"https:\/\/skyline-gs.com\/pl\/wp-json\/wp\/v2\/product\/74901","targetHints":{"allow":["GET"]}}],"collection":[{"href":"https:\/\/skyline-gs.com\/pl\/wp-json\/wp\/v2\/product"}],"about":[{"href":"https:\/\/skyline-gs.com\/pl\/wp-json\/wp\/v2\/types\/product"}],"version-history":[{"count":0,"href":"https:\/\/skyline-gs.com\/pl\/wp-json\/wp\/v2\/product\/74901\/revisions"}],"wp:featuredmedia":[{"embeddable":true,"href":"https:\/\/skyline-gs.com\/pl\/wp-json\/wp\/v2\/media\/74905"}],"wp:attachment":[{"href":"https:\/\/skyline-gs.com\/pl\/wp-json\/wp\/v2\/media?parent=74901"}],"wp:term":[{"taxonomy":"product_brand","embeddable":true,"href":"https:\/\/skyline-gs.com\/pl\/wp-json\/wp\/v2\/product_brand?post=74901"},{"taxonomy":"product_cat","embeddable":true,"href":"https:\/\/skyline-gs.com\/pl\/wp-json\/wp\/v2\/product_cat?post=74901"},{"taxonomy":"product_tag","embeddable":true,"href":"https:\/\/skyline-gs.com\/pl\/wp-json\/wp\/v2\/product_tag?post=74901"}],"curies":[{"name":"wp","href":"https:\/\/api.w.org\/{rel}","templated":true}]}}