{"id":74728,"date":"2026-02-05T19:23:59","date_gmt":"2026-02-05T17:23:59","guid":{"rendered":"https:\/\/skyline-gs.com\/?post_type=product&#038;p=74728"},"modified":"2026-02-10T01:46:23","modified_gmt":"2026-02-09T23:46:23","slug":"luksor-iz-hurgady-mini-gruppa","status":"publish","type":"product","link":"https:\/\/skyline-gs.com\/pl\/product\/luksor-iz-hurgady-mini-gruppa\/","title":{"rendered":"Luksor z Hurghady (minigrupa)"},"content":{"rendered":"<p>Wymeldowanie z hotelu o 4:30 rano. Podr\u00f3\u017c w jedn\u0105 stron\u0119 zajmie oko\u0142o 4,5 godziny. 8:30 Przyjazd do Doliny Nilu i zobaczenie prawdziwego \u017cycia Egiptu. 9:30 przyjazd do Luksoru. Po przybyciu do Luksoru rozpoczyna si\u0119 pierwsza cz\u0119\u015b\u0107 programu \u00abMiasto \u017bywych\u00bb, kt\u00f3re znajduje si\u0119 na wschodnim brzegu Nilu. Zwiedzanie \u015bwi\u0105tyni Karnak, kt\u00f3ra jest najwi\u0119ksz\u0105 konstrukcj\u0105 architektoniczn\u0105 staro\u017cytnego \u015bwiata i jednym z najwi\u0119kszych kompleks\u00f3w \u015bwi\u0105tynnych na \u015bwiecie. \u015awi\u0105tynia w Karnaku nie zosta\u0142a zbudowana przez jednego faraona ani nawet jedn\u0105 dynasti\u0119, oko\u0142o 30 faraon\u00f3w przyczyni\u0142o si\u0119 do powstania kompleksu, dodaj\u0105c \u015bwi\u0105tynie, pylony, kaplice i obeliski po\u015bwi\u0119cone bogom Teb. \u015awi\u0105tynia w Karnaku sk\u0142ada si\u0119 z trzech du\u017cych budowli i kilku mniejszych \u015bwi\u0105ty\u0144 w obr\u0119bie g\u0142\u00f3wnego obszaru. Lunch w restauracji bufetowej (napoje nie s\u0105 wliczone w cen\u0119).<\/p>\n<p>Nast\u0119pnie rejs \u0142odzi\u0105 po Nilu na zachodni brzeg do Miasta Umar\u0142ych, gdzie odb\u0119dzie si\u0119 druga cz\u0119\u015b\u0107 programu. Zwiedzanie zachodniego brzegu i Doliny Umar\u0142ych. Najpierw powitaj\u0105 Ci\u0119 Kolosy Memnona, dwa ogromne pos\u0105gi o wysoko\u015bci 18 metr\u00f3w i wadze ponad 700 ton ka\u017cdy. Przejazd przez Dolin\u0119 Umar\u0142ych i wizyta w \u015bwi\u0105tyni kr\u00f3lowej faraona Hatszepsut. G\u0142\u00f3wn\u0105 cech\u0105 architektoniczn\u0105 tej monumentalnej budowli s\u0105 3 tarasy u\u0142o\u017cone jeden nad drugim, z kt\u00f3rych ka\u017cdy mie\u015bci otwarty dziedziniec, zadaszone pomieszczenia z pilastrami i sanktuaria ukryte w g\u0142\u0119bi g\u00f3ry. Hatszepsut jest jedn\u0105 z najbardziej znanych postaci w historii staro\u017cytnego Egiptu. Historia staro\u017cytnego Egiptu okre\u015bla j\u0105 mianem \u017belaznego W\u0142adcy. Wizyta w Dolinie Kr\u00f3l\u00f3w, skalistym w\u0105wozie w Egipcie, gdzie w okresie Nowego Pa\u0144stwa zbudowano grobowce dla faraon\u00f3w i wielu ich wysokich rang\u0105 urz\u0119dnik\u00f3w i krewnych. W czasach wsp\u00f3\u0142czesnych Dolina Kr\u00f3l\u00f3w sta\u0142a si\u0119 popularna ze wzgl\u0119du na odkrycie grobowca faraona Tutanchamona. \u0141\u0105czna liczba grobowc\u00f3w w Dolinie Kr\u00f3l\u00f3w wynosi ponad 60. Nast\u0119pnie odb\u0119dziesz spacer wzd\u0142u\u017c Nilu z wizyt\u0105 na Wyspie Bananowej (opcjonalnie za dodatkow\u0105 op\u0142at\u0105 - 10$). Koniec wycieczki i podr\u00f3\u017c powrotna. 22:00 Powr\u00f3t do hotelu.<\/p>\n<p><strong>W zestawie:<\/strong><\/p>\n<ul>\n<li>Transfer z i do hotelu<\/li>\n<li>Transfery programowe w nowoczesnym klimatyzowanym autokarze z klimatyzacj\u0105 i toaletami<\/li>\n<li>Rosyjskoj\u0119zyczny przewodnik egiptolog<\/li>\n<li>Bilety wst\u0119pu<\/li>\n<li>Wizyta w Dolinie Kr\u00f3l\u00f3w<\/li>\n<li>Lunch w restauracji w Luksorze<\/li>\n<\/ul>\n<p><strong>Brak w zestawie:<\/strong><\/p>\n<ul>\n<li>Napoje podczas lunchu<\/li>\n<li>Wizyta na wyspie Banana +10$ (opcjonalnie, p\u0142atne na miejscu)<\/li>\n<li>Transfery z hoteli krajowych: El Gouna i Sahl Hasheesh za dop\u0142at\u0105 +$10 w obie strony (za samoch\u00f3d do 6 os\u00f3b).<\/li>\n<li>Transfery z hoteli krajowych: Soma Bay Kempinski i Sheraton za dodatkow\u0105 op\u0142at\u0105 +$15 w obie strony (za samoch\u00f3d do 6 os\u00f3b).<\/li>\n<\/ul>\n<p><strong>Zabierz go ze sob\u0105:<\/strong><\/p>\n<ul>\n<li>Paszport<\/li>\n<li>Nakrycie g\u0142owy<\/li>\n<li>Pieni\u0105dze na wydatki osobiste i pami\u0105tki<\/li>\n<li>Produkty higieny osobistej<\/li>\n<li>Woda pitna<\/li>\n<li>Poranna przek\u0105ska (w recepcji hotelu nale\u017cy wyja\u015bni\u0107, \u017ce wyje\u017cd\u017ca si\u0119 wcze\u015bnie rano na wycieczk\u0119 i trzeba przygotowa\u0107 lunch box, hotele zapewni\u0105 t\u0119 us\u0142ug\u0119 bezp\u0142atnie)<\/li>\n<li>Wygodne buty<\/li>\n<li>Ciep\u0142e ubrania na podr\u00f3\u017c (zim\u0105)<\/li>\n<\/ul>","protected":false},"excerpt":{"rendered":"<p><strong>Czas wycieczki:<\/strong> 4:30 \u2014 22:00<\/p>\n<p><strong>Holding Days:\u00a0<\/strong>Niedziela, wtorek, pi\u0105tek<\/p>","protected":false},"featured_media":74730,"template":"","meta":{"_kad_post_transparent":"default","_kad_post_title":"","_kad_post_layout":"default","_kad_post_sidebar_id":"","_kad_post_content_style":"default","_kad_post_vertical_padding":"default","_kad_post_feature":"","_kad_post_feature_position":"","_kad_post_header":false,"_kad_post_footer":false,"_kad_post_classname":"","_glsr_average":0,"_glsr_ranking":0,"_glsr_reviews":0},"product_brand":[],"product_cat":[479],"product_tag":[],"class_list":{"0":"post-74728","1":"product","2":"type-product","3":"status-publish","4":"has-post-thumbnail","6":"product_cat-hurghadatours","7":"tm-has-options","9":"first","10":"instock","11":"sold-individually","12":"taxable","13":"shipping-taxable","14":"purchasable","15":"product-type-simple","16":"entry","17":"content-bg","18":"loop-entry"},"yoast_head":"<!-- This site is optimized with the Yoast SEO plugin v27.3 - https:\/\/yoast.com\/product\/yoast-seo-wordpress\/ -->\n<title>\u041b\u0443\u043a\u0441\u043e\u0440 \u0438\u0437 \u0425\u0443\u0440\u0433\u0430\u0434\u044b (\u043c\u0438\u043d\u0438-\u0433\u0440\u0443\u043f\u043f\u0430) &#8226; \u042d\u043a\u0441\u043a\u0443\u0440\u0441\u0438\u0438 Skyline<\/title>\n<meta name=\"robots\" content=\"index, follow, max-snippet:-1, max-image-preview:large, max-video-preview:-1\" \/>\n<link rel=\"canonical\" href=\"https:\/\/skyline-gs.com\/pl\/produkt\/luksor-iz-hurgady-mini-gruppa\/\" \/>\n<meta property=\"og:locale\" content=\"pl_PL\" \/>\n<meta property=\"og:type\" content=\"article\" \/>\n<meta property=\"og:title\" content=\"\u041b\u0443\u043a\u0441\u043e\u0440 \u0438\u0437 \u0425\u0443\u0440\u0433\u0430\u0434\u044b (\u043c\u0438\u043d\u0438-\u0433\u0440\u0443\u043f\u043f\u0430) &#8226; \u042d\u043a\u0441\u043a\u0443\u0440\u0441\u0438\u0438 Skyline\" \/>\n<meta property=\"og:description\" content=\"\u0412\u0440\u0435\u043c\u044f \u0442\u0443\u0440\u0430: 4:30 \u2014 22:00  \u0414\u043d\u0438 \u043f\u0440\u043e\u0432\u0435\u0434\u0435\u043d\u0438\u044f:\u00a0\u0412\u043e\u0441\u043a\u0440\u0435\u0441\u0435\u043d\u044c\u0435, \u0412\u0442\u043e\u0440\u043d\u0438\u043a, \u041f\u044f\u0442\u043d\u0438\u0446\u0430\" \/>\n<meta property=\"og:url\" content=\"https:\/\/skyline-gs.com\/pl\/produkt\/luksor-iz-hurgady-mini-gruppa\/\" \/>\n<meta property=\"og:site_name\" content=\"\u042d\u043a\u0441\u043a\u0443\u0440\u0441\u0438\u0438 Skyline\" \/>\n<meta property=\"article:modified_time\" content=\"2026-02-09T23:46:23+00:00\" \/>\n<meta property=\"og:image\" content=\"https:\/\/skyline-gs.com\/wp-content\/uploads\/2026\/02\/62-1.jpg\" \/>\n\t<meta property=\"og:image:width\" content=\"669\" \/>\n\t<meta property=\"og:image:height\" content=\"446\" \/>\n\t<meta property=\"og:image:type\" content=\"image\/jpeg\" \/>\n<meta name=\"twitter:card\" content=\"summary_large_image\" \/>\n<meta name=\"twitter:label1\" content=\"Szacowany czas czytania\" \/>\n\t<meta name=\"twitter:data1\" content=\"3 minuty\" \/>\n<script type=\"application\/ld+json\" class=\"yoast-schema-graph\">{\"@context\":\"https:\\\/\\\/schema.org\",\"@graph\":[{\"@type\":\"WebPage\",\"@id\":\"https:\\\/\\\/skyline-gs.com\\\/product\\\/luksor-iz-hurgady-mini-gruppa\\\/\",\"url\":\"https:\\\/\\\/skyline-gs.com\\\/product\\\/luksor-iz-hurgady-mini-gruppa\\\/\",\"name\":\"\u041b\u0443\u043a\u0441\u043e\u0440 \u0438\u0437 \u0425\u0443\u0440\u0433\u0430\u0434\u044b (\u043c\u0438\u043d\u0438-\u0433\u0440\u0443\u043f\u043f\u0430) &#8226; \u042d\u043a\u0441\u043a\u0443\u0440\u0441\u0438\u0438 Skyline\",\"isPartOf\":{\"@id\":\"https:\\\/\\\/skyline-gs.com\\\/it\\\/#website\"},\"primaryImageOfPage\":{\"@id\":\"https:\\\/\\\/skyline-gs.com\\\/product\\\/luksor-iz-hurgady-mini-gruppa\\\/#primaryimage\"},\"image\":{\"@id\":\"https:\\\/\\\/skyline-gs.com\\\/product\\\/luksor-iz-hurgady-mini-gruppa\\\/#primaryimage\"},\"thumbnailUrl\":\"https:\\\/\\\/skyline-gs.com\\\/wp-content\\\/uploads\\\/2026\\\/02\\\/62-1.jpg\",\"datePublished\":\"2026-02-05T17:23:59+00:00\",\"dateModified\":\"2026-02-09T23:46:23+00:00\",\"breadcrumb\":{\"@id\":\"https:\\\/\\\/skyline-gs.com\\\/product\\\/luksor-iz-hurgady-mini-gruppa\\\/#breadcrumb\"},\"inLanguage\":\"pl-PL\",\"potentialAction\":[{\"@type\":\"ReadAction\",\"target\":[\"https:\\\/\\\/skyline-gs.com\\\/product\\\/luksor-iz-hurgady-mini-gruppa\\\/\"]}]},{\"@type\":\"ImageObject\",\"inLanguage\":\"pl-PL\",\"@id\":\"https:\\\/\\\/skyline-gs.com\\\/product\\\/luksor-iz-hurgady-mini-gruppa\\\/#primaryimage\",\"url\":\"https:\\\/\\\/skyline-gs.com\\\/wp-content\\\/uploads\\\/2026\\\/02\\\/62-1.jpg\",\"contentUrl\":\"https:\\\/\\\/skyline-gs.com\\\/wp-content\\\/uploads\\\/2026\\\/02\\\/62-1.jpg\",\"width\":669,\"height\":446},{\"@type\":\"BreadcrumbList\",\"@id\":\"https:\\\/\\\/skyline-gs.com\\\/product\\\/luksor-iz-hurgady-mini-gruppa\\\/#breadcrumb\",\"itemListElement\":[{\"@type\":\"ListItem\",\"position\":1,\"name\":\"\u0413\u043b\u0430\u0432\u043d\u0430\u044f \u0441\u0442\u0440\u0430\u043d\u0438\u0446\u0430\",\"item\":\"https:\\\/\\\/skyline-gs.com\\\/hu\\\/\"},{\"@type\":\"ListItem\",\"position\":2,\"name\":\"\u041c\u0430\u0433\u0430\u0437\u0438\u043d\",\"item\":\"https:\\\/\\\/skyline-gs.com\\\/cs\\\/shop\\\/\"},{\"@type\":\"ListItem\",\"position\":3,\"name\":\"\u041b\u0443\u043a\u0441\u043e\u0440 \u0438\u0437 \u0425\u0443\u0440\u0433\u0430\u0434\u044b (\u043c\u0438\u043d\u0438-\u0433\u0440\u0443\u043f\u043f\u0430)\"}]},{\"@type\":\"WebSite\",\"@id\":\"https:\\\/\\\/skyline-gs.com\\\/it\\\/#website\",\"url\":\"https:\\\/\\\/skyline-gs.com\\\/it\\\/\",\"name\":\"\u042d\u043a\u0441\u043a\u0443\u0440\u0441\u0438\u0438 Skyline\",\"description\":\"\u042d\u043a\u0441\u043a\u043b\u044e\u0437\u0438\u0432\u043d\u044b\u0435 \u044d\u043a\u0441\u043a\u0443\u0440\u0441\u0438\u0438 \u043d\u0430 \u043b\u0443\u0447\u0448\u0438\u0445 \u043a\u0443\u0440\u043e\u0440\u0442\u0430\u0445 \u043c\u0438\u0440\u0430\",\"publisher\":{\"@id\":\"https:\\\/\\\/skyline-gs.com\\\/it\\\/#organization\"},\"alternateName\":\"Skyline\",\"potentialAction\":[{\"@type\":\"SearchAction\",\"target\":{\"@type\":\"EntryPoint\",\"urlTemplate\":\"https:\\\/\\\/skyline-gs.com\\\/it\\\/?s={search_term_string}\"},\"query-input\":{\"@type\":\"PropertyValueSpecification\",\"valueRequired\":true,\"valueName\":\"search_term_string\"}}],\"inLanguage\":\"pl-PL\"},{\"@type\":\"Organization\",\"@id\":\"https:\\\/\\\/skyline-gs.com\\\/it\\\/#organization\",\"name\":\"\u042d\u043a\u0441\u043a\u0443\u0440\u0441\u0438\u0438 Skyline\",\"alternateName\":\"\u042d\u043a\u0441\u043a\u0443\u0440\u0441\u0438\u0438 Skyline\",\"url\":\"https:\\\/\\\/skyline-gs.com\\\/it\\\/\",\"logo\":{\"@type\":\"ImageObject\",\"inLanguage\":\"pl-PL\",\"@id\":\"https:\\\/\\\/skyline-gs.com\\\/it\\\/#\\\/schema\\\/logo\\\/image\\\/\",\"url\":\"https:\\\/\\\/skyline-gs.com\\\/wp-content\\\/uploads\\\/2020\\\/12\\\/cropped-logo-2.png\",\"contentUrl\":\"https:\\\/\\\/skyline-gs.com\\\/wp-content\\\/uploads\\\/2020\\\/12\\\/cropped-logo-2.png\",\"width\":512,\"height\":512,\"caption\":\"\u042d\u043a\u0441\u043a\u0443\u0440\u0441\u0438\u0438 Skyline\"},\"image\":{\"@id\":\"https:\\\/\\\/skyline-gs.com\\\/it\\\/#\\\/schema\\\/logo\\\/image\\\/\"},\"sameAs\":[\"https:\\\/\\\/www.instagram.com\\\/skylineglobalservice\\\/\"]}]}<\/script>\n<!-- \/ Yoast SEO plugin. -->","yoast_head_json":{"title":"\u041b\u0443\u043a\u0441\u043e\u0440 \u0438\u0437 \u0425\u0443\u0440\u0433\u0430\u0434\u044b (\u043c\u0438\u043d\u0438-\u0433\u0440\u0443\u043f\u043f\u0430) &#8226; \u042d\u043a\u0441\u043a\u0443\u0440\u0441\u0438\u0438 Skyline","robots":{"index":"index","follow":"follow","max-snippet":"max-snippet:-1","max-image-preview":"max-image-preview:large","max-video-preview":"max-video-preview:-1"},"canonical":"https:\/\/skyline-gs.com\/pl\/produkt\/luksor-iz-hurgady-mini-gruppa\/","og_locale":"pl_PL","og_type":"article","og_title":"\u041b\u0443\u043a\u0441\u043e\u0440 \u0438\u0437 \u0425\u0443\u0440\u0433\u0430\u0434\u044b (\u043c\u0438\u043d\u0438-\u0433\u0440\u0443\u043f\u043f\u0430) &#8226; \u042d\u043a\u0441\u043a\u0443\u0440\u0441\u0438\u0438 Skyline","og_description":"\u0412\u0440\u0435\u043c\u044f \u0442\u0443\u0440\u0430: 4:30 \u2014 22:00  \u0414\u043d\u0438 \u043f\u0440\u043e\u0432\u0435\u0434\u0435\u043d\u0438\u044f:\u00a0\u0412\u043e\u0441\u043a\u0440\u0435\u0441\u0435\u043d\u044c\u0435, \u0412\u0442\u043e\u0440\u043d\u0438\u043a, \u041f\u044f\u0442\u043d\u0438\u0446\u0430","og_url":"https:\/\/skyline-gs.com\/pl\/produkt\/luksor-iz-hurgady-mini-gruppa\/","og_site_name":"\u042d\u043a\u0441\u043a\u0443\u0440\u0441\u0438\u0438 Skyline","article_modified_time":"2026-02-09T23:46:23+00:00","og_image":[{"width":669,"height":446,"url":"https:\/\/skyline-gs.com\/wp-content\/uploads\/2026\/02\/62-1.jpg","type":"image\/jpeg"}],"twitter_card":"summary_large_image","twitter_misc":{"Szacowany czas czytania":"3 minuty"},"schema":{"@context":"https:\/\/schema.org","@graph":[{"@type":"WebPage","@id":"https:\/\/skyline-gs.com\/product\/luksor-iz-hurgady-mini-gruppa\/","url":"https:\/\/skyline-gs.com\/product\/luksor-iz-hurgady-mini-gruppa\/","name":"\u041b\u0443\u043a\u0441\u043e\u0440 \u0438\u0437 \u0425\u0443\u0440\u0433\u0430\u0434\u044b (\u043c\u0438\u043d\u0438-\u0433\u0440\u0443\u043f\u043f\u0430) &#8226; \u042d\u043a\u0441\u043a\u0443\u0440\u0441\u0438\u0438 Skyline","isPartOf":{"@id":"https:\/\/skyline-gs.com\/it\/#website"},"primaryImageOfPage":{"@id":"https:\/\/skyline-gs.com\/product\/luksor-iz-hurgady-mini-gruppa\/#primaryimage"},"image":{"@id":"https:\/\/skyline-gs.com\/product\/luksor-iz-hurgady-mini-gruppa\/#primaryimage"},"thumbnailUrl":"https:\/\/skyline-gs.com\/wp-content\/uploads\/2026\/02\/62-1.jpg","datePublished":"2026-02-05T17:23:59+00:00","dateModified":"2026-02-09T23:46:23+00:00","breadcrumb":{"@id":"https:\/\/skyline-gs.com\/product\/luksor-iz-hurgady-mini-gruppa\/#breadcrumb"},"inLanguage":"pl-PL","potentialAction":[{"@type":"ReadAction","target":["https:\/\/skyline-gs.com\/product\/luksor-iz-hurgady-mini-gruppa\/"]}]},{"@type":"ImageObject","inLanguage":"pl-PL","@id":"https:\/\/skyline-gs.com\/product\/luksor-iz-hurgady-mini-gruppa\/#primaryimage","url":"https:\/\/skyline-gs.com\/wp-content\/uploads\/2026\/02\/62-1.jpg","contentUrl":"https:\/\/skyline-gs.com\/wp-content\/uploads\/2026\/02\/62-1.jpg","width":669,"height":446},{"@type":"BreadcrumbList","@id":"https:\/\/skyline-gs.com\/product\/luksor-iz-hurgady-mini-gruppa\/#breadcrumb","itemListElement":[{"@type":"ListItem","position":1,"name":"\u0413\u043b\u0430\u0432\u043d\u0430\u044f \u0441\u0442\u0440\u0430\u043d\u0438\u0446\u0430","item":"https:\/\/skyline-gs.com\/hu\/"},{"@type":"ListItem","position":2,"name":"\u041c\u0430\u0433\u0430\u0437\u0438\u043d","item":"https:\/\/skyline-gs.com\/cs\/shop\/"},{"@type":"ListItem","position":3,"name":"\u041b\u0443\u043a\u0441\u043e\u0440 \u0438\u0437 \u0425\u0443\u0440\u0433\u0430\u0434\u044b (\u043c\u0438\u043d\u0438-\u0433\u0440\u0443\u043f\u043f\u0430)"}]},{"@type":"WebSite","@id":"https:\/\/skyline-gs.com\/it\/#website","url":"https:\/\/skyline-gs.com\/it\/","name":"Wycieczki Skyline","description":"Ekskluzywne wycieczki do najlepszych kurort\u00f3w na \u015bwiecie","publisher":{"@id":"https:\/\/skyline-gs.com\/it\/#organization"},"alternateName":"Skyline","potentialAction":[{"@type":"SearchAction","target":{"@type":"EntryPoint","urlTemplate":"https:\/\/skyline-gs.com\/it\/?s={search_term_string}"},"query-input":{"@type":"PropertyValueSpecification","valueRequired":true,"valueName":"search_term_string"}}],"inLanguage":"pl-PL"},{"@type":"Organization","@id":"https:\/\/skyline-gs.com\/it\/#organization","name":"Wycieczki Skyline","alternateName":"\u042d\u043a\u0441\u043a\u0443\u0440\u0441\u0438\u0438 Skyline","url":"https:\/\/skyline-gs.com\/it\/","logo":{"@type":"ImageObject","inLanguage":"pl-PL","@id":"https:\/\/skyline-gs.com\/it\/#\/schema\/logo\/image\/","url":"https:\/\/skyline-gs.com\/wp-content\/uploads\/2020\/12\/cropped-logo-2.png","contentUrl":"https:\/\/skyline-gs.com\/wp-content\/uploads\/2020\/12\/cropped-logo-2.png","width":512,"height":512,"caption":"\u042d\u043a\u0441\u043a\u0443\u0440\u0441\u0438\u0438 Skyline"},"image":{"@id":"https:\/\/skyline-gs.com\/it\/#\/schema\/logo\/image\/"},"sameAs":["https:\/\/www.instagram.com\/skylineglobalservice\/"]}]}},"_links":{"self":[{"href":"https:\/\/skyline-gs.com\/pl\/wp-json\/wp\/v2\/product\/74728","targetHints":{"allow":["GET"]}}],"collection":[{"href":"https:\/\/skyline-gs.com\/pl\/wp-json\/wp\/v2\/product"}],"about":[{"href":"https:\/\/skyline-gs.com\/pl\/wp-json\/wp\/v2\/types\/product"}],"version-history":[{"count":0,"href":"https:\/\/skyline-gs.com\/pl\/wp-json\/wp\/v2\/product\/74728\/revisions"}],"wp:featuredmedia":[{"embeddable":true,"href":"https:\/\/skyline-gs.com\/pl\/wp-json\/wp\/v2\/media\/74730"}],"wp:attachment":[{"href":"https:\/\/skyline-gs.com\/pl\/wp-json\/wp\/v2\/media?parent=74728"}],"wp:term":[{"taxonomy":"product_brand","embeddable":true,"href":"https:\/\/skyline-gs.com\/pl\/wp-json\/wp\/v2\/product_brand?post=74728"},{"taxonomy":"product_cat","embeddable":true,"href":"https:\/\/skyline-gs.com\/pl\/wp-json\/wp\/v2\/product_cat?post=74728"},{"taxonomy":"product_tag","embeddable":true,"href":"https:\/\/skyline-gs.com\/pl\/wp-json\/wp\/v2\/product_tag?post=74728"}],"curies":[{"name":"wp","href":"https:\/\/api.w.org\/{rel}","templated":true}]}}