{"id":74631,"date":"2026-01-29T15:24:25","date_gmt":"2026-01-29T13:24:25","guid":{"rendered":"https:\/\/skyline-gs.com\/?post_type=product&#038;p=74631"},"modified":"2026-04-21T00:31:05","modified_gmt":"2026-04-20T22:31:05","slug":"magawish-diving-hurghada","status":"publish","type":"product","link":"https:\/\/skyline-gs.com\/pl\/product\/magawish-diving-hurghada\/","title":{"rendered":"Wyspa Magawish z nurkowaniem"},"content":{"rendered":"<p>Wycieczka dla tych, kt\u00f3rzy chc\u0105 po\u0142\u0105czy\u0107 nurkowanie na \u017cywej rafie koralowej z relaksuj\u0105cymi wakacjami na jednej z najbardziej zacisznych wysp na Morzu Czerwonym. G\u0142\u00f3wn\u0105 cech\u0105 Magawish jest rafa koralowa obok wyspy i przestronna pla\u017ca bez zgie\u0142ku.<\/p>\n<p data-start=\"528\" data-end=\"591\"><strong>8:00 - Wyjazd z hotelu<\/strong>. Odbierzemy Ci\u0119 przy g\u0142\u00f3wnym wej\u015bciu do hotelu (w pobli\u017cu szlabanu) o okre\u015blonej godzinie.<\/p>\n<ul>\n<li data-start=\"528\" data-end=\"591\">Transfer do portu, wej\u015bcie na pok\u0142ad jachtu.<\/li>\n<li data-start=\"528\" data-end=\"591\"><strong data-start=\"593\" data-end=\"617\">Nurkowanie i snorkeling.\u00a0<\/strong>Post\u00f3j na rafach koralowych. Jedno nurkowanie z instruktorem dla nurk\u00f3w oraz snorkeling z mask\u0105 i p\u0142etwami. Rafy charakteryzuj\u0105 si\u0119 spokojnymi warunkami i doskona\u0142\u0105 widoczno\u015bci\u0105.<\/li>\n<li data-start=\"528\" data-end=\"591\"><strong data-start=\"802\" data-end=\"822\">Wyspa Magawish.\u00a0<\/strong>Odpoczynek na wyspie przez 1,5-2 godziny. \u015anie\u017cnobia\u0142y, drobny piasek, kt\u00f3ry nie nagrzewa si\u0119 na s\u0142o\u0144cu, \u0142agodne wej\u015bcie do morza i rafa koralowa przy brzegu - mo\u017cna snurkowa\u0107 wprost z pla\u017cy. Przestronno\u015b\u0107, cisza i idealne warunki do zdj\u0119\u0107.<\/li>\n<li data-start=\"528\" data-end=\"591\"><strong data-start=\"1053\" data-end=\"1070\">Lunch na jachcie.\u00a0<\/strong>Gor\u0105cy lunch i napoje bezalkoholowe podczas rejsu \u0142odzi\u0105.<\/li>\n<\/ul>\n<p data-start=\"1139\" data-end=\"1196\"><strong data-start=\"1014\" data-end=\"1064\">17:00 - powr\u00f3t do hotelu.<\/strong><\/p>\n<p><strong>W zestawie:<\/strong><\/p>\n<ul>\n<li>Transfer z i do hotelu<\/li>\n<li>Przewodnik rosyjskoj\u0119zyczny<\/li>\n<li>Op\u0142aty za wst\u0119p do Magawish, korzystanie z le\u017cak\u00f3w i parasoli<\/li>\n<li>Maska do nurkowania, p\u0142etwy, fajka i kamizelka ratunkowa<\/li>\n<li>Sprz\u0119t do nurkowania<\/li>\n<li>Nurkowanie z rurk\u0105<\/li>\n<li>Nurkowanie (1 nurkowanie)<\/li>\n<li>Lunch<\/li>\n<li>Napoje bezalkoholowe na \u0142odzi<\/li>\n<\/ul>\n<p><strong>Brak w zestawie:<\/strong><\/p>\n<ul>\n<li>Dodatkowy transfer z hoteli El Gouna, Sahl Hasheesh, Makadi dodatkowo +10$ w obie strony za samoch\u00f3d do 6 os\u00f3b.<\/li>\n<li>Opcjonalny transfer: Soma Bay i Safaga dodatkowo +20$ w obie strony za samoch\u00f3d do 6 os\u00f3b<\/li>\n<\/ul>\n<p><strong>Zabierz go ze sob\u0105:<\/strong><\/p>\n<ul>\n<li>kamera foto-wideo<\/li>\n<li>Nakrycie g\u0142owy<\/li>\n<li>R\u0119cznik<\/li>\n<li>Kostium k\u0105pielowy, k\u0105piel\u00f3wki<\/li>\n<li>Filtr przeciws\u0142oneczny<\/li>\n<\/ul>","protected":false},"excerpt":{"rendered":"<p><strong>Czas wycieczki:<\/strong>\u00a08:00 - 17:00<\/p>\n<p><strong>Holding Days:\u00a0<\/strong>Wtorek, pi\u0105tek, niedziela<\/p>","protected":false},"featured_media":74632,"template":"","meta":{"_kad_post_transparent":"default","_kad_post_title":"","_kad_post_layout":"default","_kad_post_sidebar_id":"","_kad_post_content_style":"default","_kad_post_vertical_padding":"default","_kad_post_feature":"","_kad_post_feature_position":"","_kad_post_header":false,"_kad_post_footer":false,"_kad_post_classname":"","_glsr_average":0,"_glsr_ranking":0,"_glsr_reviews":0},"product_brand":[],"product_cat":[479],"product_tag":[],"class_list":{"0":"post-74631","1":"product","2":"type-product","3":"status-publish","4":"has-post-thumbnail","6":"product_cat-hurghadatours","7":"tm-has-options","9":"first","10":"instock","11":"sold-individually","12":"taxable","13":"shipping-taxable","14":"purchasable","15":"product-type-simple","16":"entry","17":"content-bg","18":"loop-entry"},"yoast_head":"<!-- This site is optimized with the Yoast SEO plugin v27.4 - https:\/\/yoast.com\/product\/yoast-seo-wordpress\/ -->\n<title>\u041e\u0441\u0442\u0440\u043e\u0432 Magawish \u0441 \u0434\u0430\u0439\u0432\u0438\u043d\u0433\u043e\u043c &#8226; \u042d\u043a\u0441\u043a\u0443\u0440\u0441\u0438\u0438 Skyline<\/title>\n<meta name=\"robots\" content=\"index, follow, max-snippet:-1, max-image-preview:large, max-video-preview:-1\" \/>\n<link rel=\"canonical\" href=\"https:\/\/skyline-gs.com\/pl\/produkt\/magawish-diving-hurghada\/\" \/>\n<meta property=\"og:locale\" content=\"pl_PL\" \/>\n<meta property=\"og:type\" content=\"article\" \/>\n<meta property=\"og:title\" content=\"\u041e\u0441\u0442\u0440\u043e\u0432 Magawish \u0441 \u0434\u0430\u0439\u0432\u0438\u043d\u0433\u043e\u043c &#8226; \u042d\u043a\u0441\u043a\u0443\u0440\u0441\u0438\u0438 Skyline\" \/>\n<meta property=\"og:description\" content=\"\u0412\u0440\u0435\u043c\u044f \u0442\u0443\u0440\u0430:\u00a08:00 \u2014 17:00  \u0414\u043d\u0438 \u043f\u0440\u043e\u0432\u0435\u0434\u0435\u043d\u0438\u044f:\u00a0\u0412\u0442\u043e\u0440\u043d\u0438\u043a, \u041f\u044f\u0442\u043d\u0438\u0446\u0430, \u0412\u043e\u0441\u043a\u0440\u0435\u0441\u0435\u043d\u044c\u0435\" \/>\n<meta property=\"og:url\" content=\"https:\/\/skyline-gs.com\/pl\/produkt\/magawish-diving-hurghada\/\" \/>\n<meta property=\"og:site_name\" content=\"\u042d\u043a\u0441\u043a\u0443\u0440\u0441\u0438\u0438 Skyline\" \/>\n<meta property=\"article:modified_time\" content=\"2026-04-20T22:31:05+00:00\" \/>\n<meta property=\"og:image\" content=\"https:\/\/skyline-gs.com\/wp-content\/uploads\/2026\/01\/145-2024-06-09t171630.316-e1757104309668.jpg\" \/>\n\t<meta property=\"og:image:width\" content=\"842\" \/>\n\t<meta property=\"og:image:height\" content=\"624\" \/>\n\t<meta property=\"og:image:type\" content=\"image\/jpeg\" \/>\n<meta name=\"twitter:card\" content=\"summary_large_image\" \/>\n<meta name=\"twitter:label1\" content=\"Szacowany czas czytania\" \/>\n\t<meta name=\"twitter:data1\" content=\"2 minuty\" \/>\n<script type=\"application\/ld+json\" class=\"yoast-schema-graph\">{\"@context\":\"https:\\\/\\\/schema.org\",\"@graph\":[{\"@type\":\"WebPage\",\"@id\":\"https:\\\/\\\/skyline-gs.com\\\/product\\\/magawish-diving-hurghada\\\/\",\"url\":\"https:\\\/\\\/skyline-gs.com\\\/product\\\/magawish-diving-hurghada\\\/\",\"name\":\"\u041e\u0441\u0442\u0440\u043e\u0432 Magawish \u0441 \u0434\u0430\u0439\u0432\u0438\u043d\u0433\u043e\u043c &#8226; \u042d\u043a\u0441\u043a\u0443\u0440\u0441\u0438\u0438 Skyline\",\"isPartOf\":{\"@id\":\"https:\\\/\\\/skyline-gs.com\\\/it\\\/#website\"},\"primaryImageOfPage\":{\"@id\":\"https:\\\/\\\/skyline-gs.com\\\/product\\\/magawish-diving-hurghada\\\/#primaryimage\"},\"image\":{\"@id\":\"https:\\\/\\\/skyline-gs.com\\\/product\\\/magawish-diving-hurghada\\\/#primaryimage\"},\"thumbnailUrl\":\"https:\\\/\\\/skyline-gs.com\\\/wp-content\\\/uploads\\\/2026\\\/01\\\/145-2024-06-09t171630.316-e1757104309668.jpg\",\"datePublished\":\"2026-01-29T13:24:25+00:00\",\"dateModified\":\"2026-04-20T22:31:05+00:00\",\"breadcrumb\":{\"@id\":\"https:\\\/\\\/skyline-gs.com\\\/product\\\/magawish-diving-hurghada\\\/#breadcrumb\"},\"inLanguage\":\"pl-PL\",\"potentialAction\":[{\"@type\":\"ReadAction\",\"target\":[\"https:\\\/\\\/skyline-gs.com\\\/product\\\/magawish-diving-hurghada\\\/\"]}]},{\"@type\":\"ImageObject\",\"inLanguage\":\"pl-PL\",\"@id\":\"https:\\\/\\\/skyline-gs.com\\\/product\\\/magawish-diving-hurghada\\\/#primaryimage\",\"url\":\"https:\\\/\\\/skyline-gs.com\\\/wp-content\\\/uploads\\\/2026\\\/01\\\/145-2024-06-09t171630.316-e1757104309668.jpg\",\"contentUrl\":\"https:\\\/\\\/skyline-gs.com\\\/wp-content\\\/uploads\\\/2026\\\/01\\\/145-2024-06-09t171630.316-e1757104309668.jpg\",\"width\":842,\"height\":624},{\"@type\":\"BreadcrumbList\",\"@id\":\"https:\\\/\\\/skyline-gs.com\\\/product\\\/magawish-diving-hurghada\\\/#breadcrumb\",\"itemListElement\":[{\"@type\":\"ListItem\",\"position\":1,\"name\":\"\u0413\u043b\u0430\u0432\u043d\u0430\u044f \u0441\u0442\u0440\u0430\u043d\u0438\u0446\u0430\",\"item\":\"https:\\\/\\\/skyline-gs.com\\\/hu\\\/\"},{\"@type\":\"ListItem\",\"position\":2,\"name\":\"\u041c\u0430\u0433\u0430\u0437\u0438\u043d\",\"item\":\"https:\\\/\\\/skyline-gs.com\\\/cs\\\/shop\\\/\"},{\"@type\":\"ListItem\",\"position\":3,\"name\":\"\u041e\u0441\u0442\u0440\u043e\u0432 Magawish \u0441 \u0434\u0430\u0439\u0432\u0438\u043d\u0433\u043e\u043c\"}]},{\"@type\":\"WebSite\",\"@id\":\"https:\\\/\\\/skyline-gs.com\\\/it\\\/#website\",\"url\":\"https:\\\/\\\/skyline-gs.com\\\/it\\\/\",\"name\":\"\u042d\u043a\u0441\u043a\u0443\u0440\u0441\u0438\u0438 Skyline\",\"description\":\"\u042d\u043a\u0441\u043a\u043b\u044e\u0437\u0438\u0432\u043d\u044b\u0435 \u044d\u043a\u0441\u043a\u0443\u0440\u0441\u0438\u0438 \u043d\u0430 \u043b\u0443\u0447\u0448\u0438\u0445 \u043a\u0443\u0440\u043e\u0440\u0442\u0430\u0445 \u043c\u0438\u0440\u0430\",\"publisher\":{\"@id\":\"https:\\\/\\\/skyline-gs.com\\\/it\\\/#organization\"},\"alternateName\":\"Skyline\",\"potentialAction\":[{\"@type\":\"SearchAction\",\"target\":{\"@type\":\"EntryPoint\",\"urlTemplate\":\"https:\\\/\\\/skyline-gs.com\\\/it\\\/?s={search_term_string}\"},\"query-input\":{\"@type\":\"PropertyValueSpecification\",\"valueRequired\":true,\"valueName\":\"search_term_string\"}}],\"inLanguage\":\"pl-PL\"},{\"@type\":\"Organization\",\"@id\":\"https:\\\/\\\/skyline-gs.com\\\/it\\\/#organization\",\"name\":\"\u042d\u043a\u0441\u043a\u0443\u0440\u0441\u0438\u0438 Skyline\",\"alternateName\":\"\u042d\u043a\u0441\u043a\u0443\u0440\u0441\u0438\u0438 Skyline\",\"url\":\"https:\\\/\\\/skyline-gs.com\\\/it\\\/\",\"logo\":{\"@type\":\"ImageObject\",\"inLanguage\":\"pl-PL\",\"@id\":\"https:\\\/\\\/skyline-gs.com\\\/it\\\/#\\\/schema\\\/logo\\\/image\\\/\",\"url\":\"https:\\\/\\\/skyline-gs.com\\\/wp-content\\\/uploads\\\/2020\\\/12\\\/cropped-logo-2.png\",\"contentUrl\":\"https:\\\/\\\/skyline-gs.com\\\/wp-content\\\/uploads\\\/2020\\\/12\\\/cropped-logo-2.png\",\"width\":512,\"height\":512,\"caption\":\"\u042d\u043a\u0441\u043a\u0443\u0440\u0441\u0438\u0438 Skyline\"},\"image\":{\"@id\":\"https:\\\/\\\/skyline-gs.com\\\/it\\\/#\\\/schema\\\/logo\\\/image\\\/\"},\"sameAs\":[\"https:\\\/\\\/www.instagram.com\\\/skylineglobalservice\\\/\"]}]}<\/script>\n<!-- \/ Yoast SEO plugin. -->","yoast_head_json":{"title":"\u041e\u0441\u0442\u0440\u043e\u0432 Magawish \u0441 \u0434\u0430\u0439\u0432\u0438\u043d\u0433\u043e\u043c &#8226; \u042d\u043a\u0441\u043a\u0443\u0440\u0441\u0438\u0438 Skyline","robots":{"index":"index","follow":"follow","max-snippet":"max-snippet:-1","max-image-preview":"max-image-preview:large","max-video-preview":"max-video-preview:-1"},"canonical":"https:\/\/skyline-gs.com\/pl\/produkt\/magawish-diving-hurghada\/","og_locale":"pl_PL","og_type":"article","og_title":"\u041e\u0441\u0442\u0440\u043e\u0432 Magawish \u0441 \u0434\u0430\u0439\u0432\u0438\u043d\u0433\u043e\u043c &#8226; \u042d\u043a\u0441\u043a\u0443\u0440\u0441\u0438\u0438 Skyline","og_description":"\u0412\u0440\u0435\u043c\u044f \u0442\u0443\u0440\u0430:\u00a08:00 \u2014 17:00  \u0414\u043d\u0438 \u043f\u0440\u043e\u0432\u0435\u0434\u0435\u043d\u0438\u044f:\u00a0\u0412\u0442\u043e\u0440\u043d\u0438\u043a, \u041f\u044f\u0442\u043d\u0438\u0446\u0430, \u0412\u043e\u0441\u043a\u0440\u0435\u0441\u0435\u043d\u044c\u0435","og_url":"https:\/\/skyline-gs.com\/pl\/produkt\/magawish-diving-hurghada\/","og_site_name":"\u042d\u043a\u0441\u043a\u0443\u0440\u0441\u0438\u0438 Skyline","article_modified_time":"2026-04-20T22:31:05+00:00","og_image":[{"width":842,"height":624,"url":"https:\/\/skyline-gs.com\/wp-content\/uploads\/2026\/01\/145-2024-06-09t171630.316-e1757104309668.jpg","type":"image\/jpeg"}],"twitter_card":"summary_large_image","twitter_misc":{"Szacowany czas czytania":"2 minuty"},"schema":{"@context":"https:\/\/schema.org","@graph":[{"@type":"WebPage","@id":"https:\/\/skyline-gs.com\/product\/magawish-diving-hurghada\/","url":"https:\/\/skyline-gs.com\/product\/magawish-diving-hurghada\/","name":"\u041e\u0441\u0442\u0440\u043e\u0432 Magawish \u0441 \u0434\u0430\u0439\u0432\u0438\u043d\u0433\u043e\u043c &#8226; \u042d\u043a\u0441\u043a\u0443\u0440\u0441\u0438\u0438 Skyline","isPartOf":{"@id":"https:\/\/skyline-gs.com\/it\/#website"},"primaryImageOfPage":{"@id":"https:\/\/skyline-gs.com\/product\/magawish-diving-hurghada\/#primaryimage"},"image":{"@id":"https:\/\/skyline-gs.com\/product\/magawish-diving-hurghada\/#primaryimage"},"thumbnailUrl":"https:\/\/skyline-gs.com\/wp-content\/uploads\/2026\/01\/145-2024-06-09t171630.316-e1757104309668.jpg","datePublished":"2026-01-29T13:24:25+00:00","dateModified":"2026-04-20T22:31:05+00:00","breadcrumb":{"@id":"https:\/\/skyline-gs.com\/product\/magawish-diving-hurghada\/#breadcrumb"},"inLanguage":"pl-PL","potentialAction":[{"@type":"ReadAction","target":["https:\/\/skyline-gs.com\/product\/magawish-diving-hurghada\/"]}]},{"@type":"ImageObject","inLanguage":"pl-PL","@id":"https:\/\/skyline-gs.com\/product\/magawish-diving-hurghada\/#primaryimage","url":"https:\/\/skyline-gs.com\/wp-content\/uploads\/2026\/01\/145-2024-06-09t171630.316-e1757104309668.jpg","contentUrl":"https:\/\/skyline-gs.com\/wp-content\/uploads\/2026\/01\/145-2024-06-09t171630.316-e1757104309668.jpg","width":842,"height":624},{"@type":"BreadcrumbList","@id":"https:\/\/skyline-gs.com\/product\/magawish-diving-hurghada\/#breadcrumb","itemListElement":[{"@type":"ListItem","position":1,"name":"\u0413\u043b\u0430\u0432\u043d\u0430\u044f \u0441\u0442\u0440\u0430\u043d\u0438\u0446\u0430","item":"https:\/\/skyline-gs.com\/hu\/"},{"@type":"ListItem","position":2,"name":"\u041c\u0430\u0433\u0430\u0437\u0438\u043d","item":"https:\/\/skyline-gs.com\/cs\/shop\/"},{"@type":"ListItem","position":3,"name":"\u041e\u0441\u0442\u0440\u043e\u0432 Magawish \u0441 \u0434\u0430\u0439\u0432\u0438\u043d\u0433\u043e\u043c"}]},{"@type":"WebSite","@id":"https:\/\/skyline-gs.com\/it\/#website","url":"https:\/\/skyline-gs.com\/it\/","name":"Wycieczki Skyline","description":"Ekskluzywne wycieczki do najlepszych kurort\u00f3w na \u015bwiecie","publisher":{"@id":"https:\/\/skyline-gs.com\/it\/#organization"},"alternateName":"Skyline","potentialAction":[{"@type":"SearchAction","target":{"@type":"EntryPoint","urlTemplate":"https:\/\/skyline-gs.com\/it\/?s={search_term_string}"},"query-input":{"@type":"PropertyValueSpecification","valueRequired":true,"valueName":"search_term_string"}}],"inLanguage":"pl-PL"},{"@type":"Organization","@id":"https:\/\/skyline-gs.com\/it\/#organization","name":"Wycieczki Skyline","alternateName":"\u042d\u043a\u0441\u043a\u0443\u0440\u0441\u0438\u0438 Skyline","url":"https:\/\/skyline-gs.com\/it\/","logo":{"@type":"ImageObject","inLanguage":"pl-PL","@id":"https:\/\/skyline-gs.com\/it\/#\/schema\/logo\/image\/","url":"https:\/\/skyline-gs.com\/wp-content\/uploads\/2020\/12\/cropped-logo-2.png","contentUrl":"https:\/\/skyline-gs.com\/wp-content\/uploads\/2020\/12\/cropped-logo-2.png","width":512,"height":512,"caption":"\u042d\u043a\u0441\u043a\u0443\u0440\u0441\u0438\u0438 Skyline"},"image":{"@id":"https:\/\/skyline-gs.com\/it\/#\/schema\/logo\/image\/"},"sameAs":["https:\/\/www.instagram.com\/skylineglobalservice\/"]}]}},"_links":{"self":[{"href":"https:\/\/skyline-gs.com\/pl\/wp-json\/wp\/v2\/product\/74631","targetHints":{"allow":["GET"]}}],"collection":[{"href":"https:\/\/skyline-gs.com\/pl\/wp-json\/wp\/v2\/product"}],"about":[{"href":"https:\/\/skyline-gs.com\/pl\/wp-json\/wp\/v2\/types\/product"}],"version-history":[{"count":1,"href":"https:\/\/skyline-gs.com\/pl\/wp-json\/wp\/v2\/product\/74631\/revisions"}],"predecessor-version":[{"id":75712,"href":"https:\/\/skyline-gs.com\/pl\/wp-json\/wp\/v2\/product\/74631\/revisions\/75712"}],"wp:featuredmedia":[{"embeddable":true,"href":"https:\/\/skyline-gs.com\/pl\/wp-json\/wp\/v2\/media\/74632"}],"wp:attachment":[{"href":"https:\/\/skyline-gs.com\/pl\/wp-json\/wp\/v2\/media?parent=74631"}],"wp:term":[{"taxonomy":"product_brand","embeddable":true,"href":"https:\/\/skyline-gs.com\/pl\/wp-json\/wp\/v2\/product_brand?post=74631"},{"taxonomy":"product_cat","embeddable":true,"href":"https:\/\/skyline-gs.com\/pl\/wp-json\/wp\/v2\/product_cat?post=74631"},{"taxonomy":"product_tag","embeddable":true,"href":"https:\/\/skyline-gs.com\/pl\/wp-json\/wp\/v2\/product_tag?post=74631"}],"curies":[{"name":"wp","href":"https:\/\/api.w.org\/{rel}","templated":true}]}}