{"id":74575,"date":"2026-01-28T21:26:00","date_gmt":"2026-01-28T19:26:00","guid":{"rendered":"https:\/\/skyline-gs.com\/?post_type=product&#038;p=74575"},"modified":"2026-03-22T19:18:55","modified_gmt":"2026-03-22T17:18:55","slug":"kair-i-aleksandriya-2-dnya","status":"publish","type":"product","link":"https:\/\/skyline-gs.com\/pl\/product\/kair-i-aleksandriya-2-dnya\/","title":{"rendered":"Kair i Aleksandria 2 dni"},"content":{"rendered":"<p><strong>Dzie\u0144 1<\/strong><\/p>\n<p>Wymeldowanie z hotelu oko\u0142o godziny 1:00. Przejazd do Kairu zajmie oko\u0142o 7 godzin. Wycieczka rozpoczyna si\u0119 od przegl\u0105du Kairu, stolicy Egiptu. Podczas tej wycieczki zdasz sobie spraw\u0119 i docenisz splendor i kontrast Kairu. Nast\u0119pnie odwiedzisz Egipskie Muzeum Narodowe, kt\u00f3rego liczne sale zawieraj\u0105 ponad 150 000 artefakt\u00f3w z czas\u00f3w panowania wielkich faraon\u00f3w. Po wizycie w muzeum zjesz lunch w restauracji (w formie bufetu). Po obiedzie udasz si\u0119 do Wielkich Piramid i Sfinksa, znajduj\u0105cych si\u0119 w Gizie, na przedmie\u015bciach Kairu. \u00abWszystko boi si\u0119 czasu, ale czas boi si\u0119 piramid\u00bb. Stoj\u0105c przed tymi najwi\u0119kszymi budowlami ludzko\u015bci, zdasz sobie spraw\u0119 z prawdziwo\u015bci tego stwierdzenia. Odwiedzisz tak\u017ce fabryk\u0119 papirusu i muzeum perfum o urzekaj\u0105cych zapachach. Kolacja na statku wycieczkowym na rzece Nil. Po kolacji zabierzemy Ci\u0119 do hotelu. Nocleg w hotelu.<\/p>\n<p><strong>Dzie\u0144 2<\/strong><\/p>\n<p>\u015aniadanie w hotelu. Rozpocz\u0119cie wycieczki. Podczas wycieczki odwiedzisz najs\u0142ynniejsze miejsca Aleksandrii. Zobaczysz Fort Kite Bay. Znajduje si\u0119 on nad wschodnim portem Aleksandrii i jest fortec\u0105 z okr\u0105g\u0142ymi wie\u017cami i lukami z widokiem na morze. Fort zosta\u0142 zbudowany w XV wieku przez su\u0142tana Aszrafa na miejscu latarni morskiej w Aleksandrii, kt\u00f3ra zawali\u0142a si\u0119 w wyniku trz\u0119sienia ziemi. Odwiedzisz Park Montaza z rezydencj\u0105 egipskich kr\u00f3l\u00f3w. Ten pi\u0119kny park o powierzchni oko\u0142o 150 hektar\u00f3w jest obsadzony palmami daktylowymi, sosn\u0105 \u015br\u00f3dziemnomorsk\u0105 i innymi drzewami iglastymi. Jest tu wiele klomb\u00f3w i altan - Montaza jest popularnym miejscem wypoczynku dla turyst\u00f3w. Nast\u0119pnie Cytadela Kaithbey z wizyt\u0105 w akwarium. Lunch w restauracji rybnej. Po obiedzie udamy si\u0119 na zwiedzanie miasta, aby odwiedzi\u0107 rzymski amfiteatr, du\u017cy i pi\u0119kny meczet Abu-el-Abbas i oczywi\u015bcie zobaczy\u0107 s\u0142ynn\u0105 Bibliotek\u0119 Aleksandryjsk\u0105. Podr\u00f3\u017c powrotna do Hurghady. Oko\u0142o godziny 22:00 b\u0119dziesz w hotelu.<\/p>\n<p><strong>W zestawie:<\/strong><\/p>\n<ul>\n<li>Transfer z i do hotelu<\/li>\n<li>Wszystkie transfery w ramach programu komfortowym, klimatyzowanym autokarem<\/li>\n<li>Rosyjskoj\u0119zyczny przewodnik egiptologa;<\/li>\n<li>Zakwaterowanie 1 noc w hotelu ze \u015bniadaniem;<\/li>\n<li>Op\u0142aty za wst\u0119p do wszystkich atrakcji wymienionych w programie;<\/li>\n<li>Posi\u0142ki: Dzie\u0144 1: obiad, kolacja; Dzie\u0144 2: \u015bniadanie, obiad.<\/li>\n<\/ul>\n<p><strong>Brak w zestawie:<\/strong><\/p>\n<ul>\n<li>Napoje w restauracji;<\/li>\n<li>Dodatkowe koszty nieuwzgl\u0119dnione w programie;<\/li>\n<li>Spacer wzd\u0142u\u017c rzeki Nil;<\/li>\n<li>Bilet wst\u0119pu do Muzeum Solar Rook w Piramidach w Gizie;<\/li>\n<li>Bilet wst\u0119pu do Sal Mumii w Muzeum Egipskim;<\/li>\n<li>Bilet na kamer\u0119 w Muzeum Egipskim;<\/li>\n<li>Bilet na kamer\u0119 wideo w Muzeum Egipskim;<\/li>\n<li>Zobacz wn\u0119trze piramidy.<\/li>\n<\/ul>\n<p><strong>P\u0142atne osobno:<\/strong><\/p>\n<ul>\n<li>\u0414\u043e\u043f\u043b\u0430\u0442\u0430 \u0437\u0430 \u043e\u0434\u043d\u043e\u043c\u0435\u0441\u0442\u043d\u043e\u0435 \u0440\u0430\u0437\u043c\u0435\u0449\u0435\u043d\u0438\u0435 \u0432 \u043e\u0442\u0435\u043b\u0435 +10$<\/li>\n<li>Transfer z hoteli w Sahl Hasheesh i Makadi Bay wynosi 5 $ za osob\u0119 w obie strony;<\/li>\n<li>Transfer z Soma Bay, Safaga Country Hotels - 20$ za samoch\u00f3d (do 4 os\u00f3b) w obie strony.<\/li>\n<\/ul>\n<p><strong>Zabierz go ze sob\u0105:<\/strong><\/p>\n<ul>\n<li>Paszport;<\/li>\n<li>Wygodne buty i odzie\u017c;<\/li>\n<li>Kurtka na wypadek deszczu lub ch\u0142odnych wieczor\u00f3w;<\/li>\n<li>Sprz\u0119t foto-wideo. Urz\u0105dzenia nale\u017cy na\u0142adowa\u0107 z wyprzedzeniem;<\/li>\n<li>Wymie\u0144 pieni\u0105dze na drobne banknoty. Mo\u017cesz ich u\u017cy\u0107 do zakupu pami\u0105tek i napiwk\u00f3w dla stra\u017cnik\u00f3w;<\/li>\n<li>Poranna przek\u0105ska (w recepcji hotelu wyja\u015bnij, \u017ce wyje\u017cd\u017casz wcze\u015bnie rano na wycieczk\u0119 i musisz przygotowa\u0107 lunch box, hotele zapewni\u0105 t\u0119 us\u0142ug\u0119 bezp\u0142atnie);<\/li>\n<li>Okulary przeciws\u0142oneczne i panama, filtr przeciws\u0142oneczny;<\/li>\n<li>\u015arodki higieny osobistej, apteczka pierwszej pomocy;<\/li>\n<li>\u017bel do dezynfekcji r\u0105k.<\/li>\n<\/ul>","protected":false},"excerpt":{"rendered":"<p><strong>Czas wycieczki:<\/strong> 2 dni<\/p>\n<p><strong>Holding Days:<\/strong> Wtorek<\/p>","protected":false},"featured_media":74578,"template":"","meta":{"_kad_post_transparent":"default","_kad_post_title":"","_kad_post_layout":"default","_kad_post_sidebar_id":"","_kad_post_content_style":"default","_kad_post_vertical_padding":"default","_kad_post_feature":"","_kad_post_feature_position":"","_kad_post_header":false,"_kad_post_footer":false,"_kad_post_classname":"","_glsr_average":0,"_glsr_ranking":0,"_glsr_reviews":0},"product_brand":[],"product_cat":[479],"product_tag":[],"class_list":{"0":"post-74575","1":"product","2":"type-product","3":"status-publish","4":"has-post-thumbnail","6":"product_cat-hurghadatours","7":"tm-has-options","9":"first","10":"instock","11":"sale","12":"sold-individually","13":"taxable","14":"shipping-taxable","15":"purchasable","16":"product-type-simple","17":"entry","18":"content-bg","19":"loop-entry"},"yoast_head":"<!-- This site is optimized with the Yoast SEO plugin v27.3 - https:\/\/yoast.com\/product\/yoast-seo-wordpress\/ -->\n<title>\u041a\u0430\u0438\u0440 \u0438 \u0410\u043b\u0435\u043a\u0441\u0430\u043d\u0434\u0440\u0438\u044f 2 \u0434\u043d\u044f &#8226; \u042d\u043a\u0441\u043a\u0443\u0440\u0441\u0438\u0438 Skyline<\/title>\n<meta name=\"robots\" content=\"index, follow, max-snippet:-1, max-image-preview:large, max-video-preview:-1\" \/>\n<link rel=\"canonical\" href=\"https:\/\/skyline-gs.com\/pl\/produkt\/kair-i-aleksandriya-2-dnya\/\" \/>\n<meta property=\"og:locale\" content=\"pl_PL\" \/>\n<meta property=\"og:type\" content=\"article\" \/>\n<meta property=\"og:title\" content=\"\u041a\u0430\u0438\u0440 \u0438 \u0410\u043b\u0435\u043a\u0441\u0430\u043d\u0434\u0440\u0438\u044f 2 \u0434\u043d\u044f &#8226; \u042d\u043a\u0441\u043a\u0443\u0440\u0441\u0438\u0438 Skyline\" \/>\n<meta property=\"og:description\" content=\"\u0412\u0440\u0435\u043c\u044f \u0442\u0443\u0440\u0430: 2 \u0434\u043d\u044f  \u0414\u043d\u0438 \u043f\u0440\u043e\u0432\u0435\u0434\u0435\u043d\u0438\u044f: \u0412\u0442\u043e\u0440\u043d\u0438\u043a\" \/>\n<meta property=\"og:url\" content=\"https:\/\/skyline-gs.com\/pl\/produkt\/kair-i-aleksandriya-2-dnya\/\" \/>\n<meta property=\"og:site_name\" content=\"\u042d\u043a\u0441\u043a\u0443\u0440\u0441\u0438\u0438 Skyline\" \/>\n<meta property=\"article:modified_time\" content=\"2026-03-22T17:18:55+00:00\" \/>\n<meta property=\"og:image\" content=\"https:\/\/skyline-gs.com\/wp-content\/uploads\/2026\/01\/92.jpg\" \/>\n\t<meta property=\"og:image:width\" content=\"669\" \/>\n\t<meta property=\"og:image:height\" content=\"446\" \/>\n\t<meta property=\"og:image:type\" content=\"image\/jpeg\" \/>\n<meta name=\"twitter:card\" content=\"summary_large_image\" \/>\n<meta name=\"twitter:label1\" content=\"Szacowany czas czytania\" \/>\n\t<meta name=\"twitter:data1\" content=\"3 minuty\" \/>\n<script type=\"application\/ld+json\" class=\"yoast-schema-graph\">{\"@context\":\"https:\\\/\\\/schema.org\",\"@graph\":[{\"@type\":\"WebPage\",\"@id\":\"https:\\\/\\\/skyline-gs.com\\\/product\\\/kair-i-aleksandriya-2-dnya\\\/\",\"url\":\"https:\\\/\\\/skyline-gs.com\\\/product\\\/kair-i-aleksandriya-2-dnya\\\/\",\"name\":\"\u041a\u0430\u0438\u0440 \u0438 \u0410\u043b\u0435\u043a\u0441\u0430\u043d\u0434\u0440\u0438\u044f 2 \u0434\u043d\u044f &#8226; \u042d\u043a\u0441\u043a\u0443\u0440\u0441\u0438\u0438 Skyline\",\"isPartOf\":{\"@id\":\"https:\\\/\\\/skyline-gs.com\\\/it\\\/#website\"},\"primaryImageOfPage\":{\"@id\":\"https:\\\/\\\/skyline-gs.com\\\/product\\\/kair-i-aleksandriya-2-dnya\\\/#primaryimage\"},\"image\":{\"@id\":\"https:\\\/\\\/skyline-gs.com\\\/product\\\/kair-i-aleksandriya-2-dnya\\\/#primaryimage\"},\"thumbnailUrl\":\"https:\\\/\\\/skyline-gs.com\\\/wp-content\\\/uploads\\\/2026\\\/01\\\/92.jpg\",\"datePublished\":\"2026-01-28T19:26:00+00:00\",\"dateModified\":\"2026-03-22T17:18:55+00:00\",\"breadcrumb\":{\"@id\":\"https:\\\/\\\/skyline-gs.com\\\/product\\\/kair-i-aleksandriya-2-dnya\\\/#breadcrumb\"},\"inLanguage\":\"pl-PL\",\"potentialAction\":[{\"@type\":\"ReadAction\",\"target\":[\"https:\\\/\\\/skyline-gs.com\\\/product\\\/kair-i-aleksandriya-2-dnya\\\/\"]}]},{\"@type\":\"ImageObject\",\"inLanguage\":\"pl-PL\",\"@id\":\"https:\\\/\\\/skyline-gs.com\\\/product\\\/kair-i-aleksandriya-2-dnya\\\/#primaryimage\",\"url\":\"https:\\\/\\\/skyline-gs.com\\\/wp-content\\\/uploads\\\/2026\\\/01\\\/92.jpg\",\"contentUrl\":\"https:\\\/\\\/skyline-gs.com\\\/wp-content\\\/uploads\\\/2026\\\/01\\\/92.jpg\",\"width\":669,\"height\":446},{\"@type\":\"BreadcrumbList\",\"@id\":\"https:\\\/\\\/skyline-gs.com\\\/product\\\/kair-i-aleksandriya-2-dnya\\\/#breadcrumb\",\"itemListElement\":[{\"@type\":\"ListItem\",\"position\":1,\"name\":\"\u0413\u043b\u0430\u0432\u043d\u0430\u044f \u0441\u0442\u0440\u0430\u043d\u0438\u0446\u0430\",\"item\":\"https:\\\/\\\/skyline-gs.com\\\/hu\\\/\"},{\"@type\":\"ListItem\",\"position\":2,\"name\":\"\u041c\u0430\u0433\u0430\u0437\u0438\u043d\",\"item\":\"https:\\\/\\\/skyline-gs.com\\\/cs\\\/shop\\\/\"},{\"@type\":\"ListItem\",\"position\":3,\"name\":\"\u041a\u0430\u0438\u0440 \u0438 \u0410\u043b\u0435\u043a\u0441\u0430\u043d\u0434\u0440\u0438\u044f 2 \u0434\u043d\u044f\"}]},{\"@type\":\"WebSite\",\"@id\":\"https:\\\/\\\/skyline-gs.com\\\/it\\\/#website\",\"url\":\"https:\\\/\\\/skyline-gs.com\\\/it\\\/\",\"name\":\"\u042d\u043a\u0441\u043a\u0443\u0440\u0441\u0438\u0438 Skyline\",\"description\":\"\u042d\u043a\u0441\u043a\u043b\u044e\u0437\u0438\u0432\u043d\u044b\u0435 \u044d\u043a\u0441\u043a\u0443\u0440\u0441\u0438\u0438 \u043d\u0430 \u043b\u0443\u0447\u0448\u0438\u0445 \u043a\u0443\u0440\u043e\u0440\u0442\u0430\u0445 \u043c\u0438\u0440\u0430\",\"publisher\":{\"@id\":\"https:\\\/\\\/skyline-gs.com\\\/it\\\/#organization\"},\"alternateName\":\"Skyline\",\"potentialAction\":[{\"@type\":\"SearchAction\",\"target\":{\"@type\":\"EntryPoint\",\"urlTemplate\":\"https:\\\/\\\/skyline-gs.com\\\/it\\\/?s={search_term_string}\"},\"query-input\":{\"@type\":\"PropertyValueSpecification\",\"valueRequired\":true,\"valueName\":\"search_term_string\"}}],\"inLanguage\":\"pl-PL\"},{\"@type\":\"Organization\",\"@id\":\"https:\\\/\\\/skyline-gs.com\\\/it\\\/#organization\",\"name\":\"\u042d\u043a\u0441\u043a\u0443\u0440\u0441\u0438\u0438 Skyline\",\"alternateName\":\"\u042d\u043a\u0441\u043a\u0443\u0440\u0441\u0438\u0438 Skyline\",\"url\":\"https:\\\/\\\/skyline-gs.com\\\/it\\\/\",\"logo\":{\"@type\":\"ImageObject\",\"inLanguage\":\"pl-PL\",\"@id\":\"https:\\\/\\\/skyline-gs.com\\\/it\\\/#\\\/schema\\\/logo\\\/image\\\/\",\"url\":\"https:\\\/\\\/skyline-gs.com\\\/wp-content\\\/uploads\\\/2020\\\/12\\\/cropped-logo-2.png\",\"contentUrl\":\"https:\\\/\\\/skyline-gs.com\\\/wp-content\\\/uploads\\\/2020\\\/12\\\/cropped-logo-2.png\",\"width\":512,\"height\":512,\"caption\":\"\u042d\u043a\u0441\u043a\u0443\u0440\u0441\u0438\u0438 Skyline\"},\"image\":{\"@id\":\"https:\\\/\\\/skyline-gs.com\\\/it\\\/#\\\/schema\\\/logo\\\/image\\\/\"},\"sameAs\":[\"https:\\\/\\\/www.instagram.com\\\/skylineglobalservice\\\/\"]}]}<\/script>\n<!-- \/ Yoast SEO plugin. -->","yoast_head_json":{"title":"Kair i Aleksandria 2 dni - Wycieczki Skyline","robots":{"index":"index","follow":"follow","max-snippet":"max-snippet:-1","max-image-preview":"max-image-preview:large","max-video-preview":"max-video-preview:-1"},"canonical":"https:\/\/skyline-gs.com\/pl\/produkt\/kair-i-aleksandriya-2-dnya\/","og_locale":"pl_PL","og_type":"article","og_title":"\u041a\u0430\u0438\u0440 \u0438 \u0410\u043b\u0435\u043a\u0441\u0430\u043d\u0434\u0440\u0438\u044f 2 \u0434\u043d\u044f &#8226; \u042d\u043a\u0441\u043a\u0443\u0440\u0441\u0438\u0438 Skyline","og_description":"\u0412\u0440\u0435\u043c\u044f \u0442\u0443\u0440\u0430: 2 \u0434\u043d\u044f  \u0414\u043d\u0438 \u043f\u0440\u043e\u0432\u0435\u0434\u0435\u043d\u0438\u044f: \u0412\u0442\u043e\u0440\u043d\u0438\u043a","og_url":"https:\/\/skyline-gs.com\/pl\/produkt\/kair-i-aleksandriya-2-dnya\/","og_site_name":"\u042d\u043a\u0441\u043a\u0443\u0440\u0441\u0438\u0438 Skyline","article_modified_time":"2026-03-22T17:18:55+00:00","og_image":[{"width":669,"height":446,"url":"https:\/\/skyline-gs.com\/wp-content\/uploads\/2026\/01\/92.jpg","type":"image\/jpeg"}],"twitter_card":"summary_large_image","twitter_misc":{"Szacowany czas czytania":"3 minuty"},"schema":{"@context":"https:\/\/schema.org","@graph":[{"@type":"WebPage","@id":"https:\/\/skyline-gs.com\/product\/kair-i-aleksandriya-2-dnya\/","url":"https:\/\/skyline-gs.com\/product\/kair-i-aleksandriya-2-dnya\/","name":"Kair i Aleksandria 2 dni - Wycieczki Skyline","isPartOf":{"@id":"https:\/\/skyline-gs.com\/it\/#website"},"primaryImageOfPage":{"@id":"https:\/\/skyline-gs.com\/product\/kair-i-aleksandriya-2-dnya\/#primaryimage"},"image":{"@id":"https:\/\/skyline-gs.com\/product\/kair-i-aleksandriya-2-dnya\/#primaryimage"},"thumbnailUrl":"https:\/\/skyline-gs.com\/wp-content\/uploads\/2026\/01\/92.jpg","datePublished":"2026-01-28T19:26:00+00:00","dateModified":"2026-03-22T17:18:55+00:00","breadcrumb":{"@id":"https:\/\/skyline-gs.com\/product\/kair-i-aleksandriya-2-dnya\/#breadcrumb"},"inLanguage":"pl-PL","potentialAction":[{"@type":"ReadAction","target":["https:\/\/skyline-gs.com\/product\/kair-i-aleksandriya-2-dnya\/"]}]},{"@type":"ImageObject","inLanguage":"pl-PL","@id":"https:\/\/skyline-gs.com\/product\/kair-i-aleksandriya-2-dnya\/#primaryimage","url":"https:\/\/skyline-gs.com\/wp-content\/uploads\/2026\/01\/92.jpg","contentUrl":"https:\/\/skyline-gs.com\/wp-content\/uploads\/2026\/01\/92.jpg","width":669,"height":446},{"@type":"BreadcrumbList","@id":"https:\/\/skyline-gs.com\/product\/kair-i-aleksandriya-2-dnya\/#breadcrumb","itemListElement":[{"@type":"ListItem","position":1,"name":"\u0413\u043b\u0430\u0432\u043d\u0430\u044f \u0441\u0442\u0440\u0430\u043d\u0438\u0446\u0430","item":"https:\/\/skyline-gs.com\/hu\/"},{"@type":"ListItem","position":2,"name":"\u041c\u0430\u0433\u0430\u0437\u0438\u043d","item":"https:\/\/skyline-gs.com\/cs\/shop\/"},{"@type":"ListItem","position":3,"name":"\u041a\u0430\u0438\u0440 \u0438 \u0410\u043b\u0435\u043a\u0441\u0430\u043d\u0434\u0440\u0438\u044f 2 \u0434\u043d\u044f"}]},{"@type":"WebSite","@id":"https:\/\/skyline-gs.com\/it\/#website","url":"https:\/\/skyline-gs.com\/it\/","name":"Wycieczki Skyline","description":"Ekskluzywne wycieczki do najlepszych kurort\u00f3w na \u015bwiecie","publisher":{"@id":"https:\/\/skyline-gs.com\/it\/#organization"},"alternateName":"Skyline","potentialAction":[{"@type":"SearchAction","target":{"@type":"EntryPoint","urlTemplate":"https:\/\/skyline-gs.com\/it\/?s={search_term_string}"},"query-input":{"@type":"PropertyValueSpecification","valueRequired":true,"valueName":"search_term_string"}}],"inLanguage":"pl-PL"},{"@type":"Organization","@id":"https:\/\/skyline-gs.com\/it\/#organization","name":"Wycieczki Skyline","alternateName":"\u042d\u043a\u0441\u043a\u0443\u0440\u0441\u0438\u0438 Skyline","url":"https:\/\/skyline-gs.com\/it\/","logo":{"@type":"ImageObject","inLanguage":"pl-PL","@id":"https:\/\/skyline-gs.com\/it\/#\/schema\/logo\/image\/","url":"https:\/\/skyline-gs.com\/wp-content\/uploads\/2020\/12\/cropped-logo-2.png","contentUrl":"https:\/\/skyline-gs.com\/wp-content\/uploads\/2020\/12\/cropped-logo-2.png","width":512,"height":512,"caption":"\u042d\u043a\u0441\u043a\u0443\u0440\u0441\u0438\u0438 Skyline"},"image":{"@id":"https:\/\/skyline-gs.com\/it\/#\/schema\/logo\/image\/"},"sameAs":["https:\/\/www.instagram.com\/skylineglobalservice\/"]}]}},"_links":{"self":[{"href":"https:\/\/skyline-gs.com\/pl\/wp-json\/wp\/v2\/product\/74575","targetHints":{"allow":["GET"]}}],"collection":[{"href":"https:\/\/skyline-gs.com\/pl\/wp-json\/wp\/v2\/product"}],"about":[{"href":"https:\/\/skyline-gs.com\/pl\/wp-json\/wp\/v2\/types\/product"}],"version-history":[{"count":0,"href":"https:\/\/skyline-gs.com\/pl\/wp-json\/wp\/v2\/product\/74575\/revisions"}],"wp:featuredmedia":[{"embeddable":true,"href":"https:\/\/skyline-gs.com\/pl\/wp-json\/wp\/v2\/media\/74578"}],"wp:attachment":[{"href":"https:\/\/skyline-gs.com\/pl\/wp-json\/wp\/v2\/media?parent=74575"}],"wp:term":[{"taxonomy":"product_brand","embeddable":true,"href":"https:\/\/skyline-gs.com\/pl\/wp-json\/wp\/v2\/product_brand?post=74575"},{"taxonomy":"product_cat","embeddable":true,"href":"https:\/\/skyline-gs.com\/pl\/wp-json\/wp\/v2\/product_cat?post=74575"},{"taxonomy":"product_tag","embeddable":true,"href":"https:\/\/skyline-gs.com\/pl\/wp-json\/wp\/v2\/product_tag?post=74575"}],"curies":[{"name":"wp","href":"https:\/\/api.w.org\/{rel}","templated":true}]}}