{"id":72663,"date":"2025-12-05T03:31:16","date_gmt":"2025-12-05T01:31:16","guid":{"rendered":"http:\/\/skyline-gs.com\/?post_type=product&#038;p=72663"},"modified":"2025-12-05T03:41:38","modified_gmt":"2025-12-05T01:41:38","slug":"krolestwo-sloni","status":"publish","type":"product","link":"https:\/\/skyline-gs.com\/pl\/product\/kingdom-of-elephants\/","title":{"rendered":"Kr\u00f3lestwo S\u0142oni"},"content":{"rendered":"<p>Zanurz si\u0119 w atmosferze \u017cyczliwo\u015bci i harmonii na Koh Samui, podr\u00f3\u017cuj\u0105c do Elephant Kingdom, gdzie b\u0119dziesz mia\u0142 prawdziwe spotkanie z majestatycznymi, ale \u0142agodnymi gigantami. Tutaj s\u0142onie \u017cyj\u0105 swobodnie, bez \u0142a\u0144cuch\u00f3w i przymusu, a ty mo\u017cesz sta\u0107 si\u0119 cz\u0119\u015bci\u0105 ich \u015bwiata: karmi\u0107 je, obserwowa\u0107 ich zachowanie, pozna\u0107 kultur\u0119 s\u0142oni i sp\u0119dzi\u0107 niezapomniany dzie\u0144 z ca\u0142\u0105 rodzin\u0105. To nie jest zwyk\u0142a wycieczka - to okazja, aby dotkn\u0105\u0107 natury, zobaczy\u0107, jak \u017cyj\u0105 s\u0142onie i po\u015bwi\u0119ci\u0107 im troch\u0119 uwagi i troski.<\/p>\n<p><strong>program<\/strong><\/p>\n<ul>\n<li>Spotkanie w hotelu i transfer do rezerwatu.<\/li>\n<li>Przyjazd, lekki pocz\u0119stunek: kawa\/herbata, przek\u0105ski. Wprowadzenie i zapoznanie z programem.<\/li>\n<li>Poznaj histori\u0119 i spos\u00f3b \u017cycia s\u0142oni: przewodnik opowie o ich zwyczajach, kulturze piel\u0119gnacji, naturze ich siedlisk.<\/li>\n<li>Przygotowanie jedzenia dla s\u0142oni, a nast\u0119pnie karmienie stada. Nast\u0119pnie spacer wzd\u0142u\u017c 400-metrowego Skywalk, z kt\u00f3rego mo\u017cna wygodnie obserwowa\u0107 zwierz\u0119ta.<\/li>\n<li>Mo\u017cliwo\u015b\u0107 zbli\u017cenia si\u0119 do s\u0142oni, obserwowania ich picia, chodzenia, spotka\u0144 towarzyskich. Czasami mo\u017cna spacerowa\u0107 w naturalnym \u015brodowisku, odwiedzi\u0107 basen dla zwierz\u0105t.<\/li>\n<li>Lunch serwowany jest w formie bufetu.<\/li>\n<li>Po lunchu - dodatkowa interakcja ze s\u0142oniami, odpoczynek, sesje zdj\u0119ciowe, po\u017cegnanie.<\/li>\n<li>Powr\u00f3t do hotelu.<\/li>\n<\/ul>\n<p><strong>W zestawie:<\/strong><\/p>\n<ul>\n<li>Transfer z i do hotelu.<\/li>\n<li>Lekkie przek\u0105ski, napoje na spotkaniu.<\/li>\n<li>Bilet wst\u0119pu do rezerwatu.<\/li>\n<li>Przygotowanie i karmienie s\u0142oni - udzia\u0142 w piel\u0119gnacji zwierz\u0105t.<\/li>\n<li>Bufet (lunch).<\/li>\n<li>Przewodnik, narracja o historii i \u017cyciu s\u0142oni.<\/li>\n<li>Ubezpieczenie.<\/li>\n<\/ul>\n<p><strong>Zabierz go ze sob\u0105:<\/strong><\/p>\n<ul>\n<li>Ochrona przeciws\u0142oneczna: filtr przeciws\u0142oneczny, okulary przeciws\u0142oneczne, nakrycie g\u0142owy.<\/li>\n<li>Spray na owady.<\/li>\n<li>Aparat fotograficzny\/kamera wideo + \u0142adowarka - b\u0119dzie wiele imponuj\u0105cych moment\u00f3w na zdj\u0119cia.<\/li>\n<li>Wygodne buty i ubrania, kt\u00f3re nie przeszkadzaj\u0105 w brudzeniu si\u0119 - niekt\u00f3re obszary mog\u0105 by\u0107 ziemi\u0105, wod\u0105, natur\u0105.<\/li>\n<li>Woda \/ napoje (na wszelki wypadek) i pieni\u0105dze na pami\u0105tki \/ napiwki \/ spersonalizowane zdj\u0119cia.<\/li>\n<\/ul>\n<p><strong>Dodatkowe informacje:<\/strong><\/p>\n<ul>\n<li>S\u0142onie w sanktuarium \u017cyj\u0105 swobodnie, bez \u0142a\u0144cuch\u00f3w i przymusu - nie s\u0105 przeznaczone do uje\u017cd\u017cania ani pokazywania.<\/li>\n<li>Wycieczka jest etyczna: celem jest pokazanie s\u0142oni, umo\u017cliwienie im naturalnego \u017cycia, a nie wykorzystywanie ich jako \u015brodka rozrywki.<\/li>\n<li>Rezerwat ma du\u017co zieleni, \u015bcie\u017cki przyrodnicze, przestronne wybiegi - wszystko dla komfortu zwierz\u0105t i go\u015bci.<\/li>\n<li>Dla dzieci wycieczka mo\u017ce by\u0107 szczeg\u00f3lnie interesuj\u0105ca: karmienie s\u0142oni, bliski kontakt, spacery po mo\u015bcie i przyroda - cz\u0119sto pozostawiaj\u0105 silne wra\u017cenia.<\/li>\n<li>Liczba miejsc mo\u017ce by\u0107 ograniczona - najlepiej zarezerwowa\u0107 je z wyprzedzeniem, zw\u0142aszcza w szczycie sezonu.<\/li>\n<\/ul>","protected":false},"excerpt":{"rendered":"<p><strong>Czas wycieczki:<\/strong> 9:00 - 12:00 \u0438 13:00 - 16:00<br \/>\n<strong>Holding Days:<\/strong> codzienny<\/p>","protected":false},"featured_media":72667,"template":"","meta":{"_kad_post_transparent":"default","_kad_post_title":"","_kad_post_layout":"default","_kad_post_sidebar_id":"","_kad_post_content_style":"default","_kad_post_vertical_padding":"default","_kad_post_feature":"","_kad_post_feature_position":"","_kad_post_header":false,"_kad_post_footer":false,"_kad_post_classname":"","_glsr_average":0,"_glsr_ranking":0,"_glsr_reviews":0},"product_brand":[],"product_cat":[508],"product_tag":[],"class_list":{"0":"post-72663","1":"product","2":"type-product","3":"status-publish","4":"has-post-thumbnail","6":"product_cat-samui","7":"tm-has-options","9":"first","10":"instock","11":"sold-individually","12":"taxable","13":"shipping-taxable","14":"purchasable","15":"product-type-simple","16":"entry","17":"content-bg","18":"loop-entry"},"yoast_head":"<!-- This site is optimized with the Yoast SEO plugin v27.3 - https:\/\/yoast.com\/product\/yoast-seo-wordpress\/ -->\n<title>\u041a\u043e\u0440\u043e\u043b\u0435\u0432\u0441\u0442\u0432\u043e \u0441\u043b\u043e\u043d\u043e\u0432 &#8226; \u042d\u043a\u0441\u043a\u0443\u0440\u0441\u0438\u0438 Skyline<\/title>\n<meta name=\"robots\" content=\"index, follow, max-snippet:-1, max-image-preview:large, max-video-preview:-1\" \/>\n<link rel=\"canonical\" href=\"http:\/\/skyline-gs.com\/pl\/produkt\/krolestwo-sloni\/\" \/>\n<meta property=\"og:locale\" content=\"pl_PL\" \/>\n<meta property=\"og:type\" content=\"article\" \/>\n<meta property=\"og:title\" content=\"\u041a\u043e\u0440\u043e\u043b\u0435\u0432\u0441\u0442\u0432\u043e \u0441\u043b\u043e\u043d\u043e\u0432 &#8226; \u042d\u043a\u0441\u043a\u0443\u0440\u0441\u0438\u0438 Skyline\" \/>\n<meta property=\"og:description\" content=\"\u0412\u0440\u0435\u043c\u044f \u0442\u0443\u0440\u0430: 9:00 \u2013 12:00 \u0438 13:00 \u2013 16:00 \u0414\u043d\u0438 \u043f\u0440\u043e\u0432\u0435\u0434\u0435\u043d\u0438\u044f: \u0435\u0436\u0435\u0434\u043d\u0435\u0432\u043d\u043e\" \/>\n<meta property=\"og:url\" content=\"http:\/\/skyline-gs.com\/pl\/produkt\/krolestwo-sloni\/\" \/>\n<meta property=\"og:site_name\" content=\"\u042d\u043a\u0441\u043a\u0443\u0440\u0441\u0438\u0438 Skyline\" \/>\n<meta property=\"article:modified_time\" content=\"2025-12-05T01:41:38+00:00\" \/>\n<meta property=\"og:image\" content=\"https:\/\/skyline-gs.com\/wp-content\/uploads\/2025\/12\/samui-elephant-kingdom-01.webp\" \/>\n\t<meta property=\"og:image:width\" content=\"960\" \/>\n\t<meta property=\"og:image:height\" content=\"639\" \/>\n\t<meta property=\"og:image:type\" content=\"image\/webp\" \/>\n<meta name=\"twitter:card\" content=\"summary_large_image\" \/>\n<meta name=\"twitter:label1\" content=\"Szacowany czas czytania\" \/>\n\t<meta name=\"twitter:data1\" content=\"2 minuty\" \/>\n<script type=\"application\/ld+json\" class=\"yoast-schema-graph\">{\"@context\":\"https:\\\/\\\/schema.org\",\"@graph\":[{\"@type\":\"WebPage\",\"@id\":\"http:\\\/\\\/skyline-gs.com\\\/hu\\\/termek\\\/kingdom-of-elephants\\\/\",\"url\":\"http:\\\/\\\/skyline-gs.com\\\/hu\\\/termek\\\/kingdom-of-elephants\\\/\",\"name\":\"\u041a\u043e\u0440\u043e\u043b\u0435\u0432\u0441\u0442\u0432\u043e \u0441\u043b\u043e\u043d\u043e\u0432 &#8226; \u042d\u043a\u0441\u043a\u0443\u0440\u0441\u0438\u0438 Skyline\",\"isPartOf\":{\"@id\":\"https:\\\/\\\/skyline-gs.com\\\/it\\\/#website\"},\"primaryImageOfPage\":{\"@id\":\"http:\\\/\\\/skyline-gs.com\\\/hu\\\/termek\\\/kingdom-of-elephants\\\/#primaryimage\"},\"image\":{\"@id\":\"http:\\\/\\\/skyline-gs.com\\\/hu\\\/termek\\\/kingdom-of-elephants\\\/#primaryimage\"},\"thumbnailUrl\":\"https:\\\/\\\/skyline-gs.com\\\/wp-content\\\/uploads\\\/2025\\\/12\\\/samui-elephant-kingdom-01.webp\",\"datePublished\":\"2025-12-05T01:31:16+00:00\",\"dateModified\":\"2025-12-05T01:41:38+00:00\",\"breadcrumb\":{\"@id\":\"http:\\\/\\\/skyline-gs.com\\\/hu\\\/termek\\\/kingdom-of-elephants\\\/#breadcrumb\"},\"inLanguage\":\"pl-PL\",\"potentialAction\":[{\"@type\":\"ReadAction\",\"target\":[\"http:\\\/\\\/skyline-gs.com\\\/hu\\\/termek\\\/kingdom-of-elephants\\\/\"]}]},{\"@type\":\"ImageObject\",\"inLanguage\":\"pl-PL\",\"@id\":\"http:\\\/\\\/skyline-gs.com\\\/hu\\\/termek\\\/kingdom-of-elephants\\\/#primaryimage\",\"url\":\"https:\\\/\\\/skyline-gs.com\\\/wp-content\\\/uploads\\\/2025\\\/12\\\/samui-elephant-kingdom-01.webp\",\"contentUrl\":\"https:\\\/\\\/skyline-gs.com\\\/wp-content\\\/uploads\\\/2025\\\/12\\\/samui-elephant-kingdom-01.webp\",\"width\":960,\"height\":639},{\"@type\":\"BreadcrumbList\",\"@id\":\"http:\\\/\\\/skyline-gs.com\\\/hu\\\/termek\\\/kingdom-of-elephants\\\/#breadcrumb\",\"itemListElement\":[{\"@type\":\"ListItem\",\"position\":1,\"name\":\"\u0413\u043b\u0430\u0432\u043d\u0430\u044f \u0441\u0442\u0440\u0430\u043d\u0438\u0446\u0430\",\"item\":\"https:\\\/\\\/skyline-gs.com\\\/hu\\\/\"},{\"@type\":\"ListItem\",\"position\":2,\"name\":\"\u041c\u0430\u0433\u0430\u0437\u0438\u043d\",\"item\":\"https:\\\/\\\/skyline-gs.com\\\/cs\\\/shop\\\/\"},{\"@type\":\"ListItem\",\"position\":3,\"name\":\"\u041a\u043e\u0440\u043e\u043b\u0435\u0432\u0441\u0442\u0432\u043e \u0441\u043b\u043e\u043d\u043e\u0432\"}]},{\"@type\":\"WebSite\",\"@id\":\"https:\\\/\\\/skyline-gs.com\\\/it\\\/#website\",\"url\":\"https:\\\/\\\/skyline-gs.com\\\/it\\\/\",\"name\":\"\u042d\u043a\u0441\u043a\u0443\u0440\u0441\u0438\u0438 Skyline\",\"description\":\"\u042d\u043a\u0441\u043a\u043b\u044e\u0437\u0438\u0432\u043d\u044b\u0435 \u044d\u043a\u0441\u043a\u0443\u0440\u0441\u0438\u0438 \u043d\u0430 \u043b\u0443\u0447\u0448\u0438\u0445 \u043a\u0443\u0440\u043e\u0440\u0442\u0430\u0445 \u043c\u0438\u0440\u0430\",\"publisher\":{\"@id\":\"https:\\\/\\\/skyline-gs.com\\\/it\\\/#organization\"},\"alternateName\":\"Skyline\",\"potentialAction\":[{\"@type\":\"SearchAction\",\"target\":{\"@type\":\"EntryPoint\",\"urlTemplate\":\"https:\\\/\\\/skyline-gs.com\\\/it\\\/?s={search_term_string}\"},\"query-input\":{\"@type\":\"PropertyValueSpecification\",\"valueRequired\":true,\"valueName\":\"search_term_string\"}}],\"inLanguage\":\"pl-PL\"},{\"@type\":\"Organization\",\"@id\":\"https:\\\/\\\/skyline-gs.com\\\/it\\\/#organization\",\"name\":\"\u042d\u043a\u0441\u043a\u0443\u0440\u0441\u0438\u0438 Skyline\",\"alternateName\":\"\u042d\u043a\u0441\u043a\u0443\u0440\u0441\u0438\u0438 Skyline\",\"url\":\"https:\\\/\\\/skyline-gs.com\\\/it\\\/\",\"logo\":{\"@type\":\"ImageObject\",\"inLanguage\":\"pl-PL\",\"@id\":\"https:\\\/\\\/skyline-gs.com\\\/it\\\/#\\\/schema\\\/logo\\\/image\\\/\",\"url\":\"https:\\\/\\\/skyline-gs.com\\\/wp-content\\\/uploads\\\/2020\\\/12\\\/cropped-logo-2.png\",\"contentUrl\":\"https:\\\/\\\/skyline-gs.com\\\/wp-content\\\/uploads\\\/2020\\\/12\\\/cropped-logo-2.png\",\"width\":512,\"height\":512,\"caption\":\"\u042d\u043a\u0441\u043a\u0443\u0440\u0441\u0438\u0438 Skyline\"},\"image\":{\"@id\":\"https:\\\/\\\/skyline-gs.com\\\/it\\\/#\\\/schema\\\/logo\\\/image\\\/\"},\"sameAs\":[\"https:\\\/\\\/www.instagram.com\\\/skylineglobalservice\\\/\"]}]}<\/script>\n<!-- \/ Yoast SEO plugin. -->","yoast_head_json":{"title":"Kr\u00f3lestwo S\u0142oni - Wycieczki Skyline","robots":{"index":"index","follow":"follow","max-snippet":"max-snippet:-1","max-image-preview":"max-image-preview:large","max-video-preview":"max-video-preview:-1"},"canonical":"http:\/\/skyline-gs.com\/pl\/produkt\/krolestwo-sloni\/","og_locale":"pl_PL","og_type":"article","og_title":"\u041a\u043e\u0440\u043e\u043b\u0435\u0432\u0441\u0442\u0432\u043e \u0441\u043b\u043e\u043d\u043e\u0432 &#8226; \u042d\u043a\u0441\u043a\u0443\u0440\u0441\u0438\u0438 Skyline","og_description":"\u0412\u0440\u0435\u043c\u044f \u0442\u0443\u0440\u0430: 9:00 \u2013 12:00 \u0438 13:00 \u2013 16:00 \u0414\u043d\u0438 \u043f\u0440\u043e\u0432\u0435\u0434\u0435\u043d\u0438\u044f: \u0435\u0436\u0435\u0434\u043d\u0435\u0432\u043d\u043e","og_url":"http:\/\/skyline-gs.com\/pl\/produkt\/krolestwo-sloni\/","og_site_name":"\u042d\u043a\u0441\u043a\u0443\u0440\u0441\u0438\u0438 Skyline","article_modified_time":"2025-12-05T01:41:38+00:00","og_image":[{"width":960,"height":639,"url":"https:\/\/skyline-gs.com\/wp-content\/uploads\/2025\/12\/samui-elephant-kingdom-01.webp","type":"image\/webp"}],"twitter_card":"summary_large_image","twitter_misc":{"Szacowany czas czytania":"2 minuty"},"schema":{"@context":"https:\/\/schema.org","@graph":[{"@type":"WebPage","@id":"http:\/\/skyline-gs.com\/hu\/termek\/kingdom-of-elephants\/","url":"http:\/\/skyline-gs.com\/hu\/termek\/kingdom-of-elephants\/","name":"Kr\u00f3lestwo S\u0142oni - Wycieczki Skyline","isPartOf":{"@id":"https:\/\/skyline-gs.com\/it\/#website"},"primaryImageOfPage":{"@id":"http:\/\/skyline-gs.com\/hu\/termek\/kingdom-of-elephants\/#primaryimage"},"image":{"@id":"http:\/\/skyline-gs.com\/hu\/termek\/kingdom-of-elephants\/#primaryimage"},"thumbnailUrl":"https:\/\/skyline-gs.com\/wp-content\/uploads\/2025\/12\/samui-elephant-kingdom-01.webp","datePublished":"2025-12-05T01:31:16+00:00","dateModified":"2025-12-05T01:41:38+00:00","breadcrumb":{"@id":"http:\/\/skyline-gs.com\/hu\/termek\/kingdom-of-elephants\/#breadcrumb"},"inLanguage":"pl-PL","potentialAction":[{"@type":"ReadAction","target":["http:\/\/skyline-gs.com\/hu\/termek\/kingdom-of-elephants\/"]}]},{"@type":"ImageObject","inLanguage":"pl-PL","@id":"http:\/\/skyline-gs.com\/hu\/termek\/kingdom-of-elephants\/#primaryimage","url":"https:\/\/skyline-gs.com\/wp-content\/uploads\/2025\/12\/samui-elephant-kingdom-01.webp","contentUrl":"https:\/\/skyline-gs.com\/wp-content\/uploads\/2025\/12\/samui-elephant-kingdom-01.webp","width":960,"height":639},{"@type":"BreadcrumbList","@id":"http:\/\/skyline-gs.com\/hu\/termek\/kingdom-of-elephants\/#breadcrumb","itemListElement":[{"@type":"ListItem","position":1,"name":"\u0413\u043b\u0430\u0432\u043d\u0430\u044f \u0441\u0442\u0440\u0430\u043d\u0438\u0446\u0430","item":"https:\/\/skyline-gs.com\/hu\/"},{"@type":"ListItem","position":2,"name":"\u041c\u0430\u0433\u0430\u0437\u0438\u043d","item":"https:\/\/skyline-gs.com\/cs\/shop\/"},{"@type":"ListItem","position":3,"name":"\u041a\u043e\u0440\u043e\u043b\u0435\u0432\u0441\u0442\u0432\u043e \u0441\u043b\u043e\u043d\u043e\u0432"}]},{"@type":"WebSite","@id":"https:\/\/skyline-gs.com\/it\/#website","url":"https:\/\/skyline-gs.com\/it\/","name":"Wycieczki Skyline","description":"Ekskluzywne wycieczki do najlepszych kurort\u00f3w na \u015bwiecie","publisher":{"@id":"https:\/\/skyline-gs.com\/it\/#organization"},"alternateName":"Skyline","potentialAction":[{"@type":"SearchAction","target":{"@type":"EntryPoint","urlTemplate":"https:\/\/skyline-gs.com\/it\/?s={search_term_string}"},"query-input":{"@type":"PropertyValueSpecification","valueRequired":true,"valueName":"search_term_string"}}],"inLanguage":"pl-PL"},{"@type":"Organization","@id":"https:\/\/skyline-gs.com\/it\/#organization","name":"Wycieczki Skyline","alternateName":"\u042d\u043a\u0441\u043a\u0443\u0440\u0441\u0438\u0438 Skyline","url":"https:\/\/skyline-gs.com\/it\/","logo":{"@type":"ImageObject","inLanguage":"pl-PL","@id":"https:\/\/skyline-gs.com\/it\/#\/schema\/logo\/image\/","url":"https:\/\/skyline-gs.com\/wp-content\/uploads\/2020\/12\/cropped-logo-2.png","contentUrl":"https:\/\/skyline-gs.com\/wp-content\/uploads\/2020\/12\/cropped-logo-2.png","width":512,"height":512,"caption":"\u042d\u043a\u0441\u043a\u0443\u0440\u0441\u0438\u0438 Skyline"},"image":{"@id":"https:\/\/skyline-gs.com\/it\/#\/schema\/logo\/image\/"},"sameAs":["https:\/\/www.instagram.com\/skylineglobalservice\/"]}]}},"_links":{"self":[{"href":"https:\/\/skyline-gs.com\/pl\/wp-json\/wp\/v2\/product\/72663","targetHints":{"allow":["GET"]}}],"collection":[{"href":"https:\/\/skyline-gs.com\/pl\/wp-json\/wp\/v2\/product"}],"about":[{"href":"https:\/\/skyline-gs.com\/pl\/wp-json\/wp\/v2\/types\/product"}],"version-history":[{"count":0,"href":"https:\/\/skyline-gs.com\/pl\/wp-json\/wp\/v2\/product\/72663\/revisions"}],"wp:featuredmedia":[{"embeddable":true,"href":"https:\/\/skyline-gs.com\/pl\/wp-json\/wp\/v2\/media\/72667"}],"wp:attachment":[{"href":"https:\/\/skyline-gs.com\/pl\/wp-json\/wp\/v2\/media?parent=72663"}],"wp:term":[{"taxonomy":"product_brand","embeddable":true,"href":"https:\/\/skyline-gs.com\/pl\/wp-json\/wp\/v2\/product_brand?post=72663"},{"taxonomy":"product_cat","embeddable":true,"href":"https:\/\/skyline-gs.com\/pl\/wp-json\/wp\/v2\/product_cat?post=72663"},{"taxonomy":"product_tag","embeddable":true,"href":"https:\/\/skyline-gs.com\/pl\/wp-json\/wp\/v2\/product_tag?post=72663"}],"curies":[{"name":"wp","href":"https:\/\/api.w.org\/{rel}","templated":true}]}}