{"id":72541,"date":"2025-12-05T00:41:51","date_gmt":"2025-12-04T22:41:51","guid":{"rendered":"http:\/\/skyline-gs.com\/?post_type=product&#038;p=72541"},"modified":"2025-12-05T01:43:59","modified_gmt":"2025-12-04T23:43:59","slug":"wycieczka-po-zlotym-trojkacie","status":"publish","type":"product","link":"https:\/\/skyline-gs.com\/pl\/product\/golden-triangle-tour\/","title":{"rendered":"Z\u0142oty Tr\u00f3jk\u0105t"},"content":{"rendered":"<p>Zapraszamy na niezapomnian\u0105 podr\u00f3\u017c na p\u00f3\u0142noc Tajlandii - odwiedzisz s\u0142ynny punkt, w kt\u00f3rym zbiegaj\u0105 si\u0119 granice trzech kraj\u00f3w: Tajlandii, Birmy i Laosu. Zobaczysz spektakularne widoki przyrody, zabytki historyczne i kulturowe, zanurzysz si\u0119 w atmosferze p\u00f3\u0142nocnej Tajlandii i dowiesz si\u0119 wiele o przesz\u0142o\u015bci tego regionu.<\/p>\n<p><strong>program<\/strong><\/p>\n<ul>\n<li><strong>Wczesny wylot z Chiang Mai \/ Chiang Rai<\/strong><br \/>\nWczesnym rankiem wyruszasz w podr\u00f3\u017c do p\u00f3\u0142nocnych granic kraju. Wygodny transport, klimatyzacja, do\u015bwiadczony rosyjskoj\u0119zyczny przewodnik - wszystko dla komfortowej podr\u00f3\u017cy.<\/li>\n<li><strong>Przystanek 1. \u015awi\u0105tynia Wat Rong Khun White (Chiang Rai)<\/strong><br \/>\nJedna z najs\u0142ynniejszych \u015bwi\u0105ty\u0144 Tajlandii jest symbolem czysto\u015bci, duchowo\u015bci i sztuki nowoczesnej.<br \/>\nZobaczysz:<br \/>\ns\u0142ynny \u00abMost Odrodzenia\u00bb<br \/>\n\u2714 wzory bia\u0142ych luster<br \/>\nGaleria sztuki buddyjskiej<br \/>\nTo miejsce zachwyca absolutnie ka\u017cdego, od dzieci po do\u015bwiadczonych podr\u00f3\u017cnik\u00f3w.<\/li>\n<li><strong>Przystanek 2. Wat Rong Sua Ten Blue Temple<\/strong><br \/>\n\u015awi\u0105tynia jest w jasnoniebieskich odcieniach ze z\u0142otymi detalami - kontrastuj\u0105ca, niesamowicie pi\u0119kna i fotogeniczna.<br \/>\nWyj\u0105tkowa przestronna sala z ogromnym pos\u0105giem Buddy i p\u0142ynnymi liniami architektury.<\/li>\n<li><strong>Przystanek 3. \u015awi\u0105tynia Czarnego Artysty (Muzeum Baandam)<\/strong><br \/>\nKompleks muzealny sk\u0142adaj\u0105cy si\u0119 z ponad 40 drewnianych konstrukcji.<br \/>\nJest to mieszanka mistycyzmu, sztuki, historii i etnografii.<br \/>\nAutorem jest tajski artysta Tawan Duchany.<br \/>\nZobaczysz:<br \/>\nkolekcje masek, czaszek, narz\u0119dzi<br \/>\nniezwyk\u0142e wn\u0119trza w stylu p\u00f3\u0142nocnym<br \/>\natmosfera tajskiej nowoczesno\u015bci<br \/>\nW kierunku Z\u0142otego Tr\u00f3jk\u0105ta<br \/>\nSceneria staje si\u0119 bardziej g\u00f3rzysta, z widokiem na dolin\u0119 rzeki Mekong, pola ry\u017cowe i ma\u0142e wioski.<\/li>\n<li><strong>Przystanek 4. Z\u0142oty Tr\u00f3jk\u0105t - miejsce spotkania trzech narod\u00f3w<\/strong><br \/>\nTo jest serce tej podr\u00f3\u017cy.<br \/>\nOdwiedzisz taras widokowy, z kt\u00f3rego mo\u017cna podziwia\u0107 widoki:<br \/>\nTajlandia<br \/>\nBirma<br \/>\nLaos<br \/>\nPrzep\u0142ywaj\u0105 tu dwie wa\u017cne rzeki, Mekong i Ruak, kt\u00f3re oddzielaj\u0105 te trzy stany.<\/li>\n<li><strong>Przystanek 5. Muzeum Domu Opium (Opium House Museum)<\/strong><br \/>\nRegion Z\u0142otego Tr\u00f3jk\u0105ta by\u0142 najwi\u0119kszym na \u015bwiecie centrum produkcji opium.<br \/>\nW muzeum dowiesz si\u0119:<br \/>\nhistoria z\u0142otego szlaku \u2714\u00ab<br \/>\nG\u00f3rskie tradycje plemienne<br \/>\ngospodarka \u00abz\u0142otego wieku\u00bb<br \/>\nrola mafii i chi\u0144skich handlarzy<br \/>\nWystawa zosta\u0142a zaprojektowana w anga\u017cuj\u0105cy i interaktywny spos\u00f3b.<br \/>\nAktywno\u015b\u0107 opcjonalna (opcjonalnie): Wycieczka \u0142odzi\u0105 po Mekongu<br \/>\nMo\u017cesz wybra\u0107 si\u0119 na wycieczk\u0119 \u0142odzi\u0105 wzd\u0142u\u017c granic Laosu i Birmy.<br \/>\nTo: pi\u0119kne zdj\u0119cia<br \/>\npoczucie przestrzeni granicznej<br \/>\nwiza trzypa\u0144stwowa w tym samym czasie<br \/>\nP\u0142atne osobno.<\/li>\n<li><strong>Przystanek 6. Lunch w restauracji z widokiem na Mekong<\/strong><br \/>\nTajski lunch w formie bufetu lub zestaw posi\u0142k\u00f3w.<br \/>\nPi\u0119kne widoki + pyszna kuchnia skandynawska = idealna przerwa w \u015brodku pracowitego dnia.<br \/>\nPrzystanek 7. Gor\u0105ce \u017ar\u00f3d\u0142a Mae Kachan (w zale\u017cno\u015bci od programu)<br \/>\nWakacje, k\u0105piel st\u00f3p, pami\u0105tki, naturalny obszar mi\u0119dzy g\u00f3rami.<br \/>\nPowr\u00f3t do hotelu<br \/>\nPo intensywnym dniu grupa wraca do Chiang Mai \/ Chiang Rai.<br \/>\nPrzewidywany czas przybycia - wiecz\u00f3r.<\/li>\n<\/ul>\n<p><strong>W zestawie:<\/strong><\/p>\n<ul>\n<li>Transfer do i z programu<\/li>\n<li>Rosyjskoj\u0119zyczny przewodnik<\/li>\n<li>Wszystkie bilety wst\u0119pu na ca\u0142ej trasie<\/li>\n<li>Lunch<\/li>\n<li>Ubezpieczenie<\/li>\n<\/ul>\n<p><strong>Zabierz go ze sob\u0105:<\/strong><\/p>\n<ul>\n<li>Wygodne buty<\/li>\n<li>Nakrycie g\u0142owy<\/li>\n<li>Krem przeciws\u0142oneczny i woda<\/li>\n<li>Aparat fotograficzny\/telefon - b\u0119dzie wiele pi\u0119knych miejsc<\/li>\n<li>P\u0142aszcz\/kurtka - rano w g\u00f3rach jest ch\u0142odno.<\/li>\n<li>Paszport lub kopia<\/li>\n<li>Pieni\u0105dze na wydatki osobiste<\/li>\n<\/ul>\n<p><strong>Dodatkowe informacje:<\/strong><\/p>\n<ul>\n<li>Wycieczka jest d\u0142uga (ca\u0142y dzie\u0144), ale wygodna - odpowiednia dla doros\u0142ych, dzieci i turyst\u00f3w o dowolnym poziomie sprawno\u015bci.<\/li>\n<li>Pogoda na p\u00f3\u0142nocy jest zmienna - najlepiej zabra\u0107 ze sob\u0105 lekk\u0105 kurtk\u0119.<\/li>\n<li>Trasa mo\u017ce zosta\u0107 dostosowana do warunk\u00f3w pogodowych lub dost\u0119pno\u015bci lokalizacji.<\/li>\n<\/ul>","protected":false},"excerpt":{"rendered":"<p><strong>Czas wycieczki:<\/strong> 2 dni<br \/>\n<strong>Holding Days:<\/strong> codzienny<\/p>","protected":false},"featured_media":72559,"template":"","meta":{"_kad_post_transparent":"default","_kad_post_title":"","_kad_post_layout":"default","_kad_post_sidebar_id":"","_kad_post_content_style":"default","_kad_post_vertical_padding":"default","_kad_post_feature":"","_kad_post_feature_position":"","_kad_post_header":false,"_kad_post_footer":false,"_kad_post_classname":"","_glsr_average":0,"_glsr_ranking":0,"_glsr_reviews":0},"product_brand":[],"product_cat":[508],"product_tag":[],"class_list":{"0":"post-72541","1":"product","2":"type-product","3":"status-publish","4":"has-post-thumbnail","6":"product_cat-samui","7":"tm-has-options","9":"first","10":"instock","11":"sold-individually","12":"taxable","13":"shipping-taxable","14":"purchasable","15":"product-type-simple","16":"entry","17":"content-bg","18":"loop-entry"},"yoast_head":"<!-- This site is optimized with the Yoast SEO plugin v27.3 - https:\/\/yoast.com\/product\/yoast-seo-wordpress\/ -->\n<title>\u0417\u043e\u043b\u043e\u0442\u043e\u0439 \u0442\u0440\u0435\u0443\u0433\u043e\u043b\u044c\u043d\u0438\u043a &#8226; \u042d\u043a\u0441\u043a\u0443\u0440\u0441\u0438\u0438 Skyline<\/title>\n<meta name=\"robots\" content=\"index, follow, max-snippet:-1, max-image-preview:large, max-video-preview:-1\" \/>\n<link rel=\"canonical\" href=\"https:\/\/skyline-gs.com\/pl\/produkt\/wycieczka-po-zlotym-trojkacie\/\" \/>\n<meta property=\"og:locale\" content=\"pl_PL\" \/>\n<meta property=\"og:type\" content=\"article\" \/>\n<meta property=\"og:title\" content=\"\u0417\u043e\u043b\u043e\u0442\u043e\u0439 \u0442\u0440\u0435\u0443\u0433\u043e\u043b\u044c\u043d\u0438\u043a &#8226; \u042d\u043a\u0441\u043a\u0443\u0440\u0441\u0438\u0438 Skyline\" \/>\n<meta property=\"og:description\" content=\"\u0412\u0440\u0435\u043c\u044f \u0442\u0443\u0440\u0430: 2 \u0434\u043d\u044f \u0414\u043d\u0438 \u043f\u0440\u043e\u0432\u0435\u0434\u0435\u043d\u0438\u044f: \u0435\u0436\u0435\u0434\u043d\u0435\u0432\u043d\u043e\" \/>\n<meta property=\"og:url\" content=\"https:\/\/skyline-gs.com\/pl\/produkt\/wycieczka-po-zlotym-trojkacie\/\" \/>\n<meta property=\"og:site_name\" content=\"\u042d\u043a\u0441\u043a\u0443\u0440\u0441\u0438\u0438 Skyline\" \/>\n<meta property=\"article:modified_time\" content=\"2025-12-04T23:43:59+00:00\" \/>\n<meta property=\"og:image\" content=\"https:\/\/skyline-gs.com\/wp-content\/uploads\/2025\/12\/golden-triangle-1.jpg\" \/>\n\t<meta property=\"og:image:width\" content=\"1080\" \/>\n\t<meta property=\"og:image:height\" content=\"720\" \/>\n\t<meta property=\"og:image:type\" content=\"image\/jpeg\" \/>\n<meta name=\"twitter:card\" content=\"summary_large_image\" \/>\n<meta name=\"twitter:label1\" content=\"Szacowany czas czytania\" \/>\n\t<meta name=\"twitter:data1\" content=\"3 minuty\" \/>\n<script type=\"application\/ld+json\" class=\"yoast-schema-graph\">{\"@context\":\"https:\\\/\\\/schema.org\",\"@graph\":[{\"@type\":\"WebPage\",\"@id\":\"https:\\\/\\\/skyline-gs.com\\\/de\\\/produkt\\\/golden-triangle-tour\\\/\",\"url\":\"https:\\\/\\\/skyline-gs.com\\\/de\\\/produkt\\\/golden-triangle-tour\\\/\",\"name\":\"\u0417\u043e\u043b\u043e\u0442\u043e\u0439 \u0442\u0440\u0435\u0443\u0433\u043e\u043b\u044c\u043d\u0438\u043a &#8226; \u042d\u043a\u0441\u043a\u0443\u0440\u0441\u0438\u0438 Skyline\",\"isPartOf\":{\"@id\":\"https:\\\/\\\/skyline-gs.com\\\/it\\\/#website\"},\"primaryImageOfPage\":{\"@id\":\"https:\\\/\\\/skyline-gs.com\\\/de\\\/produkt\\\/golden-triangle-tour\\\/#primaryimage\"},\"image\":{\"@id\":\"https:\\\/\\\/skyline-gs.com\\\/de\\\/produkt\\\/golden-triangle-tour\\\/#primaryimage\"},\"thumbnailUrl\":\"https:\\\/\\\/skyline-gs.com\\\/wp-content\\\/uploads\\\/2025\\\/12\\\/golden-triangle-1.jpg\",\"datePublished\":\"2025-12-04T22:41:51+00:00\",\"dateModified\":\"2025-12-04T23:43:59+00:00\",\"breadcrumb\":{\"@id\":\"https:\\\/\\\/skyline-gs.com\\\/de\\\/produkt\\\/golden-triangle-tour\\\/#breadcrumb\"},\"inLanguage\":\"pl-PL\",\"potentialAction\":[{\"@type\":\"ReadAction\",\"target\":[\"https:\\\/\\\/skyline-gs.com\\\/de\\\/produkt\\\/golden-triangle-tour\\\/\"]}]},{\"@type\":\"ImageObject\",\"inLanguage\":\"pl-PL\",\"@id\":\"https:\\\/\\\/skyline-gs.com\\\/de\\\/produkt\\\/golden-triangle-tour\\\/#primaryimage\",\"url\":\"https:\\\/\\\/skyline-gs.com\\\/wp-content\\\/uploads\\\/2025\\\/12\\\/golden-triangle-1.jpg\",\"contentUrl\":\"https:\\\/\\\/skyline-gs.com\\\/wp-content\\\/uploads\\\/2025\\\/12\\\/golden-triangle-1.jpg\",\"width\":1080,\"height\":720},{\"@type\":\"BreadcrumbList\",\"@id\":\"https:\\\/\\\/skyline-gs.com\\\/de\\\/produkt\\\/golden-triangle-tour\\\/#breadcrumb\",\"itemListElement\":[{\"@type\":\"ListItem\",\"position\":1,\"name\":\"\u0413\u043b\u0430\u0432\u043d\u0430\u044f \u0441\u0442\u0440\u0430\u043d\u0438\u0446\u0430\",\"item\":\"https:\\\/\\\/skyline-gs.com\\\/hu\\\/\"},{\"@type\":\"ListItem\",\"position\":2,\"name\":\"\u041c\u0430\u0433\u0430\u0437\u0438\u043d\",\"item\":\"https:\\\/\\\/skyline-gs.com\\\/cs\\\/shop\\\/\"},{\"@type\":\"ListItem\",\"position\":3,\"name\":\"\u0417\u043e\u043b\u043e\u0442\u043e\u0439 \u0442\u0440\u0435\u0443\u0433\u043e\u043b\u044c\u043d\u0438\u043a\"}]},{\"@type\":\"WebSite\",\"@id\":\"https:\\\/\\\/skyline-gs.com\\\/it\\\/#website\",\"url\":\"https:\\\/\\\/skyline-gs.com\\\/it\\\/\",\"name\":\"\u042d\u043a\u0441\u043a\u0443\u0440\u0441\u0438\u0438 Skyline\",\"description\":\"\u042d\u043a\u0441\u043a\u043b\u044e\u0437\u0438\u0432\u043d\u044b\u0435 \u044d\u043a\u0441\u043a\u0443\u0440\u0441\u0438\u0438 \u043d\u0430 \u043b\u0443\u0447\u0448\u0438\u0445 \u043a\u0443\u0440\u043e\u0440\u0442\u0430\u0445 \u043c\u0438\u0440\u0430\",\"publisher\":{\"@id\":\"https:\\\/\\\/skyline-gs.com\\\/it\\\/#organization\"},\"alternateName\":\"Skyline\",\"potentialAction\":[{\"@type\":\"SearchAction\",\"target\":{\"@type\":\"EntryPoint\",\"urlTemplate\":\"https:\\\/\\\/skyline-gs.com\\\/it\\\/?s={search_term_string}\"},\"query-input\":{\"@type\":\"PropertyValueSpecification\",\"valueRequired\":true,\"valueName\":\"search_term_string\"}}],\"inLanguage\":\"pl-PL\"},{\"@type\":\"Organization\",\"@id\":\"https:\\\/\\\/skyline-gs.com\\\/it\\\/#organization\",\"name\":\"\u042d\u043a\u0441\u043a\u0443\u0440\u0441\u0438\u0438 Skyline\",\"alternateName\":\"\u042d\u043a\u0441\u043a\u0443\u0440\u0441\u0438\u0438 Skyline\",\"url\":\"https:\\\/\\\/skyline-gs.com\\\/it\\\/\",\"logo\":{\"@type\":\"ImageObject\",\"inLanguage\":\"pl-PL\",\"@id\":\"https:\\\/\\\/skyline-gs.com\\\/it\\\/#\\\/schema\\\/logo\\\/image\\\/\",\"url\":\"https:\\\/\\\/skyline-gs.com\\\/wp-content\\\/uploads\\\/2020\\\/12\\\/cropped-logo-2.png\",\"contentUrl\":\"https:\\\/\\\/skyline-gs.com\\\/wp-content\\\/uploads\\\/2020\\\/12\\\/cropped-logo-2.png\",\"width\":512,\"height\":512,\"caption\":\"\u042d\u043a\u0441\u043a\u0443\u0440\u0441\u0438\u0438 Skyline\"},\"image\":{\"@id\":\"https:\\\/\\\/skyline-gs.com\\\/it\\\/#\\\/schema\\\/logo\\\/image\\\/\"},\"sameAs\":[\"https:\\\/\\\/www.instagram.com\\\/skylineglobalservice\\\/\"]}]}<\/script>\n<!-- \/ Yoast SEO plugin. -->","yoast_head_json":{"title":"Z\u0142oty Tr\u00f3jk\u0105t - Wycieczki Skyline","robots":{"index":"index","follow":"follow","max-snippet":"max-snippet:-1","max-image-preview":"max-image-preview:large","max-video-preview":"max-video-preview:-1"},"canonical":"https:\/\/skyline-gs.com\/pl\/produkt\/wycieczka-po-zlotym-trojkacie\/","og_locale":"pl_PL","og_type":"article","og_title":"\u0417\u043e\u043b\u043e\u0442\u043e\u0439 \u0442\u0440\u0435\u0443\u0433\u043e\u043b\u044c\u043d\u0438\u043a &#8226; \u042d\u043a\u0441\u043a\u0443\u0440\u0441\u0438\u0438 Skyline","og_description":"\u0412\u0440\u0435\u043c\u044f \u0442\u0443\u0440\u0430: 2 \u0434\u043d\u044f \u0414\u043d\u0438 \u043f\u0440\u043e\u0432\u0435\u0434\u0435\u043d\u0438\u044f: \u0435\u0436\u0435\u0434\u043d\u0435\u0432\u043d\u043e","og_url":"https:\/\/skyline-gs.com\/pl\/produkt\/wycieczka-po-zlotym-trojkacie\/","og_site_name":"\u042d\u043a\u0441\u043a\u0443\u0440\u0441\u0438\u0438 Skyline","article_modified_time":"2025-12-04T23:43:59+00:00","og_image":[{"width":1080,"height":720,"url":"https:\/\/skyline-gs.com\/wp-content\/uploads\/2025\/12\/golden-triangle-1.jpg","type":"image\/jpeg"}],"twitter_card":"summary_large_image","twitter_misc":{"Szacowany czas czytania":"3 minuty"},"schema":{"@context":"https:\/\/schema.org","@graph":[{"@type":"WebPage","@id":"https:\/\/skyline-gs.com\/de\/produkt\/golden-triangle-tour\/","url":"https:\/\/skyline-gs.com\/de\/produkt\/golden-triangle-tour\/","name":"Z\u0142oty Tr\u00f3jk\u0105t - Wycieczki Skyline","isPartOf":{"@id":"https:\/\/skyline-gs.com\/it\/#website"},"primaryImageOfPage":{"@id":"https:\/\/skyline-gs.com\/de\/produkt\/golden-triangle-tour\/#primaryimage"},"image":{"@id":"https:\/\/skyline-gs.com\/de\/produkt\/golden-triangle-tour\/#primaryimage"},"thumbnailUrl":"https:\/\/skyline-gs.com\/wp-content\/uploads\/2025\/12\/golden-triangle-1.jpg","datePublished":"2025-12-04T22:41:51+00:00","dateModified":"2025-12-04T23:43:59+00:00","breadcrumb":{"@id":"https:\/\/skyline-gs.com\/de\/produkt\/golden-triangle-tour\/#breadcrumb"},"inLanguage":"pl-PL","potentialAction":[{"@type":"ReadAction","target":["https:\/\/skyline-gs.com\/de\/produkt\/golden-triangle-tour\/"]}]},{"@type":"ImageObject","inLanguage":"pl-PL","@id":"https:\/\/skyline-gs.com\/de\/produkt\/golden-triangle-tour\/#primaryimage","url":"https:\/\/skyline-gs.com\/wp-content\/uploads\/2025\/12\/golden-triangle-1.jpg","contentUrl":"https:\/\/skyline-gs.com\/wp-content\/uploads\/2025\/12\/golden-triangle-1.jpg","width":1080,"height":720},{"@type":"BreadcrumbList","@id":"https:\/\/skyline-gs.com\/de\/produkt\/golden-triangle-tour\/#breadcrumb","itemListElement":[{"@type":"ListItem","position":1,"name":"\u0413\u043b\u0430\u0432\u043d\u0430\u044f \u0441\u0442\u0440\u0430\u043d\u0438\u0446\u0430","item":"https:\/\/skyline-gs.com\/hu\/"},{"@type":"ListItem","position":2,"name":"\u041c\u0430\u0433\u0430\u0437\u0438\u043d","item":"https:\/\/skyline-gs.com\/cs\/shop\/"},{"@type":"ListItem","position":3,"name":"\u0417\u043e\u043b\u043e\u0442\u043e\u0439 \u0442\u0440\u0435\u0443\u0433\u043e\u043b\u044c\u043d\u0438\u043a"}]},{"@type":"WebSite","@id":"https:\/\/skyline-gs.com\/it\/#website","url":"https:\/\/skyline-gs.com\/it\/","name":"Wycieczki Skyline","description":"Ekskluzywne wycieczki do najlepszych kurort\u00f3w na \u015bwiecie","publisher":{"@id":"https:\/\/skyline-gs.com\/it\/#organization"},"alternateName":"Skyline","potentialAction":[{"@type":"SearchAction","target":{"@type":"EntryPoint","urlTemplate":"https:\/\/skyline-gs.com\/it\/?s={search_term_string}"},"query-input":{"@type":"PropertyValueSpecification","valueRequired":true,"valueName":"search_term_string"}}],"inLanguage":"pl-PL"},{"@type":"Organization","@id":"https:\/\/skyline-gs.com\/it\/#organization","name":"Wycieczki Skyline","alternateName":"\u042d\u043a\u0441\u043a\u0443\u0440\u0441\u0438\u0438 Skyline","url":"https:\/\/skyline-gs.com\/it\/","logo":{"@type":"ImageObject","inLanguage":"pl-PL","@id":"https:\/\/skyline-gs.com\/it\/#\/schema\/logo\/image\/","url":"https:\/\/skyline-gs.com\/wp-content\/uploads\/2020\/12\/cropped-logo-2.png","contentUrl":"https:\/\/skyline-gs.com\/wp-content\/uploads\/2020\/12\/cropped-logo-2.png","width":512,"height":512,"caption":"\u042d\u043a\u0441\u043a\u0443\u0440\u0441\u0438\u0438 Skyline"},"image":{"@id":"https:\/\/skyline-gs.com\/it\/#\/schema\/logo\/image\/"},"sameAs":["https:\/\/www.instagram.com\/skylineglobalservice\/"]}]}},"_links":{"self":[{"href":"https:\/\/skyline-gs.com\/pl\/wp-json\/wp\/v2\/product\/72541","targetHints":{"allow":["GET"]}}],"collection":[{"href":"https:\/\/skyline-gs.com\/pl\/wp-json\/wp\/v2\/product"}],"about":[{"href":"https:\/\/skyline-gs.com\/pl\/wp-json\/wp\/v2\/types\/product"}],"version-history":[{"count":0,"href":"https:\/\/skyline-gs.com\/pl\/wp-json\/wp\/v2\/product\/72541\/revisions"}],"wp:featuredmedia":[{"embeddable":true,"href":"https:\/\/skyline-gs.com\/pl\/wp-json\/wp\/v2\/media\/72559"}],"wp:attachment":[{"href":"https:\/\/skyline-gs.com\/pl\/wp-json\/wp\/v2\/media?parent=72541"}],"wp:term":[{"taxonomy":"product_brand","embeddable":true,"href":"https:\/\/skyline-gs.com\/pl\/wp-json\/wp\/v2\/product_brand?post=72541"},{"taxonomy":"product_cat","embeddable":true,"href":"https:\/\/skyline-gs.com\/pl\/wp-json\/wp\/v2\/product_cat?post=72541"},{"taxonomy":"product_tag","embeddable":true,"href":"https:\/\/skyline-gs.com\/pl\/wp-json\/wp\/v2\/product_tag?post=72541"}],"curies":[{"name":"wp","href":"https:\/\/api.w.org\/{rel}","templated":true}]}}