{"id":70927,"date":"2025-11-09T13:44:20","date_gmt":"2025-11-09T11:44:20","guid":{"rendered":"http:\/\/skyline-gs.com\/?post_type=product&#038;p=70927"},"modified":"2026-01-26T13:39:09","modified_gmt":"2026-01-26T11:39:09","slug":"kair-hurghada","status":"publish","type":"product","link":"https:\/\/skyline-gs.com\/pl\/product\/cairo-hurghada\/","title":{"rendered":"Kair (standardowo): piramidy w Gizie i Muzeum Staroegipskie"},"content":{"rendered":"<p>1:00 w nocy \u2014 Wyjazd z hotelu. Podr\u00f3\u017c w jedn\u0105 stron\u0119 trwa oko\u0142o 7 godzin. Po drodze zobaczysz wybrze\u017ce Morza Czerwonego.\n8:30 \u2014 Przyjazd do Kairu i zwiedzanie jednego z najludniejszych miast Afryki.\nZwiedzanie Muzeum Egipskiego, w kt\u00f3rym znajduje si\u0119 ogromna kolekcja staro\u017cytnych artefakt\u00f3w. Muzeum ma ponad sto sal z unikalnymi eksponatami licz\u0105cymi oko\u0142o pi\u0119ciu tysi\u0119cy lat. Zobaczysz pos\u0105gi s\u0142ynnych faraon\u00f3w, takich jak Cheops, Chefren, Mykerinos, Hatszepsut, Echnaton i inni, a tak\u017ce z\u0142ote sarkofagi, pos\u0105gi i skarby z grobowca Tutanchamona.\nRejs po Nilu (opcjonalnie, +10 USD).<\/p>\n<p>Lunch w restauracji bufetowej (napoje nie s\u0105 wliczone w cen\u0119). Po lunchu udasz si\u0119 do miejsca, w kt\u00f3rym czas stoi w miejscu, do symbolu Egiptu - Wielkich Piramid i Sfinksa. W Egipcie znajduje si\u0119 ponad 100 piramid, ale najbardziej znane s\u0105 piramidy w Gizie, kt\u00f3re s\u0105 uwa\u017cane za pierwszy cud \u015bwiata wszechczas\u00f3w. Giza jest przedmie\u015bciem Kairu i jest znana na ca\u0142ym \u015bwiecie. Odwiedzisz Muzeum Papirusu, gdzie zostaniesz poinformowany i pokazany, jak papirus by\u0142 wytwarzany w czasach staro\u017cytnych lub fabryk\u0119 zapach\u00f3w i olejk\u00f3w. Podr\u00f3\u017c powrotna i powr\u00f3t do hotelu oko\u0142o godziny 22:00.<\/p>\n<p><strong>W zestawie:<\/strong><\/p>\n<ul>\n<li>Transfery z i do hotelu<\/li>\n<li>Transfer nowoczesnym, klimatyzowanym autokarem turystycznym<\/li>\n<li>Rosyjskoj\u0119zyczny przewodnik egiptolog w Kairze<\/li>\n<li>Op\u0142aty za wst\u0119p do wszystkich wymienionych atrakcji<\/li>\n<li>Lunch w restauracji w Kairze<\/li>\n<\/ul>\n<p><strong>Brak w zestawie:<\/strong><\/p>\n<ul>\n<li>Transfery z Sahl Hasheesh, Makadi Bay, El Gouna +$10 w obie strony (na grup\u0119 do 6 os\u00f3b).<\/li>\n<li>Transfer z krajowych hoteli w Soma Bay, Safaga +$20 w obie strony (na grup\u0119 do 6 os\u00f3b)<\/li>\n<li>Rejs po Nilu (opcjonalnie, dop\u0142ata +10 USD)<\/li>\n<li>Napoje<\/li>\n<\/ul>\n<p><strong>Zabierz go ze sob\u0105:<\/strong><\/p>\n<ul>\n<li>Paszport<\/li>\n<li>Nakrycie g\u0142owy<\/li>\n<li>Pieni\u0105dze na wydatki osobiste i pami\u0105tki<\/li>\n<li>Produkty higieny osobistej<\/li>\n<li>Woda pitna<\/li>\n<li>Poranna przek\u0105ska (wyja\u015bnij w recepcji hotelu, \u017ce wyje\u017cd\u017casz wcze\u015bnie rano na wycieczk\u0119 i musisz przygotowa\u0107 lunch box, hotele zapewni\u0105 t\u0119 us\u0142ug\u0119 bezp\u0142atnie).<\/li>\n<li>Wygodne buty<\/li>\n<li>Ciep\u0142e ubrania na podr\u00f3\u017c (zim\u0105)<\/li>\n<\/ul>","protected":false},"excerpt":{"rendered":"<p><strong>Czas wycieczki:<\/strong> 1:00 \u2014 22:00<\/p>\n<p><strong>Holding Days:<\/strong> Ka\u017cdego dnia.<\/p>","protected":false},"featured_media":70928,"template":"","meta":{"_kad_post_transparent":"default","_kad_post_title":"","_kad_post_layout":"default","_kad_post_sidebar_id":"","_kad_post_content_style":"default","_kad_post_vertical_padding":"default","_kad_post_feature":"","_kad_post_feature_position":"","_kad_post_header":false,"_kad_post_footer":false,"_kad_post_classname":"","_glsr_average":0,"_glsr_ranking":0,"_glsr_reviews":0},"product_brand":[],"product_cat":[479],"product_tag":[],"class_list":{"0":"post-70927","1":"product","2":"type-product","3":"status-publish","4":"has-post-thumbnail","6":"product_cat-hurghadatours","7":"tm-has-options","9":"first","10":"instock","11":"sold-individually","12":"taxable","13":"shipping-taxable","14":"purchasable","15":"product-type-simple","16":"entry","17":"content-bg","18":"loop-entry"},"yoast_head":"<!-- This site is optimized with the Yoast SEO plugin v27.4 - https:\/\/yoast.com\/product\/yoast-seo-wordpress\/ -->\n<title>\u041a\u0430\u0438\u0440 (\u0441\u0442\u0430\u043d\u0434\u0430\u0440\u0442): \u041f\u0438\u0440\u0430\u043c\u0438\u0434\u044b \u0413\u0438\u0437\u044b \u0438 \u0421\u0442\u0430\u0440\u044b\u0439 \u0415\u0433\u0438\u043f\u0435\u0442\u0441\u043a\u0438\u0439 \u043c\u0443\u0437\u0435\u0439 &#8226; \u042d\u043a\u0441\u043a\u0443\u0440\u0441\u0438\u0438 Skyline<\/title>\n<meta name=\"robots\" content=\"index, follow, max-snippet:-1, max-image-preview:large, max-video-preview:-1\" \/>\n<link rel=\"canonical\" href=\"https:\/\/skyline-gs.com\/pl\/produkt\/kair-hurghada\/\" \/>\n<meta property=\"og:locale\" content=\"pl_PL\" \/>\n<meta property=\"og:type\" content=\"article\" \/>\n<meta property=\"og:title\" content=\"\u041a\u0430\u0438\u0440 (\u0441\u0442\u0430\u043d\u0434\u0430\u0440\u0442): \u041f\u0438\u0440\u0430\u043c\u0438\u0434\u044b \u0413\u0438\u0437\u044b \u0438 \u0421\u0442\u0430\u0440\u044b\u0439 \u0415\u0433\u0438\u043f\u0435\u0442\u0441\u043a\u0438\u0439 \u043c\u0443\u0437\u0435\u0439 &#8226; \u042d\u043a\u0441\u043a\u0443\u0440\u0441\u0438\u0438 Skyline\" \/>\n<meta property=\"og:description\" content=\"\u0412\u0440\u0435\u043c\u044f \u0442\u0443\u0440\u0430: 1:00 - 22:00  \u0414\u043d\u0438 \u043f\u0440\u043e\u0432\u0435\u0434\u0435\u043d\u0438\u044f: \u041a\u0430\u0436\u0434\u044b\u0439 \u0434\u0435\u043d\u044c\" \/>\n<meta property=\"og:url\" content=\"https:\/\/skyline-gs.com\/pl\/produkt\/kair-hurghada\/\" \/>\n<meta property=\"og:site_name\" content=\"\u042d\u043a\u0441\u043a\u0443\u0440\u0441\u0438\u0438 Skyline\" \/>\n<meta property=\"article:modified_time\" content=\"2026-01-26T11:39:09+00:00\" \/>\n<meta property=\"og:image\" content=\"https:\/\/skyline-gs.com\/wp-content\/uploads\/2024\/08\/LoGo777.png\" \/>\n\t<meta property=\"og:image:width\" content=\"1080\" \/>\n\t<meta property=\"og:image:height\" content=\"1080\" \/>\n\t<meta property=\"og:image:type\" content=\"image\/png\" \/>\n<meta name=\"twitter:card\" content=\"summary_large_image\" \/>\n<meta name=\"twitter:label1\" content=\"Szacowany czas czytania\" \/>\n\t<meta name=\"twitter:data1\" content=\"2 minuty\" \/>\n<script type=\"application\/ld+json\" class=\"yoast-schema-graph\">{\"@context\":\"https:\\\/\\\/schema.org\",\"@graph\":[{\"@type\":\"WebPage\",\"@id\":\"https:\\\/\\\/skyline-gs.com\\\/product\\\/cairo-hurghada\\\/\",\"url\":\"https:\\\/\\\/skyline-gs.com\\\/product\\\/cairo-hurghada\\\/\",\"name\":\"\u041a\u0430\u0438\u0440 (\u0441\u0442\u0430\u043d\u0434\u0430\u0440\u0442): \u041f\u0438\u0440\u0430\u043c\u0438\u0434\u044b \u0413\u0438\u0437\u044b \u0438 \u0421\u0442\u0430\u0440\u044b\u0439 \u0415\u0433\u0438\u043f\u0435\u0442\u0441\u043a\u0438\u0439 \u043c\u0443\u0437\u0435\u0439 &#8226; \u042d\u043a\u0441\u043a\u0443\u0440\u0441\u0438\u0438 Skyline\",\"isPartOf\":{\"@id\":\"https:\\\/\\\/skyline-gs.com\\\/it\\\/#website\"},\"primaryImageOfPage\":{\"@id\":\"https:\\\/\\\/skyline-gs.com\\\/product\\\/cairo-hurghada\\\/#primaryimage\"},\"image\":{\"@id\":\"https:\\\/\\\/skyline-gs.com\\\/product\\\/cairo-hurghada\\\/#primaryimage\"},\"thumbnailUrl\":\"https:\\\/\\\/skyline-gs.com\\\/wp-content\\\/uploads\\\/2025\\\/11\\\/145-37.jpg.avif\",\"datePublished\":\"2025-11-09T11:44:20+00:00\",\"dateModified\":\"2026-01-26T11:39:09+00:00\",\"breadcrumb\":{\"@id\":\"https:\\\/\\\/skyline-gs.com\\\/product\\\/cairo-hurghada\\\/#breadcrumb\"},\"inLanguage\":\"pl-PL\",\"potentialAction\":[{\"@type\":\"ReadAction\",\"target\":[\"https:\\\/\\\/skyline-gs.com\\\/product\\\/cairo-hurghada\\\/\"]}]},{\"@type\":\"ImageObject\",\"inLanguage\":\"pl-PL\",\"@id\":\"https:\\\/\\\/skyline-gs.com\\\/product\\\/cairo-hurghada\\\/#primaryimage\",\"url\":\"https:\\\/\\\/skyline-gs.com\\\/wp-content\\\/uploads\\\/2025\\\/11\\\/145-37.jpg.avif\",\"contentUrl\":\"https:\\\/\\\/skyline-gs.com\\\/wp-content\\\/uploads\\\/2025\\\/11\\\/145-37.jpg.avif\",\"width\":960,\"height\":640},{\"@type\":\"BreadcrumbList\",\"@id\":\"https:\\\/\\\/skyline-gs.com\\\/product\\\/cairo-hurghada\\\/#breadcrumb\",\"itemListElement\":[{\"@type\":\"ListItem\",\"position\":1,\"name\":\"\u0413\u043b\u0430\u0432\u043d\u0430\u044f \u0441\u0442\u0440\u0430\u043d\u0438\u0446\u0430\",\"item\":\"https:\\\/\\\/skyline-gs.com\\\/hu\\\/\"},{\"@type\":\"ListItem\",\"position\":2,\"name\":\"\u041c\u0430\u0433\u0430\u0437\u0438\u043d\",\"item\":\"https:\\\/\\\/skyline-gs.com\\\/cs\\\/shop\\\/\"},{\"@type\":\"ListItem\",\"position\":3,\"name\":\"\u041a\u0430\u0438\u0440 (\u0441\u0442\u0430\u043d\u0434\u0430\u0440\u0442): \u041f\u0438\u0440\u0430\u043c\u0438\u0434\u044b \u0413\u0438\u0437\u044b \u0438 \u0421\u0442\u0430\u0440\u044b\u0439 \u0415\u0433\u0438\u043f\u0435\u0442\u0441\u043a\u0438\u0439 \u043c\u0443\u0437\u0435\u0439\"}]},{\"@type\":\"WebSite\",\"@id\":\"https:\\\/\\\/skyline-gs.com\\\/it\\\/#website\",\"url\":\"https:\\\/\\\/skyline-gs.com\\\/it\\\/\",\"name\":\"\u042d\u043a\u0441\u043a\u0443\u0440\u0441\u0438\u0438 Skyline\",\"description\":\"\u042d\u043a\u0441\u043a\u043b\u044e\u0437\u0438\u0432\u043d\u044b\u0435 \u044d\u043a\u0441\u043a\u0443\u0440\u0441\u0438\u0438 \u043d\u0430 \u043b\u0443\u0447\u0448\u0438\u0445 \u043a\u0443\u0440\u043e\u0440\u0442\u0430\u0445 \u043c\u0438\u0440\u0430\",\"publisher\":{\"@id\":\"https:\\\/\\\/skyline-gs.com\\\/it\\\/#organization\"},\"alternateName\":\"Skyline\",\"potentialAction\":[{\"@type\":\"SearchAction\",\"target\":{\"@type\":\"EntryPoint\",\"urlTemplate\":\"https:\\\/\\\/skyline-gs.com\\\/it\\\/?s={search_term_string}\"},\"query-input\":{\"@type\":\"PropertyValueSpecification\",\"valueRequired\":true,\"valueName\":\"search_term_string\"}}],\"inLanguage\":\"pl-PL\"},{\"@type\":\"Organization\",\"@id\":\"https:\\\/\\\/skyline-gs.com\\\/it\\\/#organization\",\"name\":\"\u042d\u043a\u0441\u043a\u0443\u0440\u0441\u0438\u0438 Skyline\",\"alternateName\":\"\u042d\u043a\u0441\u043a\u0443\u0440\u0441\u0438\u0438 Skyline\",\"url\":\"https:\\\/\\\/skyline-gs.com\\\/it\\\/\",\"logo\":{\"@type\":\"ImageObject\",\"inLanguage\":\"pl-PL\",\"@id\":\"https:\\\/\\\/skyline-gs.com\\\/it\\\/#\\\/schema\\\/logo\\\/image\\\/\",\"url\":\"https:\\\/\\\/skyline-gs.com\\\/wp-content\\\/uploads\\\/2020\\\/12\\\/cropped-logo-2.png\",\"contentUrl\":\"https:\\\/\\\/skyline-gs.com\\\/wp-content\\\/uploads\\\/2020\\\/12\\\/cropped-logo-2.png\",\"width\":512,\"height\":512,\"caption\":\"\u042d\u043a\u0441\u043a\u0443\u0440\u0441\u0438\u0438 Skyline\"},\"image\":{\"@id\":\"https:\\\/\\\/skyline-gs.com\\\/it\\\/#\\\/schema\\\/logo\\\/image\\\/\"},\"sameAs\":[\"https:\\\/\\\/www.instagram.com\\\/skylineglobalservice\\\/\"]}]}<\/script>\n<!-- \/ Yoast SEO plugin. -->","yoast_head_json":{"title":"Kair (standard): Piramidy w Gizie i Muzeum Staroegipskie - Wycieczki Skyline","robots":{"index":"index","follow":"follow","max-snippet":"max-snippet:-1","max-image-preview":"max-image-preview:large","max-video-preview":"max-video-preview:-1"},"canonical":"https:\/\/skyline-gs.com\/pl\/produkt\/kair-hurghada\/","og_locale":"pl_PL","og_type":"article","og_title":"\u041a\u0430\u0438\u0440 (\u0441\u0442\u0430\u043d\u0434\u0430\u0440\u0442): \u041f\u0438\u0440\u0430\u043c\u0438\u0434\u044b \u0413\u0438\u0437\u044b \u0438 \u0421\u0442\u0430\u0440\u044b\u0439 \u0415\u0433\u0438\u043f\u0435\u0442\u0441\u043a\u0438\u0439 \u043c\u0443\u0437\u0435\u0439 &#8226; \u042d\u043a\u0441\u043a\u0443\u0440\u0441\u0438\u0438 Skyline","og_description":"\u0412\u0440\u0435\u043c\u044f \u0442\u0443\u0440\u0430: 1:00 - 22:00  \u0414\u043d\u0438 \u043f\u0440\u043e\u0432\u0435\u0434\u0435\u043d\u0438\u044f: \u041a\u0430\u0436\u0434\u044b\u0439 \u0434\u0435\u043d\u044c","og_url":"https:\/\/skyline-gs.com\/pl\/produkt\/kair-hurghada\/","og_site_name":"\u042d\u043a\u0441\u043a\u0443\u0440\u0441\u0438\u0438 Skyline","article_modified_time":"2026-01-26T11:39:09+00:00","og_image":[{"width":1080,"height":1080,"url":"https:\/\/skyline-gs.com\/wp-content\/uploads\/2024\/08\/LoGo777.png","type":"image\/png"}],"twitter_card":"summary_large_image","twitter_misc":{"Szacowany czas czytania":"2 minuty"},"schema":{"@context":"https:\/\/schema.org","@graph":[{"@type":"WebPage","@id":"https:\/\/skyline-gs.com\/product\/cairo-hurghada\/","url":"https:\/\/skyline-gs.com\/product\/cairo-hurghada\/","name":"Kair (standard): Piramidy w Gizie i Muzeum Staroegipskie - Wycieczki Skyline","isPartOf":{"@id":"https:\/\/skyline-gs.com\/it\/#website"},"primaryImageOfPage":{"@id":"https:\/\/skyline-gs.com\/product\/cairo-hurghada\/#primaryimage"},"image":{"@id":"https:\/\/skyline-gs.com\/product\/cairo-hurghada\/#primaryimage"},"thumbnailUrl":"https:\/\/skyline-gs.com\/wp-content\/uploads\/2025\/11\/145-37.jpg.avif","datePublished":"2025-11-09T11:44:20+00:00","dateModified":"2026-01-26T11:39:09+00:00","breadcrumb":{"@id":"https:\/\/skyline-gs.com\/product\/cairo-hurghada\/#breadcrumb"},"inLanguage":"pl-PL","potentialAction":[{"@type":"ReadAction","target":["https:\/\/skyline-gs.com\/product\/cairo-hurghada\/"]}]},{"@type":"ImageObject","inLanguage":"pl-PL","@id":"https:\/\/skyline-gs.com\/product\/cairo-hurghada\/#primaryimage","url":"https:\/\/skyline-gs.com\/wp-content\/uploads\/2025\/11\/145-37.jpg.avif","contentUrl":"https:\/\/skyline-gs.com\/wp-content\/uploads\/2025\/11\/145-37.jpg.avif","width":960,"height":640},{"@type":"BreadcrumbList","@id":"https:\/\/skyline-gs.com\/product\/cairo-hurghada\/#breadcrumb","itemListElement":[{"@type":"ListItem","position":1,"name":"\u0413\u043b\u0430\u0432\u043d\u0430\u044f \u0441\u0442\u0440\u0430\u043d\u0438\u0446\u0430","item":"https:\/\/skyline-gs.com\/hu\/"},{"@type":"ListItem","position":2,"name":"\u041c\u0430\u0433\u0430\u0437\u0438\u043d","item":"https:\/\/skyline-gs.com\/cs\/shop\/"},{"@type":"ListItem","position":3,"name":"\u041a\u0430\u0438\u0440 (\u0441\u0442\u0430\u043d\u0434\u0430\u0440\u0442): \u041f\u0438\u0440\u0430\u043c\u0438\u0434\u044b \u0413\u0438\u0437\u044b \u0438 \u0421\u0442\u0430\u0440\u044b\u0439 \u0415\u0433\u0438\u043f\u0435\u0442\u0441\u043a\u0438\u0439 \u043c\u0443\u0437\u0435\u0439"}]},{"@type":"WebSite","@id":"https:\/\/skyline-gs.com\/it\/#website","url":"https:\/\/skyline-gs.com\/it\/","name":"Wycieczki Skyline","description":"Ekskluzywne wycieczki do najlepszych kurort\u00f3w na \u015bwiecie","publisher":{"@id":"https:\/\/skyline-gs.com\/it\/#organization"},"alternateName":"Skyline","potentialAction":[{"@type":"SearchAction","target":{"@type":"EntryPoint","urlTemplate":"https:\/\/skyline-gs.com\/it\/?s={search_term_string}"},"query-input":{"@type":"PropertyValueSpecification","valueRequired":true,"valueName":"search_term_string"}}],"inLanguage":"pl-PL"},{"@type":"Organization","@id":"https:\/\/skyline-gs.com\/it\/#organization","name":"Wycieczki Skyline","alternateName":"\u042d\u043a\u0441\u043a\u0443\u0440\u0441\u0438\u0438 Skyline","url":"https:\/\/skyline-gs.com\/it\/","logo":{"@type":"ImageObject","inLanguage":"pl-PL","@id":"https:\/\/skyline-gs.com\/it\/#\/schema\/logo\/image\/","url":"https:\/\/skyline-gs.com\/wp-content\/uploads\/2020\/12\/cropped-logo-2.png","contentUrl":"https:\/\/skyline-gs.com\/wp-content\/uploads\/2020\/12\/cropped-logo-2.png","width":512,"height":512,"caption":"\u042d\u043a\u0441\u043a\u0443\u0440\u0441\u0438\u0438 Skyline"},"image":{"@id":"https:\/\/skyline-gs.com\/it\/#\/schema\/logo\/image\/"},"sameAs":["https:\/\/www.instagram.com\/skylineglobalservice\/"]}]}},"_links":{"self":[{"href":"https:\/\/skyline-gs.com\/pl\/wp-json\/wp\/v2\/product\/70927","targetHints":{"allow":["GET"]}}],"collection":[{"href":"https:\/\/skyline-gs.com\/pl\/wp-json\/wp\/v2\/product"}],"about":[{"href":"https:\/\/skyline-gs.com\/pl\/wp-json\/wp\/v2\/types\/product"}],"version-history":[{"count":0,"href":"https:\/\/skyline-gs.com\/pl\/wp-json\/wp\/v2\/product\/70927\/revisions"}],"wp:featuredmedia":[{"embeddable":true,"href":"https:\/\/skyline-gs.com\/pl\/wp-json\/wp\/v2\/media\/70928"}],"wp:attachment":[{"href":"https:\/\/skyline-gs.com\/pl\/wp-json\/wp\/v2\/media?parent=70927"}],"wp:term":[{"taxonomy":"product_brand","embeddable":true,"href":"https:\/\/skyline-gs.com\/pl\/wp-json\/wp\/v2\/product_brand?post=70927"},{"taxonomy":"product_cat","embeddable":true,"href":"https:\/\/skyline-gs.com\/pl\/wp-json\/wp\/v2\/product_cat?post=70927"},{"taxonomy":"product_tag","embeddable":true,"href":"https:\/\/skyline-gs.com\/pl\/wp-json\/wp\/v2\/product_tag?post=70927"}],"curies":[{"name":"wp","href":"https:\/\/api.w.org\/{rel}","templated":true}]}}