{"id":67431,"date":"2025-10-14T01:06:01","date_gmt":"2025-10-13T23:06:01","guid":{"rendered":"http:\/\/skyline-gs.com\/?post_type=product&#038;p=67431"},"modified":"2025-10-17T00:33:03","modified_gmt":"2025-10-16T22:33:03","slug":"bangkok-night-classics","status":"publish","type":"product","link":"https:\/\/skyline-gs.com\/pl\/product\/bangkok-night-classics\/","title":{"rendered":"\u0411\u0430\u043d\u0433\u043a\u043e\u043a: \u0412\u0435\u0447\u0435\u0440\u043d\u044f\u044f \u041a\u043b\u0430\u0441\u0441\u0438\u043a\u0430"},"content":{"rendered":"<p>\u0411\u0435\u0437 \u0440\u0430\u043d\u043d\u0438\u0445 \u043f\u043e\u0434\u044a\u0435\u043c\u043e\u0432 \u0438 \u0443\u0442\u0440\u0435\u043d\u043d\u0438\u0445 \u043f\u0440\u043e\u0431\u043e\u043a! \u0412 \u043d\u0435\u0441\u043f\u0435\u0448\u043d\u043e\u043c \u0442\u0435\u043c\u043f\u0435 \u0432\u044b \u043f\u043e\u0441\u0435\u0442\u0438\u0442\u0435 \u0411\u043e\u043b\u044c\u0448\u043e\u0439 \u041a\u043e\u0440\u043e\u043b\u0435\u0432\u0441\u043a\u0438\u0439 \u0434\u0432\u043e\u0440\u0435\u0446, \u0425\u0440\u0430\u043c \u0418\u0437\u0443\u043c\u0440\u0443\u0434\u043d\u043e\u0433\u043e \u0411\u0443\u0434\u0434\u044b, \u0412\u0430\u0442 \u0410\u0440\u0443\u043d, \u043f\u043e\u0434\u043d\u0438\u043c\u0435\u0442\u0435\u0441\u044c \u043d\u0430 \u0441\u043c\u043e\u0442\u0440\u043e\u0432\u0443\u044e \u043f\u043b\u043e\u0449\u0430\u0434\u043a\u0443 \u0431\u0430\u0448\u043d\u0438 \u041c\u0430\u0445\u0430\u043d\u0430\u043a\u043e\u043d \u0438 \u043d\u0430\u0441\u043b\u0430\u0434\u0438\u0442\u0435\u0441\u044c \u0443\u0436\u0438\u043d\u043e\u043c \u0432 \u0440\u0435\u0441\u0442\u043e\u0440\u0430\u043d\u0435 \u043d\u0430 \u0440\u0435\u043a\u0435 \u0427\u0430\u043e \u041f\u0440\u0430\u0439\u044f. \u0418\u0434\u0435\u0430\u043b\u044c\u043d\u044b\u0439 \u0441\u043f\u043e\u0441\u043e\u0431 \u0443\u0432\u0438\u0434\u0435\u0442\u044c \u0441\u0442\u043e\u043b\u0438\u0446\u0443 \u0422\u0430\u0438\u043b\u0430\u043d\u0434\u0430 \u0432 \u0435\u0451 \u0432\u0435\u0447\u0435\u0440\u043d\u0435\u043c \u0431\u043b\u0435\u0441\u043a\u0435.<\/p>\n<p data-start=\"474\" data-end=\"809\"><strong>Program wycieczki:<\/strong><\/p>\n<p>9:50\u201310:50 \u2014 \u0412\u044b\u0435\u0437\u0434 \u0438\u0437 \u041f\u0430\u0442\u0442\u0430\u0439\u0438<br \/>\n\u041e\u0441\u043c\u043e\u0442\u0440 \u0411\u043e\u043b\u044c\u0448\u043e\u0433\u043e \u041a\u043e\u0440\u043e\u043b\u0435\u0432\u0441\u043a\u043e\u0433\u043e \u0414\u0432\u043e\u0440\u0446\u0430 \u0438 \u0425\u0440\u0430\u043c\u0430 \u0418\u0437\u0443\u043c\u0440\u0443\u0434\u043d\u043e\u0433\u043e \u0411\u0443\u0434\u0434\u044b<br \/>\n\u0423\u0436\u0438\u043d \u0432 \u0440\u0435\u0441\u0442\u043e\u0440\u0430\u043d\u0435 \u043d\u0430 \u0440\u0435\u043a\u0435 \u0427\u0430\u043e \u041f\u0440\u0430\u0439\u044f<br \/>\n\u041f\u0440\u043e\u0433\u0443\u043b\u043a\u0430 \u043d\u0430 \u043b\u043e\u0434\u043a\u0435 \u043a \u0425\u0440\u0430\u043c\u0443 \u0412\u0430\u0442 \u0410\u0440\u0443\u043d<br \/>\n\u041f\u043e\u0434\u044a\u0451\u043c \u043d\u0430 \u0431\u0430\u0448\u043d\u044e \u041c\u0430\u0445\u0430\u043d\u0430\u043a\u043e\u043d \u0438 \u043f\u0430\u043d\u043e\u0440\u0430\u043c\u043d\u044b\u0439 \u0432\u0438\u0434 \u043d\u0430 \u0433\u043e\u0440\u043e\u0434<br \/>\n18:50 \u2014 \u041e\u0442\u043f\u0440\u0430\u0432\u043b\u0435\u043d\u0438\u0435 \u043e\u0431\u0440\u0430\u0442\u043d\u043e \u0432 \u041f\u0430\u0442\u0442\u0430\u0439\u044e<br \/>\n21:00 \u2014 \u041f\u0440\u0438\u0431\u044b\u0442\u0438\u0435 \u0432 \u043e\u0442\u0435\u043b\u044c<\/p>\n<p><strong>W zestawie:<\/strong><\/p>\n<ul>\n<li>Transfer z i do hotelu<\/li>\n<li>Bilety wst\u0119pu<\/li>\n<li>Kolacja<\/li>\n<li>Rosyjskoj\u0119zyczny przewodnik<\/li>\n<li>Ubezpieczenie<\/li>\n<\/ul>\n<p><strong>Zabierz go ze sob\u0105:<\/strong><\/p>\n<ul>\n<li>Wygodne buty<\/li>\n<li>Odzie\u017c do zwiedzania \u015bwi\u0105ty\u0144 (zakryte ramiona i kolana)<\/li>\n<li>Nakrycie g\u0142owy<\/li>\n<li>kamera foto\/wideo<\/li>\n<li>Pieni\u0105dze na wydatki osobiste<\/li>\n<\/ul>\n<p><strong>Dodatkowe informacje:<\/strong><\/p>\n<ul>\n<li>Bilet dla dzieci liczony jest wed\u0142ug wzrostu od 90 do 120 cm. Dziecko o wzro\u015bcie do 90 cm przechodzi bezp\u0142atnie.<\/li>\n<li>Osoby b\u0119d\u0105ce pod wp\u0142ywem alkoholu lub narkotyk\u00f3w mog\u0105 nie zosta\u0107 wpuszczone na tras\u0119 pod gro\u017ab\u0105 utraty wp\u0142aconych \u015brodk\u00f3w.<\/li>\n<\/ul>","protected":false},"excerpt":{"rendered":"<p><strong>Czas wycieczki:<\/strong> \u0441 9:50 \u2014 \u0434\u043e 21:00<br \/>\n<strong>Holding Days:<\/strong> Poniedzia\u0142ek, \u015broda, pi\u0105tek<\/p>","protected":false},"featured_media":67516,"template":"","meta":{"_kad_post_transparent":"default","_kad_post_title":"","_kad_post_layout":"default","_kad_post_sidebar_id":"","_kad_post_content_style":"default","_kad_post_vertical_padding":"default","_kad_post_feature":"","_kad_post_feature_position":"","_kad_post_header":false,"_kad_post_footer":false,"_kad_post_classname":"","_glsr_average":0,"_glsr_ranking":0,"_glsr_reviews":0},"product_brand":[],"product_cat":[507],"product_tag":[],"class_list":{"0":"post-67431","1":"product","2":"type-product","3":"status-publish","4":"has-post-thumbnail","6":"product_cat-pattaya","7":"tm-has-options","9":"first","10":"instock","11":"sold-individually","12":"taxable","13":"shipping-taxable","14":"purchasable","15":"product-type-simple","16":"entry","17":"content-bg","18":"loop-entry"},"yoast_head":"<!-- This site is optimized with the Yoast SEO plugin v27.3 - https:\/\/yoast.com\/product\/yoast-seo-wordpress\/ -->\n<title>\u0411\u0430\u043d\u0433\u043a\u043e\u043a: \u0412\u0435\u0447\u0435\u0440\u043d\u044f\u044f \u041a\u043b\u0430\u0441\u0441\u0438\u043a\u0430 &#8226; \u042d\u043a\u0441\u043a\u0443\u0440\u0441\u0438\u0438 Skyline<\/title>\n<meta name=\"robots\" content=\"index, follow, max-snippet:-1, max-image-preview:large, max-video-preview:-1\" \/>\n<link rel=\"canonical\" href=\"https:\/\/skyline-gs.com\/pl\/produkt\/bangkok-night-classics\/\" \/>\n<meta property=\"og:locale\" content=\"pl_PL\" \/>\n<meta property=\"og:type\" content=\"article\" \/>\n<meta property=\"og:title\" content=\"\u0411\u0430\u043d\u0433\u043a\u043e\u043a: \u0412\u0435\u0447\u0435\u0440\u043d\u044f\u044f \u041a\u043b\u0430\u0441\u0441\u0438\u043a\u0430 &#8226; \u042d\u043a\u0441\u043a\u0443\u0440\u0441\u0438\u0438 Skyline\" \/>\n<meta property=\"og:description\" content=\"\u0412\u0440\u0435\u043c\u044f \u0442\u0443\u0440\u0430: \u0441 9:50 \u2014 \u0434\u043e 21:00 \u0414\u043d\u0438 \u043f\u0440\u043e\u0432\u0435\u0434\u0435\u043d\u0438\u044f: \u043f\u043e\u043d\u0435\u0434\u0435\u043b\u044c\u043d\u0438\u043a, \u0441\u0440\u0435\u0434\u0430, \u043f\u044f\u0442\u043d\u0438\u0446\u0430\" \/>\n<meta property=\"og:url\" content=\"https:\/\/skyline-gs.com\/pl\/produkt\/bangkok-night-classics\/\" \/>\n<meta property=\"og:site_name\" content=\"\u042d\u043a\u0441\u043a\u0443\u0440\u0441\u0438\u0438 Skyline\" \/>\n<meta property=\"article:modified_time\" content=\"2025-10-16T22:33:03+00:00\" \/>\n<meta property=\"og:image\" content=\"https:\/\/skyline-gs.com\/wp-content\/uploads\/2025\/10\/evening_classic26-e1765917762244.webp\" \/>\n\t<meta property=\"og:image:width\" content=\"619\" \/>\n\t<meta property=\"og:image:height\" content=\"413\" \/>\n\t<meta property=\"og:image:type\" content=\"image\/webp\" \/>\n<meta name=\"twitter:card\" content=\"summary_large_image\" \/>\n<meta name=\"twitter:label1\" content=\"Szacowany czas czytania\" \/>\n\t<meta name=\"twitter:data1\" content=\"1 minuta\" \/>\n<script type=\"application\/ld+json\" class=\"yoast-schema-graph\">{\"@context\":\"https:\\\/\\\/schema.org\",\"@graph\":[{\"@type\":\"WebPage\",\"@id\":\"https:\\\/\\\/skyline-gs.com\\\/en\\\/product-2\\\/bangkok-night-classics\\\/\",\"url\":\"https:\\\/\\\/skyline-gs.com\\\/en\\\/product-2\\\/bangkok-night-classics\\\/\",\"name\":\"\u0411\u0430\u043d\u0433\u043a\u043e\u043a: \u0412\u0435\u0447\u0435\u0440\u043d\u044f\u044f \u041a\u043b\u0430\u0441\u0441\u0438\u043a\u0430 &#8226; \u042d\u043a\u0441\u043a\u0443\u0440\u0441\u0438\u0438 Skyline\",\"isPartOf\":{\"@id\":\"https:\\\/\\\/skyline-gs.com\\\/it\\\/#website\"},\"primaryImageOfPage\":{\"@id\":\"https:\\\/\\\/skyline-gs.com\\\/en\\\/product-2\\\/bangkok-night-classics\\\/#primaryimage\"},\"image\":{\"@id\":\"https:\\\/\\\/skyline-gs.com\\\/en\\\/product-2\\\/bangkok-night-classics\\\/#primaryimage\"},\"thumbnailUrl\":\"https:\\\/\\\/skyline-gs.com\\\/wp-content\\\/uploads\\\/2025\\\/10\\\/evening_classic26-e1765917762244.webp\",\"datePublished\":\"2025-10-13T23:06:01+00:00\",\"dateModified\":\"2025-10-16T22:33:03+00:00\",\"breadcrumb\":{\"@id\":\"https:\\\/\\\/skyline-gs.com\\\/en\\\/product-2\\\/bangkok-night-classics\\\/#breadcrumb\"},\"inLanguage\":\"pl-PL\",\"potentialAction\":[{\"@type\":\"ReadAction\",\"target\":[\"https:\\\/\\\/skyline-gs.com\\\/en\\\/product-2\\\/bangkok-night-classics\\\/\"]}]},{\"@type\":\"ImageObject\",\"inLanguage\":\"pl-PL\",\"@id\":\"https:\\\/\\\/skyline-gs.com\\\/en\\\/product-2\\\/bangkok-night-classics\\\/#primaryimage\",\"url\":\"https:\\\/\\\/skyline-gs.com\\\/wp-content\\\/uploads\\\/2025\\\/10\\\/evening_classic26-e1765917762244.webp\",\"contentUrl\":\"https:\\\/\\\/skyline-gs.com\\\/wp-content\\\/uploads\\\/2025\\\/10\\\/evening_classic26-e1765917762244.webp\",\"width\":619,\"height\":413},{\"@type\":\"BreadcrumbList\",\"@id\":\"https:\\\/\\\/skyline-gs.com\\\/en\\\/product-2\\\/bangkok-night-classics\\\/#breadcrumb\",\"itemListElement\":[{\"@type\":\"ListItem\",\"position\":1,\"name\":\"\u0413\u043b\u0430\u0432\u043d\u0430\u044f \u0441\u0442\u0440\u0430\u043d\u0438\u0446\u0430\",\"item\":\"https:\\\/\\\/skyline-gs.com\\\/hu\\\/\"},{\"@type\":\"ListItem\",\"position\":2,\"name\":\"\u041c\u0430\u0433\u0430\u0437\u0438\u043d\",\"item\":\"https:\\\/\\\/skyline-gs.com\\\/cs\\\/shop\\\/\"},{\"@type\":\"ListItem\",\"position\":3,\"name\":\"\u0411\u0430\u043d\u0433\u043a\u043e\u043a: \u0412\u0435\u0447\u0435\u0440\u043d\u044f\u044f \u041a\u043b\u0430\u0441\u0441\u0438\u043a\u0430\"}]},{\"@type\":\"WebSite\",\"@id\":\"https:\\\/\\\/skyline-gs.com\\\/it\\\/#website\",\"url\":\"https:\\\/\\\/skyline-gs.com\\\/it\\\/\",\"name\":\"\u042d\u043a\u0441\u043a\u0443\u0440\u0441\u0438\u0438 Skyline\",\"description\":\"\u042d\u043a\u0441\u043a\u043b\u044e\u0437\u0438\u0432\u043d\u044b\u0435 \u044d\u043a\u0441\u043a\u0443\u0440\u0441\u0438\u0438 \u043d\u0430 \u043b\u0443\u0447\u0448\u0438\u0445 \u043a\u0443\u0440\u043e\u0440\u0442\u0430\u0445 \u043c\u0438\u0440\u0430\",\"publisher\":{\"@id\":\"https:\\\/\\\/skyline-gs.com\\\/it\\\/#organization\"},\"alternateName\":\"Skyline\",\"potentialAction\":[{\"@type\":\"SearchAction\",\"target\":{\"@type\":\"EntryPoint\",\"urlTemplate\":\"https:\\\/\\\/skyline-gs.com\\\/it\\\/?s={search_term_string}\"},\"query-input\":{\"@type\":\"PropertyValueSpecification\",\"valueRequired\":true,\"valueName\":\"search_term_string\"}}],\"inLanguage\":\"pl-PL\"},{\"@type\":\"Organization\",\"@id\":\"https:\\\/\\\/skyline-gs.com\\\/it\\\/#organization\",\"name\":\"\u042d\u043a\u0441\u043a\u0443\u0440\u0441\u0438\u0438 Skyline\",\"alternateName\":\"\u042d\u043a\u0441\u043a\u0443\u0440\u0441\u0438\u0438 Skyline\",\"url\":\"https:\\\/\\\/skyline-gs.com\\\/it\\\/\",\"logo\":{\"@type\":\"ImageObject\",\"inLanguage\":\"pl-PL\",\"@id\":\"https:\\\/\\\/skyline-gs.com\\\/it\\\/#\\\/schema\\\/logo\\\/image\\\/\",\"url\":\"https:\\\/\\\/skyline-gs.com\\\/wp-content\\\/uploads\\\/2020\\\/12\\\/cropped-logo-2.png\",\"contentUrl\":\"https:\\\/\\\/skyline-gs.com\\\/wp-content\\\/uploads\\\/2020\\\/12\\\/cropped-logo-2.png\",\"width\":512,\"height\":512,\"caption\":\"\u042d\u043a\u0441\u043a\u0443\u0440\u0441\u0438\u0438 Skyline\"},\"image\":{\"@id\":\"https:\\\/\\\/skyline-gs.com\\\/it\\\/#\\\/schema\\\/logo\\\/image\\\/\"},\"sameAs\":[\"https:\\\/\\\/www.instagram.com\\\/skylineglobalservice\\\/\"]}]}<\/script>\n<!-- \/ Yoast SEO plugin. -->","yoast_head_json":{"title":"\u0411\u0430\u043d\u0433\u043a\u043e\u043a: \u0412\u0435\u0447\u0435\u0440\u043d\u044f\u044f \u041a\u043b\u0430\u0441\u0441\u0438\u043a\u0430 &#8226; \u042d\u043a\u0441\u043a\u0443\u0440\u0441\u0438\u0438 Skyline","robots":{"index":"index","follow":"follow","max-snippet":"max-snippet:-1","max-image-preview":"max-image-preview:large","max-video-preview":"max-video-preview:-1"},"canonical":"https:\/\/skyline-gs.com\/pl\/produkt\/bangkok-night-classics\/","og_locale":"pl_PL","og_type":"article","og_title":"\u0411\u0430\u043d\u0433\u043a\u043e\u043a: \u0412\u0435\u0447\u0435\u0440\u043d\u044f\u044f \u041a\u043b\u0430\u0441\u0441\u0438\u043a\u0430 &#8226; \u042d\u043a\u0441\u043a\u0443\u0440\u0441\u0438\u0438 Skyline","og_description":"\u0412\u0440\u0435\u043c\u044f \u0442\u0443\u0440\u0430: \u0441 9:50 \u2014 \u0434\u043e 21:00 \u0414\u043d\u0438 \u043f\u0440\u043e\u0432\u0435\u0434\u0435\u043d\u0438\u044f: \u043f\u043e\u043d\u0435\u0434\u0435\u043b\u044c\u043d\u0438\u043a, \u0441\u0440\u0435\u0434\u0430, \u043f\u044f\u0442\u043d\u0438\u0446\u0430","og_url":"https:\/\/skyline-gs.com\/pl\/produkt\/bangkok-night-classics\/","og_site_name":"\u042d\u043a\u0441\u043a\u0443\u0440\u0441\u0438\u0438 Skyline","article_modified_time":"2025-10-16T22:33:03+00:00","og_image":[{"width":619,"height":413,"url":"https:\/\/skyline-gs.com\/wp-content\/uploads\/2025\/10\/evening_classic26-e1765917762244.webp","type":"image\/webp"}],"twitter_card":"summary_large_image","twitter_misc":{"Szacowany czas czytania":"1 minuta"},"schema":{"@context":"https:\/\/schema.org","@graph":[{"@type":"WebPage","@id":"https:\/\/skyline-gs.com\/en\/product-2\/bangkok-night-classics\/","url":"https:\/\/skyline-gs.com\/en\/product-2\/bangkok-night-classics\/","name":"\u0411\u0430\u043d\u0433\u043a\u043e\u043a: \u0412\u0435\u0447\u0435\u0440\u043d\u044f\u044f \u041a\u043b\u0430\u0441\u0441\u0438\u043a\u0430 &#8226; \u042d\u043a\u0441\u043a\u0443\u0440\u0441\u0438\u0438 Skyline","isPartOf":{"@id":"https:\/\/skyline-gs.com\/it\/#website"},"primaryImageOfPage":{"@id":"https:\/\/skyline-gs.com\/en\/product-2\/bangkok-night-classics\/#primaryimage"},"image":{"@id":"https:\/\/skyline-gs.com\/en\/product-2\/bangkok-night-classics\/#primaryimage"},"thumbnailUrl":"https:\/\/skyline-gs.com\/wp-content\/uploads\/2025\/10\/evening_classic26-e1765917762244.webp","datePublished":"2025-10-13T23:06:01+00:00","dateModified":"2025-10-16T22:33:03+00:00","breadcrumb":{"@id":"https:\/\/skyline-gs.com\/en\/product-2\/bangkok-night-classics\/#breadcrumb"},"inLanguage":"pl-PL","potentialAction":[{"@type":"ReadAction","target":["https:\/\/skyline-gs.com\/en\/product-2\/bangkok-night-classics\/"]}]},{"@type":"ImageObject","inLanguage":"pl-PL","@id":"https:\/\/skyline-gs.com\/en\/product-2\/bangkok-night-classics\/#primaryimage","url":"https:\/\/skyline-gs.com\/wp-content\/uploads\/2025\/10\/evening_classic26-e1765917762244.webp","contentUrl":"https:\/\/skyline-gs.com\/wp-content\/uploads\/2025\/10\/evening_classic26-e1765917762244.webp","width":619,"height":413},{"@type":"BreadcrumbList","@id":"https:\/\/skyline-gs.com\/en\/product-2\/bangkok-night-classics\/#breadcrumb","itemListElement":[{"@type":"ListItem","position":1,"name":"\u0413\u043b\u0430\u0432\u043d\u0430\u044f \u0441\u0442\u0440\u0430\u043d\u0438\u0446\u0430","item":"https:\/\/skyline-gs.com\/hu\/"},{"@type":"ListItem","position":2,"name":"\u041c\u0430\u0433\u0430\u0437\u0438\u043d","item":"https:\/\/skyline-gs.com\/cs\/shop\/"},{"@type":"ListItem","position":3,"name":"\u0411\u0430\u043d\u0433\u043a\u043e\u043a: \u0412\u0435\u0447\u0435\u0440\u043d\u044f\u044f \u041a\u043b\u0430\u0441\u0441\u0438\u043a\u0430"}]},{"@type":"WebSite","@id":"https:\/\/skyline-gs.com\/it\/#website","url":"https:\/\/skyline-gs.com\/it\/","name":"Wycieczki Skyline","description":"Ekskluzywne wycieczki do najlepszych kurort\u00f3w na \u015bwiecie","publisher":{"@id":"https:\/\/skyline-gs.com\/it\/#organization"},"alternateName":"Skyline","potentialAction":[{"@type":"SearchAction","target":{"@type":"EntryPoint","urlTemplate":"https:\/\/skyline-gs.com\/it\/?s={search_term_string}"},"query-input":{"@type":"PropertyValueSpecification","valueRequired":true,"valueName":"search_term_string"}}],"inLanguage":"pl-PL"},{"@type":"Organization","@id":"https:\/\/skyline-gs.com\/it\/#organization","name":"Wycieczki Skyline","alternateName":"\u042d\u043a\u0441\u043a\u0443\u0440\u0441\u0438\u0438 Skyline","url":"https:\/\/skyline-gs.com\/it\/","logo":{"@type":"ImageObject","inLanguage":"pl-PL","@id":"https:\/\/skyline-gs.com\/it\/#\/schema\/logo\/image\/","url":"https:\/\/skyline-gs.com\/wp-content\/uploads\/2020\/12\/cropped-logo-2.png","contentUrl":"https:\/\/skyline-gs.com\/wp-content\/uploads\/2020\/12\/cropped-logo-2.png","width":512,"height":512,"caption":"\u042d\u043a\u0441\u043a\u0443\u0440\u0441\u0438\u0438 Skyline"},"image":{"@id":"https:\/\/skyline-gs.com\/it\/#\/schema\/logo\/image\/"},"sameAs":["https:\/\/www.instagram.com\/skylineglobalservice\/"]}]}},"_links":{"self":[{"href":"https:\/\/skyline-gs.com\/pl\/wp-json\/wp\/v2\/product\/67431","targetHints":{"allow":["GET"]}}],"collection":[{"href":"https:\/\/skyline-gs.com\/pl\/wp-json\/wp\/v2\/product"}],"about":[{"href":"https:\/\/skyline-gs.com\/pl\/wp-json\/wp\/v2\/types\/product"}],"version-history":[{"count":0,"href":"https:\/\/skyline-gs.com\/pl\/wp-json\/wp\/v2\/product\/67431\/revisions"}],"wp:featuredmedia":[{"embeddable":true,"href":"https:\/\/skyline-gs.com\/pl\/wp-json\/wp\/v2\/media\/67516"}],"wp:attachment":[{"href":"https:\/\/skyline-gs.com\/pl\/wp-json\/wp\/v2\/media?parent=67431"}],"wp:term":[{"taxonomy":"product_brand","embeddable":true,"href":"https:\/\/skyline-gs.com\/pl\/wp-json\/wp\/v2\/product_brand?post=67431"},{"taxonomy":"product_cat","embeddable":true,"href":"https:\/\/skyline-gs.com\/pl\/wp-json\/wp\/v2\/product_cat?post=67431"},{"taxonomy":"product_tag","embeddable":true,"href":"https:\/\/skyline-gs.com\/pl\/wp-json\/wp\/v2\/product_tag?post=67431"}],"curies":[{"name":"wp","href":"https:\/\/api.w.org\/{rel}","templated":true}]}}