{"id":66956,"date":"2025-10-02T02:18:41","date_gmt":"2025-10-02T00:18:41","guid":{"rendered":"http:\/\/skyline-gs.com\/?post_type=product&#038;p=66956"},"modified":"2025-10-03T18:34:38","modified_gmt":"2025-10-03T16:34:38","slug":"land-of-kings-and-alpaca-park","status":"publish","type":"product","link":"https:\/\/skyline-gs.com\/pl\/product\/land-of-kings-and-alpaca-park\/","title":{"rendered":"Land of Kings i Alpaca Park"},"content":{"rendered":"<p>Podr\u00f3\u017c do bajkowej prowincji Ratchaburi, gdzie niezwyk\u0142o\u015b\u0107 przeplata si\u0119 z natur\u0105: alpejskie \u0142\u0105ki z alpakami, jaskinie, wodospady, \u017ar\u00f3d\u0142a termalne i niesamowity wieczorny r\u00f3j nietoperzy. Dzie\u0144 pe\u0142en odkry\u0107, atmosfery i kolorowych uj\u0119\u0107.<\/p>\n<p data-start=\"474\" data-end=\"809\"><strong>Program wycieczki:<\/strong><\/p>\n<p data-start=\"474\" data-end=\"809\">05:30 - wyjazd z hoteli w Pattaya<br \/>\n08:00 - post\u00f3j na \u015bniadanie<br \/>\n09:00 - Jaskinia wodna Ratchaburi (rzeka wewn\u0105trz jaskini)<br \/>\n11:00 - Jaskinia wr\u00f3\u017cek Khao Bin (10 sal, kolorowe \u015bwiat\u0142a)<br \/>\n12:00 - Przejazd do Alpaca Park w g\u00f3rach, spotkanie z alpakami i innymi zwierz\u0119tami<br \/>\n14:00 - Lunch<br \/>\n15:00 - Dziewi\u0119ciopoziomowy wodospad na granicy z Mjanm\u0105<br \/>\n16:00 - Mineralne ciep\u0142e baseny w d\u017cungli (prysznice, przebieralnie)<br \/>\n17:00 - Kawiarnia w stylu Wyspy Wielkanocnej<br \/>\n18:30 - Ogromny r\u00f3j nietoperzy wy\u0142ania si\u0119 z kanionu.<br \/>\n22:00 - Powr\u00f3t do hoteli w Pattaya<\/p>\n<p><strong style=\"font-family: var(--global-body-font-family);\">W zestawie:<\/strong><\/p>\n<ul>\n<li>Transfer z i do hotelu<\/li>\n<li>Bilety wst\u0119pu<\/li>\n<li>Lunch<\/li>\n<li>Rosyjskoj\u0119zyczny przewodnik<\/li>\n<li>Ubezpieczenie<\/li>\n<li>Prezenty\/pami\u0105tki dla go\u015bci<\/li>\n<\/ul>\n<p><strong>Zabierz go ze sob\u0105:<\/strong><\/p>\n<ul>\n<li>Kopia paszportu<\/li>\n<li>Wygodne buty<\/li>\n<li>Odzie\u017c outdoorowa<\/li>\n<li>Kostium k\u0105pielowy i r\u0119cznik<\/li>\n<li>Nakrycie g\u0142owy<\/li>\n<li>kamera foto\/wideo<\/li>\n<li>Pieni\u0105dze na wydatki osobiste<\/li>\n<\/ul>\n<p><strong>Dodatkowe informacje:<\/strong><\/p>\n<ul>\n<li>Wycieczka jest przeznaczona dla os\u00f3b w wieku od 4 lat<\/li>\n<li>W Jaskini Strachu mog\u0105 pojawi\u0107 si\u0119 sceny wywo\u0142uj\u0105ce reakcje emocjonalne<\/li>\n<li>P\u0142ywanie przy wodospadzie Suwat jest zabronione ze wzgl\u0119d\u00f3w bezpiecze\u0144stwa.<\/li>\n<li>W drodze powrotnej - panoramiczne widoki, nocne miasto z wysoko\u015bci<\/li>\n<li>Indywidualne wycieczki ze zmodyfikowanym planem podr\u00f3\u017cy s\u0105 dost\u0119pne na \u017cyczenie.<\/li>\n<\/ul>","protected":false},"excerpt":{"rendered":"<p><strong>Czas wycieczki:<\/strong> 05:30 do 22:00<br \/>\n<strong>Dni wydarzenia<\/strong>wtorek, sobota<\/p>","protected":false},"featured_media":66994,"template":"","meta":{"_kad_post_transparent":"default","_kad_post_title":"","_kad_post_layout":"default","_kad_post_sidebar_id":"","_kad_post_content_style":"default","_kad_post_vertical_padding":"default","_kad_post_feature":"","_kad_post_feature_position":"","_kad_post_header":false,"_kad_post_footer":false,"_kad_post_classname":"","_glsr_average":0,"_glsr_ranking":0,"_glsr_reviews":0},"product_brand":[],"product_cat":[507],"product_tag":[],"class_list":{"0":"post-66956","1":"product","2":"type-product","3":"status-publish","4":"has-post-thumbnail","6":"product_cat-pattaya","7":"tm-has-options","9":"first","10":"instock","11":"sold-individually","12":"taxable","13":"shipping-taxable","14":"purchasable","15":"product-type-simple","16":"entry","17":"content-bg","18":"loop-entry"},"yoast_head":"<!-- This site is optimized with the Yoast SEO plugin v27.3 - https:\/\/yoast.com\/product\/yoast-seo-wordpress\/ -->\n<title>\u0417\u0435\u043c\u043b\u044f \u041a\u043e\u0440\u043e\u043b\u0435\u0439 \u0438 \u0410\u043b\u044c\u043f\u0430\u043a\u0430 \u043f\u0430\u0440\u043a &#8226; \u042d\u043a\u0441\u043a\u0443\u0440\u0441\u0438\u0438 Skyline<\/title>\n<meta name=\"robots\" content=\"index, follow, max-snippet:-1, max-image-preview:large, max-video-preview:-1\" \/>\n<link rel=\"canonical\" href=\"http:\/\/skyline-gs.com\/pl\/produkt\/land-of-kings-and-alpaca-park\/\" \/>\n<meta property=\"og:locale\" content=\"pl_PL\" \/>\n<meta property=\"og:type\" content=\"article\" \/>\n<meta property=\"og:title\" content=\"\u0417\u0435\u043c\u043b\u044f \u041a\u043e\u0440\u043e\u043b\u0435\u0439 \u0438 \u0410\u043b\u044c\u043f\u0430\u043a\u0430 \u043f\u0430\u0440\u043a &#8226; \u042d\u043a\u0441\u043a\u0443\u0440\u0441\u0438\u0438 Skyline\" \/>\n<meta property=\"og:description\" content=\"\u0412\u0440\u0435\u043c\u044f \u0442\u0443\u0440\u0430: \u0441 05:30 \u0434\u043e 22:00 \u0414\u043d\u0438 \u043f\u0440\u043e\u0432\u0435\u0434\u0435\u043d\u0438\u044f: \u0432\u0442\u043e\u0440\u043d\u0438\u043a, \u0441\u0443\u0431\u0431\u043e\u0442\u0430\" \/>\n<meta property=\"og:url\" content=\"http:\/\/skyline-gs.com\/pl\/produkt\/land-of-kings-and-alpaca-park\/\" \/>\n<meta property=\"og:site_name\" content=\"\u042d\u043a\u0441\u043a\u0443\u0440\u0441\u0438\u0438 Skyline\" \/>\n<meta property=\"article:modified_time\" content=\"2025-10-03T16:34:38+00:00\" \/>\n<meta property=\"og:image\" content=\"https:\/\/skyline-gs.com\/wp-content\/uploads\/2025\/10\/unnamed-2-e1759509236249.jpg\" \/>\n\t<meta property=\"og:image:width\" content=\"416\" \/>\n\t<meta property=\"og:image:height\" content=\"278\" \/>\n\t<meta property=\"og:image:type\" content=\"image\/jpeg\" \/>\n<meta name=\"twitter:card\" content=\"summary_large_image\" \/>\n<meta name=\"twitter:label1\" content=\"Szacowany czas czytania\" \/>\n\t<meta name=\"twitter:data1\" content=\"2 minuty\" \/>\n<script type=\"application\/ld+json\" class=\"yoast-schema-graph\">{\"@context\":\"https:\\\/\\\/schema.org\",\"@graph\":[{\"@type\":\"WebPage\",\"@id\":\"http:\\\/\\\/skyline-gs.com\\\/de\\\/produkt\\\/land-of-kings-and-alpaca-park\\\/\",\"url\":\"http:\\\/\\\/skyline-gs.com\\\/de\\\/produkt\\\/land-of-kings-and-alpaca-park\\\/\",\"name\":\"\u0417\u0435\u043c\u043b\u044f \u041a\u043e\u0440\u043e\u043b\u0435\u0439 \u0438 \u0410\u043b\u044c\u043f\u0430\u043a\u0430 \u043f\u0430\u0440\u043a &#8226; \u042d\u043a\u0441\u043a\u0443\u0440\u0441\u0438\u0438 Skyline\",\"isPartOf\":{\"@id\":\"https:\\\/\\\/skyline-gs.com\\\/it\\\/#website\"},\"primaryImageOfPage\":{\"@id\":\"http:\\\/\\\/skyline-gs.com\\\/de\\\/produkt\\\/land-of-kings-and-alpaca-park\\\/#primaryimage\"},\"image\":{\"@id\":\"http:\\\/\\\/skyline-gs.com\\\/de\\\/produkt\\\/land-of-kings-and-alpaca-park\\\/#primaryimage\"},\"thumbnailUrl\":\"https:\\\/\\\/skyline-gs.com\\\/wp-content\\\/uploads\\\/2025\\\/10\\\/unnamed-2-e1759509236249.jpg\",\"datePublished\":\"2025-10-02T00:18:41+00:00\",\"dateModified\":\"2025-10-03T16:34:38+00:00\",\"breadcrumb\":{\"@id\":\"http:\\\/\\\/skyline-gs.com\\\/de\\\/produkt\\\/land-of-kings-and-alpaca-park\\\/#breadcrumb\"},\"inLanguage\":\"pl-PL\",\"potentialAction\":[{\"@type\":\"ReadAction\",\"target\":[\"http:\\\/\\\/skyline-gs.com\\\/de\\\/produkt\\\/land-of-kings-and-alpaca-park\\\/\"]}]},{\"@type\":\"ImageObject\",\"inLanguage\":\"pl-PL\",\"@id\":\"http:\\\/\\\/skyline-gs.com\\\/de\\\/produkt\\\/land-of-kings-and-alpaca-park\\\/#primaryimage\",\"url\":\"https:\\\/\\\/skyline-gs.com\\\/wp-content\\\/uploads\\\/2025\\\/10\\\/unnamed-2-e1759509236249.jpg\",\"contentUrl\":\"https:\\\/\\\/skyline-gs.com\\\/wp-content\\\/uploads\\\/2025\\\/10\\\/unnamed-2-e1759509236249.jpg\",\"width\":416,\"height\":278},{\"@type\":\"BreadcrumbList\",\"@id\":\"http:\\\/\\\/skyline-gs.com\\\/de\\\/produkt\\\/land-of-kings-and-alpaca-park\\\/#breadcrumb\",\"itemListElement\":[{\"@type\":\"ListItem\",\"position\":1,\"name\":\"\u0413\u043b\u0430\u0432\u043d\u0430\u044f \u0441\u0442\u0440\u0430\u043d\u0438\u0446\u0430\",\"item\":\"https:\\\/\\\/skyline-gs.com\\\/hu\\\/\"},{\"@type\":\"ListItem\",\"position\":2,\"name\":\"\u041c\u0430\u0433\u0430\u0437\u0438\u043d\",\"item\":\"https:\\\/\\\/skyline-gs.com\\\/cs\\\/shop\\\/\"},{\"@type\":\"ListItem\",\"position\":3,\"name\":\"\u0417\u0435\u043c\u043b\u044f \u041a\u043e\u0440\u043e\u043b\u0435\u0439 \u0438 \u0410\u043b\u044c\u043f\u0430\u043a\u0430 \u043f\u0430\u0440\u043a\"}]},{\"@type\":\"WebSite\",\"@id\":\"https:\\\/\\\/skyline-gs.com\\\/it\\\/#website\",\"url\":\"https:\\\/\\\/skyline-gs.com\\\/it\\\/\",\"name\":\"\u042d\u043a\u0441\u043a\u0443\u0440\u0441\u0438\u0438 Skyline\",\"description\":\"\u042d\u043a\u0441\u043a\u043b\u044e\u0437\u0438\u0432\u043d\u044b\u0435 \u044d\u043a\u0441\u043a\u0443\u0440\u0441\u0438\u0438 \u043d\u0430 \u043b\u0443\u0447\u0448\u0438\u0445 \u043a\u0443\u0440\u043e\u0440\u0442\u0430\u0445 \u043c\u0438\u0440\u0430\",\"publisher\":{\"@id\":\"https:\\\/\\\/skyline-gs.com\\\/it\\\/#organization\"},\"alternateName\":\"Skyline\",\"potentialAction\":[{\"@type\":\"SearchAction\",\"target\":{\"@type\":\"EntryPoint\",\"urlTemplate\":\"https:\\\/\\\/skyline-gs.com\\\/it\\\/?s={search_term_string}\"},\"query-input\":{\"@type\":\"PropertyValueSpecification\",\"valueRequired\":true,\"valueName\":\"search_term_string\"}}],\"inLanguage\":\"pl-PL\"},{\"@type\":\"Organization\",\"@id\":\"https:\\\/\\\/skyline-gs.com\\\/it\\\/#organization\",\"name\":\"\u042d\u043a\u0441\u043a\u0443\u0440\u0441\u0438\u0438 Skyline\",\"alternateName\":\"\u042d\u043a\u0441\u043a\u0443\u0440\u0441\u0438\u0438 Skyline\",\"url\":\"https:\\\/\\\/skyline-gs.com\\\/it\\\/\",\"logo\":{\"@type\":\"ImageObject\",\"inLanguage\":\"pl-PL\",\"@id\":\"https:\\\/\\\/skyline-gs.com\\\/it\\\/#\\\/schema\\\/logo\\\/image\\\/\",\"url\":\"https:\\\/\\\/skyline-gs.com\\\/wp-content\\\/uploads\\\/2020\\\/12\\\/cropped-logo-2.png\",\"contentUrl\":\"https:\\\/\\\/skyline-gs.com\\\/wp-content\\\/uploads\\\/2020\\\/12\\\/cropped-logo-2.png\",\"width\":512,\"height\":512,\"caption\":\"\u042d\u043a\u0441\u043a\u0443\u0440\u0441\u0438\u0438 Skyline\"},\"image\":{\"@id\":\"https:\\\/\\\/skyline-gs.com\\\/it\\\/#\\\/schema\\\/logo\\\/image\\\/\"},\"sameAs\":[\"https:\\\/\\\/www.instagram.com\\\/skylineglobalservice\\\/\"]}]}<\/script>\n<!-- \/ Yoast SEO plugin. -->","yoast_head_json":{"title":"Kraina Kr\u00f3l\u00f3w i Park Alpak - Wycieczki Skyline","robots":{"index":"index","follow":"follow","max-snippet":"max-snippet:-1","max-image-preview":"max-image-preview:large","max-video-preview":"max-video-preview:-1"},"canonical":"http:\/\/skyline-gs.com\/pl\/produkt\/land-of-kings-and-alpaca-park\/","og_locale":"pl_PL","og_type":"article","og_title":"\u0417\u0435\u043c\u043b\u044f \u041a\u043e\u0440\u043e\u043b\u0435\u0439 \u0438 \u0410\u043b\u044c\u043f\u0430\u043a\u0430 \u043f\u0430\u0440\u043a &#8226; \u042d\u043a\u0441\u043a\u0443\u0440\u0441\u0438\u0438 Skyline","og_description":"\u0412\u0440\u0435\u043c\u044f \u0442\u0443\u0440\u0430: \u0441 05:30 \u0434\u043e 22:00 \u0414\u043d\u0438 \u043f\u0440\u043e\u0432\u0435\u0434\u0435\u043d\u0438\u044f: \u0432\u0442\u043e\u0440\u043d\u0438\u043a, \u0441\u0443\u0431\u0431\u043e\u0442\u0430","og_url":"http:\/\/skyline-gs.com\/pl\/produkt\/land-of-kings-and-alpaca-park\/","og_site_name":"\u042d\u043a\u0441\u043a\u0443\u0440\u0441\u0438\u0438 Skyline","article_modified_time":"2025-10-03T16:34:38+00:00","og_image":[{"width":416,"height":278,"url":"https:\/\/skyline-gs.com\/wp-content\/uploads\/2025\/10\/unnamed-2-e1759509236249.jpg","type":"image\/jpeg"}],"twitter_card":"summary_large_image","twitter_misc":{"Szacowany czas czytania":"2 minuty"},"schema":{"@context":"https:\/\/schema.org","@graph":[{"@type":"WebPage","@id":"http:\/\/skyline-gs.com\/de\/produkt\/land-of-kings-and-alpaca-park\/","url":"http:\/\/skyline-gs.com\/de\/produkt\/land-of-kings-and-alpaca-park\/","name":"Kraina Kr\u00f3l\u00f3w i Park Alpak - Wycieczki Skyline","isPartOf":{"@id":"https:\/\/skyline-gs.com\/it\/#website"},"primaryImageOfPage":{"@id":"http:\/\/skyline-gs.com\/de\/produkt\/land-of-kings-and-alpaca-park\/#primaryimage"},"image":{"@id":"http:\/\/skyline-gs.com\/de\/produkt\/land-of-kings-and-alpaca-park\/#primaryimage"},"thumbnailUrl":"https:\/\/skyline-gs.com\/wp-content\/uploads\/2025\/10\/unnamed-2-e1759509236249.jpg","datePublished":"2025-10-02T00:18:41+00:00","dateModified":"2025-10-03T16:34:38+00:00","breadcrumb":{"@id":"http:\/\/skyline-gs.com\/de\/produkt\/land-of-kings-and-alpaca-park\/#breadcrumb"},"inLanguage":"pl-PL","potentialAction":[{"@type":"ReadAction","target":["http:\/\/skyline-gs.com\/de\/produkt\/land-of-kings-and-alpaca-park\/"]}]},{"@type":"ImageObject","inLanguage":"pl-PL","@id":"http:\/\/skyline-gs.com\/de\/produkt\/land-of-kings-and-alpaca-park\/#primaryimage","url":"https:\/\/skyline-gs.com\/wp-content\/uploads\/2025\/10\/unnamed-2-e1759509236249.jpg","contentUrl":"https:\/\/skyline-gs.com\/wp-content\/uploads\/2025\/10\/unnamed-2-e1759509236249.jpg","width":416,"height":278},{"@type":"BreadcrumbList","@id":"http:\/\/skyline-gs.com\/de\/produkt\/land-of-kings-and-alpaca-park\/#breadcrumb","itemListElement":[{"@type":"ListItem","position":1,"name":"\u0413\u043b\u0430\u0432\u043d\u0430\u044f \u0441\u0442\u0440\u0430\u043d\u0438\u0446\u0430","item":"https:\/\/skyline-gs.com\/hu\/"},{"@type":"ListItem","position":2,"name":"\u041c\u0430\u0433\u0430\u0437\u0438\u043d","item":"https:\/\/skyline-gs.com\/cs\/shop\/"},{"@type":"ListItem","position":3,"name":"\u0417\u0435\u043c\u043b\u044f \u041a\u043e\u0440\u043e\u043b\u0435\u0439 \u0438 \u0410\u043b\u044c\u043f\u0430\u043a\u0430 \u043f\u0430\u0440\u043a"}]},{"@type":"WebSite","@id":"https:\/\/skyline-gs.com\/it\/#website","url":"https:\/\/skyline-gs.com\/it\/","name":"Wycieczki Skyline","description":"Ekskluzywne wycieczki do najlepszych kurort\u00f3w na \u015bwiecie","publisher":{"@id":"https:\/\/skyline-gs.com\/it\/#organization"},"alternateName":"Skyline","potentialAction":[{"@type":"SearchAction","target":{"@type":"EntryPoint","urlTemplate":"https:\/\/skyline-gs.com\/it\/?s={search_term_string}"},"query-input":{"@type":"PropertyValueSpecification","valueRequired":true,"valueName":"search_term_string"}}],"inLanguage":"pl-PL"},{"@type":"Organization","@id":"https:\/\/skyline-gs.com\/it\/#organization","name":"Wycieczki Skyline","alternateName":"\u042d\u043a\u0441\u043a\u0443\u0440\u0441\u0438\u0438 Skyline","url":"https:\/\/skyline-gs.com\/it\/","logo":{"@type":"ImageObject","inLanguage":"pl-PL","@id":"https:\/\/skyline-gs.com\/it\/#\/schema\/logo\/image\/","url":"https:\/\/skyline-gs.com\/wp-content\/uploads\/2020\/12\/cropped-logo-2.png","contentUrl":"https:\/\/skyline-gs.com\/wp-content\/uploads\/2020\/12\/cropped-logo-2.png","width":512,"height":512,"caption":"\u042d\u043a\u0441\u043a\u0443\u0440\u0441\u0438\u0438 Skyline"},"image":{"@id":"https:\/\/skyline-gs.com\/it\/#\/schema\/logo\/image\/"},"sameAs":["https:\/\/www.instagram.com\/skylineglobalservice\/"]}]}},"_links":{"self":[{"href":"https:\/\/skyline-gs.com\/pl\/wp-json\/wp\/v2\/product\/66956","targetHints":{"allow":["GET"]}}],"collection":[{"href":"https:\/\/skyline-gs.com\/pl\/wp-json\/wp\/v2\/product"}],"about":[{"href":"https:\/\/skyline-gs.com\/pl\/wp-json\/wp\/v2\/types\/product"}],"version-history":[{"count":0,"href":"https:\/\/skyline-gs.com\/pl\/wp-json\/wp\/v2\/product\/66956\/revisions"}],"wp:featuredmedia":[{"embeddable":true,"href":"https:\/\/skyline-gs.com\/pl\/wp-json\/wp\/v2\/media\/66994"}],"wp:attachment":[{"href":"https:\/\/skyline-gs.com\/pl\/wp-json\/wp\/v2\/media?parent=66956"}],"wp:term":[{"taxonomy":"product_brand","embeddable":true,"href":"https:\/\/skyline-gs.com\/pl\/wp-json\/wp\/v2\/product_brand?post=66956"},{"taxonomy":"product_cat","embeddable":true,"href":"https:\/\/skyline-gs.com\/pl\/wp-json\/wp\/v2\/product_cat?post=66956"},{"taxonomy":"product_tag","embeddable":true,"href":"https:\/\/skyline-gs.com\/pl\/wp-json\/wp\/v2\/product_tag?post=66956"}],"curies":[{"name":"wp","href":"https:\/\/api.w.org\/{rel}","templated":true}]}}