{"id":66938,"date":"2025-10-01T22:07:04","date_gmt":"2025-10-01T20:07:04","guid":{"rendered":"http:\/\/skyline-gs.com\/?post_type=product&#038;p=66938"},"modified":"2025-10-02T01:21:27","modified_gmt":"2025-10-01T23:21:27","slug":"khao-yai-wonderful-land","status":"publish","type":"product","link":"https:\/\/skyline-gs.com\/pl\/product\/khao-yai-wonderful-land\/","title":{"rendered":"Khao Yai to wspania\u0142a kraina"},"content":{"rendered":"<p>Zanurz si\u0119 w niesamowitym \u015bwiecie dzikiej przyrody Tajlandii! Park Narodowy Khao Yai oferuje wodospady, bujn\u0105 tropikaln\u0105 ziele\u0144, zapieraj\u0105ce dech w piersiach widoki, rejsy po jeziorze, rafting i egzotyczne zwierz\u0119ta. Wycieczka jest odpowiednia dla ca\u0142ej rodziny i zapewni niezapomniane wra\u017cenia.<\/p>\n<p data-start=\"474\" data-end=\"809\"><strong>Program 1-dniowej wycieczki:<\/strong><\/p>\n<ul>\n<li data-start=\"474\" data-end=\"809\">05:00-05:40 - zebranie go\u015bci, post\u00f3j na \u015bniadanie (breakfast box lub kawiarnia).<\/li>\n<li data-start=\"474\" data-end=\"809\">9-poziomowy wodospad Sarika - p\u0142ywanie.<\/li>\n<li data-start=\"474\" data-end=\"809\">Punkt widokowy na zbiornik z najwi\u0119ksz\u0105 tam\u0105 w Tajlandii.<\/li>\n<li data-start=\"474\" data-end=\"809\">Rejs wzd\u0142u\u017c jeziora do 2-3 wodospad\u00f3w, p\u0142ywanie.<\/li>\n<li data-start=\"474\" data-end=\"809\">Lunch w restauracji z ustalonym menu.<\/li>\n<li data-start=\"474\" data-end=\"809\">Wodospad Haew Narok jest najwy\u017cszym i najpot\u0119\u017cniejszym wodospadem w Khao Yai.<\/li>\n<li data-start=\"474\" data-end=\"809\">Punkt widokowy z panoramicznym widokiem na dolin\u0119.<\/li>\n<li data-start=\"474\" data-end=\"809\">20-metrowy wodospad Haew Suwat z filmu Pla\u017ca.<\/li>\n<li data-start=\"474\" data-end=\"809\">Powr\u00f3t do Pattaya oko\u0142o godziny 21:00.<\/li>\n<\/ul>\n<p data-start=\"474\" data-end=\"809\"><strong>Program 2-dniowej wycieczki:<\/strong><\/p>\n<p data-start=\"474\" data-end=\"809\"><strong>1 dzie\u0144<\/strong><\/p>\n<ul>\n<li data-start=\"474\" data-end=\"809\">Zbi\u00f3rka go\u015bci, przystanek na \u015bniadanie.<\/li>\n<li data-start=\"474\" data-end=\"809\">Wodospad Sarika, k\u0105piel.<\/li>\n<li data-start=\"474\" data-end=\"809\">Zapora i zbiornik wodny, rejs do wodospad\u00f3w.<\/li>\n<li data-start=\"474\" data-end=\"809\">Sp\u0142yw rzek\u0105 (7 km).<\/li>\n<li data-start=\"474\" data-end=\"809\">Lunch w restauracji.<\/li>\n<li data-start=\"474\" data-end=\"809\">Wodospad Haew Narok, punkt widokowy, jezioro w dolinie.<\/li>\n<li data-start=\"474\" data-end=\"809\">Wodospad Haew Suwat.<\/li>\n<li data-start=\"474\" data-end=\"809\">Zameldowanie w hotelu Jungle House, kolacja.<\/li>\n<li data-start=\"474\" data-end=\"809\">Opcjonalny masa\u017c (za dodatkow\u0105 op\u0142at\u0105).<\/li>\n<\/ul>\n<p data-start=\"474\" data-end=\"809\"><strong>Dzie\u0144 2<\/strong><\/p>\n<ul>\n<li data-start=\"474\" data-end=\"809\">\u015aniadanie.<\/li>\n<li data-start=\"474\" data-end=\"809\">Wioska s\u0142oni (przeja\u017cd\u017cki na s\u0142oniach za dodatkow\u0105 op\u0142at\u0105).<\/li>\n<li data-start=\"474\" data-end=\"809\">Jaskinia nietoperzy.<\/li>\n<li data-start=\"474\" data-end=\"809\">\u0179r\u00f3d\u0142a mineralne (k\u0105piel, opcjonalna wypo\u017cyczalnia kajak\u00f3w).<\/li>\n<li data-start=\"474\" data-end=\"809\">\u015awi\u0105tynna jaskinia ze stalaktytami.<\/li>\n<li data-start=\"474\" data-end=\"809\">Lunch.<\/li>\n<li data-start=\"474\" data-end=\"809\">Park \u015bwi\u0105tynny Luang Pu Tuat.<\/li>\n<li data-start=\"474\" data-end=\"809\">Farma kaktus\u00f3w, degustacja wina.<\/li>\n<li data-start=\"474\" data-end=\"809\">Rynek owoc\u00f3w.<\/li>\n<li data-start=\"474\" data-end=\"809\">Powr\u00f3t do Pattaya oko\u0142o 20:00-21:00.<\/li>\n<\/ul>\n<p><strong>Dodatkowe op\u0142aty:<\/strong><\/p>\n<ul>\n<li>Pojedyncze zakwaterowanie w hotelu - 500 \u0e3f<\/li>\n<li>Przeja\u017cd\u017cki na s\u0142oniach, masa\u017ce, wynajem kajak\u00f3w - opcjonalnie<\/li>\n<\/ul>\n<p><strong style=\"font-family: var(--global-body-font-family);\">W zestawie:<\/strong><\/p>\n<ul>\n<li>Transfer z i do hotelu<\/li>\n<li>Rosyjskoj\u0119zyczny przewodnik<\/li>\n<li>Wygodny transport<\/li>\n<li>Wszystkie bilety wst\u0119pu<\/li>\n<li>Posi\u0142ki zgodnie z programem<\/li>\n<li>Zakwaterowanie w hotelu (dla 2-dniowej wycieczki)<\/li>\n<li>Ubezpieczenie<\/li>\n<\/ul>\n<p><strong>Zabierz go ze sob\u0105:<\/strong><\/p>\n<ul>\n<li>Paszport lub kopia<\/li>\n<li>Pude\u0142ko Brakfast<\/li>\n<li>Kostium k\u0105pielowy i r\u0119cznik<\/li>\n<li>Wygodne obuwie antypo\u015blizgowe i ubranie na zmian\u0119<\/li>\n<li>Sprz\u0119t foto\/wideo i \u0142adowarki<\/li>\n<li>Nakrycie g\u0142owy<\/li>\n<li>Pieni\u0105dze na wydatki osobiste<\/li>\n<\/ul>\n<p><strong>Dodatkowe informacje:<\/strong><\/p>\n<ul>\n<li>Bilet dzieci\u0119cy dla dzieci w wieku 3-12 lat o wzro\u015bcie do 120 cm.<\/li>\n<li>Dzieci poni\u017cej 3. roku \u017cycia bez oddzielnego fotelika podr\u00f3\u017cuj\u0105 bezp\u0142atnie.<\/li>\n<li>Wycieczka odbywa si\u0119 autokarem lub minibusem (w zale\u017cno\u015bci od grupy).<\/li>\n<li>Jungle House Hotel: po\u0142o\u017cony nad rzek\u0105, posiada basen, plac zabaw dla dzieci, klimatyzacj\u0119, prysznic, lod\u00f3wk\u0119, czajnik.<\/li>\n<li>W wycieczce nie mog\u0105 bra\u0107 udzia\u0142u osoby b\u0119d\u0105ce pod wp\u0142ywem alkoholu lub narkotyk\u00f3w.<\/li>\n<\/ul>","protected":false},"excerpt":{"rendered":"<p><strong>Czas wycieczki:<\/strong><br \/>\nWycieczka 1-dniowa - 05:00-21:00<br \/>\n2-dniowa wycieczka - od 05:00 (dzie\u0144 1) do 21:00 (dzie\u0144 2)<br \/>\n<strong>Holding Days:<\/strong> Poniedzia\u0142ek, \u015broda, pi\u0105tek<\/p>","protected":false},"featured_media":66949,"template":"","meta":{"_kad_post_transparent":"default","_kad_post_title":"","_kad_post_layout":"default","_kad_post_sidebar_id":"","_kad_post_content_style":"default","_kad_post_vertical_padding":"default","_kad_post_feature":"","_kad_post_feature_position":"","_kad_post_header":false,"_kad_post_footer":false,"_kad_post_classname":"","_glsr_average":0,"_glsr_ranking":0,"_glsr_reviews":0},"product_brand":[],"product_cat":[507],"product_tag":[],"class_list":{"0":"post-66938","1":"product","2":"type-product","3":"status-publish","4":"has-post-thumbnail","6":"product_cat-pattaya","7":"tm-has-options","9":"first","10":"instock","11":"sold-individually","12":"taxable","13":"shipping-taxable","14":"purchasable","15":"product-type-simple","16":"entry","17":"content-bg","18":"loop-entry"},"yoast_head":"<!-- This site is optimized with the Yoast SEO plugin v27.3 - https:\/\/yoast.com\/product\/yoast-seo-wordpress\/ -->\n<title>\u041a\u0430\u043e \u042f\u0439 \u2014 \u0427\u0443\u0434\u0435\u0441\u043d\u044b\u0439 \u043a\u0440\u0430\u0439 &#8226; \u042d\u043a\u0441\u043a\u0443\u0440\u0441\u0438\u0438 Skyline<\/title>\n<meta name=\"robots\" content=\"index, follow, max-snippet:-1, max-image-preview:large, max-video-preview:-1\" \/>\n<link rel=\"canonical\" href=\"http:\/\/skyline-gs.com\/pl\/produkt\/khao-yai-wonderful-land\/\" \/>\n<meta property=\"og:locale\" content=\"pl_PL\" \/>\n<meta property=\"og:type\" content=\"article\" \/>\n<meta property=\"og:title\" content=\"\u041a\u0430\u043e \u042f\u0439 \u2014 \u0427\u0443\u0434\u0435\u0441\u043d\u044b\u0439 \u043a\u0440\u0430\u0439 &#8226; \u042d\u043a\u0441\u043a\u0443\u0440\u0441\u0438\u0438 Skyline\" \/>\n<meta property=\"og:description\" content=\"\u0412\u0440\u0435\u043c\u044f \u0442\u0443\u0440\u0430: 1-\u0434\u043d\u0435\u0432\u043d\u044b\u0439 \u0442\u0443\u0440 \u2014 05:00\u201321:00 2-\u0434\u043d\u0435\u0432\u043d\u044b\u0439 \u0442\u0443\u0440 \u2014 05:00 (1-\u0439 \u0434\u0435\u043d\u044c) \u0434\u043e 21:00 (2-\u0439 \u0434\u0435\u043d\u044c) \u0414\u043d\u0438 \u043f\u0440\u043e\u0432\u0435\u0434\u0435\u043d\u0438\u044f: \u043f\u043e\u043d\u0435\u0434\u0435\u043b\u044c\u043d\u0438\u043a, \u0441\u0440\u0435\u0434\u0430, \u043f\u044f\u0442\u043d\u0438\u0446\u0430\" \/>\n<meta property=\"og:url\" content=\"http:\/\/skyline-gs.com\/pl\/produkt\/khao-yai-wonderful-land\/\" \/>\n<meta property=\"og:site_name\" content=\"\u042d\u043a\u0441\u043a\u0443\u0440\u0441\u0438\u0438 Skyline\" \/>\n<meta property=\"article:modified_time\" content=\"2025-10-01T23:21:27+00:00\" \/>\n<meta property=\"og:image\" content=\"https:\/\/skyline-gs.com\/wp-content\/uploads\/2025\/10\/land-waterfalls-4-e1765915220239.jpg\" \/>\n\t<meta property=\"og:image:width\" content=\"742\" \/>\n\t<meta property=\"og:image:height\" content=\"495\" \/>\n\t<meta property=\"og:image:type\" content=\"image\/jpeg\" \/>\n<meta name=\"twitter:card\" content=\"summary_large_image\" \/>\n<meta name=\"twitter:label1\" content=\"Szacowany czas czytania\" \/>\n\t<meta name=\"twitter:data1\" content=\"2 minuty\" \/>\n<script type=\"application\/ld+json\" class=\"yoast-schema-graph\">{\"@context\":\"https:\\\/\\\/schema.org\",\"@graph\":[{\"@type\":\"WebPage\",\"@id\":\"http:\\\/\\\/skyline-gs.com\\\/cs\\\/produkt\\\/khao-yai-wonderful-land\\\/\",\"url\":\"http:\\\/\\\/skyline-gs.com\\\/cs\\\/produkt\\\/khao-yai-wonderful-land\\\/\",\"name\":\"\u041a\u0430\u043e \u042f\u0439 \u2014 \u0427\u0443\u0434\u0435\u0441\u043d\u044b\u0439 \u043a\u0440\u0430\u0439 &#8226; \u042d\u043a\u0441\u043a\u0443\u0440\u0441\u0438\u0438 Skyline\",\"isPartOf\":{\"@id\":\"https:\\\/\\\/skyline-gs.com\\\/it\\\/#website\"},\"primaryImageOfPage\":{\"@id\":\"http:\\\/\\\/skyline-gs.com\\\/cs\\\/produkt\\\/khao-yai-wonderful-land\\\/#primaryimage\"},\"image\":{\"@id\":\"http:\\\/\\\/skyline-gs.com\\\/cs\\\/produkt\\\/khao-yai-wonderful-land\\\/#primaryimage\"},\"thumbnailUrl\":\"https:\\\/\\\/skyline-gs.com\\\/wp-content\\\/uploads\\\/2025\\\/10\\\/land-waterfalls-4-e1765915220239.jpg\",\"datePublished\":\"2025-10-01T20:07:04+00:00\",\"dateModified\":\"2025-10-01T23:21:27+00:00\",\"breadcrumb\":{\"@id\":\"http:\\\/\\\/skyline-gs.com\\\/cs\\\/produkt\\\/khao-yai-wonderful-land\\\/#breadcrumb\"},\"inLanguage\":\"pl-PL\",\"potentialAction\":[{\"@type\":\"ReadAction\",\"target\":[\"http:\\\/\\\/skyline-gs.com\\\/cs\\\/produkt\\\/khao-yai-wonderful-land\\\/\"]}]},{\"@type\":\"ImageObject\",\"inLanguage\":\"pl-PL\",\"@id\":\"http:\\\/\\\/skyline-gs.com\\\/cs\\\/produkt\\\/khao-yai-wonderful-land\\\/#primaryimage\",\"url\":\"https:\\\/\\\/skyline-gs.com\\\/wp-content\\\/uploads\\\/2025\\\/10\\\/land-waterfalls-4-e1765915220239.jpg\",\"contentUrl\":\"https:\\\/\\\/skyline-gs.com\\\/wp-content\\\/uploads\\\/2025\\\/10\\\/land-waterfalls-4-e1765915220239.jpg\",\"width\":742,\"height\":495},{\"@type\":\"BreadcrumbList\",\"@id\":\"http:\\\/\\\/skyline-gs.com\\\/cs\\\/produkt\\\/khao-yai-wonderful-land\\\/#breadcrumb\",\"itemListElement\":[{\"@type\":\"ListItem\",\"position\":1,\"name\":\"\u0413\u043b\u0430\u0432\u043d\u0430\u044f \u0441\u0442\u0440\u0430\u043d\u0438\u0446\u0430\",\"item\":\"https:\\\/\\\/skyline-gs.com\\\/hu\\\/\"},{\"@type\":\"ListItem\",\"position\":2,\"name\":\"\u041c\u0430\u0433\u0430\u0437\u0438\u043d\",\"item\":\"https:\\\/\\\/skyline-gs.com\\\/cs\\\/shop\\\/\"},{\"@type\":\"ListItem\",\"position\":3,\"name\":\"\u041a\u0430\u043e \u042f\u0439 \u2014 \u0427\u0443\u0434\u0435\u0441\u043d\u044b\u0439 \u043a\u0440\u0430\u0439\"}]},{\"@type\":\"WebSite\",\"@id\":\"https:\\\/\\\/skyline-gs.com\\\/it\\\/#website\",\"url\":\"https:\\\/\\\/skyline-gs.com\\\/it\\\/\",\"name\":\"\u042d\u043a\u0441\u043a\u0443\u0440\u0441\u0438\u0438 Skyline\",\"description\":\"\u042d\u043a\u0441\u043a\u043b\u044e\u0437\u0438\u0432\u043d\u044b\u0435 \u044d\u043a\u0441\u043a\u0443\u0440\u0441\u0438\u0438 \u043d\u0430 \u043b\u0443\u0447\u0448\u0438\u0445 \u043a\u0443\u0440\u043e\u0440\u0442\u0430\u0445 \u043c\u0438\u0440\u0430\",\"publisher\":{\"@id\":\"https:\\\/\\\/skyline-gs.com\\\/it\\\/#organization\"},\"alternateName\":\"Skyline\",\"potentialAction\":[{\"@type\":\"SearchAction\",\"target\":{\"@type\":\"EntryPoint\",\"urlTemplate\":\"https:\\\/\\\/skyline-gs.com\\\/it\\\/?s={search_term_string}\"},\"query-input\":{\"@type\":\"PropertyValueSpecification\",\"valueRequired\":true,\"valueName\":\"search_term_string\"}}],\"inLanguage\":\"pl-PL\"},{\"@type\":\"Organization\",\"@id\":\"https:\\\/\\\/skyline-gs.com\\\/it\\\/#organization\",\"name\":\"\u042d\u043a\u0441\u043a\u0443\u0440\u0441\u0438\u0438 Skyline\",\"alternateName\":\"\u042d\u043a\u0441\u043a\u0443\u0440\u0441\u0438\u0438 Skyline\",\"url\":\"https:\\\/\\\/skyline-gs.com\\\/it\\\/\",\"logo\":{\"@type\":\"ImageObject\",\"inLanguage\":\"pl-PL\",\"@id\":\"https:\\\/\\\/skyline-gs.com\\\/it\\\/#\\\/schema\\\/logo\\\/image\\\/\",\"url\":\"https:\\\/\\\/skyline-gs.com\\\/wp-content\\\/uploads\\\/2020\\\/12\\\/cropped-logo-2.png\",\"contentUrl\":\"https:\\\/\\\/skyline-gs.com\\\/wp-content\\\/uploads\\\/2020\\\/12\\\/cropped-logo-2.png\",\"width\":512,\"height\":512,\"caption\":\"\u042d\u043a\u0441\u043a\u0443\u0440\u0441\u0438\u0438 Skyline\"},\"image\":{\"@id\":\"https:\\\/\\\/skyline-gs.com\\\/it\\\/#\\\/schema\\\/logo\\\/image\\\/\"},\"sameAs\":[\"https:\\\/\\\/www.instagram.com\\\/skylineglobalservice\\\/\"]}]}<\/script>\n<!-- \/ Yoast SEO plugin. -->","yoast_head_json":{"title":"Khao Yai - Wonderland - Wycieczki Skyline","robots":{"index":"index","follow":"follow","max-snippet":"max-snippet:-1","max-image-preview":"max-image-preview:large","max-video-preview":"max-video-preview:-1"},"canonical":"http:\/\/skyline-gs.com\/pl\/produkt\/khao-yai-wonderful-land\/","og_locale":"pl_PL","og_type":"article","og_title":"\u041a\u0430\u043e \u042f\u0439 \u2014 \u0427\u0443\u0434\u0435\u0441\u043d\u044b\u0439 \u043a\u0440\u0430\u0439 &#8226; \u042d\u043a\u0441\u043a\u0443\u0440\u0441\u0438\u0438 Skyline","og_description":"\u0412\u0440\u0435\u043c\u044f \u0442\u0443\u0440\u0430: 1-\u0434\u043d\u0435\u0432\u043d\u044b\u0439 \u0442\u0443\u0440 \u2014 05:00\u201321:00 2-\u0434\u043d\u0435\u0432\u043d\u044b\u0439 \u0442\u0443\u0440 \u2014 05:00 (1-\u0439 \u0434\u0435\u043d\u044c) \u0434\u043e 21:00 (2-\u0439 \u0434\u0435\u043d\u044c) \u0414\u043d\u0438 \u043f\u0440\u043e\u0432\u0435\u0434\u0435\u043d\u0438\u044f: \u043f\u043e\u043d\u0435\u0434\u0435\u043b\u044c\u043d\u0438\u043a, \u0441\u0440\u0435\u0434\u0430, \u043f\u044f\u0442\u043d\u0438\u0446\u0430","og_url":"http:\/\/skyline-gs.com\/pl\/produkt\/khao-yai-wonderful-land\/","og_site_name":"\u042d\u043a\u0441\u043a\u0443\u0440\u0441\u0438\u0438 Skyline","article_modified_time":"2025-10-01T23:21:27+00:00","og_image":[{"width":742,"height":495,"url":"https:\/\/skyline-gs.com\/wp-content\/uploads\/2025\/10\/land-waterfalls-4-e1765915220239.jpg","type":"image\/jpeg"}],"twitter_card":"summary_large_image","twitter_misc":{"Szacowany czas czytania":"2 minuty"},"schema":{"@context":"https:\/\/schema.org","@graph":[{"@type":"WebPage","@id":"http:\/\/skyline-gs.com\/cs\/produkt\/khao-yai-wonderful-land\/","url":"http:\/\/skyline-gs.com\/cs\/produkt\/khao-yai-wonderful-land\/","name":"Khao Yai - Wonderland - Wycieczki Skyline","isPartOf":{"@id":"https:\/\/skyline-gs.com\/it\/#website"},"primaryImageOfPage":{"@id":"http:\/\/skyline-gs.com\/cs\/produkt\/khao-yai-wonderful-land\/#primaryimage"},"image":{"@id":"http:\/\/skyline-gs.com\/cs\/produkt\/khao-yai-wonderful-land\/#primaryimage"},"thumbnailUrl":"https:\/\/skyline-gs.com\/wp-content\/uploads\/2025\/10\/land-waterfalls-4-e1765915220239.jpg","datePublished":"2025-10-01T20:07:04+00:00","dateModified":"2025-10-01T23:21:27+00:00","breadcrumb":{"@id":"http:\/\/skyline-gs.com\/cs\/produkt\/khao-yai-wonderful-land\/#breadcrumb"},"inLanguage":"pl-PL","potentialAction":[{"@type":"ReadAction","target":["http:\/\/skyline-gs.com\/cs\/produkt\/khao-yai-wonderful-land\/"]}]},{"@type":"ImageObject","inLanguage":"pl-PL","@id":"http:\/\/skyline-gs.com\/cs\/produkt\/khao-yai-wonderful-land\/#primaryimage","url":"https:\/\/skyline-gs.com\/wp-content\/uploads\/2025\/10\/land-waterfalls-4-e1765915220239.jpg","contentUrl":"https:\/\/skyline-gs.com\/wp-content\/uploads\/2025\/10\/land-waterfalls-4-e1765915220239.jpg","width":742,"height":495},{"@type":"BreadcrumbList","@id":"http:\/\/skyline-gs.com\/cs\/produkt\/khao-yai-wonderful-land\/#breadcrumb","itemListElement":[{"@type":"ListItem","position":1,"name":"\u0413\u043b\u0430\u0432\u043d\u0430\u044f \u0441\u0442\u0440\u0430\u043d\u0438\u0446\u0430","item":"https:\/\/skyline-gs.com\/hu\/"},{"@type":"ListItem","position":2,"name":"\u041c\u0430\u0433\u0430\u0437\u0438\u043d","item":"https:\/\/skyline-gs.com\/cs\/shop\/"},{"@type":"ListItem","position":3,"name":"\u041a\u0430\u043e \u042f\u0439 \u2014 \u0427\u0443\u0434\u0435\u0441\u043d\u044b\u0439 \u043a\u0440\u0430\u0439"}]},{"@type":"WebSite","@id":"https:\/\/skyline-gs.com\/it\/#website","url":"https:\/\/skyline-gs.com\/it\/","name":"Wycieczki Skyline","description":"Ekskluzywne wycieczki do najlepszych kurort\u00f3w na \u015bwiecie","publisher":{"@id":"https:\/\/skyline-gs.com\/it\/#organization"},"alternateName":"Skyline","potentialAction":[{"@type":"SearchAction","target":{"@type":"EntryPoint","urlTemplate":"https:\/\/skyline-gs.com\/it\/?s={search_term_string}"},"query-input":{"@type":"PropertyValueSpecification","valueRequired":true,"valueName":"search_term_string"}}],"inLanguage":"pl-PL"},{"@type":"Organization","@id":"https:\/\/skyline-gs.com\/it\/#organization","name":"Wycieczki Skyline","alternateName":"\u042d\u043a\u0441\u043a\u0443\u0440\u0441\u0438\u0438 Skyline","url":"https:\/\/skyline-gs.com\/it\/","logo":{"@type":"ImageObject","inLanguage":"pl-PL","@id":"https:\/\/skyline-gs.com\/it\/#\/schema\/logo\/image\/","url":"https:\/\/skyline-gs.com\/wp-content\/uploads\/2020\/12\/cropped-logo-2.png","contentUrl":"https:\/\/skyline-gs.com\/wp-content\/uploads\/2020\/12\/cropped-logo-2.png","width":512,"height":512,"caption":"\u042d\u043a\u0441\u043a\u0443\u0440\u0441\u0438\u0438 Skyline"},"image":{"@id":"https:\/\/skyline-gs.com\/it\/#\/schema\/logo\/image\/"},"sameAs":["https:\/\/www.instagram.com\/skylineglobalservice\/"]}]}},"_links":{"self":[{"href":"https:\/\/skyline-gs.com\/pl\/wp-json\/wp\/v2\/product\/66938","targetHints":{"allow":["GET"]}}],"collection":[{"href":"https:\/\/skyline-gs.com\/pl\/wp-json\/wp\/v2\/product"}],"about":[{"href":"https:\/\/skyline-gs.com\/pl\/wp-json\/wp\/v2\/types\/product"}],"version-history":[{"count":0,"href":"https:\/\/skyline-gs.com\/pl\/wp-json\/wp\/v2\/product\/66938\/revisions"}],"wp:featuredmedia":[{"embeddable":true,"href":"https:\/\/skyline-gs.com\/pl\/wp-json\/wp\/v2\/media\/66949"}],"wp:attachment":[{"href":"https:\/\/skyline-gs.com\/pl\/wp-json\/wp\/v2\/media?parent=66938"}],"wp:term":[{"taxonomy":"product_brand","embeddable":true,"href":"https:\/\/skyline-gs.com\/pl\/wp-json\/wp\/v2\/product_brand?post=66938"},{"taxonomy":"product_cat","embeddable":true,"href":"https:\/\/skyline-gs.com\/pl\/wp-json\/wp\/v2\/product_cat?post=66938"},{"taxonomy":"product_tag","embeddable":true,"href":"https:\/\/skyline-gs.com\/pl\/wp-json\/wp\/v2\/product_tag?post=66938"}],"curies":[{"name":"wp","href":"https:\/\/api.w.org\/{rel}","templated":true}]}}