{"id":66899,"date":"2025-10-01T20:13:04","date_gmt":"2025-10-01T18:13:04","guid":{"rendered":"http:\/\/skyline-gs.com\/?post_type=product&#038;p=66899"},"modified":"2025-10-01T20:31:14","modified_gmt":"2025-10-01T18:31:14","slug":"sukhothai-kingdom-auto-tour","status":"publish","type":"product","link":"https:\/\/skyline-gs.com\/pl\/product\/sukhothai-kingdom-auto-tour\/","title":{"rendered":"Kr\u00f3lestwo Sukhothai (wycieczka samochodowa)"},"content":{"rendered":"<p>Staro\u017cytna stolica pierwszego pa\u0144stwa Tajlandii odkryje przed Tob\u0105 swoje sekrety. Majestatyczne \u015bwi\u0105tynie, historyczne parki, tajemnicze ruiny i przytulna atmosfera staro\u017cytnego Syjamu czekaj\u0105 na Ciebie. Wygodna wycieczka autokarowa z noclegiem w hotelu i odpoczynkiem w gor\u0105cych \u017ar\u00f3d\u0142ach sprawi, \u017ce podr\u00f3\u017c b\u0119dzie \u0142atwa i bogata.<\/p>\n<p data-start=\"474\" data-end=\"809\"><strong data-start=\"474\" data-end=\"488\">Program: <\/strong><\/p>\n<p><strong>1 dzie\u0144:<\/strong><br \/>\n06:30 - wymeldowanie z hoteli w Pattaya<br \/>\n08:00 - \u015bniadanie<br \/>\nWizyta w \u015awi\u0105tyni Luster - trzy \u015bwi\u0105tynie o wyj\u0105tkowej architekturze<br \/>\n12:30 - Park historyczny Diamond Wall.\u00ab<br \/>\n13:30 - lunch<br \/>\n15:00 - odpoczynek w centrum odnowy biologicznej z gor\u0105cymi \u017ar\u00f3d\u0142ami mineralnymi<br \/>\n17:00 - Przylot do Sukhothai, zameldowanie w hotelu<br \/>\n17:30 - wieczorny spacer po zabytkowym mie\u015bcie i rynku<br \/>\n19:00 - kolacja<br \/>\nNocleg w hotelu<\/p>\n<p><strong>Dzie\u0144 2:<\/strong><br \/>\n07:30 - \u015bniadanie w hotelu<br \/>\n08:00 - Przeja\u017cd\u017cka tramwajem przez Park Historyczny Sukhothai (opcjonalnie rowery lub w\u00f3zki golfowe)<br \/>\n10:30 - wymeldowanie z hotelu<br \/>\nPowr\u00f3t do Pattaya w godzinach wieczornych<\/p>\n<p><strong style=\"font-family: var(--global-body-font-family);\">W zestawie:<\/strong><\/p>\n<ul>\n<li>Transfer z i do hotelu<\/li>\n<li>Wygodny autobus<\/li>\n<li>Zakwaterowanie w hotelu 3\u2605<\/li>\n<li>Posi\u0142ki (\u015bniadania, obiady, kolacje)<\/li>\n<li>Wszystkie bilety wst\u0119pu<\/li>\n<li>Rosyjskoj\u0119zyczny przewodnik<\/li>\n<li>Ubezpieczenie<\/li>\n<\/ul>\n<p><strong>Zabierz go ze sob\u0105:<\/strong><\/p>\n<ul>\n<li>Paszport lub kopia<\/li>\n<li>Wygodne ubrania i buty<\/li>\n<li>Kostium k\u0105pielowy i r\u0119cznik do gor\u0105cych \u017ar\u00f3de\u0142<\/li>\n<li>kamera foto\/wideo<\/li>\n<li>Pieni\u0105dze na wydatki osobiste<\/li>\n<\/ul>\n<p data-start=\"2105\" data-end=\"2137\"><strong>Dodatkowe informacje:<\/strong><\/p>\n<ul>\n<li>Wycieczka jest odpowiednia dla wszystkich grup wiekowych.<\/li>\n<li>Mo\u017cliwy jest lekki trekking - wybierz wygodny dla siebie \u015brodek transportu (tramwaj, rower lub w\u00f3zek golfowy).<\/li>\n<li>Spersonalizowane wycieczki dost\u0119pne s\u0105 na \u017cyczenie.<\/li>\n<\/ul>","protected":false},"excerpt":{"rendered":"<p><strong>Czas wycieczki:<\/strong> 2 dni \/ 1 noc<br \/>\n<strong>Holding Days:<\/strong> tygodniowo (nale\u017cy zapyta\u0107 podczas rezerwacji)<\/p>","protected":false},"featured_media":66908,"template":"","meta":{"_kad_post_transparent":"default","_kad_post_title":"","_kad_post_layout":"default","_kad_post_sidebar_id":"","_kad_post_content_style":"default","_kad_post_vertical_padding":"default","_kad_post_feature":"","_kad_post_feature_position":"","_kad_post_header":false,"_kad_post_footer":false,"_kad_post_classname":"","_glsr_average":0,"_glsr_ranking":0,"_glsr_reviews":0},"product_brand":[],"product_cat":[507],"product_tag":[],"class_list":{"0":"post-66899","1":"product","2":"type-product","3":"status-publish","4":"has-post-thumbnail","6":"product_cat-pattaya","7":"tm-has-options","9":"first","10":"instock","11":"sold-individually","12":"taxable","13":"shipping-taxable","14":"purchasable","15":"product-type-simple","16":"entry","17":"content-bg","18":"loop-entry"},"yoast_head":"<!-- This site is optimized with the Yoast SEO plugin v27.3 - https:\/\/yoast.com\/product\/yoast-seo-wordpress\/ -->\n<title>\u041a\u043e\u0440\u043e\u043b\u0435\u0432\u0441\u0442\u0432\u043e \u0421\u0443\u043a\u0445\u043e\u0442\u0430\u0439 (\u0410\u0432\u0442\u043e\u0442\u0443\u0440) &#8226; \u042d\u043a\u0441\u043a\u0443\u0440\u0441\u0438\u0438 Skyline<\/title>\n<meta name=\"robots\" content=\"index, follow, max-snippet:-1, max-image-preview:large, max-video-preview:-1\" \/>\n<link rel=\"canonical\" href=\"http:\/\/skyline-gs.com\/pl\/produkt\/sukhothai-kingdom-auto-tour\/\" \/>\n<meta property=\"og:locale\" content=\"pl_PL\" \/>\n<meta property=\"og:type\" content=\"article\" \/>\n<meta property=\"og:title\" content=\"\u041a\u043e\u0440\u043e\u043b\u0435\u0432\u0441\u0442\u0432\u043e \u0421\u0443\u043a\u0445\u043e\u0442\u0430\u0439 (\u0410\u0432\u0442\u043e\u0442\u0443\u0440) &#8226; \u042d\u043a\u0441\u043a\u0443\u0440\u0441\u0438\u0438 Skyline\" \/>\n<meta property=\"og:description\" content=\"\u0412\u0440\u0435\u043c\u044f \u0442\u0443\u0440\u0430: 2 \u0434\u043d\u044f \/ 1 \u043d\u043e\u0447\u044c \u0414\u043d\u0438 \u043f\u0440\u043e\u0432\u0435\u0434\u0435\u043d\u0438\u044f: \u0435\u0436\u0435\u043d\u0435\u0434\u0435\u043b\u044c\u043d\u043e (\u0443\u0442\u043e\u0447\u043d\u044f\u0439\u0442\u0435 \u043f\u0440\u0438 \u0431\u0440\u043e\u043d\u0438\u0440\u043e\u0432\u0430\u043d\u0438\u0438)\" \/>\n<meta property=\"og:url\" content=\"http:\/\/skyline-gs.com\/pl\/produkt\/sukhothai-kingdom-auto-tour\/\" \/>\n<meta property=\"og:site_name\" content=\"\u042d\u043a\u0441\u043a\u0443\u0440\u0441\u0438\u0438 Skyline\" \/>\n<meta property=\"article:modified_time\" content=\"2025-10-01T18:31:14+00:00\" \/>\n<meta property=\"og:image\" content=\"https:\/\/skyline-gs.com\/wp-content\/uploads\/2025\/10\/Sukhothai-1024x683-1-e1765914736214.jpg\" \/>\n\t<meta property=\"og:image:width\" content=\"1024\" \/>\n\t<meta property=\"og:image:height\" content=\"683\" \/>\n\t<meta property=\"og:image:type\" content=\"image\/jpeg\" \/>\n<meta name=\"twitter:card\" content=\"summary_large_image\" \/>\n<meta name=\"twitter:label1\" content=\"Szacowany czas czytania\" \/>\n\t<meta name=\"twitter:data1\" content=\"2 minuty\" \/>\n<script type=\"application\/ld+json\" class=\"yoast-schema-graph\">{\"@context\":\"https:\\\/\\\/schema.org\",\"@graph\":[{\"@type\":\"WebPage\",\"@id\":\"http:\\\/\\\/skyline-gs.com\\\/it\\\/prodotto\\\/sukhothai-kingdom-auto-tour\\\/\",\"url\":\"http:\\\/\\\/skyline-gs.com\\\/it\\\/prodotto\\\/sukhothai-kingdom-auto-tour\\\/\",\"name\":\"\u041a\u043e\u0440\u043e\u043b\u0435\u0432\u0441\u0442\u0432\u043e \u0421\u0443\u043a\u0445\u043e\u0442\u0430\u0439 (\u0410\u0432\u0442\u043e\u0442\u0443\u0440) &#8226; \u042d\u043a\u0441\u043a\u0443\u0440\u0441\u0438\u0438 Skyline\",\"isPartOf\":{\"@id\":\"https:\\\/\\\/skyline-gs.com\\\/it\\\/#website\"},\"primaryImageOfPage\":{\"@id\":\"http:\\\/\\\/skyline-gs.com\\\/it\\\/prodotto\\\/sukhothai-kingdom-auto-tour\\\/#primaryimage\"},\"image\":{\"@id\":\"http:\\\/\\\/skyline-gs.com\\\/it\\\/prodotto\\\/sukhothai-kingdom-auto-tour\\\/#primaryimage\"},\"thumbnailUrl\":\"https:\\\/\\\/skyline-gs.com\\\/wp-content\\\/uploads\\\/2025\\\/10\\\/Sukhothai-1024x683-1-e1765914736214.jpg\",\"datePublished\":\"2025-10-01T18:13:04+00:00\",\"dateModified\":\"2025-10-01T18:31:14+00:00\",\"breadcrumb\":{\"@id\":\"http:\\\/\\\/skyline-gs.com\\\/it\\\/prodotto\\\/sukhothai-kingdom-auto-tour\\\/#breadcrumb\"},\"inLanguage\":\"pl-PL\",\"potentialAction\":[{\"@type\":\"ReadAction\",\"target\":[\"http:\\\/\\\/skyline-gs.com\\\/it\\\/prodotto\\\/sukhothai-kingdom-auto-tour\\\/\"]}]},{\"@type\":\"ImageObject\",\"inLanguage\":\"pl-PL\",\"@id\":\"http:\\\/\\\/skyline-gs.com\\\/it\\\/prodotto\\\/sukhothai-kingdom-auto-tour\\\/#primaryimage\",\"url\":\"https:\\\/\\\/skyline-gs.com\\\/wp-content\\\/uploads\\\/2025\\\/10\\\/Sukhothai-1024x683-1-e1765914736214.jpg\",\"contentUrl\":\"https:\\\/\\\/skyline-gs.com\\\/wp-content\\\/uploads\\\/2025\\\/10\\\/Sukhothai-1024x683-1-e1765914736214.jpg\",\"width\":1024,\"height\":683},{\"@type\":\"BreadcrumbList\",\"@id\":\"http:\\\/\\\/skyline-gs.com\\\/it\\\/prodotto\\\/sukhothai-kingdom-auto-tour\\\/#breadcrumb\",\"itemListElement\":[{\"@type\":\"ListItem\",\"position\":1,\"name\":\"\u0413\u043b\u0430\u0432\u043d\u0430\u044f \u0441\u0442\u0440\u0430\u043d\u0438\u0446\u0430\",\"item\":\"https:\\\/\\\/skyline-gs.com\\\/hu\\\/\"},{\"@type\":\"ListItem\",\"position\":2,\"name\":\"\u041c\u0430\u0433\u0430\u0437\u0438\u043d\",\"item\":\"https:\\\/\\\/skyline-gs.com\\\/cs\\\/shop\\\/\"},{\"@type\":\"ListItem\",\"position\":3,\"name\":\"\u041a\u043e\u0440\u043e\u043b\u0435\u0432\u0441\u0442\u0432\u043e \u0421\u0443\u043a\u0445\u043e\u0442\u0430\u0439 (\u0410\u0432\u0442\u043e\u0442\u0443\u0440)\"}]},{\"@type\":\"WebSite\",\"@id\":\"https:\\\/\\\/skyline-gs.com\\\/it\\\/#website\",\"url\":\"https:\\\/\\\/skyline-gs.com\\\/it\\\/\",\"name\":\"\u042d\u043a\u0441\u043a\u0443\u0440\u0441\u0438\u0438 Skyline\",\"description\":\"\u042d\u043a\u0441\u043a\u043b\u044e\u0437\u0438\u0432\u043d\u044b\u0435 \u044d\u043a\u0441\u043a\u0443\u0440\u0441\u0438\u0438 \u043d\u0430 \u043b\u0443\u0447\u0448\u0438\u0445 \u043a\u0443\u0440\u043e\u0440\u0442\u0430\u0445 \u043c\u0438\u0440\u0430\",\"publisher\":{\"@id\":\"https:\\\/\\\/skyline-gs.com\\\/it\\\/#organization\"},\"alternateName\":\"Skyline\",\"potentialAction\":[{\"@type\":\"SearchAction\",\"target\":{\"@type\":\"EntryPoint\",\"urlTemplate\":\"https:\\\/\\\/skyline-gs.com\\\/it\\\/?s={search_term_string}\"},\"query-input\":{\"@type\":\"PropertyValueSpecification\",\"valueRequired\":true,\"valueName\":\"search_term_string\"}}],\"inLanguage\":\"pl-PL\"},{\"@type\":\"Organization\",\"@id\":\"https:\\\/\\\/skyline-gs.com\\\/it\\\/#organization\",\"name\":\"\u042d\u043a\u0441\u043a\u0443\u0440\u0441\u0438\u0438 Skyline\",\"alternateName\":\"\u042d\u043a\u0441\u043a\u0443\u0440\u0441\u0438\u0438 Skyline\",\"url\":\"https:\\\/\\\/skyline-gs.com\\\/it\\\/\",\"logo\":{\"@type\":\"ImageObject\",\"inLanguage\":\"pl-PL\",\"@id\":\"https:\\\/\\\/skyline-gs.com\\\/it\\\/#\\\/schema\\\/logo\\\/image\\\/\",\"url\":\"https:\\\/\\\/skyline-gs.com\\\/wp-content\\\/uploads\\\/2020\\\/12\\\/cropped-logo-2.png\",\"contentUrl\":\"https:\\\/\\\/skyline-gs.com\\\/wp-content\\\/uploads\\\/2020\\\/12\\\/cropped-logo-2.png\",\"width\":512,\"height\":512,\"caption\":\"\u042d\u043a\u0441\u043a\u0443\u0440\u0441\u0438\u0438 Skyline\"},\"image\":{\"@id\":\"https:\\\/\\\/skyline-gs.com\\\/it\\\/#\\\/schema\\\/logo\\\/image\\\/\"},\"sameAs\":[\"https:\\\/\\\/www.instagram.com\\\/skylineglobalservice\\\/\"]}]}<\/script>\n<!-- \/ Yoast SEO plugin. -->","yoast_head_json":{"title":"Kr\u00f3lestwo Sukhothai (wycieczka samochodowa) - Wycieczki Skyline","robots":{"index":"index","follow":"follow","max-snippet":"max-snippet:-1","max-image-preview":"max-image-preview:large","max-video-preview":"max-video-preview:-1"},"canonical":"http:\/\/skyline-gs.com\/pl\/produkt\/sukhothai-kingdom-auto-tour\/","og_locale":"pl_PL","og_type":"article","og_title":"\u041a\u043e\u0440\u043e\u043b\u0435\u0432\u0441\u0442\u0432\u043e \u0421\u0443\u043a\u0445\u043e\u0442\u0430\u0439 (\u0410\u0432\u0442\u043e\u0442\u0443\u0440) &#8226; \u042d\u043a\u0441\u043a\u0443\u0440\u0441\u0438\u0438 Skyline","og_description":"\u0412\u0440\u0435\u043c\u044f \u0442\u0443\u0440\u0430: 2 \u0434\u043d\u044f \/ 1 \u043d\u043e\u0447\u044c \u0414\u043d\u0438 \u043f\u0440\u043e\u0432\u0435\u0434\u0435\u043d\u0438\u044f: \u0435\u0436\u0435\u043d\u0435\u0434\u0435\u043b\u044c\u043d\u043e (\u0443\u0442\u043e\u0447\u043d\u044f\u0439\u0442\u0435 \u043f\u0440\u0438 \u0431\u0440\u043e\u043d\u0438\u0440\u043e\u0432\u0430\u043d\u0438\u0438)","og_url":"http:\/\/skyline-gs.com\/pl\/produkt\/sukhothai-kingdom-auto-tour\/","og_site_name":"\u042d\u043a\u0441\u043a\u0443\u0440\u0441\u0438\u0438 Skyline","article_modified_time":"2025-10-01T18:31:14+00:00","og_image":[{"width":1024,"height":683,"url":"https:\/\/skyline-gs.com\/wp-content\/uploads\/2025\/10\/Sukhothai-1024x683-1-e1765914736214.jpg","type":"image\/jpeg"}],"twitter_card":"summary_large_image","twitter_misc":{"Szacowany czas czytania":"2 minuty"},"schema":{"@context":"https:\/\/schema.org","@graph":[{"@type":"WebPage","@id":"http:\/\/skyline-gs.com\/it\/prodotto\/sukhothai-kingdom-auto-tour\/","url":"http:\/\/skyline-gs.com\/it\/prodotto\/sukhothai-kingdom-auto-tour\/","name":"Kr\u00f3lestwo Sukhothai (wycieczka samochodowa) - Wycieczki Skyline","isPartOf":{"@id":"https:\/\/skyline-gs.com\/it\/#website"},"primaryImageOfPage":{"@id":"http:\/\/skyline-gs.com\/it\/prodotto\/sukhothai-kingdom-auto-tour\/#primaryimage"},"image":{"@id":"http:\/\/skyline-gs.com\/it\/prodotto\/sukhothai-kingdom-auto-tour\/#primaryimage"},"thumbnailUrl":"https:\/\/skyline-gs.com\/wp-content\/uploads\/2025\/10\/Sukhothai-1024x683-1-e1765914736214.jpg","datePublished":"2025-10-01T18:13:04+00:00","dateModified":"2025-10-01T18:31:14+00:00","breadcrumb":{"@id":"http:\/\/skyline-gs.com\/it\/prodotto\/sukhothai-kingdom-auto-tour\/#breadcrumb"},"inLanguage":"pl-PL","potentialAction":[{"@type":"ReadAction","target":["http:\/\/skyline-gs.com\/it\/prodotto\/sukhothai-kingdom-auto-tour\/"]}]},{"@type":"ImageObject","inLanguage":"pl-PL","@id":"http:\/\/skyline-gs.com\/it\/prodotto\/sukhothai-kingdom-auto-tour\/#primaryimage","url":"https:\/\/skyline-gs.com\/wp-content\/uploads\/2025\/10\/Sukhothai-1024x683-1-e1765914736214.jpg","contentUrl":"https:\/\/skyline-gs.com\/wp-content\/uploads\/2025\/10\/Sukhothai-1024x683-1-e1765914736214.jpg","width":1024,"height":683},{"@type":"BreadcrumbList","@id":"http:\/\/skyline-gs.com\/it\/prodotto\/sukhothai-kingdom-auto-tour\/#breadcrumb","itemListElement":[{"@type":"ListItem","position":1,"name":"\u0413\u043b\u0430\u0432\u043d\u0430\u044f \u0441\u0442\u0440\u0430\u043d\u0438\u0446\u0430","item":"https:\/\/skyline-gs.com\/hu\/"},{"@type":"ListItem","position":2,"name":"\u041c\u0430\u0433\u0430\u0437\u0438\u043d","item":"https:\/\/skyline-gs.com\/cs\/shop\/"},{"@type":"ListItem","position":3,"name":"\u041a\u043e\u0440\u043e\u043b\u0435\u0432\u0441\u0442\u0432\u043e \u0421\u0443\u043a\u0445\u043e\u0442\u0430\u0439 (\u0410\u0432\u0442\u043e\u0442\u0443\u0440)"}]},{"@type":"WebSite","@id":"https:\/\/skyline-gs.com\/it\/#website","url":"https:\/\/skyline-gs.com\/it\/","name":"Wycieczki Skyline","description":"Ekskluzywne wycieczki do najlepszych kurort\u00f3w na \u015bwiecie","publisher":{"@id":"https:\/\/skyline-gs.com\/it\/#organization"},"alternateName":"Skyline","potentialAction":[{"@type":"SearchAction","target":{"@type":"EntryPoint","urlTemplate":"https:\/\/skyline-gs.com\/it\/?s={search_term_string}"},"query-input":{"@type":"PropertyValueSpecification","valueRequired":true,"valueName":"search_term_string"}}],"inLanguage":"pl-PL"},{"@type":"Organization","@id":"https:\/\/skyline-gs.com\/it\/#organization","name":"Wycieczki Skyline","alternateName":"\u042d\u043a\u0441\u043a\u0443\u0440\u0441\u0438\u0438 Skyline","url":"https:\/\/skyline-gs.com\/it\/","logo":{"@type":"ImageObject","inLanguage":"pl-PL","@id":"https:\/\/skyline-gs.com\/it\/#\/schema\/logo\/image\/","url":"https:\/\/skyline-gs.com\/wp-content\/uploads\/2020\/12\/cropped-logo-2.png","contentUrl":"https:\/\/skyline-gs.com\/wp-content\/uploads\/2020\/12\/cropped-logo-2.png","width":512,"height":512,"caption":"\u042d\u043a\u0441\u043a\u0443\u0440\u0441\u0438\u0438 Skyline"},"image":{"@id":"https:\/\/skyline-gs.com\/it\/#\/schema\/logo\/image\/"},"sameAs":["https:\/\/www.instagram.com\/skylineglobalservice\/"]}]}},"_links":{"self":[{"href":"https:\/\/skyline-gs.com\/pl\/wp-json\/wp\/v2\/product\/66899","targetHints":{"allow":["GET"]}}],"collection":[{"href":"https:\/\/skyline-gs.com\/pl\/wp-json\/wp\/v2\/product"}],"about":[{"href":"https:\/\/skyline-gs.com\/pl\/wp-json\/wp\/v2\/types\/product"}],"version-history":[{"count":0,"href":"https:\/\/skyline-gs.com\/pl\/wp-json\/wp\/v2\/product\/66899\/revisions"}],"wp:featuredmedia":[{"embeddable":true,"href":"https:\/\/skyline-gs.com\/pl\/wp-json\/wp\/v2\/media\/66908"}],"wp:attachment":[{"href":"https:\/\/skyline-gs.com\/pl\/wp-json\/wp\/v2\/media?parent=66899"}],"wp:term":[{"taxonomy":"product_brand","embeddable":true,"href":"https:\/\/skyline-gs.com\/pl\/wp-json\/wp\/v2\/product_brand?post=66899"},{"taxonomy":"product_cat","embeddable":true,"href":"https:\/\/skyline-gs.com\/pl\/wp-json\/wp\/v2\/product_cat?post=66899"},{"taxonomy":"product_tag","embeddable":true,"href":"https:\/\/skyline-gs.com\/pl\/wp-json\/wp\/v2\/product_tag?post=66899"}],"curies":[{"name":"wp","href":"https:\/\/api.w.org\/{rel}","templated":true}]}}