{"id":66285,"date":"2025-09-21T23:41:29","date_gmt":"2025-09-21T21:41:29","guid":{"rendered":"http:\/\/skyline-gs.com\/?post_type=product&#038;p=66285"},"modified":"2026-02-19T04:16:37","modified_gmt":"2026-02-19T02:16:37","slug":"5-pearls-of-the-andaman-sea-phuket","status":"publish","type":"product","link":"https:\/\/skyline-gs.com\/pl\/product\/5-pearls-of-the-andaman-sea-phuket\/","title":{"rendered":"5 pere\u0142 Morza Andama\u0144skiego 2 dni"},"content":{"rendered":"<p>Bogata trasa przez pi\u0119\u0107 pere\u0142 Morza Andama\u0144skiego. W ci\u0105gu dw\u00f3ch dni odwiedzisz wysp\u0119 Jamesa Bonda, zatok\u0119 Phang Nga, staro\u017cytn\u0105 wiosk\u0119 cygan\u00f3w morskich, Krabi, Bambu i wyspy Phi Phi. Program \u0142\u0105czy wycieczki \u0142odzi\u0105, nurkowanie z rurk\u0105, relaks na pla\u017cach, wieczorne pokazy i odkrywanie nocnego \u017cycia Phi Phi.<\/p>\n<p><strong data-start=\"449\" data-end=\"459\">Dzie\u0144 1<\/strong><\/p>\n<p><strong data-start=\"464\" data-end=\"479\">6:00 - Wyjazd z lobby hotelowego w Phuket.<\/strong>\u00a0Transfer z hotelu na molo.<\/p>\n<ul>\n<li>07:00 - Spotkanie z przewodnikiem, kawa lub herbata.<\/li>\n<li>08:00 - Wylot na wyspy.<\/li>\n<li>08:40 - <strong>Wyspa Panak<\/strong>Strome klify, jaskinie zatoki Phang Nga.<\/li>\n<li>09:30 - <strong>Wyspa Jamesa Bonda<\/strong> (Khao Ping Kan): widoki, pami\u0105tki.<\/li>\n<li>10:40 - <strong>Wycieczka kajakowa<\/strong> wok\u00f3\u0142 wyspy Tapu: <strong>namorzyny, groty<\/strong>.<\/li>\n<li>11:40 - <strong>Wioska morskich cygan\u00f3w<\/strong> Pagni, lunch w tawernie.<\/li>\n<li>13:30 - <strong>Wyspa Koh Hong<\/strong>: pla\u017ca i laguna.<\/li>\n<li>14:40 - Przej\u015bcie do <strong>Phi Phi<\/strong>, pejza\u017ce morskie.<\/li>\n<li>16:30 - <strong>Nurkowanie z rurk\u0105<\/strong> w zatoce <strong>Tonsei<\/strong> (Phi Phi Don).<\/li>\n<li>18:00 - <strong>Zach\u00f3d s\u0142o\u0144ca na wyspie Bamba<\/strong>.<\/li>\n<li>18:15 - Zameldowanie w hotelu, spacer po ulicach Phi Phi.<\/li>\n<li>19:00 - Kolacja w hotelu.<\/li>\n<li>19:45 - Wieczorna wycieczka \u0142odzi\u0105, <strong>Obserwacja \u015bwiec\u0105cego planktonu<\/strong>.<\/li>\n<li>20:15 - <strong>Pokaz ognia<\/strong>, wylegiwanie si\u0119 przy barze, koktajle na pla\u017cy.<\/li>\n<li>22:00 - Bar z <strong>przez tajskich bokser\u00f3w<\/strong>.<\/li>\n<li>22:30 - Parkiet taneczny i <strong>imprezy barowe<\/strong>.<\/li>\n<\/ul>\n<p><strong style=\"font-size: 17px;\" data-start=\"1067\" data-end=\"1077\">Dzie\u0144 2<\/strong><\/p>\n<ul>\n<li data-start=\"1531\" data-end=\"1592\">06:00 - Spotkanie ze wschodem s\u0142o\u0144ca na punkcie widokowym Phi Phi.<\/li>\n<li data-start=\"1595\" data-end=\"1625\">07:00 - \u015aniadanie w hotelu.<\/li>\n<li data-start=\"1628\" data-end=\"1661\">07:30 - wymeldowanie z hotelu.<\/li>\n<li data-start=\"1664\" data-end=\"1699\">07:45 - \u0141\u00f3d\u017a do <strong>Phi Phi Lei<\/strong>.<\/li>\n<li data-start=\"1702\" data-end=\"1744\">08:00 - <strong>Maya Cove<\/strong> (widok z pok\u0142adu).<\/li>\n<li data-start=\"1747\" data-end=\"1783\">10:00 - <strong>P\u0142ywanie w lagunie Peele<\/strong>.<\/li>\n<li data-start=\"1786\" data-end=\"1823\">10:40 - <strong>Wycieczka po jaskini wiking\u00f3w<\/strong>.<\/li>\n<li data-start=\"1826\" data-end=\"1871\">11:00 - <strong>Pla\u017ca z ma\u0142pami<\/strong> (Yong Kasem).<\/li>\n<li data-start=\"1874\" data-end=\"1908\">11:20 - Lunch w Phi Phi Don.<\/li>\n<li data-start=\"1911\" data-end=\"1952\">12:20 - <strong>Nurkowanie z rurk\u0105<\/strong> w lagunie <strong>Lo-Moody<\/strong>.<\/li>\n<li data-start=\"1955\" data-end=\"2001\">13:00 - Opcjonalnie: siedliska rekin\u00f3w.<\/li>\n<li data-start=\"2004\" data-end=\"2041\">13:50 - Wakacje na wyspie <strong>Bamba<\/strong>.<\/li>\n<li data-start=\"2044\" data-end=\"2092\">15:40 - <strong>Foto stop<\/strong> na wyspie <strong>Rang Yai.<\/strong><\/li>\n<\/ul>\n<p><strong>17:00 - Powr\u00f3t do hotelu.<\/strong><\/p>\n<p><strong>W zestawie:<\/strong><\/p>\n<ul>\n<li>Transfery z i do hotelu.<\/li>\n<li>\u0141\u00f3d\u017a jest w drodze.<\/li>\n<li>Przewodnik m\u00f3wi\u0105cy po rosyjsku i angielsku.<\/li>\n<li>\u041d\u043e\u0447\u044c \u0432 \u043e\u0442\u0435\u043b\u0435 Andaman Legacy Resort (\u0441\u0442\u0430\u043d\u0434\u0430\u0440\u0442\u043d\u044b\u0439 \u043d\u043e\u043c\u0435\u0440).<\/li>\n<li>2 obiady, 1 kolacja, 1 \u015bniadanie.<\/li>\n<li>Sprz\u0119t do nurkowania.<\/li>\n<li>Napoje bezalkoholowe, herbata\/kawa, owoce.<\/li>\n<li>Ubezpieczenie.<\/li>\n<li>Wst\u0119p do park\u00f3w narodowych.<\/li>\n<\/ul>\n<p data-start=\"1728\" data-end=\"1784\"><strong>Brak w zestawie:<\/strong><\/p>\n<ul>\n<li data-start=\"2503\" data-end=\"2592\">Zdj\u0119cia i wideo.<\/li>\n<li data-start=\"2503\" data-end=\"2592\">Wydatki osobiste.<\/li>\n<\/ul>\n<p><strong>Zabierz go ze sob\u0105:<\/strong><\/p>\n<ul>\n<li data-start=\"1972\" data-end=\"2012\">Kostium k\u0105pielowy, r\u0119cznik<\/li>\n<li data-start=\"1972\" data-end=\"2012\">Okulary przeciws\u0142oneczne i krem<\/li>\n<li data-start=\"1972\" data-end=\"2012\">Nakrycie g\u0142owy<\/li>\n<li data-start=\"1972\" data-end=\"2012\">Woda<\/li>\n<\/ul>\n<p><strong>Dodatkowe informacje:<\/strong><\/p>\n<ul>\n<li data-start=\"3527\" data-end=\"3679\">Kobiety w ci\u0105\u017cy powy\u017cej 3 miesi\u0105ca nie mog\u0105 uczestniczy\u0107 w wycieczce (w przypadku zatajenia ci\u0105\u017cy nie przys\u0142uguje zwrot koszt\u00f3w).<\/li>\n<li data-start=\"3527\" data-end=\"3679\">Osoby b\u0119d\u0105ce pod wp\u0142ywem alkoholu lub narkotyk\u00f3w mog\u0105 nie zosta\u0107 wpuszczone na tras\u0119 pod gro\u017ab\u0105 utraty wp\u0142aconych pieni\u0119dzy.<\/li>\n<li data-start=\"3527\" data-end=\"3679\">Program mo\u017ce ulec zmianie ze wzgl\u0119du na warunki pogodowe i inne si\u0142y wy\u017csze.<\/li>\n<\/ul>","protected":false},"excerpt":{"rendered":"<p><strong>Czas wycieczki:<\/strong> 2 dni<\/p>\n<p><strong>Holding Days:<\/strong> Ka\u017cdego dnia.<\/p>","protected":false},"featured_media":66275,"template":"","meta":{"_kad_post_transparent":"default","_kad_post_title":"","_kad_post_layout":"default","_kad_post_sidebar_id":"","_kad_post_content_style":"default","_kad_post_vertical_padding":"default","_kad_post_feature":"","_kad_post_feature_position":"","_kad_post_header":false,"_kad_post_footer":false,"_kad_post_classname":"","_glsr_average":0,"_glsr_ranking":0,"_glsr_reviews":0},"product_brand":[],"product_cat":[506],"product_tag":[],"class_list":{"0":"post-66285","1":"product","2":"type-product","3":"status-publish","4":"has-post-thumbnail","6":"product_cat-phuket","7":"tm-has-options","9":"first","10":"instock","11":"sold-individually","12":"taxable","13":"shipping-taxable","14":"purchasable","15":"product-type-simple","16":"entry","17":"content-bg","18":"loop-entry"},"yoast_head":"<!-- This site is optimized with the Yoast SEO plugin v27.3 - https:\/\/yoast.com\/product\/yoast-seo-wordpress\/ -->\n<title>5 \u0436\u0435\u043c\u0447\u0443\u0436\u0438\u043d \u0410\u043d\u0434\u0430\u043c\u0430\u043d\u0441\u043a\u043e\u0433\u043e \u043c\u043e\u0440\u044f 2 \u0434\u043d\u044f &#8226; \u042d\u043a\u0441\u043a\u0443\u0440\u0441\u0438\u0438 Skyline<\/title>\n<meta name=\"robots\" content=\"index, follow, max-snippet:-1, max-image-preview:large, max-video-preview:-1\" \/>\n<link rel=\"canonical\" href=\"https:\/\/skyline-gs.com\/pl\/produkt\/5-pearls-of-the-andaman-sea-phuket\/\" \/>\n<meta property=\"og:locale\" content=\"pl_PL\" \/>\n<meta property=\"og:type\" content=\"article\" \/>\n<meta property=\"og:title\" content=\"5 \u0436\u0435\u043c\u0447\u0443\u0436\u0438\u043d \u0410\u043d\u0434\u0430\u043c\u0430\u043d\u0441\u043a\u043e\u0433\u043e \u043c\u043e\u0440\u044f 2 \u0434\u043d\u044f &#8226; \u042d\u043a\u0441\u043a\u0443\u0440\u0441\u0438\u0438 Skyline\" \/>\n<meta property=\"og:description\" content=\"\u0412\u0440\u0435\u043c\u044f \u0442\u0443\u0440\u0430: 2 \u0434\u043d\u044f  \u0414\u043d\u0438 \u043f\u0440\u043e\u0432\u0435\u0434\u0435\u043d\u0438\u044f: \u041a\u0430\u0436\u0434\u044b\u0439 \u0434\u0435\u043d\u044c\" \/>\n<meta property=\"og:url\" content=\"https:\/\/skyline-gs.com\/pl\/produkt\/5-pearls-of-the-andaman-sea-phuket\/\" \/>\n<meta property=\"og:site_name\" content=\"\u042d\u043a\u0441\u043a\u0443\u0440\u0441\u0438\u0438 Skyline\" \/>\n<meta property=\"article:modified_time\" content=\"2026-02-19T02:16:37+00:00\" \/>\n<meta property=\"og:image\" content=\"https:\/\/skyline-gs.com\/wp-content\/uploads\/2025\/09\/65.jpg\" \/>\n\t<meta property=\"og:image:width\" content=\"669\" \/>\n\t<meta property=\"og:image:height\" content=\"446\" \/>\n\t<meta property=\"og:image:type\" content=\"image\/jpeg\" \/>\n<meta name=\"twitter:card\" content=\"summary_large_image\" \/>\n<meta name=\"twitter:label1\" content=\"Szacowany czas czytania\" \/>\n\t<meta name=\"twitter:data1\" content=\"3 minuty\" \/>\n<script type=\"application\/ld+json\" class=\"yoast-schema-graph\">{\"@context\":\"https:\\\/\\\/schema.org\",\"@graph\":[{\"@type\":\"WebPage\",\"@id\":\"https:\\\/\\\/skyline-gs.com\\\/product\\\/5-pearls-of-the-andaman-sea-phuket\\\/\",\"url\":\"https:\\\/\\\/skyline-gs.com\\\/product\\\/5-pearls-of-the-andaman-sea-phuket\\\/\",\"name\":\"5 \u0436\u0435\u043c\u0447\u0443\u0436\u0438\u043d \u0410\u043d\u0434\u0430\u043c\u0430\u043d\u0441\u043a\u043e\u0433\u043e \u043c\u043e\u0440\u044f 2 \u0434\u043d\u044f &#8226; \u042d\u043a\u0441\u043a\u0443\u0440\u0441\u0438\u0438 Skyline\",\"isPartOf\":{\"@id\":\"https:\\\/\\\/skyline-gs.com\\\/it\\\/#website\"},\"primaryImageOfPage\":{\"@id\":\"https:\\\/\\\/skyline-gs.com\\\/product\\\/5-pearls-of-the-andaman-sea-phuket\\\/#primaryimage\"},\"image\":{\"@id\":\"https:\\\/\\\/skyline-gs.com\\\/product\\\/5-pearls-of-the-andaman-sea-phuket\\\/#primaryimage\"},\"thumbnailUrl\":\"https:\\\/\\\/skyline-gs.com\\\/wp-content\\\/uploads\\\/2025\\\/09\\\/65.jpg\",\"datePublished\":\"2025-09-21T21:41:29+00:00\",\"dateModified\":\"2026-02-19T02:16:37+00:00\",\"breadcrumb\":{\"@id\":\"https:\\\/\\\/skyline-gs.com\\\/product\\\/5-pearls-of-the-andaman-sea-phuket\\\/#breadcrumb\"},\"inLanguage\":\"pl-PL\",\"potentialAction\":[{\"@type\":\"ReadAction\",\"target\":[\"https:\\\/\\\/skyline-gs.com\\\/product\\\/5-pearls-of-the-andaman-sea-phuket\\\/\"]}]},{\"@type\":\"ImageObject\",\"inLanguage\":\"pl-PL\",\"@id\":\"https:\\\/\\\/skyline-gs.com\\\/product\\\/5-pearls-of-the-andaman-sea-phuket\\\/#primaryimage\",\"url\":\"https:\\\/\\\/skyline-gs.com\\\/wp-content\\\/uploads\\\/2025\\\/09\\\/65.jpg\",\"contentUrl\":\"https:\\\/\\\/skyline-gs.com\\\/wp-content\\\/uploads\\\/2025\\\/09\\\/65.jpg\",\"width\":669,\"height\":446},{\"@type\":\"BreadcrumbList\",\"@id\":\"https:\\\/\\\/skyline-gs.com\\\/product\\\/5-pearls-of-the-andaman-sea-phuket\\\/#breadcrumb\",\"itemListElement\":[{\"@type\":\"ListItem\",\"position\":1,\"name\":\"\u0413\u043b\u0430\u0432\u043d\u0430\u044f \u0441\u0442\u0440\u0430\u043d\u0438\u0446\u0430\",\"item\":\"https:\\\/\\\/skyline-gs.com\\\/hu\\\/\"},{\"@type\":\"ListItem\",\"position\":2,\"name\":\"\u041c\u0430\u0433\u0430\u0437\u0438\u043d\",\"item\":\"https:\\\/\\\/skyline-gs.com\\\/cs\\\/shop\\\/\"},{\"@type\":\"ListItem\",\"position\":3,\"name\":\"5 \u0436\u0435\u043c\u0447\u0443\u0436\u0438\u043d \u0410\u043d\u0434\u0430\u043c\u0430\u043d\u0441\u043a\u043e\u0433\u043e \u043c\u043e\u0440\u044f 2 \u0434\u043d\u044f\"}]},{\"@type\":\"WebSite\",\"@id\":\"https:\\\/\\\/skyline-gs.com\\\/it\\\/#website\",\"url\":\"https:\\\/\\\/skyline-gs.com\\\/it\\\/\",\"name\":\"\u042d\u043a\u0441\u043a\u0443\u0440\u0441\u0438\u0438 Skyline\",\"description\":\"\u042d\u043a\u0441\u043a\u043b\u044e\u0437\u0438\u0432\u043d\u044b\u0435 \u044d\u043a\u0441\u043a\u0443\u0440\u0441\u0438\u0438 \u043d\u0430 \u043b\u0443\u0447\u0448\u0438\u0445 \u043a\u0443\u0440\u043e\u0440\u0442\u0430\u0445 \u043c\u0438\u0440\u0430\",\"publisher\":{\"@id\":\"https:\\\/\\\/skyline-gs.com\\\/it\\\/#organization\"},\"alternateName\":\"Skyline\",\"potentialAction\":[{\"@type\":\"SearchAction\",\"target\":{\"@type\":\"EntryPoint\",\"urlTemplate\":\"https:\\\/\\\/skyline-gs.com\\\/it\\\/?s={search_term_string}\"},\"query-input\":{\"@type\":\"PropertyValueSpecification\",\"valueRequired\":true,\"valueName\":\"search_term_string\"}}],\"inLanguage\":\"pl-PL\"},{\"@type\":\"Organization\",\"@id\":\"https:\\\/\\\/skyline-gs.com\\\/it\\\/#organization\",\"name\":\"\u042d\u043a\u0441\u043a\u0443\u0440\u0441\u0438\u0438 Skyline\",\"alternateName\":\"\u042d\u043a\u0441\u043a\u0443\u0440\u0441\u0438\u0438 Skyline\",\"url\":\"https:\\\/\\\/skyline-gs.com\\\/it\\\/\",\"logo\":{\"@type\":\"ImageObject\",\"inLanguage\":\"pl-PL\",\"@id\":\"https:\\\/\\\/skyline-gs.com\\\/it\\\/#\\\/schema\\\/logo\\\/image\\\/\",\"url\":\"https:\\\/\\\/skyline-gs.com\\\/wp-content\\\/uploads\\\/2020\\\/12\\\/cropped-logo-2.png\",\"contentUrl\":\"https:\\\/\\\/skyline-gs.com\\\/wp-content\\\/uploads\\\/2020\\\/12\\\/cropped-logo-2.png\",\"width\":512,\"height\":512,\"caption\":\"\u042d\u043a\u0441\u043a\u0443\u0440\u0441\u0438\u0438 Skyline\"},\"image\":{\"@id\":\"https:\\\/\\\/skyline-gs.com\\\/it\\\/#\\\/schema\\\/logo\\\/image\\\/\"},\"sameAs\":[\"https:\\\/\\\/www.instagram.com\\\/skylineglobalservice\\\/\"]}]}<\/script>\n<!-- \/ Yoast SEO plugin. -->","yoast_head_json":{"title":"5 \u0436\u0435\u043c\u0447\u0443\u0436\u0438\u043d \u0410\u043d\u0434\u0430\u043c\u0430\u043d\u0441\u043a\u043e\u0433\u043e \u043c\u043e\u0440\u044f 2 \u0434\u043d\u044f &#8226; \u042d\u043a\u0441\u043a\u0443\u0440\u0441\u0438\u0438 Skyline","robots":{"index":"index","follow":"follow","max-snippet":"max-snippet:-1","max-image-preview":"max-image-preview:large","max-video-preview":"max-video-preview:-1"},"canonical":"https:\/\/skyline-gs.com\/pl\/produkt\/5-pearls-of-the-andaman-sea-phuket\/","og_locale":"pl_PL","og_type":"article","og_title":"5 \u0436\u0435\u043c\u0447\u0443\u0436\u0438\u043d \u0410\u043d\u0434\u0430\u043c\u0430\u043d\u0441\u043a\u043e\u0433\u043e \u043c\u043e\u0440\u044f 2 \u0434\u043d\u044f &#8226; \u042d\u043a\u0441\u043a\u0443\u0440\u0441\u0438\u0438 Skyline","og_description":"\u0412\u0440\u0435\u043c\u044f \u0442\u0443\u0440\u0430: 2 \u0434\u043d\u044f  \u0414\u043d\u0438 \u043f\u0440\u043e\u0432\u0435\u0434\u0435\u043d\u0438\u044f: \u041a\u0430\u0436\u0434\u044b\u0439 \u0434\u0435\u043d\u044c","og_url":"https:\/\/skyline-gs.com\/pl\/produkt\/5-pearls-of-the-andaman-sea-phuket\/","og_site_name":"\u042d\u043a\u0441\u043a\u0443\u0440\u0441\u0438\u0438 Skyline","article_modified_time":"2026-02-19T02:16:37+00:00","og_image":[{"width":669,"height":446,"url":"https:\/\/skyline-gs.com\/wp-content\/uploads\/2025\/09\/65.jpg","type":"image\/jpeg"}],"twitter_card":"summary_large_image","twitter_misc":{"Szacowany czas czytania":"3 minuty"},"schema":{"@context":"https:\/\/schema.org","@graph":[{"@type":"WebPage","@id":"https:\/\/skyline-gs.com\/product\/5-pearls-of-the-andaman-sea-phuket\/","url":"https:\/\/skyline-gs.com\/product\/5-pearls-of-the-andaman-sea-phuket\/","name":"5 \u0436\u0435\u043c\u0447\u0443\u0436\u0438\u043d \u0410\u043d\u0434\u0430\u043c\u0430\u043d\u0441\u043a\u043e\u0433\u043e \u043c\u043e\u0440\u044f 2 \u0434\u043d\u044f &#8226; \u042d\u043a\u0441\u043a\u0443\u0440\u0441\u0438\u0438 Skyline","isPartOf":{"@id":"https:\/\/skyline-gs.com\/it\/#website"},"primaryImageOfPage":{"@id":"https:\/\/skyline-gs.com\/product\/5-pearls-of-the-andaman-sea-phuket\/#primaryimage"},"image":{"@id":"https:\/\/skyline-gs.com\/product\/5-pearls-of-the-andaman-sea-phuket\/#primaryimage"},"thumbnailUrl":"https:\/\/skyline-gs.com\/wp-content\/uploads\/2025\/09\/65.jpg","datePublished":"2025-09-21T21:41:29+00:00","dateModified":"2026-02-19T02:16:37+00:00","breadcrumb":{"@id":"https:\/\/skyline-gs.com\/product\/5-pearls-of-the-andaman-sea-phuket\/#breadcrumb"},"inLanguage":"pl-PL","potentialAction":[{"@type":"ReadAction","target":["https:\/\/skyline-gs.com\/product\/5-pearls-of-the-andaman-sea-phuket\/"]}]},{"@type":"ImageObject","inLanguage":"pl-PL","@id":"https:\/\/skyline-gs.com\/product\/5-pearls-of-the-andaman-sea-phuket\/#primaryimage","url":"https:\/\/skyline-gs.com\/wp-content\/uploads\/2025\/09\/65.jpg","contentUrl":"https:\/\/skyline-gs.com\/wp-content\/uploads\/2025\/09\/65.jpg","width":669,"height":446},{"@type":"BreadcrumbList","@id":"https:\/\/skyline-gs.com\/product\/5-pearls-of-the-andaman-sea-phuket\/#breadcrumb","itemListElement":[{"@type":"ListItem","position":1,"name":"\u0413\u043b\u0430\u0432\u043d\u0430\u044f \u0441\u0442\u0440\u0430\u043d\u0438\u0446\u0430","item":"https:\/\/skyline-gs.com\/hu\/"},{"@type":"ListItem","position":2,"name":"\u041c\u0430\u0433\u0430\u0437\u0438\u043d","item":"https:\/\/skyline-gs.com\/cs\/shop\/"},{"@type":"ListItem","position":3,"name":"5 \u0436\u0435\u043c\u0447\u0443\u0436\u0438\u043d \u0410\u043d\u0434\u0430\u043c\u0430\u043d\u0441\u043a\u043e\u0433\u043e \u043c\u043e\u0440\u044f 2 \u0434\u043d\u044f"}]},{"@type":"WebSite","@id":"https:\/\/skyline-gs.com\/it\/#website","url":"https:\/\/skyline-gs.com\/it\/","name":"Wycieczki Skyline","description":"Ekskluzywne wycieczki do najlepszych kurort\u00f3w na \u015bwiecie","publisher":{"@id":"https:\/\/skyline-gs.com\/it\/#organization"},"alternateName":"Skyline","potentialAction":[{"@type":"SearchAction","target":{"@type":"EntryPoint","urlTemplate":"https:\/\/skyline-gs.com\/it\/?s={search_term_string}"},"query-input":{"@type":"PropertyValueSpecification","valueRequired":true,"valueName":"search_term_string"}}],"inLanguage":"pl-PL"},{"@type":"Organization","@id":"https:\/\/skyline-gs.com\/it\/#organization","name":"Wycieczki Skyline","alternateName":"\u042d\u043a\u0441\u043a\u0443\u0440\u0441\u0438\u0438 Skyline","url":"https:\/\/skyline-gs.com\/it\/","logo":{"@type":"ImageObject","inLanguage":"pl-PL","@id":"https:\/\/skyline-gs.com\/it\/#\/schema\/logo\/image\/","url":"https:\/\/skyline-gs.com\/wp-content\/uploads\/2020\/12\/cropped-logo-2.png","contentUrl":"https:\/\/skyline-gs.com\/wp-content\/uploads\/2020\/12\/cropped-logo-2.png","width":512,"height":512,"caption":"\u042d\u043a\u0441\u043a\u0443\u0440\u0441\u0438\u0438 Skyline"},"image":{"@id":"https:\/\/skyline-gs.com\/it\/#\/schema\/logo\/image\/"},"sameAs":["https:\/\/www.instagram.com\/skylineglobalservice\/"]}]}},"_links":{"self":[{"href":"https:\/\/skyline-gs.com\/pl\/wp-json\/wp\/v2\/product\/66285","targetHints":{"allow":["GET"]}}],"collection":[{"href":"https:\/\/skyline-gs.com\/pl\/wp-json\/wp\/v2\/product"}],"about":[{"href":"https:\/\/skyline-gs.com\/pl\/wp-json\/wp\/v2\/types\/product"}],"version-history":[{"count":0,"href":"https:\/\/skyline-gs.com\/pl\/wp-json\/wp\/v2\/product\/66285\/revisions"}],"wp:featuredmedia":[{"embeddable":true,"href":"https:\/\/skyline-gs.com\/pl\/wp-json\/wp\/v2\/media\/66275"}],"wp:attachment":[{"href":"https:\/\/skyline-gs.com\/pl\/wp-json\/wp\/v2\/media?parent=66285"}],"wp:term":[{"taxonomy":"product_brand","embeddable":true,"href":"https:\/\/skyline-gs.com\/pl\/wp-json\/wp\/v2\/product_brand?post=66285"},{"taxonomy":"product_cat","embeddable":true,"href":"https:\/\/skyline-gs.com\/pl\/wp-json\/wp\/v2\/product_cat?post=66285"},{"taxonomy":"product_tag","embeddable":true,"href":"https:\/\/skyline-gs.com\/pl\/wp-json\/wp\/v2\/product_tag?post=66285"}],"curies":[{"name":"wp","href":"https:\/\/api.w.org\/{rel}","templated":true}]}}