{"id":66189,"date":"2025-09-20T18:08:47","date_gmt":"2025-09-20T16:08:47","guid":{"rendered":"http:\/\/skyline-gs.com\/?post_type=product&#038;p=66189"},"modified":"2025-09-23T22:08:34","modified_gmt":"2025-09-23T20:08:34","slug":"wat-yan-temple-complex","status":"publish","type":"product","link":"https:\/\/skyline-gs.com\/pl\/product\/wat-yan-temple-complex\/","title":{"rendered":"Kompleks \u015bwi\u0105tynny Wat Yang"},"content":{"rendered":"<p>Bogata wycieczka odkrywaj\u0105ca wielowarstwow\u0105 kultur\u0119 i duchowo\u015b\u0107 regionu. Odwiedzisz staro\u017cytne \u015bwi\u0105tynie, klasztory, zobaczysz buddyjskie rytua\u0142y, obrz\u0119dy kulturowe i lokalne tradycje, a tak\u017ce b\u0119dziesz mia\u0142 okazj\u0119 zanurzy\u0107 si\u0119 w atmosferze natury i ciszy.<\/p>\n<p data-start=\"474\" data-end=\"809\"><strong data-start=\"474\" data-end=\"488\">Program: <\/strong><\/p>\n<p data-start=\"1170\" data-end=\"1263\">\u0412\u044b \u043e\u0442\u043f\u0440\u0430\u0432\u043b\u044f\u0435\u0442\u0435\u0441\u044c \u0438\u0437 \u043e\u0442\u0435\u043b\u044f \u0443\u0442\u0440\u043e\u043c \u0438\u043b\u0438 \u043f\u043e\u0441\u043b\u0435 \u043e\u0431\u0435\u0434\u0430, \u0432 \u0437\u0430\u0432\u0438\u0441\u0438\u043c\u043e\u0441\u0442\u0438 \u043e\u0442 \u0432\u0430\u0440\u0438\u0430\u043d\u0442\u0430.<\/p>\n<p>\u0412 \u0445\u043e\u0434\u0435 \u044d\u043a\u0441\u043a\u0443\u0440\u0441\u0438\u0438:<\/p>\n<ul>\n<li>Wizyta w wiosce kobiet Karen o d\u0142ugich szyjach - poznanie tradycji, ubior\u00f3w, legend, kobiecego rzemios\u0142a.<\/li>\n<li data-start=\"1170\" data-end=\"1263\">Wizyta w klasztorze Wat Yansangvararam: relaksuj\u0105cy spacer po terenie, podziwianie architektury i historii.<\/li>\n<li data-start=\"1170\" data-end=\"1263\">Muzeum figur woskowych o\u015bwieconych mnich\u00f3w.<\/li>\n<li data-start=\"1170\" data-end=\"1263\">Jezioro lotosu i rytua\u0142 \"Oczyszczenie karmy\": 200 krok\u00f3w dla duchowego podniesienia, karmienie ryb, wypuszczanie \u017cywych istot do wody - opcjonalnie.<\/li>\n<li data-start=\"1170\" data-end=\"1263\">G\u00f3ra Z\u0142otego Buddy - Khao Chi Chan to ogromny z\u0142oty buddyjski wizerunek wykuty w skale.<\/li>\n<li data-start=\"1170\" data-end=\"1263\">Je\u015bli wybrana zostanie opcja z kontaktem z zoo - dodana zostanie wizyta w zoo, mo\u017cliwo\u015b\u0107 interakcji ze zwierz\u0119tami.<\/li>\n<li data-start=\"1170\" data-end=\"1263\">Je\u015bli rytua\u0142 \"Pogrzeb niepowodze\u0144\" jest w\u0142\u0105czony - we\u017a udzia\u0142 w ceremonii z b\u0142ogos\u0142awie\u0144stwami i recytacj\u0105 mantry.<\/li>\n<\/ul>\n<p data-start=\"1233\" data-end=\"1656\"><strong style=\"font-family: var(--global-body-font-family);\">W zestawie:<\/strong><\/p>\n<ul>\n<li>Transfer z i do hotelu<\/li>\n<li>Wszystkie bilety wst\u0119pu zgodnie z programem<\/li>\n<li>Rosyjskoj\u0119zyczny przewodnik<\/li>\n<li><span style=\"font-family: var(--global-body-font-family);\">Ubezpieczenie<\/span><\/li>\n<\/ul>\n<p><strong>Zabierz go ze sob\u0105:<\/strong><\/p>\n<ul>\n<li>Kopia paszportu<\/li>\n<li>Odzie\u017c zakrywaj\u0105ca ramiona i kolana<\/li>\n<li>Wygodne buty<\/li>\n<li>Nakrycia g\u0142owy, okulary przeciws\u0142oneczne<\/li>\n<li>kamera foto\/wideo<\/li>\n<li>Pieni\u0105dze na wydatki osobiste i ewentualne op\u0142aty za rytua\u0142y, jedzenie, pami\u0105tki<\/li>\n<\/ul>\n<p data-start=\"2105\" data-end=\"2137\"><strong data-start=\"2105\" data-end=\"2135\">Dodatkowe informacje:<\/strong><\/p>\n<ul>\n<li>Dzieci w wieku poni\u017cej 2-3 lat (do ~90 cm) zazwyczaj uczestnicz\u0105 za darmo, bez oddzielnego miejsca w autobusie.<\/li>\n<li>Program mo\u017ce si\u0119 r\u00f3\u017cni\u0107: wersje poranne i wieczorne, wersje niestandardowe zawieraj\u0105ce dodatkowe opcje.<\/li>\n<li>Rytua\u0142y zwi\u0105zane z karm\u0105 i Niepowodzeniem Poch\u00f3wku wymagaj\u0105 uczestnictwa, je\u015bli jest to po\u017c\u0105dane, i mog\u0105 wi\u0105za\u0107 si\u0119 z dodatkow\u0105 op\u0142at\u0105 na miejscu.<\/li>\n<\/ul>","protected":false},"excerpt":{"rendered":"<p><strong>Czas wycieczki:<\/strong><br \/>\n\u0423\u0442\u0440\u0435\u043d\u043d\u044f\u044f \u043f\u0440\u043e\u0433\u0440\u0430\u043c\u043c\u0430 \u0441 8:00 \u0434\u043e 15:00;<br \/>\n\u0412\u0435\u0447\u0435\u0440\u043d\u044f\u044f \u043f\u0440\u043e\u0433\u0440\u0430\u043c\u043c\u0430 \u2014 \u0441 13:30 \u0434\u043e 20:30.<br \/>\n<strong>Holding Days:<\/strong> Codziennie.<\/p>","protected":false},"featured_media":66197,"template":"","meta":{"_kad_post_transparent":"default","_kad_post_title":"","_kad_post_layout":"default","_kad_post_sidebar_id":"","_kad_post_content_style":"default","_kad_post_vertical_padding":"default","_kad_post_feature":"","_kad_post_feature_position":"","_kad_post_header":false,"_kad_post_footer":false,"_kad_post_classname":"","_glsr_average":0,"_glsr_ranking":0,"_glsr_reviews":0},"product_brand":[],"product_cat":[507],"product_tag":[],"class_list":{"0":"post-66189","1":"product","2":"type-product","3":"status-publish","4":"has-post-thumbnail","6":"product_cat-pattaya","7":"tm-has-options","9":"first","10":"instock","11":"sold-individually","12":"taxable","13":"shipping-taxable","14":"purchasable","15":"product-type-simple","16":"entry","17":"content-bg","18":"loop-entry"},"yoast_head":"<!-- This site is optimized with the Yoast SEO plugin v27.3 - https:\/\/yoast.com\/product\/yoast-seo-wordpress\/ -->\n<title>\u0425\u0440\u0430\u043c\u043e\u0432\u044b\u0439 \u043a\u043e\u043c\u043f\u043b\u0435\u043a\u0441 \u0412\u0430\u0442 \u042f\u043d &#8226; \u042d\u043a\u0441\u043a\u0443\u0440\u0441\u0438\u0438 Skyline<\/title>\n<meta name=\"robots\" content=\"index, follow, max-snippet:-1, max-image-preview:large, max-video-preview:-1\" \/>\n<link rel=\"canonical\" href=\"https:\/\/skyline-gs.com\/pl\/produkt\/wat-yan-temple-complex\/\" \/>\n<meta property=\"og:locale\" content=\"pl_PL\" \/>\n<meta property=\"og:type\" content=\"article\" \/>\n<meta property=\"og:title\" content=\"\u0425\u0440\u0430\u043c\u043e\u0432\u044b\u0439 \u043a\u043e\u043c\u043f\u043b\u0435\u043a\u0441 \u0412\u0430\u0442 \u042f\u043d &#8226; \u042d\u043a\u0441\u043a\u0443\u0440\u0441\u0438\u0438 Skyline\" \/>\n<meta property=\"og:description\" content=\"\u0412\u0440\u0435\u043c\u044f \u0442\u0443\u0440\u0430: \u0423\u0442\u0440\u0435\u043d\u043d\u044f\u044f \u043f\u0440\u043e\u0433\u0440\u0430\u043c\u043c\u0430 \u0441 8:00 \u0434\u043e 15:00; \u0412\u0435\u0447\u0435\u0440\u043d\u044f\u044f \u043f\u0440\u043e\u0433\u0440\u0430\u043c\u043c\u0430 \u2014 \u0441 13:30 \u0434\u043e 20:30. \u0414\u043d\u0438 \u043f\u0440\u043e\u0432\u0435\u0434\u0435\u043d\u0438\u044f: \u0415\u0436\u0435\u0434\u043d\u0435\u0432\u043d\u043e\" \/>\n<meta property=\"og:url\" content=\"https:\/\/skyline-gs.com\/pl\/produkt\/wat-yan-temple-complex\/\" \/>\n<meta property=\"og:site_name\" content=\"\u042d\u043a\u0441\u043a\u0443\u0440\u0441\u0438\u0438 Skyline\" \/>\n<meta property=\"article:modified_time\" content=\"2025-09-23T20:08:34+00:00\" \/>\n<meta property=\"og:image\" content=\"https:\/\/skyline-gs.com\/wp-content\/uploads\/2025\/09\/img_8773_0.jpg-e1765911599291.webp\" \/>\n\t<meta property=\"og:image:width\" content=\"1108\" \/>\n\t<meta property=\"og:image:height\" content=\"740\" \/>\n\t<meta property=\"og:image:type\" content=\"image\/webp\" \/>\n<meta name=\"twitter:card\" content=\"summary_large_image\" \/>\n<meta name=\"twitter:label1\" content=\"Szacowany czas czytania\" \/>\n\t<meta name=\"twitter:data1\" content=\"2 minuty\" \/>\n<script type=\"application\/ld+json\" class=\"yoast-schema-graph\">{\"@context\":\"https:\\\/\\\/schema.org\",\"@graph\":[{\"@type\":\"WebPage\",\"@id\":\"https:\\\/\\\/skyline-gs.com\\\/de\\\/produkt\\\/wat-yan-temple-complex\\\/\",\"url\":\"https:\\\/\\\/skyline-gs.com\\\/de\\\/produkt\\\/wat-yan-temple-complex\\\/\",\"name\":\"\u0425\u0440\u0430\u043c\u043e\u0432\u044b\u0439 \u043a\u043e\u043c\u043f\u043b\u0435\u043a\u0441 \u0412\u0430\u0442 \u042f\u043d &#8226; \u042d\u043a\u0441\u043a\u0443\u0440\u0441\u0438\u0438 Skyline\",\"isPartOf\":{\"@id\":\"https:\\\/\\\/skyline-gs.com\\\/it\\\/#website\"},\"primaryImageOfPage\":{\"@id\":\"https:\\\/\\\/skyline-gs.com\\\/de\\\/produkt\\\/wat-yan-temple-complex\\\/#primaryimage\"},\"image\":{\"@id\":\"https:\\\/\\\/skyline-gs.com\\\/de\\\/produkt\\\/wat-yan-temple-complex\\\/#primaryimage\"},\"thumbnailUrl\":\"https:\\\/\\\/skyline-gs.com\\\/wp-content\\\/uploads\\\/2025\\\/09\\\/img_8773_0.jpg-e1765911599291.webp\",\"datePublished\":\"2025-09-20T16:08:47+00:00\",\"dateModified\":\"2025-09-23T20:08:34+00:00\",\"breadcrumb\":{\"@id\":\"https:\\\/\\\/skyline-gs.com\\\/de\\\/produkt\\\/wat-yan-temple-complex\\\/#breadcrumb\"},\"inLanguage\":\"pl-PL\",\"potentialAction\":[{\"@type\":\"ReadAction\",\"target\":[\"https:\\\/\\\/skyline-gs.com\\\/de\\\/produkt\\\/wat-yan-temple-complex\\\/\"]}]},{\"@type\":\"ImageObject\",\"inLanguage\":\"pl-PL\",\"@id\":\"https:\\\/\\\/skyline-gs.com\\\/de\\\/produkt\\\/wat-yan-temple-complex\\\/#primaryimage\",\"url\":\"https:\\\/\\\/skyline-gs.com\\\/wp-content\\\/uploads\\\/2025\\\/09\\\/img_8773_0.jpg-e1765911599291.webp\",\"contentUrl\":\"https:\\\/\\\/skyline-gs.com\\\/wp-content\\\/uploads\\\/2025\\\/09\\\/img_8773_0.jpg-e1765911599291.webp\",\"width\":1108,\"height\":740},{\"@type\":\"BreadcrumbList\",\"@id\":\"https:\\\/\\\/skyline-gs.com\\\/de\\\/produkt\\\/wat-yan-temple-complex\\\/#breadcrumb\",\"itemListElement\":[{\"@type\":\"ListItem\",\"position\":1,\"name\":\"\u0413\u043b\u0430\u0432\u043d\u0430\u044f \u0441\u0442\u0440\u0430\u043d\u0438\u0446\u0430\",\"item\":\"https:\\\/\\\/skyline-gs.com\\\/hu\\\/\"},{\"@type\":\"ListItem\",\"position\":2,\"name\":\"\u041c\u0430\u0433\u0430\u0437\u0438\u043d\",\"item\":\"https:\\\/\\\/skyline-gs.com\\\/cs\\\/shop\\\/\"},{\"@type\":\"ListItem\",\"position\":3,\"name\":\"\u0425\u0440\u0430\u043c\u043e\u0432\u044b\u0439 \u043a\u043e\u043c\u043f\u043b\u0435\u043a\u0441 \u0412\u0430\u0442 \u042f\u043d\"}]},{\"@type\":\"WebSite\",\"@id\":\"https:\\\/\\\/skyline-gs.com\\\/it\\\/#website\",\"url\":\"https:\\\/\\\/skyline-gs.com\\\/it\\\/\",\"name\":\"\u042d\u043a\u0441\u043a\u0443\u0440\u0441\u0438\u0438 Skyline\",\"description\":\"\u042d\u043a\u0441\u043a\u043b\u044e\u0437\u0438\u0432\u043d\u044b\u0435 \u044d\u043a\u0441\u043a\u0443\u0440\u0441\u0438\u0438 \u043d\u0430 \u043b\u0443\u0447\u0448\u0438\u0445 \u043a\u0443\u0440\u043e\u0440\u0442\u0430\u0445 \u043c\u0438\u0440\u0430\",\"publisher\":{\"@id\":\"https:\\\/\\\/skyline-gs.com\\\/it\\\/#organization\"},\"alternateName\":\"Skyline\",\"potentialAction\":[{\"@type\":\"SearchAction\",\"target\":{\"@type\":\"EntryPoint\",\"urlTemplate\":\"https:\\\/\\\/skyline-gs.com\\\/it\\\/?s={search_term_string}\"},\"query-input\":{\"@type\":\"PropertyValueSpecification\",\"valueRequired\":true,\"valueName\":\"search_term_string\"}}],\"inLanguage\":\"pl-PL\"},{\"@type\":\"Organization\",\"@id\":\"https:\\\/\\\/skyline-gs.com\\\/it\\\/#organization\",\"name\":\"\u042d\u043a\u0441\u043a\u0443\u0440\u0441\u0438\u0438 Skyline\",\"alternateName\":\"\u042d\u043a\u0441\u043a\u0443\u0440\u0441\u0438\u0438 Skyline\",\"url\":\"https:\\\/\\\/skyline-gs.com\\\/it\\\/\",\"logo\":{\"@type\":\"ImageObject\",\"inLanguage\":\"pl-PL\",\"@id\":\"https:\\\/\\\/skyline-gs.com\\\/it\\\/#\\\/schema\\\/logo\\\/image\\\/\",\"url\":\"https:\\\/\\\/skyline-gs.com\\\/wp-content\\\/uploads\\\/2020\\\/12\\\/cropped-logo-2.png\",\"contentUrl\":\"https:\\\/\\\/skyline-gs.com\\\/wp-content\\\/uploads\\\/2020\\\/12\\\/cropped-logo-2.png\",\"width\":512,\"height\":512,\"caption\":\"\u042d\u043a\u0441\u043a\u0443\u0440\u0441\u0438\u0438 Skyline\"},\"image\":{\"@id\":\"https:\\\/\\\/skyline-gs.com\\\/it\\\/#\\\/schema\\\/logo\\\/image\\\/\"},\"sameAs\":[\"https:\\\/\\\/www.instagram.com\\\/skylineglobalservice\\\/\"]}]}<\/script>\n<!-- \/ Yoast SEO plugin. -->","yoast_head_json":{"title":"Kompleks \u015bwi\u0105tynny Wat Yang - Skyline Tours","robots":{"index":"index","follow":"follow","max-snippet":"max-snippet:-1","max-image-preview":"max-image-preview:large","max-video-preview":"max-video-preview:-1"},"canonical":"https:\/\/skyline-gs.com\/pl\/produkt\/wat-yan-temple-complex\/","og_locale":"pl_PL","og_type":"article","og_title":"\u0425\u0440\u0430\u043c\u043e\u0432\u044b\u0439 \u043a\u043e\u043c\u043f\u043b\u0435\u043a\u0441 \u0412\u0430\u0442 \u042f\u043d &#8226; \u042d\u043a\u0441\u043a\u0443\u0440\u0441\u0438\u0438 Skyline","og_description":"\u0412\u0440\u0435\u043c\u044f \u0442\u0443\u0440\u0430: \u0423\u0442\u0440\u0435\u043d\u043d\u044f\u044f \u043f\u0440\u043e\u0433\u0440\u0430\u043c\u043c\u0430 \u0441 8:00 \u0434\u043e 15:00; \u0412\u0435\u0447\u0435\u0440\u043d\u044f\u044f \u043f\u0440\u043e\u0433\u0440\u0430\u043c\u043c\u0430 \u2014 \u0441 13:30 \u0434\u043e 20:30. \u0414\u043d\u0438 \u043f\u0440\u043e\u0432\u0435\u0434\u0435\u043d\u0438\u044f: \u0415\u0436\u0435\u0434\u043d\u0435\u0432\u043d\u043e","og_url":"https:\/\/skyline-gs.com\/pl\/produkt\/wat-yan-temple-complex\/","og_site_name":"\u042d\u043a\u0441\u043a\u0443\u0440\u0441\u0438\u0438 Skyline","article_modified_time":"2025-09-23T20:08:34+00:00","og_image":[{"width":1108,"height":740,"url":"https:\/\/skyline-gs.com\/wp-content\/uploads\/2025\/09\/img_8773_0.jpg-e1765911599291.webp","type":"image\/webp"}],"twitter_card":"summary_large_image","twitter_misc":{"Szacowany czas czytania":"2 minuty"},"schema":{"@context":"https:\/\/schema.org","@graph":[{"@type":"WebPage","@id":"https:\/\/skyline-gs.com\/de\/produkt\/wat-yan-temple-complex\/","url":"https:\/\/skyline-gs.com\/de\/produkt\/wat-yan-temple-complex\/","name":"Kompleks \u015bwi\u0105tynny Wat Yang - Skyline Tours","isPartOf":{"@id":"https:\/\/skyline-gs.com\/it\/#website"},"primaryImageOfPage":{"@id":"https:\/\/skyline-gs.com\/de\/produkt\/wat-yan-temple-complex\/#primaryimage"},"image":{"@id":"https:\/\/skyline-gs.com\/de\/produkt\/wat-yan-temple-complex\/#primaryimage"},"thumbnailUrl":"https:\/\/skyline-gs.com\/wp-content\/uploads\/2025\/09\/img_8773_0.jpg-e1765911599291.webp","datePublished":"2025-09-20T16:08:47+00:00","dateModified":"2025-09-23T20:08:34+00:00","breadcrumb":{"@id":"https:\/\/skyline-gs.com\/de\/produkt\/wat-yan-temple-complex\/#breadcrumb"},"inLanguage":"pl-PL","potentialAction":[{"@type":"ReadAction","target":["https:\/\/skyline-gs.com\/de\/produkt\/wat-yan-temple-complex\/"]}]},{"@type":"ImageObject","inLanguage":"pl-PL","@id":"https:\/\/skyline-gs.com\/de\/produkt\/wat-yan-temple-complex\/#primaryimage","url":"https:\/\/skyline-gs.com\/wp-content\/uploads\/2025\/09\/img_8773_0.jpg-e1765911599291.webp","contentUrl":"https:\/\/skyline-gs.com\/wp-content\/uploads\/2025\/09\/img_8773_0.jpg-e1765911599291.webp","width":1108,"height":740},{"@type":"BreadcrumbList","@id":"https:\/\/skyline-gs.com\/de\/produkt\/wat-yan-temple-complex\/#breadcrumb","itemListElement":[{"@type":"ListItem","position":1,"name":"\u0413\u043b\u0430\u0432\u043d\u0430\u044f \u0441\u0442\u0440\u0430\u043d\u0438\u0446\u0430","item":"https:\/\/skyline-gs.com\/hu\/"},{"@type":"ListItem","position":2,"name":"\u041c\u0430\u0433\u0430\u0437\u0438\u043d","item":"https:\/\/skyline-gs.com\/cs\/shop\/"},{"@type":"ListItem","position":3,"name":"\u0425\u0440\u0430\u043c\u043e\u0432\u044b\u0439 \u043a\u043e\u043c\u043f\u043b\u0435\u043a\u0441 \u0412\u0430\u0442 \u042f\u043d"}]},{"@type":"WebSite","@id":"https:\/\/skyline-gs.com\/it\/#website","url":"https:\/\/skyline-gs.com\/it\/","name":"Wycieczki Skyline","description":"Ekskluzywne wycieczki do najlepszych kurort\u00f3w na \u015bwiecie","publisher":{"@id":"https:\/\/skyline-gs.com\/it\/#organization"},"alternateName":"Skyline","potentialAction":[{"@type":"SearchAction","target":{"@type":"EntryPoint","urlTemplate":"https:\/\/skyline-gs.com\/it\/?s={search_term_string}"},"query-input":{"@type":"PropertyValueSpecification","valueRequired":true,"valueName":"search_term_string"}}],"inLanguage":"pl-PL"},{"@type":"Organization","@id":"https:\/\/skyline-gs.com\/it\/#organization","name":"Wycieczki Skyline","alternateName":"\u042d\u043a\u0441\u043a\u0443\u0440\u0441\u0438\u0438 Skyline","url":"https:\/\/skyline-gs.com\/it\/","logo":{"@type":"ImageObject","inLanguage":"pl-PL","@id":"https:\/\/skyline-gs.com\/it\/#\/schema\/logo\/image\/","url":"https:\/\/skyline-gs.com\/wp-content\/uploads\/2020\/12\/cropped-logo-2.png","contentUrl":"https:\/\/skyline-gs.com\/wp-content\/uploads\/2020\/12\/cropped-logo-2.png","width":512,"height":512,"caption":"\u042d\u043a\u0441\u043a\u0443\u0440\u0441\u0438\u0438 Skyline"},"image":{"@id":"https:\/\/skyline-gs.com\/it\/#\/schema\/logo\/image\/"},"sameAs":["https:\/\/www.instagram.com\/skylineglobalservice\/"]}]}},"_links":{"self":[{"href":"https:\/\/skyline-gs.com\/pl\/wp-json\/wp\/v2\/product\/66189","targetHints":{"allow":["GET"]}}],"collection":[{"href":"https:\/\/skyline-gs.com\/pl\/wp-json\/wp\/v2\/product"}],"about":[{"href":"https:\/\/skyline-gs.com\/pl\/wp-json\/wp\/v2\/types\/product"}],"version-history":[{"count":0,"href":"https:\/\/skyline-gs.com\/pl\/wp-json\/wp\/v2\/product\/66189\/revisions"}],"wp:featuredmedia":[{"embeddable":true,"href":"https:\/\/skyline-gs.com\/pl\/wp-json\/wp\/v2\/media\/66197"}],"wp:attachment":[{"href":"https:\/\/skyline-gs.com\/pl\/wp-json\/wp\/v2\/media?parent=66189"}],"wp:term":[{"taxonomy":"product_brand","embeddable":true,"href":"https:\/\/skyline-gs.com\/pl\/wp-json\/wp\/v2\/product_brand?post=66189"},{"taxonomy":"product_cat","embeddable":true,"href":"https:\/\/skyline-gs.com\/pl\/wp-json\/wp\/v2\/product_cat?post=66189"},{"taxonomy":"product_tag","embeddable":true,"href":"https:\/\/skyline-gs.com\/pl\/wp-json\/wp\/v2\/product_tag?post=66189"}],"curies":[{"name":"wp","href":"https:\/\/api.w.org\/{rel}","templated":true}]}}