{"id":66153,"date":"2025-09-20T14:29:54","date_gmt":"2025-09-20T12:29:54","guid":{"rendered":"http:\/\/skyline-gs.com\/?post_type=product&#038;p=66153"},"modified":"2025-09-20T14:59:03","modified_gmt":"2025-09-20T12:59:03","slug":"rejs-rzeka-czasu-ayutthaya-bangkok","status":"publish","type":"product","link":"https:\/\/skyline-gs.com\/pl\/product\/river-of-time-ayutthaya-bangkok-cruise\/","title":{"rendered":"Rzeka czasu: rejs Ayutthaya-Bangkok"},"content":{"rendered":"<p><strong>Odkryj dwa rozdzia\u0142y historii Tajlandii - staro\u017cytn\u0105 Ayutthay\u0119 i nowoczesny Bangkok<\/strong> w jeden dzie\u0144. Wycieczka jest wype\u0142niona \u015bwi\u0105tyniami, legendami, rytua\u0142ami, malowniczym rejsem i wspania\u0142ym jedzeniem - wszystko po to, aby ten dzie\u0144 pozostawi\u0142 \u017cywe wspomnienia!<\/p>\n<p data-start=\"474\" data-end=\"809\"><strong data-start=\"474\" data-end=\"488\">Program: <\/strong><\/p>\n<p data-start=\"474\" data-end=\"809\">Wymeldowanie z hotelu we wczesnych godzinach porannych.<\/p>\n<p data-start=\"474\" data-end=\"809\">Pierwszym przystankiem jest \u015awi\u0105tynia P\u0142acz\u0105cego Buddy: tutaj odbywa si\u0119 rytua\u0142 przyci\u0105gaj\u0105cy dobro i mi\u0142o\u015b\u0107, karmi\u0105c \u015bwi\u0119te sumy.<\/p>\n<p data-start=\"474\" data-end=\"809\">Nast\u0119pna jest Wielka \u015awi\u0105tynia Relikwii, odbudowana po zniszczeniach, z relikwiami Buddy i s\u0142ynnym drzewem korzeniowym.<\/p>\n<p data-start=\"474\" data-end=\"809\">Nast\u0119pnie - \u015bwi\u0105tynia Mortal Kombat, znana z filmu, z przyk\u0142adami architektury Khmer\u00f3w. Po zwiedzeniu \u015bwi\u0105tyni wejd\u017a na pok\u0142ad wygodnego dwupok\u0142adowego statku wycieczkowego, aby zje\u015b\u0107 lunch w formie bufetu i zrelaksowa\u0107 si\u0119 podczas podziwiania scenerii rzeki.<\/p>\n<p data-start=\"474\" data-end=\"809\">Wreszcie - przyjazd do Bangkoku, centrum stolicy, gdzie zobaczysz kontrast mi\u0119dzy star\u0105 i now\u0105 Tajlandi\u0105, \u015bwi\u0105tyniami, mostami i drapaczami chmur.<\/p>\n<p data-start=\"1233\" data-end=\"1656\"><strong style=\"font-family: var(--global-body-font-family);\">W zestawie:<\/strong><\/p>\n<ul>\n<li data-start=\"1336\" data-end=\"1365\">Transfer z i do hotelu<\/li>\n<li data-start=\"1368\" data-end=\"1423\">Wygodny pojazd z klimatyzacj\u0105<\/li>\n<li data-start=\"1426\" data-end=\"1445\">Rosyjskoj\u0119zyczny przewodnik<\/li>\n<li data-start=\"1448\" data-end=\"1492\">Bilety wst\u0119pu do wszystkich \u015bwi\u0105ty\u0144 obj\u0119tych programem<\/li>\n<li data-start=\"1495\" data-end=\"1546\">Lunch w formie bufetu na statku i napoje podczas rejsu<\/li>\n<li data-start=\"1549\" data-end=\"1580\">Rejs dwupok\u0142adowym statkiem liniowym<\/li>\n<li data-start=\"1583\" data-end=\"1594\">Ubezpieczenie<\/li>\n<\/ul>\n<p><strong>Zabierz go ze sob\u0105:<\/strong><\/p>\n<ul>\n<li data-start=\"1627\" data-end=\"1648\">Paszport zagraniczny<\/li>\n<li data-start=\"1651\" data-end=\"1666\">Wygodne buty<\/li>\n<li data-start=\"1669\" data-end=\"1706\">Nakrycia g\u0142owy i okulary przeciws\u0142oneczne<\/li>\n<li data-start=\"1709\" data-end=\"1733\">sprz\u0119t foto\/wideo<\/li>\n<li data-start=\"1736\" data-end=\"1785\">Odzie\u017c zakrywaj\u0105ca ramiona i kolana (w przypadku \u015bwi\u0105ty\u0144)<\/li>\n<\/ul>\n<p data-start=\"2105\" data-end=\"2137\"><strong data-start=\"2105\" data-end=\"2135\">Dodatkowe informacje:<\/strong><\/p>\n<ul>\n<li data-start=\"1827\" data-end=\"1905\">Wycieczka jest ca\u0142odniowa, odpowiednia dla mi\u0142o\u015bnik\u00f3w historii i zrelaksowanych wczasowicz\u00f3w.<\/li>\n<li data-start=\"1908\" data-end=\"1977\">Na terenie \u015bwi\u0105tyni nale\u017cy przestrzega\u0107 zasad ubioru: zakryte ramiona i kolana.<\/li>\n<li data-start=\"1980\" data-end=\"2067\">Czas powrotu jest przybli\u017cony i mo\u017ce si\u0119 r\u00f3\u017cni\u0107 w zale\u017cno\u015bci od warunk\u00f3w drogowych.<\/li>\n<\/ul>","protected":false},"excerpt":{"rendered":"<p><strong data-start=\"583\" data-end=\"598\">Czas wycieczki:<\/strong> 2 dni \/ 1 noc<br data-start=\"613\" data-end=\"616\" \/><strong data-start=\"616\" data-end=\"635\">Holding Days:<\/strong> zgodnie z harmonogramem (poniedzia\u0142ek, \u015broda, pi\u0105tek itp.)<\/p>","protected":false},"featured_media":66160,"template":"","meta":{"_kad_post_transparent":"default","_kad_post_title":"","_kad_post_layout":"default","_kad_post_sidebar_id":"","_kad_post_content_style":"default","_kad_post_vertical_padding":"default","_kad_post_feature":"","_kad_post_feature_position":"","_kad_post_header":false,"_kad_post_footer":false,"_kad_post_classname":"","_glsr_average":0,"_glsr_ranking":0,"_glsr_reviews":0},"product_brand":[],"product_cat":[507],"product_tag":[],"class_list":{"0":"post-66153","1":"product","2":"type-product","3":"status-publish","4":"has-post-thumbnail","6":"product_cat-pattaya","7":"tm-has-options","9":"first","10":"instock","11":"sold-individually","12":"taxable","13":"shipping-taxable","14":"purchasable","15":"product-type-simple","16":"entry","17":"content-bg","18":"loop-entry"},"yoast_head":"<!-- This site is optimized with the Yoast SEO plugin v27.3 - https:\/\/yoast.com\/product\/yoast-seo-wordpress\/ -->\n<title>\u0420\u0435\u043a\u0430 \u0412\u0440\u0435\u043c\u0435\u043d\u0438: \u043a\u0440\u0443\u0438\u0437 \u0410\u044e\u0442\u0442\u0430\u0439\u044f-\u0411\u0430\u043d\u0433\u043a\u043e\u043a &#8226; \u042d\u043a\u0441\u043a\u0443\u0440\u0441\u0438\u0438 Skyline<\/title>\n<meta name=\"robots\" content=\"index, follow, max-snippet:-1, max-image-preview:large, max-video-preview:-1\" \/>\n<link rel=\"canonical\" href=\"http:\/\/skyline-gs.com\/pl\/produkt\/rejs-rzeka-czasu-ayutthaya-bangkok\/\" \/>\n<meta property=\"og:locale\" content=\"pl_PL\" \/>\n<meta property=\"og:type\" content=\"article\" \/>\n<meta property=\"og:title\" content=\"\u0420\u0435\u043a\u0430 \u0412\u0440\u0435\u043c\u0435\u043d\u0438: \u043a\u0440\u0443\u0438\u0437 \u0410\u044e\u0442\u0442\u0430\u0439\u044f-\u0411\u0430\u043d\u0433\u043a\u043e\u043a &#8226; \u042d\u043a\u0441\u043a\u0443\u0440\u0441\u0438\u0438 Skyline\" \/>\n<meta property=\"og:description\" content=\"\u0412\u0440\u0435\u043c\u044f \u0442\u0443\u0440\u0430: 2 \u0434\u043d\u044f \/ 1 \u043d\u043e\u0447\u044c\u0414\u043d\u0438 \u043f\u0440\u043e\u0432\u0435\u0434\u0435\u043d\u0438\u044f: \u043f\u043e \u0440\u0430\u0441\u043f\u0438\u0441\u0430\u043d\u0438\u044e (\u043f\u043e\u043d\u0435\u0434\u0435\u043b\u044c\u043d\u0438\u043a, \u0441\u0440\u0435\u0434\u0430, \u043f\u044f\u0442\u043d\u0438\u0446\u0430 \u0438 \u0434\u0440.)\" \/>\n<meta property=\"og:url\" content=\"http:\/\/skyline-gs.com\/pl\/produkt\/rejs-rzeka-czasu-ayutthaya-bangkok\/\" \/>\n<meta property=\"og:site_name\" content=\"\u042d\u043a\u0441\u043a\u0443\u0440\u0441\u0438\u0438 Skyline\" \/>\n<meta property=\"article:modified_time\" content=\"2025-09-20T12:59:03+00:00\" \/>\n<meta property=\"og:image\" content=\"https:\/\/skyline-gs.com\/wp-content\/uploads\/2025\/09\/43dcc2.jpg-e1765911336448.webp\" \/>\n\t<meta property=\"og:image:width\" content=\"1044\" \/>\n\t<meta property=\"og:image:height\" content=\"660\" \/>\n\t<meta property=\"og:image:type\" content=\"image\/webp\" \/>\n<meta name=\"twitter:card\" content=\"summary_large_image\" \/>\n<meta name=\"twitter:label1\" content=\"Szacowany czas czytania\" \/>\n\t<meta name=\"twitter:data1\" content=\"2 minuty\" \/>\n<script type=\"application\/ld+json\" class=\"yoast-schema-graph\">{\"@context\":\"https:\\\/\\\/schema.org\",\"@graph\":[{\"@type\":\"WebPage\",\"@id\":\"http:\\\/\\\/skyline-gs.com\\\/hu\\\/termek\\\/river-of-time-ayutthaya-bangkok-cruise\\\/\",\"url\":\"http:\\\/\\\/skyline-gs.com\\\/hu\\\/termek\\\/river-of-time-ayutthaya-bangkok-cruise\\\/\",\"name\":\"\u0420\u0435\u043a\u0430 \u0412\u0440\u0435\u043c\u0435\u043d\u0438: \u043a\u0440\u0443\u0438\u0437 \u0410\u044e\u0442\u0442\u0430\u0439\u044f-\u0411\u0430\u043d\u0433\u043a\u043e\u043a &#8226; \u042d\u043a\u0441\u043a\u0443\u0440\u0441\u0438\u0438 Skyline\",\"isPartOf\":{\"@id\":\"https:\\\/\\\/skyline-gs.com\\\/it\\\/#website\"},\"primaryImageOfPage\":{\"@id\":\"http:\\\/\\\/skyline-gs.com\\\/hu\\\/termek\\\/river-of-time-ayutthaya-bangkok-cruise\\\/#primaryimage\"},\"image\":{\"@id\":\"http:\\\/\\\/skyline-gs.com\\\/hu\\\/termek\\\/river-of-time-ayutthaya-bangkok-cruise\\\/#primaryimage\"},\"thumbnailUrl\":\"https:\\\/\\\/skyline-gs.com\\\/wp-content\\\/uploads\\\/2025\\\/09\\\/43dcc2.jpg-e1765911336448.webp\",\"datePublished\":\"2025-09-20T12:29:54+00:00\",\"dateModified\":\"2025-09-20T12:59:03+00:00\",\"breadcrumb\":{\"@id\":\"http:\\\/\\\/skyline-gs.com\\\/hu\\\/termek\\\/river-of-time-ayutthaya-bangkok-cruise\\\/#breadcrumb\"},\"inLanguage\":\"pl-PL\",\"potentialAction\":[{\"@type\":\"ReadAction\",\"target\":[\"http:\\\/\\\/skyline-gs.com\\\/hu\\\/termek\\\/river-of-time-ayutthaya-bangkok-cruise\\\/\"]}]},{\"@type\":\"ImageObject\",\"inLanguage\":\"pl-PL\",\"@id\":\"http:\\\/\\\/skyline-gs.com\\\/hu\\\/termek\\\/river-of-time-ayutthaya-bangkok-cruise\\\/#primaryimage\",\"url\":\"https:\\\/\\\/skyline-gs.com\\\/wp-content\\\/uploads\\\/2025\\\/09\\\/43dcc2.jpg-e1765911336448.webp\",\"contentUrl\":\"https:\\\/\\\/skyline-gs.com\\\/wp-content\\\/uploads\\\/2025\\\/09\\\/43dcc2.jpg-e1765911336448.webp\",\"width\":1044,\"height\":660},{\"@type\":\"BreadcrumbList\",\"@id\":\"http:\\\/\\\/skyline-gs.com\\\/hu\\\/termek\\\/river-of-time-ayutthaya-bangkok-cruise\\\/#breadcrumb\",\"itemListElement\":[{\"@type\":\"ListItem\",\"position\":1,\"name\":\"\u0413\u043b\u0430\u0432\u043d\u0430\u044f \u0441\u0442\u0440\u0430\u043d\u0438\u0446\u0430\",\"item\":\"https:\\\/\\\/skyline-gs.com\\\/hu\\\/\"},{\"@type\":\"ListItem\",\"position\":2,\"name\":\"\u041c\u0430\u0433\u0430\u0437\u0438\u043d\",\"item\":\"https:\\\/\\\/skyline-gs.com\\\/cs\\\/shop\\\/\"},{\"@type\":\"ListItem\",\"position\":3,\"name\":\"\u0420\u0435\u043a\u0430 \u0412\u0440\u0435\u043c\u0435\u043d\u0438: \u043a\u0440\u0443\u0438\u0437 \u0410\u044e\u0442\u0442\u0430\u0439\u044f-\u0411\u0430\u043d\u0433\u043a\u043e\u043a\"}]},{\"@type\":\"WebSite\",\"@id\":\"https:\\\/\\\/skyline-gs.com\\\/it\\\/#website\",\"url\":\"https:\\\/\\\/skyline-gs.com\\\/it\\\/\",\"name\":\"\u042d\u043a\u0441\u043a\u0443\u0440\u0441\u0438\u0438 Skyline\",\"description\":\"\u042d\u043a\u0441\u043a\u043b\u044e\u0437\u0438\u0432\u043d\u044b\u0435 \u044d\u043a\u0441\u043a\u0443\u0440\u0441\u0438\u0438 \u043d\u0430 \u043b\u0443\u0447\u0448\u0438\u0445 \u043a\u0443\u0440\u043e\u0440\u0442\u0430\u0445 \u043c\u0438\u0440\u0430\",\"publisher\":{\"@id\":\"https:\\\/\\\/skyline-gs.com\\\/it\\\/#organization\"},\"alternateName\":\"Skyline\",\"potentialAction\":[{\"@type\":\"SearchAction\",\"target\":{\"@type\":\"EntryPoint\",\"urlTemplate\":\"https:\\\/\\\/skyline-gs.com\\\/it\\\/?s={search_term_string}\"},\"query-input\":{\"@type\":\"PropertyValueSpecification\",\"valueRequired\":true,\"valueName\":\"search_term_string\"}}],\"inLanguage\":\"pl-PL\"},{\"@type\":\"Organization\",\"@id\":\"https:\\\/\\\/skyline-gs.com\\\/it\\\/#organization\",\"name\":\"\u042d\u043a\u0441\u043a\u0443\u0440\u0441\u0438\u0438 Skyline\",\"alternateName\":\"\u042d\u043a\u0441\u043a\u0443\u0440\u0441\u0438\u0438 Skyline\",\"url\":\"https:\\\/\\\/skyline-gs.com\\\/it\\\/\",\"logo\":{\"@type\":\"ImageObject\",\"inLanguage\":\"pl-PL\",\"@id\":\"https:\\\/\\\/skyline-gs.com\\\/it\\\/#\\\/schema\\\/logo\\\/image\\\/\",\"url\":\"https:\\\/\\\/skyline-gs.com\\\/wp-content\\\/uploads\\\/2020\\\/12\\\/cropped-logo-2.png\",\"contentUrl\":\"https:\\\/\\\/skyline-gs.com\\\/wp-content\\\/uploads\\\/2020\\\/12\\\/cropped-logo-2.png\",\"width\":512,\"height\":512,\"caption\":\"\u042d\u043a\u0441\u043a\u0443\u0440\u0441\u0438\u0438 Skyline\"},\"image\":{\"@id\":\"https:\\\/\\\/skyline-gs.com\\\/it\\\/#\\\/schema\\\/logo\\\/image\\\/\"},\"sameAs\":[\"https:\\\/\\\/www.instagram.com\\\/skylineglobalservice\\\/\"]}]}<\/script>\n<!-- \/ Yoast SEO plugin. -->","yoast_head_json":{"title":"Rzeka czasu: rejs Ayutthaya-Bangkok - Wycieczki Skyline","robots":{"index":"index","follow":"follow","max-snippet":"max-snippet:-1","max-image-preview":"max-image-preview:large","max-video-preview":"max-video-preview:-1"},"canonical":"http:\/\/skyline-gs.com\/pl\/produkt\/rejs-rzeka-czasu-ayutthaya-bangkok\/","og_locale":"pl_PL","og_type":"article","og_title":"\u0420\u0435\u043a\u0430 \u0412\u0440\u0435\u043c\u0435\u043d\u0438: \u043a\u0440\u0443\u0438\u0437 \u0410\u044e\u0442\u0442\u0430\u0439\u044f-\u0411\u0430\u043d\u0433\u043a\u043e\u043a &#8226; \u042d\u043a\u0441\u043a\u0443\u0440\u0441\u0438\u0438 Skyline","og_description":"\u0412\u0440\u0435\u043c\u044f \u0442\u0443\u0440\u0430: 2 \u0434\u043d\u044f \/ 1 \u043d\u043e\u0447\u044c\u0414\u043d\u0438 \u043f\u0440\u043e\u0432\u0435\u0434\u0435\u043d\u0438\u044f: \u043f\u043e \u0440\u0430\u0441\u043f\u0438\u0441\u0430\u043d\u0438\u044e (\u043f\u043e\u043d\u0435\u0434\u0435\u043b\u044c\u043d\u0438\u043a, \u0441\u0440\u0435\u0434\u0430, \u043f\u044f\u0442\u043d\u0438\u0446\u0430 \u0438 \u0434\u0440.)","og_url":"http:\/\/skyline-gs.com\/pl\/produkt\/rejs-rzeka-czasu-ayutthaya-bangkok\/","og_site_name":"\u042d\u043a\u0441\u043a\u0443\u0440\u0441\u0438\u0438 Skyline","article_modified_time":"2025-09-20T12:59:03+00:00","og_image":[{"width":1044,"height":660,"url":"https:\/\/skyline-gs.com\/wp-content\/uploads\/2025\/09\/43dcc2.jpg-e1765911336448.webp","type":"image\/webp"}],"twitter_card":"summary_large_image","twitter_misc":{"Szacowany czas czytania":"2 minuty"},"schema":{"@context":"https:\/\/schema.org","@graph":[{"@type":"WebPage","@id":"http:\/\/skyline-gs.com\/hu\/termek\/river-of-time-ayutthaya-bangkok-cruise\/","url":"http:\/\/skyline-gs.com\/hu\/termek\/river-of-time-ayutthaya-bangkok-cruise\/","name":"Rzeka czasu: rejs Ayutthaya-Bangkok - Wycieczki Skyline","isPartOf":{"@id":"https:\/\/skyline-gs.com\/it\/#website"},"primaryImageOfPage":{"@id":"http:\/\/skyline-gs.com\/hu\/termek\/river-of-time-ayutthaya-bangkok-cruise\/#primaryimage"},"image":{"@id":"http:\/\/skyline-gs.com\/hu\/termek\/river-of-time-ayutthaya-bangkok-cruise\/#primaryimage"},"thumbnailUrl":"https:\/\/skyline-gs.com\/wp-content\/uploads\/2025\/09\/43dcc2.jpg-e1765911336448.webp","datePublished":"2025-09-20T12:29:54+00:00","dateModified":"2025-09-20T12:59:03+00:00","breadcrumb":{"@id":"http:\/\/skyline-gs.com\/hu\/termek\/river-of-time-ayutthaya-bangkok-cruise\/#breadcrumb"},"inLanguage":"pl-PL","potentialAction":[{"@type":"ReadAction","target":["http:\/\/skyline-gs.com\/hu\/termek\/river-of-time-ayutthaya-bangkok-cruise\/"]}]},{"@type":"ImageObject","inLanguage":"pl-PL","@id":"http:\/\/skyline-gs.com\/hu\/termek\/river-of-time-ayutthaya-bangkok-cruise\/#primaryimage","url":"https:\/\/skyline-gs.com\/wp-content\/uploads\/2025\/09\/43dcc2.jpg-e1765911336448.webp","contentUrl":"https:\/\/skyline-gs.com\/wp-content\/uploads\/2025\/09\/43dcc2.jpg-e1765911336448.webp","width":1044,"height":660},{"@type":"BreadcrumbList","@id":"http:\/\/skyline-gs.com\/hu\/termek\/river-of-time-ayutthaya-bangkok-cruise\/#breadcrumb","itemListElement":[{"@type":"ListItem","position":1,"name":"\u0413\u043b\u0430\u0432\u043d\u0430\u044f \u0441\u0442\u0440\u0430\u043d\u0438\u0446\u0430","item":"https:\/\/skyline-gs.com\/hu\/"},{"@type":"ListItem","position":2,"name":"\u041c\u0430\u0433\u0430\u0437\u0438\u043d","item":"https:\/\/skyline-gs.com\/cs\/shop\/"},{"@type":"ListItem","position":3,"name":"\u0420\u0435\u043a\u0430 \u0412\u0440\u0435\u043c\u0435\u043d\u0438: \u043a\u0440\u0443\u0438\u0437 \u0410\u044e\u0442\u0442\u0430\u0439\u044f-\u0411\u0430\u043d\u0433\u043a\u043e\u043a"}]},{"@type":"WebSite","@id":"https:\/\/skyline-gs.com\/it\/#website","url":"https:\/\/skyline-gs.com\/it\/","name":"Wycieczki Skyline","description":"Ekskluzywne wycieczki do najlepszych kurort\u00f3w na \u015bwiecie","publisher":{"@id":"https:\/\/skyline-gs.com\/it\/#organization"},"alternateName":"Skyline","potentialAction":[{"@type":"SearchAction","target":{"@type":"EntryPoint","urlTemplate":"https:\/\/skyline-gs.com\/it\/?s={search_term_string}"},"query-input":{"@type":"PropertyValueSpecification","valueRequired":true,"valueName":"search_term_string"}}],"inLanguage":"pl-PL"},{"@type":"Organization","@id":"https:\/\/skyline-gs.com\/it\/#organization","name":"Wycieczki Skyline","alternateName":"\u042d\u043a\u0441\u043a\u0443\u0440\u0441\u0438\u0438 Skyline","url":"https:\/\/skyline-gs.com\/it\/","logo":{"@type":"ImageObject","inLanguage":"pl-PL","@id":"https:\/\/skyline-gs.com\/it\/#\/schema\/logo\/image\/","url":"https:\/\/skyline-gs.com\/wp-content\/uploads\/2020\/12\/cropped-logo-2.png","contentUrl":"https:\/\/skyline-gs.com\/wp-content\/uploads\/2020\/12\/cropped-logo-2.png","width":512,"height":512,"caption":"\u042d\u043a\u0441\u043a\u0443\u0440\u0441\u0438\u0438 Skyline"},"image":{"@id":"https:\/\/skyline-gs.com\/it\/#\/schema\/logo\/image\/"},"sameAs":["https:\/\/www.instagram.com\/skylineglobalservice\/"]}]}},"_links":{"self":[{"href":"https:\/\/skyline-gs.com\/pl\/wp-json\/wp\/v2\/product\/66153","targetHints":{"allow":["GET"]}}],"collection":[{"href":"https:\/\/skyline-gs.com\/pl\/wp-json\/wp\/v2\/product"}],"about":[{"href":"https:\/\/skyline-gs.com\/pl\/wp-json\/wp\/v2\/types\/product"}],"version-history":[{"count":0,"href":"https:\/\/skyline-gs.com\/pl\/wp-json\/wp\/v2\/product\/66153\/revisions"}],"wp:featuredmedia":[{"embeddable":true,"href":"https:\/\/skyline-gs.com\/pl\/wp-json\/wp\/v2\/media\/66160"}],"wp:attachment":[{"href":"https:\/\/skyline-gs.com\/pl\/wp-json\/wp\/v2\/media?parent=66153"}],"wp:term":[{"taxonomy":"product_brand","embeddable":true,"href":"https:\/\/skyline-gs.com\/pl\/wp-json\/wp\/v2\/product_brand?post=66153"},{"taxonomy":"product_cat","embeddable":true,"href":"https:\/\/skyline-gs.com\/pl\/wp-json\/wp\/v2\/product_cat?post=66153"},{"taxonomy":"product_tag","embeddable":true,"href":"https:\/\/skyline-gs.com\/pl\/wp-json\/wp\/v2\/product_tag?post=66153"}],"curies":[{"name":"wp","href":"https:\/\/api.w.org\/{rel}","templated":true}]}}