{"id":66092,"date":"2025-09-17T15:47:07","date_gmt":"2025-09-17T13:47:07","guid":{"rendered":"http:\/\/skyline-gs.com\/?post_type=product&#038;p=66092"},"modified":"2025-09-20T13:19:39","modified_gmt":"2025-09-20T11:19:39","slug":"%d0%b1%d0%b0%d0%bd%d0%b3%d0%ba%d0%be%d0%ba-%d0%b8%d1%81%d1%82%d0%be%d1%80%d0%b8%d1%87%d0%b5%d1%81%d0%ba%d0%b8%d0%b9-%d1%81-%d0%be%d0%ba%d0%b5%d0%b0%d0%bd%d0%b0%d1%80%d0%b8%d1%83%d0%bc%d0%be%d0%bc","status":"publish","type":"product","link":"https:\/\/skyline-gs.com\/pl\/product\/%d0%b1%d0%b0%d0%bd%d0%b3%d0%ba%d0%be%d0%ba-%d0%b8%d1%81%d1%82%d0%be%d1%80%d0%b8%d1%87%d0%b5%d1%81%d0%ba%d0%b8%d0%b9-%d1%81-%d0%be%d0%ba%d0%b5%d0%b0%d0%bd%d0%b0%d1%80%d0%b8%d1%83%d0%bc%d0%be%d0%bc\/","title":{"rendered":"Historyczny Bangkok z oceanarium i pokazem Siam Niramit"},"content":{"rendered":"<p><strong data-start=\"48\" data-end=\"118\">Zanurz si\u0119 w pe\u0142nym kontrast\u00f3w i malowniczym Bangkoku w zaledwie jeden dzie\u0144!<\/strong><br data-start=\"118\" data-end=\"121\" \/>Zobaczysz majestatyczne pa\u0142ace, kolorowe \u015bwi\u0105tynie, przejedziesz si\u0119 kana\u0142ami, b\u0119dziesz podziwia\u0107 panoramiczne widoki na miasto z wysoko\u015bci, odwiedzisz najwi\u0119ksze oceanarium w Azji Po\u0142udniowo-Wschodniej i do\u015bwiadczysz tajskiej kultury podczas pokazu Siam Niramit.<\/p>\n<p><strong>6:00 - Wyjazd z lobby hotelu w Pattaya. <\/strong>Czas podr\u00f3\u017cy wynosi dwie godziny.<\/p>\n<ul>\n<li>\u00a0Rano - odwiedziny <strong>Wielkiego Pa\u0142acu Kr\u00f3lewskiego<\/strong> \u0438 <strong>\u015awi\u0105tynia Szmaragdowego Buddy<\/strong> - historyczne serce Bangkoku<\/li>\n<li>Nast\u0119pny - Spacer wzd\u0142u\u017c rzeki <b>Chao Praya<\/b> i kana\u0142y - widoki z wody, atmosfera starego miasta<\/li>\n<li>W po\u0142udnie - <strong>Lunch<\/strong>-Bufet w Baiyoke Sky Tower to panoramiczna restauracja z widokiem na miasto.<\/li>\n<li>Po obiedzie - wizyta <b>Siam Ocean World<\/b> - siedem stref, szklany tunel z rekinami, r\u00f3\u017cnorodne \u017cycie morskie<\/li>\n<li>Wieczorem - pokaz <strong>Siam Niramit<\/strong> - Wieczorna produkcja teatralna odzwierciedlaj\u0105ca histori\u0119 i kultur\u0119 Tajlandii<\/li>\n<li>19:00 - Wylot do Pattaya.<\/li>\n<\/ul>\n<p data-start=\"984\" data-end=\"1052\"><strong>21:00 - Powr\u00f3t do hotelu.<\/strong><\/p>\n<p><strong>W zestawie:<\/strong><\/p>\n<ul>\n<li data-start=\"1164\" data-end=\"1195\">\n<p data-start=\"1166\" data-end=\"1195\">Transfer z i do hotelu<\/p>\n<\/li>\n<li data-start=\"1196\" data-end=\"1227\">\n<p data-start=\"1198\" data-end=\"1227\">Rosyjskoj\u0119zyczny przewodnik<\/p>\n<\/li>\n<li data-start=\"1228\" data-end=\"1289\">\n<p data-start=\"1230\" data-end=\"1289\">Wszystkie bilety wst\u0119pu zgodnie z programem (pa\u0142ac, pokazy)<\/p>\n<\/li>\n<li data-start=\"1290\" data-end=\"1304\">\n<p data-start=\"1292\" data-end=\"1304\">Lunch w formie bufetu<\/p>\n<\/li>\n<li data-start=\"1305\" data-end=\"1318\">\n<p data-start=\"1307\" data-end=\"1318\">Ubezpieczenie<\/p>\n<\/li>\n<\/ul>\n<p><strong>Zabierz go ze sob\u0105:<\/strong><\/p>\n<ul>\n<li data-start=\"1348\" data-end=\"1366\">\n<p data-start=\"1350\" data-end=\"1366\">Kopia paszportu<\/p>\n<\/li>\n<li data-start=\"1367\" data-end=\"1384\">\n<p data-start=\"1369\" data-end=\"1384\">Wygodne buty<\/p>\n<\/li>\n<li data-start=\"1385\" data-end=\"1424\">\n<p data-start=\"1387\" data-end=\"1424\">Nakrycia g\u0142owy i okulary przeciws\u0142oneczne<\/p>\n<\/li>\n<li data-start=\"1425\" data-end=\"1467\">\n<p data-start=\"1427\" data-end=\"1467\">Aparat fotograficzny\/wideo i zapasowe baterie<\/p>\n<\/li>\n<li data-start=\"1468\" data-end=\"1517\">\n<p data-start=\"1470\" data-end=\"1517\">Odzie\u017c zakrywaj\u0105ca ramiona i kolana na skroniach<\/p>\n<\/li>\n<\/ul>\n<p><strong>Dodatkowe informacje:<\/strong><\/p>\n<ul>\n<li data-start=\"1556\" data-end=\"1659\">\n<p data-start=\"1558\" data-end=\"1659\"><b>Wizyta w oceanarium mo\u017ce by\u0107 dodatkowo p\u0142atna<\/b> lub by\u0107 opcjonalne w zale\u017cno\u015bci od opcji wycieczki.<\/p>\n<\/li>\n<li data-start=\"1660\" data-end=\"1753\">\n<p data-start=\"1662\" data-end=\"1753\">Pokaz Siam Niramit rozpoczyna si\u0119 wieczorem - upewnij si\u0119, \u017ce czas programu obejmuje jego rozpocz\u0119cie.<\/p>\n<\/li>\n<li data-start=\"1754\" data-end=\"1842\">\n<p data-start=\"1756\" data-end=\"1842\"><b>Obowi\u0105zuje \u015bcis\u0142y dress code <\/b>w pa\u0142acu kr\u00f3lewskim i \u015bwi\u0105tyniach: ramiona i kolana musz\u0105 by\u0107 zakryte, zar\u00f3wno w przypadku m\u0119\u017cczyzn, jak i kobiet.<\/p>\n<\/li>\n<\/ul>","protected":false},"excerpt":{"rendered":"<p><strong>Czas wycieczki:<\/strong> 8:00 &#8212; 21:00<\/p>\n<p><strong>Holding Days:<\/strong> Poniedzia\u0142ek, \u015broda, sobota<\/p>","protected":false},"featured_media":66126,"template":"","meta":{"_kad_post_transparent":"default","_kad_post_title":"","_kad_post_layout":"default","_kad_post_sidebar_id":"","_kad_post_content_style":"default","_kad_post_vertical_padding":"default","_kad_post_feature":"","_kad_post_feature_position":"","_kad_post_header":false,"_kad_post_footer":false,"_kad_post_classname":"","_glsr_average":0,"_glsr_ranking":0,"_glsr_reviews":0},"product_brand":[],"product_cat":[507],"product_tag":[],"class_list":{"0":"post-66092","1":"product","2":"type-product","3":"status-publish","4":"has-post-thumbnail","6":"product_cat-pattaya","7":"tm-has-options","9":"first","10":"instock","11":"sold-individually","12":"taxable","13":"shipping-taxable","14":"purchasable","15":"product-type-simple","16":"entry","17":"content-bg","18":"loop-entry"},"yoast_head":"<!-- This site is optimized with the Yoast SEO plugin v27.4 - https:\/\/yoast.com\/product\/yoast-seo-wordpress\/ -->\n<title>\u0411\u0430\u043d\u0433\u043a\u043e\u043a \u0418\u0441\u0442\u043e\u0440\u0438\u0447\u0435\u0441\u043a\u0438\u0439 \u0441 \u041e\u043a\u0435\u0430\u043d\u0430\u0440\u0438\u0443\u043c\u043e\u043c \u0438 \u0448\u043e\u0443 Siam Niramit &#8226; \u042d\u043a\u0441\u043a\u0443\u0440\u0441\u0438\u0438 Skyline<\/title>\n<meta name=\"robots\" content=\"index, follow, max-snippet:-1, max-image-preview:large, max-video-preview:-1\" \/>\n<link rel=\"canonical\" href=\"http:\/\/skyline-gs.com\/pl\/produkt\/\u0431\u0430\u043d\u0433\u043a\u043e\u043a-\u0438\u0441\u0442\u043e\u0440\u0438\u0447\u0435\u0441\u043a\u0438\u0439-\u0441-\u043e\u043a\u0435\u0430\u043d\u0430\u0440\u0438\u0443\u043c\u043e\u043c\/\" \/>\n<meta property=\"og:locale\" content=\"pl_PL\" \/>\n<meta property=\"og:type\" content=\"article\" \/>\n<meta property=\"og:title\" content=\"\u0411\u0430\u043d\u0433\u043a\u043e\u043a \u0418\u0441\u0442\u043e\u0440\u0438\u0447\u0435\u0441\u043a\u0438\u0439 \u0441 \u041e\u043a\u0435\u0430\u043d\u0430\u0440\u0438\u0443\u043c\u043e\u043c \u0438 \u0448\u043e\u0443 Siam Niramit &#8226; \u042d\u043a\u0441\u043a\u0443\u0440\u0441\u0438\u0438 Skyline\" \/>\n<meta property=\"og:description\" content=\"\u0412\u0440\u0435\u043c\u044f \u0442\u0443\u0440\u0430: 8:00 - 21:00  \u0414\u043d\u0438 \u043f\u0440\u043e\u0432\u0435\u0434\u0435\u043d\u0438\u044f: \u041f\u043e\u043d\u0435\u0434\u0435\u043b\u044c\u043d\u0438\u043a, \u0421\u0440\u0435\u0434\u0430, \u0421\u0443\u0431\u0431\u043e\u0442\u0430\" \/>\n<meta property=\"og:url\" content=\"http:\/\/skyline-gs.com\/pl\/produkt\/\u0431\u0430\u043d\u0433\u043a\u043e\u043a-\u0438\u0441\u0442\u043e\u0440\u0438\u0447\u0435\u0441\u043a\u0438\u0439-\u0441-\u043e\u043a\u0435\u0430\u043d\u0430\u0440\u0438\u0443\u043c\u043e\u043c\/\" \/>\n<meta property=\"og:site_name\" content=\"\u042d\u043a\u0441\u043a\u0443\u0440\u0441\u0438\u0438 Skyline\" \/>\n<meta property=\"article:modified_time\" content=\"2025-09-20T11:19:39+00:00\" \/>\n<meta property=\"og:image\" content=\"https:\/\/skyline-gs.com\/wp-content\/uploads\/2025\/09\/bkk-1_0_0.jpg-e1765911010142.webp\" \/>\n\t<meta property=\"og:image:width\" content=\"599\" \/>\n\t<meta property=\"og:image:height\" content=\"399\" \/>\n\t<meta property=\"og:image:type\" content=\"image\/webp\" \/>\n<meta name=\"twitter:card\" content=\"summary_large_image\" \/>\n<meta name=\"twitter:label1\" content=\"Szacowany czas czytania\" \/>\n\t<meta name=\"twitter:data1\" content=\"2 minuty\" \/>\n<script type=\"application\/ld+json\" class=\"yoast-schema-graph\">{\"@context\":\"https:\\\/\\\/schema.org\",\"@graph\":[{\"@type\":\"WebPage\",\"@id\":\"http:\\\/\\\/skyline-gs.com\\\/de\\\/produkt\\\/%d0%b1%d0%b0%d0%bd%d0%b3%d0%ba%d0%be%d0%ba-%d0%b8%d1%81%d1%82%d0%be%d1%80%d0%b8%d1%87%d0%b5%d1%81%d0%ba%d0%b8%d0%b9-%d1%81-%d0%be%d0%ba%d0%b5%d0%b0%d0%bd%d0%b0%d1%80%d0%b8%d1%83%d0%bc%d0%be%d0%bc\\\/\",\"url\":\"http:\\\/\\\/skyline-gs.com\\\/de\\\/produkt\\\/%d0%b1%d0%b0%d0%bd%d0%b3%d0%ba%d0%be%d0%ba-%d0%b8%d1%81%d1%82%d0%be%d1%80%d0%b8%d1%87%d0%b5%d1%81%d0%ba%d0%b8%d0%b9-%d1%81-%d0%be%d0%ba%d0%b5%d0%b0%d0%bd%d0%b0%d1%80%d0%b8%d1%83%d0%bc%d0%be%d0%bc\\\/\",\"name\":\"\u0411\u0430\u043d\u0433\u043a\u043e\u043a \u0418\u0441\u0442\u043e\u0440\u0438\u0447\u0435\u0441\u043a\u0438\u0439 \u0441 \u041e\u043a\u0435\u0430\u043d\u0430\u0440\u0438\u0443\u043c\u043e\u043c \u0438 \u0448\u043e\u0443 Siam Niramit &#8226; \u042d\u043a\u0441\u043a\u0443\u0440\u0441\u0438\u0438 Skyline\",\"isPartOf\":{\"@id\":\"https:\\\/\\\/skyline-gs.com\\\/it\\\/#website\"},\"primaryImageOfPage\":{\"@id\":\"http:\\\/\\\/skyline-gs.com\\\/de\\\/produkt\\\/%d0%b1%d0%b0%d0%bd%d0%b3%d0%ba%d0%be%d0%ba-%d0%b8%d1%81%d1%82%d0%be%d1%80%d0%b8%d1%87%d0%b5%d1%81%d0%ba%d0%b8%d0%b9-%d1%81-%d0%be%d0%ba%d0%b5%d0%b0%d0%bd%d0%b0%d1%80%d0%b8%d1%83%d0%bc%d0%be%d0%bc\\\/#primaryimage\"},\"image\":{\"@id\":\"http:\\\/\\\/skyline-gs.com\\\/de\\\/produkt\\\/%d0%b1%d0%b0%d0%bd%d0%b3%d0%ba%d0%be%d0%ba-%d0%b8%d1%81%d1%82%d0%be%d1%80%d0%b8%d1%87%d0%b5%d1%81%d0%ba%d0%b8%d0%b9-%d1%81-%d0%be%d0%ba%d0%b5%d0%b0%d0%bd%d0%b0%d1%80%d0%b8%d1%83%d0%bc%d0%be%d0%bc\\\/#primaryimage\"},\"thumbnailUrl\":\"https:\\\/\\\/skyline-gs.com\\\/wp-content\\\/uploads\\\/2025\\\/09\\\/bkk-1_0_0.jpg-e1765911010142.webp\",\"datePublished\":\"2025-09-17T13:47:07+00:00\",\"dateModified\":\"2025-09-20T11:19:39+00:00\",\"breadcrumb\":{\"@id\":\"http:\\\/\\\/skyline-gs.com\\\/de\\\/produkt\\\/%d0%b1%d0%b0%d0%bd%d0%b3%d0%ba%d0%be%d0%ba-%d0%b8%d1%81%d1%82%d0%be%d1%80%d0%b8%d1%87%d0%b5%d1%81%d0%ba%d0%b8%d0%b9-%d1%81-%d0%be%d0%ba%d0%b5%d0%b0%d0%bd%d0%b0%d1%80%d0%b8%d1%83%d0%bc%d0%be%d0%bc\\\/#breadcrumb\"},\"inLanguage\":\"pl-PL\",\"potentialAction\":[{\"@type\":\"ReadAction\",\"target\":[\"http:\\\/\\\/skyline-gs.com\\\/de\\\/produkt\\\/%d0%b1%d0%b0%d0%bd%d0%b3%d0%ba%d0%be%d0%ba-%d0%b8%d1%81%d1%82%d0%be%d1%80%d0%b8%d1%87%d0%b5%d1%81%d0%ba%d0%b8%d0%b9-%d1%81-%d0%be%d0%ba%d0%b5%d0%b0%d0%bd%d0%b0%d1%80%d0%b8%d1%83%d0%bc%d0%be%d0%bc\\\/\"]}]},{\"@type\":\"ImageObject\",\"inLanguage\":\"pl-PL\",\"@id\":\"http:\\\/\\\/skyline-gs.com\\\/de\\\/produkt\\\/%d0%b1%d0%b0%d0%bd%d0%b3%d0%ba%d0%be%d0%ba-%d0%b8%d1%81%d1%82%d0%be%d1%80%d0%b8%d1%87%d0%b5%d1%81%d0%ba%d0%b8%d0%b9-%d1%81-%d0%be%d0%ba%d0%b5%d0%b0%d0%bd%d0%b0%d1%80%d0%b8%d1%83%d0%bc%d0%be%d0%bc\\\/#primaryimage\",\"url\":\"https:\\\/\\\/skyline-gs.com\\\/wp-content\\\/uploads\\\/2025\\\/09\\\/bkk-1_0_0.jpg-e1765911010142.webp\",\"contentUrl\":\"https:\\\/\\\/skyline-gs.com\\\/wp-content\\\/uploads\\\/2025\\\/09\\\/bkk-1_0_0.jpg-e1765911010142.webp\",\"width\":599,\"height\":399},{\"@type\":\"BreadcrumbList\",\"@id\":\"http:\\\/\\\/skyline-gs.com\\\/de\\\/produkt\\\/%d0%b1%d0%b0%d0%bd%d0%b3%d0%ba%d0%be%d0%ba-%d0%b8%d1%81%d1%82%d0%be%d1%80%d0%b8%d1%87%d0%b5%d1%81%d0%ba%d0%b8%d0%b9-%d1%81-%d0%be%d0%ba%d0%b5%d0%b0%d0%bd%d0%b0%d1%80%d0%b8%d1%83%d0%bc%d0%be%d0%bc\\\/#breadcrumb\",\"itemListElement\":[{\"@type\":\"ListItem\",\"position\":1,\"name\":\"\u0413\u043b\u0430\u0432\u043d\u0430\u044f \u0441\u0442\u0440\u0430\u043d\u0438\u0446\u0430\",\"item\":\"https:\\\/\\\/skyline-gs.com\\\/hu\\\/\"},{\"@type\":\"ListItem\",\"position\":2,\"name\":\"\u041c\u0430\u0433\u0430\u0437\u0438\u043d\",\"item\":\"https:\\\/\\\/skyline-gs.com\\\/cs\\\/shop\\\/\"},{\"@type\":\"ListItem\",\"position\":3,\"name\":\"\u0411\u0430\u043d\u0433\u043a\u043e\u043a \u0418\u0441\u0442\u043e\u0440\u0438\u0447\u0435\u0441\u043a\u0438\u0439 \u0441 \u041e\u043a\u0435\u0430\u043d\u0430\u0440\u0438\u0443\u043c\u043e\u043c \u0438 \u0448\u043e\u0443 Siam Niramit\"}]},{\"@type\":\"WebSite\",\"@id\":\"https:\\\/\\\/skyline-gs.com\\\/it\\\/#website\",\"url\":\"https:\\\/\\\/skyline-gs.com\\\/it\\\/\",\"name\":\"\u042d\u043a\u0441\u043a\u0443\u0440\u0441\u0438\u0438 Skyline\",\"description\":\"\u042d\u043a\u0441\u043a\u043b\u044e\u0437\u0438\u0432\u043d\u044b\u0435 \u044d\u043a\u0441\u043a\u0443\u0440\u0441\u0438\u0438 \u043d\u0430 \u043b\u0443\u0447\u0448\u0438\u0445 \u043a\u0443\u0440\u043e\u0440\u0442\u0430\u0445 \u043c\u0438\u0440\u0430\",\"publisher\":{\"@id\":\"https:\\\/\\\/skyline-gs.com\\\/it\\\/#organization\"},\"alternateName\":\"Skyline\",\"potentialAction\":[{\"@type\":\"SearchAction\",\"target\":{\"@type\":\"EntryPoint\",\"urlTemplate\":\"https:\\\/\\\/skyline-gs.com\\\/it\\\/?s={search_term_string}\"},\"query-input\":{\"@type\":\"PropertyValueSpecification\",\"valueRequired\":true,\"valueName\":\"search_term_string\"}}],\"inLanguage\":\"pl-PL\"},{\"@type\":\"Organization\",\"@id\":\"https:\\\/\\\/skyline-gs.com\\\/it\\\/#organization\",\"name\":\"\u042d\u043a\u0441\u043a\u0443\u0440\u0441\u0438\u0438 Skyline\",\"alternateName\":\"\u042d\u043a\u0441\u043a\u0443\u0440\u0441\u0438\u0438 Skyline\",\"url\":\"https:\\\/\\\/skyline-gs.com\\\/it\\\/\",\"logo\":{\"@type\":\"ImageObject\",\"inLanguage\":\"pl-PL\",\"@id\":\"https:\\\/\\\/skyline-gs.com\\\/it\\\/#\\\/schema\\\/logo\\\/image\\\/\",\"url\":\"https:\\\/\\\/skyline-gs.com\\\/wp-content\\\/uploads\\\/2020\\\/12\\\/cropped-logo-2.png\",\"contentUrl\":\"https:\\\/\\\/skyline-gs.com\\\/wp-content\\\/uploads\\\/2020\\\/12\\\/cropped-logo-2.png\",\"width\":512,\"height\":512,\"caption\":\"\u042d\u043a\u0441\u043a\u0443\u0440\u0441\u0438\u0438 Skyline\"},\"image\":{\"@id\":\"https:\\\/\\\/skyline-gs.com\\\/it\\\/#\\\/schema\\\/logo\\\/image\\\/\"},\"sameAs\":[\"https:\\\/\\\/www.instagram.com\\\/skylineglobalservice\\\/\"]}]}<\/script>\n<!-- \/ Yoast SEO plugin. -->","yoast_head_json":{"title":"Historyczny Bangkok z oceanarium i pokazem Siam Niramit - Wycieczki Skyline","robots":{"index":"index","follow":"follow","max-snippet":"max-snippet:-1","max-image-preview":"max-image-preview:large","max-video-preview":"max-video-preview:-1"},"canonical":"http:\/\/skyline-gs.com\/pl\/produkt\/\u0431\u0430\u043d\u0433\u043a\u043e\u043a-\u0438\u0441\u0442\u043e\u0440\u0438\u0447\u0435\u0441\u043a\u0438\u0439-\u0441-\u043e\u043a\u0435\u0430\u043d\u0430\u0440\u0438\u0443\u043c\u043e\u043c\/","og_locale":"pl_PL","og_type":"article","og_title":"\u0411\u0430\u043d\u0433\u043a\u043e\u043a \u0418\u0441\u0442\u043e\u0440\u0438\u0447\u0435\u0441\u043a\u0438\u0439 \u0441 \u041e\u043a\u0435\u0430\u043d\u0430\u0440\u0438\u0443\u043c\u043e\u043c \u0438 \u0448\u043e\u0443 Siam Niramit &#8226; \u042d\u043a\u0441\u043a\u0443\u0440\u0441\u0438\u0438 Skyline","og_description":"\u0412\u0440\u0435\u043c\u044f \u0442\u0443\u0440\u0430: 8:00 - 21:00  \u0414\u043d\u0438 \u043f\u0440\u043e\u0432\u0435\u0434\u0435\u043d\u0438\u044f: \u041f\u043e\u043d\u0435\u0434\u0435\u043b\u044c\u043d\u0438\u043a, \u0421\u0440\u0435\u0434\u0430, \u0421\u0443\u0431\u0431\u043e\u0442\u0430","og_url":"http:\/\/skyline-gs.com\/pl\/produkt\/\u0431\u0430\u043d\u0433\u043a\u043e\u043a-\u0438\u0441\u0442\u043e\u0440\u0438\u0447\u0435\u0441\u043a\u0438\u0439-\u0441-\u043e\u043a\u0435\u0430\u043d\u0430\u0440\u0438\u0443\u043c\u043e\u043c\/","og_site_name":"\u042d\u043a\u0441\u043a\u0443\u0440\u0441\u0438\u0438 Skyline","article_modified_time":"2025-09-20T11:19:39+00:00","og_image":[{"width":599,"height":399,"url":"https:\/\/skyline-gs.com\/wp-content\/uploads\/2025\/09\/bkk-1_0_0.jpg-e1765911010142.webp","type":"image\/webp"}],"twitter_card":"summary_large_image","twitter_misc":{"Szacowany czas czytania":"2 minuty"},"schema":{"@context":"https:\/\/schema.org","@graph":[{"@type":"WebPage","@id":"http:\/\/skyline-gs.com\/de\/produkt\/%d0%b1%d0%b0%d0%bd%d0%b3%d0%ba%d0%be%d0%ba-%d0%b8%d1%81%d1%82%d0%be%d1%80%d0%b8%d1%87%d0%b5%d1%81%d0%ba%d0%b8%d0%b9-%d1%81-%d0%be%d0%ba%d0%b5%d0%b0%d0%bd%d0%b0%d1%80%d0%b8%d1%83%d0%bc%d0%be%d0%bc\/","url":"http:\/\/skyline-gs.com\/de\/produkt\/%d0%b1%d0%b0%d0%bd%d0%b3%d0%ba%d0%be%d0%ba-%d0%b8%d1%81%d1%82%d0%be%d1%80%d0%b8%d1%87%d0%b5%d1%81%d0%ba%d0%b8%d0%b9-%d1%81-%d0%be%d0%ba%d0%b5%d0%b0%d0%bd%d0%b0%d1%80%d0%b8%d1%83%d0%bc%d0%be%d0%bc\/","name":"Historyczny Bangkok z oceanarium i pokazem Siam Niramit - Wycieczki Skyline","isPartOf":{"@id":"https:\/\/skyline-gs.com\/it\/#website"},"primaryImageOfPage":{"@id":"http:\/\/skyline-gs.com\/de\/produkt\/%d0%b1%d0%b0%d0%bd%d0%b3%d0%ba%d0%be%d0%ba-%d0%b8%d1%81%d1%82%d0%be%d1%80%d0%b8%d1%87%d0%b5%d1%81%d0%ba%d0%b8%d0%b9-%d1%81-%d0%be%d0%ba%d0%b5%d0%b0%d0%bd%d0%b0%d1%80%d0%b8%d1%83%d0%bc%d0%be%d0%bc\/#primaryimage"},"image":{"@id":"http:\/\/skyline-gs.com\/de\/produkt\/%d0%b1%d0%b0%d0%bd%d0%b3%d0%ba%d0%be%d0%ba-%d0%b8%d1%81%d1%82%d0%be%d1%80%d0%b8%d1%87%d0%b5%d1%81%d0%ba%d0%b8%d0%b9-%d1%81-%d0%be%d0%ba%d0%b5%d0%b0%d0%bd%d0%b0%d1%80%d0%b8%d1%83%d0%bc%d0%be%d0%bc\/#primaryimage"},"thumbnailUrl":"https:\/\/skyline-gs.com\/wp-content\/uploads\/2025\/09\/bkk-1_0_0.jpg-e1765911010142.webp","datePublished":"2025-09-17T13:47:07+00:00","dateModified":"2025-09-20T11:19:39+00:00","breadcrumb":{"@id":"http:\/\/skyline-gs.com\/de\/produkt\/%d0%b1%d0%b0%d0%bd%d0%b3%d0%ba%d0%be%d0%ba-%d0%b8%d1%81%d1%82%d0%be%d1%80%d0%b8%d1%87%d0%b5%d1%81%d0%ba%d0%b8%d0%b9-%d1%81-%d0%be%d0%ba%d0%b5%d0%b0%d0%bd%d0%b0%d1%80%d0%b8%d1%83%d0%bc%d0%be%d0%bc\/#breadcrumb"},"inLanguage":"pl-PL","potentialAction":[{"@type":"ReadAction","target":["http:\/\/skyline-gs.com\/de\/produkt\/%d0%b1%d0%b0%d0%bd%d0%b3%d0%ba%d0%be%d0%ba-%d0%b8%d1%81%d1%82%d0%be%d1%80%d0%b8%d1%87%d0%b5%d1%81%d0%ba%d0%b8%d0%b9-%d1%81-%d0%be%d0%ba%d0%b5%d0%b0%d0%bd%d0%b0%d1%80%d0%b8%d1%83%d0%bc%d0%be%d0%bc\/"]}]},{"@type":"ImageObject","inLanguage":"pl-PL","@id":"http:\/\/skyline-gs.com\/de\/produkt\/%d0%b1%d0%b0%d0%bd%d0%b3%d0%ba%d0%be%d0%ba-%d0%b8%d1%81%d1%82%d0%be%d1%80%d0%b8%d1%87%d0%b5%d1%81%d0%ba%d0%b8%d0%b9-%d1%81-%d0%be%d0%ba%d0%b5%d0%b0%d0%bd%d0%b0%d1%80%d0%b8%d1%83%d0%bc%d0%be%d0%bc\/#primaryimage","url":"https:\/\/skyline-gs.com\/wp-content\/uploads\/2025\/09\/bkk-1_0_0.jpg-e1765911010142.webp","contentUrl":"https:\/\/skyline-gs.com\/wp-content\/uploads\/2025\/09\/bkk-1_0_0.jpg-e1765911010142.webp","width":599,"height":399},{"@type":"BreadcrumbList","@id":"http:\/\/skyline-gs.com\/de\/produkt\/%d0%b1%d0%b0%d0%bd%d0%b3%d0%ba%d0%be%d0%ba-%d0%b8%d1%81%d1%82%d0%be%d1%80%d0%b8%d1%87%d0%b5%d1%81%d0%ba%d0%b8%d0%b9-%d1%81-%d0%be%d0%ba%d0%b5%d0%b0%d0%bd%d0%b0%d1%80%d0%b8%d1%83%d0%bc%d0%be%d0%bc\/#breadcrumb","itemListElement":[{"@type":"ListItem","position":1,"name":"\u0413\u043b\u0430\u0432\u043d\u0430\u044f \u0441\u0442\u0440\u0430\u043d\u0438\u0446\u0430","item":"https:\/\/skyline-gs.com\/hu\/"},{"@type":"ListItem","position":2,"name":"\u041c\u0430\u0433\u0430\u0437\u0438\u043d","item":"https:\/\/skyline-gs.com\/cs\/shop\/"},{"@type":"ListItem","position":3,"name":"\u0411\u0430\u043d\u0433\u043a\u043e\u043a \u0418\u0441\u0442\u043e\u0440\u0438\u0447\u0435\u0441\u043a\u0438\u0439 \u0441 \u041e\u043a\u0435\u0430\u043d\u0430\u0440\u0438\u0443\u043c\u043e\u043c \u0438 \u0448\u043e\u0443 Siam Niramit"}]},{"@type":"WebSite","@id":"https:\/\/skyline-gs.com\/it\/#website","url":"https:\/\/skyline-gs.com\/it\/","name":"Wycieczki Skyline","description":"Ekskluzywne wycieczki do najlepszych kurort\u00f3w na \u015bwiecie","publisher":{"@id":"https:\/\/skyline-gs.com\/it\/#organization"},"alternateName":"Skyline","potentialAction":[{"@type":"SearchAction","target":{"@type":"EntryPoint","urlTemplate":"https:\/\/skyline-gs.com\/it\/?s={search_term_string}"},"query-input":{"@type":"PropertyValueSpecification","valueRequired":true,"valueName":"search_term_string"}}],"inLanguage":"pl-PL"},{"@type":"Organization","@id":"https:\/\/skyline-gs.com\/it\/#organization","name":"Wycieczki Skyline","alternateName":"\u042d\u043a\u0441\u043a\u0443\u0440\u0441\u0438\u0438 Skyline","url":"https:\/\/skyline-gs.com\/it\/","logo":{"@type":"ImageObject","inLanguage":"pl-PL","@id":"https:\/\/skyline-gs.com\/it\/#\/schema\/logo\/image\/","url":"https:\/\/skyline-gs.com\/wp-content\/uploads\/2020\/12\/cropped-logo-2.png","contentUrl":"https:\/\/skyline-gs.com\/wp-content\/uploads\/2020\/12\/cropped-logo-2.png","width":512,"height":512,"caption":"\u042d\u043a\u0441\u043a\u0443\u0440\u0441\u0438\u0438 Skyline"},"image":{"@id":"https:\/\/skyline-gs.com\/it\/#\/schema\/logo\/image\/"},"sameAs":["https:\/\/www.instagram.com\/skylineglobalservice\/"]}]}},"_links":{"self":[{"href":"https:\/\/skyline-gs.com\/pl\/wp-json\/wp\/v2\/product\/66092","targetHints":{"allow":["GET"]}}],"collection":[{"href":"https:\/\/skyline-gs.com\/pl\/wp-json\/wp\/v2\/product"}],"about":[{"href":"https:\/\/skyline-gs.com\/pl\/wp-json\/wp\/v2\/types\/product"}],"version-history":[{"count":0,"href":"https:\/\/skyline-gs.com\/pl\/wp-json\/wp\/v2\/product\/66092\/revisions"}],"wp:featuredmedia":[{"embeddable":true,"href":"https:\/\/skyline-gs.com\/pl\/wp-json\/wp\/v2\/media\/66126"}],"wp:attachment":[{"href":"https:\/\/skyline-gs.com\/pl\/wp-json\/wp\/v2\/media?parent=66092"}],"wp:term":[{"taxonomy":"product_brand","embeddable":true,"href":"https:\/\/skyline-gs.com\/pl\/wp-json\/wp\/v2\/product_brand?post=66092"},{"taxonomy":"product_cat","embeddable":true,"href":"https:\/\/skyline-gs.com\/pl\/wp-json\/wp\/v2\/product_cat?post=66092"},{"taxonomy":"product_tag","embeddable":true,"href":"https:\/\/skyline-gs.com\/pl\/wp-json\/wp\/v2\/product_tag?post=66092"}],"curies":[{"name":"wp","href":"https:\/\/api.w.org\/{rel}","templated":true}]}}