{"id":65323,"date":"2025-08-25T01:53:08","date_gmt":"2025-08-24T23:53:08","guid":{"rendered":"http:\/\/skyline-gs.com\/?post_type=product&#038;p=65323"},"modified":"2025-08-25T21:23:02","modified_gmt":"2025-08-25T19:23:02","slug":"uluvatu-bali","status":"publish","type":"product","link":"https:\/\/skyline-gs.com\/pl\/product\/uluvatu-bali\/","title":{"rendered":"Uluwatu i po\u0142udniowe pla\u017ce Bali"},"content":{"rendered":"<p data-start=\"286\" data-end=\"549\">Po\u0142udniowe Bali to po\u0142\u0105czenie najlepszych pla\u017c na wyspie i \u015bwi\u0119tej \u015bwi\u0105tyni Uluwatu na skraju klifu oceanu. Tutaj mo\u017cna p\u0142ywa\u0107 w najczystszych wodach, uprawia\u0107 sporty na \u015bwie\u017cym powietrzu i zako\u0144czy\u0107 dzie\u0144 zachodem s\u0142o\u0144ca i kolacj\u0105 nad morzem.<\/p>\n<p><strong>8:00 - Wyjazd z hotelowego lobby.<\/strong><\/p>\n<ul>\n<li data-start=\"497\" data-end=\"748\"><strong data-start=\"497\" data-end=\"514\">Pla\u017ca Nusa Dua. <\/strong>Popularny kurort z bia\u0142ym piaskiem i spokojnym morzem. Mo\u017cna tu uprawia\u0107 sporty morskie, a tak\u017ce odwiedzi\u0107 centrum ochrony \u017c\u00f3\u0142wi.<\/li>\n<li data-start=\"497\" data-end=\"748\"><strong data-start=\"752\" data-end=\"769\">Pla\u017ca Pandawa. <\/strong>Malownicza pla\u017ca ukryta mi\u0119dzy klifami. Ma spokojn\u0105 atmosfer\u0119, lazurow\u0105 wod\u0119 i wspania\u0142e widoki, idealne do p\u0142ywania i relaksu.<\/li>\n<li data-start=\"497\" data-end=\"748\"><strong data-start=\"914\" data-end=\"933\">Pla\u017ca Dreamland. <\/strong>Prawdziwy raj dla surfer\u00f3w i mi\u0142o\u015bnik\u00f3w pla\u017cowych romans\u00f3w. Mi\u0119kki bia\u0142y piasek i fale Oceanu Indyjskiego tworz\u0105 tu wyj\u0105tkow\u0105 atmosfer\u0119.<\/li>\n<li data-start=\"497\" data-end=\"748\"><strong data-start=\"1082\" data-end=\"1105\">Pla\u017ca Padang Padang. <\/strong>Jedna z najs\u0142ynniejszych pla\u017c na Bali, na kt\u00f3rej kr\u0119cono film <em data-start=\"1166\" data-end=\"1183\">Jedz, m\u00f3dl si\u0119, kochaj<\/em>. Klimatyczne miejsce z turkusow\u0105 wod\u0105 i przytuln\u0105 zatok\u0105.<\/li>\n<li data-start=\"497\" data-end=\"748\"><strong data-start=\"1243\" data-end=\"1263\">Pla\u017ca Water Blow. <\/strong>Unikalne zjawisko naturalne: pot\u0119\u017cne fale oceanu uderzaj\u0105ce w ska\u0142y i eksploduj\u0105ce w g\u00f3r\u0119 w postaci fontanny - widok, kt\u00f3ry trzeba zobaczy\u0107!<\/li>\n<li data-start=\"497\" data-end=\"748\"><strong data-start=\"1404\" data-end=\"1418\">Pla\u017ca Kuta. <\/strong>Najs\u0142ynniejsza pla\u017ca i centrum surfingu na wyspie. \u015awietne miejsce dla tych, kt\u00f3rzy chc\u0105 spr\u00f3bowa\u0107 swoich si\u0142 na desce lub po prostu cieszy\u0107 si\u0119 atmosfer\u0105 kurortu.<\/li>\n<li data-start=\"497\" data-end=\"748\"><strong data-start=\"1579\" data-end=\"1597\">Pla\u017ca Jimbaran. <\/strong>D\u0142ugi piaszczysty pas znany z restauracji serwuj\u0105cych owoce morza.<\/li>\n<li data-start=\"497\" data-end=\"748\"><strong data-start=\"1775\" data-end=\"1791\">\u015awi\u0105tynia Uluwatu. <\/strong>Punkt kulminacyjny wycieczki! \u015awi\u0105tynia znajduje si\u0119 na 90-metrowym klifie, oferuj\u0105c spektakularne widoki na ocean. Uluwatu jest uwa\u017cana za jedn\u0105 z g\u0142\u00f3wnych \u015bwi\u0119tych \u015bwi\u0105ty\u0144 na Bali (<em data-start=\"1964\" data-end=\"1978\">ogr\u00f3d kakyangan<\/em>). \u017byj\u0105 tu zabawne balijskie makaki, a energia tego miejsca nie pozostawia nikogo oboj\u0119tnym.<\/li>\n<\/ul>\n<p><strong>16:00 - Powr\u00f3t do hotelu.<\/strong><\/p>\n<p><strong>W zestawie:<\/strong><\/p>\n<ul>\n<li>Transfery z i do hotelu<\/li>\n<li>Transfery klimatyzowanym samochodem<\/li>\n<li>Rosyjskoj\u0119zyczny przewodnik<\/li>\n<\/ul>\n<p><strong>Brak w zestawie:<\/strong><\/p>\n<ul>\n<li>Bilety wst\u0119pu<\/li>\n<li>Lunch<\/li>\n<\/ul>\n<p><strong>Zabierz go ze sob\u0105:<\/strong><\/p>\n<ul>\n<li data-start=\"2462\" data-end=\"2473\">Kostium k\u0105pielowy<\/li>\n<li data-start=\"2462\" data-end=\"2473\">R\u0119cznik<\/li>\n<li data-start=\"2462\" data-end=\"2473\">Nakrycie g\u0142owy<\/li>\n<li data-start=\"2462\" data-end=\"2473\">Pieni\u0105dze na wydatki osobiste<\/li>\n<\/ul>","protected":false},"excerpt":{"rendered":"<p><strong>Czas wycieczki:<\/strong> 8:00 \u2014 16:00<\/p>\n<p><strong>Holding Days:<\/strong> Ka\u017cdego dnia.<\/p>","protected":false},"featured_media":65357,"template":"","meta":{"_kad_post_transparent":"default","_kad_post_title":"","_kad_post_layout":"default","_kad_post_sidebar_id":"","_kad_post_content_style":"default","_kad_post_vertical_padding":"default","_kad_post_feature":"","_kad_post_feature_position":"","_kad_post_header":false,"_kad_post_footer":false,"_kad_post_classname":"","_glsr_average":0,"_glsr_ranking":0,"_glsr_reviews":0},"product_brand":[],"product_cat":[502],"product_tag":[],"class_list":{"0":"post-65323","1":"product","2":"type-product","3":"status-publish","4":"has-post-thumbnail","6":"product_cat-bali","7":"tm-has-options","9":"first","10":"instock","11":"sale","12":"sold-individually","13":"taxable","14":"shipping-taxable","15":"purchasable","16":"product-type-simple","17":"entry","18":"content-bg","19":"loop-entry"},"yoast_head":"<!-- This site is optimized with the Yoast SEO plugin v27.3 - https:\/\/yoast.com\/product\/yoast-seo-wordpress\/ -->\n<title>\u0423\u043b\u0443\u0432\u0430\u0442\u0443 \u0438 \u044e\u0436\u043d\u044b\u0435 \u043f\u043b\u044f\u0436\u0438 \u0411\u0430\u043b\u0438 &#8226; \u042d\u043a\u0441\u043a\u0443\u0440\u0441\u0438\u0438 Skyline<\/title>\n<meta name=\"robots\" content=\"index, follow, max-snippet:-1, max-image-preview:large, max-video-preview:-1\" \/>\n<link rel=\"canonical\" href=\"https:\/\/skyline-gs.com\/pl\/produkt\/uluvatu-bali\/\" \/>\n<meta property=\"og:locale\" content=\"pl_PL\" \/>\n<meta property=\"og:type\" content=\"article\" \/>\n<meta property=\"og:title\" content=\"\u0423\u043b\u0443\u0432\u0430\u0442\u0443 \u0438 \u044e\u0436\u043d\u044b\u0435 \u043f\u043b\u044f\u0436\u0438 \u0411\u0430\u043b\u0438 &#8226; \u042d\u043a\u0441\u043a\u0443\u0440\u0441\u0438\u0438 Skyline\" \/>\n<meta property=\"og:description\" content=\"\u0412\u0440\u0435\u043c\u044f \u0442\u0443\u0440\u0430: 8:00 - 16:00  \u0414\u043d\u0438 \u043f\u0440\u043e\u0432\u0435\u0434\u0435\u043d\u0438\u044f: \u041a\u0430\u0436\u0434\u044b\u0439 \u0434\u0435\u043d\u044c\" \/>\n<meta property=\"og:url\" content=\"https:\/\/skyline-gs.com\/pl\/produkt\/uluvatu-bali\/\" \/>\n<meta property=\"og:site_name\" content=\"\u042d\u043a\u0441\u043a\u0443\u0440\u0441\u0438\u0438 Skyline\" \/>\n<meta property=\"article:modified_time\" content=\"2025-08-25T19:23:02+00:00\" \/>\n<meta property=\"og:image\" content=\"https:\/\/skyline-gs.com\/wp-content\/uploads\/2025\/08\/40.jpg\" \/>\n\t<meta property=\"og:image:width\" content=\"669\" \/>\n\t<meta property=\"og:image:height\" content=\"446\" \/>\n\t<meta property=\"og:image:type\" content=\"image\/jpeg\" \/>\n<meta name=\"twitter:card\" content=\"summary_large_image\" \/>\n<meta name=\"twitter:label1\" content=\"Szacowany czas czytania\" \/>\n\t<meta name=\"twitter:data1\" content=\"2 minuty\" \/>\n<script type=\"application\/ld+json\" class=\"yoast-schema-graph\">{\"@context\":\"https:\\\/\\\/schema.org\",\"@graph\":[{\"@type\":\"WebPage\",\"@id\":\"https:\\\/\\\/skyline-gs.com\\\/de\\\/produkt\\\/uluvatu-bali\\\/\",\"url\":\"https:\\\/\\\/skyline-gs.com\\\/de\\\/produkt\\\/uluvatu-bali\\\/\",\"name\":\"\u0423\u043b\u0443\u0432\u0430\u0442\u0443 \u0438 \u044e\u0436\u043d\u044b\u0435 \u043f\u043b\u044f\u0436\u0438 \u0411\u0430\u043b\u0438 &#8226; \u042d\u043a\u0441\u043a\u0443\u0440\u0441\u0438\u0438 Skyline\",\"isPartOf\":{\"@id\":\"https:\\\/\\\/skyline-gs.com\\\/it\\\/#website\"},\"primaryImageOfPage\":{\"@id\":\"https:\\\/\\\/skyline-gs.com\\\/de\\\/produkt\\\/uluvatu-bali\\\/#primaryimage\"},\"image\":{\"@id\":\"https:\\\/\\\/skyline-gs.com\\\/de\\\/produkt\\\/uluvatu-bali\\\/#primaryimage\"},\"thumbnailUrl\":\"https:\\\/\\\/skyline-gs.com\\\/wp-content\\\/uploads\\\/2025\\\/08\\\/40.jpg\",\"datePublished\":\"2025-08-24T23:53:08+00:00\",\"dateModified\":\"2025-08-25T19:23:02+00:00\",\"breadcrumb\":{\"@id\":\"https:\\\/\\\/skyline-gs.com\\\/de\\\/produkt\\\/uluvatu-bali\\\/#breadcrumb\"},\"inLanguage\":\"pl-PL\",\"potentialAction\":[{\"@type\":\"ReadAction\",\"target\":[\"https:\\\/\\\/skyline-gs.com\\\/de\\\/produkt\\\/uluvatu-bali\\\/\"]}]},{\"@type\":\"ImageObject\",\"inLanguage\":\"pl-PL\",\"@id\":\"https:\\\/\\\/skyline-gs.com\\\/de\\\/produkt\\\/uluvatu-bali\\\/#primaryimage\",\"url\":\"https:\\\/\\\/skyline-gs.com\\\/wp-content\\\/uploads\\\/2025\\\/08\\\/40.jpg\",\"contentUrl\":\"https:\\\/\\\/skyline-gs.com\\\/wp-content\\\/uploads\\\/2025\\\/08\\\/40.jpg\",\"width\":669,\"height\":446},{\"@type\":\"BreadcrumbList\",\"@id\":\"https:\\\/\\\/skyline-gs.com\\\/de\\\/produkt\\\/uluvatu-bali\\\/#breadcrumb\",\"itemListElement\":[{\"@type\":\"ListItem\",\"position\":1,\"name\":\"\u0413\u043b\u0430\u0432\u043d\u0430\u044f \u0441\u0442\u0440\u0430\u043d\u0438\u0446\u0430\",\"item\":\"https:\\\/\\\/skyline-gs.com\\\/hu\\\/\"},{\"@type\":\"ListItem\",\"position\":2,\"name\":\"\u041c\u0430\u0433\u0430\u0437\u0438\u043d\",\"item\":\"https:\\\/\\\/skyline-gs.com\\\/cs\\\/shop\\\/\"},{\"@type\":\"ListItem\",\"position\":3,\"name\":\"\u0423\u043b\u0443\u0432\u0430\u0442\u0443 \u0438 \u044e\u0436\u043d\u044b\u0435 \u043f\u043b\u044f\u0436\u0438 \u0411\u0430\u043b\u0438\"}]},{\"@type\":\"WebSite\",\"@id\":\"https:\\\/\\\/skyline-gs.com\\\/it\\\/#website\",\"url\":\"https:\\\/\\\/skyline-gs.com\\\/it\\\/\",\"name\":\"\u042d\u043a\u0441\u043a\u0443\u0440\u0441\u0438\u0438 Skyline\",\"description\":\"\u042d\u043a\u0441\u043a\u043b\u044e\u0437\u0438\u0432\u043d\u044b\u0435 \u044d\u043a\u0441\u043a\u0443\u0440\u0441\u0438\u0438 \u043d\u0430 \u043b\u0443\u0447\u0448\u0438\u0445 \u043a\u0443\u0440\u043e\u0440\u0442\u0430\u0445 \u043c\u0438\u0440\u0430\",\"publisher\":{\"@id\":\"https:\\\/\\\/skyline-gs.com\\\/it\\\/#organization\"},\"alternateName\":\"Skyline\",\"potentialAction\":[{\"@type\":\"SearchAction\",\"target\":{\"@type\":\"EntryPoint\",\"urlTemplate\":\"https:\\\/\\\/skyline-gs.com\\\/it\\\/?s={search_term_string}\"},\"query-input\":{\"@type\":\"PropertyValueSpecification\",\"valueRequired\":true,\"valueName\":\"search_term_string\"}}],\"inLanguage\":\"pl-PL\"},{\"@type\":\"Organization\",\"@id\":\"https:\\\/\\\/skyline-gs.com\\\/it\\\/#organization\",\"name\":\"\u042d\u043a\u0441\u043a\u0443\u0440\u0441\u0438\u0438 Skyline\",\"alternateName\":\"\u042d\u043a\u0441\u043a\u0443\u0440\u0441\u0438\u0438 Skyline\",\"url\":\"https:\\\/\\\/skyline-gs.com\\\/it\\\/\",\"logo\":{\"@type\":\"ImageObject\",\"inLanguage\":\"pl-PL\",\"@id\":\"https:\\\/\\\/skyline-gs.com\\\/it\\\/#\\\/schema\\\/logo\\\/image\\\/\",\"url\":\"https:\\\/\\\/skyline-gs.com\\\/wp-content\\\/uploads\\\/2020\\\/12\\\/cropped-logo-2.png\",\"contentUrl\":\"https:\\\/\\\/skyline-gs.com\\\/wp-content\\\/uploads\\\/2020\\\/12\\\/cropped-logo-2.png\",\"width\":512,\"height\":512,\"caption\":\"\u042d\u043a\u0441\u043a\u0443\u0440\u0441\u0438\u0438 Skyline\"},\"image\":{\"@id\":\"https:\\\/\\\/skyline-gs.com\\\/it\\\/#\\\/schema\\\/logo\\\/image\\\/\"},\"sameAs\":[\"https:\\\/\\\/www.instagram.com\\\/skylineglobalservice\\\/\"]}]}<\/script>\n<!-- \/ Yoast SEO plugin. -->","yoast_head_json":{"title":"\u0423\u043b\u0443\u0432\u0430\u0442\u0443 \u0438 \u044e\u0436\u043d\u044b\u0435 \u043f\u043b\u044f\u0436\u0438 \u0411\u0430\u043b\u0438 &#8226; \u042d\u043a\u0441\u043a\u0443\u0440\u0441\u0438\u0438 Skyline","robots":{"index":"index","follow":"follow","max-snippet":"max-snippet:-1","max-image-preview":"max-image-preview:large","max-video-preview":"max-video-preview:-1"},"canonical":"https:\/\/skyline-gs.com\/pl\/produkt\/uluvatu-bali\/","og_locale":"pl_PL","og_type":"article","og_title":"\u0423\u043b\u0443\u0432\u0430\u0442\u0443 \u0438 \u044e\u0436\u043d\u044b\u0435 \u043f\u043b\u044f\u0436\u0438 \u0411\u0430\u043b\u0438 &#8226; \u042d\u043a\u0441\u043a\u0443\u0440\u0441\u0438\u0438 Skyline","og_description":"\u0412\u0440\u0435\u043c\u044f \u0442\u0443\u0440\u0430: 8:00 - 16:00  \u0414\u043d\u0438 \u043f\u0440\u043e\u0432\u0435\u0434\u0435\u043d\u0438\u044f: \u041a\u0430\u0436\u0434\u044b\u0439 \u0434\u0435\u043d\u044c","og_url":"https:\/\/skyline-gs.com\/pl\/produkt\/uluvatu-bali\/","og_site_name":"\u042d\u043a\u0441\u043a\u0443\u0440\u0441\u0438\u0438 Skyline","article_modified_time":"2025-08-25T19:23:02+00:00","og_image":[{"width":669,"height":446,"url":"https:\/\/skyline-gs.com\/wp-content\/uploads\/2025\/08\/40.jpg","type":"image\/jpeg"}],"twitter_card":"summary_large_image","twitter_misc":{"Szacowany czas czytania":"2 minuty"},"schema":{"@context":"https:\/\/schema.org","@graph":[{"@type":"WebPage","@id":"https:\/\/skyline-gs.com\/de\/produkt\/uluvatu-bali\/","url":"https:\/\/skyline-gs.com\/de\/produkt\/uluvatu-bali\/","name":"\u0423\u043b\u0443\u0432\u0430\u0442\u0443 \u0438 \u044e\u0436\u043d\u044b\u0435 \u043f\u043b\u044f\u0436\u0438 \u0411\u0430\u043b\u0438 &#8226; \u042d\u043a\u0441\u043a\u0443\u0440\u0441\u0438\u0438 Skyline","isPartOf":{"@id":"https:\/\/skyline-gs.com\/it\/#website"},"primaryImageOfPage":{"@id":"https:\/\/skyline-gs.com\/de\/produkt\/uluvatu-bali\/#primaryimage"},"image":{"@id":"https:\/\/skyline-gs.com\/de\/produkt\/uluvatu-bali\/#primaryimage"},"thumbnailUrl":"https:\/\/skyline-gs.com\/wp-content\/uploads\/2025\/08\/40.jpg","datePublished":"2025-08-24T23:53:08+00:00","dateModified":"2025-08-25T19:23:02+00:00","breadcrumb":{"@id":"https:\/\/skyline-gs.com\/de\/produkt\/uluvatu-bali\/#breadcrumb"},"inLanguage":"pl-PL","potentialAction":[{"@type":"ReadAction","target":["https:\/\/skyline-gs.com\/de\/produkt\/uluvatu-bali\/"]}]},{"@type":"ImageObject","inLanguage":"pl-PL","@id":"https:\/\/skyline-gs.com\/de\/produkt\/uluvatu-bali\/#primaryimage","url":"https:\/\/skyline-gs.com\/wp-content\/uploads\/2025\/08\/40.jpg","contentUrl":"https:\/\/skyline-gs.com\/wp-content\/uploads\/2025\/08\/40.jpg","width":669,"height":446},{"@type":"BreadcrumbList","@id":"https:\/\/skyline-gs.com\/de\/produkt\/uluvatu-bali\/#breadcrumb","itemListElement":[{"@type":"ListItem","position":1,"name":"\u0413\u043b\u0430\u0432\u043d\u0430\u044f \u0441\u0442\u0440\u0430\u043d\u0438\u0446\u0430","item":"https:\/\/skyline-gs.com\/hu\/"},{"@type":"ListItem","position":2,"name":"\u041c\u0430\u0433\u0430\u0437\u0438\u043d","item":"https:\/\/skyline-gs.com\/cs\/shop\/"},{"@type":"ListItem","position":3,"name":"\u0423\u043b\u0443\u0432\u0430\u0442\u0443 \u0438 \u044e\u0436\u043d\u044b\u0435 \u043f\u043b\u044f\u0436\u0438 \u0411\u0430\u043b\u0438"}]},{"@type":"WebSite","@id":"https:\/\/skyline-gs.com\/it\/#website","url":"https:\/\/skyline-gs.com\/it\/","name":"Wycieczki Skyline","description":"Ekskluzywne wycieczki do najlepszych kurort\u00f3w na \u015bwiecie","publisher":{"@id":"https:\/\/skyline-gs.com\/it\/#organization"},"alternateName":"Skyline","potentialAction":[{"@type":"SearchAction","target":{"@type":"EntryPoint","urlTemplate":"https:\/\/skyline-gs.com\/it\/?s={search_term_string}"},"query-input":{"@type":"PropertyValueSpecification","valueRequired":true,"valueName":"search_term_string"}}],"inLanguage":"pl-PL"},{"@type":"Organization","@id":"https:\/\/skyline-gs.com\/it\/#organization","name":"Wycieczki Skyline","alternateName":"\u042d\u043a\u0441\u043a\u0443\u0440\u0441\u0438\u0438 Skyline","url":"https:\/\/skyline-gs.com\/it\/","logo":{"@type":"ImageObject","inLanguage":"pl-PL","@id":"https:\/\/skyline-gs.com\/it\/#\/schema\/logo\/image\/","url":"https:\/\/skyline-gs.com\/wp-content\/uploads\/2020\/12\/cropped-logo-2.png","contentUrl":"https:\/\/skyline-gs.com\/wp-content\/uploads\/2020\/12\/cropped-logo-2.png","width":512,"height":512,"caption":"\u042d\u043a\u0441\u043a\u0443\u0440\u0441\u0438\u0438 Skyline"},"image":{"@id":"https:\/\/skyline-gs.com\/it\/#\/schema\/logo\/image\/"},"sameAs":["https:\/\/www.instagram.com\/skylineglobalservice\/"]}]}},"_links":{"self":[{"href":"https:\/\/skyline-gs.com\/pl\/wp-json\/wp\/v2\/product\/65323","targetHints":{"allow":["GET"]}}],"collection":[{"href":"https:\/\/skyline-gs.com\/pl\/wp-json\/wp\/v2\/product"}],"about":[{"href":"https:\/\/skyline-gs.com\/pl\/wp-json\/wp\/v2\/types\/product"}],"version-history":[{"count":0,"href":"https:\/\/skyline-gs.com\/pl\/wp-json\/wp\/v2\/product\/65323\/revisions"}],"wp:featuredmedia":[{"embeddable":true,"href":"https:\/\/skyline-gs.com\/pl\/wp-json\/wp\/v2\/media\/65357"}],"wp:attachment":[{"href":"https:\/\/skyline-gs.com\/pl\/wp-json\/wp\/v2\/media?parent=65323"}],"wp:term":[{"taxonomy":"product_brand","embeddable":true,"href":"https:\/\/skyline-gs.com\/pl\/wp-json\/wp\/v2\/product_brand?post=65323"},{"taxonomy":"product_cat","embeddable":true,"href":"https:\/\/skyline-gs.com\/pl\/wp-json\/wp\/v2\/product_cat?post=65323"},{"taxonomy":"product_tag","embeddable":true,"href":"https:\/\/skyline-gs.com\/pl\/wp-json\/wp\/v2\/product_tag?post=65323"}],"curies":[{"name":"wp","href":"https:\/\/api.w.org\/{rel}","templated":true}]}}