{"id":65310,"date":"2025-08-25T00:39:01","date_gmt":"2025-08-24T22:39:01","guid":{"rendered":"http:\/\/skyline-gs.com\/?post_type=product&#038;p=65310"},"modified":"2025-08-25T04:17:14","modified_gmt":"2025-08-25T02:17:14","slug":"nusa-penida-2-days-bali","status":"publish","type":"product","link":"https:\/\/skyline-gs.com\/pl\/product\/nusa-penida-2-days-bali\/","title":{"rendered":"Nusa Penida 2 dni (all inclusive)"},"content":{"rendered":"<p data-start=\"286\" data-end=\"549\">Nusa Penida to najpi\u0119kniejsza i najbardziej dzika wyspa w pobli\u017cu Bali. S\u0142ynie ze skalistych klif\u00f3w, turkusowego oceanu i pla\u017c, kt\u00f3re s\u0105 uwa\u017cane za jedne z najlepszych w Indonezji. Mo\u017cna si\u0119 tu dosta\u0107 w zaledwie 30 minut \u0142odzi\u0105 motorow\u0105. B\u0119dziesz mia\u0142 czas, aby zobaczy\u0107 najs\u0142ynniejsze zabytki zachodniej i wschodniej cz\u0119\u015bci wyspy. B\u0119dziesz tak\u017ce nocowa\u0107 na wyspie w bungalowie.<\/p>\n<p data-start=\"286\" data-end=\"549\"><strong>Dzie\u0144 1<\/strong><\/p>\n<p><strong>8:00 - Wyjazd z hotelowego lobby.<\/strong><\/p>\n<ul>\n<li data-start=\"725\" data-end=\"908\"><strong data-start=\"725\" data-end=\"745\">Pla\u017ca Crystal Bay<\/strong> - Krystalicznie czysta woda, spokojne morze i bia\u0142y piasek. \u015awietne miejsce do p\u0142ywania i relaksu. Na pla\u017cy znajduje si\u0119 kawiarnia, w kt\u00f3rej mo\u017cna zam\u00f3wi\u0107 orzecha kokosowego, piwo lub lekki lunch.<\/li>\n<li data-start=\"725\" data-end=\"908\"><strong data-start=\"911\" data-end=\"942\">Broken Bay.<\/strong> - Klif przypominaj\u0105cy gigantyczny basen otoczony wysokimi klifami. Naturalny kamienny most tworzy niesamowity \u0142uk nad wod\u0105.<\/li>\n<li data-start=\"725\" data-end=\"908\"><strong data-start=\"1080\" data-end=\"1101\">Angel's Billabong<\/strong> - szmaragdowy naturalny basen obok oceanu. To wspania\u0142e miejsce do robienia zdj\u0119\u0107, a gdy morze jest spokojne, mo\u017cna pop\u0142ywa\u0107.<\/li>\n<li data-start=\"725\" data-end=\"908\"><strong data-start=\"1241\" data-end=\"1261\">Pla\u017ca Kelingking<\/strong> - Wizyt\u00f3wka Penidy. Wyj\u0105tkowa panorama: klif w kszta\u0142cie g\u0142owy T-Rexa i z\u0142ota piaszczysta pla\u017ca poni\u017cej. Mo\u017cna zej\u015b\u0107 \u015bcie\u017ck\u0105 do oceanu, ale nawet ze szczytu mo\u017cna zobaczy\u0107 jeden z najs\u0142ynniejszych widok\u00f3w Indonezji.<\/li>\n<li data-start=\"725\" data-end=\"908\"><strong>Noc w bungalowie <\/strong>na wyspie.<\/li>\n<\/ul>\n<p><strong>Dzie\u0144 2<\/strong><\/p>\n<ul>\n<li data-start=\"725\" data-end=\"908\"><strong data-start=\"1728\" data-end=\"1745\">Diamond Beach<\/strong> - Niezwykle pi\u0119kna pla\u017ca z bia\u0142ym piaskiem i ska\u0142ami w kszta\u0142cie romb\u00f3w.<\/li>\n<li data-start=\"725\" data-end=\"908\"><strong data-start=\"1823\" data-end=\"1837\">Pla\u017ca Atuh<\/strong> - Malownicza pla\u017ca do p\u0142ywania i relaksu z przepi\u0119knymi widokami na \u0142uki oceanu i wysepki.<\/li>\n<li data-start=\"725\" data-end=\"908\"><strong data-start=\"1931\" data-end=\"1954\">Nurkowanie z mantami<\/strong> - Niezapomniana przygoda: p\u0142ywanie w\u015br\u00f3d gigantycznych mant w ich naturalnym \u015brodowisku.<\/li>\n<li data-start=\"725\" data-end=\"908\"><strong data-start=\"1480\" data-end=\"1503\">Powr\u00f3t na Bali<\/strong> - \u0142\u00f3d\u017a o 16:30-17:00.<\/li>\n<\/ul>\n<p><strong>19:00 - Powr\u00f3t do hotelu.<\/strong><\/p>\n<p><strong>W zestawie:<\/strong><\/p>\n<ul>\n<li>Transfery z i do hotelu<\/li>\n<li>Transfery klimatyzowanym samochodem<\/li>\n<li>Rosyjskoj\u0119zyczny przewodnik<\/li>\n<li>\u0141\u00f3d\u017a z Bali na Nusa Penida, podr\u00f3\u017c w obie strony<\/li>\n<li>Bilety wst\u0119pu<\/li>\n<li>Bungalow na noc<\/li>\n<li>Nurkowanie z mantami<\/li>\n<\/ul>\n<p><strong>Brak w zestawie:<\/strong><\/p>\n<ul>\n<li>Od\u017cywianie<\/li>\n<\/ul>\n<p><strong>Zabierz go ze sob\u0105:<\/strong><\/p>\n<ul>\n<li data-start=\"2462\" data-end=\"2473\">Kostium k\u0105pielowy<\/li>\n<li data-start=\"2462\" data-end=\"2473\">R\u0119cznik<\/li>\n<li data-start=\"2462\" data-end=\"2473\">Krem do opalania<\/li>\n<\/ul>","protected":false},"excerpt":{"rendered":"<p><strong>Czas wycieczki:<\/strong> 2 dni<\/p>\n<p><strong>Holding Days:<\/strong> Ka\u017cdego dnia.<\/p>","protected":false},"featured_media":65372,"template":"","meta":{"_kad_post_transparent":"default","_kad_post_title":"","_kad_post_layout":"default","_kad_post_sidebar_id":"","_kad_post_content_style":"default","_kad_post_vertical_padding":"default","_kad_post_feature":"","_kad_post_feature_position":"","_kad_post_header":false,"_kad_post_footer":false,"_kad_post_classname":"","_glsr_average":0,"_glsr_ranking":0,"_glsr_reviews":0},"product_brand":[],"product_cat":[502],"product_tag":[],"class_list":{"0":"post-65310","1":"product","2":"type-product","3":"status-publish","4":"has-post-thumbnail","6":"product_cat-bali","7":"tm-has-options","9":"first","10":"instock","11":"sale","12":"sold-individually","13":"taxable","14":"shipping-taxable","15":"purchasable","16":"product-type-simple","17":"entry","18":"content-bg","19":"loop-entry"},"yoast_head":"<!-- This site is optimized with the Yoast SEO plugin v27.3 - https:\/\/yoast.com\/product\/yoast-seo-wordpress\/ -->\n<title>\u041d\u0443\u0441\u0430 \u041f\u0435\u043d\u0438\u0434\u0430 2 \u0434\u043d\u044f (\u0412\u0441\u0451 \u0432\u043a\u043b\u044e\u0447\u0435\u043d\u043e) &#8226; \u042d\u043a\u0441\u043a\u0443\u0440\u0441\u0438\u0438 Skyline<\/title>\n<meta name=\"robots\" content=\"index, follow, max-snippet:-1, max-image-preview:large, max-video-preview:-1\" \/>\n<link rel=\"canonical\" href=\"https:\/\/skyline-gs.com\/pl\/produkt\/nusa-penida-2-days-bali\/\" \/>\n<meta property=\"og:locale\" content=\"pl_PL\" \/>\n<meta property=\"og:type\" content=\"article\" \/>\n<meta property=\"og:title\" content=\"\u041d\u0443\u0441\u0430 \u041f\u0435\u043d\u0438\u0434\u0430 2 \u0434\u043d\u044f (\u0412\u0441\u0451 \u0432\u043a\u043b\u044e\u0447\u0435\u043d\u043e) &#8226; \u042d\u043a\u0441\u043a\u0443\u0440\u0441\u0438\u0438 Skyline\" \/>\n<meta property=\"og:description\" content=\"\u0412\u0440\u0435\u043c\u044f \u0442\u0443\u0440\u0430: 2 \u0434\u043d\u044f  \u0414\u043d\u0438 \u043f\u0440\u043e\u0432\u0435\u0434\u0435\u043d\u0438\u044f: \u041a\u0430\u0436\u0434\u044b\u0439 \u0434\u0435\u043d\u044c\" \/>\n<meta property=\"og:url\" content=\"https:\/\/skyline-gs.com\/pl\/produkt\/nusa-penida-2-days-bali\/\" \/>\n<meta property=\"og:site_name\" content=\"\u042d\u043a\u0441\u043a\u0443\u0440\u0441\u0438\u0438 Skyline\" \/>\n<meta property=\"article:modified_time\" content=\"2025-08-25T02:17:14+00:00\" \/>\n<meta property=\"og:image\" content=\"https:\/\/skyline-gs.com\/wp-content\/uploads\/2025\/08\/19.jpg\" \/>\n\t<meta property=\"og:image:width\" content=\"669\" \/>\n\t<meta property=\"og:image:height\" content=\"446\" \/>\n\t<meta property=\"og:image:type\" content=\"image\/jpeg\" \/>\n<meta name=\"twitter:card\" content=\"summary_large_image\" \/>\n<meta name=\"twitter:label1\" content=\"Szacowany czas czytania\" \/>\n\t<meta name=\"twitter:data1\" content=\"2 minuty\" \/>\n<script type=\"application\/ld+json\" class=\"yoast-schema-graph\">{\"@context\":\"https:\\\/\\\/schema.org\",\"@graph\":[{\"@type\":\"WebPage\",\"@id\":\"https:\\\/\\\/skyline-gs.com\\\/fr\\\/produit\\\/nusa-penida-2-days-bali\\\/\",\"url\":\"https:\\\/\\\/skyline-gs.com\\\/fr\\\/produit\\\/nusa-penida-2-days-bali\\\/\",\"name\":\"\u041d\u0443\u0441\u0430 \u041f\u0435\u043d\u0438\u0434\u0430 2 \u0434\u043d\u044f (\u0412\u0441\u0451 \u0432\u043a\u043b\u044e\u0447\u0435\u043d\u043e) &#8226; \u042d\u043a\u0441\u043a\u0443\u0440\u0441\u0438\u0438 Skyline\",\"isPartOf\":{\"@id\":\"https:\\\/\\\/skyline-gs.com\\\/it\\\/#website\"},\"primaryImageOfPage\":{\"@id\":\"https:\\\/\\\/skyline-gs.com\\\/fr\\\/produit\\\/nusa-penida-2-days-bali\\\/#primaryimage\"},\"image\":{\"@id\":\"https:\\\/\\\/skyline-gs.com\\\/fr\\\/produit\\\/nusa-penida-2-days-bali\\\/#primaryimage\"},\"thumbnailUrl\":\"https:\\\/\\\/skyline-gs.com\\\/wp-content\\\/uploads\\\/2025\\\/08\\\/19.jpg\",\"datePublished\":\"2025-08-24T22:39:01+00:00\",\"dateModified\":\"2025-08-25T02:17:14+00:00\",\"breadcrumb\":{\"@id\":\"https:\\\/\\\/skyline-gs.com\\\/fr\\\/produit\\\/nusa-penida-2-days-bali\\\/#breadcrumb\"},\"inLanguage\":\"pl-PL\",\"potentialAction\":[{\"@type\":\"ReadAction\",\"target\":[\"https:\\\/\\\/skyline-gs.com\\\/fr\\\/produit\\\/nusa-penida-2-days-bali\\\/\"]}]},{\"@type\":\"ImageObject\",\"inLanguage\":\"pl-PL\",\"@id\":\"https:\\\/\\\/skyline-gs.com\\\/fr\\\/produit\\\/nusa-penida-2-days-bali\\\/#primaryimage\",\"url\":\"https:\\\/\\\/skyline-gs.com\\\/wp-content\\\/uploads\\\/2025\\\/08\\\/19.jpg\",\"contentUrl\":\"https:\\\/\\\/skyline-gs.com\\\/wp-content\\\/uploads\\\/2025\\\/08\\\/19.jpg\",\"width\":669,\"height\":446},{\"@type\":\"BreadcrumbList\",\"@id\":\"https:\\\/\\\/skyline-gs.com\\\/fr\\\/produit\\\/nusa-penida-2-days-bali\\\/#breadcrumb\",\"itemListElement\":[{\"@type\":\"ListItem\",\"position\":1,\"name\":\"\u0413\u043b\u0430\u0432\u043d\u0430\u044f \u0441\u0442\u0440\u0430\u043d\u0438\u0446\u0430\",\"item\":\"https:\\\/\\\/skyline-gs.com\\\/hu\\\/\"},{\"@type\":\"ListItem\",\"position\":2,\"name\":\"\u041c\u0430\u0433\u0430\u0437\u0438\u043d\",\"item\":\"https:\\\/\\\/skyline-gs.com\\\/cs\\\/shop\\\/\"},{\"@type\":\"ListItem\",\"position\":3,\"name\":\"\u041d\u0443\u0441\u0430 \u041f\u0435\u043d\u0438\u0434\u0430 2 \u0434\u043d\u044f (\u0412\u0441\u0451 \u0432\u043a\u043b\u044e\u0447\u0435\u043d\u043e)\"}]},{\"@type\":\"WebSite\",\"@id\":\"https:\\\/\\\/skyline-gs.com\\\/it\\\/#website\",\"url\":\"https:\\\/\\\/skyline-gs.com\\\/it\\\/\",\"name\":\"\u042d\u043a\u0441\u043a\u0443\u0440\u0441\u0438\u0438 Skyline\",\"description\":\"\u042d\u043a\u0441\u043a\u043b\u044e\u0437\u0438\u0432\u043d\u044b\u0435 \u044d\u043a\u0441\u043a\u0443\u0440\u0441\u0438\u0438 \u043d\u0430 \u043b\u0443\u0447\u0448\u0438\u0445 \u043a\u0443\u0440\u043e\u0440\u0442\u0430\u0445 \u043c\u0438\u0440\u0430\",\"publisher\":{\"@id\":\"https:\\\/\\\/skyline-gs.com\\\/it\\\/#organization\"},\"alternateName\":\"Skyline\",\"potentialAction\":[{\"@type\":\"SearchAction\",\"target\":{\"@type\":\"EntryPoint\",\"urlTemplate\":\"https:\\\/\\\/skyline-gs.com\\\/it\\\/?s={search_term_string}\"},\"query-input\":{\"@type\":\"PropertyValueSpecification\",\"valueRequired\":true,\"valueName\":\"search_term_string\"}}],\"inLanguage\":\"pl-PL\"},{\"@type\":\"Organization\",\"@id\":\"https:\\\/\\\/skyline-gs.com\\\/it\\\/#organization\",\"name\":\"\u042d\u043a\u0441\u043a\u0443\u0440\u0441\u0438\u0438 Skyline\",\"alternateName\":\"\u042d\u043a\u0441\u043a\u0443\u0440\u0441\u0438\u0438 Skyline\",\"url\":\"https:\\\/\\\/skyline-gs.com\\\/it\\\/\",\"logo\":{\"@type\":\"ImageObject\",\"inLanguage\":\"pl-PL\",\"@id\":\"https:\\\/\\\/skyline-gs.com\\\/it\\\/#\\\/schema\\\/logo\\\/image\\\/\",\"url\":\"https:\\\/\\\/skyline-gs.com\\\/wp-content\\\/uploads\\\/2020\\\/12\\\/cropped-logo-2.png\",\"contentUrl\":\"https:\\\/\\\/skyline-gs.com\\\/wp-content\\\/uploads\\\/2020\\\/12\\\/cropped-logo-2.png\",\"width\":512,\"height\":512,\"caption\":\"\u042d\u043a\u0441\u043a\u0443\u0440\u0441\u0438\u0438 Skyline\"},\"image\":{\"@id\":\"https:\\\/\\\/skyline-gs.com\\\/it\\\/#\\\/schema\\\/logo\\\/image\\\/\"},\"sameAs\":[\"https:\\\/\\\/www.instagram.com\\\/skylineglobalservice\\\/\"]}]}<\/script>\n<!-- \/ Yoast SEO plugin. -->","yoast_head_json":{"title":"\u041d\u0443\u0441\u0430 \u041f\u0435\u043d\u0438\u0434\u0430 2 \u0434\u043d\u044f (\u0412\u0441\u0451 \u0432\u043a\u043b\u044e\u0447\u0435\u043d\u043e) &#8226; \u042d\u043a\u0441\u043a\u0443\u0440\u0441\u0438\u0438 Skyline","robots":{"index":"index","follow":"follow","max-snippet":"max-snippet:-1","max-image-preview":"max-image-preview:large","max-video-preview":"max-video-preview:-1"},"canonical":"https:\/\/skyline-gs.com\/pl\/produkt\/nusa-penida-2-days-bali\/","og_locale":"pl_PL","og_type":"article","og_title":"\u041d\u0443\u0441\u0430 \u041f\u0435\u043d\u0438\u0434\u0430 2 \u0434\u043d\u044f (\u0412\u0441\u0451 \u0432\u043a\u043b\u044e\u0447\u0435\u043d\u043e) &#8226; \u042d\u043a\u0441\u043a\u0443\u0440\u0441\u0438\u0438 Skyline","og_description":"\u0412\u0440\u0435\u043c\u044f \u0442\u0443\u0440\u0430: 2 \u0434\u043d\u044f  \u0414\u043d\u0438 \u043f\u0440\u043e\u0432\u0435\u0434\u0435\u043d\u0438\u044f: \u041a\u0430\u0436\u0434\u044b\u0439 \u0434\u0435\u043d\u044c","og_url":"https:\/\/skyline-gs.com\/pl\/produkt\/nusa-penida-2-days-bali\/","og_site_name":"\u042d\u043a\u0441\u043a\u0443\u0440\u0441\u0438\u0438 Skyline","article_modified_time":"2025-08-25T02:17:14+00:00","og_image":[{"width":669,"height":446,"url":"https:\/\/skyline-gs.com\/wp-content\/uploads\/2025\/08\/19.jpg","type":"image\/jpeg"}],"twitter_card":"summary_large_image","twitter_misc":{"Szacowany czas czytania":"2 minuty"},"schema":{"@context":"https:\/\/schema.org","@graph":[{"@type":"WebPage","@id":"https:\/\/skyline-gs.com\/fr\/produit\/nusa-penida-2-days-bali\/","url":"https:\/\/skyline-gs.com\/fr\/produit\/nusa-penida-2-days-bali\/","name":"\u041d\u0443\u0441\u0430 \u041f\u0435\u043d\u0438\u0434\u0430 2 \u0434\u043d\u044f (\u0412\u0441\u0451 \u0432\u043a\u043b\u044e\u0447\u0435\u043d\u043e) &#8226; \u042d\u043a\u0441\u043a\u0443\u0440\u0441\u0438\u0438 Skyline","isPartOf":{"@id":"https:\/\/skyline-gs.com\/it\/#website"},"primaryImageOfPage":{"@id":"https:\/\/skyline-gs.com\/fr\/produit\/nusa-penida-2-days-bali\/#primaryimage"},"image":{"@id":"https:\/\/skyline-gs.com\/fr\/produit\/nusa-penida-2-days-bali\/#primaryimage"},"thumbnailUrl":"https:\/\/skyline-gs.com\/wp-content\/uploads\/2025\/08\/19.jpg","datePublished":"2025-08-24T22:39:01+00:00","dateModified":"2025-08-25T02:17:14+00:00","breadcrumb":{"@id":"https:\/\/skyline-gs.com\/fr\/produit\/nusa-penida-2-days-bali\/#breadcrumb"},"inLanguage":"pl-PL","potentialAction":[{"@type":"ReadAction","target":["https:\/\/skyline-gs.com\/fr\/produit\/nusa-penida-2-days-bali\/"]}]},{"@type":"ImageObject","inLanguage":"pl-PL","@id":"https:\/\/skyline-gs.com\/fr\/produit\/nusa-penida-2-days-bali\/#primaryimage","url":"https:\/\/skyline-gs.com\/wp-content\/uploads\/2025\/08\/19.jpg","contentUrl":"https:\/\/skyline-gs.com\/wp-content\/uploads\/2025\/08\/19.jpg","width":669,"height":446},{"@type":"BreadcrumbList","@id":"https:\/\/skyline-gs.com\/fr\/produit\/nusa-penida-2-days-bali\/#breadcrumb","itemListElement":[{"@type":"ListItem","position":1,"name":"\u0413\u043b\u0430\u0432\u043d\u0430\u044f \u0441\u0442\u0440\u0430\u043d\u0438\u0446\u0430","item":"https:\/\/skyline-gs.com\/hu\/"},{"@type":"ListItem","position":2,"name":"\u041c\u0430\u0433\u0430\u0437\u0438\u043d","item":"https:\/\/skyline-gs.com\/cs\/shop\/"},{"@type":"ListItem","position":3,"name":"\u041d\u0443\u0441\u0430 \u041f\u0435\u043d\u0438\u0434\u0430 2 \u0434\u043d\u044f (\u0412\u0441\u0451 \u0432\u043a\u043b\u044e\u0447\u0435\u043d\u043e)"}]},{"@type":"WebSite","@id":"https:\/\/skyline-gs.com\/it\/#website","url":"https:\/\/skyline-gs.com\/it\/","name":"Wycieczki Skyline","description":"Ekskluzywne wycieczki do najlepszych kurort\u00f3w na \u015bwiecie","publisher":{"@id":"https:\/\/skyline-gs.com\/it\/#organization"},"alternateName":"Skyline","potentialAction":[{"@type":"SearchAction","target":{"@type":"EntryPoint","urlTemplate":"https:\/\/skyline-gs.com\/it\/?s={search_term_string}"},"query-input":{"@type":"PropertyValueSpecification","valueRequired":true,"valueName":"search_term_string"}}],"inLanguage":"pl-PL"},{"@type":"Organization","@id":"https:\/\/skyline-gs.com\/it\/#organization","name":"Wycieczki Skyline","alternateName":"\u042d\u043a\u0441\u043a\u0443\u0440\u0441\u0438\u0438 Skyline","url":"https:\/\/skyline-gs.com\/it\/","logo":{"@type":"ImageObject","inLanguage":"pl-PL","@id":"https:\/\/skyline-gs.com\/it\/#\/schema\/logo\/image\/","url":"https:\/\/skyline-gs.com\/wp-content\/uploads\/2020\/12\/cropped-logo-2.png","contentUrl":"https:\/\/skyline-gs.com\/wp-content\/uploads\/2020\/12\/cropped-logo-2.png","width":512,"height":512,"caption":"\u042d\u043a\u0441\u043a\u0443\u0440\u0441\u0438\u0438 Skyline"},"image":{"@id":"https:\/\/skyline-gs.com\/it\/#\/schema\/logo\/image\/"},"sameAs":["https:\/\/www.instagram.com\/skylineglobalservice\/"]}]}},"_links":{"self":[{"href":"https:\/\/skyline-gs.com\/pl\/wp-json\/wp\/v2\/product\/65310","targetHints":{"allow":["GET"]}}],"collection":[{"href":"https:\/\/skyline-gs.com\/pl\/wp-json\/wp\/v2\/product"}],"about":[{"href":"https:\/\/skyline-gs.com\/pl\/wp-json\/wp\/v2\/types\/product"}],"version-history":[{"count":0,"href":"https:\/\/skyline-gs.com\/pl\/wp-json\/wp\/v2\/product\/65310\/revisions"}],"wp:featuredmedia":[{"embeddable":true,"href":"https:\/\/skyline-gs.com\/pl\/wp-json\/wp\/v2\/media\/65372"}],"wp:attachment":[{"href":"https:\/\/skyline-gs.com\/pl\/wp-json\/wp\/v2\/media?parent=65310"}],"wp:term":[{"taxonomy":"product_brand","embeddable":true,"href":"https:\/\/skyline-gs.com\/pl\/wp-json\/wp\/v2\/product_brand?post=65310"},{"taxonomy":"product_cat","embeddable":true,"href":"https:\/\/skyline-gs.com\/pl\/wp-json\/wp\/v2\/product_cat?post=65310"},{"taxonomy":"product_tag","embeddable":true,"href":"https:\/\/skyline-gs.com\/pl\/wp-json\/wp\/v2\/product_tag?post=65310"}],"curies":[{"name":"wp","href":"https:\/\/api.w.org\/{rel}","templated":true}]}}