{"id":65303,"date":"2025-08-24T23:47:22","date_gmt":"2025-08-24T21:47:22","guid":{"rendered":"http:\/\/skyline-gs.com\/?post_type=product&#038;p=65303"},"modified":"2025-08-25T21:53:49","modified_gmt":"2025-08-25T19:53:49","slug":"wulkan-ivzhen-2-dni-bali","status":"publish","type":"product","link":"https:\/\/skyline-gs.com\/pl\/product\/ivzhen-volcano-2-days-bali\/","title":{"rendered":"Wulkan Ijen 2 dni"},"content":{"rendered":"<p data-start=\"286\" data-end=\"549\">Wulkan Ijen to jedno z najbardziej wyj\u0105tkowych miejsc w Indonezji. Tutaj, na wysoko\u015bci ponad 2000 metr\u00f3w, w kraterze wulkanu rozci\u0105ga si\u0119 jezioro Kawah Ijen z turkusow\u0105 wod\u0105. Ale g\u0142\u00f3wnym cudem jest \"niebieski ogie\u0144\", rzadkie zjawisko naturalne, kt\u00f3re mo\u017cna ogl\u0105da\u0107 do \u015bwitu. B\u0119dziesz tak\u017ce \u015bwiadkiem ci\u0119\u017ckiej pracy fizycznej g\u00f3rnik\u00f3w wydobywaj\u0105cych siark\u0119 bezpo\u015brednio na zboczach wulkanu.<\/p>\n<p data-start=\"286\" data-end=\"549\"><strong>Dzie\u0144 1<\/strong><\/p>\n<p><strong>9:00 - Wyjazd z hotelowego lobby.<\/strong><\/p>\n<ul>\n<li data-start=\"833\" data-end=\"900\"><strong data-start=\"833\" data-end=\"849\">Wylot z Bali<\/strong> - Wyjazd na zach\u00f3d wyspy do portu Gilimanuk.<\/li>\n<li data-start=\"833\" data-end=\"900\"><strong data-start=\"903\" data-end=\"931\">\u015awi\u0105tynia Tanah Lot (po drodze)<\/strong> - S\u0142ynna \u015bwi\u0105tynia na klifie w oceanie. Jeden z symboli Bali, szczeg\u00f3lnie pi\u0119kny na tle fal i zachodu s\u0142o\u0144ca.<\/li>\n<li data-start=\"833\" data-end=\"900\"><strong data-start=\"1037\" data-end=\"1058\">Zachodni las Bali<\/strong> - Obszar chroniony z namorzynami i spokojn\u0105 atmosfer\u0105.<\/li>\n<li data-start=\"833\" data-end=\"900\"><strong data-start=\"1128\" data-end=\"1154\">Lunch w lokalnej restauracji warung<\/strong> - Prosta i pyszna kuchnia indonezyjska (sma\u017cony kurczak i ry\u017c).<\/li>\n<li data-start=\"833\" data-end=\"900\"><strong data-start=\"1225\" data-end=\"1241\">Prom na Jaw\u0119<\/strong> - Przeprawa trwa oko\u0142o godziny. Przybycie na wysp\u0119 Jawa o godzinie 17:00-18:00.<\/li>\n<li data-start=\"833\" data-end=\"900\"><strong data-start=\"1317\" data-end=\"1341\">Zakwaterowanie w bungalowach<\/strong> - odpoczynek przed porann\u0105 wspinaczk\u0105.<\/li>\n<\/ul>\n<p><strong>Dzie\u0144 2<\/strong><\/p>\n<ul>\n<li data-start=\"1397\" data-end=\"1476\"><strong data-start=\"1397\" data-end=\"1434\">3:30-4:00 - Wyjazd na wulkan Ijen<\/strong>. Jeepy zabior\u0105 Ci\u0119 na pocz\u0105tek szlaku.<\/li>\n<li data-start=\"1397\" data-end=\"1476\"><strong data-start=\"1479\" data-end=\"1507\">Trekking na wulkan Ijen<\/strong> - Wej\u015bcie do krateru zajmuje oko\u0142o 1,5-2 godzin. Towarzyszy\u0107 Ci b\u0119dzie lokalny przewodnik (opcjonalnie).<\/li>\n<li data-start=\"1397\" data-end=\"1476\"><strong data-start=\"1614\" data-end=\"1635\">Jezioro Kawah Ijen<\/strong> - turkusowe jezioro wewn\u0105trz krateru na wysoko\u015bci ponad 2000 metr\u00f3w. Prawdziwy cud natury.<\/li>\n<li data-start=\"1397\" data-end=\"1476\"><strong data-start=\"1723\" data-end=\"1742\">\"Niebieski ogie\u0144\".<\/strong> - rzadkie zjawisko naturalne, kiedy opary siarki zapalaj\u0105 si\u0119, a z krateru buchaj\u0105 niebieskie p\u0142omienie (widoczne tylko przed \u015bwitem).<\/li>\n<li data-start=\"1397\" data-end=\"1476\"><strong data-start=\"1876\" data-end=\"1892\">G\u00f3rnicy siarki<\/strong> - wyj\u0105tkowa okazja, aby zobaczy\u0107, jak r\u0119cznie wydobywa si\u0119 siark\u0119. Jest to ci\u0119\u017cka i niebezpieczna praca, ale stanowi cz\u0119\u015b\u0107 \u017cycia na wyspie.<\/li>\n<li data-start=\"1397\" data-end=\"1476\"><strong data-start=\"2010\" data-end=\"2029\">Zej\u015bcie z wulkanu<\/strong> - odpoczynek i \u015bniadanie.<\/li>\n<li data-start=\"1397\" data-end=\"1476\"><strong data-start=\"2053\" data-end=\"2071\">Wodospad Jagir<\/strong> - pi\u0119kny kaskadowy wodospad w pobli\u017cu wulkanu. Mo\u017cna tu pop\u0142ywa\u0107 i od\u015bwie\u017cy\u0107 si\u0119.<\/li>\n<li data-start=\"1397\" data-end=\"1476\"><strong data-start=\"2165\" data-end=\"2187\">Wakacje na pla\u017cy na Jawie<\/strong> - czas wolny przed wyjazdem na prom.<\/li>\n<li data-start=\"1397\" data-end=\"1476\"><strong data-start=\"2239\" data-end=\"2293\">Prom do portu Gilimanuk i transfer z powrotem na Bali.<\/strong><\/li>\n<\/ul>\n<p><strong>18:00 - Powr\u00f3t do hotelu.<\/strong><\/p>\n<p><strong>W zestawie:<\/strong><\/p>\n<ul>\n<li>Transfery z i do hotelu<\/li>\n<li>Transfery klimatyzowanym samochodem<\/li>\n<li>Rosyjskoj\u0119zyczny przewodnik<\/li>\n<li>Prom z Bali na Jaw\u0119, w obie strony.<\/li>\n<li>Bilet na wulkan<\/li>\n<li>Zakwaterowanie w bungalowach<\/li>\n<li>Przewodnik po wulkanie<\/li>\n<\/ul>\n<p><strong>Brak w zestawie:<\/strong><\/p>\n<ul>\n<li>Bilety wst\u0119pu do \u015bwi\u0105ty\u0144<\/li>\n<li>Od\u017cywianie<\/li>\n<\/ul>\n<p><strong>Zabierz go ze sob\u0105:<\/strong><\/p>\n<ul>\n<li data-start=\"2709\" data-end=\"2751\">Ciep\u0142y kombinezon (w nocy na szczycie jest zimno)<\/li>\n<li data-start=\"2709\" data-end=\"2751\">Wygodne buty trekkingowe<\/li>\n<li data-start=\"2709\" data-end=\"2751\">Kostium k\u0105pielowy i r\u0119cznik (do wodospadu i na pla\u017c\u0119)<\/li>\n<li data-start=\"2709\" data-end=\"2751\">Chusteczki nawil\u017cane<\/li>\n<li data-start=\"2709\" data-end=\"2751\">Latarka czo\u0142owa (do nocnej wspinaczki)<\/li>\n<\/ul>","protected":false},"excerpt":{"rendered":"<p><strong>Czas wycieczki:<\/strong> 2 dni<\/p>\n<p><strong>Holding Days:<\/strong> Sobota<\/p>","protected":false},"featured_media":65371,"template":"","meta":{"_kad_post_transparent":"default","_kad_post_title":"","_kad_post_layout":"default","_kad_post_sidebar_id":"","_kad_post_content_style":"default","_kad_post_vertical_padding":"default","_kad_post_feature":"","_kad_post_feature_position":"","_kad_post_header":false,"_kad_post_footer":false,"_kad_post_classname":"","_glsr_average":0,"_glsr_ranking":0,"_glsr_reviews":0},"product_brand":[],"product_cat":[502],"product_tag":[],"class_list":{"0":"post-65303","1":"product","2":"type-product","3":"status-publish","4":"has-post-thumbnail","6":"product_cat-bali","7":"tm-has-options","9":"first","10":"instock","11":"sold-individually","12":"taxable","13":"shipping-taxable","14":"purchasable","15":"product-type-simple","16":"entry","17":"content-bg","18":"loop-entry"},"yoast_head":"<!-- This site is optimized with the Yoast SEO plugin v27.4 - https:\/\/yoast.com\/product\/yoast-seo-wordpress\/ -->\n<title>\u0412\u0443\u043b\u043a\u0430\u043d \u0418\u0434\u0436\u0435\u043d 2 \u0434\u043d\u044f &#8226; \u042d\u043a\u0441\u043a\u0443\u0440\u0441\u0438\u0438 Skyline<\/title>\n<meta name=\"robots\" content=\"index, follow, max-snippet:-1, max-image-preview:large, max-video-preview:-1\" \/>\n<link rel=\"canonical\" href=\"http:\/\/skyline-gs.com\/pl\/produkt\/wulkan-ivzhen-2-dni-bali\/\" \/>\n<meta property=\"og:locale\" content=\"pl_PL\" \/>\n<meta property=\"og:type\" content=\"article\" \/>\n<meta property=\"og:title\" content=\"\u0412\u0443\u043b\u043a\u0430\u043d \u0418\u0434\u0436\u0435\u043d 2 \u0434\u043d\u044f &#8226; \u042d\u043a\u0441\u043a\u0443\u0440\u0441\u0438\u0438 Skyline\" \/>\n<meta property=\"og:description\" content=\"\u0412\u0440\u0435\u043c\u044f \u0442\u0443\u0440\u0430: 2 \u0434\u043d\u044f  \u0414\u043d\u0438 \u043f\u0440\u043e\u0432\u0435\u0434\u0435\u043d\u0438\u044f: \u0421\u0443\u0431\u0431\u043e\u0442\u0430\" \/>\n<meta property=\"og:url\" content=\"http:\/\/skyline-gs.com\/pl\/produkt\/wulkan-ivzhen-2-dni-bali\/\" \/>\n<meta property=\"og:site_name\" content=\"\u042d\u043a\u0441\u043a\u0443\u0440\u0441\u0438\u0438 Skyline\" \/>\n<meta property=\"article:modified_time\" content=\"2025-08-25T19:53:49+00:00\" \/>\n<meta property=\"og:image\" content=\"https:\/\/skyline-gs.com\/wp-content\/uploads\/2025\/08\/32.jpg\" \/>\n\t<meta property=\"og:image:width\" content=\"669\" \/>\n\t<meta property=\"og:image:height\" content=\"446\" \/>\n\t<meta property=\"og:image:type\" content=\"image\/jpeg\" \/>\n<meta name=\"twitter:card\" content=\"summary_large_image\" \/>\n<meta name=\"twitter:label1\" content=\"Szacowany czas czytania\" \/>\n\t<meta name=\"twitter:data1\" content=\"2 minuty\" \/>\n<script type=\"application\/ld+json\" class=\"yoast-schema-graph\">{\"@context\":\"https:\\\/\\\/schema.org\",\"@graph\":[{\"@type\":\"WebPage\",\"@id\":\"http:\\\/\\\/skyline-gs.com\\\/de\\\/produkt\\\/ivzhen-volcano-2-days-bali\\\/\",\"url\":\"http:\\\/\\\/skyline-gs.com\\\/de\\\/produkt\\\/ivzhen-volcano-2-days-bali\\\/\",\"name\":\"\u0412\u0443\u043b\u043a\u0430\u043d \u0418\u0434\u0436\u0435\u043d 2 \u0434\u043d\u044f &#8226; \u042d\u043a\u0441\u043a\u0443\u0440\u0441\u0438\u0438 Skyline\",\"isPartOf\":{\"@id\":\"https:\\\/\\\/skyline-gs.com\\\/it\\\/#website\"},\"primaryImageOfPage\":{\"@id\":\"http:\\\/\\\/skyline-gs.com\\\/de\\\/produkt\\\/ivzhen-volcano-2-days-bali\\\/#primaryimage\"},\"image\":{\"@id\":\"http:\\\/\\\/skyline-gs.com\\\/de\\\/produkt\\\/ivzhen-volcano-2-days-bali\\\/#primaryimage\"},\"thumbnailUrl\":\"https:\\\/\\\/skyline-gs.com\\\/wp-content\\\/uploads\\\/2025\\\/08\\\/32.jpg\",\"datePublished\":\"2025-08-24T21:47:22+00:00\",\"dateModified\":\"2025-08-25T19:53:49+00:00\",\"breadcrumb\":{\"@id\":\"http:\\\/\\\/skyline-gs.com\\\/de\\\/produkt\\\/ivzhen-volcano-2-days-bali\\\/#breadcrumb\"},\"inLanguage\":\"pl-PL\",\"potentialAction\":[{\"@type\":\"ReadAction\",\"target\":[\"http:\\\/\\\/skyline-gs.com\\\/de\\\/produkt\\\/ivzhen-volcano-2-days-bali\\\/\"]}]},{\"@type\":\"ImageObject\",\"inLanguage\":\"pl-PL\",\"@id\":\"http:\\\/\\\/skyline-gs.com\\\/de\\\/produkt\\\/ivzhen-volcano-2-days-bali\\\/#primaryimage\",\"url\":\"https:\\\/\\\/skyline-gs.com\\\/wp-content\\\/uploads\\\/2025\\\/08\\\/32.jpg\",\"contentUrl\":\"https:\\\/\\\/skyline-gs.com\\\/wp-content\\\/uploads\\\/2025\\\/08\\\/32.jpg\",\"width\":669,\"height\":446},{\"@type\":\"BreadcrumbList\",\"@id\":\"http:\\\/\\\/skyline-gs.com\\\/de\\\/produkt\\\/ivzhen-volcano-2-days-bali\\\/#breadcrumb\",\"itemListElement\":[{\"@type\":\"ListItem\",\"position\":1,\"name\":\"\u0413\u043b\u0430\u0432\u043d\u0430\u044f \u0441\u0442\u0440\u0430\u043d\u0438\u0446\u0430\",\"item\":\"https:\\\/\\\/skyline-gs.com\\\/hu\\\/\"},{\"@type\":\"ListItem\",\"position\":2,\"name\":\"\u041c\u0430\u0433\u0430\u0437\u0438\u043d\",\"item\":\"https:\\\/\\\/skyline-gs.com\\\/cs\\\/shop\\\/\"},{\"@type\":\"ListItem\",\"position\":3,\"name\":\"\u0412\u0443\u043b\u043a\u0430\u043d \u0418\u0434\u0436\u0435\u043d 2 \u0434\u043d\u044f\"}]},{\"@type\":\"WebSite\",\"@id\":\"https:\\\/\\\/skyline-gs.com\\\/it\\\/#website\",\"url\":\"https:\\\/\\\/skyline-gs.com\\\/it\\\/\",\"name\":\"\u042d\u043a\u0441\u043a\u0443\u0440\u0441\u0438\u0438 Skyline\",\"description\":\"\u042d\u043a\u0441\u043a\u043b\u044e\u0437\u0438\u0432\u043d\u044b\u0435 \u044d\u043a\u0441\u043a\u0443\u0440\u0441\u0438\u0438 \u043d\u0430 \u043b\u0443\u0447\u0448\u0438\u0445 \u043a\u0443\u0440\u043e\u0440\u0442\u0430\u0445 \u043c\u0438\u0440\u0430\",\"publisher\":{\"@id\":\"https:\\\/\\\/skyline-gs.com\\\/it\\\/#organization\"},\"alternateName\":\"Skyline\",\"potentialAction\":[{\"@type\":\"SearchAction\",\"target\":{\"@type\":\"EntryPoint\",\"urlTemplate\":\"https:\\\/\\\/skyline-gs.com\\\/it\\\/?s={search_term_string}\"},\"query-input\":{\"@type\":\"PropertyValueSpecification\",\"valueRequired\":true,\"valueName\":\"search_term_string\"}}],\"inLanguage\":\"pl-PL\"},{\"@type\":\"Organization\",\"@id\":\"https:\\\/\\\/skyline-gs.com\\\/it\\\/#organization\",\"name\":\"\u042d\u043a\u0441\u043a\u0443\u0440\u0441\u0438\u0438 Skyline\",\"alternateName\":\"\u042d\u043a\u0441\u043a\u0443\u0440\u0441\u0438\u0438 Skyline\",\"url\":\"https:\\\/\\\/skyline-gs.com\\\/it\\\/\",\"logo\":{\"@type\":\"ImageObject\",\"inLanguage\":\"pl-PL\",\"@id\":\"https:\\\/\\\/skyline-gs.com\\\/it\\\/#\\\/schema\\\/logo\\\/image\\\/\",\"url\":\"https:\\\/\\\/skyline-gs.com\\\/wp-content\\\/uploads\\\/2020\\\/12\\\/cropped-logo-2.png\",\"contentUrl\":\"https:\\\/\\\/skyline-gs.com\\\/wp-content\\\/uploads\\\/2020\\\/12\\\/cropped-logo-2.png\",\"width\":512,\"height\":512,\"caption\":\"\u042d\u043a\u0441\u043a\u0443\u0440\u0441\u0438\u0438 Skyline\"},\"image\":{\"@id\":\"https:\\\/\\\/skyline-gs.com\\\/it\\\/#\\\/schema\\\/logo\\\/image\\\/\"},\"sameAs\":[\"https:\\\/\\\/www.instagram.com\\\/skylineglobalservice\\\/\"]}]}<\/script>\n<!-- \/ Yoast SEO plugin. -->","yoast_head_json":{"title":"Wulkan Ijen 2 dni - Wycieczki Skyline","robots":{"index":"index","follow":"follow","max-snippet":"max-snippet:-1","max-image-preview":"max-image-preview:large","max-video-preview":"max-video-preview:-1"},"canonical":"http:\/\/skyline-gs.com\/pl\/produkt\/wulkan-ivzhen-2-dni-bali\/","og_locale":"pl_PL","og_type":"article","og_title":"\u0412\u0443\u043b\u043a\u0430\u043d \u0418\u0434\u0436\u0435\u043d 2 \u0434\u043d\u044f &#8226; \u042d\u043a\u0441\u043a\u0443\u0440\u0441\u0438\u0438 Skyline","og_description":"\u0412\u0440\u0435\u043c\u044f \u0442\u0443\u0440\u0430: 2 \u0434\u043d\u044f  \u0414\u043d\u0438 \u043f\u0440\u043e\u0432\u0435\u0434\u0435\u043d\u0438\u044f: \u0421\u0443\u0431\u0431\u043e\u0442\u0430","og_url":"http:\/\/skyline-gs.com\/pl\/produkt\/wulkan-ivzhen-2-dni-bali\/","og_site_name":"\u042d\u043a\u0441\u043a\u0443\u0440\u0441\u0438\u0438 Skyline","article_modified_time":"2025-08-25T19:53:49+00:00","og_image":[{"width":669,"height":446,"url":"https:\/\/skyline-gs.com\/wp-content\/uploads\/2025\/08\/32.jpg","type":"image\/jpeg"}],"twitter_card":"summary_large_image","twitter_misc":{"Szacowany czas czytania":"2 minuty"},"schema":{"@context":"https:\/\/schema.org","@graph":[{"@type":"WebPage","@id":"http:\/\/skyline-gs.com\/de\/produkt\/ivzhen-volcano-2-days-bali\/","url":"http:\/\/skyline-gs.com\/de\/produkt\/ivzhen-volcano-2-days-bali\/","name":"Wulkan Ijen 2 dni - Wycieczki Skyline","isPartOf":{"@id":"https:\/\/skyline-gs.com\/it\/#website"},"primaryImageOfPage":{"@id":"http:\/\/skyline-gs.com\/de\/produkt\/ivzhen-volcano-2-days-bali\/#primaryimage"},"image":{"@id":"http:\/\/skyline-gs.com\/de\/produkt\/ivzhen-volcano-2-days-bali\/#primaryimage"},"thumbnailUrl":"https:\/\/skyline-gs.com\/wp-content\/uploads\/2025\/08\/32.jpg","datePublished":"2025-08-24T21:47:22+00:00","dateModified":"2025-08-25T19:53:49+00:00","breadcrumb":{"@id":"http:\/\/skyline-gs.com\/de\/produkt\/ivzhen-volcano-2-days-bali\/#breadcrumb"},"inLanguage":"pl-PL","potentialAction":[{"@type":"ReadAction","target":["http:\/\/skyline-gs.com\/de\/produkt\/ivzhen-volcano-2-days-bali\/"]}]},{"@type":"ImageObject","inLanguage":"pl-PL","@id":"http:\/\/skyline-gs.com\/de\/produkt\/ivzhen-volcano-2-days-bali\/#primaryimage","url":"https:\/\/skyline-gs.com\/wp-content\/uploads\/2025\/08\/32.jpg","contentUrl":"https:\/\/skyline-gs.com\/wp-content\/uploads\/2025\/08\/32.jpg","width":669,"height":446},{"@type":"BreadcrumbList","@id":"http:\/\/skyline-gs.com\/de\/produkt\/ivzhen-volcano-2-days-bali\/#breadcrumb","itemListElement":[{"@type":"ListItem","position":1,"name":"\u0413\u043b\u0430\u0432\u043d\u0430\u044f \u0441\u0442\u0440\u0430\u043d\u0438\u0446\u0430","item":"https:\/\/skyline-gs.com\/hu\/"},{"@type":"ListItem","position":2,"name":"\u041c\u0430\u0433\u0430\u0437\u0438\u043d","item":"https:\/\/skyline-gs.com\/cs\/shop\/"},{"@type":"ListItem","position":3,"name":"\u0412\u0443\u043b\u043a\u0430\u043d \u0418\u0434\u0436\u0435\u043d 2 \u0434\u043d\u044f"}]},{"@type":"WebSite","@id":"https:\/\/skyline-gs.com\/it\/#website","url":"https:\/\/skyline-gs.com\/it\/","name":"Wycieczki Skyline","description":"Ekskluzywne wycieczki do najlepszych kurort\u00f3w na \u015bwiecie","publisher":{"@id":"https:\/\/skyline-gs.com\/it\/#organization"},"alternateName":"Skyline","potentialAction":[{"@type":"SearchAction","target":{"@type":"EntryPoint","urlTemplate":"https:\/\/skyline-gs.com\/it\/?s={search_term_string}"},"query-input":{"@type":"PropertyValueSpecification","valueRequired":true,"valueName":"search_term_string"}}],"inLanguage":"pl-PL"},{"@type":"Organization","@id":"https:\/\/skyline-gs.com\/it\/#organization","name":"Wycieczki Skyline","alternateName":"\u042d\u043a\u0441\u043a\u0443\u0440\u0441\u0438\u0438 Skyline","url":"https:\/\/skyline-gs.com\/it\/","logo":{"@type":"ImageObject","inLanguage":"pl-PL","@id":"https:\/\/skyline-gs.com\/it\/#\/schema\/logo\/image\/","url":"https:\/\/skyline-gs.com\/wp-content\/uploads\/2020\/12\/cropped-logo-2.png","contentUrl":"https:\/\/skyline-gs.com\/wp-content\/uploads\/2020\/12\/cropped-logo-2.png","width":512,"height":512,"caption":"\u042d\u043a\u0441\u043a\u0443\u0440\u0441\u0438\u0438 Skyline"},"image":{"@id":"https:\/\/skyline-gs.com\/it\/#\/schema\/logo\/image\/"},"sameAs":["https:\/\/www.instagram.com\/skylineglobalservice\/"]}]}},"_links":{"self":[{"href":"https:\/\/skyline-gs.com\/pl\/wp-json\/wp\/v2\/product\/65303","targetHints":{"allow":["GET"]}}],"collection":[{"href":"https:\/\/skyline-gs.com\/pl\/wp-json\/wp\/v2\/product"}],"about":[{"href":"https:\/\/skyline-gs.com\/pl\/wp-json\/wp\/v2\/types\/product"}],"version-history":[{"count":0,"href":"https:\/\/skyline-gs.com\/pl\/wp-json\/wp\/v2\/product\/65303\/revisions"}],"wp:featuredmedia":[{"embeddable":true,"href":"https:\/\/skyline-gs.com\/pl\/wp-json\/wp\/v2\/media\/65371"}],"wp:attachment":[{"href":"https:\/\/skyline-gs.com\/pl\/wp-json\/wp\/v2\/media?parent=65303"}],"wp:term":[{"taxonomy":"product_brand","embeddable":true,"href":"https:\/\/skyline-gs.com\/pl\/wp-json\/wp\/v2\/product_brand?post=65303"},{"taxonomy":"product_cat","embeddable":true,"href":"https:\/\/skyline-gs.com\/pl\/wp-json\/wp\/v2\/product_cat?post=65303"},{"taxonomy":"product_tag","embeddable":true,"href":"https:\/\/skyline-gs.com\/pl\/wp-json\/wp\/v2\/product_tag?post=65303"}],"curies":[{"name":"wp","href":"https:\/\/api.w.org\/{rel}","templated":true}]}}