{"id":64718,"date":"2025-07-10T23:45:23","date_gmt":"2025-07-10T21:45:23","guid":{"rendered":"http:\/\/skyline-gs.com\/?post_type=product&#038;p=64718"},"modified":"2025-07-10T23:49:38","modified_gmt":"2025-07-10T21:49:38","slug":"hammam-antalya","status":"publish","type":"product","link":"https:\/\/skyline-gs.com\/pl\/product\/hammam-antalya\/","title":{"rendered":"Hamam (\u0142a\u017ania turecka)"},"content":{"rendered":"<p>Pozw\u00f3l sobie na pe\u0142ny relaks w tradycyjnej \u0142a\u017ani tureckiej. Para wodna, masa\u017ce mydlane, aromatyczne olejki i troskliwa piel\u0119gnacja to idealny pocz\u0105tek wakacji. Turecki Hamam nie tylko oczyszcza sk\u00f3r\u0119, ale tak\u017ce pomaga cia\u0142u przystosowa\u0107 si\u0119 do s\u0142o\u0144ca i klimatu.<\/p>\n<p><strong>\u0422\u0440\u0430\u043d\u0441\u0444\u0435\u0440 \u0437\u0430\u0431\u0438\u0440\u0430\u0435\u0442 \u0432\u0430\u0441 \u0438\u0437 \u043e\u0442\u0435\u043b\u044f \u0432 \u0410\u043d\u0442\u0430\u043b\u0438\u0438<\/strong> i prowadzi do przytulnego spa.<\/p>\n<ul>\n<li data-start=\"667\" data-end=\"763\">Sauna. <strong>Niewielkie rozgrzanie cia\u0142a w suchym upale<\/strong>. Przygotowuje sk\u00f3r\u0119 do dalszych zabieg\u00f3w.<\/li>\n<li data-start=\"667\" data-end=\"763\"><strong>\u0141a\u017ania parowa i jacuzzi. <\/strong>Aromat mentolu pomaga otworzy\u0107 oddech. Ciep\u0142a woda rozlu\u017ania mi\u0119\u015bnie.<\/li>\n<li data-start=\"667\" data-end=\"763\">Kese's Peel. <strong>Zabieg z u\u017cyciem tradycyjnej tureckiej r\u0119kawicy.<\/strong> Czas trwania wynosi oko\u0142o 10 minut. Oczyszcza sk\u00f3r\u0119 i usuwa martwe kom\u00f3rki nask\u00f3rka.<\/li>\n<li data-start=\"667\" data-end=\"763\"><strong>Masa\u017c myd\u0142em piankowym<\/strong>. Delikatna piana i relaksuj\u0105ce ruchy. Czas trwania - 10 minut.<\/li>\n<li data-start=\"667\" data-end=\"763\"><strong>Masa\u017c olejowy i maseczka na twarz.<\/strong> Aromatyczne olejki od\u017cywiaj\u0105 sk\u00f3r\u0119, maska od\u015bwie\u017ca i tonizuje. Czas zabiegu wynosi oko\u0142o 20 minut.<\/li>\n<li data-start=\"667\" data-end=\"763\"><strong>Pok\u00f3j solny.<\/strong> \u0141atwo przywraca oddychanie, nasyca organizm minera\u0142ami.<\/li>\n<li data-start=\"667\" data-end=\"763\">Turecka herbata. <strong>Na zako\u0144czenie programu ma\u0142y rytua\u0142 herbaciany.<\/strong><\/li>\n<\/ul>\n<p data-start=\"1373\" data-end=\"1415\"><strong>Transfer z powrotem do hotelu.<\/strong><\/p>\n<p><strong>W zestawie:<\/strong><\/p>\n<ul>\n<li>Transfer z i do hotelu<\/li>\n<li>Sauna, \u0142a\u017ania parowa, jacuzzi<\/li>\n<li>Kese peel<\/li>\n<li>Masa\u017c piankowy<\/li>\n<li>Masa\u017c olejowy<\/li>\n<li>Maska na twarz<\/li>\n<li>pomieszczenie solne<\/li>\n<li>R\u0119cznik<\/li>\n<li>Turecka herbata<\/li>\n<\/ul>\n<p><strong>Brak w zestawie:<\/strong><\/p>\n<ul>\n<li>dodatkowe us\u0142ugi w spa - na \u017cyczenie, za dodatkow\u0105 op\u0142at\u0105<\/li>\n<\/ul>\n<p><strong>Na wynos:<\/strong><\/p>\n<ul>\n<li>Kostium k\u0105pielowy<\/li>\n<li>Szampon do w\u0142os\u00f3w<\/li>\n<li>Got\u00f3wka na wydatki osobiste<\/li>\n<\/ul>","protected":false},"excerpt":{"rendered":"<p><strong>Czas wycieczki:<\/strong> 2 godziny (3 godziny z transferem)<\/p>\n<p><strong>Holding Days:<\/strong> Ka\u017cdego dnia.<\/p>","protected":false},"featured_media":42653,"template":"","meta":{"_kad_post_transparent":"default","_kad_post_title":"","_kad_post_layout":"default","_kad_post_sidebar_id":"","_kad_post_content_style":"default","_kad_post_vertical_padding":"default","_kad_post_feature":"","_kad_post_feature_position":"","_kad_post_header":false,"_kad_post_footer":false,"_kad_post_classname":"","_glsr_average":0,"_glsr_ranking":0,"_glsr_reviews":0},"product_brand":[],"product_cat":[450],"product_tag":[],"class_list":{"0":"post-64718","1":"product","2":"type-product","3":"status-publish","4":"has-post-thumbnail","6":"product_cat-antalya","7":"tm-has-options","9":"first","10":"instock","11":"sold-individually","12":"taxable","13":"shipping-taxable","14":"purchasable","15":"product-type-simple","16":"entry","17":"content-bg","18":"loop-entry"},"yoast_head":"<!-- This site is optimized with the Yoast SEO plugin v27.3 - https:\/\/yoast.com\/product\/yoast-seo-wordpress\/ -->\n<title>\u0425\u0430\u043c\u0430\u043c (\u0422\u0443\u0440\u0435\u0446\u043a\u0430\u044f \u0431\u0430\u043d\u044f) \u0432 \u0410\u043d\u0442\u0430\u043b\u0438\u0438 &#8226; \u042d\u043a\u0441\u043a\u0443\u0440\u0441\u0438\u0438 Skyline<\/title>\n<meta name=\"description\" content=\"\u041f\u043e\u0437\u0432\u043e\u043b\u044c\u0442\u0435 \u0441\u0435\u0431\u0435 \u043f\u043e\u043b\u043d\u043e\u0435 \u0440\u0430\u0441\u0441\u043b\u0430\u0431\u043b\u0435\u043d\u0438\u0435 \u0432 \u0442\u0440\u0430\u0434\u0438\u0446\u0438\u043e\u043d\u043d\u043e\u0439 \u0442\u0443\u0440\u0435\u0446\u043a\u043e\u0439 \u0431\u0430\u043d\u0435. \u041f\u0430\u0440, \u043c\u044b\u043b\u044c\u043d\u044b\u0439 \u043c\u0430\u0441\u0441\u0430\u0436, \u0430\u0440\u043e\u043c\u0430\u0442\u044b \u043c\u0430\u0441\u0435\u043b \u0438 \u0437\u0430\u0431\u043e\u0442\u043b\u0438\u0432\u044b\u0439 \u0443\u0445\u043e\u0434 \u2014 \u0438\u0434\u0435\u0430\u043b\u044c\u043d\u043e\u0435 \u043d\u0430\u0447\u0430\u043b\u043e \u043e\u0442\u043f\u0443\u0441\u043a\u0430.\" \/>\n<meta name=\"robots\" content=\"index, follow, max-snippet:-1, max-image-preview:large, max-video-preview:-1\" \/>\n<link rel=\"canonical\" href=\"https:\/\/skyline-gs.com\/pl\/produkt\/hammam-antalya\/\" \/>\n<meta property=\"og:locale\" content=\"pl_PL\" \/>\n<meta property=\"og:type\" content=\"article\" \/>\n<meta property=\"og:title\" content=\"\u0425\u0430\u043c\u0430\u043c (\u0422\u0443\u0440\u0435\u0446\u043a\u0430\u044f \u0431\u0430\u043d\u044f) \u0432 \u0410\u043d\u0442\u0430\u043b\u0438\u0438 &#8226; \u042d\u043a\u0441\u043a\u0443\u0440\u0441\u0438\u0438 Skyline\" \/>\n<meta property=\"og:description\" content=\"\u041f\u043e\u0437\u0432\u043e\u043b\u044c\u0442\u0435 \u0441\u0435\u0431\u0435 \u043f\u043e\u043b\u043d\u043e\u0435 \u0440\u0430\u0441\u0441\u043b\u0430\u0431\u043b\u0435\u043d\u0438\u0435 \u0432 \u0442\u0440\u0430\u0434\u0438\u0446\u0438\u043e\u043d\u043d\u043e\u0439 \u0442\u0443\u0440\u0435\u0446\u043a\u043e\u0439 \u0431\u0430\u043d\u0435. \u041f\u0430\u0440, \u043c\u044b\u043b\u044c\u043d\u044b\u0439 \u043c\u0430\u0441\u0441\u0430\u0436, \u0430\u0440\u043e\u043c\u0430\u0442\u044b \u043c\u0430\u0441\u0435\u043b \u0438 \u0437\u0430\u0431\u043e\u0442\u043b\u0438\u0432\u044b\u0439 \u0443\u0445\u043e\u0434 \u2014 \u0438\u0434\u0435\u0430\u043b\u044c\u043d\u043e\u0435 \u043d\u0430\u0447\u0430\u043b\u043e \u043e\u0442\u043f\u0443\u0441\u043a\u0430.\" \/>\n<meta property=\"og:url\" content=\"https:\/\/skyline-gs.com\/pl\/produkt\/hammam-antalya\/\" \/>\n<meta property=\"og:site_name\" content=\"\u042d\u043a\u0441\u043a\u0443\u0440\u0441\u0438\u0438 Skyline\" \/>\n<meta property=\"article:modified_time\" content=\"2025-07-10T21:49:38+00:00\" \/>\n<meta property=\"og:image\" content=\"https:\/\/skyline-gs.com\/wp-content\/uploads\/2023\/07\/1-14.png\" \/>\n\t<meta property=\"og:image:width\" content=\"669\" \/>\n\t<meta property=\"og:image:height\" content=\"446\" \/>\n\t<meta property=\"og:image:type\" content=\"image\/png\" \/>\n<meta name=\"twitter:card\" content=\"summary_large_image\" \/>\n<meta name=\"twitter:label1\" content=\"Szacowany czas czytania\" \/>\n\t<meta name=\"twitter:data1\" content=\"2 minuty\" \/>\n<script type=\"application\/ld+json\" class=\"yoast-schema-graph\">{\"@context\":\"https:\\\/\\\/schema.org\",\"@graph\":[{\"@type\":\"WebPage\",\"@id\":\"https:\\\/\\\/skyline-gs.com\\\/product\\\/hammam-antalya\\\/\",\"url\":\"https:\\\/\\\/skyline-gs.com\\\/product\\\/hammam-antalya\\\/\",\"name\":\"\u0425\u0430\u043c\u0430\u043c (\u0422\u0443\u0440\u0435\u0446\u043a\u0430\u044f \u0431\u0430\u043d\u044f) \u0432 \u0410\u043d\u0442\u0430\u043b\u0438\u0438 &#8226; \u042d\u043a\u0441\u043a\u0443\u0440\u0441\u0438\u0438 Skyline\",\"isPartOf\":{\"@id\":\"https:\\\/\\\/skyline-gs.com\\\/it\\\/#website\"},\"primaryImageOfPage\":{\"@id\":\"https:\\\/\\\/skyline-gs.com\\\/product\\\/hammam-antalya\\\/#primaryimage\"},\"image\":{\"@id\":\"https:\\\/\\\/skyline-gs.com\\\/product\\\/hammam-antalya\\\/#primaryimage\"},\"thumbnailUrl\":\"https:\\\/\\\/skyline-gs.com\\\/wp-content\\\/uploads\\\/2023\\\/07\\\/1-14.png\",\"datePublished\":\"2025-07-10T21:45:23+00:00\",\"dateModified\":\"2025-07-10T21:49:38+00:00\",\"description\":\"\u041f\u043e\u0437\u0432\u043e\u043b\u044c\u0442\u0435 \u0441\u0435\u0431\u0435 \u043f\u043e\u043b\u043d\u043e\u0435 \u0440\u0430\u0441\u0441\u043b\u0430\u0431\u043b\u0435\u043d\u0438\u0435 \u0432 \u0442\u0440\u0430\u0434\u0438\u0446\u0438\u043e\u043d\u043d\u043e\u0439 \u0442\u0443\u0440\u0435\u0446\u043a\u043e\u0439 \u0431\u0430\u043d\u0435. \u041f\u0430\u0440, \u043c\u044b\u043b\u044c\u043d\u044b\u0439 \u043c\u0430\u0441\u0441\u0430\u0436, \u0430\u0440\u043e\u043c\u0430\u0442\u044b \u043c\u0430\u0441\u0435\u043b \u0438 \u0437\u0430\u0431\u043e\u0442\u043b\u0438\u0432\u044b\u0439 \u0443\u0445\u043e\u0434 \u2014 \u0438\u0434\u0435\u0430\u043b\u044c\u043d\u043e\u0435 \u043d\u0430\u0447\u0430\u043b\u043e \u043e\u0442\u043f\u0443\u0441\u043a\u0430.\",\"breadcrumb\":{\"@id\":\"https:\\\/\\\/skyline-gs.com\\\/product\\\/hammam-antalya\\\/#breadcrumb\"},\"inLanguage\":\"pl-PL\",\"potentialAction\":[{\"@type\":\"ReadAction\",\"target\":[\"https:\\\/\\\/skyline-gs.com\\\/product\\\/hammam-antalya\\\/\"]}]},{\"@type\":\"ImageObject\",\"inLanguage\":\"pl-PL\",\"@id\":\"https:\\\/\\\/skyline-gs.com\\\/product\\\/hammam-antalya\\\/#primaryimage\",\"url\":\"https:\\\/\\\/skyline-gs.com\\\/wp-content\\\/uploads\\\/2023\\\/07\\\/1-14.png\",\"contentUrl\":\"https:\\\/\\\/skyline-gs.com\\\/wp-content\\\/uploads\\\/2023\\\/07\\\/1-14.png\",\"width\":669,\"height\":446},{\"@type\":\"BreadcrumbList\",\"@id\":\"https:\\\/\\\/skyline-gs.com\\\/product\\\/hammam-antalya\\\/#breadcrumb\",\"itemListElement\":[{\"@type\":\"ListItem\",\"position\":1,\"name\":\"\u0413\u043b\u0430\u0432\u043d\u0430\u044f \u0441\u0442\u0440\u0430\u043d\u0438\u0446\u0430\",\"item\":\"https:\\\/\\\/skyline-gs.com\\\/hu\\\/\"},{\"@type\":\"ListItem\",\"position\":2,\"name\":\"\u041c\u0430\u0433\u0430\u0437\u0438\u043d\",\"item\":\"https:\\\/\\\/skyline-gs.com\\\/cs\\\/shop\\\/\"},{\"@type\":\"ListItem\",\"position\":3,\"name\":\"\u0425\u0430\u043c\u0430\u043c (\u0422\u0443\u0440\u0435\u0446\u043a\u0430\u044f \u0431\u0430\u043d\u044f)\"}]},{\"@type\":\"WebSite\",\"@id\":\"https:\\\/\\\/skyline-gs.com\\\/it\\\/#website\",\"url\":\"https:\\\/\\\/skyline-gs.com\\\/it\\\/\",\"name\":\"\u042d\u043a\u0441\u043a\u0443\u0440\u0441\u0438\u0438 Skyline\",\"description\":\"\u042d\u043a\u0441\u043a\u043b\u044e\u0437\u0438\u0432\u043d\u044b\u0435 \u044d\u043a\u0441\u043a\u0443\u0440\u0441\u0438\u0438 \u043d\u0430 \u043b\u0443\u0447\u0448\u0438\u0445 \u043a\u0443\u0440\u043e\u0440\u0442\u0430\u0445 \u043c\u0438\u0440\u0430\",\"publisher\":{\"@id\":\"https:\\\/\\\/skyline-gs.com\\\/it\\\/#organization\"},\"alternateName\":\"Skyline\",\"potentialAction\":[{\"@type\":\"SearchAction\",\"target\":{\"@type\":\"EntryPoint\",\"urlTemplate\":\"https:\\\/\\\/skyline-gs.com\\\/it\\\/?s={search_term_string}\"},\"query-input\":{\"@type\":\"PropertyValueSpecification\",\"valueRequired\":true,\"valueName\":\"search_term_string\"}}],\"inLanguage\":\"pl-PL\"},{\"@type\":\"Organization\",\"@id\":\"https:\\\/\\\/skyline-gs.com\\\/it\\\/#organization\",\"name\":\"\u042d\u043a\u0441\u043a\u0443\u0440\u0441\u0438\u0438 Skyline\",\"alternateName\":\"\u042d\u043a\u0441\u043a\u0443\u0440\u0441\u0438\u0438 Skyline\",\"url\":\"https:\\\/\\\/skyline-gs.com\\\/it\\\/\",\"logo\":{\"@type\":\"ImageObject\",\"inLanguage\":\"pl-PL\",\"@id\":\"https:\\\/\\\/skyline-gs.com\\\/it\\\/#\\\/schema\\\/logo\\\/image\\\/\",\"url\":\"https:\\\/\\\/skyline-gs.com\\\/wp-content\\\/uploads\\\/2020\\\/12\\\/cropped-logo-2.png\",\"contentUrl\":\"https:\\\/\\\/skyline-gs.com\\\/wp-content\\\/uploads\\\/2020\\\/12\\\/cropped-logo-2.png\",\"width\":512,\"height\":512,\"caption\":\"\u042d\u043a\u0441\u043a\u0443\u0440\u0441\u0438\u0438 Skyline\"},\"image\":{\"@id\":\"https:\\\/\\\/skyline-gs.com\\\/it\\\/#\\\/schema\\\/logo\\\/image\\\/\"},\"sameAs\":[\"https:\\\/\\\/www.instagram.com\\\/skylineglobalservice\\\/\"]}]}<\/script>\n<!-- \/ Yoast SEO plugin. -->","yoast_head_json":{"title":"\u0425\u0430\u043c\u0430\u043c (\u0422\u0443\u0440\u0435\u0446\u043a\u0430\u044f \u0431\u0430\u043d\u044f) \u0432 \u0410\u043d\u0442\u0430\u043b\u0438\u0438 &#8226; \u042d\u043a\u0441\u043a\u0443\u0440\u0441\u0438\u0438 Skyline","description":"Pozw\u00f3l sobie na pe\u0142ny relaks w tradycyjnej \u0142a\u017ani tureckiej. Para, masa\u017c mydlany, aromatyczne olejki i troskliwa opieka - idealny pocz\u0105tek wakacji.","robots":{"index":"index","follow":"follow","max-snippet":"max-snippet:-1","max-image-preview":"max-image-preview:large","max-video-preview":"max-video-preview:-1"},"canonical":"https:\/\/skyline-gs.com\/pl\/produkt\/hammam-antalya\/","og_locale":"pl_PL","og_type":"article","og_title":"\u0425\u0430\u043c\u0430\u043c (\u0422\u0443\u0440\u0435\u0446\u043a\u0430\u044f \u0431\u0430\u043d\u044f) \u0432 \u0410\u043d\u0442\u0430\u043b\u0438\u0438 &#8226; \u042d\u043a\u0441\u043a\u0443\u0440\u0441\u0438\u0438 Skyline","og_description":"\u041f\u043e\u0437\u0432\u043e\u043b\u044c\u0442\u0435 \u0441\u0435\u0431\u0435 \u043f\u043e\u043b\u043d\u043e\u0435 \u0440\u0430\u0441\u0441\u043b\u0430\u0431\u043b\u0435\u043d\u0438\u0435 \u0432 \u0442\u0440\u0430\u0434\u0438\u0446\u0438\u043e\u043d\u043d\u043e\u0439 \u0442\u0443\u0440\u0435\u0446\u043a\u043e\u0439 \u0431\u0430\u043d\u0435. \u041f\u0430\u0440, \u043c\u044b\u043b\u044c\u043d\u044b\u0439 \u043c\u0430\u0441\u0441\u0430\u0436, \u0430\u0440\u043e\u043c\u0430\u0442\u044b \u043c\u0430\u0441\u0435\u043b \u0438 \u0437\u0430\u0431\u043e\u0442\u043b\u0438\u0432\u044b\u0439 \u0443\u0445\u043e\u0434 \u2014 \u0438\u0434\u0435\u0430\u043b\u044c\u043d\u043e\u0435 \u043d\u0430\u0447\u0430\u043b\u043e \u043e\u0442\u043f\u0443\u0441\u043a\u0430.","og_url":"https:\/\/skyline-gs.com\/pl\/produkt\/hammam-antalya\/","og_site_name":"\u042d\u043a\u0441\u043a\u0443\u0440\u0441\u0438\u0438 Skyline","article_modified_time":"2025-07-10T21:49:38+00:00","og_image":[{"width":669,"height":446,"url":"https:\/\/skyline-gs.com\/wp-content\/uploads\/2023\/07\/1-14.png","type":"image\/png"}],"twitter_card":"summary_large_image","twitter_misc":{"Szacowany czas czytania":"2 minuty"},"schema":{"@context":"https:\/\/schema.org","@graph":[{"@type":"WebPage","@id":"https:\/\/skyline-gs.com\/product\/hammam-antalya\/","url":"https:\/\/skyline-gs.com\/product\/hammam-antalya\/","name":"\u0425\u0430\u043c\u0430\u043c (\u0422\u0443\u0440\u0435\u0446\u043a\u0430\u044f \u0431\u0430\u043d\u044f) \u0432 \u0410\u043d\u0442\u0430\u043b\u0438\u0438 &#8226; \u042d\u043a\u0441\u043a\u0443\u0440\u0441\u0438\u0438 Skyline","isPartOf":{"@id":"https:\/\/skyline-gs.com\/it\/#website"},"primaryImageOfPage":{"@id":"https:\/\/skyline-gs.com\/product\/hammam-antalya\/#primaryimage"},"image":{"@id":"https:\/\/skyline-gs.com\/product\/hammam-antalya\/#primaryimage"},"thumbnailUrl":"https:\/\/skyline-gs.com\/wp-content\/uploads\/2023\/07\/1-14.png","datePublished":"2025-07-10T21:45:23+00:00","dateModified":"2025-07-10T21:49:38+00:00","description":"Pozw\u00f3l sobie na pe\u0142ny relaks w tradycyjnej \u0142a\u017ani tureckiej. Para, masa\u017c mydlany, aromatyczne olejki i troskliwa opieka - idealny pocz\u0105tek wakacji.","breadcrumb":{"@id":"https:\/\/skyline-gs.com\/product\/hammam-antalya\/#breadcrumb"},"inLanguage":"pl-PL","potentialAction":[{"@type":"ReadAction","target":["https:\/\/skyline-gs.com\/product\/hammam-antalya\/"]}]},{"@type":"ImageObject","inLanguage":"pl-PL","@id":"https:\/\/skyline-gs.com\/product\/hammam-antalya\/#primaryimage","url":"https:\/\/skyline-gs.com\/wp-content\/uploads\/2023\/07\/1-14.png","contentUrl":"https:\/\/skyline-gs.com\/wp-content\/uploads\/2023\/07\/1-14.png","width":669,"height":446},{"@type":"BreadcrumbList","@id":"https:\/\/skyline-gs.com\/product\/hammam-antalya\/#breadcrumb","itemListElement":[{"@type":"ListItem","position":1,"name":"\u0413\u043b\u0430\u0432\u043d\u0430\u044f \u0441\u0442\u0440\u0430\u043d\u0438\u0446\u0430","item":"https:\/\/skyline-gs.com\/hu\/"},{"@type":"ListItem","position":2,"name":"\u041c\u0430\u0433\u0430\u0437\u0438\u043d","item":"https:\/\/skyline-gs.com\/cs\/shop\/"},{"@type":"ListItem","position":3,"name":"\u0425\u0430\u043c\u0430\u043c (\u0422\u0443\u0440\u0435\u0446\u043a\u0430\u044f \u0431\u0430\u043d\u044f)"}]},{"@type":"WebSite","@id":"https:\/\/skyline-gs.com\/it\/#website","url":"https:\/\/skyline-gs.com\/it\/","name":"Wycieczki Skyline","description":"Ekskluzywne wycieczki do najlepszych kurort\u00f3w na \u015bwiecie","publisher":{"@id":"https:\/\/skyline-gs.com\/it\/#organization"},"alternateName":"Skyline","potentialAction":[{"@type":"SearchAction","target":{"@type":"EntryPoint","urlTemplate":"https:\/\/skyline-gs.com\/it\/?s={search_term_string}"},"query-input":{"@type":"PropertyValueSpecification","valueRequired":true,"valueName":"search_term_string"}}],"inLanguage":"pl-PL"},{"@type":"Organization","@id":"https:\/\/skyline-gs.com\/it\/#organization","name":"Wycieczki Skyline","alternateName":"\u042d\u043a\u0441\u043a\u0443\u0440\u0441\u0438\u0438 Skyline","url":"https:\/\/skyline-gs.com\/it\/","logo":{"@type":"ImageObject","inLanguage":"pl-PL","@id":"https:\/\/skyline-gs.com\/it\/#\/schema\/logo\/image\/","url":"https:\/\/skyline-gs.com\/wp-content\/uploads\/2020\/12\/cropped-logo-2.png","contentUrl":"https:\/\/skyline-gs.com\/wp-content\/uploads\/2020\/12\/cropped-logo-2.png","width":512,"height":512,"caption":"\u042d\u043a\u0441\u043a\u0443\u0440\u0441\u0438\u0438 Skyline"},"image":{"@id":"https:\/\/skyline-gs.com\/it\/#\/schema\/logo\/image\/"},"sameAs":["https:\/\/www.instagram.com\/skylineglobalservice\/"]}]}},"_links":{"self":[{"href":"https:\/\/skyline-gs.com\/pl\/wp-json\/wp\/v2\/product\/64718","targetHints":{"allow":["GET"]}}],"collection":[{"href":"https:\/\/skyline-gs.com\/pl\/wp-json\/wp\/v2\/product"}],"about":[{"href":"https:\/\/skyline-gs.com\/pl\/wp-json\/wp\/v2\/types\/product"}],"version-history":[{"count":0,"href":"https:\/\/skyline-gs.com\/pl\/wp-json\/wp\/v2\/product\/64718\/revisions"}],"wp:featuredmedia":[{"embeddable":true,"href":"https:\/\/skyline-gs.com\/pl\/wp-json\/wp\/v2\/media\/42653"}],"wp:attachment":[{"href":"https:\/\/skyline-gs.com\/pl\/wp-json\/wp\/v2\/media?parent=64718"}],"wp:term":[{"taxonomy":"product_brand","embeddable":true,"href":"https:\/\/skyline-gs.com\/pl\/wp-json\/wp\/v2\/product_brand?post=64718"},{"taxonomy":"product_cat","embeddable":true,"href":"https:\/\/skyline-gs.com\/pl\/wp-json\/wp\/v2\/product_cat?post=64718"},{"taxonomy":"product_tag","embeddable":true,"href":"https:\/\/skyline-gs.com\/pl\/wp-json\/wp\/v2\/product_tag?post=64718"}],"curies":[{"name":"wp","href":"https:\/\/api.w.org\/{rel}","templated":true}]}}