{"id":64472,"date":"2025-06-20T00:57:44","date_gmt":"2025-06-19T22:57:44","guid":{"rendered":"http:\/\/skyline-gs.com\/?post_type=product&#038;p=64472"},"modified":"2026-03-30T23:38:54","modified_gmt":"2026-03-30T21:38:54","slug":"privat-fanrang-with-capybaras-nhatrang","status":"publish","type":"product","link":"https:\/\/skyline-gs.com\/pl\/product\/privat-fanrang-with-capybaras-nhatrang\/","title":{"rendered":"Spersonalizowana wycieczka: Phanrang z kapibarami"},"content":{"rendered":"<p><strong>Podr\u00f3\u017c do Phanrang<\/strong> - to fascynuj\u0105ce po\u0142\u0105czenie natury, kultury i magicznych krajobraz\u00f3w. Znajdziesz tu niezwyk\u0142e zwierz\u0119ta, tajemnicze \u015bwi\u0105tynie i wspania\u0142e widoki na pola ry\u017cowe i morze.<\/p>\n<p><strong>8:00 - Wyjazd z hotelowego lobby.<\/strong><\/p>\n<ul>\n<li><strong>Zoo z kapibarami. <\/strong>Rozpocznij dzie\u0144 od wizyty w zoo, gdzie spotkasz urocze kapibary. Te przyjazne zwierz\u0119ta podbijaj\u0105 serca zar\u00f3wno dzieci, jak i doros\u0142ych. Mo\u017cesz zrobi\u0107 zdj\u0119cie i sp\u0119dzi\u0107 czas w towarzystwie tych uroczych stworze\u0144, przynosz\u0105c rado\u015b\u0107 swojemu dziecku.<\/li>\n<li><strong style=\"font-family: Montserrat, var(--global-fallback-font); font-size: 17px;\">\u015awi\u0105tynia Muszli i Smoczy Labirynt. <\/strong>Nast\u0119pnie udajemy si\u0119 do wyj\u0105tkowej \u015awi\u0105tyni Muszli, ozdobionej tysi\u0105cami muszli morskich i symbolami smok\u00f3w. Czeka na ciebie spacer przez tajemniczy Smoczy Labirynt, gdzie ka\u017cda \u015bcie\u017cka ujawnia swoje sekrety. To miejsce jest pe\u0142ne magii i inspiracji.<\/li>\n<li><strong style=\"font-family: Montserrat, var(--global-fallback-font); font-size: 17px;\">Pagoda z widokiem na pola ry\u017cowe i morze. <\/strong>Wspinaj si\u0119 na g\u00f3r\u0119, aby odwiedzi\u0107 staro\u017cytn\u0105 pagod\u0119. Tutaj mo\u017cna podziwia\u0107 wspania\u0142y widok na zielone tarasy ry\u017cowe i rozleg\u0142e lazurowe morze. W tym miejscu mo\u017cna odpocz\u0105\u0107, cieszy\u0107 si\u0119 cisz\u0105 i robi\u0107 niesamowite zdj\u0119cia.<\/li>\n<li><strong style=\"font-family: Montserrat, var(--global-fallback-font); font-size: 17px;\">Winnice i degustacja wina. <\/strong>Po lunchu udamy si\u0119 do s\u0142ynnych winnic Fanrang. B\u0119dziesz m\u00f3g\u0142 zbiera\u0107 dojrza\u0142e winogrona, skosztowa\u0107 lokalnego wina i \u015bwie\u017cego soku winogronowego. To \u015bwietna okazja, aby dowiedzie\u0107 si\u0119 wi\u0119cej o produkcji wina w tym regionie.<\/li>\n<li><strong style=\"font-family: Montserrat, var(--global-fallback-font); font-size: 17px;\">Plantacje soli. <\/strong>Wycieczk\u0119 zako\u0144czymy wizyt\u0105 na plantacjach soli. Tutaj mo\u017cna zobaczy\u0107, jak s\u00f3l jest wydobywana z wody morskiej i zrobi\u0107 spektakularne zdj\u0119cia na tle \u015bnie\u017cnobia\u0142ych solnych wzg\u00f3rz. Zatrzymamy si\u0119 r\u00f3wnie\u017c w wiosce rybackiej, aby podziwia\u0107 zatok\u0119 i wyspy na horyzoncie.<\/li>\n<\/ul>\n<p><strong>18:00 - Powr\u00f3t do hotelu.<\/strong><\/p>\n<p><strong>W zestawie:<\/strong><\/p>\n<ul>\n<li>Transfer z i do hotelu<\/li>\n<li>Rosyjskoj\u0119zyczny przewodnik<\/li>\n<li>Bilety wst\u0119pu<\/li>\n<li>Lunch<\/li>\n<li>Degustacja win i sok\u00f3w<\/li>\n<li>Woda<\/li>\n<\/ul>\n<p><strong>Brak w zestawie:<\/strong><\/p>\n<ul>\n<li>Transfer z hoteli poza miastem:\u00a0<strong>Amiana<\/strong>\u00a0- dop\u0142ata\u00a0<strong>+10$ na pojazd do 6 os\u00f3b<\/strong>\u00a0podr\u00f3\u017c w obie strony i\u00a0<strong>+15$ za pojazd do 10 os\u00f3b<\/strong>\u00a0w obie strony<\/li>\n<\/ul>\n<p><strong>Zabierz go ze sob\u0105:<\/strong><\/p>\n<ul>\n<li>Aparat fotograficzny lub smartfon do robienia \u017cywych zdj\u0119\u0107<\/li>\n<li>Nakrycia g\u0142owy i okulary przeciws\u0142oneczne<\/li>\n<li>Wygodne buty do chodzenia<\/li>\n<li style=\"list-style-type: none;\"><\/li>\n<\/ul>","protected":false},"excerpt":{"rendered":"<p><strong>Czas wycieczki:<\/strong> 8:00 &#8212; 18:00<\/p>\n<p><strong>Holding Days: <\/strong>Ka\u017cdego dnia.<\/p>","protected":false},"featured_media":64473,"template":"","meta":{"_kad_post_transparent":"default","_kad_post_title":"","_kad_post_layout":"default","_kad_post_sidebar_id":"","_kad_post_content_style":"default","_kad_post_vertical_padding":"default","_kad_post_feature":"","_kad_post_feature_position":"","_kad_post_header":false,"_kad_post_footer":false,"_kad_post_classname":"","_glsr_average":0,"_glsr_ranking":0,"_glsr_reviews":0},"product_brand":[],"product_cat":[437],"product_tag":[],"class_list":{"0":"post-64472","1":"product","2":"type-product","3":"status-publish","4":"has-post-thumbnail","6":"product_cat-nha-trang","7":"tm-has-options","9":"first","10":"instock","11":"sold-individually","12":"taxable","13":"shipping-taxable","14":"purchasable","15":"product-type-simple","16":"entry","17":"content-bg","18":"loop-entry"},"yoast_head":"<!-- This site is optimized with the Yoast SEO plugin v27.3 - https:\/\/yoast.com\/product\/yoast-seo-wordpress\/ -->\n<title>\u0418\u043d\u0434\u0438\u0432\u0438\u0434\u0443\u0430\u043b\u044c\u043d\u044b\u0439 \u0442\u0443\u0440: \u0424\u0430\u043d\u0440\u0430\u043d\u0433 \u0441 \u043a\u0430\u043f\u0438\u0431\u0430\u0440\u0430\u043c\u0438 &#8226; \u042d\u043a\u0441\u043a\u0443\u0440\u0441\u0438\u0438 Skyline<\/title>\n<meta name=\"robots\" content=\"index, follow, max-snippet:-1, max-image-preview:large, max-video-preview:-1\" \/>\n<link rel=\"canonical\" href=\"https:\/\/skyline-gs.com\/pl\/produkt\/privat-fanrang-with-capybaras-nhatrang\/\" \/>\n<meta property=\"og:locale\" content=\"pl_PL\" \/>\n<meta property=\"og:type\" content=\"article\" \/>\n<meta property=\"og:title\" content=\"\u0418\u043d\u0434\u0438\u0432\u0438\u0434\u0443\u0430\u043b\u044c\u043d\u044b\u0439 \u0442\u0443\u0440: \u0424\u0430\u043d\u0440\u0430\u043d\u0433 \u0441 \u043a\u0430\u043f\u0438\u0431\u0430\u0440\u0430\u043c\u0438 &#8226; \u042d\u043a\u0441\u043a\u0443\u0440\u0441\u0438\u0438 Skyline\" \/>\n<meta property=\"og:description\" content=\"\u0412\u0440\u0435\u043c\u044f \u0442\u0443\u0440\u0430: 8:00 - 18:00  \u0414\u043d\u0438 \u043f\u0440\u043e\u0432\u0435\u0434\u0435\u043d\u0438\u044f: \u041a\u0430\u0436\u0434\u044b\u0439 \u0434\u0435\u043d\u044c\" \/>\n<meta property=\"og:url\" content=\"https:\/\/skyline-gs.com\/pl\/produkt\/privat-fanrang-with-capybaras-nhatrang\/\" \/>\n<meta property=\"og:site_name\" content=\"\u042d\u043a\u0441\u043a\u0443\u0440\u0441\u0438\u0438 Skyline\" \/>\n<meta property=\"article:modified_time\" content=\"2026-03-30T21:38:54+00:00\" \/>\n<meta property=\"og:image\" content=\"https:\/\/skyline-gs.com\/wp-content\/uploads\/2025\/06\/22.png\" \/>\n\t<meta property=\"og:image:width\" content=\"669\" \/>\n\t<meta property=\"og:image:height\" content=\"446\" \/>\n\t<meta property=\"og:image:type\" content=\"image\/png\" \/>\n<meta name=\"twitter:card\" content=\"summary_large_image\" \/>\n<meta name=\"twitter:label1\" content=\"Szacowany czas czytania\" \/>\n\t<meta name=\"twitter:data1\" content=\"2 minuty\" \/>\n<script type=\"application\/ld+json\" class=\"yoast-schema-graph\">{\"@context\":\"https:\\\/\\\/schema.org\",\"@graph\":[{\"@type\":\"WebPage\",\"@id\":\"https:\\\/\\\/skyline-gs.com\\\/product\\\/privat-fanrang-with-capybaras-nhatrang\\\/\",\"url\":\"https:\\\/\\\/skyline-gs.com\\\/product\\\/privat-fanrang-with-capybaras-nhatrang\\\/\",\"name\":\"\u0418\u043d\u0434\u0438\u0432\u0438\u0434\u0443\u0430\u043b\u044c\u043d\u044b\u0439 \u0442\u0443\u0440: \u0424\u0430\u043d\u0440\u0430\u043d\u0433 \u0441 \u043a\u0430\u043f\u0438\u0431\u0430\u0440\u0430\u043c\u0438 &#8226; \u042d\u043a\u0441\u043a\u0443\u0440\u0441\u0438\u0438 Skyline\",\"isPartOf\":{\"@id\":\"https:\\\/\\\/skyline-gs.com\\\/it\\\/#website\"},\"primaryImageOfPage\":{\"@id\":\"https:\\\/\\\/skyline-gs.com\\\/product\\\/privat-fanrang-with-capybaras-nhatrang\\\/#primaryimage\"},\"image\":{\"@id\":\"https:\\\/\\\/skyline-gs.com\\\/product\\\/privat-fanrang-with-capybaras-nhatrang\\\/#primaryimage\"},\"thumbnailUrl\":\"https:\\\/\\\/skyline-gs.com\\\/wp-content\\\/uploads\\\/2025\\\/06\\\/22.png\",\"datePublished\":\"2025-06-19T22:57:44+00:00\",\"dateModified\":\"2026-03-30T21:38:54+00:00\",\"breadcrumb\":{\"@id\":\"https:\\\/\\\/skyline-gs.com\\\/product\\\/privat-fanrang-with-capybaras-nhatrang\\\/#breadcrumb\"},\"inLanguage\":\"pl-PL\",\"potentialAction\":[{\"@type\":\"ReadAction\",\"target\":[\"https:\\\/\\\/skyline-gs.com\\\/product\\\/privat-fanrang-with-capybaras-nhatrang\\\/\"]}]},{\"@type\":\"ImageObject\",\"inLanguage\":\"pl-PL\",\"@id\":\"https:\\\/\\\/skyline-gs.com\\\/product\\\/privat-fanrang-with-capybaras-nhatrang\\\/#primaryimage\",\"url\":\"https:\\\/\\\/skyline-gs.com\\\/wp-content\\\/uploads\\\/2025\\\/06\\\/22.png\",\"contentUrl\":\"https:\\\/\\\/skyline-gs.com\\\/wp-content\\\/uploads\\\/2025\\\/06\\\/22.png\",\"width\":669,\"height\":446},{\"@type\":\"BreadcrumbList\",\"@id\":\"https:\\\/\\\/skyline-gs.com\\\/product\\\/privat-fanrang-with-capybaras-nhatrang\\\/#breadcrumb\",\"itemListElement\":[{\"@type\":\"ListItem\",\"position\":1,\"name\":\"\u0413\u043b\u0430\u0432\u043d\u0430\u044f \u0441\u0442\u0440\u0430\u043d\u0438\u0446\u0430\",\"item\":\"https:\\\/\\\/skyline-gs.com\\\/hu\\\/\"},{\"@type\":\"ListItem\",\"position\":2,\"name\":\"\u041c\u0430\u0433\u0430\u0437\u0438\u043d\",\"item\":\"https:\\\/\\\/skyline-gs.com\\\/cs\\\/shop\\\/\"},{\"@type\":\"ListItem\",\"position\":3,\"name\":\"\u0418\u043d\u0434\u0438\u0432\u0438\u0434\u0443\u0430\u043b\u044c\u043d\u044b\u0439 \u0442\u0443\u0440: \u0424\u0430\u043d\u0440\u0430\u043d\u0433 \u0441 \u043a\u0430\u043f\u0438\u0431\u0430\u0440\u0430\u043c\u0438\"}]},{\"@type\":\"WebSite\",\"@id\":\"https:\\\/\\\/skyline-gs.com\\\/it\\\/#website\",\"url\":\"https:\\\/\\\/skyline-gs.com\\\/it\\\/\",\"name\":\"\u042d\u043a\u0441\u043a\u0443\u0440\u0441\u0438\u0438 Skyline\",\"description\":\"\u042d\u043a\u0441\u043a\u043b\u044e\u0437\u0438\u0432\u043d\u044b\u0435 \u044d\u043a\u0441\u043a\u0443\u0440\u0441\u0438\u0438 \u043d\u0430 \u043b\u0443\u0447\u0448\u0438\u0445 \u043a\u0443\u0440\u043e\u0440\u0442\u0430\u0445 \u043c\u0438\u0440\u0430\",\"publisher\":{\"@id\":\"https:\\\/\\\/skyline-gs.com\\\/it\\\/#organization\"},\"alternateName\":\"Skyline\",\"potentialAction\":[{\"@type\":\"SearchAction\",\"target\":{\"@type\":\"EntryPoint\",\"urlTemplate\":\"https:\\\/\\\/skyline-gs.com\\\/it\\\/?s={search_term_string}\"},\"query-input\":{\"@type\":\"PropertyValueSpecification\",\"valueRequired\":true,\"valueName\":\"search_term_string\"}}],\"inLanguage\":\"pl-PL\"},{\"@type\":\"Organization\",\"@id\":\"https:\\\/\\\/skyline-gs.com\\\/it\\\/#organization\",\"name\":\"\u042d\u043a\u0441\u043a\u0443\u0440\u0441\u0438\u0438 Skyline\",\"alternateName\":\"\u042d\u043a\u0441\u043a\u0443\u0440\u0441\u0438\u0438 Skyline\",\"url\":\"https:\\\/\\\/skyline-gs.com\\\/it\\\/\",\"logo\":{\"@type\":\"ImageObject\",\"inLanguage\":\"pl-PL\",\"@id\":\"https:\\\/\\\/skyline-gs.com\\\/it\\\/#\\\/schema\\\/logo\\\/image\\\/\",\"url\":\"https:\\\/\\\/skyline-gs.com\\\/wp-content\\\/uploads\\\/2020\\\/12\\\/cropped-logo-2.png\",\"contentUrl\":\"https:\\\/\\\/skyline-gs.com\\\/wp-content\\\/uploads\\\/2020\\\/12\\\/cropped-logo-2.png\",\"width\":512,\"height\":512,\"caption\":\"\u042d\u043a\u0441\u043a\u0443\u0440\u0441\u0438\u0438 Skyline\"},\"image\":{\"@id\":\"https:\\\/\\\/skyline-gs.com\\\/it\\\/#\\\/schema\\\/logo\\\/image\\\/\"},\"sameAs\":[\"https:\\\/\\\/www.instagram.com\\\/skylineglobalservice\\\/\"]}]}<\/script>\n<!-- \/ Yoast SEO plugin. -->","yoast_head_json":{"title":"\u0418\u043d\u0434\u0438\u0432\u0438\u0434\u0443\u0430\u043b\u044c\u043d\u044b\u0439 \u0442\u0443\u0440: \u0424\u0430\u043d\u0440\u0430\u043d\u0433 \u0441 \u043a\u0430\u043f\u0438\u0431\u0430\u0440\u0430\u043c\u0438 &#8226; \u042d\u043a\u0441\u043a\u0443\u0440\u0441\u0438\u0438 Skyline","robots":{"index":"index","follow":"follow","max-snippet":"max-snippet:-1","max-image-preview":"max-image-preview:large","max-video-preview":"max-video-preview:-1"},"canonical":"https:\/\/skyline-gs.com\/pl\/produkt\/privat-fanrang-with-capybaras-nhatrang\/","og_locale":"pl_PL","og_type":"article","og_title":"\u0418\u043d\u0434\u0438\u0432\u0438\u0434\u0443\u0430\u043b\u044c\u043d\u044b\u0439 \u0442\u0443\u0440: \u0424\u0430\u043d\u0440\u0430\u043d\u0433 \u0441 \u043a\u0430\u043f\u0438\u0431\u0430\u0440\u0430\u043c\u0438 &#8226; \u042d\u043a\u0441\u043a\u0443\u0440\u0441\u0438\u0438 Skyline","og_description":"\u0412\u0440\u0435\u043c\u044f \u0442\u0443\u0440\u0430: 8:00 - 18:00  \u0414\u043d\u0438 \u043f\u0440\u043e\u0432\u0435\u0434\u0435\u043d\u0438\u044f: \u041a\u0430\u0436\u0434\u044b\u0439 \u0434\u0435\u043d\u044c","og_url":"https:\/\/skyline-gs.com\/pl\/produkt\/privat-fanrang-with-capybaras-nhatrang\/","og_site_name":"\u042d\u043a\u0441\u043a\u0443\u0440\u0441\u0438\u0438 Skyline","article_modified_time":"2026-03-30T21:38:54+00:00","og_image":[{"width":669,"height":446,"url":"https:\/\/skyline-gs.com\/wp-content\/uploads\/2025\/06\/22.png","type":"image\/png"}],"twitter_card":"summary_large_image","twitter_misc":{"Szacowany czas czytania":"2 minuty"},"schema":{"@context":"https:\/\/schema.org","@graph":[{"@type":"WebPage","@id":"https:\/\/skyline-gs.com\/product\/privat-fanrang-with-capybaras-nhatrang\/","url":"https:\/\/skyline-gs.com\/product\/privat-fanrang-with-capybaras-nhatrang\/","name":"\u0418\u043d\u0434\u0438\u0432\u0438\u0434\u0443\u0430\u043b\u044c\u043d\u044b\u0439 \u0442\u0443\u0440: \u0424\u0430\u043d\u0440\u0430\u043d\u0433 \u0441 \u043a\u0430\u043f\u0438\u0431\u0430\u0440\u0430\u043c\u0438 &#8226; \u042d\u043a\u0441\u043a\u0443\u0440\u0441\u0438\u0438 Skyline","isPartOf":{"@id":"https:\/\/skyline-gs.com\/it\/#website"},"primaryImageOfPage":{"@id":"https:\/\/skyline-gs.com\/product\/privat-fanrang-with-capybaras-nhatrang\/#primaryimage"},"image":{"@id":"https:\/\/skyline-gs.com\/product\/privat-fanrang-with-capybaras-nhatrang\/#primaryimage"},"thumbnailUrl":"https:\/\/skyline-gs.com\/wp-content\/uploads\/2025\/06\/22.png","datePublished":"2025-06-19T22:57:44+00:00","dateModified":"2026-03-30T21:38:54+00:00","breadcrumb":{"@id":"https:\/\/skyline-gs.com\/product\/privat-fanrang-with-capybaras-nhatrang\/#breadcrumb"},"inLanguage":"pl-PL","potentialAction":[{"@type":"ReadAction","target":["https:\/\/skyline-gs.com\/product\/privat-fanrang-with-capybaras-nhatrang\/"]}]},{"@type":"ImageObject","inLanguage":"pl-PL","@id":"https:\/\/skyline-gs.com\/product\/privat-fanrang-with-capybaras-nhatrang\/#primaryimage","url":"https:\/\/skyline-gs.com\/wp-content\/uploads\/2025\/06\/22.png","contentUrl":"https:\/\/skyline-gs.com\/wp-content\/uploads\/2025\/06\/22.png","width":669,"height":446},{"@type":"BreadcrumbList","@id":"https:\/\/skyline-gs.com\/product\/privat-fanrang-with-capybaras-nhatrang\/#breadcrumb","itemListElement":[{"@type":"ListItem","position":1,"name":"\u0413\u043b\u0430\u0432\u043d\u0430\u044f \u0441\u0442\u0440\u0430\u043d\u0438\u0446\u0430","item":"https:\/\/skyline-gs.com\/hu\/"},{"@type":"ListItem","position":2,"name":"\u041c\u0430\u0433\u0430\u0437\u0438\u043d","item":"https:\/\/skyline-gs.com\/cs\/shop\/"},{"@type":"ListItem","position":3,"name":"\u0418\u043d\u0434\u0438\u0432\u0438\u0434\u0443\u0430\u043b\u044c\u043d\u044b\u0439 \u0442\u0443\u0440: \u0424\u0430\u043d\u0440\u0430\u043d\u0433 \u0441 \u043a\u0430\u043f\u0438\u0431\u0430\u0440\u0430\u043c\u0438"}]},{"@type":"WebSite","@id":"https:\/\/skyline-gs.com\/it\/#website","url":"https:\/\/skyline-gs.com\/it\/","name":"Wycieczki Skyline","description":"Ekskluzywne wycieczki do najlepszych kurort\u00f3w na \u015bwiecie","publisher":{"@id":"https:\/\/skyline-gs.com\/it\/#organization"},"alternateName":"Skyline","potentialAction":[{"@type":"SearchAction","target":{"@type":"EntryPoint","urlTemplate":"https:\/\/skyline-gs.com\/it\/?s={search_term_string}"},"query-input":{"@type":"PropertyValueSpecification","valueRequired":true,"valueName":"search_term_string"}}],"inLanguage":"pl-PL"},{"@type":"Organization","@id":"https:\/\/skyline-gs.com\/it\/#organization","name":"Wycieczki Skyline","alternateName":"\u042d\u043a\u0441\u043a\u0443\u0440\u0441\u0438\u0438 Skyline","url":"https:\/\/skyline-gs.com\/it\/","logo":{"@type":"ImageObject","inLanguage":"pl-PL","@id":"https:\/\/skyline-gs.com\/it\/#\/schema\/logo\/image\/","url":"https:\/\/skyline-gs.com\/wp-content\/uploads\/2020\/12\/cropped-logo-2.png","contentUrl":"https:\/\/skyline-gs.com\/wp-content\/uploads\/2020\/12\/cropped-logo-2.png","width":512,"height":512,"caption":"\u042d\u043a\u0441\u043a\u0443\u0440\u0441\u0438\u0438 Skyline"},"image":{"@id":"https:\/\/skyline-gs.com\/it\/#\/schema\/logo\/image\/"},"sameAs":["https:\/\/www.instagram.com\/skylineglobalservice\/"]}]}},"_links":{"self":[{"href":"https:\/\/skyline-gs.com\/pl\/wp-json\/wp\/v2\/product\/64472","targetHints":{"allow":["GET"]}}],"collection":[{"href":"https:\/\/skyline-gs.com\/pl\/wp-json\/wp\/v2\/product"}],"about":[{"href":"https:\/\/skyline-gs.com\/pl\/wp-json\/wp\/v2\/types\/product"}],"version-history":[{"count":0,"href":"https:\/\/skyline-gs.com\/pl\/wp-json\/wp\/v2\/product\/64472\/revisions"}],"wp:featuredmedia":[{"embeddable":true,"href":"https:\/\/skyline-gs.com\/pl\/wp-json\/wp\/v2\/media\/64473"}],"wp:attachment":[{"href":"https:\/\/skyline-gs.com\/pl\/wp-json\/wp\/v2\/media?parent=64472"}],"wp:term":[{"taxonomy":"product_brand","embeddable":true,"href":"https:\/\/skyline-gs.com\/pl\/wp-json\/wp\/v2\/product_brand?post=64472"},{"taxonomy":"product_cat","embeddable":true,"href":"https:\/\/skyline-gs.com\/pl\/wp-json\/wp\/v2\/product_cat?post=64472"},{"taxonomy":"product_tag","embeddable":true,"href":"https:\/\/skyline-gs.com\/pl\/wp-json\/wp\/v2\/product_tag?post=64472"}],"curies":[{"name":"wp","href":"https:\/\/api.w.org\/{rel}","templated":true}]}}