{"id":63927,"date":"2025-06-08T11:33:05","date_gmt":"2025-06-08T09:33:05","guid":{"rendered":"http:\/\/skyline-gs.com\/?post_type=product&#038;p=63927"},"modified":"2025-06-08T12:35:11","modified_gmt":"2025-06-08T10:35:11","slug":"tazy-kanyon-selge-alanya","status":"publish","type":"product","link":"https:\/\/skyline-gs.com\/pl\/product\/tazy-kanyon-selge-alanya\/","title":{"rendered":"Kanion Tazy i staro\u017cytne miasto Selge"},"content":{"rendered":"<p data-start=\"525\" data-end=\"664\">\u041e\u0434\u0438\u043d \u0434\u0435\u043d\u044c \u2014 \u0434\u0432\u0430 \u0447\u0443\u0434\u0430: \u043f\u0430\u043d\u043e\u0440\u0430\u043c\u044b \u043f\u0440\u043e\u043f\u0430\u0441\u0442\u0438 \u043d\u0430\u0434 \u043e\u0431\u043b\u0430\u043a\u0430\u043c\u0438 \u0438 \u0430\u043d\u0442\u0438\u0447\u043d\u044b\u0439 \u0442\u0435\u0430\u0442\u0440 \u0432 \u0433\u043e\u0440\u0430\u0445! \u041d\u043e\u0432\u044b\u0439 \u0432\u0437\u0433\u043b\u044f\u0434 \u043d\u0430 \u0422\u0443\u0440\u0446\u0438\u044e \u2014 \u0432\u0435\u043b\u0438\u0447\u0438\u0435 \u043f\u0440\u0438\u0440\u043e\u0434\u044b, \u0438\u0441\u0442\u043e\u0440\u0438\u044f \u0440\u0438\u043c\u0441\u043a\u043e\u0439 \u044d\u043f\u043e\u0445\u0438 \u0438 \u0442\u0438\u0448\u0438\u043d\u0430 \u0433\u043e\u0440\u043d\u044b\u0445 \u043f\u043b\u0430\u0442\u043e.<\/p>\n<p data-start=\"734\" data-end=\"872\"><strong data-start=\"734\" data-end=\"766\">7:30 \u2014 \u041e\u0442\u043f\u0440\u0430\u0432\u043b\u0435\u043d\u0438\u0435 \u0438\u0437 \u043e\u0442\u0435\u043b\u044f. <\/strong>Zbi\u00f3rka turyst\u00f3w wed\u0142ug region\u00f3w, wyjazd w kierunku parku narodowego.<\/p>\n<ul>\n<li data-start=\"765\" data-end=\"910\"><strong data-start=\"765\" data-end=\"783\">\u041a\u0430\u043d\u044c\u043e\u043d \u041a\u0451\u043f\u0440\u044e\u043b\u044e. <\/strong>\u041a\u0440\u0430\u0442\u043a\u0438\u0439 \u0438\u043d\u0441\u0442\u0440\u0443\u043a\u0442\u0430\u0436, \u043f\u043e\u0434\u0433\u043e\u0442\u043e\u0432\u043a\u0430 \u043a \u043f\u043e\u0435\u0437\u0434\u043a\u0435. \u041f\u043e\u0441\u0430\u0434\u043a\u0430 \u0432 \u043a\u0430\u0431\u0440\u0438\u043e-\u0430\u0432\u0442\u043e\u0431\u0443\u0441\u044b \u2014 \u0434\u0432\u0438\u0436\u0435\u043d\u0438\u0435 \u0432 \u0441\u0442\u043e\u0440\u043e\u043d\u0443 \u0422\u0430\u0437\u044b \u041a\u0430\u043d\u044c\u043e\u043d\u0430 (21 \u043a\u043c \/ ~30 \u043c\u0438\u043d\u0443\u0442).<\/li>\n<li data-start=\"765\" data-end=\"910\"><strong data-start=\"912\" data-end=\"927\">\u0422\u0430\u0437\u044b \u041a\u0430\u043d\u044c\u043e\u043d. <\/strong>\u0421\u0432\u043e\u0431\u043e\u0434\u043d\u043e\u0435 \u0432\u0440\u0435\u043c\u044f (30\u201340 \u043c\u0438\u043d) \u043d\u0430 \u0441\u043c\u043e\u0442\u0440\u043e\u0432\u043e\u0439 \u043f\u043b\u043e\u0449\u0430\u0434\u043a\u0435. \u041f\u043e\u0442\u0440\u044f\u0441\u0430\u044e\u0449\u0438\u0439 \u043f\u0430\u043d\u043e\u0440\u0430\u043c\u043d\u044b\u0439 \u0432\u0438\u0434 \u043d\u0430 \u0436\u0438\u0432\u043e\u043f\u0438\u0441\u043d\u043e\u0435 \u0443\u0449\u0435\u043b\u044c\u0435, \u0443\u0442\u043e\u043f\u0430\u044e\u0449\u0435\u0435 \u0432 \u0437\u0435\u043b\u0435\u043d\u0438. \u0424\u043e\u0442\u043e \u0438 \u043c\u0435\u0434\u0438\u0442\u0430\u0446\u0438\u044f \u043d\u0430 \u043a\u0440\u0430\u044e \u0441\u043a\u0430\u043b \u2014 \u043e\u0449\u0443\u0449\u0435\u043d\u0438\u044f, \u043a\u043e\u0442\u043e\u0440\u044b\u0435 \u043d\u0435\u0432\u043e\u0437\u043c\u043e\u0436\u043d\u043e \u0437\u0430\u0431\u044b\u0442\u044c.<\/li>\n<li data-start=\"765\" data-end=\"910\"><strong data-start=\"1124\" data-end=\"1167\">\u041e\u0441\u0442\u0430\u043d\u043e\u0432\u043a\u0430 \u0443 \u0410\u0434\u0430\u043c \u041a\u0430\u044f\u043b\u0430\u0440 (\u041a\u0430\u043c\u0435\u043d\u043d\u044b\u0435 \u041b\u044e\u0434\u0438). <\/strong>\u0417\u0430\u0433\u0430\u0434\u043e\u0447\u043d\u044b\u0435 \u043f\u0440\u0438\u0440\u043e\u0434\u043d\u044b\u0435 \u0441\u043a\u0443\u043b\u044c\u043f\u0442\u0443\u0440\u044b \u043d\u0430 \u0444\u043e\u043d\u0435 \u0434\u0438\u043a\u043e\u0439 \u043f\u0440\u0438\u0440\u043e\u0434\u044b.<\/li>\n<li data-start=\"765\" data-end=\"910\"><strong data-start=\"1226\" data-end=\"1251\">\u0410\u043d\u0442\u0438\u0447\u043d\u044b\u0439 \u0433\u043e\u0440\u043e\u0434 \u0421\u0435\u043b\u044c\u0433\u0435. <\/strong>\u041f\u043e\u0441\u0435\u0449\u0435\u043d\u0438\u0435 \u0440\u0430\u0437\u0432\u0430\u043b\u0438\u043d \u0434\u0440\u0435\u0432\u043d\u0435\u0433\u043e \u0433\u043e\u0440\u043e\u0434\u0430: \u0430\u043c\u0444\u0438\u0442\u0435\u0430\u0442\u0440, \u043a\u043e\u043b\u043e\u043d\u043d\u044b, \u0430\u0440\u043a\u0438. \u041f\u043e\u0433\u0440\u0443\u0436\u0435\u043d\u0438\u0435 \u0432 \u0430\u0442\u043c\u043e\u0441\u0444\u0435\u0440\u0443 \u0440\u0438\u043c\u0441\u043a\u043e\u0439 \u0446\u0438\u0432\u0438\u043b\u0438\u0437\u0430\u0446\u0438\u0438 \u0432 \u0441\u0435\u0440\u0434\u0446\u0435 \u0422\u0443\u0440\u0446\u0438\u0438.<\/li>\n<li data-start=\"765\" data-end=\"910\"><strong data-start=\"1379\" data-end=\"1412\">\u0420\u0438\u043c\u0441\u043a\u0438\u0439 \u043c\u043e\u0441\u0442 \u0438 \u043a\u0443\u043f\u0430\u043d\u0438\u0435 \u0432 \u0440\u0435\u043a\u0435. <\/strong>\u0412\u043e\u0437\u0432\u0440\u0430\u0449\u0435\u043d\u0438\u0435 \u0432 \u041a\u0451\u043f\u0440\u044e\u043b\u044e, \u043e\u0441\u0442\u0430\u043d\u043e\u0432\u043a\u0430 \u0443 \u043c\u043e\u0441\u0442\u0430 \u0438 \u0432\u0440\u0435\u043c\u044f \u0434\u043b\u044f \u043e\u0442\u0434\u044b\u0445\u0430 \u0438 \u043a\u0443\u043f\u0430\u043d\u0438\u044f.<\/li>\n<li data-start=\"765\" data-end=\"910\"><strong data-start=\"1487\" data-end=\"1495\">Lunch. <\/strong>\u0428\u0432\u0435\u0434\u0441\u043a\u0438\u0439 \u0441\u0442\u043e\u043b: \u0441\u0432\u0435\u0436\u0438\u0435 \u0441\u0430\u043b\u0430\u0442\u044b, \u043f\u043b\u043e\u0432, \u043f\u0430\u0441\u0442\u0430, \u043a\u0443\u0440\u0438\u0446\u0430 \u0438 \u0440\u044b\u0431\u0430 \u043d\u0430 \u0433\u0440\u0438\u043b\u0435.<\/li>\n<\/ul>\n<p data-start=\"1585\" data-end=\"1679\"><strong>17:30 \u2014 \u0412\u043e\u0437\u0432\u0440\u0430\u0449\u0435\u043d\u0438\u0435 \u0432 \u043e\u0442\u0435\u043b\u044c.<\/strong><\/p>\n<p><strong>W zestawie:<\/strong><\/p>\n<ul>\n<li data-start=\"1703\" data-end=\"1732\">Transfer z i do hotelu<\/li>\n<li data-start=\"1735\" data-end=\"1797\">\u041f\u0435\u0440\u0435\u0435\u0437\u0434\u044b \u043f\u043e \u043c\u0430\u0440\u0448\u0440\u0443\u0442\u0443, \u0432\u043a\u043b\u044e\u0447\u0430\u044f \u043a\u0430\u0431\u0440\u0438\u043e-\u0430\u0432\u0442\u043e\u0431\u0443\u0441 \u0434\u043e \u043a\u0430\u043d\u044c\u043e\u043d\u0430 \u0422\u0430\u0437\u044b<\/li>\n<li data-start=\"1800\" data-end=\"1821\">Rosyjskoj\u0119zyczny przewodnik<\/li>\n<li data-start=\"1883\" data-end=\"1889\">Lunch<\/li>\n<li data-start=\"1892\" data-end=\"1901\">Ubezpieczenie<\/li>\n<\/ul>\n<p><strong>Brak w zestawie:<\/strong><\/p>\n<ul>\n<li data-start=\"1928\" data-end=\"1937\">Napoje<\/li>\n<li data-start=\"1940\" data-end=\"1988\">\u0424\u043e\u0442\u043e- \u0438 \u0432\u0438\u0434\u0435\u043e\u0441\u044a\u0435\u043c\u043a\u0430 (USB \u0441 \u043c\u0430\u0442\u0435\u0440\u0438\u0430\u043b\u0430\u043c\u0438 \u2014 30$)<\/li>\n<li data-start=\"1991\" data-end=\"2026\">\u0411\u0430\u043d\u0434\u0430\u043d\u0430, \u043e\u0447\u043a\u0438, \u0447\u0435\u0445\u043e\u043b \u0434\u043b\u044f \u0442\u0435\u043b\u0435\u0444\u043e\u043d\u0430<\/li>\n<li data-start=\"2138\" data-end=\"2152\">Wydatki osobiste<\/li>\n<\/ul>\n<p><strong>Zabierz go ze sob\u0105:<\/strong><\/p>\n<ul>\n<li data-start=\"2193\" data-end=\"2215\">Kostium k\u0105pielowy lub k\u0105piel\u00f3wki<\/li>\n<li data-start=\"2218\" data-end=\"2229\">R\u0119cznik<\/li>\n<li data-start=\"2232\" data-end=\"2270\">Wygodne buty (najlepiej gumowe)<\/li>\n<li data-start=\"2273\" data-end=\"2294\">Filtr przeciws\u0142oneczny<\/li>\n<li data-start=\"2297\" data-end=\"2323\">Got\u00f3wka na wydatki osobiste<\/li>\n<\/ul>","protected":false},"excerpt":{"rendered":"<p><strong>Czas wycieczki:<\/strong> 7:30 &#8212; 17:30<\/p>\n<p><strong>Holding Days:<\/strong> Poniedzia\u0142ek, \u015broda, pi\u0105tek<\/p>","protected":false},"featured_media":63905,"template":"","meta":{"_kad_post_transparent":"default","_kad_post_title":"","_kad_post_layout":"default","_kad_post_sidebar_id":"","_kad_post_content_style":"default","_kad_post_vertical_padding":"default","_kad_post_feature":"","_kad_post_feature_position":"","_kad_post_header":false,"_kad_post_footer":false,"_kad_post_classname":"","_glsr_average":0,"_glsr_ranking":0,"_glsr_reviews":0},"product_brand":[],"product_cat":[445],"product_tag":[],"class_list":{"0":"post-63927","1":"product","2":"type-product","3":"status-publish","4":"has-post-thumbnail","6":"product_cat-alanya","7":"tm-has-options","9":"first","10":"instock","11":"sale","12":"sold-individually","13":"taxable","14":"shipping-taxable","15":"purchasable","16":"product-type-simple","17":"entry","18":"content-bg","19":"loop-entry"},"yoast_head":"<!-- This site is optimized with the Yoast SEO plugin v27.3 - https:\/\/yoast.com\/product\/yoast-seo-wordpress\/ -->\n<title>\u0422\u0430\u0437\u044b \u041a\u0430\u043d\u044c\u043e\u043d \u0438 \u0434\u0440\u0435\u0432\u043d\u0438\u0439 \u0433\u043e\u0440\u043e\u0434 \u0421\u0435\u043b\u044c\u0433\u0435 &#8226; \u042d\u043a\u0441\u043a\u0443\u0440\u0441\u0438\u0438 Skyline<\/title>\n<meta name=\"description\" content=\"\u041e\u0434\u0438\u043d \u0434\u0435\u043d\u044c \u2014 \u0434\u0432\u0430 \u0447\u0443\u0434\u0430: \u043f\u0430\u043d\u043e\u0440\u0430\u043c\u044b \u043f\u0440\u043e\u043f\u0430\u0441\u0442\u0438 \u043d\u0430\u0434 \u043e\u0431\u043b\u0430\u043a\u0430\u043c\u0438 \u0438 \u0430\u043d\u0442\u0438\u0447\u043d\u044b\u0439 \u0442\u0435\u0430\u0442\u0440 \u0432 \u0433\u043e\u0440\u0430\u0445! \u041d\u043e\u0432\u044b\u0439 \u0432\u0437\u0433\u043b\u044f\u0434 \u043d\u0430 \u0422\u0443\u0440\u0446\u0438\u044e \u2014 \u0432\u0435\u043b\u0438\u0447\u0438\u0435 \u043f\u0440\u0438\u0440\u043e\u0434\u044b \u0438 \u0438\u0441\u0442\u043e\u0440\u0438\u044f \u0440\u0438\u043c\u0441\u043a\u043e\u0439 \u044d\u043f\u043e\u0445\u0438.\" \/>\n<meta name=\"robots\" content=\"index, follow, max-snippet:-1, max-image-preview:large, max-video-preview:-1\" \/>\n<link rel=\"canonical\" href=\"http:\/\/skyline-gs.com\/pl\/produkt\/tazy-kanyon-selge-alanya\/\" \/>\n<meta property=\"og:locale\" content=\"pl_PL\" \/>\n<meta property=\"og:type\" content=\"article\" \/>\n<meta property=\"og:title\" content=\"\u0422\u0430\u0437\u044b \u041a\u0430\u043d\u044c\u043e\u043d \u0438 \u0434\u0440\u0435\u0432\u043d\u0438\u0439 \u0433\u043e\u0440\u043e\u0434 \u0421\u0435\u043b\u044c\u0433\u0435 &#8226; \u042d\u043a\u0441\u043a\u0443\u0440\u0441\u0438\u0438 Skyline\" \/>\n<meta property=\"og:description\" content=\"\u041e\u0434\u0438\u043d \u0434\u0435\u043d\u044c \u2014 \u0434\u0432\u0430 \u0447\u0443\u0434\u0430: \u043f\u0430\u043d\u043e\u0440\u0430\u043c\u044b \u043f\u0440\u043e\u043f\u0430\u0441\u0442\u0438 \u043d\u0430\u0434 \u043e\u0431\u043b\u0430\u043a\u0430\u043c\u0438 \u0438 \u0430\u043d\u0442\u0438\u0447\u043d\u044b\u0439 \u0442\u0435\u0430\u0442\u0440 \u0432 \u0433\u043e\u0440\u0430\u0445! \u041d\u043e\u0432\u044b\u0439 \u0432\u0437\u0433\u043b\u044f\u0434 \u043d\u0430 \u0422\u0443\u0440\u0446\u0438\u044e \u2014 \u0432\u0435\u043b\u0438\u0447\u0438\u0435 \u043f\u0440\u0438\u0440\u043e\u0434\u044b \u0438 \u0438\u0441\u0442\u043e\u0440\u0438\u044f \u0440\u0438\u043c\u0441\u043a\u043e\u0439 \u044d\u043f\u043e\u0445\u0438.\" \/>\n<meta property=\"og:url\" content=\"http:\/\/skyline-gs.com\/pl\/produkt\/tazy-kanyon-selge-alanya\/\" \/>\n<meta property=\"og:site_name\" content=\"\u042d\u043a\u0441\u043a\u0443\u0440\u0441\u0438\u0438 Skyline\" \/>\n<meta property=\"article:modified_time\" content=\"2025-06-08T10:35:11+00:00\" \/>\n<meta property=\"og:image\" content=\"https:\/\/skyline-gs.com\/wp-content\/uploads\/2025\/06\/\u041a\u0430\u043d\u044c\u043e\u043d-\u0422\u0430\u0437\u044b-20.jpg\" \/>\n\t<meta property=\"og:image:width\" content=\"669\" \/>\n\t<meta property=\"og:image:height\" content=\"446\" \/>\n\t<meta property=\"og:image:type\" content=\"image\/jpeg\" \/>\n<meta name=\"twitter:card\" content=\"summary_large_image\" \/>\n<meta name=\"twitter:label1\" content=\"Szacowany czas czytania\" \/>\n\t<meta name=\"twitter:data1\" content=\"2 minuty\" \/>\n<script type=\"application\/ld+json\" class=\"yoast-schema-graph\">{\"@context\":\"https:\\\/\\\/schema.org\",\"@graph\":[{\"@type\":\"WebPage\",\"@id\":\"http:\\\/\\\/skyline-gs.com\\\/fr\\\/produit\\\/tazy-kanyon-selge-alanya\\\/\",\"url\":\"http:\\\/\\\/skyline-gs.com\\\/fr\\\/produit\\\/tazy-kanyon-selge-alanya\\\/\",\"name\":\"\u0422\u0430\u0437\u044b \u041a\u0430\u043d\u044c\u043e\u043d \u0438 \u0434\u0440\u0435\u0432\u043d\u0438\u0439 \u0433\u043e\u0440\u043e\u0434 \u0421\u0435\u043b\u044c\u0433\u0435 &#8226; \u042d\u043a\u0441\u043a\u0443\u0440\u0441\u0438\u0438 Skyline\",\"isPartOf\":{\"@id\":\"https:\\\/\\\/skyline-gs.com\\\/it\\\/#website\"},\"primaryImageOfPage\":{\"@id\":\"http:\\\/\\\/skyline-gs.com\\\/fr\\\/produit\\\/tazy-kanyon-selge-alanya\\\/#primaryimage\"},\"image\":{\"@id\":\"http:\\\/\\\/skyline-gs.com\\\/fr\\\/produit\\\/tazy-kanyon-selge-alanya\\\/#primaryimage\"},\"thumbnailUrl\":\"https:\\\/\\\/skyline-gs.com\\\/wp-content\\\/uploads\\\/2025\\\/06\\\/\u041a\u0430\u043d\u044c\u043e\u043d-\u0422\u0430\u0437\u044b-20.jpg\",\"datePublished\":\"2025-06-08T09:33:05+00:00\",\"dateModified\":\"2025-06-08T10:35:11+00:00\",\"description\":\"\u041e\u0434\u0438\u043d \u0434\u0435\u043d\u044c \u2014 \u0434\u0432\u0430 \u0447\u0443\u0434\u0430: \u043f\u0430\u043d\u043e\u0440\u0430\u043c\u044b \u043f\u0440\u043e\u043f\u0430\u0441\u0442\u0438 \u043d\u0430\u0434 \u043e\u0431\u043b\u0430\u043a\u0430\u043c\u0438 \u0438 \u0430\u043d\u0442\u0438\u0447\u043d\u044b\u0439 \u0442\u0435\u0430\u0442\u0440 \u0432 \u0433\u043e\u0440\u0430\u0445! \u041d\u043e\u0432\u044b\u0439 \u0432\u0437\u0433\u043b\u044f\u0434 \u043d\u0430 \u0422\u0443\u0440\u0446\u0438\u044e \u2014 \u0432\u0435\u043b\u0438\u0447\u0438\u0435 \u043f\u0440\u0438\u0440\u043e\u0434\u044b \u0438 \u0438\u0441\u0442\u043e\u0440\u0438\u044f \u0440\u0438\u043c\u0441\u043a\u043e\u0439 \u044d\u043f\u043e\u0445\u0438.\",\"breadcrumb\":{\"@id\":\"http:\\\/\\\/skyline-gs.com\\\/fr\\\/produit\\\/tazy-kanyon-selge-alanya\\\/#breadcrumb\"},\"inLanguage\":\"pl-PL\",\"potentialAction\":[{\"@type\":\"ReadAction\",\"target\":[\"http:\\\/\\\/skyline-gs.com\\\/fr\\\/produit\\\/tazy-kanyon-selge-alanya\\\/\"]}]},{\"@type\":\"ImageObject\",\"inLanguage\":\"pl-PL\",\"@id\":\"http:\\\/\\\/skyline-gs.com\\\/fr\\\/produit\\\/tazy-kanyon-selge-alanya\\\/#primaryimage\",\"url\":\"https:\\\/\\\/skyline-gs.com\\\/wp-content\\\/uploads\\\/2025\\\/06\\\/\u041a\u0430\u043d\u044c\u043e\u043d-\u0422\u0430\u0437\u044b-20.jpg\",\"contentUrl\":\"https:\\\/\\\/skyline-gs.com\\\/wp-content\\\/uploads\\\/2025\\\/06\\\/\u041a\u0430\u043d\u044c\u043e\u043d-\u0422\u0430\u0437\u044b-20.jpg\",\"width\":669,\"height\":446},{\"@type\":\"BreadcrumbList\",\"@id\":\"http:\\\/\\\/skyline-gs.com\\\/fr\\\/produit\\\/tazy-kanyon-selge-alanya\\\/#breadcrumb\",\"itemListElement\":[{\"@type\":\"ListItem\",\"position\":1,\"name\":\"\u0413\u043b\u0430\u0432\u043d\u0430\u044f \u0441\u0442\u0440\u0430\u043d\u0438\u0446\u0430\",\"item\":\"https:\\\/\\\/skyline-gs.com\\\/hu\\\/\"},{\"@type\":\"ListItem\",\"position\":2,\"name\":\"\u041c\u0430\u0433\u0430\u0437\u0438\u043d\",\"item\":\"https:\\\/\\\/skyline-gs.com\\\/cs\\\/shop\\\/\"},{\"@type\":\"ListItem\",\"position\":3,\"name\":\"\u0422\u0430\u0437\u044b \u041a\u0430\u043d\u044c\u043e\u043d \u0438 \u0434\u0440\u0435\u0432\u043d\u0438\u0439 \u0433\u043e\u0440\u043e\u0434 \u0421\u0435\u043b\u044c\u0433\u0435\"}]},{\"@type\":\"WebSite\",\"@id\":\"https:\\\/\\\/skyline-gs.com\\\/it\\\/#website\",\"url\":\"https:\\\/\\\/skyline-gs.com\\\/it\\\/\",\"name\":\"\u042d\u043a\u0441\u043a\u0443\u0440\u0441\u0438\u0438 Skyline\",\"description\":\"\u042d\u043a\u0441\u043a\u043b\u044e\u0437\u0438\u0432\u043d\u044b\u0435 \u044d\u043a\u0441\u043a\u0443\u0440\u0441\u0438\u0438 \u043d\u0430 \u043b\u0443\u0447\u0448\u0438\u0445 \u043a\u0443\u0440\u043e\u0440\u0442\u0430\u0445 \u043c\u0438\u0440\u0430\",\"publisher\":{\"@id\":\"https:\\\/\\\/skyline-gs.com\\\/it\\\/#organization\"},\"alternateName\":\"Skyline\",\"potentialAction\":[{\"@type\":\"SearchAction\",\"target\":{\"@type\":\"EntryPoint\",\"urlTemplate\":\"https:\\\/\\\/skyline-gs.com\\\/it\\\/?s={search_term_string}\"},\"query-input\":{\"@type\":\"PropertyValueSpecification\",\"valueRequired\":true,\"valueName\":\"search_term_string\"}}],\"inLanguage\":\"pl-PL\"},{\"@type\":\"Organization\",\"@id\":\"https:\\\/\\\/skyline-gs.com\\\/it\\\/#organization\",\"name\":\"\u042d\u043a\u0441\u043a\u0443\u0440\u0441\u0438\u0438 Skyline\",\"alternateName\":\"\u042d\u043a\u0441\u043a\u0443\u0440\u0441\u0438\u0438 Skyline\",\"url\":\"https:\\\/\\\/skyline-gs.com\\\/it\\\/\",\"logo\":{\"@type\":\"ImageObject\",\"inLanguage\":\"pl-PL\",\"@id\":\"https:\\\/\\\/skyline-gs.com\\\/it\\\/#\\\/schema\\\/logo\\\/image\\\/\",\"url\":\"https:\\\/\\\/skyline-gs.com\\\/wp-content\\\/uploads\\\/2020\\\/12\\\/cropped-logo-2.png\",\"contentUrl\":\"https:\\\/\\\/skyline-gs.com\\\/wp-content\\\/uploads\\\/2020\\\/12\\\/cropped-logo-2.png\",\"width\":512,\"height\":512,\"caption\":\"\u042d\u043a\u0441\u043a\u0443\u0440\u0441\u0438\u0438 Skyline\"},\"image\":{\"@id\":\"https:\\\/\\\/skyline-gs.com\\\/it\\\/#\\\/schema\\\/logo\\\/image\\\/\"},\"sameAs\":[\"https:\\\/\\\/www.instagram.com\\\/skylineglobalservice\\\/\"]}]}<\/script>\n<!-- \/ Yoast SEO plugin. -->","yoast_head_json":{"title":"\u0422\u0430\u0437\u044b \u041a\u0430\u043d\u044c\u043e\u043d \u0438 \u0434\u0440\u0435\u0432\u043d\u0438\u0439 \u0433\u043e\u0440\u043e\u0434 \u0421\u0435\u043b\u044c\u0433\u0435 &#8226; \u042d\u043a\u0441\u043a\u0443\u0440\u0441\u0438\u0438 Skyline","description":"\u041e\u0434\u0438\u043d \u0434\u0435\u043d\u044c \u2014 \u0434\u0432\u0430 \u0447\u0443\u0434\u0430: \u043f\u0430\u043d\u043e\u0440\u0430\u043c\u044b \u043f\u0440\u043e\u043f\u0430\u0441\u0442\u0438 \u043d\u0430\u0434 \u043e\u0431\u043b\u0430\u043a\u0430\u043c\u0438 \u0438 \u0430\u043d\u0442\u0438\u0447\u043d\u044b\u0439 \u0442\u0435\u0430\u0442\u0440 \u0432 \u0433\u043e\u0440\u0430\u0445! \u041d\u043e\u0432\u044b\u0439 \u0432\u0437\u0433\u043b\u044f\u0434 \u043d\u0430 \u0422\u0443\u0440\u0446\u0438\u044e \u2014 \u0432\u0435\u043b\u0438\u0447\u0438\u0435 \u043f\u0440\u0438\u0440\u043e\u0434\u044b \u0438 \u0438\u0441\u0442\u043e\u0440\u0438\u044f \u0440\u0438\u043c\u0441\u043a\u043e\u0439 \u044d\u043f\u043e\u0445\u0438.","robots":{"index":"index","follow":"follow","max-snippet":"max-snippet:-1","max-image-preview":"max-image-preview:large","max-video-preview":"max-video-preview:-1"},"canonical":"http:\/\/skyline-gs.com\/pl\/produkt\/tazy-kanyon-selge-alanya\/","og_locale":"pl_PL","og_type":"article","og_title":"\u0422\u0430\u0437\u044b \u041a\u0430\u043d\u044c\u043e\u043d \u0438 \u0434\u0440\u0435\u0432\u043d\u0438\u0439 \u0433\u043e\u0440\u043e\u0434 \u0421\u0435\u043b\u044c\u0433\u0435 &#8226; \u042d\u043a\u0441\u043a\u0443\u0440\u0441\u0438\u0438 Skyline","og_description":"\u041e\u0434\u0438\u043d \u0434\u0435\u043d\u044c \u2014 \u0434\u0432\u0430 \u0447\u0443\u0434\u0430: \u043f\u0430\u043d\u043e\u0440\u0430\u043c\u044b \u043f\u0440\u043e\u043f\u0430\u0441\u0442\u0438 \u043d\u0430\u0434 \u043e\u0431\u043b\u0430\u043a\u0430\u043c\u0438 \u0438 \u0430\u043d\u0442\u0438\u0447\u043d\u044b\u0439 \u0442\u0435\u0430\u0442\u0440 \u0432 \u0433\u043e\u0440\u0430\u0445! \u041d\u043e\u0432\u044b\u0439 \u0432\u0437\u0433\u043b\u044f\u0434 \u043d\u0430 \u0422\u0443\u0440\u0446\u0438\u044e \u2014 \u0432\u0435\u043b\u0438\u0447\u0438\u0435 \u043f\u0440\u0438\u0440\u043e\u0434\u044b \u0438 \u0438\u0441\u0442\u043e\u0440\u0438\u044f \u0440\u0438\u043c\u0441\u043a\u043e\u0439 \u044d\u043f\u043e\u0445\u0438.","og_url":"http:\/\/skyline-gs.com\/pl\/produkt\/tazy-kanyon-selge-alanya\/","og_site_name":"\u042d\u043a\u0441\u043a\u0443\u0440\u0441\u0438\u0438 Skyline","article_modified_time":"2025-06-08T10:35:11+00:00","og_image":[{"width":669,"height":446,"url":"https:\/\/skyline-gs.com\/wp-content\/uploads\/2025\/06\/\u041a\u0430\u043d\u044c\u043e\u043d-\u0422\u0430\u0437\u044b-20.jpg","type":"image\/jpeg"}],"twitter_card":"summary_large_image","twitter_misc":{"Szacowany czas czytania":"2 minuty"},"schema":{"@context":"https:\/\/schema.org","@graph":[{"@type":"WebPage","@id":"http:\/\/skyline-gs.com\/fr\/produit\/tazy-kanyon-selge-alanya\/","url":"http:\/\/skyline-gs.com\/fr\/produit\/tazy-kanyon-selge-alanya\/","name":"\u0422\u0430\u0437\u044b \u041a\u0430\u043d\u044c\u043e\u043d \u0438 \u0434\u0440\u0435\u0432\u043d\u0438\u0439 \u0433\u043e\u0440\u043e\u0434 \u0421\u0435\u043b\u044c\u0433\u0435 &#8226; \u042d\u043a\u0441\u043a\u0443\u0440\u0441\u0438\u0438 Skyline","isPartOf":{"@id":"https:\/\/skyline-gs.com\/it\/#website"},"primaryImageOfPage":{"@id":"http:\/\/skyline-gs.com\/fr\/produit\/tazy-kanyon-selge-alanya\/#primaryimage"},"image":{"@id":"http:\/\/skyline-gs.com\/fr\/produit\/tazy-kanyon-selge-alanya\/#primaryimage"},"thumbnailUrl":"https:\/\/skyline-gs.com\/wp-content\/uploads\/2025\/06\/\u041a\u0430\u043d\u044c\u043e\u043d-\u0422\u0430\u0437\u044b-20.jpg","datePublished":"2025-06-08T09:33:05+00:00","dateModified":"2025-06-08T10:35:11+00:00","description":"\u041e\u0434\u0438\u043d \u0434\u0435\u043d\u044c \u2014 \u0434\u0432\u0430 \u0447\u0443\u0434\u0430: \u043f\u0430\u043d\u043e\u0440\u0430\u043c\u044b \u043f\u0440\u043e\u043f\u0430\u0441\u0442\u0438 \u043d\u0430\u0434 \u043e\u0431\u043b\u0430\u043a\u0430\u043c\u0438 \u0438 \u0430\u043d\u0442\u0438\u0447\u043d\u044b\u0439 \u0442\u0435\u0430\u0442\u0440 \u0432 \u0433\u043e\u0440\u0430\u0445! \u041d\u043e\u0432\u044b\u0439 \u0432\u0437\u0433\u043b\u044f\u0434 \u043d\u0430 \u0422\u0443\u0440\u0446\u0438\u044e \u2014 \u0432\u0435\u043b\u0438\u0447\u0438\u0435 \u043f\u0440\u0438\u0440\u043e\u0434\u044b \u0438 \u0438\u0441\u0442\u043e\u0440\u0438\u044f \u0440\u0438\u043c\u0441\u043a\u043e\u0439 \u044d\u043f\u043e\u0445\u0438.","breadcrumb":{"@id":"http:\/\/skyline-gs.com\/fr\/produit\/tazy-kanyon-selge-alanya\/#breadcrumb"},"inLanguage":"pl-PL","potentialAction":[{"@type":"ReadAction","target":["http:\/\/skyline-gs.com\/fr\/produit\/tazy-kanyon-selge-alanya\/"]}]},{"@type":"ImageObject","inLanguage":"pl-PL","@id":"http:\/\/skyline-gs.com\/fr\/produit\/tazy-kanyon-selge-alanya\/#primaryimage","url":"https:\/\/skyline-gs.com\/wp-content\/uploads\/2025\/06\/\u041a\u0430\u043d\u044c\u043e\u043d-\u0422\u0430\u0437\u044b-20.jpg","contentUrl":"https:\/\/skyline-gs.com\/wp-content\/uploads\/2025\/06\/\u041a\u0430\u043d\u044c\u043e\u043d-\u0422\u0430\u0437\u044b-20.jpg","width":669,"height":446},{"@type":"BreadcrumbList","@id":"http:\/\/skyline-gs.com\/fr\/produit\/tazy-kanyon-selge-alanya\/#breadcrumb","itemListElement":[{"@type":"ListItem","position":1,"name":"\u0413\u043b\u0430\u0432\u043d\u0430\u044f \u0441\u0442\u0440\u0430\u043d\u0438\u0446\u0430","item":"https:\/\/skyline-gs.com\/hu\/"},{"@type":"ListItem","position":2,"name":"\u041c\u0430\u0433\u0430\u0437\u0438\u043d","item":"https:\/\/skyline-gs.com\/cs\/shop\/"},{"@type":"ListItem","position":3,"name":"\u0422\u0430\u0437\u044b \u041a\u0430\u043d\u044c\u043e\u043d \u0438 \u0434\u0440\u0435\u0432\u043d\u0438\u0439 \u0433\u043e\u0440\u043e\u0434 \u0421\u0435\u043b\u044c\u0433\u0435"}]},{"@type":"WebSite","@id":"https:\/\/skyline-gs.com\/it\/#website","url":"https:\/\/skyline-gs.com\/it\/","name":"Wycieczki Skyline","description":"Ekskluzywne wycieczki do najlepszych kurort\u00f3w na \u015bwiecie","publisher":{"@id":"https:\/\/skyline-gs.com\/it\/#organization"},"alternateName":"Skyline","potentialAction":[{"@type":"SearchAction","target":{"@type":"EntryPoint","urlTemplate":"https:\/\/skyline-gs.com\/it\/?s={search_term_string}"},"query-input":{"@type":"PropertyValueSpecification","valueRequired":true,"valueName":"search_term_string"}}],"inLanguage":"pl-PL"},{"@type":"Organization","@id":"https:\/\/skyline-gs.com\/it\/#organization","name":"Wycieczki Skyline","alternateName":"\u042d\u043a\u0441\u043a\u0443\u0440\u0441\u0438\u0438 Skyline","url":"https:\/\/skyline-gs.com\/it\/","logo":{"@type":"ImageObject","inLanguage":"pl-PL","@id":"https:\/\/skyline-gs.com\/it\/#\/schema\/logo\/image\/","url":"https:\/\/skyline-gs.com\/wp-content\/uploads\/2020\/12\/cropped-logo-2.png","contentUrl":"https:\/\/skyline-gs.com\/wp-content\/uploads\/2020\/12\/cropped-logo-2.png","width":512,"height":512,"caption":"\u042d\u043a\u0441\u043a\u0443\u0440\u0441\u0438\u0438 Skyline"},"image":{"@id":"https:\/\/skyline-gs.com\/it\/#\/schema\/logo\/image\/"},"sameAs":["https:\/\/www.instagram.com\/skylineglobalservice\/"]}]}},"_links":{"self":[{"href":"https:\/\/skyline-gs.com\/pl\/wp-json\/wp\/v2\/product\/63927","targetHints":{"allow":["GET"]}}],"collection":[{"href":"https:\/\/skyline-gs.com\/pl\/wp-json\/wp\/v2\/product"}],"about":[{"href":"https:\/\/skyline-gs.com\/pl\/wp-json\/wp\/v2\/types\/product"}],"version-history":[{"count":0,"href":"https:\/\/skyline-gs.com\/pl\/wp-json\/wp\/v2\/product\/63927\/revisions"}],"wp:featuredmedia":[{"embeddable":true,"href":"https:\/\/skyline-gs.com\/pl\/wp-json\/wp\/v2\/media\/63905"}],"wp:attachment":[{"href":"https:\/\/skyline-gs.com\/pl\/wp-json\/wp\/v2\/media?parent=63927"}],"wp:term":[{"taxonomy":"product_brand","embeddable":true,"href":"https:\/\/skyline-gs.com\/pl\/wp-json\/wp\/v2\/product_brand?post=63927"},{"taxonomy":"product_cat","embeddable":true,"href":"https:\/\/skyline-gs.com\/pl\/wp-json\/wp\/v2\/product_cat?post=63927"},{"taxonomy":"product_tag","embeddable":true,"href":"https:\/\/skyline-gs.com\/pl\/wp-json\/wp\/v2\/product_tag?post=63927"}],"curies":[{"name":"wp","href":"https:\/\/api.w.org\/{rel}","templated":true}]}}