{"id":63872,"date":"2025-06-07T23:30:38","date_gmt":"2025-06-07T21:30:38","guid":{"rendered":"http:\/\/skyline-gs.com\/?post_type=product&#038;p=63872"},"modified":"2025-06-08T01:39:16","modified_gmt":"2025-06-07T23:39:16","slug":"rafting-jeep-safari-and-ziplasa-alanya","status":"publish","type":"product","link":"https:\/\/skyline-gs.com\/pl\/product\/rafting-jeep-safari-and-ziplasa-alanya\/","title":{"rendered":"Rafting, jeep safari i jazda na tyrolce"},"content":{"rendered":"<p data-start=\"525\" data-end=\"664\">Niesamowita sceneria staro\u017cytnego kanionu, g\u00f3rska rzeka i prawdziwa przygoda z pr\u0119dko\u015bci\u0105.<br data-start=\"279\" data-end=\"282\" \/>Jednodniowa wycieczka all inclusive po jednym z najbardziej malowniczych i dzikich obszar\u00f3w Turcji.<\/p>\n<p data-start=\"734\" data-end=\"872\"><strong data-start=\"734\" data-end=\"766\">9:00 - Wyjazd z hotelu. <\/strong>Transfer do Parku Narodowego K\u00f6pr\u00fcl\u00fc. Czas podr\u00f3\u017cy wynosi oko\u0142o 1 godziny (w zale\u017cno\u015bci od lokalizacji hotelu).<\/p>\n<ul>\n<li data-start=\"867\" data-end=\"1038\"><strong data-start=\"867\" data-end=\"896\">Przyjazd do kanionu K\u00f6pr\u00fcl\u00fc. <\/strong>Odprawa bezpiecze\u0144stwa, podpisanie dokumentu ubezpieczenia. Odbi\u00f3r indywidualnego wyposa\u017cenia: kask, kamizelka ratunkowa, wios\u0142o.<\/li>\n<li data-start=\"867\" data-end=\"1038\"><strong style=\"font-family: var(--global-body-font-family);\" data-start=\"1040\" data-end=\"1069\">Przej\u015bcie do punktu pocz\u0105tkowego. <\/strong>Przejazd g\u00f3rsk\u0105 drog\u0105 otwartym jeepem lub autobusem cabrio (10-15 km).<\/li>\n<li data-start=\"867\" data-end=\"1038\">Przystanek przy staro\u017cytnym rzymskim mo\u015bcie Oluc: 30 minut czasu wolnego na zdj\u0119cia i relaks.<\/li>\n<li data-start=\"867\" data-end=\"1038\"><strong style=\"font-family: var(--global-body-font-family);\" data-start=\"1238\" data-end=\"1265\">Rafting na rzece K\u00f6pr\u00fcl\u00fc<\/strong><span style=\"font-family: var(--global-body-font-family);\"> - 2 godziny. <\/span>Bogaty rafting w d\u00f3\u0142 burzliwej g\u00f3rskiej rzeki. Po drodze jest przystanek na p\u0142ywanie i strzelanie.<\/li>\n<li data-start=\"867\" data-end=\"1038\"><strong style=\"font-family: var(--global-body-font-family);\" data-start=\"1360\" data-end=\"1371\">Zipline. <\/strong>Ekscytuj\u0105cy zjazd na stalowej linie nad w\u0105wozem - prze\u017cyj prawdziwy lot.<\/li>\n<li data-start=\"867\" data-end=\"1038\"><strong style=\"font-family: var(--global-body-font-family);\" data-start=\"1455\" data-end=\"1477\">Prysznic i przebieranie si\u0119<\/strong><\/li>\n<li data-start=\"867\" data-end=\"1038\"><strong style=\"font-family: var(--global-body-font-family);\" data-start=\"1479\" data-end=\"1487\">Lunch. <\/strong>Lunch w formie bufetu: \u015bwie\u017ce sa\u0142atki, pilaw, makarony, grillowany kurczak i ryby.<\/li>\n<\/ul>\n<p data-start=\"1585\" data-end=\"1679\"><strong>19:00 - Powr\u00f3t do hotelu.<\/strong><\/p>\n<p><strong>W zestawie:<\/strong><\/p>\n<ul>\n<li data-start=\"1703\" data-end=\"1732\">Transfer z i do hotelu<\/li>\n<li data-start=\"1703\" data-end=\"1732\">Rosyjskoj\u0119zyczny przewodnik<\/li>\n<li data-start=\"1703\" data-end=\"1732\">Instrukcja i ubezpieczenie<\/li>\n<li data-start=\"1703\" data-end=\"1732\">Sprz\u0119t do raftingu<\/li>\n<li data-start=\"1703\" data-end=\"1732\">Podr\u00f3\u017c jeepem lub autobusem kabrioletem<\/li>\n<li data-start=\"1703\" data-end=\"1732\">Sp\u0142yw rzek\u0105 (2 godziny)<\/li>\n<li data-start=\"1703\" data-end=\"1732\">Zipline<\/li>\n<li data-start=\"1703\" data-end=\"1732\">Lunch (w formie bufetu)<\/li>\n<li data-start=\"1703\" data-end=\"1732\"><span style=\"font-family: var(--global-body-font-family);\">Ubezpieczenie<\/span><\/li>\n<\/ul>\n<p><strong>Brak w zestawie:<\/strong><\/p>\n<ul>\n<li data-start=\"1928\" data-end=\"1937\">Napoje<\/li>\n<li data-start=\"1928\" data-end=\"1937\">Fotografowanie i nagrywanie wideo (USB z materia\u0142ami - 30 $)<\/li>\n<li data-start=\"1928\" data-end=\"1937\">Buty gumowe (10$ - opcjonalnie)<\/li>\n<li data-start=\"1928\" data-end=\"1937\">Pianka (5$ - opcjonalnie)<\/li>\n<li data-start=\"1928\" data-end=\"1937\">Kajak (10$ - opcjonalnie)<\/li>\n<\/ul>\n<p data-start=\"1928\" data-end=\"1937\"><strong style=\"font-family: var(--global-body-font-family);\">Zabierz go ze sob\u0105:<\/strong><\/p>\n<ul>\n<li data-start=\"2193\" data-end=\"2215\">Kostium k\u0105pielowy lub k\u0105piel\u00f3wki<\/li>\n<li data-start=\"2218\" data-end=\"2229\">R\u0119cznik<\/li>\n<li data-start=\"2232\" data-end=\"2270\">Wygodne buty (najlepiej gumowe)<\/li>\n<li data-start=\"2273\" data-end=\"2294\">Filtr przeciws\u0142oneczny<\/li>\n<li data-start=\"2297\" data-end=\"2323\">Got\u00f3wka na wydatki osobiste<\/li>\n<\/ul>","protected":false},"excerpt":{"rendered":"<p><strong>Czas wycieczki:<\/strong> 9:00 &#8212; 19:00<\/p>\n<p><strong>Holding Days:<\/strong> Ka\u017cdego dnia.<\/p>","protected":false},"featured_media":63879,"template":"","meta":{"_kad_post_transparent":"default","_kad_post_title":"","_kad_post_layout":"default","_kad_post_sidebar_id":"","_kad_post_content_style":"default","_kad_post_vertical_padding":"default","_kad_post_feature":"","_kad_post_feature_position":"","_kad_post_header":false,"_kad_post_footer":false,"_kad_post_classname":"","_glsr_average":0,"_glsr_ranking":0,"_glsr_reviews":0},"product_brand":[],"product_cat":[445],"product_tag":[],"class_list":{"0":"post-63872","1":"product","2":"type-product","3":"status-publish","4":"has-post-thumbnail","6":"product_cat-alanya","7":"tm-has-options","9":"first","10":"instock","11":"sold-individually","12":"taxable","13":"shipping-taxable","14":"purchasable","15":"product-type-simple","16":"entry","17":"content-bg","18":"loop-entry"},"yoast_head":"<!-- This site is optimized with the Yoast SEO plugin v27.3 - https:\/\/yoast.com\/product\/yoast-seo-wordpress\/ -->\n<title>\u0420\u0430\u0444\u0442\u0438\u043d\u0433, \u0434\u0436\u0438\u043f-\u0441\u0430\u0444\u0430\u0440\u0438 \u0438 \u0437\u0438\u043f\u043b\u0430\u0439\u043d &#8226; \u042d\u043a\u0441\u043a\u0443\u0440\u0441\u0438\u0438 Skyline<\/title>\n<meta name=\"description\" content=\"\u0418\u0441\u0441\u043b\u0435\u0434\u0443\u0439\u0442\u0435 \u043a\u0430\u043d\u044c\u043e\u043d\u044b \u0441 \u0436\u0438\u0432\u043e\u043f\u0438\u0441\u043d\u044b\u043c\u0438 \u043f\u0430\u043d\u043e\u0440\u0430\u043c\u0430\u043c\u0438, \u043d\u0430\u0441\u043b\u0430\u0434\u0438\u0442\u0435\u0441\u044c \u043f\u043e\u0435\u0437\u0434\u043a\u043e\u0439 \u043f\u043e \u0433\u043e\u0440\u043d\u043e\u0439 \u043c\u0435\u0441\u0442\u043d\u043e\u0441\u0442\u0438 \u0438 \u0437\u0430\u0432\u0435\u0440\u0448\u0438\u0442\u0435 \u0434\u0435\u043d\u044c \u0441\u043f\u043b\u0430\u0432\u043e\u043c \u043f\u043e \u0440\u0435\u043a\u0435. \u0417\u0430\u043a\u0430\u0436\u0438\u0442\u0435 \u0443\u0436\u0435 \u0441\u0435\u0439\u0447\u0430\u0441!\" \/>\n<meta name=\"robots\" content=\"index, follow, max-snippet:-1, max-image-preview:large, max-video-preview:-1\" \/>\n<link rel=\"canonical\" href=\"http:\/\/skyline-gs.com\/pl\/produkt\/rafting-jeep-safari-and-ziplasa-alanya\/\" \/>\n<meta property=\"og:locale\" content=\"pl_PL\" \/>\n<meta property=\"og:type\" content=\"article\" \/>\n<meta property=\"og:title\" content=\"\u0420\u0430\u0444\u0442\u0438\u043d\u0433, \u0434\u0436\u0438\u043f-\u0441\u0430\u0444\u0430\u0440\u0438 \u0438 \u0437\u0438\u043f\u043b\u0430\u0439\u043d &#8226; \u042d\u043a\u0441\u043a\u0443\u0440\u0441\u0438\u0438 Skyline\" \/>\n<meta property=\"og:description\" content=\"\u0418\u0441\u0441\u043b\u0435\u0434\u0443\u0439\u0442\u0435 \u043a\u0430\u043d\u044c\u043e\u043d\u044b \u0441 \u0436\u0438\u0432\u043e\u043f\u0438\u0441\u043d\u044b\u043c\u0438 \u043f\u0430\u043d\u043e\u0440\u0430\u043c\u0430\u043c\u0438, \u043d\u0430\u0441\u043b\u0430\u0434\u0438\u0442\u0435\u0441\u044c \u043f\u043e\u0435\u0437\u0434\u043a\u043e\u0439 \u043f\u043e \u0433\u043e\u0440\u043d\u043e\u0439 \u043c\u0435\u0441\u0442\u043d\u043e\u0441\u0442\u0438 \u0438 \u0437\u0430\u0432\u0435\u0440\u0448\u0438\u0442\u0435 \u0434\u0435\u043d\u044c \u0441\u043f\u043b\u0430\u0432\u043e\u043c \u043f\u043e \u0440\u0435\u043a\u0435. \u0417\u0430\u043a\u0430\u0436\u0438\u0442\u0435 \u0443\u0436\u0435 \u0441\u0435\u0439\u0447\u0430\u0441!\" \/>\n<meta property=\"og:url\" content=\"http:\/\/skyline-gs.com\/pl\/produkt\/rafting-jeep-safari-and-ziplasa-alanya\/\" \/>\n<meta property=\"og:site_name\" content=\"\u042d\u043a\u0441\u043a\u0443\u0440\u0441\u0438\u0438 Skyline\" \/>\n<meta property=\"article:modified_time\" content=\"2025-06-07T23:39:16+00:00\" \/>\n<meta property=\"og:image\" content=\"https:\/\/skyline-gs.com\/wp-content\/uploads\/2025\/06\/\u0420\u0430\u0444\u0442\u0438\u043d\u0433-6.jpg\" \/>\n\t<meta property=\"og:image:width\" content=\"669\" \/>\n\t<meta property=\"og:image:height\" content=\"446\" \/>\n\t<meta property=\"og:image:type\" content=\"image\/jpeg\" \/>\n<meta name=\"twitter:card\" content=\"summary_large_image\" \/>\n<meta name=\"twitter:label1\" content=\"Szacowany czas czytania\" \/>\n\t<meta name=\"twitter:data1\" content=\"2 minuty\" \/>\n<script type=\"application\/ld+json\" class=\"yoast-schema-graph\">{\"@context\":\"https:\\\/\\\/schema.org\",\"@graph\":[{\"@type\":\"WebPage\",\"@id\":\"http:\\\/\\\/skyline-gs.com\\\/de\\\/produkt\\\/rafting-jeep-safari-and-ziplasa-alanya\\\/\",\"url\":\"http:\\\/\\\/skyline-gs.com\\\/de\\\/produkt\\\/rafting-jeep-safari-and-ziplasa-alanya\\\/\",\"name\":\"\u0420\u0430\u0444\u0442\u0438\u043d\u0433, \u0434\u0436\u0438\u043f-\u0441\u0430\u0444\u0430\u0440\u0438 \u0438 \u0437\u0438\u043f\u043b\u0430\u0439\u043d &#8226; \u042d\u043a\u0441\u043a\u0443\u0440\u0441\u0438\u0438 Skyline\",\"isPartOf\":{\"@id\":\"https:\\\/\\\/skyline-gs.com\\\/it\\\/#website\"},\"primaryImageOfPage\":{\"@id\":\"http:\\\/\\\/skyline-gs.com\\\/de\\\/produkt\\\/rafting-jeep-safari-and-ziplasa-alanya\\\/#primaryimage\"},\"image\":{\"@id\":\"http:\\\/\\\/skyline-gs.com\\\/de\\\/produkt\\\/rafting-jeep-safari-and-ziplasa-alanya\\\/#primaryimage\"},\"thumbnailUrl\":\"https:\\\/\\\/skyline-gs.com\\\/wp-content\\\/uploads\\\/2025\\\/06\\\/\u0420\u0430\u0444\u0442\u0438\u043d\u0433-6.jpg\",\"datePublished\":\"2025-06-07T21:30:38+00:00\",\"dateModified\":\"2025-06-07T23:39:16+00:00\",\"description\":\"\u0418\u0441\u0441\u043b\u0435\u0434\u0443\u0439\u0442\u0435 \u043a\u0430\u043d\u044c\u043e\u043d\u044b \u0441 \u0436\u0438\u0432\u043e\u043f\u0438\u0441\u043d\u044b\u043c\u0438 \u043f\u0430\u043d\u043e\u0440\u0430\u043c\u0430\u043c\u0438, \u043d\u0430\u0441\u043b\u0430\u0434\u0438\u0442\u0435\u0441\u044c \u043f\u043e\u0435\u0437\u0434\u043a\u043e\u0439 \u043f\u043e \u0433\u043e\u0440\u043d\u043e\u0439 \u043c\u0435\u0441\u0442\u043d\u043e\u0441\u0442\u0438 \u0438 \u0437\u0430\u0432\u0435\u0440\u0448\u0438\u0442\u0435 \u0434\u0435\u043d\u044c \u0441\u043f\u043b\u0430\u0432\u043e\u043c \u043f\u043e \u0440\u0435\u043a\u0435. \u0417\u0430\u043a\u0430\u0436\u0438\u0442\u0435 \u0443\u0436\u0435 \u0441\u0435\u0439\u0447\u0430\u0441!\",\"breadcrumb\":{\"@id\":\"http:\\\/\\\/skyline-gs.com\\\/de\\\/produkt\\\/rafting-jeep-safari-and-ziplasa-alanya\\\/#breadcrumb\"},\"inLanguage\":\"pl-PL\",\"potentialAction\":[{\"@type\":\"ReadAction\",\"target\":[\"http:\\\/\\\/skyline-gs.com\\\/de\\\/produkt\\\/rafting-jeep-safari-and-ziplasa-alanya\\\/\"]}]},{\"@type\":\"ImageObject\",\"inLanguage\":\"pl-PL\",\"@id\":\"http:\\\/\\\/skyline-gs.com\\\/de\\\/produkt\\\/rafting-jeep-safari-and-ziplasa-alanya\\\/#primaryimage\",\"url\":\"https:\\\/\\\/skyline-gs.com\\\/wp-content\\\/uploads\\\/2025\\\/06\\\/\u0420\u0430\u0444\u0442\u0438\u043d\u0433-6.jpg\",\"contentUrl\":\"https:\\\/\\\/skyline-gs.com\\\/wp-content\\\/uploads\\\/2025\\\/06\\\/\u0420\u0430\u0444\u0442\u0438\u043d\u0433-6.jpg\",\"width\":669,\"height\":446},{\"@type\":\"BreadcrumbList\",\"@id\":\"http:\\\/\\\/skyline-gs.com\\\/de\\\/produkt\\\/rafting-jeep-safari-and-ziplasa-alanya\\\/#breadcrumb\",\"itemListElement\":[{\"@type\":\"ListItem\",\"position\":1,\"name\":\"\u0413\u043b\u0430\u0432\u043d\u0430\u044f \u0441\u0442\u0440\u0430\u043d\u0438\u0446\u0430\",\"item\":\"https:\\\/\\\/skyline-gs.com\\\/hu\\\/\"},{\"@type\":\"ListItem\",\"position\":2,\"name\":\"\u041c\u0430\u0433\u0430\u0437\u0438\u043d\",\"item\":\"https:\\\/\\\/skyline-gs.com\\\/cs\\\/shop\\\/\"},{\"@type\":\"ListItem\",\"position\":3,\"name\":\"\u0420\u0430\u0444\u0442\u0438\u043d\u0433, \u0434\u0436\u0438\u043f-\u0441\u0430\u0444\u0430\u0440\u0438 \u0438 \u0437\u0438\u043f\u043b\u0430\u0439\u043d\"}]},{\"@type\":\"WebSite\",\"@id\":\"https:\\\/\\\/skyline-gs.com\\\/it\\\/#website\",\"url\":\"https:\\\/\\\/skyline-gs.com\\\/it\\\/\",\"name\":\"\u042d\u043a\u0441\u043a\u0443\u0440\u0441\u0438\u0438 Skyline\",\"description\":\"\u042d\u043a\u0441\u043a\u043b\u044e\u0437\u0438\u0432\u043d\u044b\u0435 \u044d\u043a\u0441\u043a\u0443\u0440\u0441\u0438\u0438 \u043d\u0430 \u043b\u0443\u0447\u0448\u0438\u0445 \u043a\u0443\u0440\u043e\u0440\u0442\u0430\u0445 \u043c\u0438\u0440\u0430\",\"publisher\":{\"@id\":\"https:\\\/\\\/skyline-gs.com\\\/it\\\/#organization\"},\"alternateName\":\"Skyline\",\"potentialAction\":[{\"@type\":\"SearchAction\",\"target\":{\"@type\":\"EntryPoint\",\"urlTemplate\":\"https:\\\/\\\/skyline-gs.com\\\/it\\\/?s={search_term_string}\"},\"query-input\":{\"@type\":\"PropertyValueSpecification\",\"valueRequired\":true,\"valueName\":\"search_term_string\"}}],\"inLanguage\":\"pl-PL\"},{\"@type\":\"Organization\",\"@id\":\"https:\\\/\\\/skyline-gs.com\\\/it\\\/#organization\",\"name\":\"\u042d\u043a\u0441\u043a\u0443\u0440\u0441\u0438\u0438 Skyline\",\"alternateName\":\"\u042d\u043a\u0441\u043a\u0443\u0440\u0441\u0438\u0438 Skyline\",\"url\":\"https:\\\/\\\/skyline-gs.com\\\/it\\\/\",\"logo\":{\"@type\":\"ImageObject\",\"inLanguage\":\"pl-PL\",\"@id\":\"https:\\\/\\\/skyline-gs.com\\\/it\\\/#\\\/schema\\\/logo\\\/image\\\/\",\"url\":\"https:\\\/\\\/skyline-gs.com\\\/wp-content\\\/uploads\\\/2020\\\/12\\\/cropped-logo-2.png\",\"contentUrl\":\"https:\\\/\\\/skyline-gs.com\\\/wp-content\\\/uploads\\\/2020\\\/12\\\/cropped-logo-2.png\",\"width\":512,\"height\":512,\"caption\":\"\u042d\u043a\u0441\u043a\u0443\u0440\u0441\u0438\u0438 Skyline\"},\"image\":{\"@id\":\"https:\\\/\\\/skyline-gs.com\\\/it\\\/#\\\/schema\\\/logo\\\/image\\\/\"},\"sameAs\":[\"https:\\\/\\\/www.instagram.com\\\/skylineglobalservice\\\/\"]}]}<\/script>\n<!-- \/ Yoast SEO plugin. -->","yoast_head_json":{"title":"\u0420\u0430\u0444\u0442\u0438\u043d\u0433, \u0434\u0436\u0438\u043f-\u0441\u0430\u0444\u0430\u0440\u0438 \u0438 \u0437\u0438\u043f\u043b\u0430\u0439\u043d &#8226; \u042d\u043a\u0441\u043a\u0443\u0440\u0441\u0438\u0438 Skyline","description":"Odkryj kaniony z malowniczymi panoramami, ciesz si\u0119 jazd\u0105 przez g\u00f3rzyste tereny i zako\u0144cz dzie\u0144 raftingiem. Zarezerwuj ju\u017c teraz!","robots":{"index":"index","follow":"follow","max-snippet":"max-snippet:-1","max-image-preview":"max-image-preview:large","max-video-preview":"max-video-preview:-1"},"canonical":"http:\/\/skyline-gs.com\/pl\/produkt\/rafting-jeep-safari-and-ziplasa-alanya\/","og_locale":"pl_PL","og_type":"article","og_title":"\u0420\u0430\u0444\u0442\u0438\u043d\u0433, \u0434\u0436\u0438\u043f-\u0441\u0430\u0444\u0430\u0440\u0438 \u0438 \u0437\u0438\u043f\u043b\u0430\u0439\u043d &#8226; \u042d\u043a\u0441\u043a\u0443\u0440\u0441\u0438\u0438 Skyline","og_description":"\u0418\u0441\u0441\u043b\u0435\u0434\u0443\u0439\u0442\u0435 \u043a\u0430\u043d\u044c\u043e\u043d\u044b \u0441 \u0436\u0438\u0432\u043e\u043f\u0438\u0441\u043d\u044b\u043c\u0438 \u043f\u0430\u043d\u043e\u0440\u0430\u043c\u0430\u043c\u0438, \u043d\u0430\u0441\u043b\u0430\u0434\u0438\u0442\u0435\u0441\u044c \u043f\u043e\u0435\u0437\u0434\u043a\u043e\u0439 \u043f\u043e \u0433\u043e\u0440\u043d\u043e\u0439 \u043c\u0435\u0441\u0442\u043d\u043e\u0441\u0442\u0438 \u0438 \u0437\u0430\u0432\u0435\u0440\u0448\u0438\u0442\u0435 \u0434\u0435\u043d\u044c \u0441\u043f\u043b\u0430\u0432\u043e\u043c \u043f\u043e \u0440\u0435\u043a\u0435. \u0417\u0430\u043a\u0430\u0436\u0438\u0442\u0435 \u0443\u0436\u0435 \u0441\u0435\u0439\u0447\u0430\u0441!","og_url":"http:\/\/skyline-gs.com\/pl\/produkt\/rafting-jeep-safari-and-ziplasa-alanya\/","og_site_name":"\u042d\u043a\u0441\u043a\u0443\u0440\u0441\u0438\u0438 Skyline","article_modified_time":"2025-06-07T23:39:16+00:00","og_image":[{"width":669,"height":446,"url":"https:\/\/skyline-gs.com\/wp-content\/uploads\/2025\/06\/\u0420\u0430\u0444\u0442\u0438\u043d\u0433-6.jpg","type":"image\/jpeg"}],"twitter_card":"summary_large_image","twitter_misc":{"Szacowany czas czytania":"2 minuty"},"schema":{"@context":"https:\/\/schema.org","@graph":[{"@type":"WebPage","@id":"http:\/\/skyline-gs.com\/de\/produkt\/rafting-jeep-safari-and-ziplasa-alanya\/","url":"http:\/\/skyline-gs.com\/de\/produkt\/rafting-jeep-safari-and-ziplasa-alanya\/","name":"\u0420\u0430\u0444\u0442\u0438\u043d\u0433, \u0434\u0436\u0438\u043f-\u0441\u0430\u0444\u0430\u0440\u0438 \u0438 \u0437\u0438\u043f\u043b\u0430\u0439\u043d &#8226; \u042d\u043a\u0441\u043a\u0443\u0440\u0441\u0438\u0438 Skyline","isPartOf":{"@id":"https:\/\/skyline-gs.com\/it\/#website"},"primaryImageOfPage":{"@id":"http:\/\/skyline-gs.com\/de\/produkt\/rafting-jeep-safari-and-ziplasa-alanya\/#primaryimage"},"image":{"@id":"http:\/\/skyline-gs.com\/de\/produkt\/rafting-jeep-safari-and-ziplasa-alanya\/#primaryimage"},"thumbnailUrl":"https:\/\/skyline-gs.com\/wp-content\/uploads\/2025\/06\/\u0420\u0430\u0444\u0442\u0438\u043d\u0433-6.jpg","datePublished":"2025-06-07T21:30:38+00:00","dateModified":"2025-06-07T23:39:16+00:00","description":"Odkryj kaniony z malowniczymi panoramami, ciesz si\u0119 jazd\u0105 przez g\u00f3rzyste tereny i zako\u0144cz dzie\u0144 raftingiem. Zarezerwuj ju\u017c teraz!","breadcrumb":{"@id":"http:\/\/skyline-gs.com\/de\/produkt\/rafting-jeep-safari-and-ziplasa-alanya\/#breadcrumb"},"inLanguage":"pl-PL","potentialAction":[{"@type":"ReadAction","target":["http:\/\/skyline-gs.com\/de\/produkt\/rafting-jeep-safari-and-ziplasa-alanya\/"]}]},{"@type":"ImageObject","inLanguage":"pl-PL","@id":"http:\/\/skyline-gs.com\/de\/produkt\/rafting-jeep-safari-and-ziplasa-alanya\/#primaryimage","url":"https:\/\/skyline-gs.com\/wp-content\/uploads\/2025\/06\/\u0420\u0430\u0444\u0442\u0438\u043d\u0433-6.jpg","contentUrl":"https:\/\/skyline-gs.com\/wp-content\/uploads\/2025\/06\/\u0420\u0430\u0444\u0442\u0438\u043d\u0433-6.jpg","width":669,"height":446},{"@type":"BreadcrumbList","@id":"http:\/\/skyline-gs.com\/de\/produkt\/rafting-jeep-safari-and-ziplasa-alanya\/#breadcrumb","itemListElement":[{"@type":"ListItem","position":1,"name":"\u0413\u043b\u0430\u0432\u043d\u0430\u044f \u0441\u0442\u0440\u0430\u043d\u0438\u0446\u0430","item":"https:\/\/skyline-gs.com\/hu\/"},{"@type":"ListItem","position":2,"name":"\u041c\u0430\u0433\u0430\u0437\u0438\u043d","item":"https:\/\/skyline-gs.com\/cs\/shop\/"},{"@type":"ListItem","position":3,"name":"\u0420\u0430\u0444\u0442\u0438\u043d\u0433, \u0434\u0436\u0438\u043f-\u0441\u0430\u0444\u0430\u0440\u0438 \u0438 \u0437\u0438\u043f\u043b\u0430\u0439\u043d"}]},{"@type":"WebSite","@id":"https:\/\/skyline-gs.com\/it\/#website","url":"https:\/\/skyline-gs.com\/it\/","name":"Wycieczki Skyline","description":"Ekskluzywne wycieczki do najlepszych kurort\u00f3w na \u015bwiecie","publisher":{"@id":"https:\/\/skyline-gs.com\/it\/#organization"},"alternateName":"Skyline","potentialAction":[{"@type":"SearchAction","target":{"@type":"EntryPoint","urlTemplate":"https:\/\/skyline-gs.com\/it\/?s={search_term_string}"},"query-input":{"@type":"PropertyValueSpecification","valueRequired":true,"valueName":"search_term_string"}}],"inLanguage":"pl-PL"},{"@type":"Organization","@id":"https:\/\/skyline-gs.com\/it\/#organization","name":"Wycieczki Skyline","alternateName":"\u042d\u043a\u0441\u043a\u0443\u0440\u0441\u0438\u0438 Skyline","url":"https:\/\/skyline-gs.com\/it\/","logo":{"@type":"ImageObject","inLanguage":"pl-PL","@id":"https:\/\/skyline-gs.com\/it\/#\/schema\/logo\/image\/","url":"https:\/\/skyline-gs.com\/wp-content\/uploads\/2020\/12\/cropped-logo-2.png","contentUrl":"https:\/\/skyline-gs.com\/wp-content\/uploads\/2020\/12\/cropped-logo-2.png","width":512,"height":512,"caption":"\u042d\u043a\u0441\u043a\u0443\u0440\u0441\u0438\u0438 Skyline"},"image":{"@id":"https:\/\/skyline-gs.com\/it\/#\/schema\/logo\/image\/"},"sameAs":["https:\/\/www.instagram.com\/skylineglobalservice\/"]}]}},"_links":{"self":[{"href":"https:\/\/skyline-gs.com\/pl\/wp-json\/wp\/v2\/product\/63872","targetHints":{"allow":["GET"]}}],"collection":[{"href":"https:\/\/skyline-gs.com\/pl\/wp-json\/wp\/v2\/product"}],"about":[{"href":"https:\/\/skyline-gs.com\/pl\/wp-json\/wp\/v2\/types\/product"}],"version-history":[{"count":0,"href":"https:\/\/skyline-gs.com\/pl\/wp-json\/wp\/v2\/product\/63872\/revisions"}],"wp:featuredmedia":[{"embeddable":true,"href":"https:\/\/skyline-gs.com\/pl\/wp-json\/wp\/v2\/media\/63879"}],"wp:attachment":[{"href":"https:\/\/skyline-gs.com\/pl\/wp-json\/wp\/v2\/media?parent=63872"}],"wp:term":[{"taxonomy":"product_brand","embeddable":true,"href":"https:\/\/skyline-gs.com\/pl\/wp-json\/wp\/v2\/product_brand?post=63872"},{"taxonomy":"product_cat","embeddable":true,"href":"https:\/\/skyline-gs.com\/pl\/wp-json\/wp\/v2\/product_cat?post=63872"},{"taxonomy":"product_tag","embeddable":true,"href":"https:\/\/skyline-gs.com\/pl\/wp-json\/wp\/v2\/product_tag?post=63872"}],"curies":[{"name":"wp","href":"https:\/\/api.w.org\/{rel}","templated":true}]}}