{"id":63099,"date":"2025-05-02T23:50:37","date_gmt":"2025-05-02T21:50:37","guid":{"rendered":"http:\/\/skyline-gs.com\/?post_type=product&#038;p=63099"},"modified":"2026-03-12T17:10:06","modified_gmt":"2026-03-12T15:10:06","slug":"serval-tarangire-and-kilimanjaro-zanzibar","status":"publish","type":"product","link":"https:\/\/skyline-gs.com\/pl\/product\/serval-tarangire-and-kilimanjaro-zanzibar\/","title":{"rendered":"Serval Zoo, Tarangire, Kilimand\u017caro i plemi\u0119 Chaga 2 dni"},"content":{"rendered":"<p>Zanurz si\u0119 w prawdziwej Afryce - z jej krajobrazami, dzik\u0105 przyrod\u0105, rdzenn\u0105 kultur\u0105 plemienn\u0105 i duchem przygody. Podczas tej intensywnej dwudniowej wycieczki zobaczysz\u00a0<strong>Legendarne baobaby Tarangire, stada s\u0142oni i \u017cyraf, Kilimand\u017caro i sp\u0119dzi\u0107 czas w wyj\u0105tkowym Serval Wildlife Zoo.<\/strong>gdzie zwierz\u0119ta mog\u0105 by\u0107 karmione r\u0119cznie.<\/p>\n<p><strong>Dzie\u0144 1: Tarangire<\/strong><\/p>\n<p><strong>5:00 - Wyjazd z hotelu\u00a0<\/strong>i transfery lotniskowe<\/p>\n<ul>\n<li data-start=\"720\" data-end=\"782\">7:40 - 9:00 - przelot do Aruszy, spotkanie z rosyjskoj\u0119zycznym przewodnikiem<\/li>\n<li data-start=\"785\" data-end=\"841\">Transfer do Parku Narodowego Tarangire (oko\u0142o 1,5 godziny).<\/li>\n<li data-start=\"862\" data-end=\"927\"><strong>Safari przez jeden z najbardziej malowniczych park\u00f3w Tanzanii<\/strong><\/li>\n<li data-start=\"930\" data-end=\"994\"><strong>Baobaby, s\u0142onie, zebry, \u017cyrafy, antylopy, stada lw\u00f3w, gepardy<\/strong><\/li>\n<li data-start=\"997\" data-end=\"1060\">S\u0142ynna rzeka Tarangire, gdzie zwierz\u0119ta zbieraj\u0105 si\u0119 do wodopoju<\/li>\n<li data-start=\"1063\" data-end=\"1115\">Historia k\u0142usownik\u00f3w ukrywaj\u0105cych si\u0119 w wydr\u0105\u017conym baobabie.<\/li>\n<li data-start=\"1118\" data-end=\"1188\">Lunch z widokiem na rzek\u0119 - ciep\u0142e posi\u0142ki w specjalnie wyposa\u017conej strefie<\/li>\n<li data-start=\"1118\" data-end=\"1188\">Po safari transfer do Aruszy (2,5 godziny).<\/li>\n<li data-start=\"1118\" data-end=\"1188\">Kolacja<\/li>\n<li>Nocleg w ekologicznym domku\u00a0<strong data-start=\"1350\" data-end=\"1382\">Safari Lodge Under The Shade<\/strong>\u00a0- domek dla dwojga z widokiem na dzik\u0105 przyrod\u0119<\/li>\n<\/ul>\n<p><strong>Dzie\u0144 2. Zoo Serval, Kilimand\u017caro i plemi\u0119 Chaga<\/strong><\/p>\n<ul>\n<li data-start=\"1583\" data-end=\"1650\">\u015aniadanie<\/li>\n<li data-start=\"1583\" data-end=\"1650\">8:00 Wyjazd na Kilimand\u017caro (podr\u00f3\u017c potrwa oko\u0142o 2 godzin)<\/li>\n<li data-start=\"1671\" data-end=\"1782\"><strong>Safari Kilimand\u017caro i wodospady Materuni<\/strong>\u00a0(90 metr\u00f3w wysoko\u015bci)<\/li>\n<li data-start=\"1785\" data-end=\"1857\"><strong>Wgl\u0105d w \u017cycie plemienia Chaga<\/strong>\u00a0- autentyczne wioski, tradycje i \u017cycie codzienne<\/li>\n<li data-start=\"1860\" data-end=\"1876\">Lunch w wiosce<\/li>\n<li data-start=\"1879\" data-end=\"1991\">Wizyta na plantacjach kawy: od zbierania ziaren po parzenie kawy na ognisku ze \u015bpiewami i ta\u0144cami miejscowych.<\/li>\n<li data-start=\"2044\" data-end=\"2084\"><strong>Wycieczka po zoo Serval Wildlife Contact (Serval Wildlife)<\/strong>\u00a0z karmieniem zwierz\u0105t (2 godziny)<\/li>\n<li data-start=\"2088\" data-end=\"2109\">Transfer lotniskowy<\/li>\n<li data-start=\"2088\" data-end=\"2109\">21:30 wylot na Zanzibar<\/li>\n<li>Spotkanie na lotnisku i transfer do hotelu<\/li>\n<\/ul>\n<p><strong>1:00 - Powr\u00f3t do hotelu.<\/strong><\/p>\n<p><strong>W zestawie:<\/strong><\/p>\n<ul>\n<li>Bilety lotnicze<\/li>\n<li>Transfer z i do hotelu<\/li>\n<li>Wszystkie transfery na trasie<\/li>\n<li data-start=\"1116\" data-end=\"1188\">Nocleg w ekologicznym obiekcie Under The Shade Safari Lodge<\/li>\n<li>Posi\u0142ki: 1 dzie\u0144 - obiad, kolacja. 2 dzie\u0144 - \u015bniadanie, lunch<\/li>\n<li>Picie wody butelkowanej i napoj\u00f3w bezalkoholowych podczas ca\u0142ej wycieczki<\/li>\n<li>Zestaw medyczny<\/li>\n<li>W towarzystwie wykwalifikowanego przewodnika<\/li>\n<li>Rosyjskoj\u0119zyczny przewodnik<\/li>\n<li>safari i wycieczki zgodnie z programem jeepem safari z nap\u0119dem na cztery ko\u0142a 4*4<\/li>\n<li>Op\u0142aty za wst\u0119p do park\u00f3w narodowych<\/li>\n<li>Bilety wst\u0119pu do Serval Zoo<\/li>\n<\/ul>\n<p><strong>Co ze sob\u0105 zabra\u0107?<\/strong><\/p>\n<ul>\n<li>Paszport. Mimo \u017ce Zanzibar jest cz\u0119\u015bci\u0105 Tanzanii, wszyscy przechodzimy przez kontrol\u0119 paszportow\u0105 na lotnisku<\/li>\n<li>Wygodne buty i ubrania. \u041b<span class=\"fontstyle0\">lekkie spodnie, koszula z d\u0142ugim r\u0119kawem, T-shirt, rzeczy osobiste (do 5 kg)<\/span><\/li>\n<li>Kurtka na wypadek deszczu lub ch\u0142odnych wieczor\u00f3w<\/li>\n<li>Sprz\u0119t foto-wideo. Na\u0142aduj swoje urz\u0105dzenia z odpowiednim wyprzedzeniem<\/li>\n<li>Wymie\u0144 pieni\u0105dze na drobne banknoty. Przydadz\u0105 si\u0119 one na pami\u0105tki i napiwki dla stra\u017cnik\u00f3w. Zalecany napiwek 5$ na osob\u0119<\/li>\n<li>Poranna przek\u0105ska (wyja\u015bnij w recepcji hotelu, \u017ce wyje\u017cd\u017casz wcze\u015bnie rano na wycieczk\u0119 i musisz przygotowa\u0107 lunch box, hotele zapewni\u0105 t\u0119 us\u0142ug\u0119 bezp\u0142atnie).<\/li>\n<li><span class=\"fontstyle0\">Okulary przeciws\u0142oneczne i panama, filtr przeciws\u0142oneczny<\/span><\/li>\n<li><span class=\"fontstyle0\">Produkty higieny osobistej, apteczka pierwszej pomocy<\/span><\/li>\n<li><span class=\"fontstyle0\">\u017bel do dezynfekcji r\u0105k<\/span><\/li>\n<\/ul>\n<p><strong>Warunki rezerwacji:<\/strong><\/p>\n<ul>\n<li>\u041f\u0440\u0435\u0434\u043e\u043f\u043b\u0430\u0442\u0430 50% (\u0432\u043e\u0437\u043c\u043e\u0436\u043d\u0430 \u043e\u043f\u043b\u0430\u0442\u0430 \u043e\u043d\u043b\u0430\u0439\u043d \u043f\u0435\u0440\u0435\u0432\u043e\u0434\u043e\u043c \u043d\u0430 \u043a\u0430\u0440\u0442\u0443 \u0438\u043b\u0438 \u043d\u0430\u043b\u0438\u0447\u043d\u044b\u043c\u0438). <strong>\u041f\u0440\u0435\u0434\u043e\u043f\u043b\u0430\u0442\u0430 \u043d\u0435 \u0432\u043e\u0437\u0432\u0440\u0430\u0449\u0430\u0435\u0442\u0441\u044f.<\/strong><\/li>\n<\/ul>","protected":false},"excerpt":{"rendered":"<p><strong>Czas wycieczki:<\/strong>\u00a02 dni<\/p>\n<p><strong>Holding Days:\u00a0<\/strong>Ka\u017cdego dnia.<\/p>","protected":false},"featured_media":63111,"template":"","meta":{"_kad_post_transparent":"default","_kad_post_title":"","_kad_post_layout":"default","_kad_post_sidebar_id":"","_kad_post_content_style":"default","_kad_post_vertical_padding":"default","_kad_post_feature":"","_kad_post_feature_position":"","_kad_post_header":false,"_kad_post_footer":false,"_kad_post_classname":"","_glsr_average":0,"_glsr_ranking":0,"_glsr_reviews":0},"product_brand":[],"product_cat":[468,469],"product_tag":[],"class_list":{"0":"post-63099","1":"product","2":"type-product","3":"status-publish","4":"has-post-thumbnail","6":"product_cat-zanzibar-safari","7":"product_cat-tours","8":"tm-has-options","10":"first","11":"instock","12":"sale","13":"sold-individually","14":"taxable","15":"shipping-taxable","16":"purchasable","17":"product-type-simple","18":"entry","19":"content-bg","20":"loop-entry"},"yoast_head":"<!-- This site is optimized with the Yoast SEO plugin v27.3 - https:\/\/yoast.com\/product\/yoast-seo-wordpress\/ -->\n<title>\u0417\u043e\u043e\u043f\u0430\u0440\u043a \u0421\u0435\u0440\u0432\u0430\u043b, \u0422\u0430\u0440\u0430\u043d\u0433\u0438\u0440\u0435, \u041a\u0438\u043b\u0438\u043c\u0430\u043d\u0434\u0436\u0430\u0440\u043e \u0438 \u043f\u043b\u0435\u043c\u044f \u0427\u0430\u0433\u0430 2 \u0434\u043d\u044f &#8226; \u042d\u043a\u0441\u043a\u0443\u0440\u0441\u0438\u0438 Skyline<\/title>\n<meta name=\"robots\" content=\"index, follow, max-snippet:-1, max-image-preview:large, max-video-preview:-1\" \/>\n<link rel=\"canonical\" href=\"https:\/\/skyline-gs.com\/pl\/produkt\/serval-tarangire-and-kilimanjaro-zanzibar\/\" \/>\n<meta property=\"og:locale\" content=\"pl_PL\" \/>\n<meta property=\"og:type\" content=\"article\" \/>\n<meta property=\"og:title\" content=\"\u0417\u043e\u043e\u043f\u0430\u0440\u043a \u0421\u0435\u0440\u0432\u0430\u043b, \u0422\u0430\u0440\u0430\u043d\u0433\u0438\u0440\u0435, \u041a\u0438\u043b\u0438\u043c\u0430\u043d\u0434\u0436\u0430\u0440\u043e \u0438 \u043f\u043b\u0435\u043c\u044f \u0427\u0430\u0433\u0430 2 \u0434\u043d\u044f &#8226; \u042d\u043a\u0441\u043a\u0443\u0440\u0441\u0438\u0438 Skyline\" \/>\n<meta property=\"og:description\" content=\"\u0412\u0440\u0435\u043c\u044f \u0442\u0443\u0440\u0430:\u00a02 \u0434\u043d\u044f  \u0414\u043d\u0438 \u043f\u0440\u043e\u0432\u0435\u0434\u0435\u043d\u0438\u044f:\u00a0\u041a\u0430\u0436\u0434\u044b\u0439 \u0434\u0435\u043d\u044c\" \/>\n<meta property=\"og:url\" content=\"https:\/\/skyline-gs.com\/pl\/produkt\/serval-tarangire-and-kilimanjaro-zanzibar\/\" \/>\n<meta property=\"og:site_name\" content=\"\u042d\u043a\u0441\u043a\u0443\u0440\u0441\u0438\u0438 Skyline\" \/>\n<meta property=\"article:modified_time\" content=\"2026-03-12T15:10:06+00:00\" \/>\n<meta property=\"og:image\" content=\"https:\/\/skyline-gs.com\/wp-content\/uploads\/2025\/05\/15.jpg\" \/>\n\t<meta property=\"og:image:width\" content=\"585\" \/>\n\t<meta property=\"og:image:height\" content=\"390\" \/>\n\t<meta property=\"og:image:type\" content=\"image\/jpeg\" \/>\n<meta name=\"twitter:card\" content=\"summary_large_image\" \/>\n<meta name=\"twitter:label1\" content=\"Szacowany czas czytania\" \/>\n\t<meta name=\"twitter:data1\" content=\"3 minuty\" \/>\n<script type=\"application\/ld+json\" class=\"yoast-schema-graph\">{\"@context\":\"https:\\\/\\\/schema.org\",\"@graph\":[{\"@type\":\"WebPage\",\"@id\":\"https:\\\/\\\/skyline-gs.com\\\/product\\\/serval-tarangire-and-kilimanjaro-zanzibar\\\/\",\"url\":\"https:\\\/\\\/skyline-gs.com\\\/product\\\/serval-tarangire-and-kilimanjaro-zanzibar\\\/\",\"name\":\"\u0417\u043e\u043e\u043f\u0430\u0440\u043a \u0421\u0435\u0440\u0432\u0430\u043b, \u0422\u0430\u0440\u0430\u043d\u0433\u0438\u0440\u0435, \u041a\u0438\u043b\u0438\u043c\u0430\u043d\u0434\u0436\u0430\u0440\u043e \u0438 \u043f\u043b\u0435\u043c\u044f \u0427\u0430\u0433\u0430 2 \u0434\u043d\u044f &#8226; \u042d\u043a\u0441\u043a\u0443\u0440\u0441\u0438\u0438 Skyline\",\"isPartOf\":{\"@id\":\"https:\\\/\\\/skyline-gs.com\\\/it\\\/#website\"},\"primaryImageOfPage\":{\"@id\":\"https:\\\/\\\/skyline-gs.com\\\/product\\\/serval-tarangire-and-kilimanjaro-zanzibar\\\/#primaryimage\"},\"image\":{\"@id\":\"https:\\\/\\\/skyline-gs.com\\\/product\\\/serval-tarangire-and-kilimanjaro-zanzibar\\\/#primaryimage\"},\"thumbnailUrl\":\"https:\\\/\\\/skyline-gs.com\\\/wp-content\\\/uploads\\\/2025\\\/05\\\/15.jpg\",\"datePublished\":\"2025-05-02T21:50:37+00:00\",\"dateModified\":\"2026-03-12T15:10:06+00:00\",\"breadcrumb\":{\"@id\":\"https:\\\/\\\/skyline-gs.com\\\/product\\\/serval-tarangire-and-kilimanjaro-zanzibar\\\/#breadcrumb\"},\"inLanguage\":\"pl-PL\",\"potentialAction\":[{\"@type\":\"ReadAction\",\"target\":[\"https:\\\/\\\/skyline-gs.com\\\/product\\\/serval-tarangire-and-kilimanjaro-zanzibar\\\/\"]}]},{\"@type\":\"ImageObject\",\"inLanguage\":\"pl-PL\",\"@id\":\"https:\\\/\\\/skyline-gs.com\\\/product\\\/serval-tarangire-and-kilimanjaro-zanzibar\\\/#primaryimage\",\"url\":\"https:\\\/\\\/skyline-gs.com\\\/wp-content\\\/uploads\\\/2025\\\/05\\\/15.jpg\",\"contentUrl\":\"https:\\\/\\\/skyline-gs.com\\\/wp-content\\\/uploads\\\/2025\\\/05\\\/15.jpg\",\"width\":585,\"height\":390},{\"@type\":\"BreadcrumbList\",\"@id\":\"https:\\\/\\\/skyline-gs.com\\\/product\\\/serval-tarangire-and-kilimanjaro-zanzibar\\\/#breadcrumb\",\"itemListElement\":[{\"@type\":\"ListItem\",\"position\":1,\"name\":\"\u0413\u043b\u0430\u0432\u043d\u0430\u044f \u0441\u0442\u0440\u0430\u043d\u0438\u0446\u0430\",\"item\":\"https:\\\/\\\/skyline-gs.com\\\/hu\\\/\"},{\"@type\":\"ListItem\",\"position\":2,\"name\":\"\u041c\u0430\u0433\u0430\u0437\u0438\u043d\",\"item\":\"https:\\\/\\\/skyline-gs.com\\\/cs\\\/shop\\\/\"},{\"@type\":\"ListItem\",\"position\":3,\"name\":\"\u0417\u043e\u043e\u043f\u0430\u0440\u043a \u0421\u0435\u0440\u0432\u0430\u043b, \u0422\u0430\u0440\u0430\u043d\u0433\u0438\u0440\u0435, \u041a\u0438\u043b\u0438\u043c\u0430\u043d\u0434\u0436\u0430\u0440\u043e \u0438 \u043f\u043b\u0435\u043c\u044f \u0427\u0430\u0433\u0430 2 \u0434\u043d\u044f\"}]},{\"@type\":\"WebSite\",\"@id\":\"https:\\\/\\\/skyline-gs.com\\\/it\\\/#website\",\"url\":\"https:\\\/\\\/skyline-gs.com\\\/it\\\/\",\"name\":\"\u042d\u043a\u0441\u043a\u0443\u0440\u0441\u0438\u0438 Skyline\",\"description\":\"\u042d\u043a\u0441\u043a\u043b\u044e\u0437\u0438\u0432\u043d\u044b\u0435 \u044d\u043a\u0441\u043a\u0443\u0440\u0441\u0438\u0438 \u043d\u0430 \u043b\u0443\u0447\u0448\u0438\u0445 \u043a\u0443\u0440\u043e\u0440\u0442\u0430\u0445 \u043c\u0438\u0440\u0430\",\"publisher\":{\"@id\":\"https:\\\/\\\/skyline-gs.com\\\/it\\\/#organization\"},\"alternateName\":\"Skyline\",\"potentialAction\":[{\"@type\":\"SearchAction\",\"target\":{\"@type\":\"EntryPoint\",\"urlTemplate\":\"https:\\\/\\\/skyline-gs.com\\\/it\\\/?s={search_term_string}\"},\"query-input\":{\"@type\":\"PropertyValueSpecification\",\"valueRequired\":true,\"valueName\":\"search_term_string\"}}],\"inLanguage\":\"pl-PL\"},{\"@type\":\"Organization\",\"@id\":\"https:\\\/\\\/skyline-gs.com\\\/it\\\/#organization\",\"name\":\"\u042d\u043a\u0441\u043a\u0443\u0440\u0441\u0438\u0438 Skyline\",\"alternateName\":\"\u042d\u043a\u0441\u043a\u0443\u0440\u0441\u0438\u0438 Skyline\",\"url\":\"https:\\\/\\\/skyline-gs.com\\\/it\\\/\",\"logo\":{\"@type\":\"ImageObject\",\"inLanguage\":\"pl-PL\",\"@id\":\"https:\\\/\\\/skyline-gs.com\\\/it\\\/#\\\/schema\\\/logo\\\/image\\\/\",\"url\":\"https:\\\/\\\/skyline-gs.com\\\/wp-content\\\/uploads\\\/2020\\\/12\\\/cropped-logo-2.png\",\"contentUrl\":\"https:\\\/\\\/skyline-gs.com\\\/wp-content\\\/uploads\\\/2020\\\/12\\\/cropped-logo-2.png\",\"width\":512,\"height\":512,\"caption\":\"\u042d\u043a\u0441\u043a\u0443\u0440\u0441\u0438\u0438 Skyline\"},\"image\":{\"@id\":\"https:\\\/\\\/skyline-gs.com\\\/it\\\/#\\\/schema\\\/logo\\\/image\\\/\"},\"sameAs\":[\"https:\\\/\\\/www.instagram.com\\\/skylineglobalservice\\\/\"]}]}<\/script>\n<!-- \/ Yoast SEO plugin. -->","yoast_head_json":{"title":"\u0417\u043e\u043e\u043f\u0430\u0440\u043a \u0421\u0435\u0440\u0432\u0430\u043b, \u0422\u0430\u0440\u0430\u043d\u0433\u0438\u0440\u0435, \u041a\u0438\u043b\u0438\u043c\u0430\u043d\u0434\u0436\u0430\u0440\u043e \u0438 \u043f\u043b\u0435\u043c\u044f \u0427\u0430\u0433\u0430 2 \u0434\u043d\u044f &#8226; \u042d\u043a\u0441\u043a\u0443\u0440\u0441\u0438\u0438 Skyline","robots":{"index":"index","follow":"follow","max-snippet":"max-snippet:-1","max-image-preview":"max-image-preview:large","max-video-preview":"max-video-preview:-1"},"canonical":"https:\/\/skyline-gs.com\/pl\/produkt\/serval-tarangire-and-kilimanjaro-zanzibar\/","og_locale":"pl_PL","og_type":"article","og_title":"\u0417\u043e\u043e\u043f\u0430\u0440\u043a \u0421\u0435\u0440\u0432\u0430\u043b, \u0422\u0430\u0440\u0430\u043d\u0433\u0438\u0440\u0435, \u041a\u0438\u043b\u0438\u043c\u0430\u043d\u0434\u0436\u0430\u0440\u043e \u0438 \u043f\u043b\u0435\u043c\u044f \u0427\u0430\u0433\u0430 2 \u0434\u043d\u044f &#8226; \u042d\u043a\u0441\u043a\u0443\u0440\u0441\u0438\u0438 Skyline","og_description":"\u0412\u0440\u0435\u043c\u044f \u0442\u0443\u0440\u0430:\u00a02 \u0434\u043d\u044f  \u0414\u043d\u0438 \u043f\u0440\u043e\u0432\u0435\u0434\u0435\u043d\u0438\u044f:\u00a0\u041a\u0430\u0436\u0434\u044b\u0439 \u0434\u0435\u043d\u044c","og_url":"https:\/\/skyline-gs.com\/pl\/produkt\/serval-tarangire-and-kilimanjaro-zanzibar\/","og_site_name":"\u042d\u043a\u0441\u043a\u0443\u0440\u0441\u0438\u0438 Skyline","article_modified_time":"2026-03-12T15:10:06+00:00","og_image":[{"width":585,"height":390,"url":"https:\/\/skyline-gs.com\/wp-content\/uploads\/2025\/05\/15.jpg","type":"image\/jpeg"}],"twitter_card":"summary_large_image","twitter_misc":{"Szacowany czas czytania":"3 minuty"},"schema":{"@context":"https:\/\/schema.org","@graph":[{"@type":"WebPage","@id":"https:\/\/skyline-gs.com\/product\/serval-tarangire-and-kilimanjaro-zanzibar\/","url":"https:\/\/skyline-gs.com\/product\/serval-tarangire-and-kilimanjaro-zanzibar\/","name":"\u0417\u043e\u043e\u043f\u0430\u0440\u043a \u0421\u0435\u0440\u0432\u0430\u043b, \u0422\u0430\u0440\u0430\u043d\u0433\u0438\u0440\u0435, \u041a\u0438\u043b\u0438\u043c\u0430\u043d\u0434\u0436\u0430\u0440\u043e \u0438 \u043f\u043b\u0435\u043c\u044f \u0427\u0430\u0433\u0430 2 \u0434\u043d\u044f &#8226; \u042d\u043a\u0441\u043a\u0443\u0440\u0441\u0438\u0438 Skyline","isPartOf":{"@id":"https:\/\/skyline-gs.com\/it\/#website"},"primaryImageOfPage":{"@id":"https:\/\/skyline-gs.com\/product\/serval-tarangire-and-kilimanjaro-zanzibar\/#primaryimage"},"image":{"@id":"https:\/\/skyline-gs.com\/product\/serval-tarangire-and-kilimanjaro-zanzibar\/#primaryimage"},"thumbnailUrl":"https:\/\/skyline-gs.com\/wp-content\/uploads\/2025\/05\/15.jpg","datePublished":"2025-05-02T21:50:37+00:00","dateModified":"2026-03-12T15:10:06+00:00","breadcrumb":{"@id":"https:\/\/skyline-gs.com\/product\/serval-tarangire-and-kilimanjaro-zanzibar\/#breadcrumb"},"inLanguage":"pl-PL","potentialAction":[{"@type":"ReadAction","target":["https:\/\/skyline-gs.com\/product\/serval-tarangire-and-kilimanjaro-zanzibar\/"]}]},{"@type":"ImageObject","inLanguage":"pl-PL","@id":"https:\/\/skyline-gs.com\/product\/serval-tarangire-and-kilimanjaro-zanzibar\/#primaryimage","url":"https:\/\/skyline-gs.com\/wp-content\/uploads\/2025\/05\/15.jpg","contentUrl":"https:\/\/skyline-gs.com\/wp-content\/uploads\/2025\/05\/15.jpg","width":585,"height":390},{"@type":"BreadcrumbList","@id":"https:\/\/skyline-gs.com\/product\/serval-tarangire-and-kilimanjaro-zanzibar\/#breadcrumb","itemListElement":[{"@type":"ListItem","position":1,"name":"\u0413\u043b\u0430\u0432\u043d\u0430\u044f \u0441\u0442\u0440\u0430\u043d\u0438\u0446\u0430","item":"https:\/\/skyline-gs.com\/hu\/"},{"@type":"ListItem","position":2,"name":"\u041c\u0430\u0433\u0430\u0437\u0438\u043d","item":"https:\/\/skyline-gs.com\/cs\/shop\/"},{"@type":"ListItem","position":3,"name":"\u0417\u043e\u043e\u043f\u0430\u0440\u043a \u0421\u0435\u0440\u0432\u0430\u043b, \u0422\u0430\u0440\u0430\u043d\u0433\u0438\u0440\u0435, \u041a\u0438\u043b\u0438\u043c\u0430\u043d\u0434\u0436\u0430\u0440\u043e \u0438 \u043f\u043b\u0435\u043c\u044f \u0427\u0430\u0433\u0430 2 \u0434\u043d\u044f"}]},{"@type":"WebSite","@id":"https:\/\/skyline-gs.com\/it\/#website","url":"https:\/\/skyline-gs.com\/it\/","name":"Wycieczki Skyline","description":"Ekskluzywne wycieczki do najlepszych kurort\u00f3w na \u015bwiecie","publisher":{"@id":"https:\/\/skyline-gs.com\/it\/#organization"},"alternateName":"Skyline","potentialAction":[{"@type":"SearchAction","target":{"@type":"EntryPoint","urlTemplate":"https:\/\/skyline-gs.com\/it\/?s={search_term_string}"},"query-input":{"@type":"PropertyValueSpecification","valueRequired":true,"valueName":"search_term_string"}}],"inLanguage":"pl-PL"},{"@type":"Organization","@id":"https:\/\/skyline-gs.com\/it\/#organization","name":"Wycieczki Skyline","alternateName":"\u042d\u043a\u0441\u043a\u0443\u0440\u0441\u0438\u0438 Skyline","url":"https:\/\/skyline-gs.com\/it\/","logo":{"@type":"ImageObject","inLanguage":"pl-PL","@id":"https:\/\/skyline-gs.com\/it\/#\/schema\/logo\/image\/","url":"https:\/\/skyline-gs.com\/wp-content\/uploads\/2020\/12\/cropped-logo-2.png","contentUrl":"https:\/\/skyline-gs.com\/wp-content\/uploads\/2020\/12\/cropped-logo-2.png","width":512,"height":512,"caption":"\u042d\u043a\u0441\u043a\u0443\u0440\u0441\u0438\u0438 Skyline"},"image":{"@id":"https:\/\/skyline-gs.com\/it\/#\/schema\/logo\/image\/"},"sameAs":["https:\/\/www.instagram.com\/skylineglobalservice\/"]}]}},"_links":{"self":[{"href":"https:\/\/skyline-gs.com\/pl\/wp-json\/wp\/v2\/product\/63099","targetHints":{"allow":["GET"]}}],"collection":[{"href":"https:\/\/skyline-gs.com\/pl\/wp-json\/wp\/v2\/product"}],"about":[{"href":"https:\/\/skyline-gs.com\/pl\/wp-json\/wp\/v2\/types\/product"}],"version-history":[{"count":0,"href":"https:\/\/skyline-gs.com\/pl\/wp-json\/wp\/v2\/product\/63099\/revisions"}],"wp:featuredmedia":[{"embeddable":true,"href":"https:\/\/skyline-gs.com\/pl\/wp-json\/wp\/v2\/media\/63111"}],"wp:attachment":[{"href":"https:\/\/skyline-gs.com\/pl\/wp-json\/wp\/v2\/media?parent=63099"}],"wp:term":[{"taxonomy":"product_brand","embeddable":true,"href":"https:\/\/skyline-gs.com\/pl\/wp-json\/wp\/v2\/product_brand?post=63099"},{"taxonomy":"product_cat","embeddable":true,"href":"https:\/\/skyline-gs.com\/pl\/wp-json\/wp\/v2\/product_cat?post=63099"},{"taxonomy":"product_tag","embeddable":true,"href":"https:\/\/skyline-gs.com\/pl\/wp-json\/wp\/v2\/product_tag?post=63099"}],"curies":[{"name":"wp","href":"https:\/\/api.w.org\/{rel}","templated":true}]}}