{"id":62985,"date":"2025-04-28T19:46:37","date_gmt":"2025-04-28T17:46:37","guid":{"rendered":"http:\/\/skyline-gs.com\/?post_type=product&#038;p=62985"},"modified":"2025-11-19T09:23:05","modified_gmt":"2025-11-19T07:23:05","slug":"lotus-evening-cruice-dubai","status":"publish","type":"product","link":"https:\/\/skyline-gs.com\/pl\/product\/lotus-evening-cruice-dubai\/","title":{"rendered":"Rejs po Dubaju na mega jachcie Lotus"},"content":{"rendered":"<p data-start=\"338\" data-end=\"493\">\u041e\u0449\u0443\u0442\u0438\u0442\u0435 \u0432\u043a\u0443\u0441 \u0440\u043e\u0441\u043a\u043e\u0448\u043d\u043e\u0439 \u0436\u0438\u0437\u043d\u0438 \u2014 <strong>\u043e\u0442\u043f\u0440\u0430\u0432\u044c\u0442\u0435\u0441\u044c \u0432 \u043d\u0435\u0437\u0430\u0431\u044b\u0432\u0430\u0435\u043c\u044b\u0439 \u0432\u0435\u0447\u0435\u0440\u043d\u0438\u0439 \u043a\u0440\u0443\u0438\u0437 \u043f\u043e \u0441\u0432\u0435\u0440\u043a\u0430\u044e\u0449\u0435\u0439 \u0431\u0443\u0445\u0442\u0435 Dubai Marina \u043d\u0430 \u0431\u043e\u0440\u0442\u0443 \u043b\u0435\u0433\u0435\u043d\u0434\u0430\u0440\u043d\u043e\u0439 \u043c\u0435\u0433\u0430-\u044f\u0445\u0442\u044b Lotus!<\/strong> 220 \u0444\u0443\u0442\u043e\u0432 \u0431\u0435\u0437\u0443\u043f\u0440\u0435\u0447\u043d\u043e\u0439 \u044d\u043b\u0435\u0433\u0430\u043d\u0442\u043d\u043e\u0441\u0442\u0438, \u043e\u0433\u043d\u0438 \u043d\u043e\u0447\u043d\u043e\u0433\u043e \u0433\u043e\u0440\u043e\u0434\u0430, \u0436\u0438\u0432\u043e\u0439 DJ-\u0441\u0435\u0442 \u0438 \u0443\u0436\u0438\u043d \u043d\u0430 \u043e\u0442\u043a\u0440\u044b\u0442\u043e\u043c \u0432\u043e\u0437\u0434\u0443\u0445\u0435 \u0441\u0434\u0435\u043b\u0430\u044e\u0442 \u044d\u0442\u043e\u0442 \u0432\u0435\u0447\u0435\u0440 \u043e\u0441\u043e\u0431\u0435\u043d\u043d\u044b\u043c.<\/p>\n<p data-start=\"273\" data-end=\"492\"><strong>18:30 \u2014 \u041f\u043e\u0441\u0430\u0434\u043a\u0430 \u043d\u0430 \u0431\u043e\u0440\u0442 <\/strong>(\u043d\u0430 \u043f\u0440\u0438\u0447\u0430\u043b\u0435 \u21167 \u0432 \u0440\u0430\u0439\u043e\u043d\u0435 Dubai Marina Mall).<\/p>\n<ul>\n<li data-start=\"565\" data-end=\"621\"><strong>\u041a\u0440\u0443\u0438\u0437 \u043d\u0430 \u043e\u0434\u043d\u043e\u0439 \u0438\u0437 \u0441\u0430\u043c\u044b\u0445 \u0431\u043e\u043b\u044c\u0448\u0438\u0445 \u044f\u0445\u0442 \u0432 \u043c\u0438\u0440\u0435<\/strong><\/li>\n<li data-start=\"624\" data-end=\"766\"><strong>\u0423\u0436\u0438\u043d-\u0448\u0432\u0435\u0434\u0441\u043a\u0438\u0439 \u0441\u0442\u043e\u043b \u0441 \u0434\u0435\u043b\u0438\u043a\u0430\u0442\u0435\u0441\u0430\u043c\u0438 \u043c\u0438\u0440\u043e\u0432\u043e\u0439 \u043a\u0443\u0445\u043d\u0438<\/strong>: \u0441\u043e\u0447\u043d\u043e\u0435 \u0431\u0430\u0440\u0431\u0435\u043a\u044e, \u0438\u0437\u044b\u0441\u043a\u0430\u043d\u043d\u044b\u0435 \u043a\u0430\u043d\u0430\u043f\u0435, \u0431\u043b\u044e\u0434\u0430 \u0410\u0437\u0438\u0438 \u0438 \u0415\u0432\u0440\u043e\u043f\u044b, \u0441\u0432\u0435\u0436\u0438\u0435 \u0441\u0430\u043b\u0430\u0442\u044b \u0438 \u0430\u043f\u043f\u0435\u0442\u0438\u0442\u043d\u044b\u0435 \u0434\u0435\u0441\u0435\u0440\u0442\u044b<\/li>\n<li data-start=\"769\" data-end=\"833\"><strong>\u0420\u0430\u0437\u0432\u043b\u0435\u043a\u0430\u0442\u0435\u043b\u044c\u043d\u043e\u0435 \u0448\u043e\u0443<\/strong> \u0441 \u0432\u044b\u0441\u0442\u0443\u043f\u043b\u0435\u043d\u0438\u0435\u043c \u0430\u0440\u0442\u0438\u0441\u0442\u043e\u0432, \u0442\u0430\u043d\u0446\u043e\u0440\u043e\u0432, DJ-\u0441\u0435\u0442\u043e\u043c, \u0430 \u0442\u0430\u043a\u0436\u0435 \u0436\u0438\u0432\u043e\u0439 \u043c\u0443\u0437\u044b\u043a\u043e\u0439<\/li>\n<li data-start=\"836\" data-end=\"944\">\u041f\u0440\u043e\u0441\u0442\u043e\u0440\u043d\u044b\u0435 \u043f\u0430\u043b\u0443\u0431\u044b: \u043f\u0430\u0442\u0438-\u0437\u043e\u043d\u0430 \u0441 \u0430\u043b\u043a\u043e\u0433\u043e\u043b\u044c\u043d\u044b\u043c \u0431\u0430\u0440\u043e\u043c \u0438 \u0443\u044e\u0442\u043d\u044b\u0439 \u0440\u0435\u0441\u0442\u043e\u0440\u0430\u043d \u0441 \u0431\u0430\u0441\u0441\u0435\u0439\u043d\u043e\u043c \u0432 \u043b\u0430\u0443\u043d\u0436-\u0437\u043e\u043d\u0435<\/li>\n<li><strong>\u041c\u0430\u0440\u0448\u0440\u0443\u0442 \u043c\u0438\u043c\u043e \u0441\u0430\u043c\u044b\u0445 \u0440\u043e\u0441\u043a\u043e\u0448\u043d\u044b\u0445 \u043b\u043e\u043a\u0430\u0446\u0438\u0439 \u0414\u0443\u0431\u0430\u044f<\/strong>: \u0414\u0443\u0431\u0430\u0439 \u041c\u0430\u0440\u0438\u043d\u0430, \u0414\u0436\u0443\u043c\u0435\u0439\u0440\u0430 \u0411\u0438\u0447, \u0413\u043e\u043b\u0443\u0431\u043e\u0439 \u043e\u0441\u0442\u0440\u043e\u0432 \u0423\u043e\u0442\u0435\u0440\u0441, \u041f\u0430\u043b\u044c\u043c\u0430 \u0414\u0436\u0443\u043c\u0435\u0439\u0440\u0430, \u0410\u0442\u043b\u0430\u043d\u0442\u0438\u0441<\/li>\n<\/ul>\n<p data-start=\"2495\" data-end=\"2523\"><strong>22:30 \u2014 \u0412\u043e\u0437\u0432\u0440\u0430\u0449\u0435\u043d\u0438\u0435 \u043d\u0430 \u043c\u0430\u0440\u0438\u043d\u0443.<\/strong><\/p>\n<p><strong>W zestawie:<\/strong><\/p>\n<ul>\n<li>3-\u0447\u0430\u0441\u043e\u0432\u043e\u0439 \u043a\u0440\u0443\u0438\u0437 \u043d\u0430 \u043c\u0435\u0433\u0430-\u044f\u0445\u0442\u0435 Lotus<\/li>\n<li>\u0423\u0436\u0438\u043d-\u0448\u0432\u0435\u0434\u0441\u043a\u0438\u0439 \u0441\u0442\u043e\u043b<\/li>\n<li>\u0411\u0435\u0437\u0430\u043b\u043a\u043e\u0433\u043e\u043b\u044c\u043d\u044b\u0435 \u043d\u0430\u043f\u0438\u0442\u043a\u0438 (\u0422\u0430\u0440\u0438\u0444 Standard)<\/li>\n<li>\u0416\u0438\u0432\u0430\u044f \u043c\u0443\u0437\u044b\u043a\u0430 \u0438 DJ<\/li>\n<li>\u041d\u0435\u0432\u0435\u0440\u043e\u044f\u0442\u043d\u044b\u0435 \u0432\u0438\u0434\u044b \u043d\u0430 \u043d\u043e\u0447\u043d\u043e\u0439 \u0414\u0443\u0431\u0430\u0439<\/li>\n<\/ul>\n<p><strong>Brak w zestawie:<\/strong><\/p>\n<ul>\n<li>Transfery z i do hotelu<\/li>\n<li>\u0410\u043b\u043a\u043e\u0433\u043e\u043b\u044c\u043d\u044b\u0435 \u043d\u0430\u043f\u0438\u0442\u043a\u0438 \u0431\u0435\u0437 \u043e\u0433\u0440\u0430\u043d\u0438\u0447\u0435\u043d\u0438\u0439 (\u0432 \u0442\u0430\u0440\u0438\u0444\u0435 Combo)<\/li>\n<\/ul>\n<p><strong>Co mog\u0119 doda\u0107?<\/strong><\/p>\n<ul>\n<li data-start=\"1256\" data-end=\"1309\"><strong data-start=\"1346\" data-end=\"1355\">\u0422\u0430\u0440\u0438\u0444 Combo<\/strong> (\u0443\u0436\u0438\u043d + \u0430\u043b\u043a\u043e\u0433\u043e\u043b\u044c\u043d\u044b\u0439 \u0431\u0430\u0440 \u0432\u043a\u043b\u044e\u0447\u0451\u043d): \u0412\u0437\u0440\u043e\u0441\u043b\u044b\u0439 (21+) &#8212; 110$<\/li>\n<\/ul>\n<p><strong style=\"font-family: var(--global-body-font-family);\">Co ze sob\u0105 zabra\u0107?<\/strong><\/p>\n<ul>\n<li>Paszport<\/li>\n<li>Kamera<\/li>\n<li>Ciep\u0142e ubrania (jesieni\u0105 i zim\u0105)<\/li>\n<\/ul>\n<p><strong>Warunki rezerwacji:<\/strong><\/p>\n<ul>\n<li><strong>Pe\u0142na p\u0142atno\u015b\u0107<\/strong>. Mo\u017cemy zaakceptowa\u0107 p\u0142atno\u015b\u0107 przelewem <strong>w dolarach, euro, rublach, hrywnach. Jak r\u00f3wnie\u017c w USDT do portfela kryptowalutowego<\/strong>.<\/li>\n<li>Rezerwacja jest potwierdzana natychmiast po dokonaniu p\u0142atno\u015bci - prze\u015blemy Ci wszystkie instrukcje<\/li>\n<li>Bilety nie podlegaj\u0105 zwrotowi ani wymianie<\/li>\n<\/ul>","protected":false},"excerpt":{"rendered":"<p><strong>Czas wycieczki:<\/strong> 18:30 &#8212; 22:30<\/p>\n<p><strong>Holding Days:<\/strong> Ka\u017cdego dnia.<\/p>","protected":false},"featured_media":63003,"template":"","meta":{"_kad_post_transparent":"default","_kad_post_title":"","_kad_post_layout":"default","_kad_post_sidebar_id":"","_kad_post_content_style":"default","_kad_post_vertical_padding":"default","_kad_post_feature":"","_kad_post_feature_position":"","_kad_post_header":false,"_kad_post_footer":false,"_kad_post_classname":"","_glsr_average":0,"_glsr_ranking":0,"_glsr_reviews":0},"product_brand":[],"product_cat":[438],"product_tag":[],"class_list":{"0":"post-62985","1":"product","2":"type-product","3":"status-publish","4":"has-post-thumbnail","6":"product_cat-dubai","7":"tm-has-options","9":"first","10":"instock","11":"sold-individually","12":"taxable","13":"shipping-taxable","14":"purchasable","15":"product-type-simple","16":"entry","17":"content-bg","18":"loop-entry"},"yoast_head":"<!-- This site is optimized with the Yoast SEO plugin v27.3 - https:\/\/yoast.com\/product\/yoast-seo-wordpress\/ -->\n<title>\u041a\u0440\u0443\u0438\u0437 \u043f\u043e \u0414\u0443\u0431\u0430\u044e \u043d\u0430 \u043c\u0435\u0433\u0430-\u044f\u0445\u0442\u0435 Lotus &#8226; \u042d\u043a\u0441\u043a\u0443\u0440\u0441\u0438\u0438 Skyline<\/title>\n<meta name=\"robots\" content=\"index, follow, max-snippet:-1, max-image-preview:large, max-video-preview:-1\" \/>\n<link rel=\"canonical\" href=\"https:\/\/skyline-gs.com\/pl\/produkt\/lotus-evening-cruice-dubai\/\" \/>\n<meta property=\"og:locale\" content=\"pl_PL\" \/>\n<meta property=\"og:type\" content=\"article\" \/>\n<meta property=\"og:title\" content=\"\u041a\u0440\u0443\u0438\u0437 \u043f\u043e \u0414\u0443\u0431\u0430\u044e \u043d\u0430 \u043c\u0435\u0433\u0430-\u044f\u0445\u0442\u0435 Lotus &#8226; \u042d\u043a\u0441\u043a\u0443\u0440\u0441\u0438\u0438 Skyline\" \/>\n<meta property=\"og:description\" content=\"\u0412\u0440\u0435\u043c\u044f \u0442\u0443\u0440\u0430: 18:30 - 22:30  \u0414\u043d\u0438 \u043f\u0440\u043e\u0432\u0435\u0434\u0435\u043d\u0438\u044f: \u041a\u0430\u0436\u0434\u044b\u0439 \u0434\u0435\u043d\u044c\" \/>\n<meta property=\"og:url\" content=\"https:\/\/skyline-gs.com\/pl\/produkt\/lotus-evening-cruice-dubai\/\" \/>\n<meta property=\"og:site_name\" content=\"\u042d\u043a\u0441\u043a\u0443\u0440\u0441\u0438\u0438 Skyline\" \/>\n<meta property=\"article:modified_time\" content=\"2025-11-19T07:23:05+00:00\" \/>\n<meta property=\"og:image\" content=\"https:\/\/skyline-gs.com\/wp-content\/uploads\/2025\/04\/10.jpg\" \/>\n\t<meta property=\"og:image:width\" content=\"585\" \/>\n\t<meta property=\"og:image:height\" content=\"390\" \/>\n\t<meta property=\"og:image:type\" content=\"image\/jpeg\" \/>\n<meta name=\"twitter:card\" content=\"summary_large_image\" \/>\n<meta name=\"twitter:label1\" content=\"Szacowany czas czytania\" \/>\n\t<meta name=\"twitter:data1\" content=\"2 minuty\" \/>\n<script type=\"application\/ld+json\" class=\"yoast-schema-graph\">{\"@context\":\"https:\\\/\\\/schema.org\",\"@graph\":[{\"@type\":\"WebPage\",\"@id\":\"https:\\\/\\\/skyline-gs.com\\\/product\\\/lotus-evening-cruice-dubai\\\/\",\"url\":\"https:\\\/\\\/skyline-gs.com\\\/product\\\/lotus-evening-cruice-dubai\\\/\",\"name\":\"\u041a\u0440\u0443\u0438\u0437 \u043f\u043e \u0414\u0443\u0431\u0430\u044e \u043d\u0430 \u043c\u0435\u0433\u0430-\u044f\u0445\u0442\u0435 Lotus &#8226; \u042d\u043a\u0441\u043a\u0443\u0440\u0441\u0438\u0438 Skyline\",\"isPartOf\":{\"@id\":\"https:\\\/\\\/skyline-gs.com\\\/it\\\/#website\"},\"primaryImageOfPage\":{\"@id\":\"https:\\\/\\\/skyline-gs.com\\\/product\\\/lotus-evening-cruice-dubai\\\/#primaryimage\"},\"image\":{\"@id\":\"https:\\\/\\\/skyline-gs.com\\\/product\\\/lotus-evening-cruice-dubai\\\/#primaryimage\"},\"thumbnailUrl\":\"https:\\\/\\\/skyline-gs.com\\\/wp-content\\\/uploads\\\/2025\\\/04\\\/10.jpg\",\"datePublished\":\"2025-04-28T17:46:37+00:00\",\"dateModified\":\"2025-11-19T07:23:05+00:00\",\"breadcrumb\":{\"@id\":\"https:\\\/\\\/skyline-gs.com\\\/product\\\/lotus-evening-cruice-dubai\\\/#breadcrumb\"},\"inLanguage\":\"pl-PL\",\"potentialAction\":[{\"@type\":\"ReadAction\",\"target\":[\"https:\\\/\\\/skyline-gs.com\\\/product\\\/lotus-evening-cruice-dubai\\\/\"]}]},{\"@type\":\"ImageObject\",\"inLanguage\":\"pl-PL\",\"@id\":\"https:\\\/\\\/skyline-gs.com\\\/product\\\/lotus-evening-cruice-dubai\\\/#primaryimage\",\"url\":\"https:\\\/\\\/skyline-gs.com\\\/wp-content\\\/uploads\\\/2025\\\/04\\\/10.jpg\",\"contentUrl\":\"https:\\\/\\\/skyline-gs.com\\\/wp-content\\\/uploads\\\/2025\\\/04\\\/10.jpg\",\"width\":585,\"height\":390},{\"@type\":\"BreadcrumbList\",\"@id\":\"https:\\\/\\\/skyline-gs.com\\\/product\\\/lotus-evening-cruice-dubai\\\/#breadcrumb\",\"itemListElement\":[{\"@type\":\"ListItem\",\"position\":1,\"name\":\"\u0413\u043b\u0430\u0432\u043d\u0430\u044f \u0441\u0442\u0440\u0430\u043d\u0438\u0446\u0430\",\"item\":\"https:\\\/\\\/skyline-gs.com\\\/hu\\\/\"},{\"@type\":\"ListItem\",\"position\":2,\"name\":\"\u041c\u0430\u0433\u0430\u0437\u0438\u043d\",\"item\":\"https:\\\/\\\/skyline-gs.com\\\/cs\\\/shop\\\/\"},{\"@type\":\"ListItem\",\"position\":3,\"name\":\"\u041a\u0440\u0443\u0438\u0437 \u043f\u043e \u0414\u0443\u0431\u0430\u044e \u043d\u0430 \u043c\u0435\u0433\u0430-\u044f\u0445\u0442\u0435 Lotus\"}]},{\"@type\":\"WebSite\",\"@id\":\"https:\\\/\\\/skyline-gs.com\\\/it\\\/#website\",\"url\":\"https:\\\/\\\/skyline-gs.com\\\/it\\\/\",\"name\":\"\u042d\u043a\u0441\u043a\u0443\u0440\u0441\u0438\u0438 Skyline\",\"description\":\"\u042d\u043a\u0441\u043a\u043b\u044e\u0437\u0438\u0432\u043d\u044b\u0435 \u044d\u043a\u0441\u043a\u0443\u0440\u0441\u0438\u0438 \u043d\u0430 \u043b\u0443\u0447\u0448\u0438\u0445 \u043a\u0443\u0440\u043e\u0440\u0442\u0430\u0445 \u043c\u0438\u0440\u0430\",\"publisher\":{\"@id\":\"https:\\\/\\\/skyline-gs.com\\\/it\\\/#organization\"},\"alternateName\":\"Skyline\",\"potentialAction\":[{\"@type\":\"SearchAction\",\"target\":{\"@type\":\"EntryPoint\",\"urlTemplate\":\"https:\\\/\\\/skyline-gs.com\\\/it\\\/?s={search_term_string}\"},\"query-input\":{\"@type\":\"PropertyValueSpecification\",\"valueRequired\":true,\"valueName\":\"search_term_string\"}}],\"inLanguage\":\"pl-PL\"},{\"@type\":\"Organization\",\"@id\":\"https:\\\/\\\/skyline-gs.com\\\/it\\\/#organization\",\"name\":\"\u042d\u043a\u0441\u043a\u0443\u0440\u0441\u0438\u0438 Skyline\",\"alternateName\":\"\u042d\u043a\u0441\u043a\u0443\u0440\u0441\u0438\u0438 Skyline\",\"url\":\"https:\\\/\\\/skyline-gs.com\\\/it\\\/\",\"logo\":{\"@type\":\"ImageObject\",\"inLanguage\":\"pl-PL\",\"@id\":\"https:\\\/\\\/skyline-gs.com\\\/it\\\/#\\\/schema\\\/logo\\\/image\\\/\",\"url\":\"https:\\\/\\\/skyline-gs.com\\\/wp-content\\\/uploads\\\/2020\\\/12\\\/cropped-logo-2.png\",\"contentUrl\":\"https:\\\/\\\/skyline-gs.com\\\/wp-content\\\/uploads\\\/2020\\\/12\\\/cropped-logo-2.png\",\"width\":512,\"height\":512,\"caption\":\"\u042d\u043a\u0441\u043a\u0443\u0440\u0441\u0438\u0438 Skyline\"},\"image\":{\"@id\":\"https:\\\/\\\/skyline-gs.com\\\/it\\\/#\\\/schema\\\/logo\\\/image\\\/\"},\"sameAs\":[\"https:\\\/\\\/www.instagram.com\\\/skylineglobalservice\\\/\"]}]}<\/script>\n<!-- \/ Yoast SEO plugin. -->","yoast_head_json":{"title":"\u041a\u0440\u0443\u0438\u0437 \u043f\u043e \u0414\u0443\u0431\u0430\u044e \u043d\u0430 \u043c\u0435\u0433\u0430-\u044f\u0445\u0442\u0435 Lotus &#8226; \u042d\u043a\u0441\u043a\u0443\u0440\u0441\u0438\u0438 Skyline","robots":{"index":"index","follow":"follow","max-snippet":"max-snippet:-1","max-image-preview":"max-image-preview:large","max-video-preview":"max-video-preview:-1"},"canonical":"https:\/\/skyline-gs.com\/pl\/produkt\/lotus-evening-cruice-dubai\/","og_locale":"pl_PL","og_type":"article","og_title":"\u041a\u0440\u0443\u0438\u0437 \u043f\u043e \u0414\u0443\u0431\u0430\u044e \u043d\u0430 \u043c\u0435\u0433\u0430-\u044f\u0445\u0442\u0435 Lotus &#8226; \u042d\u043a\u0441\u043a\u0443\u0440\u0441\u0438\u0438 Skyline","og_description":"\u0412\u0440\u0435\u043c\u044f \u0442\u0443\u0440\u0430: 18:30 - 22:30  \u0414\u043d\u0438 \u043f\u0440\u043e\u0432\u0435\u0434\u0435\u043d\u0438\u044f: \u041a\u0430\u0436\u0434\u044b\u0439 \u0434\u0435\u043d\u044c","og_url":"https:\/\/skyline-gs.com\/pl\/produkt\/lotus-evening-cruice-dubai\/","og_site_name":"\u042d\u043a\u0441\u043a\u0443\u0440\u0441\u0438\u0438 Skyline","article_modified_time":"2025-11-19T07:23:05+00:00","og_image":[{"width":585,"height":390,"url":"https:\/\/skyline-gs.com\/wp-content\/uploads\/2025\/04\/10.jpg","type":"image\/jpeg"}],"twitter_card":"summary_large_image","twitter_misc":{"Szacowany czas czytania":"2 minuty"},"schema":{"@context":"https:\/\/schema.org","@graph":[{"@type":"WebPage","@id":"https:\/\/skyline-gs.com\/product\/lotus-evening-cruice-dubai\/","url":"https:\/\/skyline-gs.com\/product\/lotus-evening-cruice-dubai\/","name":"\u041a\u0440\u0443\u0438\u0437 \u043f\u043e \u0414\u0443\u0431\u0430\u044e \u043d\u0430 \u043c\u0435\u0433\u0430-\u044f\u0445\u0442\u0435 Lotus &#8226; \u042d\u043a\u0441\u043a\u0443\u0440\u0441\u0438\u0438 Skyline","isPartOf":{"@id":"https:\/\/skyline-gs.com\/it\/#website"},"primaryImageOfPage":{"@id":"https:\/\/skyline-gs.com\/product\/lotus-evening-cruice-dubai\/#primaryimage"},"image":{"@id":"https:\/\/skyline-gs.com\/product\/lotus-evening-cruice-dubai\/#primaryimage"},"thumbnailUrl":"https:\/\/skyline-gs.com\/wp-content\/uploads\/2025\/04\/10.jpg","datePublished":"2025-04-28T17:46:37+00:00","dateModified":"2025-11-19T07:23:05+00:00","breadcrumb":{"@id":"https:\/\/skyline-gs.com\/product\/lotus-evening-cruice-dubai\/#breadcrumb"},"inLanguage":"pl-PL","potentialAction":[{"@type":"ReadAction","target":["https:\/\/skyline-gs.com\/product\/lotus-evening-cruice-dubai\/"]}]},{"@type":"ImageObject","inLanguage":"pl-PL","@id":"https:\/\/skyline-gs.com\/product\/lotus-evening-cruice-dubai\/#primaryimage","url":"https:\/\/skyline-gs.com\/wp-content\/uploads\/2025\/04\/10.jpg","contentUrl":"https:\/\/skyline-gs.com\/wp-content\/uploads\/2025\/04\/10.jpg","width":585,"height":390},{"@type":"BreadcrumbList","@id":"https:\/\/skyline-gs.com\/product\/lotus-evening-cruice-dubai\/#breadcrumb","itemListElement":[{"@type":"ListItem","position":1,"name":"\u0413\u043b\u0430\u0432\u043d\u0430\u044f \u0441\u0442\u0440\u0430\u043d\u0438\u0446\u0430","item":"https:\/\/skyline-gs.com\/hu\/"},{"@type":"ListItem","position":2,"name":"\u041c\u0430\u0433\u0430\u0437\u0438\u043d","item":"https:\/\/skyline-gs.com\/cs\/shop\/"},{"@type":"ListItem","position":3,"name":"\u041a\u0440\u0443\u0438\u0437 \u043f\u043e \u0414\u0443\u0431\u0430\u044e \u043d\u0430 \u043c\u0435\u0433\u0430-\u044f\u0445\u0442\u0435 Lotus"}]},{"@type":"WebSite","@id":"https:\/\/skyline-gs.com\/it\/#website","url":"https:\/\/skyline-gs.com\/it\/","name":"Wycieczki Skyline","description":"Ekskluzywne wycieczki do najlepszych kurort\u00f3w na \u015bwiecie","publisher":{"@id":"https:\/\/skyline-gs.com\/it\/#organization"},"alternateName":"Skyline","potentialAction":[{"@type":"SearchAction","target":{"@type":"EntryPoint","urlTemplate":"https:\/\/skyline-gs.com\/it\/?s={search_term_string}"},"query-input":{"@type":"PropertyValueSpecification","valueRequired":true,"valueName":"search_term_string"}}],"inLanguage":"pl-PL"},{"@type":"Organization","@id":"https:\/\/skyline-gs.com\/it\/#organization","name":"Wycieczki Skyline","alternateName":"\u042d\u043a\u0441\u043a\u0443\u0440\u0441\u0438\u0438 Skyline","url":"https:\/\/skyline-gs.com\/it\/","logo":{"@type":"ImageObject","inLanguage":"pl-PL","@id":"https:\/\/skyline-gs.com\/it\/#\/schema\/logo\/image\/","url":"https:\/\/skyline-gs.com\/wp-content\/uploads\/2020\/12\/cropped-logo-2.png","contentUrl":"https:\/\/skyline-gs.com\/wp-content\/uploads\/2020\/12\/cropped-logo-2.png","width":512,"height":512,"caption":"\u042d\u043a\u0441\u043a\u0443\u0440\u0441\u0438\u0438 Skyline"},"image":{"@id":"https:\/\/skyline-gs.com\/it\/#\/schema\/logo\/image\/"},"sameAs":["https:\/\/www.instagram.com\/skylineglobalservice\/"]}]}},"_links":{"self":[{"href":"https:\/\/skyline-gs.com\/pl\/wp-json\/wp\/v2\/product\/62985","targetHints":{"allow":["GET"]}}],"collection":[{"href":"https:\/\/skyline-gs.com\/pl\/wp-json\/wp\/v2\/product"}],"about":[{"href":"https:\/\/skyline-gs.com\/pl\/wp-json\/wp\/v2\/types\/product"}],"version-history":[{"count":0,"href":"https:\/\/skyline-gs.com\/pl\/wp-json\/wp\/v2\/product\/62985\/revisions"}],"wp:featuredmedia":[{"embeddable":true,"href":"https:\/\/skyline-gs.com\/pl\/wp-json\/wp\/v2\/media\/63003"}],"wp:attachment":[{"href":"https:\/\/skyline-gs.com\/pl\/wp-json\/wp\/v2\/media?parent=62985"}],"wp:term":[{"taxonomy":"product_brand","embeddable":true,"href":"https:\/\/skyline-gs.com\/pl\/wp-json\/wp\/v2\/product_brand?post=62985"},{"taxonomy":"product_cat","embeddable":true,"href":"https:\/\/skyline-gs.com\/pl\/wp-json\/wp\/v2\/product_cat?post=62985"},{"taxonomy":"product_tag","embeddable":true,"href":"https:\/\/skyline-gs.com\/pl\/wp-json\/wp\/v2\/product_tag?post=62985"}],"curies":[{"name":"wp","href":"https:\/\/api.w.org\/{rel}","templated":true}]}}