{"id":62403,"date":"2025-03-12T07:30:58","date_gmt":"2025-03-12T05:30:58","guid":{"rendered":"http:\/\/skyline-gs.com\/?post_type=product&#038;p=62403"},"modified":"2025-03-12T09:17:53","modified_gmt":"2025-03-12T07:17:53","slug":"hot-air-balloon-dubai","status":"publish","type":"product","link":"https:\/\/skyline-gs.com\/pl\/product\/hot-air-balloon-dubai\/","title":{"rendered":"Lot balonem nad pustyni\u0105 arabsk\u0105 ze \u015bniadaniem"},"content":{"rendered":"<p data-start=\"338\" data-end=\"493\"><strong>\u041c\u044b \u043f\u0440\u0438\u0433\u043b\u0430\u0448\u0430\u0435\u043c \u0432\u0430\u0441 \u043d\u0430\u0447\u0430\u0442\u044c \u0443\u0442\u0440\u043e \u043f\u043e \u043e\u0441\u043e\u0431\u0435\u043d\u043d\u043e\u043c\u0443 \u2014 \u0432\u044b\u0441\u043e\u043a\u043e \u0432 \u043d\u0435\u0431\u0435<\/strong>, \u043f\u0430\u0440\u044f \u043d\u0430\u0434 \u0437\u043e\u043b\u043e\u0442\u044b\u043c\u0438 \u043f\u0440\u043e\u0441\u0442\u043e\u0440\u0430\u043c\u0438 \u043f\u0435\u0441\u0447\u0430\u043d\u044b\u0445 \u0434\u044e\u043d. \u0412 \u043f\u043e\u043b\u0451\u0442\u0435 <strong>\u043f\u0435\u0440\u0435\u0434 \u0432\u0430\u043c\u0438 \u043e\u0442\u043a\u0440\u043e\u044e\u0442\u0441\u044f \u0433\u0440\u0430\u043d\u0434\u0438\u043e\u0437\u043d\u044b\u0435 \u043f\u0435\u0439\u0437\u0430\u0436\u0438 \u0430\u0440\u0430\u0432\u0438\u0439\u0441\u043a\u043e\u0439 \u043f\u0443\u0441\u0442\u044b\u043d\u0438<\/strong>: \u043f\u0440\u043e\u0442\u044f\u0436\u0451\u043d\u043d\u044b\u0435 \u0446\u0435\u043f\u0438 \u043f\u0435\u0441\u0447\u0430\u043d\u044b\u0445 \u0434\u044e\u043d, \u0445\u043e\u043b\u043c\u044b \u0438 \u0440\u0430\u0432\u043d\u0438\u043d\u044b, \u043e\u043a\u0440\u0430\u0448\u0435\u043d\u043d\u044b\u0435 \u043c\u044f\u0433\u043a\u0438\u043c \u0441\u0432\u0435\u0442\u043e\u043c \u0432\u043e\u0441\u0445\u043e\u0434\u044f\u0449\u0435\u0433\u043e \u0441\u043e\u043b\u043d\u0446\u0430.<\/p>\n<p data-start=\"273\" data-end=\"492\"><strong>5:00 - Wyjazd z hotelu<\/strong> (\u0433\u0440\u0443\u043f\u043f\u043e\u0432\u043e\u0439 \u0442\u0440\u0430\u043d\u0441\u0444\u0435\u0440).<\/p>\n<ul>\n<li data-start=\"893\" data-end=\"957\">\u041a\u043e\u0440\u043e\u0442\u043a\u0438\u0439 \u0438\u043d\u0441\u0442\u0440\u0443\u043a\u0442\u0430\u0436<\/li>\n<li data-start=\"893\" data-end=\"957\"><strong>\u041f\u043e\u043b\u0451\u0442 \u043d\u0430 \u0432\u043e\u0437\u0434\u0443\u0448\u043d\u043e\u043c \u0448\u0430\u0440\u0435<\/strong> (\u043e\u043a\u043e\u043b\u043e 60 \u043c\u0438\u043d\u0443\u0442). \u042d\u0442\u043e \u0443\u0442\u0440\u043e \u0432 \u043f\u0443\u0441\u0442\u044b\u043d\u0435 \u2014 \u0432\u043e\u0437\u043c\u043e\u0436\u043d\u043e\u0441\u0442\u044c \u0443\u0432\u0438\u0434\u0435\u0442\u044c \u043c\u0438\u0440 \u0441 \u0432\u044b\u0441\u043e\u0442\u044b \u043f\u0442\u0438\u0447\u044c\u0435\u0433\u043e \u043f\u043e\u043b\u0451\u0442\u0430 \u0438 <strong>\u043f\u043e\u0447\u0443\u0432\u0441\u0442\u0432\u043e\u0432\u0430\u0442\u044c, \u043a\u0430\u043a \u0431\u0435\u0437\u043c\u044f\u0442\u0435\u0436\u043d\u043e\u0441\u0442\u044c \u043f\u0443\u0441\u0442\u044b\u043d\u0438 \u043d\u0430\u043f\u043e\u043b\u043d\u044f\u0435\u0442 \u0432\u0430\u0441<\/strong>.<\/li>\n<li data-start=\"958\" data-end=\"987\"><strong>\u0417\u0430\u0432\u0442\u0440\u0430\u043a \u0432 \u043f\u0443\u0441\u0442\u044b\u043d\u0435<\/strong>. \u041f\u043e\u0441\u043b\u0435 \u043f\u0440\u0438\u0437\u0435\u043c\u043b\u0435\u043d\u0438\u044f \u0432\u0430\u0441 \u043e\u0436\u0438\u0434\u0430\u0435\u0442 \u0438\u0437\u044b\u0441\u043a\u0430\u043d\u043d\u044b\u0439 \u0437\u0430\u0432\u0442\u0440\u0430\u043a \u043d\u0430 \u0441\u0432\u0435\u0436\u0435\u043c \u0432\u043e\u0437\u0434\u0443\u0445\u0435 \u0432 \u0441\u043f\u0435\u0446\u0438\u0430\u043b\u044c\u043d\u043e \u043e\u0431\u043e\u0440\u0443\u0434\u043e\u0432\u0430\u043d\u043d\u043e\u0439 \u0437\u043e\u043d\u0435, \u0433\u0434\u0435 \u043c\u043e\u0436\u043d\u043e \u0440\u0430\u0441\u0441\u043b\u0430\u0431\u0438\u0442\u044c\u0441\u044f, \u043d\u0430\u0441\u043b\u0430\u0436\u0434\u0430\u044f\u0441\u044c \u043e\u043a\u0440\u0443\u0436\u0430\u044e\u0449\u0438\u043c\u0438 \u0432\u0438\u0434\u0430\u043c\u0438 \u0438 \u0430\u0442\u043c\u043e\u0441\u0444\u0435\u0440\u043e\u0439 \u043f\u043e\u043b\u043d\u043e\u0433\u043e \u0443\u0435\u0434\u0438\u043d\u0435\u043d\u0438\u044f.<\/li>\n<\/ul>\n<p data-start=\"2495\" data-end=\"2523\"><strong>9:00 \u2014 \u0412\u043e\u0437\u0432\u0440\u0430\u0449\u0435\u043d\u0438\u0435 \u0432 \u043e\u0442\u0435\u043b\u044c.<\/strong><\/p>\n<p><strong>W zestawie:<\/strong><\/p>\n<ul>\n<li>\u0422\u0440\u0430\u043d\u0441\u0444\u0435\u0440\u044b \u0438\u0437 \u043e\u0442\u0435\u043b\u044f \u0438 \u043e\u0431\u0440\u0430\u0442\u043d\u043e (\u0438\u0437 \u043e\u0442\u0435\u043b\u0435\u0439 \u0414\u0443\u0431\u0430\u044f)<\/li>\n<li>Wszystkie transfery w ramach programu klimatyzowanym autokarem<\/li>\n<li>Us\u0142ugi przewodnik\u00f3w<\/li>\n<li data-start=\"893\" data-end=\"957\">\u041f\u043e\u043b\u0451\u0442 \u043d\u0430 \u0432\u043e\u0437\u0434\u0443\u0448\u043d\u043e\u043c \u0448\u0430\u0440\u0435 (\u043e\u043a\u043e\u043b\u043e 60 \u043c\u0438\u043d\u0443\u0442)<\/li>\n<li>\u015aniadanie<\/li>\n<\/ul>\n<p><strong>Co mog\u0119 doda\u0107?<\/strong><\/p>\n<ul>\n<li data-start=\"1256\" data-end=\"1309\"><strong data-start=\"1258\" data-end=\"1300\">\u041f\u0440\u043e\u043a\u0430\u0442 \u043a\u0432\u0430\u0434\u0440\u043e\u0446\u0438\u043a\u043b\u0430 \u0438\u043b\u0438 \u0440\u0435\u0442\u0440\u043e\u0430\u0432\u0442\u043e\u043c\u043e\u0431\u0438\u043b\u044f<\/strong> +80$<\/li>\n<li data-start=\"1310\" data-end=\"1460\"><strong data-start=\"1312\" data-end=\"1348\">\u0418\u043d\u0434\u0438\u0432\u0438\u0434\u0443\u0430\u043b\u044c\u043d\u044b\u0439 \u0442\u0440\u0430\u043d\u0441\u0444\u0435\u0440 \u0438\u0437 \u0414\u0443\u0431\u0430\u044f<\/strong> (\u0434\u043e 6 \u0447\u0435\u043b\u043e\u0432\u0435\u043a): +200$ \u0437\u0430 \u043c\u0430\u0448\u0438\u043d\u0443<br data-start=\"1380\" data-end=\"1383\" \/><em data-start=\"1383\" data-end=\"1458\">(\u0421\u0442\u043e\u0438\u043c\u043e\u0441\u0442\u044c \u0438\u043d\u0434\u0438\u0432\u0438\u0434\u0443\u0430\u043b\u044c\u043d\u043e\u0433\u043e \u0442\u0440\u0430\u043d\u0441\u0444\u0435\u0440\u0430 \u043d\u0435 \u0432\u043a\u043b\u044e\u0447\u0430\u0435\u0442 \u043f\u043e\u043b\u0451\u0442 \u043d\u0430 \u0432\u043e\u0437\u0434\u0443\u0448\u043d\u043e\u043c \u0448\u0430\u0440\u0435)<\/em><\/li>\n<\/ul>\n<p><strong>Co ze sob\u0105 zabra\u0107?<\/strong><\/p>\n<ul>\n<li>Kamera<\/li>\n<li>Ciep\u0142e ubrania (jesieni\u0105 i zim\u0105)<\/li>\n<\/ul>","protected":false},"excerpt":{"rendered":"<p><strong>Czas wycieczki:<\/strong> 5:00 &#8212; 9:00<\/p>\n<p><strong>Holding Days:<\/strong> codzienny<\/p>","protected":false},"featured_media":62409,"template":"","meta":{"_kad_post_transparent":"default","_kad_post_title":"","_kad_post_layout":"default","_kad_post_sidebar_id":"","_kad_post_content_style":"default","_kad_post_vertical_padding":"default","_kad_post_feature":"","_kad_post_feature_position":"","_kad_post_header":false,"_kad_post_footer":false,"_kad_post_classname":"","_glsr_average":0,"_glsr_ranking":0,"_glsr_reviews":0},"product_brand":[],"product_cat":[438],"product_tag":[],"class_list":{"0":"post-62403","1":"product","2":"type-product","3":"status-publish","4":"has-post-thumbnail","6":"product_cat-dubai","7":"tm-has-options","9":"first","10":"instock","11":"sold-individually","12":"taxable","13":"shipping-taxable","14":"purchasable","15":"product-type-simple","16":"entry","17":"content-bg","18":"loop-entry"},"yoast_head":"<!-- This site is optimized with the Yoast SEO plugin v27.3 - https:\/\/yoast.com\/product\/yoast-seo-wordpress\/ -->\n<title>\u041f\u043e\u043b\u0451\u0442 \u043d\u0430 \u0432\u043e\u0437\u0434\u0443\u0448\u043d\u043e\u043c \u0448\u0430\u0440\u0435 \u043d\u0430\u0434 \u0430\u0440\u0430\u0432\u0438\u0439\u0441\u043a\u043e\u0439 \u043f\u0443\u0441\u0442\u044b\u043d\u0435\u0439 \u0441 \u0437\u0430\u0432\u0442\u0440\u0430\u043a\u043e\u043c &#8226; \u042d\u043a\u0441\u043a\u0443\u0440\u0441\u0438\u0438 Skyline<\/title>\n<meta name=\"robots\" content=\"index, follow, max-snippet:-1, max-image-preview:large, max-video-preview:-1\" \/>\n<link rel=\"canonical\" href=\"http:\/\/skyline-gs.com\/pl\/produkt\/hot-air-balloon-dubai\/\" \/>\n<meta property=\"og:locale\" content=\"pl_PL\" \/>\n<meta property=\"og:type\" content=\"article\" \/>\n<meta property=\"og:title\" content=\"\u041f\u043e\u043b\u0451\u0442 \u043d\u0430 \u0432\u043e\u0437\u0434\u0443\u0448\u043d\u043e\u043c \u0448\u0430\u0440\u0435 \u043d\u0430\u0434 \u0430\u0440\u0430\u0432\u0438\u0439\u0441\u043a\u043e\u0439 \u043f\u0443\u0441\u0442\u044b\u043d\u0435\u0439 \u0441 \u0437\u0430\u0432\u0442\u0440\u0430\u043a\u043e\u043c &#8226; \u042d\u043a\u0441\u043a\u0443\u0440\u0441\u0438\u0438 Skyline\" \/>\n<meta property=\"og:description\" content=\"\u0412\u0440\u0435\u043c\u044f \u0442\u0443\u0440\u0430: 5:00 - 9:00  \u0414\u043d\u0438 \u043f\u0440\u043e\u0432\u0435\u0434\u0435\u043d\u0438\u044f: \u0435\u0436\u0435\u0434\u043d\u0435\u0432\u043d\u043e\" \/>\n<meta property=\"og:url\" content=\"http:\/\/skyline-gs.com\/pl\/produkt\/hot-air-balloon-dubai\/\" \/>\n<meta property=\"og:site_name\" content=\"\u042d\u043a\u0441\u043a\u0443\u0440\u0441\u0438\u0438 Skyline\" \/>\n<meta property=\"article:modified_time\" content=\"2025-03-12T07:17:53+00:00\" \/>\n<meta property=\"og:image\" content=\"https:\/\/skyline-gs.com\/wp-content\/uploads\/2025\/03\/Hot-Air-Balloon-Dubai-8-e1741760079738.jpg\" \/>\n\t<meta property=\"og:image:width\" content=\"600\" \/>\n\t<meta property=\"og:image:height\" content=\"429\" \/>\n\t<meta property=\"og:image:type\" content=\"image\/jpeg\" \/>\n<meta name=\"twitter:card\" content=\"summary_large_image\" \/>\n<meta name=\"twitter:label1\" content=\"Szacowany czas czytania\" \/>\n\t<meta name=\"twitter:data1\" content=\"2 minuty\" \/>\n<script type=\"application\/ld+json\" class=\"yoast-schema-graph\">{\"@context\":\"https:\\\/\\\/schema.org\",\"@graph\":[{\"@type\":\"WebPage\",\"@id\":\"http:\\\/\\\/skyline-gs.com\\\/fr\\\/produit\\\/hot-air-balloon-dubai\\\/\",\"url\":\"http:\\\/\\\/skyline-gs.com\\\/fr\\\/produit\\\/hot-air-balloon-dubai\\\/\",\"name\":\"\u041f\u043e\u043b\u0451\u0442 \u043d\u0430 \u0432\u043e\u0437\u0434\u0443\u0448\u043d\u043e\u043c \u0448\u0430\u0440\u0435 \u043d\u0430\u0434 \u0430\u0440\u0430\u0432\u0438\u0439\u0441\u043a\u043e\u0439 \u043f\u0443\u0441\u0442\u044b\u043d\u0435\u0439 \u0441 \u0437\u0430\u0432\u0442\u0440\u0430\u043a\u043e\u043c &#8226; \u042d\u043a\u0441\u043a\u0443\u0440\u0441\u0438\u0438 Skyline\",\"isPartOf\":{\"@id\":\"https:\\\/\\\/skyline-gs.com\\\/it\\\/#website\"},\"primaryImageOfPage\":{\"@id\":\"http:\\\/\\\/skyline-gs.com\\\/fr\\\/produit\\\/hot-air-balloon-dubai\\\/#primaryimage\"},\"image\":{\"@id\":\"http:\\\/\\\/skyline-gs.com\\\/fr\\\/produit\\\/hot-air-balloon-dubai\\\/#primaryimage\"},\"thumbnailUrl\":\"https:\\\/\\\/skyline-gs.com\\\/wp-content\\\/uploads\\\/2025\\\/03\\\/Hot-Air-Balloon-Dubai-8-e1741760079738.jpg\",\"datePublished\":\"2025-03-12T05:30:58+00:00\",\"dateModified\":\"2025-03-12T07:17:53+00:00\",\"breadcrumb\":{\"@id\":\"http:\\\/\\\/skyline-gs.com\\\/fr\\\/produit\\\/hot-air-balloon-dubai\\\/#breadcrumb\"},\"inLanguage\":\"pl-PL\",\"potentialAction\":[{\"@type\":\"ReadAction\",\"target\":[\"http:\\\/\\\/skyline-gs.com\\\/fr\\\/produit\\\/hot-air-balloon-dubai\\\/\"]}]},{\"@type\":\"ImageObject\",\"inLanguage\":\"pl-PL\",\"@id\":\"http:\\\/\\\/skyline-gs.com\\\/fr\\\/produit\\\/hot-air-balloon-dubai\\\/#primaryimage\",\"url\":\"https:\\\/\\\/skyline-gs.com\\\/wp-content\\\/uploads\\\/2025\\\/03\\\/Hot-Air-Balloon-Dubai-8-e1741760079738.jpg\",\"contentUrl\":\"https:\\\/\\\/skyline-gs.com\\\/wp-content\\\/uploads\\\/2025\\\/03\\\/Hot-Air-Balloon-Dubai-8-e1741760079738.jpg\",\"width\":600,\"height\":429},{\"@type\":\"BreadcrumbList\",\"@id\":\"http:\\\/\\\/skyline-gs.com\\\/fr\\\/produit\\\/hot-air-balloon-dubai\\\/#breadcrumb\",\"itemListElement\":[{\"@type\":\"ListItem\",\"position\":1,\"name\":\"\u0413\u043b\u0430\u0432\u043d\u0430\u044f \u0441\u0442\u0440\u0430\u043d\u0438\u0446\u0430\",\"item\":\"https:\\\/\\\/skyline-gs.com\\\/hu\\\/\"},{\"@type\":\"ListItem\",\"position\":2,\"name\":\"\u041c\u0430\u0433\u0430\u0437\u0438\u043d\",\"item\":\"https:\\\/\\\/skyline-gs.com\\\/cs\\\/shop\\\/\"},{\"@type\":\"ListItem\",\"position\":3,\"name\":\"\u041f\u043e\u043b\u0451\u0442 \u043d\u0430 \u0432\u043e\u0437\u0434\u0443\u0448\u043d\u043e\u043c \u0448\u0430\u0440\u0435 \u043d\u0430\u0434 \u0430\u0440\u0430\u0432\u0438\u0439\u0441\u043a\u043e\u0439 \u043f\u0443\u0441\u0442\u044b\u043d\u0435\u0439 \u0441 \u0437\u0430\u0432\u0442\u0440\u0430\u043a\u043e\u043c\"}]},{\"@type\":\"WebSite\",\"@id\":\"https:\\\/\\\/skyline-gs.com\\\/it\\\/#website\",\"url\":\"https:\\\/\\\/skyline-gs.com\\\/it\\\/\",\"name\":\"\u042d\u043a\u0441\u043a\u0443\u0440\u0441\u0438\u0438 Skyline\",\"description\":\"\u042d\u043a\u0441\u043a\u043b\u044e\u0437\u0438\u0432\u043d\u044b\u0435 \u044d\u043a\u0441\u043a\u0443\u0440\u0441\u0438\u0438 \u043d\u0430 \u043b\u0443\u0447\u0448\u0438\u0445 \u043a\u0443\u0440\u043e\u0440\u0442\u0430\u0445 \u043c\u0438\u0440\u0430\",\"publisher\":{\"@id\":\"https:\\\/\\\/skyline-gs.com\\\/it\\\/#organization\"},\"alternateName\":\"Skyline\",\"potentialAction\":[{\"@type\":\"SearchAction\",\"target\":{\"@type\":\"EntryPoint\",\"urlTemplate\":\"https:\\\/\\\/skyline-gs.com\\\/it\\\/?s={search_term_string}\"},\"query-input\":{\"@type\":\"PropertyValueSpecification\",\"valueRequired\":true,\"valueName\":\"search_term_string\"}}],\"inLanguage\":\"pl-PL\"},{\"@type\":\"Organization\",\"@id\":\"https:\\\/\\\/skyline-gs.com\\\/it\\\/#organization\",\"name\":\"\u042d\u043a\u0441\u043a\u0443\u0440\u0441\u0438\u0438 Skyline\",\"alternateName\":\"\u042d\u043a\u0441\u043a\u0443\u0440\u0441\u0438\u0438 Skyline\",\"url\":\"https:\\\/\\\/skyline-gs.com\\\/it\\\/\",\"logo\":{\"@type\":\"ImageObject\",\"inLanguage\":\"pl-PL\",\"@id\":\"https:\\\/\\\/skyline-gs.com\\\/it\\\/#\\\/schema\\\/logo\\\/image\\\/\",\"url\":\"https:\\\/\\\/skyline-gs.com\\\/wp-content\\\/uploads\\\/2020\\\/12\\\/cropped-logo-2.png\",\"contentUrl\":\"https:\\\/\\\/skyline-gs.com\\\/wp-content\\\/uploads\\\/2020\\\/12\\\/cropped-logo-2.png\",\"width\":512,\"height\":512,\"caption\":\"\u042d\u043a\u0441\u043a\u0443\u0440\u0441\u0438\u0438 Skyline\"},\"image\":{\"@id\":\"https:\\\/\\\/skyline-gs.com\\\/it\\\/#\\\/schema\\\/logo\\\/image\\\/\"},\"sameAs\":[\"https:\\\/\\\/www.instagram.com\\\/skylineglobalservice\\\/\"]}]}<\/script>\n<!-- \/ Yoast SEO plugin. -->","yoast_head_json":{"title":"\u041f\u043e\u043b\u0451\u0442 \u043d\u0430 \u0432\u043e\u0437\u0434\u0443\u0448\u043d\u043e\u043c \u0448\u0430\u0440\u0435 \u043d\u0430\u0434 \u0430\u0440\u0430\u0432\u0438\u0439\u0441\u043a\u043e\u0439 \u043f\u0443\u0441\u0442\u044b\u043d\u0435\u0439 \u0441 \u0437\u0430\u0432\u0442\u0440\u0430\u043a\u043e\u043c &#8226; \u042d\u043a\u0441\u043a\u0443\u0440\u0441\u0438\u0438 Skyline","robots":{"index":"index","follow":"follow","max-snippet":"max-snippet:-1","max-image-preview":"max-image-preview:large","max-video-preview":"max-video-preview:-1"},"canonical":"http:\/\/skyline-gs.com\/pl\/produkt\/hot-air-balloon-dubai\/","og_locale":"pl_PL","og_type":"article","og_title":"\u041f\u043e\u043b\u0451\u0442 \u043d\u0430 \u0432\u043e\u0437\u0434\u0443\u0448\u043d\u043e\u043c \u0448\u0430\u0440\u0435 \u043d\u0430\u0434 \u0430\u0440\u0430\u0432\u0438\u0439\u0441\u043a\u043e\u0439 \u043f\u0443\u0441\u0442\u044b\u043d\u0435\u0439 \u0441 \u0437\u0430\u0432\u0442\u0440\u0430\u043a\u043e\u043c &#8226; \u042d\u043a\u0441\u043a\u0443\u0440\u0441\u0438\u0438 Skyline","og_description":"\u0412\u0440\u0435\u043c\u044f \u0442\u0443\u0440\u0430: 5:00 - 9:00  \u0414\u043d\u0438 \u043f\u0440\u043e\u0432\u0435\u0434\u0435\u043d\u0438\u044f: \u0435\u0436\u0435\u0434\u043d\u0435\u0432\u043d\u043e","og_url":"http:\/\/skyline-gs.com\/pl\/produkt\/hot-air-balloon-dubai\/","og_site_name":"\u042d\u043a\u0441\u043a\u0443\u0440\u0441\u0438\u0438 Skyline","article_modified_time":"2025-03-12T07:17:53+00:00","og_image":[{"width":600,"height":429,"url":"https:\/\/skyline-gs.com\/wp-content\/uploads\/2025\/03\/Hot-Air-Balloon-Dubai-8-e1741760079738.jpg","type":"image\/jpeg"}],"twitter_card":"summary_large_image","twitter_misc":{"Szacowany czas czytania":"2 minuty"},"schema":{"@context":"https:\/\/schema.org","@graph":[{"@type":"WebPage","@id":"http:\/\/skyline-gs.com\/fr\/produit\/hot-air-balloon-dubai\/","url":"http:\/\/skyline-gs.com\/fr\/produit\/hot-air-balloon-dubai\/","name":"\u041f\u043e\u043b\u0451\u0442 \u043d\u0430 \u0432\u043e\u0437\u0434\u0443\u0448\u043d\u043e\u043c \u0448\u0430\u0440\u0435 \u043d\u0430\u0434 \u0430\u0440\u0430\u0432\u0438\u0439\u0441\u043a\u043e\u0439 \u043f\u0443\u0441\u0442\u044b\u043d\u0435\u0439 \u0441 \u0437\u0430\u0432\u0442\u0440\u0430\u043a\u043e\u043c &#8226; \u042d\u043a\u0441\u043a\u0443\u0440\u0441\u0438\u0438 Skyline","isPartOf":{"@id":"https:\/\/skyline-gs.com\/it\/#website"},"primaryImageOfPage":{"@id":"http:\/\/skyline-gs.com\/fr\/produit\/hot-air-balloon-dubai\/#primaryimage"},"image":{"@id":"http:\/\/skyline-gs.com\/fr\/produit\/hot-air-balloon-dubai\/#primaryimage"},"thumbnailUrl":"https:\/\/skyline-gs.com\/wp-content\/uploads\/2025\/03\/Hot-Air-Balloon-Dubai-8-e1741760079738.jpg","datePublished":"2025-03-12T05:30:58+00:00","dateModified":"2025-03-12T07:17:53+00:00","breadcrumb":{"@id":"http:\/\/skyline-gs.com\/fr\/produit\/hot-air-balloon-dubai\/#breadcrumb"},"inLanguage":"pl-PL","potentialAction":[{"@type":"ReadAction","target":["http:\/\/skyline-gs.com\/fr\/produit\/hot-air-balloon-dubai\/"]}]},{"@type":"ImageObject","inLanguage":"pl-PL","@id":"http:\/\/skyline-gs.com\/fr\/produit\/hot-air-balloon-dubai\/#primaryimage","url":"https:\/\/skyline-gs.com\/wp-content\/uploads\/2025\/03\/Hot-Air-Balloon-Dubai-8-e1741760079738.jpg","contentUrl":"https:\/\/skyline-gs.com\/wp-content\/uploads\/2025\/03\/Hot-Air-Balloon-Dubai-8-e1741760079738.jpg","width":600,"height":429},{"@type":"BreadcrumbList","@id":"http:\/\/skyline-gs.com\/fr\/produit\/hot-air-balloon-dubai\/#breadcrumb","itemListElement":[{"@type":"ListItem","position":1,"name":"\u0413\u043b\u0430\u0432\u043d\u0430\u044f \u0441\u0442\u0440\u0430\u043d\u0438\u0446\u0430","item":"https:\/\/skyline-gs.com\/hu\/"},{"@type":"ListItem","position":2,"name":"\u041c\u0430\u0433\u0430\u0437\u0438\u043d","item":"https:\/\/skyline-gs.com\/cs\/shop\/"},{"@type":"ListItem","position":3,"name":"\u041f\u043e\u043b\u0451\u0442 \u043d\u0430 \u0432\u043e\u0437\u0434\u0443\u0448\u043d\u043e\u043c \u0448\u0430\u0440\u0435 \u043d\u0430\u0434 \u0430\u0440\u0430\u0432\u0438\u0439\u0441\u043a\u043e\u0439 \u043f\u0443\u0441\u0442\u044b\u043d\u0435\u0439 \u0441 \u0437\u0430\u0432\u0442\u0440\u0430\u043a\u043e\u043c"}]},{"@type":"WebSite","@id":"https:\/\/skyline-gs.com\/it\/#website","url":"https:\/\/skyline-gs.com\/it\/","name":"Wycieczki Skyline","description":"Ekskluzywne wycieczki do najlepszych kurort\u00f3w na \u015bwiecie","publisher":{"@id":"https:\/\/skyline-gs.com\/it\/#organization"},"alternateName":"Skyline","potentialAction":[{"@type":"SearchAction","target":{"@type":"EntryPoint","urlTemplate":"https:\/\/skyline-gs.com\/it\/?s={search_term_string}"},"query-input":{"@type":"PropertyValueSpecification","valueRequired":true,"valueName":"search_term_string"}}],"inLanguage":"pl-PL"},{"@type":"Organization","@id":"https:\/\/skyline-gs.com\/it\/#organization","name":"Wycieczki Skyline","alternateName":"\u042d\u043a\u0441\u043a\u0443\u0440\u0441\u0438\u0438 Skyline","url":"https:\/\/skyline-gs.com\/it\/","logo":{"@type":"ImageObject","inLanguage":"pl-PL","@id":"https:\/\/skyline-gs.com\/it\/#\/schema\/logo\/image\/","url":"https:\/\/skyline-gs.com\/wp-content\/uploads\/2020\/12\/cropped-logo-2.png","contentUrl":"https:\/\/skyline-gs.com\/wp-content\/uploads\/2020\/12\/cropped-logo-2.png","width":512,"height":512,"caption":"\u042d\u043a\u0441\u043a\u0443\u0440\u0441\u0438\u0438 Skyline"},"image":{"@id":"https:\/\/skyline-gs.com\/it\/#\/schema\/logo\/image\/"},"sameAs":["https:\/\/www.instagram.com\/skylineglobalservice\/"]}]}},"_links":{"self":[{"href":"https:\/\/skyline-gs.com\/pl\/wp-json\/wp\/v2\/product\/62403","targetHints":{"allow":["GET"]}}],"collection":[{"href":"https:\/\/skyline-gs.com\/pl\/wp-json\/wp\/v2\/product"}],"about":[{"href":"https:\/\/skyline-gs.com\/pl\/wp-json\/wp\/v2\/types\/product"}],"version-history":[{"count":0,"href":"https:\/\/skyline-gs.com\/pl\/wp-json\/wp\/v2\/product\/62403\/revisions"}],"wp:featuredmedia":[{"embeddable":true,"href":"https:\/\/skyline-gs.com\/pl\/wp-json\/wp\/v2\/media\/62409"}],"wp:attachment":[{"href":"https:\/\/skyline-gs.com\/pl\/wp-json\/wp\/v2\/media?parent=62403"}],"wp:term":[{"taxonomy":"product_brand","embeddable":true,"href":"https:\/\/skyline-gs.com\/pl\/wp-json\/wp\/v2\/product_brand?post=62403"},{"taxonomy":"product_cat","embeddable":true,"href":"https:\/\/skyline-gs.com\/pl\/wp-json\/wp\/v2\/product_cat?post=62403"},{"taxonomy":"product_tag","embeddable":true,"href":"https:\/\/skyline-gs.com\/pl\/wp-json\/wp\/v2\/product_tag?post=62403"}],"curies":[{"name":"wp","href":"https:\/\/api.w.org\/{rel}","templated":true}]}}