{"id":61392,"date":"2025-02-05T02:01:55","date_gmt":"2025-02-05T00:01:55","guid":{"rendered":"http:\/\/skyline-gs.com\/?post_type=product&#038;p=61392"},"modified":"2025-02-20T23:10:00","modified_gmt":"2025-02-20T21:10:00","slug":"dragon-way-nha-trang-2","status":"publish","type":"product","link":"https:\/\/skyline-gs.com\/pl\/product\/dragon-way-nha-trang\/","title":{"rendered":"Dragon's Path 4 dni (samolotem)"},"content":{"rendered":"<p>Wycieczka \u00abDragon's Path\u00bb zapozna Ci\u0119 z najbardziej kolorowymi zabytkami Wietnamu. Ta droga prowadzi do miejsc, w kt\u00f3rych wietnamska ziemia otwiera przed w\u0119drowcem swoje najskrytsze tajemnice: staro\u017cytne Hanoi, gdzie ulice zachowuj\u0105 echa stuleci; tajemnicza zatoka Halong, gdzie ciche ska\u0142y p\u0119dz\u0105 do nieba, odbijaj\u0105c si\u0119 w szmaragdowej powierzchni wody; staro\u017cytne Hoi An, miasto lampion\u00f3w i jedwabnych dr\u00f3g. \u00abDroga Smoka\u00bb to podr\u00f3\u017c nie tylko po l\u0105dzie, ale tak\u017ce w g\u0142\u0105b duszy, gdzie w ciszy staro\u017cytnych pag\u00f3d, pod szumem fal i w blasku wieczornych \u015bwiate\u0142 u\u015bwiadamiamy sobie: \u015bwiat jest wielki, a droga przez niego - niesko\u0144czenie pi\u0119kna.<\/p>\n<p><strong>Dzie\u0144 1: Hanoi - atmosfera stolicy Wietnamu<\/strong><\/p>\n<ul>\n<li><strong>Wyjazd z hotelu w Nha Trang na lotnisko<\/strong>, odprawa i przelot do Hanoi - stolicy Wietnamu.<\/li>\n<li><strong>Przylot do Hanoi<\/strong>, transfer i zameldowanie w hotelu na zabytkowej star\u00f3wce.<\/li>\n<li><strong>Spacer do Jeziora Powracaj\u0105cego Miecza<\/strong> - legendarne miejsce, symbol Hanoi.<\/li>\n<li><strong>Ulica Kolejowa<\/strong> - Siedz\u0105c w kawiarni tu\u017c przy torach kolejowych, gdzie mo\u017cna zobaczy\u0107 przeje\u017cd\u017caj\u0105cy poci\u0105g na wyci\u0105gni\u0119cie r\u0119ki.<\/li>\n<li><strong>Wycieczka krajoznawcza do Hanoi<\/strong>:\n<ul>\n<li>Mauzoleum Ho Chi Minha jest g\u0142\u00f3wnym placem kraju i miejscem pami\u0119ci \u00abWujka Ho\u00bb.<\/li>\n<li>Plac Badinh jest historycznym centrum wietnamskiego \u017cycia politycznego.<\/li>\n<\/ul>\n<\/li>\n<li><strong>Kolacja w s\u0142ynnej restauracji Boon Cha Hanoi.<\/strong> w kawiarni, w kt\u00f3rej kiedy\u015b jad\u0142 kolacj\u0119 Barack Obama.<\/li>\n<li><strong>Wieczorne bary uliczne<\/strong> - zanurzenie si\u0119 w nocnym \u017cyciu Hanoi.<\/li>\n<li>Czas wolny, samodzielny powr\u00f3t do hotelu.<\/li>\n<\/ul>\n<p><strong>Dzie\u0144 2: Zatoka Halong - Zatoka Tysi\u0105ca Wysp<\/strong><\/p>\n<ul>\n<li><strong>\u015aniadanie w hotelu.<\/strong><\/li>\n<li><strong>Transfer do zatoki Halong<\/strong>, kt\u00f3ry znajduje si\u0119 na li\u015bcie dziedzictwa UNESCO.<\/li>\n<li><strong>Odprawa w komfortowej kabinie<\/strong> 3* statku wycieczkowego.<\/li>\n<li><strong>Lunch na pok\u0142adzie.<\/strong><\/li>\n<li><strong>Rejs po zatoce Halong<\/strong> - S\u0142ynna sceneria tysi\u0119cy wysp i szmaragdowej wody.\n<ul>\n<li>Przystanek w <strong>Wyspa Titov<\/strong> - Panoramiczne widoki, wakacje na pla\u017cy i p\u0142ywanie.<\/li>\n<li>Kulinarny kurs mistrzowski - wprowadzenie do tradycyjnej kuchni wietnamskiej.<\/li>\n<\/ul>\n<\/li>\n<li><strong>Kolacja na statku.<\/strong><\/li>\n<li>Program wieczorny:\n<ul>\n<li><strong>\u0141owienie ka\u0142amarnic<\/strong>, ogl\u0105danie film\u00f3w, granie w gry planszowe.<\/li>\n<\/ul>\n<\/li>\n<\/ul>\n<p><strong>Dzie\u0144 3: Jaskinie Halong i Hoi An<\/strong><\/p>\n<ul>\n<li><strong>\u015awit w zatoce<\/strong> - Osza\u0142amiaj\u0105cy widok, kt\u00f3ry mo\u017cna podziwia\u0107 z pok\u0142adu.<\/li>\n<li><strong>Trening Tai Chi<\/strong> - staro\u017cytna sztuka porannych \u0107wicze\u0144 w otoczeniu natury.<\/li>\n<li><strong>Lekkie \u015bniadanie.<\/strong><\/li>\n<li><strong>Wycieczka do jaski\u0144 w zatoce Halong<\/strong> - stalaktyty, stalagmity i tajemnicze groty.<\/li>\n<li><strong>Eksmisja z kabiny.<\/strong><\/li>\n<li><strong>Wczesny wietnamski lunch.<\/strong><\/li>\n<li><strong>Transfer lotniskowy<\/strong>, lot do Da Nang.<\/li>\n<li><strong>Przylot do Hoi An<\/strong>, Zameldowanie w hotelu.<\/li>\n<li><strong>Lunch to tradycyjne danie Cao Lao.<\/strong> - Wizyt\u00f3wka Hoi An.<\/li>\n<li><strong>Wieczorny spacer po Hoi An<\/strong>:\n<ul>\n<li>Most Japo\u0144ski jest architektonicznym symbolem miasta.<\/li>\n<li>Klimatyczne stare miasto z kolonialnymi uliczkami.<\/li>\n<\/ul>\n<\/li>\n<li><strong>Puszczanie lampion\u00f3w na wodzie i przeja\u017cd\u017cki \u0142odzi\u0105<\/strong> na rzece Hoai.<\/li>\n<\/ul>\n<p><strong>Dzie\u0144 4: Da Nang i Z\u0142oty Most<\/strong><\/p>\n<ul>\n<li><strong>\u015aniadanie w hotelu.<\/strong><\/li>\n<li><strong>G\u00f3ry Marmurowe<\/strong> - pi\u0119\u0107 skalnych \u015bcian symbolizuj\u0105cych \u017cywio\u0142y.\n<ul>\n<li>Spacer wzd\u0142u\u017c \u015bcie\u017cek przyrodniczych.<\/li>\n<li><strong>Zwiedzanie staro\u017cytnych jaski\u0144<\/strong> z buddyjskimi \u015bwi\u0105tyniami w \u015brodku.<\/li>\n<li><strong>Pagoda Linh Ung<\/strong> z 67-metrowym pos\u0105giem Buddy.<\/li>\n<\/ul>\n<\/li>\n<li><strong>Kolejka linowa Banna Hills<\/strong> - jeden z najd\u0142u\u017cszych i najwy\u017cszych na \u015bwiecie.<\/li>\n<li><strong>Z\u0142oty Most<\/strong> - s\u0142ynny \u00abMost R\u0119ki Boga\u00bb wznosz\u0105cy si\u0119 ponad chmurami.<\/li>\n<li><strong>Czas wolny<\/strong> w parku rozrywki Banna Hills.<\/li>\n<li><strong>Lunch serwowany jest w formie bufetu.<\/strong><\/li>\n<li><strong>Transfer na dworzec autobusowy w Da Nang.<\/strong><\/li>\n<li><strong>Lekka kolacja<\/strong> - s\u0142ynna wietnamska bagietka Banh Mi.<\/li>\n<li><strong>Wyjazd do Nha Trang autobusem VIP Sleep Bus<\/strong> - wygodny ruch w ci\u0105gu nocy.<\/li>\n<\/ul>\n<p><strong>W zestawie:<\/strong><\/p>\n<ul>\n<li>Zakwaterowanie w 3* hotelach w Hanoi i Hoi An<\/li>\n<li>Rejs po zatoce Halong na 3* statku<\/li>\n<li>Transfery na ca\u0142ej trasie<\/li>\n<li>Rosyjskoj\u0119zyczny przewodnik<\/li>\n<li>Posi\u0142ki zgodnie z programem<\/li>\n<li>Loty: Nha Trang - Hanoi, Halong - Da Nang<\/li>\n<li>Bilet na autobus sypialny VIP Da Nang - Nha Trang<\/li>\n<\/ul>\n<p><strong>Brak w zestawie:<\/strong><\/p>\n<ul>\n<li>Drinki podczas rejsu w Halong<\/li>\n<li>Wydatki osobiste<\/li>\n<li>Transfer z hoteli poza miastem:\u00a0<strong>Amiana<\/strong>\u00a0- dop\u0142ata\u00a0<strong>+10$ na pojazd do 6 os\u00f3b<\/strong>\u00a0podr\u00f3\u017c w obie strony i\u00a0<strong>+15$ za pojazd do 10 os\u00f3b<\/strong>\u00a0w obie strony<\/li>\n<\/ul>\n<p><strong>Zabierz go ze sob\u0105:<\/strong><\/p>\n<ul>\n<li>Paszport<\/li>\n<li>Wygodne ubrania i buty<\/li>\n<li>Nakrycie g\u0142owy<\/li>\n<li>Kostium k\u0105pielowy, okulary przeciws\u0142oneczne i krem<\/li>\n<li>kamera<\/li>\n<li>Got\u00f3wka na dodatkowe wydatki<\/li>\n<\/ul>","protected":false},"excerpt":{"rendered":"<p><strong>Czas wycieczki:<\/strong> 4 dni<\/p>\n<p><strong>Holding Days:<\/strong> Ka\u017cdego dnia.<\/p>","protected":false},"featured_media":61008,"template":"","meta":{"_kad_post_transparent":"default","_kad_post_title":"","_kad_post_layout":"default","_kad_post_sidebar_id":"","_kad_post_content_style":"default","_kad_post_vertical_padding":"default","_kad_post_feature":"","_kad_post_feature_position":"","_kad_post_header":false,"_kad_post_footer":false,"_kad_post_classname":"","_glsr_average":0,"_glsr_ranking":0,"_glsr_reviews":0},"product_brand":[],"product_cat":[437],"product_tag":[],"class_list":{"0":"post-61392","1":"product","2":"type-product","3":"status-publish","4":"has-post-thumbnail","6":"product_cat-nha-trang","7":"tm-has-options","9":"first","10":"instock","11":"sold-individually","12":"taxable","13":"shipping-taxable","14":"purchasable","15":"product-type-simple","16":"entry","17":"content-bg","18":"loop-entry"},"yoast_head":"<!-- This site is optimized with the Yoast SEO plugin v27.4 - https:\/\/yoast.com\/product\/yoast-seo-wordpress\/ -->\n<title>\u041f\u0443\u0442\u044c \u0434\u0440\u0430\u043a\u043e\u043d\u0430 4 \u0434\u043d\u044f (\u043d\u0430 \u0441\u0430\u043c\u043e\u043b\u0451\u0442\u0435) &#8226; \u042d\u043a\u0441\u043a\u0443\u0440\u0441\u0438\u0438 Skyline<\/title>\n<meta name=\"robots\" content=\"index, follow, max-snippet:-1, max-image-preview:large, max-video-preview:-1\" \/>\n<link rel=\"canonical\" href=\"http:\/\/skyline-gs.com\/pl\/produkt\/dragon-way-nha-trang-2\/\" \/>\n<meta property=\"og:locale\" content=\"pl_PL\" \/>\n<meta property=\"og:type\" content=\"article\" \/>\n<meta property=\"og:title\" content=\"\u041f\u0443\u0442\u044c \u0434\u0440\u0430\u043a\u043e\u043d\u0430 4 \u0434\u043d\u044f (\u043d\u0430 \u0441\u0430\u043c\u043e\u043b\u0451\u0442\u0435) &#8226; \u042d\u043a\u0441\u043a\u0443\u0440\u0441\u0438\u0438 Skyline\" \/>\n<meta property=\"og:description\" content=\"\u0412\u0440\u0435\u043c\u044f \u0442\u0443\u0440\u0430: 4 \u0434\u043d\u044f  \u0414\u043d\u0438 \u043f\u0440\u043e\u0432\u0435\u0434\u0435\u043d\u0438\u044f: \u041a\u0430\u0436\u0434\u044b\u0439 \u0434\u0435\u043d\u044c\" \/>\n<meta property=\"og:url\" content=\"http:\/\/skyline-gs.com\/pl\/produkt\/dragon-way-nha-trang-2\/\" \/>\n<meta property=\"og:site_name\" content=\"\u042d\u043a\u0441\u043a\u0443\u0440\u0441\u0438\u0438 Skyline\" \/>\n<meta property=\"article:modified_time\" content=\"2025-02-20T21:10:00+00:00\" \/>\n<meta property=\"og:image\" content=\"https:\/\/skyline-gs.com\/wp-content\/uploads\/2025\/01\/cd.jpg\" \/>\n\t<meta property=\"og:image:width\" content=\"669\" \/>\n\t<meta property=\"og:image:height\" content=\"446\" \/>\n\t<meta property=\"og:image:type\" content=\"image\/jpeg\" \/>\n<meta name=\"twitter:card\" content=\"summary_large_image\" \/>\n<meta name=\"twitter:label1\" content=\"Szacowany czas czytania\" \/>\n\t<meta name=\"twitter:data1\" content=\"4 minuty\" \/>\n<script type=\"application\/ld+json\" class=\"yoast-schema-graph\">{\"@context\":\"https:\\\/\\\/schema.org\",\"@graph\":[{\"@type\":\"WebPage\",\"@id\":\"http:\\\/\\\/skyline-gs.com\\\/hu\\\/termek\\\/dragon-way-nha-trang\\\/\",\"url\":\"http:\\\/\\\/skyline-gs.com\\\/hu\\\/termek\\\/dragon-way-nha-trang\\\/\",\"name\":\"\u041f\u0443\u0442\u044c \u0434\u0440\u0430\u043a\u043e\u043d\u0430 4 \u0434\u043d\u044f (\u043d\u0430 \u0441\u0430\u043c\u043e\u043b\u0451\u0442\u0435) &#8226; \u042d\u043a\u0441\u043a\u0443\u0440\u0441\u0438\u0438 Skyline\",\"isPartOf\":{\"@id\":\"https:\\\/\\\/skyline-gs.com\\\/it\\\/#website\"},\"primaryImageOfPage\":{\"@id\":\"http:\\\/\\\/skyline-gs.com\\\/hu\\\/termek\\\/dragon-way-nha-trang\\\/#primaryimage\"},\"image\":{\"@id\":\"http:\\\/\\\/skyline-gs.com\\\/hu\\\/termek\\\/dragon-way-nha-trang\\\/#primaryimage\"},\"thumbnailUrl\":\"https:\\\/\\\/skyline-gs.com\\\/wp-content\\\/uploads\\\/2025\\\/01\\\/cd.jpg\",\"datePublished\":\"2025-02-05T00:01:55+00:00\",\"dateModified\":\"2025-02-20T21:10:00+00:00\",\"breadcrumb\":{\"@id\":\"http:\\\/\\\/skyline-gs.com\\\/hu\\\/termek\\\/dragon-way-nha-trang\\\/#breadcrumb\"},\"inLanguage\":\"pl-PL\",\"potentialAction\":[{\"@type\":\"ReadAction\",\"target\":[\"http:\\\/\\\/skyline-gs.com\\\/hu\\\/termek\\\/dragon-way-nha-trang\\\/\"]}]},{\"@type\":\"ImageObject\",\"inLanguage\":\"pl-PL\",\"@id\":\"http:\\\/\\\/skyline-gs.com\\\/hu\\\/termek\\\/dragon-way-nha-trang\\\/#primaryimage\",\"url\":\"https:\\\/\\\/skyline-gs.com\\\/wp-content\\\/uploads\\\/2025\\\/01\\\/cd.jpg\",\"contentUrl\":\"https:\\\/\\\/skyline-gs.com\\\/wp-content\\\/uploads\\\/2025\\\/01\\\/cd.jpg\",\"width\":669,\"height\":446},{\"@type\":\"BreadcrumbList\",\"@id\":\"http:\\\/\\\/skyline-gs.com\\\/hu\\\/termek\\\/dragon-way-nha-trang\\\/#breadcrumb\",\"itemListElement\":[{\"@type\":\"ListItem\",\"position\":1,\"name\":\"\u0413\u043b\u0430\u0432\u043d\u0430\u044f \u0441\u0442\u0440\u0430\u043d\u0438\u0446\u0430\",\"item\":\"https:\\\/\\\/skyline-gs.com\\\/hu\\\/\"},{\"@type\":\"ListItem\",\"position\":2,\"name\":\"\u041c\u0430\u0433\u0430\u0437\u0438\u043d\",\"item\":\"https:\\\/\\\/skyline-gs.com\\\/cs\\\/shop\\\/\"},{\"@type\":\"ListItem\",\"position\":3,\"name\":\"\u041f\u0443\u0442\u044c \u0434\u0440\u0430\u043a\u043e\u043d\u0430 4 \u0434\u043d\u044f (\u043d\u0430 \u0441\u0430\u043c\u043e\u043b\u0451\u0442\u0435)\"}]},{\"@type\":\"WebSite\",\"@id\":\"https:\\\/\\\/skyline-gs.com\\\/it\\\/#website\",\"url\":\"https:\\\/\\\/skyline-gs.com\\\/it\\\/\",\"name\":\"\u042d\u043a\u0441\u043a\u0443\u0440\u0441\u0438\u0438 Skyline\",\"description\":\"\u042d\u043a\u0441\u043a\u043b\u044e\u0437\u0438\u0432\u043d\u044b\u0435 \u044d\u043a\u0441\u043a\u0443\u0440\u0441\u0438\u0438 \u043d\u0430 \u043b\u0443\u0447\u0448\u0438\u0445 \u043a\u0443\u0440\u043e\u0440\u0442\u0430\u0445 \u043c\u0438\u0440\u0430\",\"publisher\":{\"@id\":\"https:\\\/\\\/skyline-gs.com\\\/it\\\/#organization\"},\"alternateName\":\"Skyline\",\"potentialAction\":[{\"@type\":\"SearchAction\",\"target\":{\"@type\":\"EntryPoint\",\"urlTemplate\":\"https:\\\/\\\/skyline-gs.com\\\/it\\\/?s={search_term_string}\"},\"query-input\":{\"@type\":\"PropertyValueSpecification\",\"valueRequired\":true,\"valueName\":\"search_term_string\"}}],\"inLanguage\":\"pl-PL\"},{\"@type\":\"Organization\",\"@id\":\"https:\\\/\\\/skyline-gs.com\\\/it\\\/#organization\",\"name\":\"\u042d\u043a\u0441\u043a\u0443\u0440\u0441\u0438\u0438 Skyline\",\"alternateName\":\"\u042d\u043a\u0441\u043a\u0443\u0440\u0441\u0438\u0438 Skyline\",\"url\":\"https:\\\/\\\/skyline-gs.com\\\/it\\\/\",\"logo\":{\"@type\":\"ImageObject\",\"inLanguage\":\"pl-PL\",\"@id\":\"https:\\\/\\\/skyline-gs.com\\\/it\\\/#\\\/schema\\\/logo\\\/image\\\/\",\"url\":\"https:\\\/\\\/skyline-gs.com\\\/wp-content\\\/uploads\\\/2020\\\/12\\\/cropped-logo-2.png\",\"contentUrl\":\"https:\\\/\\\/skyline-gs.com\\\/wp-content\\\/uploads\\\/2020\\\/12\\\/cropped-logo-2.png\",\"width\":512,\"height\":512,\"caption\":\"\u042d\u043a\u0441\u043a\u0443\u0440\u0441\u0438\u0438 Skyline\"},\"image\":{\"@id\":\"https:\\\/\\\/skyline-gs.com\\\/it\\\/#\\\/schema\\\/logo\\\/image\\\/\"},\"sameAs\":[\"https:\\\/\\\/www.instagram.com\\\/skylineglobalservice\\\/\"]}]}<\/script>\n<!-- \/ Yoast SEO plugin. -->","yoast_head_json":{"title":"\u015acie\u017cka Smoka 4 dni (samolotem) - Wycieczki Skyline","robots":{"index":"index","follow":"follow","max-snippet":"max-snippet:-1","max-image-preview":"max-image-preview:large","max-video-preview":"max-video-preview:-1"},"canonical":"http:\/\/skyline-gs.com\/pl\/produkt\/dragon-way-nha-trang-2\/","og_locale":"pl_PL","og_type":"article","og_title":"\u041f\u0443\u0442\u044c \u0434\u0440\u0430\u043a\u043e\u043d\u0430 4 \u0434\u043d\u044f (\u043d\u0430 \u0441\u0430\u043c\u043e\u043b\u0451\u0442\u0435) &#8226; \u042d\u043a\u0441\u043a\u0443\u0440\u0441\u0438\u0438 Skyline","og_description":"\u0412\u0440\u0435\u043c\u044f \u0442\u0443\u0440\u0430: 4 \u0434\u043d\u044f  \u0414\u043d\u0438 \u043f\u0440\u043e\u0432\u0435\u0434\u0435\u043d\u0438\u044f: \u041a\u0430\u0436\u0434\u044b\u0439 \u0434\u0435\u043d\u044c","og_url":"http:\/\/skyline-gs.com\/pl\/produkt\/dragon-way-nha-trang-2\/","og_site_name":"\u042d\u043a\u0441\u043a\u0443\u0440\u0441\u0438\u0438 Skyline","article_modified_time":"2025-02-20T21:10:00+00:00","og_image":[{"width":669,"height":446,"url":"https:\/\/skyline-gs.com\/wp-content\/uploads\/2025\/01\/cd.jpg","type":"image\/jpeg"}],"twitter_card":"summary_large_image","twitter_misc":{"Szacowany czas czytania":"4 minuty"},"schema":{"@context":"https:\/\/schema.org","@graph":[{"@type":"WebPage","@id":"http:\/\/skyline-gs.com\/hu\/termek\/dragon-way-nha-trang\/","url":"http:\/\/skyline-gs.com\/hu\/termek\/dragon-way-nha-trang\/","name":"\u015acie\u017cka Smoka 4 dni (samolotem) - Wycieczki Skyline","isPartOf":{"@id":"https:\/\/skyline-gs.com\/it\/#website"},"primaryImageOfPage":{"@id":"http:\/\/skyline-gs.com\/hu\/termek\/dragon-way-nha-trang\/#primaryimage"},"image":{"@id":"http:\/\/skyline-gs.com\/hu\/termek\/dragon-way-nha-trang\/#primaryimage"},"thumbnailUrl":"https:\/\/skyline-gs.com\/wp-content\/uploads\/2025\/01\/cd.jpg","datePublished":"2025-02-05T00:01:55+00:00","dateModified":"2025-02-20T21:10:00+00:00","breadcrumb":{"@id":"http:\/\/skyline-gs.com\/hu\/termek\/dragon-way-nha-trang\/#breadcrumb"},"inLanguage":"pl-PL","potentialAction":[{"@type":"ReadAction","target":["http:\/\/skyline-gs.com\/hu\/termek\/dragon-way-nha-trang\/"]}]},{"@type":"ImageObject","inLanguage":"pl-PL","@id":"http:\/\/skyline-gs.com\/hu\/termek\/dragon-way-nha-trang\/#primaryimage","url":"https:\/\/skyline-gs.com\/wp-content\/uploads\/2025\/01\/cd.jpg","contentUrl":"https:\/\/skyline-gs.com\/wp-content\/uploads\/2025\/01\/cd.jpg","width":669,"height":446},{"@type":"BreadcrumbList","@id":"http:\/\/skyline-gs.com\/hu\/termek\/dragon-way-nha-trang\/#breadcrumb","itemListElement":[{"@type":"ListItem","position":1,"name":"\u0413\u043b\u0430\u0432\u043d\u0430\u044f \u0441\u0442\u0440\u0430\u043d\u0438\u0446\u0430","item":"https:\/\/skyline-gs.com\/hu\/"},{"@type":"ListItem","position":2,"name":"\u041c\u0430\u0433\u0430\u0437\u0438\u043d","item":"https:\/\/skyline-gs.com\/cs\/shop\/"},{"@type":"ListItem","position":3,"name":"\u041f\u0443\u0442\u044c \u0434\u0440\u0430\u043a\u043e\u043d\u0430 4 \u0434\u043d\u044f (\u043d\u0430 \u0441\u0430\u043c\u043e\u043b\u0451\u0442\u0435)"}]},{"@type":"WebSite","@id":"https:\/\/skyline-gs.com\/it\/#website","url":"https:\/\/skyline-gs.com\/it\/","name":"Wycieczki Skyline","description":"Ekskluzywne wycieczki do najlepszych kurort\u00f3w na \u015bwiecie","publisher":{"@id":"https:\/\/skyline-gs.com\/it\/#organization"},"alternateName":"Skyline","potentialAction":[{"@type":"SearchAction","target":{"@type":"EntryPoint","urlTemplate":"https:\/\/skyline-gs.com\/it\/?s={search_term_string}"},"query-input":{"@type":"PropertyValueSpecification","valueRequired":true,"valueName":"search_term_string"}}],"inLanguage":"pl-PL"},{"@type":"Organization","@id":"https:\/\/skyline-gs.com\/it\/#organization","name":"Wycieczki Skyline","alternateName":"\u042d\u043a\u0441\u043a\u0443\u0440\u0441\u0438\u0438 Skyline","url":"https:\/\/skyline-gs.com\/it\/","logo":{"@type":"ImageObject","inLanguage":"pl-PL","@id":"https:\/\/skyline-gs.com\/it\/#\/schema\/logo\/image\/","url":"https:\/\/skyline-gs.com\/wp-content\/uploads\/2020\/12\/cropped-logo-2.png","contentUrl":"https:\/\/skyline-gs.com\/wp-content\/uploads\/2020\/12\/cropped-logo-2.png","width":512,"height":512,"caption":"\u042d\u043a\u0441\u043a\u0443\u0440\u0441\u0438\u0438 Skyline"},"image":{"@id":"https:\/\/skyline-gs.com\/it\/#\/schema\/logo\/image\/"},"sameAs":["https:\/\/www.instagram.com\/skylineglobalservice\/"]}]}},"_links":{"self":[{"href":"https:\/\/skyline-gs.com\/pl\/wp-json\/wp\/v2\/product\/61392","targetHints":{"allow":["GET"]}}],"collection":[{"href":"https:\/\/skyline-gs.com\/pl\/wp-json\/wp\/v2\/product"}],"about":[{"href":"https:\/\/skyline-gs.com\/pl\/wp-json\/wp\/v2\/types\/product"}],"version-history":[{"count":0,"href":"https:\/\/skyline-gs.com\/pl\/wp-json\/wp\/v2\/product\/61392\/revisions"}],"wp:featuredmedia":[{"embeddable":true,"href":"https:\/\/skyline-gs.com\/pl\/wp-json\/wp\/v2\/media\/61008"}],"wp:attachment":[{"href":"https:\/\/skyline-gs.com\/pl\/wp-json\/wp\/v2\/media?parent=61392"}],"wp:term":[{"taxonomy":"product_brand","embeddable":true,"href":"https:\/\/skyline-gs.com\/pl\/wp-json\/wp\/v2\/product_brand?post=61392"},{"taxonomy":"product_cat","embeddable":true,"href":"https:\/\/skyline-gs.com\/pl\/wp-json\/wp\/v2\/product_cat?post=61392"},{"taxonomy":"product_tag","embeddable":true,"href":"https:\/\/skyline-gs.com\/pl\/wp-json\/wp\/v2\/product_tag?post=61392"}],"curies":[{"name":"wp","href":"https:\/\/api.w.org\/{rel}","templated":true}]}}