{"id":61346,"date":"2025-02-04T18:11:14","date_gmt":"2025-02-04T16:11:14","guid":{"rendered":"http:\/\/skyline-gs.com\/?post_type=product&#038;p=61346"},"modified":"2025-08-23T16:22:37","modified_gmt":"2025-08-23T14:22:37","slug":"hanoi-halong-nha-trang","status":"publish","type":"product","link":"https:\/\/skyline-gs.com\/pl\/product\/hanoi-halong-nha-trang\/","title":{"rendered":"Zatoka Halong i Hanoi 3 dni (samolotem)"},"content":{"rendered":"<p>Poznaj kultur\u0119 Wietnamu, odkryj kolorowe Hanoi i ciesz si\u0119 pi\u0119knem s\u0142ynnej zatoki Halong! Pierwszy dzie\u0144 obejmuje zwiedzanie historycznego centrum Hanoi, drugi niezapomniany rejs wzd\u0142u\u017c malowniczej zatoki, a trzeci poranne Tai Chi, jaskinie i zachwycaj\u0105ce morskie krajobrazy.<\/p>\n<h4><strong>Dzie\u0144 1: Poznawanie Hanoi<\/strong><\/h4>\n<p><strong>8:00 - Wyjazd z hotelowego lobby.<\/strong> Transfer na lotnisko i przelot do Hanoi. Lot Nha Trang - Hanoi (2 godziny). Nasz kierowca spotka si\u0119 z Tob\u0105 przy wyj\u015bciu z lotniska ze znakiem z Twoim imieniem i nazwiskiem. Transfer do hotelu w Hanoi. Zameldowanie i nocleg w hotelu.<\/p>\n<ul>\n<li><strong>10:30 <\/strong>- Wylot z Nha Trang do Hanoi.<\/li>\n<li><strong>Zameldowanie w hotelu<\/strong> (3* w starej dzielnicy).<\/li>\n<li><strong>Spacer do Jeziora Powracaj\u0105cego Miecza<\/strong> - jedno z g\u0142\u00f3wnych miejsc w Hanoi z pi\u0119knymi legendami.<\/li>\n<li><strong>Lunch w tradycyjnej restauracji<\/strong>.<\/li>\n<li><strong>Spacer po centrum Hanoi<\/strong>:\n<ul>\n<li>Badinj Square<\/li>\n<li>Mauzoleum Ho Chi Minha<\/li>\n<li>I oczywi\u015bcie, <strong data-start=\"821\" data-end=\"858\">wizyta na s\u0142ynnej ulicy Train Street<\/strong> - w\u0105ska uliczka, kt\u00f3ra jest domem dla aktywnej kolei. Przespacerujemy si\u0119 t\u0105 niezwyk\u0142\u0105 ulic\u0105, wpadniemy do jednej z przytulnych kawiarni i, je\u015bli b\u0119dziemy mieli szcz\u0119\u015bcie z czasem, zobaczymy poci\u0105g przeje\u017cd\u017caj\u0105cy zaledwie metr od nas!<\/li>\n<\/ul>\n<\/li>\n<li><strong>Wieczorna ulica barowa w Hanoi<\/strong> - czas na relaks i odkrywanie nocnego \u017cycia miasta.<\/li>\n<\/ul>\n<h4><strong>Dzie\u0144 2: Rejs po zatoce Halong<\/strong><\/h4>\n<ul>\n<li><strong>\u015aniadanie w hotelu<\/strong>.<\/li>\n<li><strong>Transfer do zatoki Halong<\/strong> (~3,5 godziny podr\u00f3\u017cy).<\/li>\n<li><strong>Zameldowanie w kabinie statku wycieczkowego<\/strong> (3*).<\/li>\n<li><strong>Lunch na pok\u0142adzie<\/strong> z lokalnymi owocami morza.<\/li>\n<li><strong>Rejs Halong<\/strong> - Malownicze krajobrazy, klify, szmaragdowa woda.<\/li>\n<li><strong>P\u0142ywanie w zatoce<\/strong>, wizyta na Farmie Pere\u0142.<\/li>\n<li><strong>Kulinarny kurs mistrzowski<\/strong> - Zanurz si\u0119 w tajniki kuchni wietnamskiej.<\/li>\n<li><strong>Kolacja na statku<\/strong>.<\/li>\n<li><strong>Program wieczorny<\/strong>: \u0142owienie kalmar\u00f3w, ogl\u0105danie film\u00f3w, gry planszowe.<\/li>\n<\/ul>\n<h4><strong>Dzie\u0144 3: Poranek w zatoce Halong i powr\u00f3t<\/strong><\/h4>\n<ul>\n<li><strong>\u015awit w zatoce Halong<\/strong>, \u0106wiczenia Tai Chi na pok\u0142adzie.<\/li>\n<li><strong>Lekkie \u015bniadanie<\/strong>.<\/li>\n<li><strong>Wizyta w jaskini<\/strong> - jedno z najpi\u0119kniejszych naturalnych miejsc w Halong.<\/li>\n<li><strong>Wymeldowanie<\/strong>.<\/li>\n<li><strong>Wczesny wietnamski lunch<\/strong> na pok\u0142adzie.<\/li>\n<li><strong>Powr\u00f3t do portu i transfer do Hanoi<\/strong>.<\/li>\n<li><strong>Wylot z Hanoi do Nha Trang<\/strong>.<\/li>\n<li><strong>Nasz kierowca spotka si\u0119 z Tob\u0105 przy wyj\u015bciu z lotniska z tabliczk\u0105 z Twoim imieniem i nazwiskiem. Transfer do hotelu.<\/strong><\/li>\n<\/ul>\n<p><strong style=\"font-family: var(--global-body-font-family);\">21:00 - Powr\u00f3t do hotelu.<\/strong><\/p>\n<p><strong>W zestawie:<\/strong><\/p>\n<ul>\n<li>Transfery z i do hotelu<\/li>\n<li>Transfery z i na lotnisko<\/li>\n<li>Rejs 3* w Halong przez 2 dni<\/li>\n<li>Rosyjskoj\u0119zyczny przewodnik<\/li>\n<li>Nap\u00f3j powitalny, ciep\u0142e\/zimne r\u0119czniki<\/li>\n<li>Posi\u0142ki: lunch, kolacja, \u015bniadanie na pok\u0142adzie statku<\/li>\n<li>Bilety wst\u0119pu<\/li>\n<li>Kajakarstwo<\/li>\n<li>Nocleg w hotelu w Hanoi 3*<\/li>\n<li>Wycieczka krajoznawcza do Hanoi<\/li>\n<\/ul>\n<p><strong>Brak w zestawie:<\/strong><\/p>\n<ul>\n<li>Napoje<\/li>\n<li>Wydatki osobiste<\/li>\n<li>Transfer z hoteli poza miastem:\u00a0<strong>Amiana<\/strong>\u00a0- dop\u0142ata\u00a0<strong>+10$ na pojazd do 6 os\u00f3b<\/strong>\u00a0podr\u00f3\u017c w obie strony i\u00a0<strong>+15$ za pojazd do 10 os\u00f3b<\/strong>\u00a0w obie strony<\/li>\n<\/ul>\n<p><strong>Zabierz go ze sob\u0105:<\/strong><\/p>\n<ul>\n<li>Paszport<\/li>\n<li>Wygodne ubrania i buty<\/li>\n<li>Nakrycie g\u0142owy<\/li>\n<li>Filtr przeciws\u0142oneczny<\/li>\n<li>kamera<\/li>\n<li>Got\u00f3wka na dodatki, takie jak napoje i pami\u0105tki<\/li>\n<\/ul>","protected":false},"excerpt":{"rendered":"<p><strong>Czas wycieczki:<\/strong> 3 dni<\/p>\n<p><strong>Holding Days:<\/strong> Ka\u017cdego dnia.<\/p>","protected":false},"featured_media":60541,"template":"","meta":{"_kad_post_transparent":"default","_kad_post_title":"","_kad_post_layout":"default","_kad_post_sidebar_id":"","_kad_post_content_style":"default","_kad_post_vertical_padding":"default","_kad_post_feature":"","_kad_post_feature_position":"","_kad_post_header":false,"_kad_post_footer":false,"_kad_post_classname":"","_glsr_average":0,"_glsr_ranking":0,"_glsr_reviews":0},"product_brand":[],"product_cat":[437],"product_tag":[],"class_list":{"0":"post-61346","1":"product","2":"type-product","3":"status-publish","4":"has-post-thumbnail","6":"product_cat-nha-trang","7":"tm-has-options","9":"first","10":"instock","11":"sold-individually","12":"taxable","13":"shipping-taxable","14":"purchasable","15":"product-type-simple","16":"entry","17":"content-bg","18":"loop-entry"},"yoast_head":"<!-- This site is optimized with the Yoast SEO plugin v27.3 - https:\/\/yoast.com\/product\/yoast-seo-wordpress\/ -->\n<title>\u0411\u0443\u0445\u0442\u0430 \u0425\u0430\u043b\u043e\u043d\u0433 \u0438 \u0425\u0430\u043d\u043e\u0439 3 \u0434\u043d\u044f (\u043d\u0430 \u0441\u0430\u043c\u043e\u043b\u0451\u0442\u0435) &#8226; \u042d\u043a\u0441\u043a\u0443\u0440\u0441\u0438\u0438 Skyline<\/title>\n<meta name=\"robots\" content=\"index, follow, max-snippet:-1, max-image-preview:large, max-video-preview:-1\" \/>\n<link rel=\"canonical\" href=\"http:\/\/skyline-gs.com\/pl\/produkt\/hanoi-halong-nha-trang\/\" \/>\n<meta property=\"og:locale\" content=\"pl_PL\" \/>\n<meta property=\"og:type\" content=\"article\" \/>\n<meta property=\"og:title\" content=\"\u0411\u0443\u0445\u0442\u0430 \u0425\u0430\u043b\u043e\u043d\u0433 \u0438 \u0425\u0430\u043d\u043e\u0439 3 \u0434\u043d\u044f (\u043d\u0430 \u0441\u0430\u043c\u043e\u043b\u0451\u0442\u0435) &#8226; \u042d\u043a\u0441\u043a\u0443\u0440\u0441\u0438\u0438 Skyline\" \/>\n<meta property=\"og:description\" content=\"\u0412\u0440\u0435\u043c\u044f \u0442\u0443\u0440\u0430: 3 \u0434\u043d\u044f  \u0414\u043d\u0438 \u043f\u0440\u043e\u0432\u0435\u0434\u0435\u043d\u0438\u044f: \u041a\u0430\u0436\u0434\u044b\u0439 \u0434\u0435\u043d\u044c\" \/>\n<meta property=\"og:url\" content=\"http:\/\/skyline-gs.com\/pl\/produkt\/hanoi-halong-nha-trang\/\" \/>\n<meta property=\"og:site_name\" content=\"\u042d\u043a\u0441\u043a\u0443\u0440\u0441\u0438\u0438 Skyline\" \/>\n<meta property=\"article:modified_time\" content=\"2025-08-23T14:22:37+00:00\" \/>\n<meta property=\"og:image\" content=\"https:\/\/skyline-gs.com\/wp-content\/uploads\/2024\/12\/7-1.png\" \/>\n\t<meta property=\"og:image:width\" content=\"669\" \/>\n\t<meta property=\"og:image:height\" content=\"446\" \/>\n\t<meta property=\"og:image:type\" content=\"image\/png\" \/>\n<meta name=\"twitter:card\" content=\"summary_large_image\" \/>\n<meta name=\"twitter:label1\" content=\"Szacowany czas czytania\" \/>\n\t<meta name=\"twitter:data1\" content=\"3 minuty\" \/>\n<script type=\"application\/ld+json\" class=\"yoast-schema-graph\">{\"@context\":\"https:\\\/\\\/schema.org\",\"@graph\":[{\"@type\":\"WebPage\",\"@id\":\"http:\\\/\\\/skyline-gs.com\\\/it\\\/prodotto\\\/hanoi-halong-nha-trang\\\/\",\"url\":\"http:\\\/\\\/skyline-gs.com\\\/it\\\/prodotto\\\/hanoi-halong-nha-trang\\\/\",\"name\":\"\u0411\u0443\u0445\u0442\u0430 \u0425\u0430\u043b\u043e\u043d\u0433 \u0438 \u0425\u0430\u043d\u043e\u0439 3 \u0434\u043d\u044f (\u043d\u0430 \u0441\u0430\u043c\u043e\u043b\u0451\u0442\u0435) &#8226; \u042d\u043a\u0441\u043a\u0443\u0440\u0441\u0438\u0438 Skyline\",\"isPartOf\":{\"@id\":\"https:\\\/\\\/skyline-gs.com\\\/it\\\/#website\"},\"primaryImageOfPage\":{\"@id\":\"http:\\\/\\\/skyline-gs.com\\\/it\\\/prodotto\\\/hanoi-halong-nha-trang\\\/#primaryimage\"},\"image\":{\"@id\":\"http:\\\/\\\/skyline-gs.com\\\/it\\\/prodotto\\\/hanoi-halong-nha-trang\\\/#primaryimage\"},\"thumbnailUrl\":\"https:\\\/\\\/skyline-gs.com\\\/wp-content\\\/uploads\\\/2024\\\/12\\\/7-1.png\",\"datePublished\":\"2025-02-04T16:11:14+00:00\",\"dateModified\":\"2025-08-23T14:22:37+00:00\",\"breadcrumb\":{\"@id\":\"http:\\\/\\\/skyline-gs.com\\\/it\\\/prodotto\\\/hanoi-halong-nha-trang\\\/#breadcrumb\"},\"inLanguage\":\"pl-PL\",\"potentialAction\":[{\"@type\":\"ReadAction\",\"target\":[\"http:\\\/\\\/skyline-gs.com\\\/it\\\/prodotto\\\/hanoi-halong-nha-trang\\\/\"]}]},{\"@type\":\"ImageObject\",\"inLanguage\":\"pl-PL\",\"@id\":\"http:\\\/\\\/skyline-gs.com\\\/it\\\/prodotto\\\/hanoi-halong-nha-trang\\\/#primaryimage\",\"url\":\"https:\\\/\\\/skyline-gs.com\\\/wp-content\\\/uploads\\\/2024\\\/12\\\/7-1.png\",\"contentUrl\":\"https:\\\/\\\/skyline-gs.com\\\/wp-content\\\/uploads\\\/2024\\\/12\\\/7-1.png\",\"width\":669,\"height\":446},{\"@type\":\"BreadcrumbList\",\"@id\":\"http:\\\/\\\/skyline-gs.com\\\/it\\\/prodotto\\\/hanoi-halong-nha-trang\\\/#breadcrumb\",\"itemListElement\":[{\"@type\":\"ListItem\",\"position\":1,\"name\":\"\u0413\u043b\u0430\u0432\u043d\u0430\u044f \u0441\u0442\u0440\u0430\u043d\u0438\u0446\u0430\",\"item\":\"https:\\\/\\\/skyline-gs.com\\\/hu\\\/\"},{\"@type\":\"ListItem\",\"position\":2,\"name\":\"\u041c\u0430\u0433\u0430\u0437\u0438\u043d\",\"item\":\"https:\\\/\\\/skyline-gs.com\\\/cs\\\/shop\\\/\"},{\"@type\":\"ListItem\",\"position\":3,\"name\":\"\u0411\u0443\u0445\u0442\u0430 \u0425\u0430\u043b\u043e\u043d\u0433 \u0438 \u0425\u0430\u043d\u043e\u0439 3 \u0434\u043d\u044f (\u043d\u0430 \u0441\u0430\u043c\u043e\u043b\u0451\u0442\u0435)\"}]},{\"@type\":\"WebSite\",\"@id\":\"https:\\\/\\\/skyline-gs.com\\\/it\\\/#website\",\"url\":\"https:\\\/\\\/skyline-gs.com\\\/it\\\/\",\"name\":\"\u042d\u043a\u0441\u043a\u0443\u0440\u0441\u0438\u0438 Skyline\",\"description\":\"\u042d\u043a\u0441\u043a\u043b\u044e\u0437\u0438\u0432\u043d\u044b\u0435 \u044d\u043a\u0441\u043a\u0443\u0440\u0441\u0438\u0438 \u043d\u0430 \u043b\u0443\u0447\u0448\u0438\u0445 \u043a\u0443\u0440\u043e\u0440\u0442\u0430\u0445 \u043c\u0438\u0440\u0430\",\"publisher\":{\"@id\":\"https:\\\/\\\/skyline-gs.com\\\/it\\\/#organization\"},\"alternateName\":\"Skyline\",\"potentialAction\":[{\"@type\":\"SearchAction\",\"target\":{\"@type\":\"EntryPoint\",\"urlTemplate\":\"https:\\\/\\\/skyline-gs.com\\\/it\\\/?s={search_term_string}\"},\"query-input\":{\"@type\":\"PropertyValueSpecification\",\"valueRequired\":true,\"valueName\":\"search_term_string\"}}],\"inLanguage\":\"pl-PL\"},{\"@type\":\"Organization\",\"@id\":\"https:\\\/\\\/skyline-gs.com\\\/it\\\/#organization\",\"name\":\"\u042d\u043a\u0441\u043a\u0443\u0440\u0441\u0438\u0438 Skyline\",\"alternateName\":\"\u042d\u043a\u0441\u043a\u0443\u0440\u0441\u0438\u0438 Skyline\",\"url\":\"https:\\\/\\\/skyline-gs.com\\\/it\\\/\",\"logo\":{\"@type\":\"ImageObject\",\"inLanguage\":\"pl-PL\",\"@id\":\"https:\\\/\\\/skyline-gs.com\\\/it\\\/#\\\/schema\\\/logo\\\/image\\\/\",\"url\":\"https:\\\/\\\/skyline-gs.com\\\/wp-content\\\/uploads\\\/2020\\\/12\\\/cropped-logo-2.png\",\"contentUrl\":\"https:\\\/\\\/skyline-gs.com\\\/wp-content\\\/uploads\\\/2020\\\/12\\\/cropped-logo-2.png\",\"width\":512,\"height\":512,\"caption\":\"\u042d\u043a\u0441\u043a\u0443\u0440\u0441\u0438\u0438 Skyline\"},\"image\":{\"@id\":\"https:\\\/\\\/skyline-gs.com\\\/it\\\/#\\\/schema\\\/logo\\\/image\\\/\"},\"sameAs\":[\"https:\\\/\\\/www.instagram.com\\\/skylineglobalservice\\\/\"]}]}<\/script>\n<!-- \/ Yoast SEO plugin. -->","yoast_head_json":{"title":"Zatoka Halong i Hanoi 3 dni (samolotem) - Wycieczki Skyline","robots":{"index":"index","follow":"follow","max-snippet":"max-snippet:-1","max-image-preview":"max-image-preview:large","max-video-preview":"max-video-preview:-1"},"canonical":"http:\/\/skyline-gs.com\/pl\/produkt\/hanoi-halong-nha-trang\/","og_locale":"pl_PL","og_type":"article","og_title":"\u0411\u0443\u0445\u0442\u0430 \u0425\u0430\u043b\u043e\u043d\u0433 \u0438 \u0425\u0430\u043d\u043e\u0439 3 \u0434\u043d\u044f (\u043d\u0430 \u0441\u0430\u043c\u043e\u043b\u0451\u0442\u0435) &#8226; \u042d\u043a\u0441\u043a\u0443\u0440\u0441\u0438\u0438 Skyline","og_description":"\u0412\u0440\u0435\u043c\u044f \u0442\u0443\u0440\u0430: 3 \u0434\u043d\u044f  \u0414\u043d\u0438 \u043f\u0440\u043e\u0432\u0435\u0434\u0435\u043d\u0438\u044f: \u041a\u0430\u0436\u0434\u044b\u0439 \u0434\u0435\u043d\u044c","og_url":"http:\/\/skyline-gs.com\/pl\/produkt\/hanoi-halong-nha-trang\/","og_site_name":"\u042d\u043a\u0441\u043a\u0443\u0440\u0441\u0438\u0438 Skyline","article_modified_time":"2025-08-23T14:22:37+00:00","og_image":[{"width":669,"height":446,"url":"https:\/\/skyline-gs.com\/wp-content\/uploads\/2024\/12\/7-1.png","type":"image\/png"}],"twitter_card":"summary_large_image","twitter_misc":{"Szacowany czas czytania":"3 minuty"},"schema":{"@context":"https:\/\/schema.org","@graph":[{"@type":"WebPage","@id":"http:\/\/skyline-gs.com\/it\/prodotto\/hanoi-halong-nha-trang\/","url":"http:\/\/skyline-gs.com\/it\/prodotto\/hanoi-halong-nha-trang\/","name":"Zatoka Halong i Hanoi 3 dni (samolotem) - Wycieczki Skyline","isPartOf":{"@id":"https:\/\/skyline-gs.com\/it\/#website"},"primaryImageOfPage":{"@id":"http:\/\/skyline-gs.com\/it\/prodotto\/hanoi-halong-nha-trang\/#primaryimage"},"image":{"@id":"http:\/\/skyline-gs.com\/it\/prodotto\/hanoi-halong-nha-trang\/#primaryimage"},"thumbnailUrl":"https:\/\/skyline-gs.com\/wp-content\/uploads\/2024\/12\/7-1.png","datePublished":"2025-02-04T16:11:14+00:00","dateModified":"2025-08-23T14:22:37+00:00","breadcrumb":{"@id":"http:\/\/skyline-gs.com\/it\/prodotto\/hanoi-halong-nha-trang\/#breadcrumb"},"inLanguage":"pl-PL","potentialAction":[{"@type":"ReadAction","target":["http:\/\/skyline-gs.com\/it\/prodotto\/hanoi-halong-nha-trang\/"]}]},{"@type":"ImageObject","inLanguage":"pl-PL","@id":"http:\/\/skyline-gs.com\/it\/prodotto\/hanoi-halong-nha-trang\/#primaryimage","url":"https:\/\/skyline-gs.com\/wp-content\/uploads\/2024\/12\/7-1.png","contentUrl":"https:\/\/skyline-gs.com\/wp-content\/uploads\/2024\/12\/7-1.png","width":669,"height":446},{"@type":"BreadcrumbList","@id":"http:\/\/skyline-gs.com\/it\/prodotto\/hanoi-halong-nha-trang\/#breadcrumb","itemListElement":[{"@type":"ListItem","position":1,"name":"\u0413\u043b\u0430\u0432\u043d\u0430\u044f \u0441\u0442\u0440\u0430\u043d\u0438\u0446\u0430","item":"https:\/\/skyline-gs.com\/hu\/"},{"@type":"ListItem","position":2,"name":"\u041c\u0430\u0433\u0430\u0437\u0438\u043d","item":"https:\/\/skyline-gs.com\/cs\/shop\/"},{"@type":"ListItem","position":3,"name":"\u0411\u0443\u0445\u0442\u0430 \u0425\u0430\u043b\u043e\u043d\u0433 \u0438 \u0425\u0430\u043d\u043e\u0439 3 \u0434\u043d\u044f (\u043d\u0430 \u0441\u0430\u043c\u043e\u043b\u0451\u0442\u0435)"}]},{"@type":"WebSite","@id":"https:\/\/skyline-gs.com\/it\/#website","url":"https:\/\/skyline-gs.com\/it\/","name":"Wycieczki Skyline","description":"Ekskluzywne wycieczki do najlepszych kurort\u00f3w na \u015bwiecie","publisher":{"@id":"https:\/\/skyline-gs.com\/it\/#organization"},"alternateName":"Skyline","potentialAction":[{"@type":"SearchAction","target":{"@type":"EntryPoint","urlTemplate":"https:\/\/skyline-gs.com\/it\/?s={search_term_string}"},"query-input":{"@type":"PropertyValueSpecification","valueRequired":true,"valueName":"search_term_string"}}],"inLanguage":"pl-PL"},{"@type":"Organization","@id":"https:\/\/skyline-gs.com\/it\/#organization","name":"Wycieczki Skyline","alternateName":"\u042d\u043a\u0441\u043a\u0443\u0440\u0441\u0438\u0438 Skyline","url":"https:\/\/skyline-gs.com\/it\/","logo":{"@type":"ImageObject","inLanguage":"pl-PL","@id":"https:\/\/skyline-gs.com\/it\/#\/schema\/logo\/image\/","url":"https:\/\/skyline-gs.com\/wp-content\/uploads\/2020\/12\/cropped-logo-2.png","contentUrl":"https:\/\/skyline-gs.com\/wp-content\/uploads\/2020\/12\/cropped-logo-2.png","width":512,"height":512,"caption":"\u042d\u043a\u0441\u043a\u0443\u0440\u0441\u0438\u0438 Skyline"},"image":{"@id":"https:\/\/skyline-gs.com\/it\/#\/schema\/logo\/image\/"},"sameAs":["https:\/\/www.instagram.com\/skylineglobalservice\/"]}]}},"_links":{"self":[{"href":"https:\/\/skyline-gs.com\/pl\/wp-json\/wp\/v2\/product\/61346","targetHints":{"allow":["GET"]}}],"collection":[{"href":"https:\/\/skyline-gs.com\/pl\/wp-json\/wp\/v2\/product"}],"about":[{"href":"https:\/\/skyline-gs.com\/pl\/wp-json\/wp\/v2\/types\/product"}],"version-history":[{"count":0,"href":"https:\/\/skyline-gs.com\/pl\/wp-json\/wp\/v2\/product\/61346\/revisions"}],"wp:featuredmedia":[{"embeddable":true,"href":"https:\/\/skyline-gs.com\/pl\/wp-json\/wp\/v2\/media\/60541"}],"wp:attachment":[{"href":"https:\/\/skyline-gs.com\/pl\/wp-json\/wp\/v2\/media?parent=61346"}],"wp:term":[{"taxonomy":"product_brand","embeddable":true,"href":"https:\/\/skyline-gs.com\/pl\/wp-json\/wp\/v2\/product_brand?post=61346"},{"taxonomy":"product_cat","embeddable":true,"href":"https:\/\/skyline-gs.com\/pl\/wp-json\/wp\/v2\/product_cat?post=61346"},{"taxonomy":"product_tag","embeddable":true,"href":"https:\/\/skyline-gs.com\/pl\/wp-json\/wp\/v2\/product_tag?post=61346"}],"curies":[{"name":"wp","href":"https:\/\/api.w.org\/{rel}","templated":true}]}}