{"id":60882,"date":"2025-01-11T23:43:07","date_gmt":"2025-01-11T21:43:07","guid":{"rendered":"http:\/\/skyline-gs.com\/?post_type=product&#038;p=60882"},"modified":"2025-12-23T00:49:39","modified_gmt":"2025-12-22T22:49:39","slug":"south-coast-iceland","status":"publish","type":"product","link":"https:\/\/skyline-gs.com\/pl\/product\/south-coast-iceland\/","title":{"rendered":"Spersonalizowana wycieczka: po\u0142udniowe wybrze\u017ce Islandii, lodowiec Mj\u00f6dalsj\u00f6kull, Czarna Pla\u017ca"},"content":{"rendered":"<p>Po\u0142udniowe wybrze\u017ce Islandii to miejsce, w kt\u00f3rym ekscytuj\u0105ce wodospady, lodowce i wulkaniczne pla\u017ce tworz\u0105 niezapomnian\u0105 atmosfer\u0119. Zanurz si\u0119 w magii tego regionu, a odkryjesz najpi\u0119kniejsze i najbardziej imponuj\u0105ce cuda natury Islandii!<\/p>\n<p><strong>8:00 - Wyjazd z hotelowego lobby.<\/strong><\/p>\n<ol>\n<li><strong>Wodospad Seljalandsfoss<\/strong> - wyj\u0105tkowy wodospad, za kt\u00f3rym mo\u017cna spacerowa\u0107 i poczu\u0107 ca\u0142\u0105 moc i si\u0142\u0119 natury. Odwiedzimy r\u00f3wnie\u017c \u00absekretny wodospad\u00bb, o kt\u00f3rym niewiele os\u00f3b wie, ale jest on nie mniej imponuj\u0105cy!<\/li>\n<li><strong>Wodospad Skogafoss<\/strong> - Pot\u0119\u017cny wodospad, kt\u00f3ry obmywa ogromne klify. Jest to jedno z najbardziej malowniczych miejsc na Islandii, idealne do sesji zdj\u0119ciowych.<\/li>\n<li><strong>Lodowiec Mj\u00f6dalsj\u00f6kull<\/strong> - Spaceruj wzd\u0142u\u017c lodowca, podziwiaj\u0105c rozleg\u0142y l\u00f3d i wyj\u0105tkowe lodowe krajobrazy. Poczuj magi\u0119 tego lodowego \u015bwiata!<\/li>\n<li><strong>Przyl\u0105dek Deerhawley i latarnia morska w 1910 r.<\/strong> - Tajemnicze miejsce, w kt\u00f3rym islandzkie fale zderzaj\u0105 si\u0119 z imponuj\u0105cymi klifami i miejscami do obserwacji ptak\u00f3w.<\/li>\n<li><strong>Czarna pla\u017ca Reynisfjara<\/strong> - Wulkaniczny piasek i pot\u0119\u017cne bazaltowe kolumny tworz\u0105 mistyczn\u0105 atmosfer\u0119, dzi\u0119ki czemu jest to jedno z najbardziej znanych i ekscytuj\u0105cych miejsc na Islandii.<\/li>\n<\/ol>\n<p><strong>16:00 - Powr\u00f3t do hotelu.<\/strong><\/p>\n<p><strong>Co mo\u017cna doda\u0107:<\/strong><\/p>\n<ul>\n<li><strong>Lodowiec Vatnajokull<\/strong> (opcjonalnie, za dodatkow\u0105 op\u0142at\u0105) - kontynuuj podr\u00f3\u017c do najwi\u0119kszego lodowca Islandii! P\u0142ywaj mi\u0119dzy g\u00f3rami lodowymi na amfibii, zobacz foki portowe na wolno\u015bci i odwied\u017a Diamond Beach, gdzie mo\u017cna zobaczy\u0107 g\u00f3ry lodowe wyrzucone na brzeg.<\/li>\n<\/ul>\n<p><strong>W zestawie:<\/strong><\/p>\n<ul>\n<li>Transfer z i do hotelu<\/li>\n<li>Transfery w komfortowym SUV-ie 4\u00d74 z klimatyzacj\u0105<\/li>\n<li>Rosyjskoj\u0119zyczny przewodnik<\/li>\n<li>Paliwo<\/li>\n<li>P\u0142atne parkingi wzd\u0142u\u017c trasy<\/li>\n<\/ul>\n<p><strong>Brak w zestawie:<\/strong><\/p>\n<ul>\n<li>Bilety wst\u0119pu<\/li>\n<li>Posi\u0142ki (opcjonalnie, kawiarnie na trasie)<\/li>\n<\/ul>\n<p><strong>Zabierz go ze sob\u0105:<\/strong><\/p>\n<ul>\n<li>Aparat fotograficzny<\/li>\n<li>Wygodne buty<\/li>\n<li>Ciep\u0142e ubrania<\/li>\n<li>Pieni\u0105dze na wydatki osobiste<\/li>\n<\/ul>","protected":false},"excerpt":{"rendered":"<p><strong>Czas wycieczki: <\/strong>8:00 \u2014 16:00<\/p>\n<p><strong>Holding Days: <\/strong>Ka\u017cdego dnia.<\/p>","protected":false},"featured_media":60921,"template":"","meta":{"_kad_post_transparent":"default","_kad_post_title":"","_kad_post_layout":"default","_kad_post_sidebar_id":"","_kad_post_content_style":"default","_kad_post_vertical_padding":"default","_kad_post_feature":"","_kad_post_feature_position":"","_kad_post_header":false,"_kad_post_footer":false,"_kad_post_classname":"","_glsr_average":0,"_glsr_ranking":0,"_glsr_reviews":0},"product_brand":[],"product_cat":[467],"product_tag":[],"class_list":{"0":"post-60882","1":"product","2":"type-product","3":"status-publish","4":"has-post-thumbnail","6":"product_cat-iceland","7":"tm-has-options","9":"first","10":"instock","11":"sold-individually","12":"taxable","13":"shipping-taxable","14":"purchasable","15":"product-type-simple","16":"entry","17":"content-bg","18":"loop-entry"},"yoast_head":"<!-- This site is optimized with the Yoast SEO plugin v27.3 - https:\/\/yoast.com\/product\/yoast-seo-wordpress\/ -->\n<title>\u0418\u043d\u0434\u0438\u0432\u0438\u0434\u0443\u0430\u043b\u044c\u043d\u044b\u0439 \u0442\u0443\u0440: \u042e\u0436\u043d\u044b\u0439 \u0431\u0435\u0440\u0435\u0433 \u0418\u0441\u043b\u0430\u043d\u0434\u0438\u0438, \u043b\u0435\u0434\u043d\u0438\u043a \u041c\u0439\u0451\u0434\u0430\u043b\u044c\u0441\u0439\u043e\u043a\u0443\u0434\u043b\u044c, \u0427\u0435\u0440\u043d\u044b\u0439 \u043f\u043b\u044f\u0436 &#8226; \u042d\u043a\u0441\u043a\u0443\u0440\u0441\u0438\u0438 Skyline<\/title>\n<meta name=\"robots\" content=\"index, follow, max-snippet:-1, max-image-preview:large, max-video-preview:-1\" \/>\n<link rel=\"canonical\" href=\"http:\/\/skyline-gs.com\/pl\/produkt\/south-coast-iceland\/\" \/>\n<meta property=\"og:locale\" content=\"pl_PL\" \/>\n<meta property=\"og:type\" content=\"article\" \/>\n<meta property=\"og:title\" content=\"\u0418\u043d\u0434\u0438\u0432\u0438\u0434\u0443\u0430\u043b\u044c\u043d\u044b\u0439 \u0442\u0443\u0440: \u042e\u0436\u043d\u044b\u0439 \u0431\u0435\u0440\u0435\u0433 \u0418\u0441\u043b\u0430\u043d\u0434\u0438\u0438, \u043b\u0435\u0434\u043d\u0438\u043a \u041c\u0439\u0451\u0434\u0430\u043b\u044c\u0441\u0439\u043e\u043a\u0443\u0434\u043b\u044c, \u0427\u0435\u0440\u043d\u044b\u0439 \u043f\u043b\u044f\u0436 &#8226; \u042d\u043a\u0441\u043a\u0443\u0440\u0441\u0438\u0438 Skyline\" \/>\n<meta property=\"og:description\" content=\"\u0412\u0440\u0435\u043c\u044f \u0442\u0443\u0440\u0430: 8:00 - 16:00  \u0414\u043d\u0438 \u043f\u0440\u043e\u0432\u0435\u0434\u0435\u043d\u0438\u044f: \u041a\u0430\u0436\u0434\u044b\u0439 \u0434\u0435\u043d\u044c\" \/>\n<meta property=\"og:url\" content=\"http:\/\/skyline-gs.com\/pl\/produkt\/south-coast-iceland\/\" \/>\n<meta property=\"og:site_name\" content=\"\u042d\u043a\u0441\u043a\u0443\u0440\u0441\u0438\u0438 Skyline\" \/>\n<meta property=\"article:modified_time\" content=\"2025-12-22T22:49:39+00:00\" \/>\n<meta property=\"og:image\" content=\"https:\/\/skyline-gs.com\/wp-content\/uploads\/2025\/01\/34.png\" \/>\n\t<meta property=\"og:image:width\" content=\"669\" \/>\n\t<meta property=\"og:image:height\" content=\"446\" \/>\n\t<meta property=\"og:image:type\" content=\"image\/png\" \/>\n<meta name=\"twitter:card\" content=\"summary_large_image\" \/>\n<meta name=\"twitter:label1\" content=\"Szacowany czas czytania\" \/>\n\t<meta name=\"twitter:data1\" content=\"2 minuty\" \/>\n<script type=\"application\/ld+json\" class=\"yoast-schema-graph\">{\"@context\":\"https:\\\/\\\/schema.org\",\"@graph\":[{\"@type\":\"WebPage\",\"@id\":\"http:\\\/\\\/skyline-gs.com\\\/de\\\/produkt\\\/south-coast-iceland\\\/\",\"url\":\"http:\\\/\\\/skyline-gs.com\\\/de\\\/produkt\\\/south-coast-iceland\\\/\",\"name\":\"\u0418\u043d\u0434\u0438\u0432\u0438\u0434\u0443\u0430\u043b\u044c\u043d\u044b\u0439 \u0442\u0443\u0440: \u042e\u0436\u043d\u044b\u0439 \u0431\u0435\u0440\u0435\u0433 \u0418\u0441\u043b\u0430\u043d\u0434\u0438\u0438, \u043b\u0435\u0434\u043d\u0438\u043a \u041c\u0439\u0451\u0434\u0430\u043b\u044c\u0441\u0439\u043e\u043a\u0443\u0434\u043b\u044c, \u0427\u0435\u0440\u043d\u044b\u0439 \u043f\u043b\u044f\u0436 &#8226; \u042d\u043a\u0441\u043a\u0443\u0440\u0441\u0438\u0438 Skyline\",\"isPartOf\":{\"@id\":\"https:\\\/\\\/skyline-gs.com\\\/it\\\/#website\"},\"primaryImageOfPage\":{\"@id\":\"http:\\\/\\\/skyline-gs.com\\\/de\\\/produkt\\\/south-coast-iceland\\\/#primaryimage\"},\"image\":{\"@id\":\"http:\\\/\\\/skyline-gs.com\\\/de\\\/produkt\\\/south-coast-iceland\\\/#primaryimage\"},\"thumbnailUrl\":\"https:\\\/\\\/skyline-gs.com\\\/wp-content\\\/uploads\\\/2025\\\/01\\\/34.png\",\"datePublished\":\"2025-01-11T21:43:07+00:00\",\"dateModified\":\"2025-12-22T22:49:39+00:00\",\"breadcrumb\":{\"@id\":\"http:\\\/\\\/skyline-gs.com\\\/de\\\/produkt\\\/south-coast-iceland\\\/#breadcrumb\"},\"inLanguage\":\"pl-PL\",\"potentialAction\":[{\"@type\":\"ReadAction\",\"target\":[\"http:\\\/\\\/skyline-gs.com\\\/de\\\/produkt\\\/south-coast-iceland\\\/\"]}]},{\"@type\":\"ImageObject\",\"inLanguage\":\"pl-PL\",\"@id\":\"http:\\\/\\\/skyline-gs.com\\\/de\\\/produkt\\\/south-coast-iceland\\\/#primaryimage\",\"url\":\"https:\\\/\\\/skyline-gs.com\\\/wp-content\\\/uploads\\\/2025\\\/01\\\/34.png\",\"contentUrl\":\"https:\\\/\\\/skyline-gs.com\\\/wp-content\\\/uploads\\\/2025\\\/01\\\/34.png\",\"width\":669,\"height\":446},{\"@type\":\"BreadcrumbList\",\"@id\":\"http:\\\/\\\/skyline-gs.com\\\/de\\\/produkt\\\/south-coast-iceland\\\/#breadcrumb\",\"itemListElement\":[{\"@type\":\"ListItem\",\"position\":1,\"name\":\"\u0413\u043b\u0430\u0432\u043d\u0430\u044f \u0441\u0442\u0440\u0430\u043d\u0438\u0446\u0430\",\"item\":\"https:\\\/\\\/skyline-gs.com\\\/hu\\\/\"},{\"@type\":\"ListItem\",\"position\":2,\"name\":\"\u041c\u0430\u0433\u0430\u0437\u0438\u043d\",\"item\":\"https:\\\/\\\/skyline-gs.com\\\/cs\\\/shop\\\/\"},{\"@type\":\"ListItem\",\"position\":3,\"name\":\"\u0418\u043d\u0434\u0438\u0432\u0438\u0434\u0443\u0430\u043b\u044c\u043d\u044b\u0439 \u0442\u0443\u0440: \u042e\u0436\u043d\u044b\u0439 \u0431\u0435\u0440\u0435\u0433 \u0418\u0441\u043b\u0430\u043d\u0434\u0438\u0438, \u043b\u0435\u0434\u043d\u0438\u043a \u041c\u0439\u0451\u0434\u0430\u043b\u044c\u0441\u0439\u043e\u043a\u0443\u0434\u043b\u044c, \u0427\u0435\u0440\u043d\u044b\u0439 \u043f\u043b\u044f\u0436\"}]},{\"@type\":\"WebSite\",\"@id\":\"https:\\\/\\\/skyline-gs.com\\\/it\\\/#website\",\"url\":\"https:\\\/\\\/skyline-gs.com\\\/it\\\/\",\"name\":\"\u042d\u043a\u0441\u043a\u0443\u0440\u0441\u0438\u0438 Skyline\",\"description\":\"\u042d\u043a\u0441\u043a\u043b\u044e\u0437\u0438\u0432\u043d\u044b\u0435 \u044d\u043a\u0441\u043a\u0443\u0440\u0441\u0438\u0438 \u043d\u0430 \u043b\u0443\u0447\u0448\u0438\u0445 \u043a\u0443\u0440\u043e\u0440\u0442\u0430\u0445 \u043c\u0438\u0440\u0430\",\"publisher\":{\"@id\":\"https:\\\/\\\/skyline-gs.com\\\/it\\\/#organization\"},\"alternateName\":\"Skyline\",\"potentialAction\":[{\"@type\":\"SearchAction\",\"target\":{\"@type\":\"EntryPoint\",\"urlTemplate\":\"https:\\\/\\\/skyline-gs.com\\\/it\\\/?s={search_term_string}\"},\"query-input\":{\"@type\":\"PropertyValueSpecification\",\"valueRequired\":true,\"valueName\":\"search_term_string\"}}],\"inLanguage\":\"pl-PL\"},{\"@type\":\"Organization\",\"@id\":\"https:\\\/\\\/skyline-gs.com\\\/it\\\/#organization\",\"name\":\"\u042d\u043a\u0441\u043a\u0443\u0440\u0441\u0438\u0438 Skyline\",\"alternateName\":\"\u042d\u043a\u0441\u043a\u0443\u0440\u0441\u0438\u0438 Skyline\",\"url\":\"https:\\\/\\\/skyline-gs.com\\\/it\\\/\",\"logo\":{\"@type\":\"ImageObject\",\"inLanguage\":\"pl-PL\",\"@id\":\"https:\\\/\\\/skyline-gs.com\\\/it\\\/#\\\/schema\\\/logo\\\/image\\\/\",\"url\":\"https:\\\/\\\/skyline-gs.com\\\/wp-content\\\/uploads\\\/2020\\\/12\\\/cropped-logo-2.png\",\"contentUrl\":\"https:\\\/\\\/skyline-gs.com\\\/wp-content\\\/uploads\\\/2020\\\/12\\\/cropped-logo-2.png\",\"width\":512,\"height\":512,\"caption\":\"\u042d\u043a\u0441\u043a\u0443\u0440\u0441\u0438\u0438 Skyline\"},\"image\":{\"@id\":\"https:\\\/\\\/skyline-gs.com\\\/it\\\/#\\\/schema\\\/logo\\\/image\\\/\"},\"sameAs\":[\"https:\\\/\\\/www.instagram.com\\\/skylineglobalservice\\\/\"]}]}<\/script>\n<!-- \/ Yoast SEO plugin. -->","yoast_head_json":{"title":"Wycieczka niestandardowa: po\u0142udniowe wybrze\u017ce Islandii, lodowiec Mj\u00f6dalsj\u00f6kull, Czarna Pla\u017ca - Skyline Excursions","robots":{"index":"index","follow":"follow","max-snippet":"max-snippet:-1","max-image-preview":"max-image-preview:large","max-video-preview":"max-video-preview:-1"},"canonical":"http:\/\/skyline-gs.com\/pl\/produkt\/south-coast-iceland\/","og_locale":"pl_PL","og_type":"article","og_title":"\u0418\u043d\u0434\u0438\u0432\u0438\u0434\u0443\u0430\u043b\u044c\u043d\u044b\u0439 \u0442\u0443\u0440: \u042e\u0436\u043d\u044b\u0439 \u0431\u0435\u0440\u0435\u0433 \u0418\u0441\u043b\u0430\u043d\u0434\u0438\u0438, \u043b\u0435\u0434\u043d\u0438\u043a \u041c\u0439\u0451\u0434\u0430\u043b\u044c\u0441\u0439\u043e\u043a\u0443\u0434\u043b\u044c, \u0427\u0435\u0440\u043d\u044b\u0439 \u043f\u043b\u044f\u0436 &#8226; \u042d\u043a\u0441\u043a\u0443\u0440\u0441\u0438\u0438 Skyline","og_description":"\u0412\u0440\u0435\u043c\u044f \u0442\u0443\u0440\u0430: 8:00 - 16:00  \u0414\u043d\u0438 \u043f\u0440\u043e\u0432\u0435\u0434\u0435\u043d\u0438\u044f: \u041a\u0430\u0436\u0434\u044b\u0439 \u0434\u0435\u043d\u044c","og_url":"http:\/\/skyline-gs.com\/pl\/produkt\/south-coast-iceland\/","og_site_name":"\u042d\u043a\u0441\u043a\u0443\u0440\u0441\u0438\u0438 Skyline","article_modified_time":"2025-12-22T22:49:39+00:00","og_image":[{"width":669,"height":446,"url":"https:\/\/skyline-gs.com\/wp-content\/uploads\/2025\/01\/34.png","type":"image\/png"}],"twitter_card":"summary_large_image","twitter_misc":{"Szacowany czas czytania":"2 minuty"},"schema":{"@context":"https:\/\/schema.org","@graph":[{"@type":"WebPage","@id":"http:\/\/skyline-gs.com\/de\/produkt\/south-coast-iceland\/","url":"http:\/\/skyline-gs.com\/de\/produkt\/south-coast-iceland\/","name":"Wycieczka niestandardowa: po\u0142udniowe wybrze\u017ce Islandii, lodowiec Mj\u00f6dalsj\u00f6kull, Czarna Pla\u017ca - Skyline Excursions","isPartOf":{"@id":"https:\/\/skyline-gs.com\/it\/#website"},"primaryImageOfPage":{"@id":"http:\/\/skyline-gs.com\/de\/produkt\/south-coast-iceland\/#primaryimage"},"image":{"@id":"http:\/\/skyline-gs.com\/de\/produkt\/south-coast-iceland\/#primaryimage"},"thumbnailUrl":"https:\/\/skyline-gs.com\/wp-content\/uploads\/2025\/01\/34.png","datePublished":"2025-01-11T21:43:07+00:00","dateModified":"2025-12-22T22:49:39+00:00","breadcrumb":{"@id":"http:\/\/skyline-gs.com\/de\/produkt\/south-coast-iceland\/#breadcrumb"},"inLanguage":"pl-PL","potentialAction":[{"@type":"ReadAction","target":["http:\/\/skyline-gs.com\/de\/produkt\/south-coast-iceland\/"]}]},{"@type":"ImageObject","inLanguage":"pl-PL","@id":"http:\/\/skyline-gs.com\/de\/produkt\/south-coast-iceland\/#primaryimage","url":"https:\/\/skyline-gs.com\/wp-content\/uploads\/2025\/01\/34.png","contentUrl":"https:\/\/skyline-gs.com\/wp-content\/uploads\/2025\/01\/34.png","width":669,"height":446},{"@type":"BreadcrumbList","@id":"http:\/\/skyline-gs.com\/de\/produkt\/south-coast-iceland\/#breadcrumb","itemListElement":[{"@type":"ListItem","position":1,"name":"\u0413\u043b\u0430\u0432\u043d\u0430\u044f \u0441\u0442\u0440\u0430\u043d\u0438\u0446\u0430","item":"https:\/\/skyline-gs.com\/hu\/"},{"@type":"ListItem","position":2,"name":"\u041c\u0430\u0433\u0430\u0437\u0438\u043d","item":"https:\/\/skyline-gs.com\/cs\/shop\/"},{"@type":"ListItem","position":3,"name":"\u0418\u043d\u0434\u0438\u0432\u0438\u0434\u0443\u0430\u043b\u044c\u043d\u044b\u0439 \u0442\u0443\u0440: \u042e\u0436\u043d\u044b\u0439 \u0431\u0435\u0440\u0435\u0433 \u0418\u0441\u043b\u0430\u043d\u0434\u0438\u0438, \u043b\u0435\u0434\u043d\u0438\u043a \u041c\u0439\u0451\u0434\u0430\u043b\u044c\u0441\u0439\u043e\u043a\u0443\u0434\u043b\u044c, \u0427\u0435\u0440\u043d\u044b\u0439 \u043f\u043b\u044f\u0436"}]},{"@type":"WebSite","@id":"https:\/\/skyline-gs.com\/it\/#website","url":"https:\/\/skyline-gs.com\/it\/","name":"Wycieczki Skyline","description":"Ekskluzywne wycieczki do najlepszych kurort\u00f3w na \u015bwiecie","publisher":{"@id":"https:\/\/skyline-gs.com\/it\/#organization"},"alternateName":"Skyline","potentialAction":[{"@type":"SearchAction","target":{"@type":"EntryPoint","urlTemplate":"https:\/\/skyline-gs.com\/it\/?s={search_term_string}"},"query-input":{"@type":"PropertyValueSpecification","valueRequired":true,"valueName":"search_term_string"}}],"inLanguage":"pl-PL"},{"@type":"Organization","@id":"https:\/\/skyline-gs.com\/it\/#organization","name":"Wycieczki Skyline","alternateName":"\u042d\u043a\u0441\u043a\u0443\u0440\u0441\u0438\u0438 Skyline","url":"https:\/\/skyline-gs.com\/it\/","logo":{"@type":"ImageObject","inLanguage":"pl-PL","@id":"https:\/\/skyline-gs.com\/it\/#\/schema\/logo\/image\/","url":"https:\/\/skyline-gs.com\/wp-content\/uploads\/2020\/12\/cropped-logo-2.png","contentUrl":"https:\/\/skyline-gs.com\/wp-content\/uploads\/2020\/12\/cropped-logo-2.png","width":512,"height":512,"caption":"\u042d\u043a\u0441\u043a\u0443\u0440\u0441\u0438\u0438 Skyline"},"image":{"@id":"https:\/\/skyline-gs.com\/it\/#\/schema\/logo\/image\/"},"sameAs":["https:\/\/www.instagram.com\/skylineglobalservice\/"]}]}},"_links":{"self":[{"href":"https:\/\/skyline-gs.com\/pl\/wp-json\/wp\/v2\/product\/60882","targetHints":{"allow":["GET"]}}],"collection":[{"href":"https:\/\/skyline-gs.com\/pl\/wp-json\/wp\/v2\/product"}],"about":[{"href":"https:\/\/skyline-gs.com\/pl\/wp-json\/wp\/v2\/types\/product"}],"version-history":[{"count":0,"href":"https:\/\/skyline-gs.com\/pl\/wp-json\/wp\/v2\/product\/60882\/revisions"}],"wp:featuredmedia":[{"embeddable":true,"href":"https:\/\/skyline-gs.com\/pl\/wp-json\/wp\/v2\/media\/60921"}],"wp:attachment":[{"href":"https:\/\/skyline-gs.com\/pl\/wp-json\/wp\/v2\/media?parent=60882"}],"wp:term":[{"taxonomy":"product_brand","embeddable":true,"href":"https:\/\/skyline-gs.com\/pl\/wp-json\/wp\/v2\/product_brand?post=60882"},{"taxonomy":"product_cat","embeddable":true,"href":"https:\/\/skyline-gs.com\/pl\/wp-json\/wp\/v2\/product_cat?post=60882"},{"taxonomy":"product_tag","embeddable":true,"href":"https:\/\/skyline-gs.com\/pl\/wp-json\/wp\/v2\/product_tag?post=60882"}],"curies":[{"name":"wp","href":"https:\/\/api.w.org\/{rel}","templated":true}]}}