{"id":60575,"date":"2024-12-28T02:47:57","date_gmt":"2024-12-28T00:47:57","guid":{"rendered":"http:\/\/skyline-gs.com\/?post_type=product&#038;p=60575"},"modified":"2024-12-28T02:48:59","modified_gmt":"2024-12-28T00:48:59","slug":"2-days-cruise-hanoi","status":"publish","type":"product","link":"https:\/\/skyline-gs.com\/pl\/product\/2-days-cruise-hanoi\/","title":{"rendered":"Rejs po zatoce Halong (2 dni)"},"content":{"rendered":"<p>Pozw\u00f3l sobie na wyj\u0105tkow\u0105 wycieczk\u0119 luksusow\u0105 \u0142odzi\u0105 po s\u0142ynnej zatoce Halong. Ten program jest idealny dla tych, kt\u00f3rzy chc\u0105 odkrywa\u0107 naturalne pi\u0119kno i tradycje kulturowe Wietnamu, jednocze\u015bnie relaksuj\u0105c si\u0119 w komfortowych warunkach i delektuj\u0105c si\u0119 kulinarnymi przysmakami.<\/p>\n<p><strong>Dzie\u0144 1<\/strong><\/p>\n<p><strong>8:00 - Wyjazd z lobby hotelu w Hanoi.<\/strong>\u00a0Przejazd do zatoki Halong zajmie 3 godziny.<\/p>\n<p><strong>12:15 <\/strong>Wej\u015bcie na pok\u0142ad luksusowej \u0142odzi w porcie Sunworld. Drink powitalny, przedstawienie za\u0142ogi i instrukta\u017c bezpiecze\u0144stwa.<\/p>\n<p><strong>13:15 \u2013 14:00 <\/strong>Zestaw lunchowy z tradycyjnymi wietnamskimi potrawami.<\/p>\n<p><strong>15:00 <\/strong>Kajakarstwo i odkrywanie naturalnej scenerii jaskini Luon.<\/p>\n<p><strong>16:00 <\/strong>Transfer tenderem na wysp\u0119 Titova. Wspinaczka na szczyt wyspy, aby podziwia\u0107 spektakularny widok na zatok\u0119. Czas na p\u0142ywanie i relaks na pla\u017cy.<\/p>\n<p><strong>17:30 <\/strong>Impreza o zachodzie s\u0142o\u0144ca na tarasie z ofert\u0105 happy hour (17:30 - 19:30).<\/p>\n<p><strong>18:30 <\/strong>Udzia\u0142 w mistrzowskim kursie gotowania: nauka gotowania tradycyjnych wietnamskich potraw.<\/p>\n<p><strong>19:30 <\/strong>Kolacja z ustalonego menu i grill.<\/p>\n<p><strong>21:00 <\/strong>W wolnym czasie Go\u015bcie mog\u0105 zrelaksowa\u0107 si\u0119 na tarasie lub \u0142owi\u0107 kalmary. Dost\u0119pne s\u0105 r\u00f3wnie\u017c gry planszowe.<\/p>\n<p><strong>Dzie\u0144 2<\/strong><\/p>\n<p><strong>6:30 <\/strong>Poranna sesja tai chi, aby obudzi\u0107 cia\u0142o i umys\u0142.<\/p>\n<p><strong>7:00 <\/strong>Lekkie \u015bniadanie w stylu zachodnim.<\/p>\n<p><strong>8:00 <\/strong>Wizyta w Surprise Cave, jednej z najbardziej imponuj\u0105cych grot w zatoce. Wspinaczka po stu kamiennych stopniach do wej\u015bcia.<\/p>\n<p><strong>9:00 <\/strong>Powr\u00f3t na \u0142\u00f3d\u017a w celu odbycia podr\u00f3\u017cy powrotnej do portu alternatywn\u0105 tras\u0105.<\/p>\n<p><strong>10:30 <\/strong>Lunch w stylu fusion na pok\u0142adzie.<\/p>\n<p><strong>12:00 <\/strong>Wyokr\u0119towanie w porcie Sunworld i transfer z powrotem do Hanoi.<\/p>\n<p><strong>17:00 - Powr\u00f3t do hotelu.<\/strong><\/p>\n<p><strong>W zestawie:<\/strong><\/p>\n<ul>\n<li>Transfer z Hanoi do Halong i z powrotem (komfortowy klimatyzowany autobus)<\/li>\n<li>Rejs 3* w Halong przez 2 dni<\/li>\n<li>Przewodnik m\u00f3wi\u0105cy po angielsku<\/li>\n<li>Nap\u00f3j powitalny, ciep\u0142e\/zimne r\u0119czniki<\/li>\n<li>Posi\u0142ki: lunch, kolacja, \u015bniadanie na pok\u0142adzie statku<\/li>\n<li>Bilety wst\u0119pu<\/li>\n<li>Kajakarstwo<\/li>\n<\/ul>\n<p><strong>Brak w zestawie:<\/strong><\/p>\n<ul>\n<li>Napoje<\/li>\n<li>Wydatki osobiste<\/li>\n<\/ul>\n<p><strong>Zabierz go ze sob\u0105:<\/strong><\/p>\n<ul>\n<li>Paszport<\/li>\n<li>Wygodne ubrania i buty<\/li>\n<li>Nakrycie g\u0142owy<\/li>\n<li>Filtr przeciws\u0142oneczny<\/li>\n<li>kamera<\/li>\n<li>Got\u00f3wka na dodatki, takie jak napoje i pami\u0105tki<\/li>\n<\/ul>","protected":false},"excerpt":{"rendered":"<p><strong>Czas wycieczki:<\/strong> 2 dni<\/p>\n<p><strong>Holding Days:<\/strong> Ka\u017cdego dnia.<\/p>","protected":false},"featured_media":60547,"template":"","meta":{"_kad_post_transparent":"default","_kad_post_title":"","_kad_post_layout":"default","_kad_post_sidebar_id":"","_kad_post_content_style":"default","_kad_post_vertical_padding":"default","_kad_post_feature":"","_kad_post_feature_position":"","_kad_post_header":false,"_kad_post_footer":false,"_kad_post_classname":"","_glsr_average":0,"_glsr_ranking":0,"_glsr_reviews":0},"product_brand":[],"product_cat":[490],"product_tag":[],"class_list":{"0":"post-60575","1":"product","2":"type-product","3":"status-publish","4":"has-post-thumbnail","6":"product_cat-hanoi","7":"tm-has-options","9":"first","10":"instock","11":"sold-individually","12":"taxable","13":"shipping-taxable","14":"purchasable","15":"product-type-simple","16":"entry","17":"content-bg","18":"loop-entry"},"yoast_head":"<!-- This site is optimized with the Yoast SEO plugin v27.3 - https:\/\/yoast.com\/product\/yoast-seo-wordpress\/ -->\n<title>\u041a\u0440\u0443\u0438\u0437 \u0432 \u0431\u0443\u0445\u0442\u0435 \u0425\u0430\u043b\u043e\u043d\u0433 (2 \u0434\u043d\u044f) &#8226; \u042d\u043a\u0441\u043a\u0443\u0440\u0441\u0438\u0438 Skyline<\/title>\n<meta name=\"robots\" content=\"index, follow, max-snippet:-1, max-image-preview:large, max-video-preview:-1\" \/>\n<link rel=\"canonical\" href=\"https:\/\/skyline-gs.com\/pl\/produkt\/2-days-cruise-hanoi\/\" \/>\n<meta property=\"og:locale\" content=\"pl_PL\" \/>\n<meta property=\"og:type\" content=\"article\" \/>\n<meta property=\"og:title\" content=\"\u041a\u0440\u0443\u0438\u0437 \u0432 \u0431\u0443\u0445\u0442\u0435 \u0425\u0430\u043b\u043e\u043d\u0433 (2 \u0434\u043d\u044f) &#8226; \u042d\u043a\u0441\u043a\u0443\u0440\u0441\u0438\u0438 Skyline\" \/>\n<meta property=\"og:description\" content=\"\u0412\u0440\u0435\u043c\u044f \u0442\u0443\u0440\u0430: 2 \u0434\u043d\u044f  \u0414\u043d\u0438 \u043f\u0440\u043e\u0432\u0435\u0434\u0435\u043d\u0438\u044f: \u041a\u0430\u0436\u0434\u044b\u0439 \u0434\u0435\u043d\u044c\" \/>\n<meta property=\"og:url\" content=\"https:\/\/skyline-gs.com\/pl\/produkt\/2-days-cruise-hanoi\/\" \/>\n<meta property=\"og:site_name\" content=\"\u042d\u043a\u0441\u043a\u0443\u0440\u0441\u0438\u0438 Skyline\" \/>\n<meta property=\"article:modified_time\" content=\"2024-12-28T00:48:59+00:00\" \/>\n<meta property=\"og:image\" content=\"https:\/\/skyline-gs.com\/wp-content\/uploads\/2024\/12\/13.png\" \/>\n\t<meta property=\"og:image:width\" content=\"669\" \/>\n\t<meta property=\"og:image:height\" content=\"446\" \/>\n\t<meta property=\"og:image:type\" content=\"image\/png\" \/>\n<meta name=\"twitter:card\" content=\"summary_large_image\" \/>\n<meta name=\"twitter:label1\" content=\"Szacowany czas czytania\" \/>\n\t<meta name=\"twitter:data1\" content=\"2 minuty\" \/>\n<script type=\"application\/ld+json\" class=\"yoast-schema-graph\">{\"@context\":\"https:\\\/\\\/schema.org\",\"@graph\":[{\"@type\":\"WebPage\",\"@id\":\"https:\\\/\\\/skyline-gs.com\\\/product\\\/2-days-cruise-hanoi\\\/\",\"url\":\"https:\\\/\\\/skyline-gs.com\\\/product\\\/2-days-cruise-hanoi\\\/\",\"name\":\"\u041a\u0440\u0443\u0438\u0437 \u0432 \u0431\u0443\u0445\u0442\u0435 \u0425\u0430\u043b\u043e\u043d\u0433 (2 \u0434\u043d\u044f) &#8226; \u042d\u043a\u0441\u043a\u0443\u0440\u0441\u0438\u0438 Skyline\",\"isPartOf\":{\"@id\":\"https:\\\/\\\/skyline-gs.com\\\/it\\\/#website\"},\"primaryImageOfPage\":{\"@id\":\"https:\\\/\\\/skyline-gs.com\\\/product\\\/2-days-cruise-hanoi\\\/#primaryimage\"},\"image\":{\"@id\":\"https:\\\/\\\/skyline-gs.com\\\/product\\\/2-days-cruise-hanoi\\\/#primaryimage\"},\"thumbnailUrl\":\"https:\\\/\\\/skyline-gs.com\\\/wp-content\\\/uploads\\\/2024\\\/12\\\/13.png\",\"datePublished\":\"2024-12-28T00:47:57+00:00\",\"dateModified\":\"2024-12-28T00:48:59+00:00\",\"breadcrumb\":{\"@id\":\"https:\\\/\\\/skyline-gs.com\\\/product\\\/2-days-cruise-hanoi\\\/#breadcrumb\"},\"inLanguage\":\"pl-PL\",\"potentialAction\":[{\"@type\":\"ReadAction\",\"target\":[\"https:\\\/\\\/skyline-gs.com\\\/product\\\/2-days-cruise-hanoi\\\/\"]}]},{\"@type\":\"ImageObject\",\"inLanguage\":\"pl-PL\",\"@id\":\"https:\\\/\\\/skyline-gs.com\\\/product\\\/2-days-cruise-hanoi\\\/#primaryimage\",\"url\":\"https:\\\/\\\/skyline-gs.com\\\/wp-content\\\/uploads\\\/2024\\\/12\\\/13.png\",\"contentUrl\":\"https:\\\/\\\/skyline-gs.com\\\/wp-content\\\/uploads\\\/2024\\\/12\\\/13.png\",\"width\":669,\"height\":446},{\"@type\":\"BreadcrumbList\",\"@id\":\"https:\\\/\\\/skyline-gs.com\\\/product\\\/2-days-cruise-hanoi\\\/#breadcrumb\",\"itemListElement\":[{\"@type\":\"ListItem\",\"position\":1,\"name\":\"\u0413\u043b\u0430\u0432\u043d\u0430\u044f \u0441\u0442\u0440\u0430\u043d\u0438\u0446\u0430\",\"item\":\"https:\\\/\\\/skyline-gs.com\\\/hu\\\/\"},{\"@type\":\"ListItem\",\"position\":2,\"name\":\"\u041c\u0430\u0433\u0430\u0437\u0438\u043d\",\"item\":\"https:\\\/\\\/skyline-gs.com\\\/cs\\\/shop\\\/\"},{\"@type\":\"ListItem\",\"position\":3,\"name\":\"\u041a\u0440\u0443\u0438\u0437 \u0432 \u0431\u0443\u0445\u0442\u0435 \u0425\u0430\u043b\u043e\u043d\u0433 (2 \u0434\u043d\u044f)\"}]},{\"@type\":\"WebSite\",\"@id\":\"https:\\\/\\\/skyline-gs.com\\\/it\\\/#website\",\"url\":\"https:\\\/\\\/skyline-gs.com\\\/it\\\/\",\"name\":\"\u042d\u043a\u0441\u043a\u0443\u0440\u0441\u0438\u0438 Skyline\",\"description\":\"\u042d\u043a\u0441\u043a\u043b\u044e\u0437\u0438\u0432\u043d\u044b\u0435 \u044d\u043a\u0441\u043a\u0443\u0440\u0441\u0438\u0438 \u043d\u0430 \u043b\u0443\u0447\u0448\u0438\u0445 \u043a\u0443\u0440\u043e\u0440\u0442\u0430\u0445 \u043c\u0438\u0440\u0430\",\"publisher\":{\"@id\":\"https:\\\/\\\/skyline-gs.com\\\/it\\\/#organization\"},\"alternateName\":\"Skyline\",\"potentialAction\":[{\"@type\":\"SearchAction\",\"target\":{\"@type\":\"EntryPoint\",\"urlTemplate\":\"https:\\\/\\\/skyline-gs.com\\\/it\\\/?s={search_term_string}\"},\"query-input\":{\"@type\":\"PropertyValueSpecification\",\"valueRequired\":true,\"valueName\":\"search_term_string\"}}],\"inLanguage\":\"pl-PL\"},{\"@type\":\"Organization\",\"@id\":\"https:\\\/\\\/skyline-gs.com\\\/it\\\/#organization\",\"name\":\"\u042d\u043a\u0441\u043a\u0443\u0440\u0441\u0438\u0438 Skyline\",\"alternateName\":\"\u042d\u043a\u0441\u043a\u0443\u0440\u0441\u0438\u0438 Skyline\",\"url\":\"https:\\\/\\\/skyline-gs.com\\\/it\\\/\",\"logo\":{\"@type\":\"ImageObject\",\"inLanguage\":\"pl-PL\",\"@id\":\"https:\\\/\\\/skyline-gs.com\\\/it\\\/#\\\/schema\\\/logo\\\/image\\\/\",\"url\":\"https:\\\/\\\/skyline-gs.com\\\/wp-content\\\/uploads\\\/2020\\\/12\\\/cropped-logo-2.png\",\"contentUrl\":\"https:\\\/\\\/skyline-gs.com\\\/wp-content\\\/uploads\\\/2020\\\/12\\\/cropped-logo-2.png\",\"width\":512,\"height\":512,\"caption\":\"\u042d\u043a\u0441\u043a\u0443\u0440\u0441\u0438\u0438 Skyline\"},\"image\":{\"@id\":\"https:\\\/\\\/skyline-gs.com\\\/it\\\/#\\\/schema\\\/logo\\\/image\\\/\"},\"sameAs\":[\"https:\\\/\\\/www.instagram.com\\\/skylineglobalservice\\\/\"]}]}<\/script>\n<!-- \/ Yoast SEO plugin. -->","yoast_head_json":{"title":"Rejs po zatoce Halong (2 dni) - Wycieczki Skyline","robots":{"index":"index","follow":"follow","max-snippet":"max-snippet:-1","max-image-preview":"max-image-preview:large","max-video-preview":"max-video-preview:-1"},"canonical":"https:\/\/skyline-gs.com\/pl\/produkt\/2-days-cruise-hanoi\/","og_locale":"pl_PL","og_type":"article","og_title":"\u041a\u0440\u0443\u0438\u0437 \u0432 \u0431\u0443\u0445\u0442\u0435 \u0425\u0430\u043b\u043e\u043d\u0433 (2 \u0434\u043d\u044f) &#8226; \u042d\u043a\u0441\u043a\u0443\u0440\u0441\u0438\u0438 Skyline","og_description":"\u0412\u0440\u0435\u043c\u044f \u0442\u0443\u0440\u0430: 2 \u0434\u043d\u044f  \u0414\u043d\u0438 \u043f\u0440\u043e\u0432\u0435\u0434\u0435\u043d\u0438\u044f: \u041a\u0430\u0436\u0434\u044b\u0439 \u0434\u0435\u043d\u044c","og_url":"https:\/\/skyline-gs.com\/pl\/produkt\/2-days-cruise-hanoi\/","og_site_name":"\u042d\u043a\u0441\u043a\u0443\u0440\u0441\u0438\u0438 Skyline","article_modified_time":"2024-12-28T00:48:59+00:00","og_image":[{"width":669,"height":446,"url":"https:\/\/skyline-gs.com\/wp-content\/uploads\/2024\/12\/13.png","type":"image\/png"}],"twitter_card":"summary_large_image","twitter_misc":{"Szacowany czas czytania":"2 minuty"},"schema":{"@context":"https:\/\/schema.org","@graph":[{"@type":"WebPage","@id":"https:\/\/skyline-gs.com\/product\/2-days-cruise-hanoi\/","url":"https:\/\/skyline-gs.com\/product\/2-days-cruise-hanoi\/","name":"Rejs po zatoce Halong (2 dni) - Wycieczki Skyline","isPartOf":{"@id":"https:\/\/skyline-gs.com\/it\/#website"},"primaryImageOfPage":{"@id":"https:\/\/skyline-gs.com\/product\/2-days-cruise-hanoi\/#primaryimage"},"image":{"@id":"https:\/\/skyline-gs.com\/product\/2-days-cruise-hanoi\/#primaryimage"},"thumbnailUrl":"https:\/\/skyline-gs.com\/wp-content\/uploads\/2024\/12\/13.png","datePublished":"2024-12-28T00:47:57+00:00","dateModified":"2024-12-28T00:48:59+00:00","breadcrumb":{"@id":"https:\/\/skyline-gs.com\/product\/2-days-cruise-hanoi\/#breadcrumb"},"inLanguage":"pl-PL","potentialAction":[{"@type":"ReadAction","target":["https:\/\/skyline-gs.com\/product\/2-days-cruise-hanoi\/"]}]},{"@type":"ImageObject","inLanguage":"pl-PL","@id":"https:\/\/skyline-gs.com\/product\/2-days-cruise-hanoi\/#primaryimage","url":"https:\/\/skyline-gs.com\/wp-content\/uploads\/2024\/12\/13.png","contentUrl":"https:\/\/skyline-gs.com\/wp-content\/uploads\/2024\/12\/13.png","width":669,"height":446},{"@type":"BreadcrumbList","@id":"https:\/\/skyline-gs.com\/product\/2-days-cruise-hanoi\/#breadcrumb","itemListElement":[{"@type":"ListItem","position":1,"name":"\u0413\u043b\u0430\u0432\u043d\u0430\u044f \u0441\u0442\u0440\u0430\u043d\u0438\u0446\u0430","item":"https:\/\/skyline-gs.com\/hu\/"},{"@type":"ListItem","position":2,"name":"\u041c\u0430\u0433\u0430\u0437\u0438\u043d","item":"https:\/\/skyline-gs.com\/cs\/shop\/"},{"@type":"ListItem","position":3,"name":"\u041a\u0440\u0443\u0438\u0437 \u0432 \u0431\u0443\u0445\u0442\u0435 \u0425\u0430\u043b\u043e\u043d\u0433 (2 \u0434\u043d\u044f)"}]},{"@type":"WebSite","@id":"https:\/\/skyline-gs.com\/it\/#website","url":"https:\/\/skyline-gs.com\/it\/","name":"Wycieczki Skyline","description":"Ekskluzywne wycieczki do najlepszych kurort\u00f3w na \u015bwiecie","publisher":{"@id":"https:\/\/skyline-gs.com\/it\/#organization"},"alternateName":"Skyline","potentialAction":[{"@type":"SearchAction","target":{"@type":"EntryPoint","urlTemplate":"https:\/\/skyline-gs.com\/it\/?s={search_term_string}"},"query-input":{"@type":"PropertyValueSpecification","valueRequired":true,"valueName":"search_term_string"}}],"inLanguage":"pl-PL"},{"@type":"Organization","@id":"https:\/\/skyline-gs.com\/it\/#organization","name":"Wycieczki Skyline","alternateName":"\u042d\u043a\u0441\u043a\u0443\u0440\u0441\u0438\u0438 Skyline","url":"https:\/\/skyline-gs.com\/it\/","logo":{"@type":"ImageObject","inLanguage":"pl-PL","@id":"https:\/\/skyline-gs.com\/it\/#\/schema\/logo\/image\/","url":"https:\/\/skyline-gs.com\/wp-content\/uploads\/2020\/12\/cropped-logo-2.png","contentUrl":"https:\/\/skyline-gs.com\/wp-content\/uploads\/2020\/12\/cropped-logo-2.png","width":512,"height":512,"caption":"\u042d\u043a\u0441\u043a\u0443\u0440\u0441\u0438\u0438 Skyline"},"image":{"@id":"https:\/\/skyline-gs.com\/it\/#\/schema\/logo\/image\/"},"sameAs":["https:\/\/www.instagram.com\/skylineglobalservice\/"]}]}},"_links":{"self":[{"href":"https:\/\/skyline-gs.com\/pl\/wp-json\/wp\/v2\/product\/60575","targetHints":{"allow":["GET"]}}],"collection":[{"href":"https:\/\/skyline-gs.com\/pl\/wp-json\/wp\/v2\/product"}],"about":[{"href":"https:\/\/skyline-gs.com\/pl\/wp-json\/wp\/v2\/types\/product"}],"version-history":[{"count":0,"href":"https:\/\/skyline-gs.com\/pl\/wp-json\/wp\/v2\/product\/60575\/revisions"}],"wp:featuredmedia":[{"embeddable":true,"href":"https:\/\/skyline-gs.com\/pl\/wp-json\/wp\/v2\/media\/60547"}],"wp:attachment":[{"href":"https:\/\/skyline-gs.com\/pl\/wp-json\/wp\/v2\/media?parent=60575"}],"wp:term":[{"taxonomy":"product_brand","embeddable":true,"href":"https:\/\/skyline-gs.com\/pl\/wp-json\/wp\/v2\/product_brand?post=60575"},{"taxonomy":"product_cat","embeddable":true,"href":"https:\/\/skyline-gs.com\/pl\/wp-json\/wp\/v2\/product_cat?post=60575"},{"taxonomy":"product_tag","embeddable":true,"href":"https:\/\/skyline-gs.com\/pl\/wp-json\/wp\/v2\/product_tag?post=60575"}],"curies":[{"name":"wp","href":"https:\/\/api.w.org\/{rel}","templated":true}]}}