{"id":59049,"date":"2024-11-16T16:01:26","date_gmt":"2024-11-16T14:01:26","guid":{"rendered":"http:\/\/skyline-gs.com\/?post_type=product&#038;p=59049"},"modified":"2026-02-25T12:31:55","modified_gmt":"2026-02-25T10:31:55","slug":"dalat-maximum-nhatrang","status":"publish","type":"product","link":"https:\/\/skyline-gs.com\/pl\/product\/dalat-maximum-nhatrang\/","title":{"rendered":"\u0414\u0430\u043b\u0430\u0442 Maximum (\u043c\u0438\u043d\u0438-\u0433\u0440\u0443\u043f\u043f\u0430)"},"content":{"rendered":"<p><em>Wielko\u015b\u0107 grupy: Do 14 os\u00f3b<\/em><\/p>\n<p><strong>Dalat 1-dniowa wycieczka po Dalat - Dalat Maximum<\/strong> - to wyj\u0105tkowa okazja, aby zanurzy\u0107 si\u0119 w atmosferze Wietnamu, kt\u00f3ra \u0142\u0105czy w sobie g\u00f3rsk\u0105 \u015bwie\u017co\u015b\u0107, egzotyczn\u0105 przyrod\u0119 i niezwyk\u0142e cuda architektury. Dalat to miejsce, w kt\u00f3rym ka\u017cdy zak\u0105tek jest pe\u0142en magii: od malowniczych wodospad\u00f3w i plantacji kawy po najdziwniejsze i najbardziej magiczne budynki. Program obejmuje wszystkie najwa\u017cniejsze atrakcje tego cudownego miasta, dzi\u0119ki czemu mo\u017cna cieszy\u0107 si\u0119 jego pi\u0119knem w ci\u0105gu jednego dnia.<\/p>\n<p><strong>Trasa wycieczki:<\/strong><\/p>\n<p><strong>5:00 - Wyjazd z hotelowego lobby.<\/strong> Podr\u00f3\u017c do Dalat trwa oko\u0142o 3 godzin, a po drodze b\u0119dziesz m\u00f3g\u0142 podziwia\u0107 spektakularne widoki na g\u00f3ry i doliny, kt\u00f3re pozostawi\u0105 niezapomniane wra\u017cenia i b\u0119d\u0105 \u015bwietnym pocz\u0105tkiem dnia.<\/p>\n<ol>\n<li><strong>\u015aniadanie w wiosce Raglai<\/strong> \u2014 \u043e\u0441\u0442\u0430\u043d\u043e\u0432\u043a\u0430 \u0434\u043b\u044f \u0437\u0430\u0432\u0442\u0440\u0430\u043a\u0430 \u0432 \u043a\u0430\u0444\u0435 (\u0437\u0430\u043a\u0430\u0436\u0438\u0442\u0435 \u0437\u0430\u0432\u0442\u0440\u0430\u043a \u043d\u0430 \u0440\u0435\u0441\u0435\u043f\u0448\u0435\u043d\u0435 \u0441\u0432\u043e\u0435\u0433\u043e \u043e\u0442\u0435\u043b\u044f, \u044d\u0442\u043e \u0431\u0435\u0441\u043f\u043b\u0430\u0442\u043d\u043e).<\/li>\n<li><strong>Prze\u0142\u0119cz Khan Le<\/strong> (wysoko\u015b\u0107 1500 m n.p.m.) - przystanek na zdj\u0119cie przy wodospadzie Dalat's Tears z panoramicznym widokiem na malowniczy p\u0142askowy\u017c Taeinguyen.<\/li>\n<li><strong>Plantacje kawy Arabica<\/strong> - Spacer po pachn\u0105cych plantacjach kawy w sosnowym lesie na przedmie\u015bciach Dalat, gdzie mo\u017cna pozna\u0107 proces uprawy i zbioru kawy.<\/li>\n<li><strong>Crazy House<\/strong> - Wizyta w wyj\u0105tkowym hotelu, uznawanym za jeden z najbardziej niezwyk\u0142ych budynk\u00f3w na \u015bwiecie, o ekstrawaganckiej architekturze i surrealistycznej atmosferze.<\/li>\n<li><strong>Clay Village<\/strong> (Tunel kreatywno\u015bci) - ciekawe obiekty artystyczne i strefa fotograficzna \"Twarze mi\u0142o\u015bci\", kt\u00f3ra zapewni inspiracj\u0119 i jasne uj\u0119cia.<\/li>\n<li><strong>kolejka linowa<\/strong> (2300 metr\u00f3w d\u0142ugo\u015bci) to zapieraj\u0105ca dech w piersiach podr\u00f3\u017c z panoramicznym widokiem z lotu ptaka na Dalat i jego okolice.<\/li>\n<li><strong>Wodospad Datanla<\/strong> - Pi\u0119kne miejsce do spacer\u00f3w i robienia zdj\u0119\u0107, z mo\u017cliwo\u015bci\u0105 zjazdu na elektrycznych sankach a\u017c do podn\u00f3\u017ca wodospadu.<\/li>\n<li><strong>Farma kawy Luwak<\/strong> - Poznasz proces produkcji s\u0142ynnej kawy, mini zoo, przeja\u017cd\u017cki na s\u0142oniach i strusiach, a tak\u017ce niecodzienn\u0105 rozrywk\u0119 - \u0142apanie krokodyli.<\/li>\n<li><strong>Pagoda Linh Phuoc<\/strong> - Niesamowita \u015bwi\u0105tynia z pot\u0142uczonego szk\u0142a, pos\u0105g \u015bwie\u017cych kwiat\u00f3w (18 metr\u00f3w wysoko\u015bci), \u015bwi\u0105tynia z\u0142otego Buddy i dzwon \u017cycze\u0144, do kt\u00f3rego mo\u017cna przyj\u015b\u0107 i spe\u0142ni\u0107 swoje marzenia.<\/li>\n<\/ol>\n<p><strong>19:00 - Powr\u00f3t do hotelu.<\/strong> Wieczorem b\u0119dziesz pe\u0142en \u017cywych wra\u017ce\u0144 i wspomnie\u0144 z pi\u0119knych miejsc, kt\u00f3re odwiedzi\u0142e\u015b.<\/p>\n<p><strong>W zestawie:<\/strong><\/p>\n<ul>\n<li>Transfery z i do hotelu<\/li>\n<li>Rosyjskoj\u0119zyczny przewodnik<\/li>\n<li>Bilety wst\u0119pu<\/li>\n<li>Lunch<\/li>\n<li>Woda<\/li>\n<\/ul>\n<p><strong>Brak w zestawie:<\/strong><\/p>\n<ul>\n<li>\u015aniadanie<\/li>\n<li>Dodatkowa rozrywka (przeja\u017cd\u017cki na s\u0142oniach, strusiach i saniach elektrycznych)<\/li>\n<li>Transfer z hoteli poza miastem: <strong style=\"font-family: var(--global-body-font-family);\">Cam Ranh<\/strong><span style=\"font-family: var(--global-body-font-family);\">\u00a0- dop\u0142ata\u00a0<\/span><strong style=\"font-family: var(--global-body-font-family);\">+40$ za pojazd do 6 os\u00f3b<\/strong><span style=\"font-family: var(--global-body-font-family);\">\u00a0podr\u00f3\u017c w obie strony i\u00a0<\/span><strong style=\"font-family: var(--global-body-font-family);\">+60$ za pojazd do 10 os\u00f3b<\/strong><span style=\"font-family: var(--global-body-font-family);\">\u00a0w obie strony<\/span><\/li>\n<li>Transfer z hoteli poza miastem:\u00a0<strong>Amiana<\/strong>\u00a0- dop\u0142ata\u00a0<strong>+10$ na pojazd do 6 os\u00f3b<\/strong>\u00a0podr\u00f3\u017c w obie strony i\u00a0<strong>+15$ za pojazd do 10 os\u00f3b<\/strong>\u00a0w obie strony<\/li>\n<\/ul>\n<p><strong>Zabierz go ze sob\u0105:<\/strong><\/p>\n<ul>\n<li>\u015aniadanie do zabrania ze sob\u0105 (zam\u00f3w w recepcji hotelu, jest bezp\u0142atne)<\/li>\n<li>\u0422\u0435\u043f\u043b\u044b\u0435 \u0432\u0435\u0449\u0438 \u0432 \u0437\u0438\u043c\u043d\u0435\u0435 \u0432\u0440\u0435\u043c\u044f<\/li>\n<li>Nakrycie g\u0142owy<\/li>\n<li>Wygodne buty<\/li>\n<li>\u0424\u043e\u0442\u043e\u0430\u043f\u0430\u0440\u0430\u0442<\/li>\n<\/ul>","protected":false},"excerpt":{"rendered":"<p><strong>Czas wycieczki:<\/strong> 5:00 &#8212; 19:00<\/p>\n<p><strong>Holding Days:<\/strong> Poniedzia\u0142ek, czwartek<\/p>","protected":false},"featured_media":59132,"template":"","meta":{"_kad_post_transparent":"default","_kad_post_title":"","_kad_post_layout":"default","_kad_post_sidebar_id":"","_kad_post_content_style":"default","_kad_post_vertical_padding":"default","_kad_post_feature":"","_kad_post_feature_position":"","_kad_post_header":false,"_kad_post_footer":false,"_kad_post_classname":"","_glsr_average":0,"_glsr_ranking":0,"_glsr_reviews":0},"product_brand":[],"product_cat":[437],"product_tag":[],"class_list":{"0":"post-59049","1":"product","2":"type-product","3":"status-publish","4":"has-post-thumbnail","6":"product_cat-nha-trang","7":"tm-has-options","9":"first","10":"instock","11":"sale","12":"sold-individually","13":"taxable","14":"shipping-taxable","15":"purchasable","16":"product-type-simple","17":"entry","18":"content-bg","19":"loop-entry"},"yoast_head":"<!-- This site is optimized with the Yoast SEO plugin v27.3 - https:\/\/yoast.com\/product\/yoast-seo-wordpress\/ -->\n<title>\u0414\u0430\u043b\u0430\u0442 Maximum (\u043c\u0438\u043d\u0438-\u0433\u0440\u0443\u043f\u043f\u0430) &#8226; \u042d\u043a\u0441\u043a\u0443\u0440\u0441\u0438\u0438 Skyline<\/title>\n<meta name=\"robots\" content=\"index, follow, max-snippet:-1, max-image-preview:large, max-video-preview:-1\" \/>\n<link rel=\"canonical\" href=\"https:\/\/skyline-gs.com\/pl\/produkt\/dalat-maximum-nhatrang\/\" \/>\n<meta property=\"og:locale\" content=\"pl_PL\" \/>\n<meta property=\"og:type\" content=\"article\" \/>\n<meta property=\"og:title\" content=\"\u0414\u0430\u043b\u0430\u0442 Maximum (\u043c\u0438\u043d\u0438-\u0433\u0440\u0443\u043f\u043f\u0430) &#8226; \u042d\u043a\u0441\u043a\u0443\u0440\u0441\u0438\u0438 Skyline\" \/>\n<meta property=\"og:description\" content=\"\u0412\u0440\u0435\u043c\u044f \u0442\u0443\u0440\u0430: 5:00 - 19:00  \u0414\u043d\u0438 \u043f\u0440\u043e\u0432\u0435\u0434\u0435\u043d\u0438\u044f: \u041f\u043e\u043d\u0435\u0434\u0435\u043b\u044c\u043d\u0438\u043a, \u0427\u0435\u0442\u0432\u0435\u0440\u0433\" \/>\n<meta property=\"og:url\" content=\"https:\/\/skyline-gs.com\/pl\/produkt\/dalat-maximum-nhatrang\/\" \/>\n<meta property=\"og:site_name\" content=\"\u042d\u043a\u0441\u043a\u0443\u0440\u0441\u0438\u0438 Skyline\" \/>\n<meta property=\"article:modified_time\" content=\"2026-02-25T10:31:55+00:00\" \/>\n<meta property=\"og:image\" content=\"https:\/\/skyline-gs.com\/wp-content\/uploads\/2024\/11\/22.png\" \/>\n\t<meta property=\"og:image:width\" content=\"669\" \/>\n\t<meta property=\"og:image:height\" content=\"446\" \/>\n\t<meta property=\"og:image:type\" content=\"image\/png\" \/>\n<meta name=\"twitter:card\" content=\"summary_large_image\" \/>\n<meta name=\"twitter:label1\" content=\"Szacowany czas czytania\" \/>\n\t<meta name=\"twitter:data1\" content=\"3 minuty\" \/>\n<script type=\"application\/ld+json\" class=\"yoast-schema-graph\">{\"@context\":\"https:\\\/\\\/schema.org\",\"@graph\":[{\"@type\":\"WebPage\",\"@id\":\"https:\\\/\\\/skyline-gs.com\\\/product\\\/dalat-maximum-nhatrang\\\/\",\"url\":\"https:\\\/\\\/skyline-gs.com\\\/product\\\/dalat-maximum-nhatrang\\\/\",\"name\":\"\u0414\u0430\u043b\u0430\u0442 Maximum (\u043c\u0438\u043d\u0438-\u0433\u0440\u0443\u043f\u043f\u0430) &#8226; \u042d\u043a\u0441\u043a\u0443\u0440\u0441\u0438\u0438 Skyline\",\"isPartOf\":{\"@id\":\"https:\\\/\\\/skyline-gs.com\\\/it\\\/#website\"},\"primaryImageOfPage\":{\"@id\":\"https:\\\/\\\/skyline-gs.com\\\/product\\\/dalat-maximum-nhatrang\\\/#primaryimage\"},\"image\":{\"@id\":\"https:\\\/\\\/skyline-gs.com\\\/product\\\/dalat-maximum-nhatrang\\\/#primaryimage\"},\"thumbnailUrl\":\"https:\\\/\\\/skyline-gs.com\\\/wp-content\\\/uploads\\\/2024\\\/11\\\/22.png\",\"datePublished\":\"2024-11-16T14:01:26+00:00\",\"dateModified\":\"2026-02-25T10:31:55+00:00\",\"breadcrumb\":{\"@id\":\"https:\\\/\\\/skyline-gs.com\\\/product\\\/dalat-maximum-nhatrang\\\/#breadcrumb\"},\"inLanguage\":\"pl-PL\",\"potentialAction\":[{\"@type\":\"ReadAction\",\"target\":[\"https:\\\/\\\/skyline-gs.com\\\/product\\\/dalat-maximum-nhatrang\\\/\"]}]},{\"@type\":\"ImageObject\",\"inLanguage\":\"pl-PL\",\"@id\":\"https:\\\/\\\/skyline-gs.com\\\/product\\\/dalat-maximum-nhatrang\\\/#primaryimage\",\"url\":\"https:\\\/\\\/skyline-gs.com\\\/wp-content\\\/uploads\\\/2024\\\/11\\\/22.png\",\"contentUrl\":\"https:\\\/\\\/skyline-gs.com\\\/wp-content\\\/uploads\\\/2024\\\/11\\\/22.png\",\"width\":669,\"height\":446},{\"@type\":\"BreadcrumbList\",\"@id\":\"https:\\\/\\\/skyline-gs.com\\\/product\\\/dalat-maximum-nhatrang\\\/#breadcrumb\",\"itemListElement\":[{\"@type\":\"ListItem\",\"position\":1,\"name\":\"\u0413\u043b\u0430\u0432\u043d\u0430\u044f \u0441\u0442\u0440\u0430\u043d\u0438\u0446\u0430\",\"item\":\"https:\\\/\\\/skyline-gs.com\\\/hu\\\/\"},{\"@type\":\"ListItem\",\"position\":2,\"name\":\"\u041c\u0430\u0433\u0430\u0437\u0438\u043d\",\"item\":\"https:\\\/\\\/skyline-gs.com\\\/cs\\\/shop\\\/\"},{\"@type\":\"ListItem\",\"position\":3,\"name\":\"\u0414\u0430\u043b\u0430\u0442 Maximum (\u043c\u0438\u043d\u0438-\u0433\u0440\u0443\u043f\u043f\u0430)\"}]},{\"@type\":\"WebSite\",\"@id\":\"https:\\\/\\\/skyline-gs.com\\\/it\\\/#website\",\"url\":\"https:\\\/\\\/skyline-gs.com\\\/it\\\/\",\"name\":\"\u042d\u043a\u0441\u043a\u0443\u0440\u0441\u0438\u0438 Skyline\",\"description\":\"\u042d\u043a\u0441\u043a\u043b\u044e\u0437\u0438\u0432\u043d\u044b\u0435 \u044d\u043a\u0441\u043a\u0443\u0440\u0441\u0438\u0438 \u043d\u0430 \u043b\u0443\u0447\u0448\u0438\u0445 \u043a\u0443\u0440\u043e\u0440\u0442\u0430\u0445 \u043c\u0438\u0440\u0430\",\"publisher\":{\"@id\":\"https:\\\/\\\/skyline-gs.com\\\/it\\\/#organization\"},\"alternateName\":\"Skyline\",\"potentialAction\":[{\"@type\":\"SearchAction\",\"target\":{\"@type\":\"EntryPoint\",\"urlTemplate\":\"https:\\\/\\\/skyline-gs.com\\\/it\\\/?s={search_term_string}\"},\"query-input\":{\"@type\":\"PropertyValueSpecification\",\"valueRequired\":true,\"valueName\":\"search_term_string\"}}],\"inLanguage\":\"pl-PL\"},{\"@type\":\"Organization\",\"@id\":\"https:\\\/\\\/skyline-gs.com\\\/it\\\/#organization\",\"name\":\"\u042d\u043a\u0441\u043a\u0443\u0440\u0441\u0438\u0438 Skyline\",\"alternateName\":\"\u042d\u043a\u0441\u043a\u0443\u0440\u0441\u0438\u0438 Skyline\",\"url\":\"https:\\\/\\\/skyline-gs.com\\\/it\\\/\",\"logo\":{\"@type\":\"ImageObject\",\"inLanguage\":\"pl-PL\",\"@id\":\"https:\\\/\\\/skyline-gs.com\\\/it\\\/#\\\/schema\\\/logo\\\/image\\\/\",\"url\":\"https:\\\/\\\/skyline-gs.com\\\/wp-content\\\/uploads\\\/2020\\\/12\\\/cropped-logo-2.png\",\"contentUrl\":\"https:\\\/\\\/skyline-gs.com\\\/wp-content\\\/uploads\\\/2020\\\/12\\\/cropped-logo-2.png\",\"width\":512,\"height\":512,\"caption\":\"\u042d\u043a\u0441\u043a\u0443\u0440\u0441\u0438\u0438 Skyline\"},\"image\":{\"@id\":\"https:\\\/\\\/skyline-gs.com\\\/it\\\/#\\\/schema\\\/logo\\\/image\\\/\"},\"sameAs\":[\"https:\\\/\\\/www.instagram.com\\\/skylineglobalservice\\\/\"]}]}<\/script>\n<!-- \/ Yoast SEO plugin. -->","yoast_head_json":{"title":"\u0414\u0430\u043b\u0430\u0442 Maximum (\u043c\u0438\u043d\u0438-\u0433\u0440\u0443\u043f\u043f\u0430) &#8226; \u042d\u043a\u0441\u043a\u0443\u0440\u0441\u0438\u0438 Skyline","robots":{"index":"index","follow":"follow","max-snippet":"max-snippet:-1","max-image-preview":"max-image-preview:large","max-video-preview":"max-video-preview:-1"},"canonical":"https:\/\/skyline-gs.com\/pl\/produkt\/dalat-maximum-nhatrang\/","og_locale":"pl_PL","og_type":"article","og_title":"\u0414\u0430\u043b\u0430\u0442 Maximum (\u043c\u0438\u043d\u0438-\u0433\u0440\u0443\u043f\u043f\u0430) &#8226; \u042d\u043a\u0441\u043a\u0443\u0440\u0441\u0438\u0438 Skyline","og_description":"\u0412\u0440\u0435\u043c\u044f \u0442\u0443\u0440\u0430: 5:00 - 19:00  \u0414\u043d\u0438 \u043f\u0440\u043e\u0432\u0435\u0434\u0435\u043d\u0438\u044f: \u041f\u043e\u043d\u0435\u0434\u0435\u043b\u044c\u043d\u0438\u043a, \u0427\u0435\u0442\u0432\u0435\u0440\u0433","og_url":"https:\/\/skyline-gs.com\/pl\/produkt\/dalat-maximum-nhatrang\/","og_site_name":"\u042d\u043a\u0441\u043a\u0443\u0440\u0441\u0438\u0438 Skyline","article_modified_time":"2026-02-25T10:31:55+00:00","og_image":[{"width":669,"height":446,"url":"https:\/\/skyline-gs.com\/wp-content\/uploads\/2024\/11\/22.png","type":"image\/png"}],"twitter_card":"summary_large_image","twitter_misc":{"Szacowany czas czytania":"3 minuty"},"schema":{"@context":"https:\/\/schema.org","@graph":[{"@type":"WebPage","@id":"https:\/\/skyline-gs.com\/product\/dalat-maximum-nhatrang\/","url":"https:\/\/skyline-gs.com\/product\/dalat-maximum-nhatrang\/","name":"\u0414\u0430\u043b\u0430\u0442 Maximum (\u043c\u0438\u043d\u0438-\u0433\u0440\u0443\u043f\u043f\u0430) &#8226; \u042d\u043a\u0441\u043a\u0443\u0440\u0441\u0438\u0438 Skyline","isPartOf":{"@id":"https:\/\/skyline-gs.com\/it\/#website"},"primaryImageOfPage":{"@id":"https:\/\/skyline-gs.com\/product\/dalat-maximum-nhatrang\/#primaryimage"},"image":{"@id":"https:\/\/skyline-gs.com\/product\/dalat-maximum-nhatrang\/#primaryimage"},"thumbnailUrl":"https:\/\/skyline-gs.com\/wp-content\/uploads\/2024\/11\/22.png","datePublished":"2024-11-16T14:01:26+00:00","dateModified":"2026-02-25T10:31:55+00:00","breadcrumb":{"@id":"https:\/\/skyline-gs.com\/product\/dalat-maximum-nhatrang\/#breadcrumb"},"inLanguage":"pl-PL","potentialAction":[{"@type":"ReadAction","target":["https:\/\/skyline-gs.com\/product\/dalat-maximum-nhatrang\/"]}]},{"@type":"ImageObject","inLanguage":"pl-PL","@id":"https:\/\/skyline-gs.com\/product\/dalat-maximum-nhatrang\/#primaryimage","url":"https:\/\/skyline-gs.com\/wp-content\/uploads\/2024\/11\/22.png","contentUrl":"https:\/\/skyline-gs.com\/wp-content\/uploads\/2024\/11\/22.png","width":669,"height":446},{"@type":"BreadcrumbList","@id":"https:\/\/skyline-gs.com\/product\/dalat-maximum-nhatrang\/#breadcrumb","itemListElement":[{"@type":"ListItem","position":1,"name":"\u0413\u043b\u0430\u0432\u043d\u0430\u044f \u0441\u0442\u0440\u0430\u043d\u0438\u0446\u0430","item":"https:\/\/skyline-gs.com\/hu\/"},{"@type":"ListItem","position":2,"name":"\u041c\u0430\u0433\u0430\u0437\u0438\u043d","item":"https:\/\/skyline-gs.com\/cs\/shop\/"},{"@type":"ListItem","position":3,"name":"\u0414\u0430\u043b\u0430\u0442 Maximum (\u043c\u0438\u043d\u0438-\u0433\u0440\u0443\u043f\u043f\u0430)"}]},{"@type":"WebSite","@id":"https:\/\/skyline-gs.com\/it\/#website","url":"https:\/\/skyline-gs.com\/it\/","name":"Wycieczki Skyline","description":"Ekskluzywne wycieczki do najlepszych kurort\u00f3w na \u015bwiecie","publisher":{"@id":"https:\/\/skyline-gs.com\/it\/#organization"},"alternateName":"Skyline","potentialAction":[{"@type":"SearchAction","target":{"@type":"EntryPoint","urlTemplate":"https:\/\/skyline-gs.com\/it\/?s={search_term_string}"},"query-input":{"@type":"PropertyValueSpecification","valueRequired":true,"valueName":"search_term_string"}}],"inLanguage":"pl-PL"},{"@type":"Organization","@id":"https:\/\/skyline-gs.com\/it\/#organization","name":"Wycieczki Skyline","alternateName":"\u042d\u043a\u0441\u043a\u0443\u0440\u0441\u0438\u0438 Skyline","url":"https:\/\/skyline-gs.com\/it\/","logo":{"@type":"ImageObject","inLanguage":"pl-PL","@id":"https:\/\/skyline-gs.com\/it\/#\/schema\/logo\/image\/","url":"https:\/\/skyline-gs.com\/wp-content\/uploads\/2020\/12\/cropped-logo-2.png","contentUrl":"https:\/\/skyline-gs.com\/wp-content\/uploads\/2020\/12\/cropped-logo-2.png","width":512,"height":512,"caption":"\u042d\u043a\u0441\u043a\u0443\u0440\u0441\u0438\u0438 Skyline"},"image":{"@id":"https:\/\/skyline-gs.com\/it\/#\/schema\/logo\/image\/"},"sameAs":["https:\/\/www.instagram.com\/skylineglobalservice\/"]}]}},"_links":{"self":[{"href":"https:\/\/skyline-gs.com\/pl\/wp-json\/wp\/v2\/product\/59049","targetHints":{"allow":["GET"]}}],"collection":[{"href":"https:\/\/skyline-gs.com\/pl\/wp-json\/wp\/v2\/product"}],"about":[{"href":"https:\/\/skyline-gs.com\/pl\/wp-json\/wp\/v2\/types\/product"}],"version-history":[{"count":0,"href":"https:\/\/skyline-gs.com\/pl\/wp-json\/wp\/v2\/product\/59049\/revisions"}],"wp:featuredmedia":[{"embeddable":true,"href":"https:\/\/skyline-gs.com\/pl\/wp-json\/wp\/v2\/media\/59132"}],"wp:attachment":[{"href":"https:\/\/skyline-gs.com\/pl\/wp-json\/wp\/v2\/media?parent=59049"}],"wp:term":[{"taxonomy":"product_brand","embeddable":true,"href":"https:\/\/skyline-gs.com\/pl\/wp-json\/wp\/v2\/product_brand?post=59049"},{"taxonomy":"product_cat","embeddable":true,"href":"https:\/\/skyline-gs.com\/pl\/wp-json\/wp\/v2\/product_cat?post=59049"},{"taxonomy":"product_tag","embeddable":true,"href":"https:\/\/skyline-gs.com\/pl\/wp-json\/wp\/v2\/product_tag?post=59049"}],"curies":[{"name":"wp","href":"https:\/\/api.w.org\/{rel}","templated":true}]}}