{"id":58373,"date":"2024-10-22T13:03:22","date_gmt":"2024-10-22T11:03:22","guid":{"rendered":"http:\/\/skyline-gs.com\/?post_type=product&#038;p=58373"},"modified":"2026-03-09T23:37:38","modified_gmt":"2026-03-09T21:37:38","slug":"sri-lanka-mosaic-pro-pidurangala-srilanka-2","status":"publish","type":"product","link":"https:\/\/skyline-gs.com\/pl\/product\/sri-lanka-mosaic-pro-pidurangala-srilanka\/","title":{"rendered":"Lanka Express Plus (z Pidurangala) 2 dni"},"content":{"rendered":"<p>To prawdziwe \u00abmaksimum Sri Lanki\u00bb w 2 dni! Czekaj\u0105 na Ciebie legendarne widoki, kultowe \u015bwi\u0105tynie, s\u0142onie i ma\u0142py, plantacje herbaty i niesamowita naturalna sceneria. Program jest przeznaczony dla tych, kt\u00f3rzy chc\u0105 zakocha\u0107 si\u0119 w Sri Lance od pierwszego wejrzenia i zabra\u0107 ze sob\u0105 setki \u017cywych zdj\u0119\u0107.<\/p>\n<p><strong>Dzie\u0144 1<\/strong><\/p>\n<ul>\n<li data-start=\"680\" data-end=\"713\"><strong>3:00 - Wyjazd z hotelowego lobby.<\/strong><\/li>\n<li data-start=\"680\" data-end=\"713\"><strong data-start=\"717\" data-end=\"763\">Little Adam's Peak (oko\u0142o 30 minut wspinaczki). <\/strong>\u0141atwy trekking, po kt\u00f3rym mo\u017cna podziwia\u0107 panoramiczne widoki na Ella i doliny g\u00f3rskie. \u015awietne miejsce na spotkanie ze wschodem s\u0142o\u0144ca i zrobienie pierwszego wra\u017cenia.<\/li>\n<li data-start=\"680\" data-end=\"713\"><strong data-start=\"911\" data-end=\"932\">Ravana Falls. <\/strong>Jeden z najbardziej malowniczych wodospad\u00f3w na wyspie. Tutaj mo\u017cna wzi\u0105\u0107 orze\u017awiaj\u0105c\u0105 k\u0105piel, pop\u0142ywa\u0107 lub zrobi\u0107 spektakularne zdj\u0119cia na tle pot\u0119\u017cnych strumieni wody.<\/li>\n<li data-start=\"680\" data-end=\"713\"><strong data-start=\"1077\" data-end=\"1102\">Bridge of Nine. <\/strong>Najbardziej fotogeniczny most na Sri Lance. Szczeg\u00f3lnie imponuj\u0105cy jest moment, gdy przeje\u017cd\u017ca po nim poci\u0105g, a dooko\u0142a wida\u0107 zielone wzg\u00f3rza i chmury.<\/li>\n<li data-start=\"680\" data-end=\"713\"><strong data-start=\"1240\" data-end=\"1285\">Poci\u0105g z Ella do Nuwara Eliya (30-40 minut). <\/strong>S\u0142ynna przeja\u017cd\u017cka z zapieraj\u0105cymi dech w piersiach widokami na plantacje herbaty, w\u0105wozy i g\u00f3ry. To w\u0142a\u015bnie tutaj robione s\u0105 kultowe zdj\u0119cia \u00abdrzwi poci\u0105gu\u00bb.<\/li>\n<li data-start=\"680\" data-end=\"713\"><strong data-start=\"1442\" data-end=\"1484\">Zwiedzanie miasta Nuwara Eliya. <\/strong>\u00abMa\u0142a Anglia\u00bb w sercu Sri Lanki. Brytyjska architektura, przytulne uliczki, kwitn\u0105ce ogrody. Ze starego urz\u0119du pocztowego mo\u017cna wys\u0142a\u0107 poczt\u00f3wk\u0119.<\/li>\n<li data-start=\"680\" data-end=\"713\"><strong data-start=\"1632\" data-end=\"1667\">Hinduska \u015bwi\u0105tynia Sita Amman. <\/strong>Miejsce zwi\u0105zane z legend\u0105 Ramajany. Kolorowa \u015bwi\u0105tynia po\u015bwi\u0119cona bogini Sicie, ozdobiona wieloma wizerunkami hinduskich b\u00f3stw. Klimatyczne i uduchowione miejsce.<\/li>\n<li data-start=\"680\" data-end=\"713\"><strong data-start=\"1839\" data-end=\"1872\">Plantacja i fabryka herbaty. <\/strong>Wprowadzenie do procesu uprawy i produkcji herbaty cejlo\u0144skiej. Degustacja 12 odmian herbaty, mo\u017cliwo\u015b\u0107 zakupu \u015bwie\u017cej herbaty i zrobienia zdj\u0119cia w tradycyjnym stylu z koszami.<\/li>\n<li data-start=\"680\" data-end=\"713\"><strong data-start=\"2055\" data-end=\"2117\">Kolacja (w formie bufetu) i nocleg w hotelu Tea Bush Ramboda. <\/strong>Hotel z panoramicznymi balkonami, widokiem na wodospad i g\u00f3ry. Doskona\u0142e miejsce na relaks po m\u0119cz\u0105cym dniu.<\/li>\n<\/ul>\n<p><strong>Dzie\u0144 2<\/strong><\/p>\n<ul>\n<li data-start=\"2254\" data-end=\"2283\"><strong data-start=\"2254\" data-end=\"2281\">\u015aniadanie (w formie bufetu)<\/strong><\/li>\n<li data-start=\"2254\" data-end=\"2283\"><strong data-start=\"2287\" data-end=\"2304\">Ambuluwawa. <\/strong>Wie\u017ca, kt\u00f3ra zosta\u0142a opisana jako \u00abspirala do nieba\u00bb. Wspinaczka na szczyt oferuje panoramiczne widoki na d\u017cungl\u0119 i doliny g\u00f3rskie.<\/li>\n<li data-start=\"2254\" data-end=\"2283\"><strong data-start=\"2423\" data-end=\"2457\">Szk\u00f3\u0142ka s\u0142oni Pinnawala. <\/strong>\u017byje tu ponad 90 s\u0142oni. Zobaczysz ich karmienie i k\u0105piel, obejrzysz ma\u0142e s\u0142onie i zrobisz zdj\u0119cia z tymi niesamowitymi zwierz\u0119tami.<\/li>\n<li data-start=\"2254\" data-end=\"2283\"><strong data-start=\"2612\" data-end=\"2651\">Z\u0142ota \u015awi\u0105tynia Dambulla (15 minut). <\/strong>Majestatyczny kompleks buddyjski znany ze staro\u017cytnych \u015bwi\u0105ty\u0144 jaskiniowych i ogromnego z\u0142otego pos\u0105gu Buddy.<\/li>\n<li data-start=\"2254\" data-end=\"2283\"><strong data-start=\"2775\" data-end=\"2799\">Karmienie ma\u0142p. <\/strong>Zabawna i \u017cywa interakcja z psotnymi mieszka\u0144cami. \u015awietna okazja do zrobienia jasnych i zabawnych zdj\u0119\u0107.<\/li>\n<li data-start=\"2254\" data-end=\"2283\"><strong data-start=\"2915\" data-end=\"2943\">Wspinaczka do Pidurangala. <\/strong>Ostatni\u0105 atrakcj\u0105 wycieczki jest wej\u015bcie na g\u00f3r\u0119 Pidurangala. Z tego miejsca mo\u017cna zobaczy\u0107 <strong data-start=\"3031\" data-end=\"3064\">najpi\u0119kniejszy widok na Sigiriya<\/strong>, jedna z najwi\u0119kszych atrakcji Sri Lanki.<\/li>\n<li data-start=\"2254\" data-end=\"2283\"><strong>23:30 - Powr\u00f3t do hotelu.<\/strong><\/li>\n<\/ul>\n<p><strong>W zestawie:<\/strong><\/p>\n<ul>\n<li>Transfery do i z hotelu (odbi\u00f3r ze wszystkich hoteli na po\u0142udniowym wybrze\u017cu)<\/li>\n<li>Wszystkie transfery w ramach programu<\/li>\n<li>Rosyjskoj\u0119zyczny przewodnik<\/li>\n<li>Wszystkie bilety wst\u0119pu zgodnie z programem<\/li>\n<li>Nocleg w hotelu Tea Bush Ramboda<\/li>\n<li>Posi\u0142ki: kolacja i \u015bniadanie<\/li>\n<\/ul>\n<p><strong>Brak w zestawie:<\/strong><\/p>\n<ul>\n<li>Lunche ( 5-10$ )<\/li>\n<li>W przypadku zakwaterowania w pokoju jednoosobowym dop\u0142ata +25$<\/li>\n<\/ul>\n<p><strong>Zabierz go ze sob\u0105:<\/strong><\/p>\n<ul>\n<li>\u015aniadanie na wynos (zam\u00f3wienie w hotelu)<\/li>\n<li>Woda<\/li>\n<li>Nakrycie g\u0142owy<\/li>\n<li>Filtr przeciws\u0142oneczny<\/li>\n<li>Kieszonkowe<\/li>\n<\/ul>","protected":false},"excerpt":{"rendered":"<p><strong>Czas wycieczki:<\/strong> 2 dni<\/p>\n<p><strong>Holding Days:<\/strong> Wtorek, \u015broda, sobota, niedziela.<\/p>","protected":false},"featured_media":58374,"template":"","meta":{"_kad_post_transparent":"default","_kad_post_title":"","_kad_post_layout":"default","_kad_post_sidebar_id":"","_kad_post_content_style":"default","_kad_post_vertical_padding":"default","_kad_post_feature":"","_kad_post_feature_position":"","_kad_post_header":false,"_kad_post_footer":false,"_kad_post_classname":"","_glsr_average":0,"_glsr_ranking":0,"_glsr_reviews":0},"product_brand":[],"product_cat":[436],"product_tag":[],"class_list":{"0":"post-58373","1":"product","2":"type-product","3":"status-publish","4":"has-post-thumbnail","6":"product_cat-srilanka","7":"tm-has-options","9":"first","10":"instock","11":"sold-individually","12":"taxable","13":"shipping-taxable","14":"purchasable","15":"product-type-simple","16":"entry","17":"content-bg","18":"loop-entry"},"yoast_head":"<!-- This site is optimized with the Yoast SEO plugin v27.3 - https:\/\/yoast.com\/product\/yoast-seo-wordpress\/ -->\n<title>\u041b\u0430\u043d\u043a\u0438\u0439\u0441\u043a\u0438\u0439 \u044d\u043a\u0441\u043f\u0440\u0435\u0441\u0441 \u041f\u043b\u044e\u0441 (\u0441 \u041f\u0438\u0434\u0443\u0440\u0430\u043d\u0433\u0430\u043b\u0430) 2 \u0434\u043d\u044f &#8226; \u042d\u043a\u0441\u043a\u0443\u0440\u0441\u0438\u0438 Skyline<\/title>\n<meta name=\"robots\" content=\"index, follow, max-snippet:-1, max-image-preview:large, max-video-preview:-1\" \/>\n<link rel=\"canonical\" href=\"https:\/\/skyline-gs.com\/pl\/produkt\/sri-lanka-mosaic-pro-pidurangala-srilanka-2\/\" \/>\n<meta property=\"og:locale\" content=\"pl_PL\" \/>\n<meta property=\"og:type\" content=\"article\" \/>\n<meta property=\"og:title\" content=\"\u041b\u0430\u043d\u043a\u0438\u0439\u0441\u043a\u0438\u0439 \u044d\u043a\u0441\u043f\u0440\u0435\u0441\u0441 \u041f\u043b\u044e\u0441 (\u0441 \u041f\u0438\u0434\u0443\u0440\u0430\u043d\u0433\u0430\u043b\u0430) 2 \u0434\u043d\u044f &#8226; \u042d\u043a\u0441\u043a\u0443\u0440\u0441\u0438\u0438 Skyline\" \/>\n<meta property=\"og:description\" content=\"\u0412\u0440\u0435\u043c\u044f \u0442\u0443\u0440\u0430: 2 \u0434\u043d\u044f  \u0414\u043d\u0438 \u043f\u0440\u043e\u0432\u0435\u0434\u0435\u043d\u0438\u044f: \u0412\u0442\u043e\u0440\u043d\u0438\u043a, \u0421\u0440\u0435\u0434\u0430, \u0421\u0443\u0431\u0431\u043e\u0442\u0430, \u0412\u043e\u0441\u043a\u0440\u0435\u0441\u0435\u043d\u044c\u0435\" \/>\n<meta property=\"og:url\" content=\"https:\/\/skyline-gs.com\/pl\/produkt\/sri-lanka-mosaic-pro-pidurangala-srilanka-2\/\" \/>\n<meta property=\"og:site_name\" content=\"\u042d\u043a\u0441\u043a\u0443\u0440\u0441\u0438\u0438 Skyline\" \/>\n<meta property=\"article:modified_time\" content=\"2026-03-09T21:37:38+00:00\" \/>\n<meta property=\"og:image\" content=\"https:\/\/skyline-gs.com\/wp-content\/uploads\/2024\/10\/58.jpg\" \/>\n\t<meta property=\"og:image:width\" content=\"668\" \/>\n\t<meta property=\"og:image:height\" content=\"446\" \/>\n\t<meta property=\"og:image:type\" content=\"image\/jpeg\" \/>\n<meta name=\"twitter:card\" content=\"summary_large_image\" \/>\n<meta name=\"twitter:label1\" content=\"Szacowany czas czytania\" \/>\n\t<meta name=\"twitter:data1\" content=\"3 minuty\" \/>\n<script type=\"application\/ld+json\" class=\"yoast-schema-graph\">{\"@context\":\"https:\\\/\\\/schema.org\",\"@graph\":[{\"@type\":\"WebPage\",\"@id\":\"https:\\\/\\\/skyline-gs.com\\\/product\\\/sri-lanka-mosaic-pro-pidurangala-srilanka\\\/\",\"url\":\"https:\\\/\\\/skyline-gs.com\\\/product\\\/sri-lanka-mosaic-pro-pidurangala-srilanka\\\/\",\"name\":\"\u041b\u0430\u043d\u043a\u0438\u0439\u0441\u043a\u0438\u0439 \u044d\u043a\u0441\u043f\u0440\u0435\u0441\u0441 \u041f\u043b\u044e\u0441 (\u0441 \u041f\u0438\u0434\u0443\u0440\u0430\u043d\u0433\u0430\u043b\u0430) 2 \u0434\u043d\u044f &#8226; \u042d\u043a\u0441\u043a\u0443\u0440\u0441\u0438\u0438 Skyline\",\"isPartOf\":{\"@id\":\"https:\\\/\\\/skyline-gs.com\\\/it\\\/#website\"},\"primaryImageOfPage\":{\"@id\":\"https:\\\/\\\/skyline-gs.com\\\/product\\\/sri-lanka-mosaic-pro-pidurangala-srilanka\\\/#primaryimage\"},\"image\":{\"@id\":\"https:\\\/\\\/skyline-gs.com\\\/product\\\/sri-lanka-mosaic-pro-pidurangala-srilanka\\\/#primaryimage\"},\"thumbnailUrl\":\"https:\\\/\\\/skyline-gs.com\\\/wp-content\\\/uploads\\\/2024\\\/10\\\/58.jpg\",\"datePublished\":\"2024-10-22T11:03:22+00:00\",\"dateModified\":\"2026-03-09T21:37:38+00:00\",\"breadcrumb\":{\"@id\":\"https:\\\/\\\/skyline-gs.com\\\/product\\\/sri-lanka-mosaic-pro-pidurangala-srilanka\\\/#breadcrumb\"},\"inLanguage\":\"pl-PL\",\"potentialAction\":[{\"@type\":\"ReadAction\",\"target\":[\"https:\\\/\\\/skyline-gs.com\\\/product\\\/sri-lanka-mosaic-pro-pidurangala-srilanka\\\/\"]}]},{\"@type\":\"ImageObject\",\"inLanguage\":\"pl-PL\",\"@id\":\"https:\\\/\\\/skyline-gs.com\\\/product\\\/sri-lanka-mosaic-pro-pidurangala-srilanka\\\/#primaryimage\",\"url\":\"https:\\\/\\\/skyline-gs.com\\\/wp-content\\\/uploads\\\/2024\\\/10\\\/58.jpg\",\"contentUrl\":\"https:\\\/\\\/skyline-gs.com\\\/wp-content\\\/uploads\\\/2024\\\/10\\\/58.jpg\",\"width\":668,\"height\":446},{\"@type\":\"BreadcrumbList\",\"@id\":\"https:\\\/\\\/skyline-gs.com\\\/product\\\/sri-lanka-mosaic-pro-pidurangala-srilanka\\\/#breadcrumb\",\"itemListElement\":[{\"@type\":\"ListItem\",\"position\":1,\"name\":\"\u0413\u043b\u0430\u0432\u043d\u0430\u044f \u0441\u0442\u0440\u0430\u043d\u0438\u0446\u0430\",\"item\":\"https:\\\/\\\/skyline-gs.com\\\/hu\\\/\"},{\"@type\":\"ListItem\",\"position\":2,\"name\":\"\u041c\u0430\u0433\u0430\u0437\u0438\u043d\",\"item\":\"https:\\\/\\\/skyline-gs.com\\\/cs\\\/shop\\\/\"},{\"@type\":\"ListItem\",\"position\":3,\"name\":\"\u041b\u0430\u043d\u043a\u0438\u0439\u0441\u043a\u0438\u0439 \u044d\u043a\u0441\u043f\u0440\u0435\u0441\u0441 \u041f\u043b\u044e\u0441 (\u0441 \u041f\u0438\u0434\u0443\u0440\u0430\u043d\u0433\u0430\u043b\u0430) 2 \u0434\u043d\u044f\"}]},{\"@type\":\"WebSite\",\"@id\":\"https:\\\/\\\/skyline-gs.com\\\/it\\\/#website\",\"url\":\"https:\\\/\\\/skyline-gs.com\\\/it\\\/\",\"name\":\"\u042d\u043a\u0441\u043a\u0443\u0440\u0441\u0438\u0438 Skyline\",\"description\":\"\u042d\u043a\u0441\u043a\u043b\u044e\u0437\u0438\u0432\u043d\u044b\u0435 \u044d\u043a\u0441\u043a\u0443\u0440\u0441\u0438\u0438 \u043d\u0430 \u043b\u0443\u0447\u0448\u0438\u0445 \u043a\u0443\u0440\u043e\u0440\u0442\u0430\u0445 \u043c\u0438\u0440\u0430\",\"publisher\":{\"@id\":\"https:\\\/\\\/skyline-gs.com\\\/it\\\/#organization\"},\"alternateName\":\"Skyline\",\"potentialAction\":[{\"@type\":\"SearchAction\",\"target\":{\"@type\":\"EntryPoint\",\"urlTemplate\":\"https:\\\/\\\/skyline-gs.com\\\/it\\\/?s={search_term_string}\"},\"query-input\":{\"@type\":\"PropertyValueSpecification\",\"valueRequired\":true,\"valueName\":\"search_term_string\"}}],\"inLanguage\":\"pl-PL\"},{\"@type\":\"Organization\",\"@id\":\"https:\\\/\\\/skyline-gs.com\\\/it\\\/#organization\",\"name\":\"\u042d\u043a\u0441\u043a\u0443\u0440\u0441\u0438\u0438 Skyline\",\"alternateName\":\"\u042d\u043a\u0441\u043a\u0443\u0440\u0441\u0438\u0438 Skyline\",\"url\":\"https:\\\/\\\/skyline-gs.com\\\/it\\\/\",\"logo\":{\"@type\":\"ImageObject\",\"inLanguage\":\"pl-PL\",\"@id\":\"https:\\\/\\\/skyline-gs.com\\\/it\\\/#\\\/schema\\\/logo\\\/image\\\/\",\"url\":\"https:\\\/\\\/skyline-gs.com\\\/wp-content\\\/uploads\\\/2020\\\/12\\\/cropped-logo-2.png\",\"contentUrl\":\"https:\\\/\\\/skyline-gs.com\\\/wp-content\\\/uploads\\\/2020\\\/12\\\/cropped-logo-2.png\",\"width\":512,\"height\":512,\"caption\":\"\u042d\u043a\u0441\u043a\u0443\u0440\u0441\u0438\u0438 Skyline\"},\"image\":{\"@id\":\"https:\\\/\\\/skyline-gs.com\\\/it\\\/#\\\/schema\\\/logo\\\/image\\\/\"},\"sameAs\":[\"https:\\\/\\\/www.instagram.com\\\/skylineglobalservice\\\/\"]}]}<\/script>\n<!-- \/ Yoast SEO plugin. -->","yoast_head_json":{"title":"Lanka Express Plus (z Pidurangala) 2 dni - Wycieczki Skyline","robots":{"index":"index","follow":"follow","max-snippet":"max-snippet:-1","max-image-preview":"max-image-preview:large","max-video-preview":"max-video-preview:-1"},"canonical":"https:\/\/skyline-gs.com\/pl\/produkt\/sri-lanka-mosaic-pro-pidurangala-srilanka-2\/","og_locale":"pl_PL","og_type":"article","og_title":"\u041b\u0430\u043d\u043a\u0438\u0439\u0441\u043a\u0438\u0439 \u044d\u043a\u0441\u043f\u0440\u0435\u0441\u0441 \u041f\u043b\u044e\u0441 (\u0441 \u041f\u0438\u0434\u0443\u0440\u0430\u043d\u0433\u0430\u043b\u0430) 2 \u0434\u043d\u044f &#8226; \u042d\u043a\u0441\u043a\u0443\u0440\u0441\u0438\u0438 Skyline","og_description":"\u0412\u0440\u0435\u043c\u044f \u0442\u0443\u0440\u0430: 2 \u0434\u043d\u044f  \u0414\u043d\u0438 \u043f\u0440\u043e\u0432\u0435\u0434\u0435\u043d\u0438\u044f: \u0412\u0442\u043e\u0440\u043d\u0438\u043a, \u0421\u0440\u0435\u0434\u0430, \u0421\u0443\u0431\u0431\u043e\u0442\u0430, \u0412\u043e\u0441\u043a\u0440\u0435\u0441\u0435\u043d\u044c\u0435","og_url":"https:\/\/skyline-gs.com\/pl\/produkt\/sri-lanka-mosaic-pro-pidurangala-srilanka-2\/","og_site_name":"\u042d\u043a\u0441\u043a\u0443\u0440\u0441\u0438\u0438 Skyline","article_modified_time":"2026-03-09T21:37:38+00:00","og_image":[{"width":668,"height":446,"url":"https:\/\/skyline-gs.com\/wp-content\/uploads\/2024\/10\/58.jpg","type":"image\/jpeg"}],"twitter_card":"summary_large_image","twitter_misc":{"Szacowany czas czytania":"3 minuty"},"schema":{"@context":"https:\/\/schema.org","@graph":[{"@type":"WebPage","@id":"https:\/\/skyline-gs.com\/product\/sri-lanka-mosaic-pro-pidurangala-srilanka\/","url":"https:\/\/skyline-gs.com\/product\/sri-lanka-mosaic-pro-pidurangala-srilanka\/","name":"Lanka Express Plus (z Pidurangala) 2 dni - Wycieczki Skyline","isPartOf":{"@id":"https:\/\/skyline-gs.com\/it\/#website"},"primaryImageOfPage":{"@id":"https:\/\/skyline-gs.com\/product\/sri-lanka-mosaic-pro-pidurangala-srilanka\/#primaryimage"},"image":{"@id":"https:\/\/skyline-gs.com\/product\/sri-lanka-mosaic-pro-pidurangala-srilanka\/#primaryimage"},"thumbnailUrl":"https:\/\/skyline-gs.com\/wp-content\/uploads\/2024\/10\/58.jpg","datePublished":"2024-10-22T11:03:22+00:00","dateModified":"2026-03-09T21:37:38+00:00","breadcrumb":{"@id":"https:\/\/skyline-gs.com\/product\/sri-lanka-mosaic-pro-pidurangala-srilanka\/#breadcrumb"},"inLanguage":"pl-PL","potentialAction":[{"@type":"ReadAction","target":["https:\/\/skyline-gs.com\/product\/sri-lanka-mosaic-pro-pidurangala-srilanka\/"]}]},{"@type":"ImageObject","inLanguage":"pl-PL","@id":"https:\/\/skyline-gs.com\/product\/sri-lanka-mosaic-pro-pidurangala-srilanka\/#primaryimage","url":"https:\/\/skyline-gs.com\/wp-content\/uploads\/2024\/10\/58.jpg","contentUrl":"https:\/\/skyline-gs.com\/wp-content\/uploads\/2024\/10\/58.jpg","width":668,"height":446},{"@type":"BreadcrumbList","@id":"https:\/\/skyline-gs.com\/product\/sri-lanka-mosaic-pro-pidurangala-srilanka\/#breadcrumb","itemListElement":[{"@type":"ListItem","position":1,"name":"\u0413\u043b\u0430\u0432\u043d\u0430\u044f \u0441\u0442\u0440\u0430\u043d\u0438\u0446\u0430","item":"https:\/\/skyline-gs.com\/hu\/"},{"@type":"ListItem","position":2,"name":"\u041c\u0430\u0433\u0430\u0437\u0438\u043d","item":"https:\/\/skyline-gs.com\/cs\/shop\/"},{"@type":"ListItem","position":3,"name":"\u041b\u0430\u043d\u043a\u0438\u0439\u0441\u043a\u0438\u0439 \u044d\u043a\u0441\u043f\u0440\u0435\u0441\u0441 \u041f\u043b\u044e\u0441 (\u0441 \u041f\u0438\u0434\u0443\u0440\u0430\u043d\u0433\u0430\u043b\u0430) 2 \u0434\u043d\u044f"}]},{"@type":"WebSite","@id":"https:\/\/skyline-gs.com\/it\/#website","url":"https:\/\/skyline-gs.com\/it\/","name":"Wycieczki Skyline","description":"Ekskluzywne wycieczki do najlepszych kurort\u00f3w na \u015bwiecie","publisher":{"@id":"https:\/\/skyline-gs.com\/it\/#organization"},"alternateName":"Skyline","potentialAction":[{"@type":"SearchAction","target":{"@type":"EntryPoint","urlTemplate":"https:\/\/skyline-gs.com\/it\/?s={search_term_string}"},"query-input":{"@type":"PropertyValueSpecification","valueRequired":true,"valueName":"search_term_string"}}],"inLanguage":"pl-PL"},{"@type":"Organization","@id":"https:\/\/skyline-gs.com\/it\/#organization","name":"Wycieczki Skyline","alternateName":"\u042d\u043a\u0441\u043a\u0443\u0440\u0441\u0438\u0438 Skyline","url":"https:\/\/skyline-gs.com\/it\/","logo":{"@type":"ImageObject","inLanguage":"pl-PL","@id":"https:\/\/skyline-gs.com\/it\/#\/schema\/logo\/image\/","url":"https:\/\/skyline-gs.com\/wp-content\/uploads\/2020\/12\/cropped-logo-2.png","contentUrl":"https:\/\/skyline-gs.com\/wp-content\/uploads\/2020\/12\/cropped-logo-2.png","width":512,"height":512,"caption":"\u042d\u043a\u0441\u043a\u0443\u0440\u0441\u0438\u0438 Skyline"},"image":{"@id":"https:\/\/skyline-gs.com\/it\/#\/schema\/logo\/image\/"},"sameAs":["https:\/\/www.instagram.com\/skylineglobalservice\/"]}]}},"_links":{"self":[{"href":"https:\/\/skyline-gs.com\/pl\/wp-json\/wp\/v2\/product\/58373","targetHints":{"allow":["GET"]}}],"collection":[{"href":"https:\/\/skyline-gs.com\/pl\/wp-json\/wp\/v2\/product"}],"about":[{"href":"https:\/\/skyline-gs.com\/pl\/wp-json\/wp\/v2\/types\/product"}],"version-history":[{"count":0,"href":"https:\/\/skyline-gs.com\/pl\/wp-json\/wp\/v2\/product\/58373\/revisions"}],"wp:featuredmedia":[{"embeddable":true,"href":"https:\/\/skyline-gs.com\/pl\/wp-json\/wp\/v2\/media\/58374"}],"wp:attachment":[{"href":"https:\/\/skyline-gs.com\/pl\/wp-json\/wp\/v2\/media?parent=58373"}],"wp:term":[{"taxonomy":"product_brand","embeddable":true,"href":"https:\/\/skyline-gs.com\/pl\/wp-json\/wp\/v2\/product_brand?post=58373"},{"taxonomy":"product_cat","embeddable":true,"href":"https:\/\/skyline-gs.com\/pl\/wp-json\/wp\/v2\/product_cat?post=58373"},{"taxonomy":"product_tag","embeddable":true,"href":"https:\/\/skyline-gs.com\/pl\/wp-json\/wp\/v2\/product_tag?post=58373"}],"curies":[{"name":"wp","href":"https:\/\/api.w.org\/{rel}","templated":true}]}}