{"id":57503,"date":"2021-05-19T20:07:13","date_gmt":"2021-05-19T17:07:13","guid":{"rendered":"https:\/\/hurghada.skyline-gs.com\/?post_type=product&#038;p=22619"},"modified":"2026-01-26T13:31:02","modified_gmt":"2026-01-26T11:31:02","slug":"chrzescijanski-kair-i-piramidy-w-gizie","status":"publish","type":"product","link":"https:\/\/skyline-gs.com\/pl\/product\/christian-cairo-and-giza-pyramids\/","title":{"rendered":"Kair (ekonomiczny): Piramidy w Gizie i Stare Miasto +Nile River Walk w prezencie!"},"content":{"rendered":"<p><strong><span class=\"selectable-text copyable-text\">Promocja!!! W tym programie spacer po Nilu za darmo!!!<\/span><\/strong><\/p>\n<p><strong>1:00 - Wyjazd z hotelowego lobby. <\/strong>Podr\u00f3\u017c do Kairu zajmie oko\u0142o 7 godzin. Po drodze mo\u017cna podziwia\u0107 wybrze\u017ce Morza Czerwonego.<\/p>\n<ul>\n<li><strong>Przylot do Kairu<\/strong>:\n<ul>\n<li>Wycieczka po jednym z najbardziej zaludnionych miast Afryki.<\/li>\n<li>Obecno\u015b\u0107 <strong>starego Kairu<\/strong>:\n<ul>\n<li><strong>Zawieszony ko\u015bci\u00f3\u0142 Mariacki<\/strong> - jedna z najstarszych \u015bwi\u0105ty\u0144 chrze\u015bcija\u0144skich w Egipcie (III w. n.e.).<\/li>\n<li><strong>Jaskinia \u015awi\u0105tynna<\/strong>gdzie \u015awi\u0119ta Rodzina ukry\u0142a si\u0119 przed prze\u015bladowaniami.<\/li>\n<\/ul>\n<\/li>\n<li>Spacer po rzece Nil 40 minut (opcjonalnie, dodatkowa op\u0142ata +10$ za osob\u0119).<\/li>\n<\/ul>\n<\/li>\n<li><strong>Lunch<\/strong>:\n<ul>\n<li>W restauracji bufetowej (napoje s\u0105 p\u0142atne oddzielnie).<\/li>\n<\/ul>\n<\/li>\n<li><strong>Piramidy i Sfinks<\/strong>:\n<ul>\n<li>Wizyta w Wielkich Piramidach w Gizie, jednym z najstarszych cud\u00f3w \u015bwiata.<\/li>\n<li>Zwiedzanie Sfinksa.<\/li>\n<\/ul>\n<\/li>\n<li><strong>Dodatkowe przystanki<\/strong>:\n<ul>\n<li><strong>Muzeum Papirus\u00f3w<\/strong> - Demonstracja technologii wytwarzania papirusu w staro\u017cytno\u015bci.<\/li>\n<li>Lub wizyta w fabryce zapach\u00f3w i olejk\u00f3w.<\/li>\n<\/ul>\n<\/li>\n<\/ul>\n<p><strong>22:00 - Powr\u00f3t do hotelu.<\/strong><\/p>\n<p><strong>W zestawie:<\/strong><\/p>\n<ul>\n<li>Transfery z i do hotelu<\/li>\n<li>Transfer nowoczesnym, klimatyzowanym autokarem turystycznym<\/li>\n<li>Rosyjskoj\u0119zyczny przewodnik egiptolog w Kairze<\/li>\n<li>Op\u0142aty za wst\u0119p do wszystkich wymienionych atrakcji<\/li>\n<li>Lunch w restauracji w Kairze<\/li>\n<li>Spacer wzd\u0142u\u017c rzeki Nil<\/li>\n<\/ul>\n<p><strong>Brak w zestawie:<\/strong><\/p>\n<ul>\n<li>Napoje<\/li>\n<li>Transfery z Sahl Hasheesh, Makadi Bay, El Gouna +$10 w obie strony (na grup\u0119 do 6 os\u00f3b).<\/li>\n<li>Transfer z krajowych hoteli w Soma Bay, Safaga +$20 w obie strony (na grup\u0119 do 6 os\u00f3b)<\/li>\n<\/ul>\n<p><strong>Zabierz go ze sob\u0105:<\/strong><\/p>\n<ul>\n<li>Paszport<\/li>\n<li>Nakrycie g\u0142owy<\/li>\n<li>Pieni\u0105dze na wydatki osobiste i pami\u0105tki<\/li>\n<li>Produkty higieny osobistej<\/li>\n<li>Woda pitna<\/li>\n<li>Poranna przek\u0105ska (wyja\u015bnij w recepcji hotelu, \u017ce wyje\u017cd\u017casz wcze\u015bnie rano na wycieczk\u0119 i musisz przygotowa\u0107 lunch box, hotele zapewni\u0105 t\u0119 us\u0142ug\u0119 bezp\u0142atnie).<\/li>\n<li>Wygodne buty<\/li>\n<li>Ciep\u0142e ubrania na podr\u00f3\u017c (zim\u0105)<\/li>\n<\/ul>","protected":false},"excerpt":{"rendered":"<p><strong>Czas trwania:<\/strong> 1:00 \u2014 22:00<\/p>\n<p><strong>Holding Days:<\/strong> Wtorek<span class=\"selectable-text copyable-text\">, \u015broda, pi\u0105tek, sobota<\/span><\/p>","protected":false},"featured_media":23165,"template":"","meta":{"_kad_post_transparent":"default","_kad_post_title":"","_kad_post_layout":"default","_kad_post_sidebar_id":"","_kad_post_content_style":"default","_kad_post_vertical_padding":"default","_kad_post_feature":"","_kad_post_feature_position":"","_kad_post_header":false,"_kad_post_footer":false,"_kad_post_classname":"","_glsr_average":0,"_glsr_ranking":0,"_glsr_reviews":0},"product_brand":[],"product_cat":[479],"product_tag":[],"class_list":{"0":"post-57503","1":"product","2":"type-product","3":"status-publish","4":"has-post-thumbnail","6":"product_cat-hurghadatours","7":"tm-has-options","9":"first","10":"instock","11":"sold-individually","12":"taxable","13":"shipping-taxable","14":"purchasable","15":"product-type-simple","16":"entry","17":"content-bg","18":"loop-entry"},"yoast_head":"<!-- This site is optimized with the Yoast SEO plugin v27.4 - https:\/\/yoast.com\/product\/yoast-seo-wordpress\/ -->\n<title>\u041a\u0430\u0438\u0440 (\u044d\u043a\u043e\u043d\u043e\u043c): \u041f\u0438\u0440\u0430\u043c\u0438\u0434\u044b \u0413\u0438\u0437\u044b \u0438 \u0441\u0442\u0430\u0440\u044b\u0439 \u0433\u043e\u0440\u043e\u0434 +\u041f\u0440\u043e\u0433\u0443\u043b\u043a\u0430 \u043f\u043e \u041d\u0438\u043b\u0443 \u0432 \u043f\u043e\u0434\u0430\u0440\u043e\u043a! &#8226; \u042d\u043a\u0441\u043a\u0443\u0440\u0441\u0438\u0438 Skyline<\/title>\n<meta name=\"robots\" content=\"index, follow, max-snippet:-1, max-image-preview:large, max-video-preview:-1\" \/>\n<link rel=\"canonical\" href=\"https:\/\/skyline-gs.com\/pl\/produkt\/chrzescijanski-kair-i-piramidy-w-gizie\/\" \/>\n<meta property=\"og:locale\" content=\"pl_PL\" \/>\n<meta property=\"og:type\" content=\"article\" \/>\n<meta property=\"og:title\" content=\"\u041a\u0430\u0438\u0440 (\u044d\u043a\u043e\u043d\u043e\u043c): \u041f\u0438\u0440\u0430\u043c\u0438\u0434\u044b \u0413\u0438\u0437\u044b \u0438 \u0441\u0442\u0430\u0440\u044b\u0439 \u0433\u043e\u0440\u043e\u0434 +\u041f\u0440\u043e\u0433\u0443\u043b\u043a\u0430 \u043f\u043e \u041d\u0438\u043b\u0443 \u0432 \u043f\u043e\u0434\u0430\u0440\u043e\u043a! &#8226; \u042d\u043a\u0441\u043a\u0443\u0440\u0441\u0438\u0438 Skyline\" \/>\n<meta property=\"og:description\" content=\"\u0414\u043b\u0438\u0442\u0435\u043b\u044c\u043d\u043e\u0441\u0442\u044c: 1:00 - 22:00  \u0414\u043d\u0438 \u043f\u0440\u043e\u0432\u0435\u0434\u0435\u043d\u0438\u044f: \u0412\u0442\u043e\u0440\u043d\u0438\u043a, \u0421\u0440\u0435\u0434\u0430, \u041f\u044f\u0442\u043d\u0438\u0446\u0430, \u0421\u0443\u0431\u0431\u043e\u0442\u0430\" \/>\n<meta property=\"og:url\" content=\"https:\/\/skyline-gs.com\/pl\/produkt\/chrzescijanski-kair-i-piramidy-w-gizie\/\" \/>\n<meta property=\"og:site_name\" content=\"\u042d\u043a\u0441\u043a\u0443\u0440\u0441\u0438\u0438 Skyline\" \/>\n<meta property=\"article:modified_time\" content=\"2026-01-26T11:31:02+00:00\" \/>\n<meta property=\"og:image\" content=\"https:\/\/skyline-gs.com\/wp-content\/uploads\/2021\/05\/c5-1.jpg\" \/>\n\t<meta property=\"og:image:width\" content=\"669\" \/>\n\t<meta property=\"og:image:height\" content=\"446\" \/>\n\t<meta property=\"og:image:type\" content=\"image\/jpeg\" \/>\n<meta name=\"twitter:card\" content=\"summary_large_image\" \/>\n<meta name=\"twitter:label1\" content=\"Szacowany czas czytania\" \/>\n\t<meta name=\"twitter:data1\" content=\"2 minuty\" \/>\n<script type=\"application\/ld+json\" class=\"yoast-schema-graph\">{\"@context\":\"https:\\\/\\\/schema.org\",\"@graph\":[{\"@type\":\"WebPage\",\"@id\":\"https:\\\/\\\/skyline-gs.com\\\/product\\\/christian-cairo-and-giza-pyramids\\\/\",\"url\":\"https:\\\/\\\/skyline-gs.com\\\/product\\\/christian-cairo-and-giza-pyramids\\\/\",\"name\":\"\u041a\u0430\u0438\u0440 (\u044d\u043a\u043e\u043d\u043e\u043c): \u041f\u0438\u0440\u0430\u043c\u0438\u0434\u044b \u0413\u0438\u0437\u044b \u0438 \u0441\u0442\u0430\u0440\u044b\u0439 \u0433\u043e\u0440\u043e\u0434 +\u041f\u0440\u043e\u0433\u0443\u043b\u043a\u0430 \u043f\u043e \u041d\u0438\u043b\u0443 \u0432 \u043f\u043e\u0434\u0430\u0440\u043e\u043a! &#8226; \u042d\u043a\u0441\u043a\u0443\u0440\u0441\u0438\u0438 Skyline\",\"isPartOf\":{\"@id\":\"https:\\\/\\\/skyline-gs.com\\\/it\\\/#website\"},\"primaryImageOfPage\":{\"@id\":\"https:\\\/\\\/skyline-gs.com\\\/product\\\/christian-cairo-and-giza-pyramids\\\/#primaryimage\"},\"image\":{\"@id\":\"https:\\\/\\\/skyline-gs.com\\\/product\\\/christian-cairo-and-giza-pyramids\\\/#primaryimage\"},\"thumbnailUrl\":\"https:\\\/\\\/skyline-gs.com\\\/wp-content\\\/uploads\\\/2021\\\/05\\\/c5-1.jpg\",\"datePublished\":\"2021-05-19T17:07:13+00:00\",\"dateModified\":\"2026-01-26T11:31:02+00:00\",\"breadcrumb\":{\"@id\":\"https:\\\/\\\/skyline-gs.com\\\/product\\\/christian-cairo-and-giza-pyramids\\\/#breadcrumb\"},\"inLanguage\":\"pl-PL\",\"potentialAction\":[{\"@type\":\"ReadAction\",\"target\":[\"https:\\\/\\\/skyline-gs.com\\\/product\\\/christian-cairo-and-giza-pyramids\\\/\"]}]},{\"@type\":\"ImageObject\",\"inLanguage\":\"pl-PL\",\"@id\":\"https:\\\/\\\/skyline-gs.com\\\/product\\\/christian-cairo-and-giza-pyramids\\\/#primaryimage\",\"url\":\"https:\\\/\\\/skyline-gs.com\\\/wp-content\\\/uploads\\\/2021\\\/05\\\/c5-1.jpg\",\"contentUrl\":\"https:\\\/\\\/skyline-gs.com\\\/wp-content\\\/uploads\\\/2021\\\/05\\\/c5-1.jpg\",\"width\":669,\"height\":446},{\"@type\":\"BreadcrumbList\",\"@id\":\"https:\\\/\\\/skyline-gs.com\\\/product\\\/christian-cairo-and-giza-pyramids\\\/#breadcrumb\",\"itemListElement\":[{\"@type\":\"ListItem\",\"position\":1,\"name\":\"\u0413\u043b\u0430\u0432\u043d\u0430\u044f \u0441\u0442\u0440\u0430\u043d\u0438\u0446\u0430\",\"item\":\"https:\\\/\\\/skyline-gs.com\\\/hu\\\/\"},{\"@type\":\"ListItem\",\"position\":2,\"name\":\"\u041c\u0430\u0433\u0430\u0437\u0438\u043d\",\"item\":\"https:\\\/\\\/skyline-gs.com\\\/cs\\\/shop\\\/\"},{\"@type\":\"ListItem\",\"position\":3,\"name\":\"\u041a\u0430\u0438\u0440 (\u044d\u043a\u043e\u043d\u043e\u043c): \u041f\u0438\u0440\u0430\u043c\u0438\u0434\u044b \u0413\u0438\u0437\u044b \u0438 \u0441\u0442\u0430\u0440\u044b\u0439 \u0433\u043e\u0440\u043e\u0434 +\u041f\u0440\u043e\u0433\u0443\u043b\u043a\u0430 \u043f\u043e \u041d\u0438\u043b\u0443 \u0432 \u043f\u043e\u0434\u0430\u0440\u043e\u043a!\"}]},{\"@type\":\"WebSite\",\"@id\":\"https:\\\/\\\/skyline-gs.com\\\/it\\\/#website\",\"url\":\"https:\\\/\\\/skyline-gs.com\\\/it\\\/\",\"name\":\"\u042d\u043a\u0441\u043a\u0443\u0440\u0441\u0438\u0438 Skyline\",\"description\":\"\u042d\u043a\u0441\u043a\u043b\u044e\u0437\u0438\u0432\u043d\u044b\u0435 \u044d\u043a\u0441\u043a\u0443\u0440\u0441\u0438\u0438 \u043d\u0430 \u043b\u0443\u0447\u0448\u0438\u0445 \u043a\u0443\u0440\u043e\u0440\u0442\u0430\u0445 \u043c\u0438\u0440\u0430\",\"publisher\":{\"@id\":\"https:\\\/\\\/skyline-gs.com\\\/it\\\/#organization\"},\"alternateName\":\"Skyline\",\"potentialAction\":[{\"@type\":\"SearchAction\",\"target\":{\"@type\":\"EntryPoint\",\"urlTemplate\":\"https:\\\/\\\/skyline-gs.com\\\/it\\\/?s={search_term_string}\"},\"query-input\":{\"@type\":\"PropertyValueSpecification\",\"valueRequired\":true,\"valueName\":\"search_term_string\"}}],\"inLanguage\":\"pl-PL\"},{\"@type\":\"Organization\",\"@id\":\"https:\\\/\\\/skyline-gs.com\\\/it\\\/#organization\",\"name\":\"\u042d\u043a\u0441\u043a\u0443\u0440\u0441\u0438\u0438 Skyline\",\"alternateName\":\"\u042d\u043a\u0441\u043a\u0443\u0440\u0441\u0438\u0438 Skyline\",\"url\":\"https:\\\/\\\/skyline-gs.com\\\/it\\\/\",\"logo\":{\"@type\":\"ImageObject\",\"inLanguage\":\"pl-PL\",\"@id\":\"https:\\\/\\\/skyline-gs.com\\\/it\\\/#\\\/schema\\\/logo\\\/image\\\/\",\"url\":\"https:\\\/\\\/skyline-gs.com\\\/wp-content\\\/uploads\\\/2020\\\/12\\\/cropped-logo-2.png\",\"contentUrl\":\"https:\\\/\\\/skyline-gs.com\\\/wp-content\\\/uploads\\\/2020\\\/12\\\/cropped-logo-2.png\",\"width\":512,\"height\":512,\"caption\":\"\u042d\u043a\u0441\u043a\u0443\u0440\u0441\u0438\u0438 Skyline\"},\"image\":{\"@id\":\"https:\\\/\\\/skyline-gs.com\\\/it\\\/#\\\/schema\\\/logo\\\/image\\\/\"},\"sameAs\":[\"https:\\\/\\\/www.instagram.com\\\/skylineglobalservice\\\/\"]}]}<\/script>\n<!-- \/ Yoast SEO plugin. -->","yoast_head_json":{"title":"Kair (ekonomiczny): Piramidy w Gizie i stare miasto +Nile River Walk w prezencie! - Wycieczki Skyline","robots":{"index":"index","follow":"follow","max-snippet":"max-snippet:-1","max-image-preview":"max-image-preview:large","max-video-preview":"max-video-preview:-1"},"canonical":"https:\/\/skyline-gs.com\/pl\/produkt\/chrzescijanski-kair-i-piramidy-w-gizie\/","og_locale":"pl_PL","og_type":"article","og_title":"\u041a\u0430\u0438\u0440 (\u044d\u043a\u043e\u043d\u043e\u043c): \u041f\u0438\u0440\u0430\u043c\u0438\u0434\u044b \u0413\u0438\u0437\u044b \u0438 \u0441\u0442\u0430\u0440\u044b\u0439 \u0433\u043e\u0440\u043e\u0434 +\u041f\u0440\u043e\u0433\u0443\u043b\u043a\u0430 \u043f\u043e \u041d\u0438\u043b\u0443 \u0432 \u043f\u043e\u0434\u0430\u0440\u043e\u043a! &#8226; \u042d\u043a\u0441\u043a\u0443\u0440\u0441\u0438\u0438 Skyline","og_description":"\u0414\u043b\u0438\u0442\u0435\u043b\u044c\u043d\u043e\u0441\u0442\u044c: 1:00 - 22:00  \u0414\u043d\u0438 \u043f\u0440\u043e\u0432\u0435\u0434\u0435\u043d\u0438\u044f: \u0412\u0442\u043e\u0440\u043d\u0438\u043a, \u0421\u0440\u0435\u0434\u0430, \u041f\u044f\u0442\u043d\u0438\u0446\u0430, \u0421\u0443\u0431\u0431\u043e\u0442\u0430","og_url":"https:\/\/skyline-gs.com\/pl\/produkt\/chrzescijanski-kair-i-piramidy-w-gizie\/","og_site_name":"\u042d\u043a\u0441\u043a\u0443\u0440\u0441\u0438\u0438 Skyline","article_modified_time":"2026-01-26T11:31:02+00:00","og_image":[{"width":669,"height":446,"url":"https:\/\/skyline-gs.com\/wp-content\/uploads\/2021\/05\/c5-1.jpg","type":"image\/jpeg"}],"twitter_card":"summary_large_image","twitter_misc":{"Szacowany czas czytania":"2 minuty"},"schema":{"@context":"https:\/\/schema.org","@graph":[{"@type":"WebPage","@id":"https:\/\/skyline-gs.com\/product\/christian-cairo-and-giza-pyramids\/","url":"https:\/\/skyline-gs.com\/product\/christian-cairo-and-giza-pyramids\/","name":"Kair (ekonomiczny): Piramidy w Gizie i stare miasto +Nile River Walk w prezencie! - Wycieczki Skyline","isPartOf":{"@id":"https:\/\/skyline-gs.com\/it\/#website"},"primaryImageOfPage":{"@id":"https:\/\/skyline-gs.com\/product\/christian-cairo-and-giza-pyramids\/#primaryimage"},"image":{"@id":"https:\/\/skyline-gs.com\/product\/christian-cairo-and-giza-pyramids\/#primaryimage"},"thumbnailUrl":"https:\/\/skyline-gs.com\/wp-content\/uploads\/2021\/05\/c5-1.jpg","datePublished":"2021-05-19T17:07:13+00:00","dateModified":"2026-01-26T11:31:02+00:00","breadcrumb":{"@id":"https:\/\/skyline-gs.com\/product\/christian-cairo-and-giza-pyramids\/#breadcrumb"},"inLanguage":"pl-PL","potentialAction":[{"@type":"ReadAction","target":["https:\/\/skyline-gs.com\/product\/christian-cairo-and-giza-pyramids\/"]}]},{"@type":"ImageObject","inLanguage":"pl-PL","@id":"https:\/\/skyline-gs.com\/product\/christian-cairo-and-giza-pyramids\/#primaryimage","url":"https:\/\/skyline-gs.com\/wp-content\/uploads\/2021\/05\/c5-1.jpg","contentUrl":"https:\/\/skyline-gs.com\/wp-content\/uploads\/2021\/05\/c5-1.jpg","width":669,"height":446},{"@type":"BreadcrumbList","@id":"https:\/\/skyline-gs.com\/product\/christian-cairo-and-giza-pyramids\/#breadcrumb","itemListElement":[{"@type":"ListItem","position":1,"name":"\u0413\u043b\u0430\u0432\u043d\u0430\u044f \u0441\u0442\u0440\u0430\u043d\u0438\u0446\u0430","item":"https:\/\/skyline-gs.com\/hu\/"},{"@type":"ListItem","position":2,"name":"\u041c\u0430\u0433\u0430\u0437\u0438\u043d","item":"https:\/\/skyline-gs.com\/cs\/shop\/"},{"@type":"ListItem","position":3,"name":"\u041a\u0430\u0438\u0440 (\u044d\u043a\u043e\u043d\u043e\u043c): \u041f\u0438\u0440\u0430\u043c\u0438\u0434\u044b \u0413\u0438\u0437\u044b \u0438 \u0441\u0442\u0430\u0440\u044b\u0439 \u0433\u043e\u0440\u043e\u0434 +\u041f\u0440\u043e\u0433\u0443\u043b\u043a\u0430 \u043f\u043e \u041d\u0438\u043b\u0443 \u0432 \u043f\u043e\u0434\u0430\u0440\u043e\u043a!"}]},{"@type":"WebSite","@id":"https:\/\/skyline-gs.com\/it\/#website","url":"https:\/\/skyline-gs.com\/it\/","name":"Wycieczki Skyline","description":"Ekskluzywne wycieczki do najlepszych kurort\u00f3w na \u015bwiecie","publisher":{"@id":"https:\/\/skyline-gs.com\/it\/#organization"},"alternateName":"Skyline","potentialAction":[{"@type":"SearchAction","target":{"@type":"EntryPoint","urlTemplate":"https:\/\/skyline-gs.com\/it\/?s={search_term_string}"},"query-input":{"@type":"PropertyValueSpecification","valueRequired":true,"valueName":"search_term_string"}}],"inLanguage":"pl-PL"},{"@type":"Organization","@id":"https:\/\/skyline-gs.com\/it\/#organization","name":"Wycieczki Skyline","alternateName":"\u042d\u043a\u0441\u043a\u0443\u0440\u0441\u0438\u0438 Skyline","url":"https:\/\/skyline-gs.com\/it\/","logo":{"@type":"ImageObject","inLanguage":"pl-PL","@id":"https:\/\/skyline-gs.com\/it\/#\/schema\/logo\/image\/","url":"https:\/\/skyline-gs.com\/wp-content\/uploads\/2020\/12\/cropped-logo-2.png","contentUrl":"https:\/\/skyline-gs.com\/wp-content\/uploads\/2020\/12\/cropped-logo-2.png","width":512,"height":512,"caption":"\u042d\u043a\u0441\u043a\u0443\u0440\u0441\u0438\u0438 Skyline"},"image":{"@id":"https:\/\/skyline-gs.com\/it\/#\/schema\/logo\/image\/"},"sameAs":["https:\/\/www.instagram.com\/skylineglobalservice\/"]}]}},"_links":{"self":[{"href":"https:\/\/skyline-gs.com\/pl\/wp-json\/wp\/v2\/product\/57503","targetHints":{"allow":["GET"]}}],"collection":[{"href":"https:\/\/skyline-gs.com\/pl\/wp-json\/wp\/v2\/product"}],"about":[{"href":"https:\/\/skyline-gs.com\/pl\/wp-json\/wp\/v2\/types\/product"}],"version-history":[{"count":0,"href":"https:\/\/skyline-gs.com\/pl\/wp-json\/wp\/v2\/product\/57503\/revisions"}],"wp:featuredmedia":[{"embeddable":true,"href":"https:\/\/skyline-gs.com\/pl\/wp-json\/wp\/v2\/media\/23165"}],"wp:attachment":[{"href":"https:\/\/skyline-gs.com\/pl\/wp-json\/wp\/v2\/media?parent=57503"}],"wp:term":[{"taxonomy":"product_brand","embeddable":true,"href":"https:\/\/skyline-gs.com\/pl\/wp-json\/wp\/v2\/product_brand?post=57503"},{"taxonomy":"product_cat","embeddable":true,"href":"https:\/\/skyline-gs.com\/pl\/wp-json\/wp\/v2\/product_cat?post=57503"},{"taxonomy":"product_tag","embeddable":true,"href":"https:\/\/skyline-gs.com\/pl\/wp-json\/wp\/v2\/product_tag?post=57503"}],"curies":[{"name":"wp","href":"https:\/\/api.w.org\/{rel}","templated":true}]}}