{"id":56252,"date":"2021-09-16T22:17:28","date_gmt":"2021-09-16T20:17:28","guid":{"rendered":"http:\/\/skyline-gs.com\/?post_type=product&#038;p=31330"},"modified":"2025-11-12T00:00:09","modified_gmt":"2025-11-11T22:00:09","slug":"wild-wadi-water-park-2-dubai","status":"publish","type":"product","link":"https:\/\/skyline-gs.com\/pl\/product\/wild-wadi-water-park-2-dubai\/","title":{"rendered":"Park wodny Wild Wadi"},"content":{"rendered":"<p>Witamy w bajecznym \u015bwiecie wspania\u0142ego Sindbada \u017beglarza. Podczas jednej ze swoich podr\u00f3\u017cy statek Sindbada zosta\u0142 rozbity. Na szcz\u0119\u015bcie ich statek zosta\u0142 przeniesiony przez sztorm na mielizn\u0119 w miejscu, gdzie znajduje si\u0119 pi\u0119kna oaza, przez kt\u00f3r\u0105 wci\u0105\u017c przep\u0142ywa stare koryto rzeki - Wadi. To w\u0142a\u015bnie sk\u0142oni\u0142o architekt\u00f3w do stworzenia magicznego Wadi, gdzie g\u00f3rska rzeka Wadi p\u0142ynie w\u015br\u00f3d ska\u0142 i oaz, wzd\u0142u\u017c kt\u00f3rych harmonijnie rozmieszczone s\u0105 bajkowe wie\u017ce i 30 nowoczesnych atrakcji. Ka\u017cda atrakcja ma swoj\u0105 w\u0142asn\u0105 legend\u0119 zwi\u0105zan\u0105 ze s\u0142ynnym podr\u00f3\u017cnikiem i jego przyjaci\u00f3\u0142mi. Zje\u017cd\u017calnia \"Jumeirah Sceirah\" o wysoko\u015bci 33 metr\u00f3w to jedna z najwy\u017cszych zje\u017cd\u017calni na \u015bwiecie, na kt\u00f3rej ludzie mog\u0105 osi\u0105gn\u0105\u0107 pr\u0119dko\u015b\u0107 do 80 km\/h i do\u015bwiadczy\u0107 stanu swobodnego spadania; Master Blaster - 8 odmian zje\u017cd\u017calni, czyli rura, na kt\u00f3rej ludzie je\u017cd\u017c\u0105 na jedno- lub dwuosobowych k\u00f3\u0142kach, rozwijaj\u0105c odpowiednio przyzwoit\u0105 pr\u0119dko\u015b\u0107; Family Ride - zje\u017cd\u017calnie dla ca\u0142ej rodziny do zje\u017cd\u017cania na nadmuchiwanej tratwie; Lazy River - leniwa rzeka, powoli p\u0142yn\u0105ca przez park; Juha's Dhow - p\u0142ytka laguna ze statkiem le\u017c\u0105cym na boku, gdzie najm\u0142odsi go\u015bcie parku wodnego lubi\u0105 sp\u0119dza\u0107 czas, jest dla nich wiele zje\u017cd\u017calni, wodospad\u00f3w, fontann, drabinek i hu\u015btawek; baseny ze sztucznymi falami (wysoko\u015b\u0107 fali do 2,5 metra), gdzie mo\u017cna surfowa\u0107, a pocz\u0105tkuj\u0105cy mog\u0105 \u015blizga\u0107 si\u0119 po falach na desce w pozycji le\u017c\u0105cej; jest te\u017c kilka wodospad\u00f3w i tropikalny prysznic.<\/p>\n<p><strong>W zestawie:<\/strong><\/p>\n<ul>\n<li>Bilet wst\u0119pu<\/li>\n<\/ul>\n<p><strong>Brak w zestawie:<\/strong><\/p>\n<ul>\n<li>Transfery z i do hotelu<\/li>\n<\/ul>\n<p><strong>Zabierz go ze sob\u0105:<\/strong><\/p>\n<ul>\n<li>Kamera<\/li>\n<li>R\u0119cznik<\/li>\n<li>Kostium k\u0105pielowy, k\u0105piel\u00f3wki<\/li>\n<li>Nakrycie g\u0142owy<\/li>\n<li>Pieni\u0105dze na wydatki osobiste<\/li>\n<li>Dozwolone jest pobranie 0,5 litra wody.<\/li>\n<\/ul>\n<p><strong>Dodatkowe informacje:<\/strong><\/p>\n<ul>\n<li>\u041f\u0440\u0438 \u0440\u043e\u0441\u0442\u0435 \u0440\u0435\u0431\u0435\u043d\u043a\u0430 \u0432\u044b\u0448\u0435 1,1 \u043c\u0435\u0442\u0440\u0430 \u0431\u0435\u0440\u0435\u0442\u0441\u044f \u0432\u0437\u0440\u043e\u0441\u043b\u044b\u0439 \u0431\u0438\u043b\u0435\u0442<\/li>\n<li>\u0411\u0435\u0441\u043f\u043b\u0430\u0442\u043d\u044b\u0439 \u0431\u0438\u043b\u0435\u0442 \u0434\u043b\u044f \u0440\u0435\u0431\u0435\u043d\u043a\u0430 \u0434\u043e 2 \u043b\u0435\u0442 \u0442\u043e\u043b\u044c\u043a\u043e \u043f\u0440\u0438 \u043f\u0440\u0435\u0434\u043e\u0441\u0442\u0430\u0432\u043b\u0435\u043d\u0438\u0438 \u0443\u0434\u043e\u0441\u0442\u043e\u0432\u0438\u0440\u0435\u043d\u0438\u044f \u043b\u0438\u0447\u043d\u043e\u0441\u0442\u0438<\/li>\n<\/ul>","protected":false},"excerpt":{"rendered":"<p><strong>Czas trwania:<\/strong> 10:00 \u2014 18:00<\/p>\n<p><strong>Holding Days:<\/strong> Ka\u017cdego dnia.<\/p>","protected":false},"featured_media":40326,"template":"","meta":{"_kad_post_transparent":"default","_kad_post_title":"","_kad_post_layout":"default","_kad_post_sidebar_id":"","_kad_post_content_style":"default","_kad_post_vertical_padding":"default","_kad_post_feature":"","_kad_post_feature_position":"","_kad_post_header":false,"_kad_post_footer":false,"_kad_post_classname":"","_glsr_average":0,"_glsr_ranking":0,"_glsr_reviews":0},"product_brand":[],"product_cat":[473,438],"product_tag":[],"class_list":{"0":"post-56252","1":"product","2":"type-product","3":"status-publish","4":"has-post-thumbnail","6":"product_cat-dubai-parks","7":"product_cat-dubai","8":"tm-has-options","10":"first","11":"instock","12":"sold-individually","13":"taxable","14":"shipping-taxable","15":"purchasable","16":"product-type-simple","17":"entry","18":"content-bg","19":"loop-entry"},"yoast_head":"<!-- This site is optimized with the Yoast SEO plugin v27.3 - https:\/\/yoast.com\/product\/yoast-seo-wordpress\/ -->\n<title>\u0410\u043a\u0432\u0430\u043f\u0430\u0440\u043a Wild Wadi &#8226; \u042d\u043a\u0441\u043a\u0443\u0440\u0441\u0438\u0438 Skyline<\/title>\n<meta name=\"robots\" content=\"index, follow, max-snippet:-1, max-image-preview:large, max-video-preview:-1\" \/>\n<link rel=\"canonical\" href=\"https:\/\/skyline-gs.com\/pl\/produkt\/wild-wadi-water-park-2-dubai\/\" \/>\n<meta property=\"og:locale\" content=\"pl_PL\" \/>\n<meta property=\"og:type\" content=\"article\" \/>\n<meta property=\"og:title\" content=\"\u0410\u043a\u0432\u0430\u043f\u0430\u0440\u043a Wild Wadi &#8226; \u042d\u043a\u0441\u043a\u0443\u0440\u0441\u0438\u0438 Skyline\" \/>\n<meta property=\"og:description\" content=\"\u0414\u043b\u0438\u0442\u0435\u043b\u044c\u043d\u043e\u0441\u0442\u044c: 10:00 - 18:00  \u0414\u043d\u0438 \u043f\u0440\u043e\u0432\u0435\u0434\u0435\u043d\u0438\u044f: \u041a\u0430\u0436\u0434\u044b\u0439 \u0434\u0435\u043d\u044c\" \/>\n<meta property=\"og:url\" content=\"https:\/\/skyline-gs.com\/pl\/produkt\/wild-wadi-water-park-2-dubai\/\" \/>\n<meta property=\"og:site_name\" content=\"\u042d\u043a\u0441\u043a\u0443\u0440\u0441\u0438\u0438 Skyline\" \/>\n<meta property=\"article:modified_time\" content=\"2025-11-11T22:00:09+00:00\" \/>\n<meta property=\"og:image\" content=\"https:\/\/skyline-gs.com\/wp-content\/uploads\/2021\/09\/28-2-1.jpg\" \/>\n\t<meta property=\"og:image:width\" content=\"669\" \/>\n\t<meta property=\"og:image:height\" content=\"446\" \/>\n\t<meta property=\"og:image:type\" content=\"image\/jpeg\" \/>\n<meta name=\"twitter:card\" content=\"summary_large_image\" \/>\n<meta name=\"twitter:label1\" content=\"Szacowany czas czytania\" \/>\n\t<meta name=\"twitter:data1\" content=\"2 minuty\" \/>\n<script type=\"application\/ld+json\" class=\"yoast-schema-graph\">{\"@context\":\"https:\\\/\\\/schema.org\",\"@graph\":[{\"@type\":\"WebPage\",\"@id\":\"https:\\\/\\\/skyline-gs.com\\\/fr\\\/produit\\\/wild-wadi-water-park-2-dubai\\\/\",\"url\":\"https:\\\/\\\/skyline-gs.com\\\/fr\\\/produit\\\/wild-wadi-water-park-2-dubai\\\/\",\"name\":\"\u0410\u043a\u0432\u0430\u043f\u0430\u0440\u043a Wild Wadi &#8226; \u042d\u043a\u0441\u043a\u0443\u0440\u0441\u0438\u0438 Skyline\",\"isPartOf\":{\"@id\":\"https:\\\/\\\/skyline-gs.com\\\/it\\\/#website\"},\"primaryImageOfPage\":{\"@id\":\"https:\\\/\\\/skyline-gs.com\\\/fr\\\/produit\\\/wild-wadi-water-park-2-dubai\\\/#primaryimage\"},\"image\":{\"@id\":\"https:\\\/\\\/skyline-gs.com\\\/fr\\\/produit\\\/wild-wadi-water-park-2-dubai\\\/#primaryimage\"},\"thumbnailUrl\":\"https:\\\/\\\/skyline-gs.com\\\/wp-content\\\/uploads\\\/2021\\\/09\\\/28-2-1.jpg\",\"datePublished\":\"2021-09-16T20:17:28+00:00\",\"dateModified\":\"2025-11-11T22:00:09+00:00\",\"breadcrumb\":{\"@id\":\"https:\\\/\\\/skyline-gs.com\\\/fr\\\/produit\\\/wild-wadi-water-park-2-dubai\\\/#breadcrumb\"},\"inLanguage\":\"pl-PL\",\"potentialAction\":[{\"@type\":\"ReadAction\",\"target\":[\"https:\\\/\\\/skyline-gs.com\\\/fr\\\/produit\\\/wild-wadi-water-park-2-dubai\\\/\"]}]},{\"@type\":\"ImageObject\",\"inLanguage\":\"pl-PL\",\"@id\":\"https:\\\/\\\/skyline-gs.com\\\/fr\\\/produit\\\/wild-wadi-water-park-2-dubai\\\/#primaryimage\",\"url\":\"https:\\\/\\\/skyline-gs.com\\\/wp-content\\\/uploads\\\/2021\\\/09\\\/28-2-1.jpg\",\"contentUrl\":\"https:\\\/\\\/skyline-gs.com\\\/wp-content\\\/uploads\\\/2021\\\/09\\\/28-2-1.jpg\",\"width\":669,\"height\":446},{\"@type\":\"BreadcrumbList\",\"@id\":\"https:\\\/\\\/skyline-gs.com\\\/fr\\\/produit\\\/wild-wadi-water-park-2-dubai\\\/#breadcrumb\",\"itemListElement\":[{\"@type\":\"ListItem\",\"position\":1,\"name\":\"\u0413\u043b\u0430\u0432\u043d\u0430\u044f \u0441\u0442\u0440\u0430\u043d\u0438\u0446\u0430\",\"item\":\"https:\\\/\\\/skyline-gs.com\\\/hu\\\/\"},{\"@type\":\"ListItem\",\"position\":2,\"name\":\"\u041c\u0430\u0433\u0430\u0437\u0438\u043d\",\"item\":\"https:\\\/\\\/skyline-gs.com\\\/cs\\\/shop\\\/\"},{\"@type\":\"ListItem\",\"position\":3,\"name\":\"\u0410\u043a\u0432\u0430\u043f\u0430\u0440\u043a Wild Wadi\"}]},{\"@type\":\"WebSite\",\"@id\":\"https:\\\/\\\/skyline-gs.com\\\/it\\\/#website\",\"url\":\"https:\\\/\\\/skyline-gs.com\\\/it\\\/\",\"name\":\"\u042d\u043a\u0441\u043a\u0443\u0440\u0441\u0438\u0438 Skyline\",\"description\":\"\u042d\u043a\u0441\u043a\u043b\u044e\u0437\u0438\u0432\u043d\u044b\u0435 \u044d\u043a\u0441\u043a\u0443\u0440\u0441\u0438\u0438 \u043d\u0430 \u043b\u0443\u0447\u0448\u0438\u0445 \u043a\u0443\u0440\u043e\u0440\u0442\u0430\u0445 \u043c\u0438\u0440\u0430\",\"publisher\":{\"@id\":\"https:\\\/\\\/skyline-gs.com\\\/it\\\/#organization\"},\"alternateName\":\"Skyline\",\"potentialAction\":[{\"@type\":\"SearchAction\",\"target\":{\"@type\":\"EntryPoint\",\"urlTemplate\":\"https:\\\/\\\/skyline-gs.com\\\/it\\\/?s={search_term_string}\"},\"query-input\":{\"@type\":\"PropertyValueSpecification\",\"valueRequired\":true,\"valueName\":\"search_term_string\"}}],\"inLanguage\":\"pl-PL\"},{\"@type\":\"Organization\",\"@id\":\"https:\\\/\\\/skyline-gs.com\\\/it\\\/#organization\",\"name\":\"\u042d\u043a\u0441\u043a\u0443\u0440\u0441\u0438\u0438 Skyline\",\"alternateName\":\"\u042d\u043a\u0441\u043a\u0443\u0440\u0441\u0438\u0438 Skyline\",\"url\":\"https:\\\/\\\/skyline-gs.com\\\/it\\\/\",\"logo\":{\"@type\":\"ImageObject\",\"inLanguage\":\"pl-PL\",\"@id\":\"https:\\\/\\\/skyline-gs.com\\\/it\\\/#\\\/schema\\\/logo\\\/image\\\/\",\"url\":\"https:\\\/\\\/skyline-gs.com\\\/wp-content\\\/uploads\\\/2020\\\/12\\\/cropped-logo-2.png\",\"contentUrl\":\"https:\\\/\\\/skyline-gs.com\\\/wp-content\\\/uploads\\\/2020\\\/12\\\/cropped-logo-2.png\",\"width\":512,\"height\":512,\"caption\":\"\u042d\u043a\u0441\u043a\u0443\u0440\u0441\u0438\u0438 Skyline\"},\"image\":{\"@id\":\"https:\\\/\\\/skyline-gs.com\\\/it\\\/#\\\/schema\\\/logo\\\/image\\\/\"},\"sameAs\":[\"https:\\\/\\\/www.instagram.com\\\/skylineglobalservice\\\/\"]}]}<\/script>\n<!-- \/ Yoast SEO plugin. -->","yoast_head_json":{"title":"\u0410\u043a\u0432\u0430\u043f\u0430\u0440\u043a Wild Wadi &#8226; \u042d\u043a\u0441\u043a\u0443\u0440\u0441\u0438\u0438 Skyline","robots":{"index":"index","follow":"follow","max-snippet":"max-snippet:-1","max-image-preview":"max-image-preview:large","max-video-preview":"max-video-preview:-1"},"canonical":"https:\/\/skyline-gs.com\/pl\/produkt\/wild-wadi-water-park-2-dubai\/","og_locale":"pl_PL","og_type":"article","og_title":"\u0410\u043a\u0432\u0430\u043f\u0430\u0440\u043a Wild Wadi &#8226; \u042d\u043a\u0441\u043a\u0443\u0440\u0441\u0438\u0438 Skyline","og_description":"\u0414\u043b\u0438\u0442\u0435\u043b\u044c\u043d\u043e\u0441\u0442\u044c: 10:00 - 18:00  \u0414\u043d\u0438 \u043f\u0440\u043e\u0432\u0435\u0434\u0435\u043d\u0438\u044f: \u041a\u0430\u0436\u0434\u044b\u0439 \u0434\u0435\u043d\u044c","og_url":"https:\/\/skyline-gs.com\/pl\/produkt\/wild-wadi-water-park-2-dubai\/","og_site_name":"\u042d\u043a\u0441\u043a\u0443\u0440\u0441\u0438\u0438 Skyline","article_modified_time":"2025-11-11T22:00:09+00:00","og_image":[{"width":669,"height":446,"url":"https:\/\/skyline-gs.com\/wp-content\/uploads\/2021\/09\/28-2-1.jpg","type":"image\/jpeg"}],"twitter_card":"summary_large_image","twitter_misc":{"Szacowany czas czytania":"2 minuty"},"schema":{"@context":"https:\/\/schema.org","@graph":[{"@type":"WebPage","@id":"https:\/\/skyline-gs.com\/fr\/produit\/wild-wadi-water-park-2-dubai\/","url":"https:\/\/skyline-gs.com\/fr\/produit\/wild-wadi-water-park-2-dubai\/","name":"\u0410\u043a\u0432\u0430\u043f\u0430\u0440\u043a Wild Wadi &#8226; \u042d\u043a\u0441\u043a\u0443\u0440\u0441\u0438\u0438 Skyline","isPartOf":{"@id":"https:\/\/skyline-gs.com\/it\/#website"},"primaryImageOfPage":{"@id":"https:\/\/skyline-gs.com\/fr\/produit\/wild-wadi-water-park-2-dubai\/#primaryimage"},"image":{"@id":"https:\/\/skyline-gs.com\/fr\/produit\/wild-wadi-water-park-2-dubai\/#primaryimage"},"thumbnailUrl":"https:\/\/skyline-gs.com\/wp-content\/uploads\/2021\/09\/28-2-1.jpg","datePublished":"2021-09-16T20:17:28+00:00","dateModified":"2025-11-11T22:00:09+00:00","breadcrumb":{"@id":"https:\/\/skyline-gs.com\/fr\/produit\/wild-wadi-water-park-2-dubai\/#breadcrumb"},"inLanguage":"pl-PL","potentialAction":[{"@type":"ReadAction","target":["https:\/\/skyline-gs.com\/fr\/produit\/wild-wadi-water-park-2-dubai\/"]}]},{"@type":"ImageObject","inLanguage":"pl-PL","@id":"https:\/\/skyline-gs.com\/fr\/produit\/wild-wadi-water-park-2-dubai\/#primaryimage","url":"https:\/\/skyline-gs.com\/wp-content\/uploads\/2021\/09\/28-2-1.jpg","contentUrl":"https:\/\/skyline-gs.com\/wp-content\/uploads\/2021\/09\/28-2-1.jpg","width":669,"height":446},{"@type":"BreadcrumbList","@id":"https:\/\/skyline-gs.com\/fr\/produit\/wild-wadi-water-park-2-dubai\/#breadcrumb","itemListElement":[{"@type":"ListItem","position":1,"name":"\u0413\u043b\u0430\u0432\u043d\u0430\u044f \u0441\u0442\u0440\u0430\u043d\u0438\u0446\u0430","item":"https:\/\/skyline-gs.com\/hu\/"},{"@type":"ListItem","position":2,"name":"\u041c\u0430\u0433\u0430\u0437\u0438\u043d","item":"https:\/\/skyline-gs.com\/cs\/shop\/"},{"@type":"ListItem","position":3,"name":"\u0410\u043a\u0432\u0430\u043f\u0430\u0440\u043a Wild Wadi"}]},{"@type":"WebSite","@id":"https:\/\/skyline-gs.com\/it\/#website","url":"https:\/\/skyline-gs.com\/it\/","name":"Wycieczki Skyline","description":"Ekskluzywne wycieczki do najlepszych kurort\u00f3w na \u015bwiecie","publisher":{"@id":"https:\/\/skyline-gs.com\/it\/#organization"},"alternateName":"Skyline","potentialAction":[{"@type":"SearchAction","target":{"@type":"EntryPoint","urlTemplate":"https:\/\/skyline-gs.com\/it\/?s={search_term_string}"},"query-input":{"@type":"PropertyValueSpecification","valueRequired":true,"valueName":"search_term_string"}}],"inLanguage":"pl-PL"},{"@type":"Organization","@id":"https:\/\/skyline-gs.com\/it\/#organization","name":"Wycieczki Skyline","alternateName":"\u042d\u043a\u0441\u043a\u0443\u0440\u0441\u0438\u0438 Skyline","url":"https:\/\/skyline-gs.com\/it\/","logo":{"@type":"ImageObject","inLanguage":"pl-PL","@id":"https:\/\/skyline-gs.com\/it\/#\/schema\/logo\/image\/","url":"https:\/\/skyline-gs.com\/wp-content\/uploads\/2020\/12\/cropped-logo-2.png","contentUrl":"https:\/\/skyline-gs.com\/wp-content\/uploads\/2020\/12\/cropped-logo-2.png","width":512,"height":512,"caption":"\u042d\u043a\u0441\u043a\u0443\u0440\u0441\u0438\u0438 Skyline"},"image":{"@id":"https:\/\/skyline-gs.com\/it\/#\/schema\/logo\/image\/"},"sameAs":["https:\/\/www.instagram.com\/skylineglobalservice\/"]}]}},"_links":{"self":[{"href":"https:\/\/skyline-gs.com\/pl\/wp-json\/wp\/v2\/product\/56252","targetHints":{"allow":["GET"]}}],"collection":[{"href":"https:\/\/skyline-gs.com\/pl\/wp-json\/wp\/v2\/product"}],"about":[{"href":"https:\/\/skyline-gs.com\/pl\/wp-json\/wp\/v2\/types\/product"}],"version-history":[{"count":0,"href":"https:\/\/skyline-gs.com\/pl\/wp-json\/wp\/v2\/product\/56252\/revisions"}],"wp:featuredmedia":[{"embeddable":true,"href":"https:\/\/skyline-gs.com\/pl\/wp-json\/wp\/v2\/media\/40326"}],"wp:attachment":[{"href":"https:\/\/skyline-gs.com\/pl\/wp-json\/wp\/v2\/media?parent=56252"}],"wp:term":[{"taxonomy":"product_brand","embeddable":true,"href":"https:\/\/skyline-gs.com\/pl\/wp-json\/wp\/v2\/product_brand?post=56252"},{"taxonomy":"product_cat","embeddable":true,"href":"https:\/\/skyline-gs.com\/pl\/wp-json\/wp\/v2\/product_cat?post=56252"},{"taxonomy":"product_tag","embeddable":true,"href":"https:\/\/skyline-gs.com\/pl\/wp-json\/wp\/v2\/product_tag?post=56252"}],"curies":[{"name":"wp","href":"https:\/\/api.w.org\/{rel}","templated":true}]}}