{"id":55682,"date":"2020-12-15T01:33:09","date_gmt":"2020-12-14T23:33:09","guid":{"rendered":"http:\/\/skyline-gs.com\/?post_type=product&#038;p=16538"},"modified":"2026-03-12T17:11:40","modified_gmt":"2026-03-12T15:11:40","slug":"safari-selus-2-days-zanzibar","status":"publish","type":"product","link":"https:\/\/skyline-gs.com\/pl\/product\/safari-selus-2-days-zanzibar\/","title":{"rendered":"Selous 2 dni (lot bezpo\u015bredni)"},"content":{"rendered":"<p><strong>Dzie\u0144 1<\/strong><\/p>\n<p>Wymeldowanie z hotelu o 6:00 rano. Wylot z lotniska w Zanzibarze o godzinie 8:10. Przelot ma\u0142ym samolotem do Parku Narodowego Selous. Przylot na lotnisko. Wylot do Parku Narodowego Selous. O godzinie 9:30 zabieramy naszych klient\u00f3w do cz\u0119\u015bci parku, kt\u00f3ra jest domem dla wi\u0119kszo\u015bci zwierz\u0105t. Ze wzgl\u0119du na rozleg\u0142y obszar, rezerwat ten jest najwi\u0119kszym w Afryce i znajduje si\u0119 na li\u015bcie najwi\u0119kszych park\u00f3w na \u015bwiecie. Wycieczka po tej niezwyk\u0142ej krainie mo\u017ce zast\u0105pi\u0107 podr\u00f3\u017c przez niemal ca\u0142\u0105 Afryk\u0119. Po\u0142\u0105czenie wielu w\u0142asnych ekosystem\u00f3w parku zaowocowa\u0142o ogromn\u0105 liczb\u0105 zwierz\u0105t i ptak\u00f3w.\u00a0<strong>440 gatunk\u00f3w<\/strong>\u00a0Ptaki zamieszkuj\u0105 ka\u017cdy zak\u0105tek rezerwatu. Strusie i marabuty, nurniki i or\u0142y drapie\u017cne, skromne skowronki i kolorowe papugi. Przerwa na lunch i kontynuacja safari.<\/p>\n<p>Tanzania szczyci si\u0119 populacj\u0105 s\u0142oni wynosz\u0105c\u0105 prawie\u00a0<strong>100 000 os\u00f3b<\/strong>. Oko\u0142o po\u0142owa z nich osiedli\u0142a si\u0119 w Selous. Opr\u00f3cz nich obszar ten jest r\u00f3wnie\u017c domem dla wielu innych gatunk\u00f3w zwierz\u0105t: antylop gnu i impala, bawo\u0142\u00f3w, hipopotam\u00f3w, nosoro\u017cc\u00f3w i bawo\u0142\u00f3w. Cz\u0119sto nazywany jest Parkiem \u017byraf, poniewa\u017c jest domem dla wielu \u017cyraf Maasai. Drapie\u017cniki w Selous s\u0105 reprezentowane przez koty afryka\u0144skie, lwy i lamparty. W dolinie rzeki i na bagnach \u017cyj\u0105 ogromne krokodyle. 16:30 Koniec safari i transfer do hotelu. Zameldowanie w hotelu z basenem Africa Safari Selous. Kolacja.<\/p>\n<p><strong>Dzie\u0144 2<\/strong><\/p>\n<p>Wczesne \u015bniadanie. Poranne safari \u0142odzi\u0105 trwaj\u0105ce p\u00f3\u0142torej godziny. B\u0119dziesz mia\u0142 okazj\u0119 zobaczy\u0107 krokodyle, hipopotamy i wszystkie zwierz\u0119ta, kt\u00f3re przychodz\u0105 rano do wodopoju. Zobaczysz tak\u017ce wiele niezwyk\u0142ych ptak\u00f3w. Na koniec zostaniesz przewieziony na lotnisko. 16:30 Lot na Zanzibar. 17:00 odbi\u00f3r z lotniska i transfer z powrotem do hotelu. Oko\u0142o 18:00 powr\u00f3t do hotelu.<\/p>\n<p><strong>Co zawiera:<\/strong><\/p>\n<ul>\n<li>Wszystkie transfery w ramach programu<\/li>\n<li>Transfer z i do hotelu<\/li>\n<li>Bezpo\u015bredni lot Zanzibar - Selous Park - Zanzibar<\/li>\n<li>Zakwaterowanie w Africa Safari Selous Lodge z basenem<\/li>\n<li>Safari w nowoczesnym jeepie 4x4<\/li>\n<li>Trzy posi\u0142ki dziennie<\/li>\n<li>W towarzystwie wykwalifikowanego angloj\u0119zycznego przewodnika.<\/li>\n<li>Napoje podczas safari<\/li>\n<li>Wycieczka \u0142odzi\u0105 po rzece Rufiji (drugiego dnia)<\/li>\n<\/ul>\n<p><strong>Na wynos:<\/strong><\/p>\n<ul>\n<li>Paszport. Mimo \u017ce Zanzibar jest cz\u0119\u015bci\u0105 Tanzanii, wszyscy przechodzimy przez kontrol\u0119 paszportow\u0105 na lotnisku<\/li>\n<li>Wygodne buty i ubrania. \u041b<span class=\"fontstyle0\">lekkie spodnie, koszula z d\u0142ugim r\u0119kawem, T-shirt, rzeczy osobiste (do 5 kg)<\/span><\/li>\n<li>Kurtka na wypadek deszczu lub ch\u0142odnych wieczor\u00f3w<\/li>\n<li>Sprz\u0119t foto-wideo. Na\u0142aduj swoje urz\u0105dzenia z odpowiednim wyprzedzeniem<\/li>\n<li>Wymie\u0144 pieni\u0105dze na drobne banknoty. Przydadz\u0105 si\u0119 one na pami\u0105tki i napiwki dla stra\u017cnik\u00f3w. Zalecany napiwek 5$ na osob\u0119<\/li>\n<li>Poranna przek\u0105ska (wyja\u015bnij w recepcji hotelu, \u017ce wyje\u017cd\u017casz wcze\u015bnie rano na wycieczk\u0119 i musisz przygotowa\u0107 lunch box, hotele zapewni\u0105 t\u0119 us\u0142ug\u0119 bezp\u0142atnie).<\/li>\n<li><span class=\"fontstyle0\">Okulary przeciws\u0142oneczne i panama, filtr przeciws\u0142oneczny<\/span><\/li>\n<li><span class=\"fontstyle0\">Produkty higieny osobistej, apteczka pierwszej pomocy<\/span><\/li>\n<li><span class=\"fontstyle0\">\u017bel do dezynfekcji r\u0105k<\/span><\/li>\n<\/ul>\n<p><strong>Warunki rezerwacji:<\/strong><\/p>\n<ul>\n<li>\u041f\u0440\u0435\u0434\u043e\u043f\u043b\u0430\u0442\u0430 30% (\u043f\u0440\u0435\u0434\u043e\u043f\u043b\u0430\u0442\u0430 \u043f\u0440\u0438\u043d\u0438\u043c\u0430\u0435\u0442\u0441\u044f \u043d\u0430\u043b\u0438\u0447\u043d\u044b\u043c\u0438 \u0438\u043b\u0438 \u043d\u0430 \u0431\u0430\u043d\u043a\u043e\u0432\u0441\u043a\u0443\u044e \u043a\u0430\u0440\u0442\u0443). <strong>\u041f\u0440\u0435\u0434\u043e\u043f\u043b\u0430\u0442\u0430 \u043d\u0435 \u0432\u043e\u0437\u0432\u0440\u0430\u0449\u0430\u0435\u0442\u0441\u044f.\u00a0<\/strong><\/li>\n<\/ul>","protected":false},"excerpt":{"rendered":"<p><strong>Czas wycieczki:<\/strong> 2 dni<\/p>\n<p><strong>Holding Days:<\/strong> codzienny<\/p>","protected":false},"featured_media":18153,"template":"","meta":{"_kad_post_transparent":"default","_kad_post_title":"","_kad_post_layout":"default","_kad_post_sidebar_id":"","_kad_post_content_style":"default","_kad_post_vertical_padding":"default","_kad_post_feature":"","_kad_post_feature_position":"","_kad_post_header":false,"_kad_post_footer":false,"_kad_post_classname":"","_glsr_average":0,"_glsr_ranking":0,"_glsr_reviews":0},"product_brand":[],"product_cat":[468,469],"product_tag":[],"class_list":{"0":"post-55682","1":"product","2":"type-product","3":"status-publish","4":"has-post-thumbnail","6":"product_cat-zanzibar-safari","7":"product_cat-tours","8":"tm-has-options","10":"first","11":"instock","12":"sale","13":"sold-individually","14":"taxable","15":"shipping-taxable","16":"purchasable","17":"product-type-simple","18":"entry","19":"content-bg","20":"loop-entry"},"yoast_head":"<!-- This site is optimized with the Yoast SEO plugin v27.3 - https:\/\/yoast.com\/product\/yoast-seo-wordpress\/ -->\n<title>\u0421\u0435\u043b\u0443\u0441 2 \u0434\u043d\u044f (\u043f\u0440\u044f\u043c\u043e\u0439 \u043f\u0435\u0440\u0435\u043b\u0451\u0442) &#8226; \u042d\u043a\u0441\u043a\u0443\u0440\u0441\u0438\u0438 Skyline<\/title>\n<meta name=\"robots\" content=\"index, follow, max-snippet:-1, max-image-preview:large, max-video-preview:-1\" \/>\n<link rel=\"canonical\" href=\"https:\/\/skyline-gs.com\/pl\/produkt\/safari-selus-2-days-zanzibar\/\" \/>\n<meta property=\"og:locale\" content=\"pl_PL\" \/>\n<meta property=\"og:type\" content=\"article\" \/>\n<meta property=\"og:title\" content=\"\u0421\u0435\u043b\u0443\u0441 2 \u0434\u043d\u044f (\u043f\u0440\u044f\u043c\u043e\u0439 \u043f\u0435\u0440\u0435\u043b\u0451\u0442) &#8226; \u042d\u043a\u0441\u043a\u0443\u0440\u0441\u0438\u0438 Skyline\" \/>\n<meta property=\"og:description\" content=\"\u0412\u0440\u0435\u043c\u044f \u0442\u0443\u0440\u0430: 2 \u0434\u043d\u044f  \u0414\u043d\u0438 \u043f\u0440\u043e\u0432\u0435\u0434\u0435\u043d\u0438\u044f: \u0435\u0436\u0435\u0434\u043d\u0435\u0432\u043d\u043e\" \/>\n<meta property=\"og:url\" content=\"https:\/\/skyline-gs.com\/pl\/produkt\/safari-selus-2-days-zanzibar\/\" \/>\n<meta property=\"og:site_name\" content=\"\u042d\u043a\u0441\u043a\u0443\u0440\u0441\u0438\u0438 Skyline\" \/>\n<meta property=\"article:modified_time\" content=\"2026-03-12T15:11:40+00:00\" \/>\n<meta property=\"og:image\" content=\"https:\/\/skyline-gs.com\/wp-content\/uploads\/2020\/12\/Selus-dlya-sajta-20-of-29-1.jpg\" \/>\n\t<meta property=\"og:image:width\" content=\"900\" \/>\n\t<meta property=\"og:image:height\" content=\"600\" \/>\n\t<meta property=\"og:image:type\" content=\"image\/jpeg\" \/>\n<meta name=\"twitter:card\" content=\"summary_large_image\" \/>\n<meta name=\"twitter:label1\" content=\"Szacowany czas czytania\" \/>\n\t<meta name=\"twitter:data1\" content=\"3 minuty\" \/>\n<script type=\"application\/ld+json\" class=\"yoast-schema-graph\">{\"@context\":\"https:\\\/\\\/schema.org\",\"@graph\":[{\"@type\":\"WebPage\",\"@id\":\"https:\\\/\\\/skyline-gs.com\\\/product\\\/safari-selus-2-days-zanzibar\\\/\",\"url\":\"https:\\\/\\\/skyline-gs.com\\\/product\\\/safari-selus-2-days-zanzibar\\\/\",\"name\":\"\u0421\u0435\u043b\u0443\u0441 2 \u0434\u043d\u044f (\u043f\u0440\u044f\u043c\u043e\u0439 \u043f\u0435\u0440\u0435\u043b\u0451\u0442) &#8226; \u042d\u043a\u0441\u043a\u0443\u0440\u0441\u0438\u0438 Skyline\",\"isPartOf\":{\"@id\":\"https:\\\/\\\/skyline-gs.com\\\/it\\\/#website\"},\"primaryImageOfPage\":{\"@id\":\"https:\\\/\\\/skyline-gs.com\\\/product\\\/safari-selus-2-days-zanzibar\\\/#primaryimage\"},\"image\":{\"@id\":\"https:\\\/\\\/skyline-gs.com\\\/product\\\/safari-selus-2-days-zanzibar\\\/#primaryimage\"},\"thumbnailUrl\":\"https:\\\/\\\/skyline-gs.com\\\/wp-content\\\/uploads\\\/2020\\\/12\\\/Selus-dlya-sajta-20-of-29-1.jpg\",\"datePublished\":\"2020-12-14T23:33:09+00:00\",\"dateModified\":\"2026-03-12T15:11:40+00:00\",\"breadcrumb\":{\"@id\":\"https:\\\/\\\/skyline-gs.com\\\/product\\\/safari-selus-2-days-zanzibar\\\/#breadcrumb\"},\"inLanguage\":\"pl-PL\",\"potentialAction\":[{\"@type\":\"ReadAction\",\"target\":[\"https:\\\/\\\/skyline-gs.com\\\/product\\\/safari-selus-2-days-zanzibar\\\/\"]}]},{\"@type\":\"ImageObject\",\"inLanguage\":\"pl-PL\",\"@id\":\"https:\\\/\\\/skyline-gs.com\\\/product\\\/safari-selus-2-days-zanzibar\\\/#primaryimage\",\"url\":\"https:\\\/\\\/skyline-gs.com\\\/wp-content\\\/uploads\\\/2020\\\/12\\\/Selus-dlya-sajta-20-of-29-1.jpg\",\"contentUrl\":\"https:\\\/\\\/skyline-gs.com\\\/wp-content\\\/uploads\\\/2020\\\/12\\\/Selus-dlya-sajta-20-of-29-1.jpg\",\"width\":900,\"height\":600},{\"@type\":\"BreadcrumbList\",\"@id\":\"https:\\\/\\\/skyline-gs.com\\\/product\\\/safari-selus-2-days-zanzibar\\\/#breadcrumb\",\"itemListElement\":[{\"@type\":\"ListItem\",\"position\":1,\"name\":\"\u0413\u043b\u0430\u0432\u043d\u0430\u044f \u0441\u0442\u0440\u0430\u043d\u0438\u0446\u0430\",\"item\":\"https:\\\/\\\/skyline-gs.com\\\/hu\\\/\"},{\"@type\":\"ListItem\",\"position\":2,\"name\":\"\u041c\u0430\u0433\u0430\u0437\u0438\u043d\",\"item\":\"https:\\\/\\\/skyline-gs.com\\\/cs\\\/shop\\\/\"},{\"@type\":\"ListItem\",\"position\":3,\"name\":\"\u0421\u0435\u043b\u0443\u0441 2 \u0434\u043d\u044f (\u043f\u0440\u044f\u043c\u043e\u0439 \u043f\u0435\u0440\u0435\u043b\u0451\u0442)\"}]},{\"@type\":\"WebSite\",\"@id\":\"https:\\\/\\\/skyline-gs.com\\\/it\\\/#website\",\"url\":\"https:\\\/\\\/skyline-gs.com\\\/it\\\/\",\"name\":\"\u042d\u043a\u0441\u043a\u0443\u0440\u0441\u0438\u0438 Skyline\",\"description\":\"\u042d\u043a\u0441\u043a\u043b\u044e\u0437\u0438\u0432\u043d\u044b\u0435 \u044d\u043a\u0441\u043a\u0443\u0440\u0441\u0438\u0438 \u043d\u0430 \u043b\u0443\u0447\u0448\u0438\u0445 \u043a\u0443\u0440\u043e\u0440\u0442\u0430\u0445 \u043c\u0438\u0440\u0430\",\"publisher\":{\"@id\":\"https:\\\/\\\/skyline-gs.com\\\/it\\\/#organization\"},\"alternateName\":\"Skyline\",\"potentialAction\":[{\"@type\":\"SearchAction\",\"target\":{\"@type\":\"EntryPoint\",\"urlTemplate\":\"https:\\\/\\\/skyline-gs.com\\\/it\\\/?s={search_term_string}\"},\"query-input\":{\"@type\":\"PropertyValueSpecification\",\"valueRequired\":true,\"valueName\":\"search_term_string\"}}],\"inLanguage\":\"pl-PL\"},{\"@type\":\"Organization\",\"@id\":\"https:\\\/\\\/skyline-gs.com\\\/it\\\/#organization\",\"name\":\"\u042d\u043a\u0441\u043a\u0443\u0440\u0441\u0438\u0438 Skyline\",\"alternateName\":\"\u042d\u043a\u0441\u043a\u0443\u0440\u0441\u0438\u0438 Skyline\",\"url\":\"https:\\\/\\\/skyline-gs.com\\\/it\\\/\",\"logo\":{\"@type\":\"ImageObject\",\"inLanguage\":\"pl-PL\",\"@id\":\"https:\\\/\\\/skyline-gs.com\\\/it\\\/#\\\/schema\\\/logo\\\/image\\\/\",\"url\":\"https:\\\/\\\/skyline-gs.com\\\/wp-content\\\/uploads\\\/2020\\\/12\\\/cropped-logo-2.png\",\"contentUrl\":\"https:\\\/\\\/skyline-gs.com\\\/wp-content\\\/uploads\\\/2020\\\/12\\\/cropped-logo-2.png\",\"width\":512,\"height\":512,\"caption\":\"\u042d\u043a\u0441\u043a\u0443\u0440\u0441\u0438\u0438 Skyline\"},\"image\":{\"@id\":\"https:\\\/\\\/skyline-gs.com\\\/it\\\/#\\\/schema\\\/logo\\\/image\\\/\"},\"sameAs\":[\"https:\\\/\\\/www.instagram.com\\\/skylineglobalservice\\\/\"]}]}<\/script>\n<!-- \/ Yoast SEO plugin. -->","yoast_head_json":{"title":"\u0421\u0435\u043b\u0443\u0441 2 \u0434\u043d\u044f (\u043f\u0440\u044f\u043c\u043e\u0439 \u043f\u0435\u0440\u0435\u043b\u0451\u0442) &#8226; \u042d\u043a\u0441\u043a\u0443\u0440\u0441\u0438\u0438 Skyline","robots":{"index":"index","follow":"follow","max-snippet":"max-snippet:-1","max-image-preview":"max-image-preview:large","max-video-preview":"max-video-preview:-1"},"canonical":"https:\/\/skyline-gs.com\/pl\/produkt\/safari-selus-2-days-zanzibar\/","og_locale":"pl_PL","og_type":"article","og_title":"\u0421\u0435\u043b\u0443\u0441 2 \u0434\u043d\u044f (\u043f\u0440\u044f\u043c\u043e\u0439 \u043f\u0435\u0440\u0435\u043b\u0451\u0442) &#8226; \u042d\u043a\u0441\u043a\u0443\u0440\u0441\u0438\u0438 Skyline","og_description":"\u0412\u0440\u0435\u043c\u044f \u0442\u0443\u0440\u0430: 2 \u0434\u043d\u044f  \u0414\u043d\u0438 \u043f\u0440\u043e\u0432\u0435\u0434\u0435\u043d\u0438\u044f: \u0435\u0436\u0435\u0434\u043d\u0435\u0432\u043d\u043e","og_url":"https:\/\/skyline-gs.com\/pl\/produkt\/safari-selus-2-days-zanzibar\/","og_site_name":"\u042d\u043a\u0441\u043a\u0443\u0440\u0441\u0438\u0438 Skyline","article_modified_time":"2026-03-12T15:11:40+00:00","og_image":[{"width":900,"height":600,"url":"https:\/\/skyline-gs.com\/wp-content\/uploads\/2020\/12\/Selus-dlya-sajta-20-of-29-1.jpg","type":"image\/jpeg"}],"twitter_card":"summary_large_image","twitter_misc":{"Szacowany czas czytania":"3 minuty"},"schema":{"@context":"https:\/\/schema.org","@graph":[{"@type":"WebPage","@id":"https:\/\/skyline-gs.com\/product\/safari-selus-2-days-zanzibar\/","url":"https:\/\/skyline-gs.com\/product\/safari-selus-2-days-zanzibar\/","name":"\u0421\u0435\u043b\u0443\u0441 2 \u0434\u043d\u044f (\u043f\u0440\u044f\u043c\u043e\u0439 \u043f\u0435\u0440\u0435\u043b\u0451\u0442) &#8226; \u042d\u043a\u0441\u043a\u0443\u0440\u0441\u0438\u0438 Skyline","isPartOf":{"@id":"https:\/\/skyline-gs.com\/it\/#website"},"primaryImageOfPage":{"@id":"https:\/\/skyline-gs.com\/product\/safari-selus-2-days-zanzibar\/#primaryimage"},"image":{"@id":"https:\/\/skyline-gs.com\/product\/safari-selus-2-days-zanzibar\/#primaryimage"},"thumbnailUrl":"https:\/\/skyline-gs.com\/wp-content\/uploads\/2020\/12\/Selus-dlya-sajta-20-of-29-1.jpg","datePublished":"2020-12-14T23:33:09+00:00","dateModified":"2026-03-12T15:11:40+00:00","breadcrumb":{"@id":"https:\/\/skyline-gs.com\/product\/safari-selus-2-days-zanzibar\/#breadcrumb"},"inLanguage":"pl-PL","potentialAction":[{"@type":"ReadAction","target":["https:\/\/skyline-gs.com\/product\/safari-selus-2-days-zanzibar\/"]}]},{"@type":"ImageObject","inLanguage":"pl-PL","@id":"https:\/\/skyline-gs.com\/product\/safari-selus-2-days-zanzibar\/#primaryimage","url":"https:\/\/skyline-gs.com\/wp-content\/uploads\/2020\/12\/Selus-dlya-sajta-20-of-29-1.jpg","contentUrl":"https:\/\/skyline-gs.com\/wp-content\/uploads\/2020\/12\/Selus-dlya-sajta-20-of-29-1.jpg","width":900,"height":600},{"@type":"BreadcrumbList","@id":"https:\/\/skyline-gs.com\/product\/safari-selus-2-days-zanzibar\/#breadcrumb","itemListElement":[{"@type":"ListItem","position":1,"name":"\u0413\u043b\u0430\u0432\u043d\u0430\u044f \u0441\u0442\u0440\u0430\u043d\u0438\u0446\u0430","item":"https:\/\/skyline-gs.com\/hu\/"},{"@type":"ListItem","position":2,"name":"\u041c\u0430\u0433\u0430\u0437\u0438\u043d","item":"https:\/\/skyline-gs.com\/cs\/shop\/"},{"@type":"ListItem","position":3,"name":"\u0421\u0435\u043b\u0443\u0441 2 \u0434\u043d\u044f (\u043f\u0440\u044f\u043c\u043e\u0439 \u043f\u0435\u0440\u0435\u043b\u0451\u0442)"}]},{"@type":"WebSite","@id":"https:\/\/skyline-gs.com\/it\/#website","url":"https:\/\/skyline-gs.com\/it\/","name":"Wycieczki Skyline","description":"Ekskluzywne wycieczki do najlepszych kurort\u00f3w na \u015bwiecie","publisher":{"@id":"https:\/\/skyline-gs.com\/it\/#organization"},"alternateName":"Skyline","potentialAction":[{"@type":"SearchAction","target":{"@type":"EntryPoint","urlTemplate":"https:\/\/skyline-gs.com\/it\/?s={search_term_string}"},"query-input":{"@type":"PropertyValueSpecification","valueRequired":true,"valueName":"search_term_string"}}],"inLanguage":"pl-PL"},{"@type":"Organization","@id":"https:\/\/skyline-gs.com\/it\/#organization","name":"Wycieczki Skyline","alternateName":"\u042d\u043a\u0441\u043a\u0443\u0440\u0441\u0438\u0438 Skyline","url":"https:\/\/skyline-gs.com\/it\/","logo":{"@type":"ImageObject","inLanguage":"pl-PL","@id":"https:\/\/skyline-gs.com\/it\/#\/schema\/logo\/image\/","url":"https:\/\/skyline-gs.com\/wp-content\/uploads\/2020\/12\/cropped-logo-2.png","contentUrl":"https:\/\/skyline-gs.com\/wp-content\/uploads\/2020\/12\/cropped-logo-2.png","width":512,"height":512,"caption":"\u042d\u043a\u0441\u043a\u0443\u0440\u0441\u0438\u0438 Skyline"},"image":{"@id":"https:\/\/skyline-gs.com\/it\/#\/schema\/logo\/image\/"},"sameAs":["https:\/\/www.instagram.com\/skylineglobalservice\/"]}]}},"_links":{"self":[{"href":"https:\/\/skyline-gs.com\/pl\/wp-json\/wp\/v2\/product\/55682","targetHints":{"allow":["GET"]}}],"collection":[{"href":"https:\/\/skyline-gs.com\/pl\/wp-json\/wp\/v2\/product"}],"about":[{"href":"https:\/\/skyline-gs.com\/pl\/wp-json\/wp\/v2\/types\/product"}],"version-history":[{"count":0,"href":"https:\/\/skyline-gs.com\/pl\/wp-json\/wp\/v2\/product\/55682\/revisions"}],"wp:featuredmedia":[{"embeddable":true,"href":"https:\/\/skyline-gs.com\/pl\/wp-json\/wp\/v2\/media\/18153"}],"wp:attachment":[{"href":"https:\/\/skyline-gs.com\/pl\/wp-json\/wp\/v2\/media?parent=55682"}],"wp:term":[{"taxonomy":"product_brand","embeddable":true,"href":"https:\/\/skyline-gs.com\/pl\/wp-json\/wp\/v2\/product_brand?post=55682"},{"taxonomy":"product_cat","embeddable":true,"href":"https:\/\/skyline-gs.com\/pl\/wp-json\/wp\/v2\/product_cat?post=55682"},{"taxonomy":"product_tag","embeddable":true,"href":"https:\/\/skyline-gs.com\/pl\/wp-json\/wp\/v2\/product_tag?post=55682"}],"curies":[{"name":"wp","href":"https:\/\/api.w.org\/{rel}","templated":true}]}}