{"id":49772,"date":"2024-05-07T19:27:02","date_gmt":"2024-05-07T17:27:02","guid":{"rendered":"http:\/\/skyline-gs.com\/?post_type=product&#038;p=49772"},"modified":"2025-10-12T00:25:15","modified_gmt":"2025-10-11T22:25:15","slug":"mercedes-v-class-transfer-hongkong","status":"publish","type":"product","link":"https:\/\/skyline-gs.com\/pl\/product\/mercedes-v-class-transfer-hongkong\/","title":{"rendered":"Transfer lotniskowy klasy premium Mercedes Benz V Class"},"content":{"rendered":"<p>Ciesz si\u0119 beztroskim przylotem do Hongkongu dzi\u0119ki prywatnemu transferowi lotniskowemu. Nasz kierowca spotka si\u0119 z Tob\u0105 na mi\u0119dzynarodowym lotnisku i zabierze Ci\u0119 wygodnie do hotelu.<\/p>\n<p><strong>W zestawie:<\/strong><\/p>\n<ul>\n<li>Transfer prywatnym samochodem z klimatyzacj\u0105<\/li>\n<li>\u0422\u0440\u0430\u043d\u0441\u0444\u0435\u0440 \u043d\u0430 Mercedes Benz V Class (\u0432\u043c\u0435\u0441\u0442\u0438\u0442\u0435\u043b\u044c\u043d\u043e\u0441\u0442\u044c 1-7 \u0447\u0435\u043b\u043e\u0432\u0435\u043a)<\/li>\n<li>Spotkanie na lotnisku ze znakiem<\/li>\n<\/ul>\n<p><strong>Dodatkowe informacje:<\/strong><\/p>\n<ul>\n<li>\u041f\u043e \u043f\u0440\u0438\u0431\u044b\u0442\u0438\u044e \u0431\u0435\u0441\u043f\u043b\u0430\u0442\u043d\u043e\u0435 \u043e\u0436\u0438\u0434\u0430\u043d\u0438\u0435 \u0432 \u0442\u0435\u0447\u0435\u043d\u0438\u0435 60 \u043c\u0438\u043d\u0443\u0442 \u043f\u043e\u0441\u043b\u0435 \u043f\u0440\u0438\u0437\u0435\u043c\u043b\u0435\u043d\u0438\u044f \u0441\u0430\u043c\u043e\u043b\u0451\u0442\u0430. \u0417\u0430 \u043e\u0436\u0438\u0434\u0430\u043d\u0438\u0435 \u0441\u0432\u0435\u0440\u0445 \u0443\u043a\u0430\u0437\u0430\u043d\u043d\u043e\u0433\u043e \u0432\u0440\u0435\u043c\u0435\u043d\u0438 \u0432\u0437\u0438\u043c\u0430\u0435\u0442\u0441\u044f \u043f\u043b\u0430\u0442\u0430 \u0432 \u0440\u0430\u0437\u043c\u0435\u0440\u0435 40$ \u0437\u0430 \u043a\u0430\u0436\u0434\u044b\u0435 30 \u043c\u0438\u043d\u0443\u0442.<\/li>\n<li>\u041f\u0440\u0438 \u043e\u0442\u043f\u0440\u0430\u0432\u043b\u0435\u043d\u0438\u0438 \u0438\u0437 \u043e\u0442\u0435\u043b\u044f \u043c\u0430\u043a\u0441\u0438\u043c\u0430\u043b\u044c\u043d\u043e\u0435 \u0432\u0440\u0435\u043c\u044f \u043e\u0436\u0438\u0434\u0430\u043d\u0438\u044f 15 \u043c\u0438\u043d\u0443\u0442 \u043e\u0442 \u043d\u0430\u0437\u043d\u0430\u0447\u0435\u043d\u043d\u043e\u0433\u043e \u0432\u0440\u0435\u043c\u0435\u043d\u0438 \u0442\u0440\u0430\u043d\u0441\u0444\u0435\u0440\u0430. \u0417\u0430 \u043e\u0436\u0438\u0434\u0430\u043d\u0438\u0435 \u0441\u0432\u0435\u0440\u0445 \u0443\u043a\u0430\u0437\u0430\u043d\u043d\u043e\u0433\u043e \u0432\u0440\u0435\u043c\u0435\u043d\u0438 \u0432\u0437\u0438\u043c\u0430\u0435\u0442\u0441\u044f \u043f\u043b\u0430\u0442\u0430 \u0432 \u0440\u0430\u0437\u043c\u0435\u0440\u0435 40$ \u0437\u0430 \u043a\u0430\u0436\u0434\u044b\u0435 30 \u043c\u0438\u043d\u0443\u0442.<\/li>\n<li>Koszt jest taki sam dla doros\u0142ych i dzieci w wieku od 3 lat. Us\u0142ugi dla dzieci poni\u017cej 3. roku \u017cycia s\u0105 bezp\u0142atne.<\/li>\n<li>W przypadku transfer\u00f3w jeden dodatkowy przystanek po drodze jest bezp\u0142atny.<\/li>\n<li>Za ka\u017cdy dodatkowy przystanek na trasie zostanie naliczona op\u0142ata w wysoko\u015bci 30$ (maksymalnie 2 przystanki).<\/li>\n<li>Za wszystkie us\u0142ugi mi\u0119dzy 22:00 a 8:00 pobierana jest dodatkowa op\u0142ata w wysoko\u015bci 40$ w jedn\u0105 stron\u0119 lub za godzin\u0119.<\/li>\n<\/ul>\n<p><strong>Rezerwacje:<\/strong><\/p>\n<ul>\n<li>Podczas dokonywania rezerwacji prosimy o przes\u0142anie nam e-mailem daty transferu, numeru lotu i godziny przylotu. Je\u015bli lot jest op\u00f3\u017aniony lub prze\u0142o\u017cony, poinformuj nas o tym.<\/li>\n<li>100% Przedp\u0142ata jest wymagana przy sk\u0142adaniu zam\u00f3wienia, akceptujemy got\u00f3wk\u0119 i przelew bankowy online.<\/li>\n<li>Anulowanie rezerwacji na 24 godziny przed transferem jest bezp\u0142atne.<\/li>\n<li>Anulowanie rezerwacji w ci\u0105gu 24 godzin przed transferem nie podlega zwrotowi.<\/li>\n<\/ul>","protected":false},"excerpt":{"rendered":"<p><strong>Czas podr\u00f3\u017cy:<\/strong> 30 minut<\/p>\n<p><strong>Pojemno\u015b\u0107:<\/strong> 1-7 \u0447\u0435\u043b\u043e\u0432\u0435\u043a<\/p>","protected":false},"featured_media":52995,"template":"","meta":{"_kad_post_transparent":"default","_kad_post_title":"","_kad_post_layout":"default","_kad_post_sidebar_id":"","_kad_post_content_style":"default","_kad_post_vertical_padding":"default","_kad_post_feature":"","_kad_post_feature_position":"","_kad_post_header":false,"_kad_post_footer":false,"_kad_post_classname":"","_glsr_average":0,"_glsr_ranking":0,"_glsr_reviews":0},"product_brand":[],"product_cat":[466],"product_tag":[],"class_list":{"0":"post-49772","1":"product","2":"type-product","3":"status-publish","4":"has-post-thumbnail","6":"product_cat-hongkong","7":"tm-has-options","9":"first","10":"instock","11":"sold-individually","12":"taxable","13":"shipping-taxable","14":"purchasable","15":"product-type-simple","16":"entry","17":"content-bg","18":"loop-entry"},"yoast_head":"<!-- This site is optimized with the Yoast SEO plugin v27.3 - https:\/\/yoast.com\/product\/yoast-seo-wordpress\/ -->\n<title>\u041f\u0440\u0435\u043c\u0438\u0443\u043c \u0442\u0440\u0430\u043d\u0441\u0444\u0435\u0440 \u0438\u0437 \u0430\u044d\u0440\u043e\u043f\u043e\u0440\u0442\u0430 \u043d\u0430 Mercedes Benz V Class &#8226; \u042d\u043a\u0441\u043a\u0443\u0440\u0441\u0438\u0438 Skyline<\/title>\n<meta name=\"robots\" content=\"index, follow, max-snippet:-1, max-image-preview:large, max-video-preview:-1\" \/>\n<link rel=\"canonical\" href=\"http:\/\/skyline-gs.com\/pl\/produkt\/mercedes-v-class-transfer-hongkong\/\" \/>\n<meta property=\"og:locale\" content=\"pl_PL\" \/>\n<meta property=\"og:type\" content=\"article\" \/>\n<meta property=\"og:title\" content=\"\u041f\u0440\u0435\u043c\u0438\u0443\u043c \u0442\u0440\u0430\u043d\u0441\u0444\u0435\u0440 \u0438\u0437 \u0430\u044d\u0440\u043e\u043f\u043e\u0440\u0442\u0430 \u043d\u0430 Mercedes Benz V Class &#8226; \u042d\u043a\u0441\u043a\u0443\u0440\u0441\u0438\u0438 Skyline\" \/>\n<meta property=\"og:description\" content=\"\u0412\u0440\u0435\u043c\u044f \u0432 \u043f\u0443\u0442\u0438: 30 \u043c\u0438\u043d\u0443\u0442  \u0412\u043c\u0435\u0441\u0442\u0438\u0442\u0435\u043b\u044c\u043d\u043e\u0441\u0442\u044c: 1-7 \u0447\u0435\u043b\u043e\u0432\u0435\u043a\" \/>\n<meta property=\"og:url\" content=\"http:\/\/skyline-gs.com\/pl\/produkt\/mercedes-v-class-transfer-hongkong\/\" \/>\n<meta property=\"og:site_name\" content=\"\u042d\u043a\u0441\u043a\u0443\u0440\u0441\u0438\u0438 Skyline\" \/>\n<meta property=\"article:modified_time\" content=\"2025-10-11T22:25:15+00:00\" \/>\n<meta property=\"og:image\" content=\"https:\/\/skyline-gs.com\/wp-content\/uploads\/2024\/05\/mercedes-benz_v-class_1127541.jpg\" \/>\n\t<meta property=\"og:image:width\" content=\"1024\" \/>\n\t<meta property=\"og:image:height\" content=\"768\" \/>\n\t<meta property=\"og:image:type\" content=\"image\/jpeg\" \/>\n<meta name=\"twitter:card\" content=\"summary_large_image\" \/>\n<meta name=\"twitter:label1\" content=\"Szacowany czas czytania\" \/>\n\t<meta name=\"twitter:data1\" content=\"2 minuty\" \/>\n<script type=\"application\/ld+json\" class=\"yoast-schema-graph\">{\"@context\":\"https:\\\/\\\/schema.org\",\"@graph\":[{\"@type\":\"WebPage\",\"@id\":\"http:\\\/\\\/skyline-gs.com\\\/fr\\\/produit\\\/mercedes-v-class-transfer-hongkong\\\/\",\"url\":\"http:\\\/\\\/skyline-gs.com\\\/fr\\\/produit\\\/mercedes-v-class-transfer-hongkong\\\/\",\"name\":\"\u041f\u0440\u0435\u043c\u0438\u0443\u043c \u0442\u0440\u0430\u043d\u0441\u0444\u0435\u0440 \u0438\u0437 \u0430\u044d\u0440\u043e\u043f\u043e\u0440\u0442\u0430 \u043d\u0430 Mercedes Benz V Class &#8226; \u042d\u043a\u0441\u043a\u0443\u0440\u0441\u0438\u0438 Skyline\",\"isPartOf\":{\"@id\":\"https:\\\/\\\/skyline-gs.com\\\/it\\\/#website\"},\"primaryImageOfPage\":{\"@id\":\"http:\\\/\\\/skyline-gs.com\\\/fr\\\/produit\\\/mercedes-v-class-transfer-hongkong\\\/#primaryimage\"},\"image\":{\"@id\":\"http:\\\/\\\/skyline-gs.com\\\/fr\\\/produit\\\/mercedes-v-class-transfer-hongkong\\\/#primaryimage\"},\"thumbnailUrl\":\"https:\\\/\\\/skyline-gs.com\\\/wp-content\\\/uploads\\\/2024\\\/05\\\/mercedes-benz_v-class_1127541.jpg\",\"datePublished\":\"2024-05-07T17:27:02+00:00\",\"dateModified\":\"2025-10-11T22:25:15+00:00\",\"breadcrumb\":{\"@id\":\"http:\\\/\\\/skyline-gs.com\\\/fr\\\/produit\\\/mercedes-v-class-transfer-hongkong\\\/#breadcrumb\"},\"inLanguage\":\"pl-PL\",\"potentialAction\":[{\"@type\":\"ReadAction\",\"target\":[\"http:\\\/\\\/skyline-gs.com\\\/fr\\\/produit\\\/mercedes-v-class-transfer-hongkong\\\/\"]}]},{\"@type\":\"ImageObject\",\"inLanguage\":\"pl-PL\",\"@id\":\"http:\\\/\\\/skyline-gs.com\\\/fr\\\/produit\\\/mercedes-v-class-transfer-hongkong\\\/#primaryimage\",\"url\":\"https:\\\/\\\/skyline-gs.com\\\/wp-content\\\/uploads\\\/2024\\\/05\\\/mercedes-benz_v-class_1127541.jpg\",\"contentUrl\":\"https:\\\/\\\/skyline-gs.com\\\/wp-content\\\/uploads\\\/2024\\\/05\\\/mercedes-benz_v-class_1127541.jpg\",\"width\":1024,\"height\":768},{\"@type\":\"BreadcrumbList\",\"@id\":\"http:\\\/\\\/skyline-gs.com\\\/fr\\\/produit\\\/mercedes-v-class-transfer-hongkong\\\/#breadcrumb\",\"itemListElement\":[{\"@type\":\"ListItem\",\"position\":1,\"name\":\"\u0413\u043b\u0430\u0432\u043d\u0430\u044f \u0441\u0442\u0440\u0430\u043d\u0438\u0446\u0430\",\"item\":\"https:\\\/\\\/skyline-gs.com\\\/hu\\\/\"},{\"@type\":\"ListItem\",\"position\":2,\"name\":\"\u041c\u0430\u0433\u0430\u0437\u0438\u043d\",\"item\":\"https:\\\/\\\/skyline-gs.com\\\/cs\\\/shop\\\/\"},{\"@type\":\"ListItem\",\"position\":3,\"name\":\"\u041f\u0440\u0435\u043c\u0438\u0443\u043c \u0442\u0440\u0430\u043d\u0441\u0444\u0435\u0440 \u0438\u0437 \u0430\u044d\u0440\u043e\u043f\u043e\u0440\u0442\u0430 \u043d\u0430 Mercedes Benz V Class\"}]},{\"@type\":\"WebSite\",\"@id\":\"https:\\\/\\\/skyline-gs.com\\\/it\\\/#website\",\"url\":\"https:\\\/\\\/skyline-gs.com\\\/it\\\/\",\"name\":\"\u042d\u043a\u0441\u043a\u0443\u0440\u0441\u0438\u0438 Skyline\",\"description\":\"\u042d\u043a\u0441\u043a\u043b\u044e\u0437\u0438\u0432\u043d\u044b\u0435 \u044d\u043a\u0441\u043a\u0443\u0440\u0441\u0438\u0438 \u043d\u0430 \u043b\u0443\u0447\u0448\u0438\u0445 \u043a\u0443\u0440\u043e\u0440\u0442\u0430\u0445 \u043c\u0438\u0440\u0430\",\"publisher\":{\"@id\":\"https:\\\/\\\/skyline-gs.com\\\/it\\\/#organization\"},\"alternateName\":\"Skyline\",\"potentialAction\":[{\"@type\":\"SearchAction\",\"target\":{\"@type\":\"EntryPoint\",\"urlTemplate\":\"https:\\\/\\\/skyline-gs.com\\\/it\\\/?s={search_term_string}\"},\"query-input\":{\"@type\":\"PropertyValueSpecification\",\"valueRequired\":true,\"valueName\":\"search_term_string\"}}],\"inLanguage\":\"pl-PL\"},{\"@type\":\"Organization\",\"@id\":\"https:\\\/\\\/skyline-gs.com\\\/it\\\/#organization\",\"name\":\"\u042d\u043a\u0441\u043a\u0443\u0440\u0441\u0438\u0438 Skyline\",\"alternateName\":\"\u042d\u043a\u0441\u043a\u0443\u0440\u0441\u0438\u0438 Skyline\",\"url\":\"https:\\\/\\\/skyline-gs.com\\\/it\\\/\",\"logo\":{\"@type\":\"ImageObject\",\"inLanguage\":\"pl-PL\",\"@id\":\"https:\\\/\\\/skyline-gs.com\\\/it\\\/#\\\/schema\\\/logo\\\/image\\\/\",\"url\":\"https:\\\/\\\/skyline-gs.com\\\/wp-content\\\/uploads\\\/2020\\\/12\\\/cropped-logo-2.png\",\"contentUrl\":\"https:\\\/\\\/skyline-gs.com\\\/wp-content\\\/uploads\\\/2020\\\/12\\\/cropped-logo-2.png\",\"width\":512,\"height\":512,\"caption\":\"\u042d\u043a\u0441\u043a\u0443\u0440\u0441\u0438\u0438 Skyline\"},\"image\":{\"@id\":\"https:\\\/\\\/skyline-gs.com\\\/it\\\/#\\\/schema\\\/logo\\\/image\\\/\"},\"sameAs\":[\"https:\\\/\\\/www.instagram.com\\\/skylineglobalservice\\\/\"]}]}<\/script>\n<!-- \/ Yoast SEO plugin. -->","yoast_head_json":{"title":"\u041f\u0440\u0435\u043c\u0438\u0443\u043c \u0442\u0440\u0430\u043d\u0441\u0444\u0435\u0440 \u0438\u0437 \u0430\u044d\u0440\u043e\u043f\u043e\u0440\u0442\u0430 \u043d\u0430 Mercedes Benz V Class &#8226; \u042d\u043a\u0441\u043a\u0443\u0440\u0441\u0438\u0438 Skyline","robots":{"index":"index","follow":"follow","max-snippet":"max-snippet:-1","max-image-preview":"max-image-preview:large","max-video-preview":"max-video-preview:-1"},"canonical":"http:\/\/skyline-gs.com\/pl\/produkt\/mercedes-v-class-transfer-hongkong\/","og_locale":"pl_PL","og_type":"article","og_title":"\u041f\u0440\u0435\u043c\u0438\u0443\u043c \u0442\u0440\u0430\u043d\u0441\u0444\u0435\u0440 \u0438\u0437 \u0430\u044d\u0440\u043e\u043f\u043e\u0440\u0442\u0430 \u043d\u0430 Mercedes Benz V Class &#8226; \u042d\u043a\u0441\u043a\u0443\u0440\u0441\u0438\u0438 Skyline","og_description":"\u0412\u0440\u0435\u043c\u044f \u0432 \u043f\u0443\u0442\u0438: 30 \u043c\u0438\u043d\u0443\u0442  \u0412\u043c\u0435\u0441\u0442\u0438\u0442\u0435\u043b\u044c\u043d\u043e\u0441\u0442\u044c: 1-7 \u0447\u0435\u043b\u043e\u0432\u0435\u043a","og_url":"http:\/\/skyline-gs.com\/pl\/produkt\/mercedes-v-class-transfer-hongkong\/","og_site_name":"\u042d\u043a\u0441\u043a\u0443\u0440\u0441\u0438\u0438 Skyline","article_modified_time":"2025-10-11T22:25:15+00:00","og_image":[{"width":1024,"height":768,"url":"https:\/\/skyline-gs.com\/wp-content\/uploads\/2024\/05\/mercedes-benz_v-class_1127541.jpg","type":"image\/jpeg"}],"twitter_card":"summary_large_image","twitter_misc":{"Szacowany czas czytania":"2 minuty"},"schema":{"@context":"https:\/\/schema.org","@graph":[{"@type":"WebPage","@id":"http:\/\/skyline-gs.com\/fr\/produit\/mercedes-v-class-transfer-hongkong\/","url":"http:\/\/skyline-gs.com\/fr\/produit\/mercedes-v-class-transfer-hongkong\/","name":"\u041f\u0440\u0435\u043c\u0438\u0443\u043c \u0442\u0440\u0430\u043d\u0441\u0444\u0435\u0440 \u0438\u0437 \u0430\u044d\u0440\u043e\u043f\u043e\u0440\u0442\u0430 \u043d\u0430 Mercedes Benz V Class &#8226; \u042d\u043a\u0441\u043a\u0443\u0440\u0441\u0438\u0438 Skyline","isPartOf":{"@id":"https:\/\/skyline-gs.com\/it\/#website"},"primaryImageOfPage":{"@id":"http:\/\/skyline-gs.com\/fr\/produit\/mercedes-v-class-transfer-hongkong\/#primaryimage"},"image":{"@id":"http:\/\/skyline-gs.com\/fr\/produit\/mercedes-v-class-transfer-hongkong\/#primaryimage"},"thumbnailUrl":"https:\/\/skyline-gs.com\/wp-content\/uploads\/2024\/05\/mercedes-benz_v-class_1127541.jpg","datePublished":"2024-05-07T17:27:02+00:00","dateModified":"2025-10-11T22:25:15+00:00","breadcrumb":{"@id":"http:\/\/skyline-gs.com\/fr\/produit\/mercedes-v-class-transfer-hongkong\/#breadcrumb"},"inLanguage":"pl-PL","potentialAction":[{"@type":"ReadAction","target":["http:\/\/skyline-gs.com\/fr\/produit\/mercedes-v-class-transfer-hongkong\/"]}]},{"@type":"ImageObject","inLanguage":"pl-PL","@id":"http:\/\/skyline-gs.com\/fr\/produit\/mercedes-v-class-transfer-hongkong\/#primaryimage","url":"https:\/\/skyline-gs.com\/wp-content\/uploads\/2024\/05\/mercedes-benz_v-class_1127541.jpg","contentUrl":"https:\/\/skyline-gs.com\/wp-content\/uploads\/2024\/05\/mercedes-benz_v-class_1127541.jpg","width":1024,"height":768},{"@type":"BreadcrumbList","@id":"http:\/\/skyline-gs.com\/fr\/produit\/mercedes-v-class-transfer-hongkong\/#breadcrumb","itemListElement":[{"@type":"ListItem","position":1,"name":"\u0413\u043b\u0430\u0432\u043d\u0430\u044f \u0441\u0442\u0440\u0430\u043d\u0438\u0446\u0430","item":"https:\/\/skyline-gs.com\/hu\/"},{"@type":"ListItem","position":2,"name":"\u041c\u0430\u0433\u0430\u0437\u0438\u043d","item":"https:\/\/skyline-gs.com\/cs\/shop\/"},{"@type":"ListItem","position":3,"name":"\u041f\u0440\u0435\u043c\u0438\u0443\u043c \u0442\u0440\u0430\u043d\u0441\u0444\u0435\u0440 \u0438\u0437 \u0430\u044d\u0440\u043e\u043f\u043e\u0440\u0442\u0430 \u043d\u0430 Mercedes Benz V Class"}]},{"@type":"WebSite","@id":"https:\/\/skyline-gs.com\/it\/#website","url":"https:\/\/skyline-gs.com\/it\/","name":"Wycieczki Skyline","description":"Ekskluzywne wycieczki do najlepszych kurort\u00f3w na \u015bwiecie","publisher":{"@id":"https:\/\/skyline-gs.com\/it\/#organization"},"alternateName":"Skyline","potentialAction":[{"@type":"SearchAction","target":{"@type":"EntryPoint","urlTemplate":"https:\/\/skyline-gs.com\/it\/?s={search_term_string}"},"query-input":{"@type":"PropertyValueSpecification","valueRequired":true,"valueName":"search_term_string"}}],"inLanguage":"pl-PL"},{"@type":"Organization","@id":"https:\/\/skyline-gs.com\/it\/#organization","name":"Wycieczki Skyline","alternateName":"\u042d\u043a\u0441\u043a\u0443\u0440\u0441\u0438\u0438 Skyline","url":"https:\/\/skyline-gs.com\/it\/","logo":{"@type":"ImageObject","inLanguage":"pl-PL","@id":"https:\/\/skyline-gs.com\/it\/#\/schema\/logo\/image\/","url":"https:\/\/skyline-gs.com\/wp-content\/uploads\/2020\/12\/cropped-logo-2.png","contentUrl":"https:\/\/skyline-gs.com\/wp-content\/uploads\/2020\/12\/cropped-logo-2.png","width":512,"height":512,"caption":"\u042d\u043a\u0441\u043a\u0443\u0440\u0441\u0438\u0438 Skyline"},"image":{"@id":"https:\/\/skyline-gs.com\/it\/#\/schema\/logo\/image\/"},"sameAs":["https:\/\/www.instagram.com\/skylineglobalservice\/"]}]}},"_links":{"self":[{"href":"https:\/\/skyline-gs.com\/pl\/wp-json\/wp\/v2\/product\/49772","targetHints":{"allow":["GET"]}}],"collection":[{"href":"https:\/\/skyline-gs.com\/pl\/wp-json\/wp\/v2\/product"}],"about":[{"href":"https:\/\/skyline-gs.com\/pl\/wp-json\/wp\/v2\/types\/product"}],"version-history":[{"count":0,"href":"https:\/\/skyline-gs.com\/pl\/wp-json\/wp\/v2\/product\/49772\/revisions"}],"wp:featuredmedia":[{"embeddable":true,"href":"https:\/\/skyline-gs.com\/pl\/wp-json\/wp\/v2\/media\/52995"}],"wp:attachment":[{"href":"https:\/\/skyline-gs.com\/pl\/wp-json\/wp\/v2\/media?parent=49772"}],"wp:term":[{"taxonomy":"product_brand","embeddable":true,"href":"https:\/\/skyline-gs.com\/pl\/wp-json\/wp\/v2\/product_brand?post=49772"},{"taxonomy":"product_cat","embeddable":true,"href":"https:\/\/skyline-gs.com\/pl\/wp-json\/wp\/v2\/product_cat?post=49772"},{"taxonomy":"product_tag","embeddable":true,"href":"https:\/\/skyline-gs.com\/pl\/wp-json\/wp\/v2\/product_tag?post=49772"}],"curies":[{"name":"wp","href":"https:\/\/api.w.org\/{rel}","templated":true}]}}