{"id":47202,"date":"2024-01-22T14:11:27","date_gmt":"2024-01-22T12:11:27","guid":{"rendered":"http:\/\/skyline-gs.com\/?post_type=product&#038;p=47202"},"modified":"2024-01-24T00:52:23","modified_gmt":"2024-01-23T22:52:23","slug":"snorkeling-in-marmaris","status":"publish","type":"product","link":"https:\/\/skyline-gs.com\/pl\/product\/snorkeling-in-marmaris\/","title":{"rendered":"Nurkowanie z rurk\u0105 w Marmaris"},"content":{"rendered":"<p>Nurkowanie z rurk\u0105 w Marmaris zapewnia wyj\u0105tkowe do\u015bwiadczenie nurkowania w kolorowym podwodnym \u015bwiecie. Wycieczka rozpoczyna si\u0119 od wygodnego transferu go\u015bci z ich hoteli. Po przybyciu do portu wycieczka udaje si\u0119 do centrum nurkowego, sk\u0105d trafia na specjalny jacht.<\/p>\n<p>Uczestnicy otrzymuj\u0105 sw\u00f3j sprz\u0119t i s\u0105 informowani o technikach snorkelingu. Nast\u0119pnie uczestnicy wyp\u0142ywaj\u0105 na otwarte morze, gdzie wybierane jest odpowiednie miejsce do pierwszego nurkowania. Po bogatym i ekscytuj\u0105cym podwodnym do\u015bwiadczeniu go\u015bcie mog\u0105 delektowa\u0107 si\u0119 pysznym lunchem z narodowymi specja\u0142ami.<\/p>\n<p>Po tym nast\u0119puje wyb\u00f3r drugiego miejsca do nurkowania z rurk\u0105 i czas wolny, aby cieszy\u0107 si\u0119 spokojem otwartych w\u00f3d. Wycieczka ko\u0144czy si\u0119 powrotem do portu Marmaris i transferem go\u015bci z powrotem do ich hoteli.<\/p>\n<p><strong>W zestawie:<\/strong><\/p>\n<ul>\n<li>Transfer w obie strony<\/li>\n<li>Ubezpieczenie<\/li>\n<li>Sprz\u0119t do nurkowania<\/li>\n<li>Instrukcja<\/li>\n<li>Lunch<\/li>\n<\/ul>\n<p><strong>Brak w zestawie:<\/strong><\/p>\n<ul>\n<li>Napoje<\/li>\n<li>Wydatki osobiste<\/li>\n<\/ul>\n<p><strong>Konieczne jest zabranie go ze sob\u0105:<\/strong><\/p>\n<ul>\n<li>Stroje k\u0105pielowe<\/li>\n<li>Krem do opalania \/ filtr przeciws\u0142oneczny<\/li>\n<li>Czapki<\/li>\n<li>Okulary przeciws\u0142oneczne<\/li>\n<li>Woda<\/li>\n<\/ul>","protected":false},"excerpt":{"rendered":"<p><strong>Czas wycieczki:<\/strong> 08:30 &#8212; 14:00<\/p>\n<p><strong>Holding Days:<\/strong> codzienny<\/p>","protected":false},"featured_media":42437,"template":"","meta":{"_kad_post_transparent":"default","_kad_post_title":"","_kad_post_layout":"default","_kad_post_sidebar_id":"","_kad_post_content_style":"default","_kad_post_vertical_padding":"default","_kad_post_feature":"","_kad_post_feature_position":"","_kad_post_header":false,"_kad_post_footer":false,"_kad_post_classname":"","_glsr_average":0,"_glsr_ranking":0,"_glsr_reviews":0},"product_brand":[],"product_cat":[451],"product_tag":[],"class_list":{"0":"post-47202","1":"product","2":"type-product","3":"status-publish","4":"has-post-thumbnail","6":"product_cat-marmaris","7":"tm-has-options","9":"first","10":"instock","11":"sold-individually","12":"taxable","13":"shipping-taxable","14":"purchasable","15":"product-type-simple","16":"entry","17":"content-bg","18":"loop-entry"},"yoast_head":"<!-- This site is optimized with the Yoast SEO plugin v27.3 - https:\/\/yoast.com\/product\/yoast-seo-wordpress\/ -->\n<title>\u0421\u043d\u043e\u0440\u043a\u043b\u0438\u043d\u0433 \u0432 \u041c\u0430\u0440\u043c\u0430\u0440\u0438\u0441\u0435 &#8226; \u042d\u043a\u0441\u043a\u0443\u0440\u0441\u0438\u0438 Skyline<\/title>\n<meta name=\"description\" content=\"\u042d\u043a\u0441\u043a\u0443\u0440\u0441\u0438\u044f \u0441\u043d\u043e\u0440\u043a\u043b\u0438\u043d\u0433 \u0432 \u041c\u0430\u0440\u043c\u0430\u0440\u0438\u0441\u0435 \u2013 \u044d\u0442\u043e \u0432\u043e\u0437\u043c\u043e\u0436\u043d\u043e\u0441\u0442\u044c \u043e\u0449\u0443\u0442\u0438\u0442\u044c \u043f\u043e\u0434\u0432\u043e\u0434\u043d\u043e\u0435 \u0432\u043e\u043b\u0448\u0435\u0431\u0441\u0442\u0432\u043e \u0438 \u0441\u043e\u0437\u0434\u0430\u0442\u044c \u043d\u0435\u0437\u0430\u0431\u044b\u0432\u0430\u0435\u043c\u044b\u0435 \u0432\u043e\u0441\u043f\u043e\u043c\u0438\u043d\u0430\u043d\u0438\u044f \u043e \u0441\u0432\u043e\u0435\u043c \u043f\u0443\u0442\u0435\u0448\u0435\u0441\u0442\u0432\u0438\u0438!\" \/>\n<meta name=\"robots\" content=\"index, follow, max-snippet:-1, max-image-preview:large, max-video-preview:-1\" \/>\n<link rel=\"canonical\" href=\"https:\/\/skyline-gs.com\/pl\/produkt\/snorkeling-in-marmaris\/\" \/>\n<meta property=\"og:locale\" content=\"pl_PL\" \/>\n<meta property=\"og:type\" content=\"article\" \/>\n<meta property=\"og:title\" content=\"\u0421\u043d\u043e\u0440\u043a\u043b\u0438\u043d\u0433 \u0432 \u041c\u0430\u0440\u043c\u0430\u0440\u0438\u0441\u0435 &#8226; \u042d\u043a\u0441\u043a\u0443\u0440\u0441\u0438\u0438 Skyline\" \/>\n<meta property=\"og:description\" content=\"\u042d\u043a\u0441\u043a\u0443\u0440\u0441\u0438\u044f \u0441\u043d\u043e\u0440\u043a\u043b\u0438\u043d\u0433 \u0432 \u041c\u0430\u0440\u043c\u0430\u0440\u0438\u0441\u0435 \u2013 \u044d\u0442\u043e \u0432\u043e\u0437\u043c\u043e\u0436\u043d\u043e\u0441\u0442\u044c \u043e\u0449\u0443\u0442\u0438\u0442\u044c \u043f\u043e\u0434\u0432\u043e\u0434\u043d\u043e\u0435 \u0432\u043e\u043b\u0448\u0435\u0431\u0441\u0442\u0432\u043e \u0438 \u0441\u043e\u0437\u0434\u0430\u0442\u044c \u043d\u0435\u0437\u0430\u0431\u044b\u0432\u0430\u0435\u043c\u044b\u0435 \u0432\u043e\u0441\u043f\u043e\u043c\u0438\u043d\u0430\u043d\u0438\u044f \u043e \u0441\u0432\u043e\u0435\u043c \u043f\u0443\u0442\u0435\u0448\u0435\u0441\u0442\u0432\u0438\u0438!\" \/>\n<meta property=\"og:url\" content=\"https:\/\/skyline-gs.com\/pl\/produkt\/snorkeling-in-marmaris\/\" \/>\n<meta property=\"og:site_name\" content=\"\u042d\u043a\u0441\u043a\u0443\u0440\u0441\u0438\u0438 Skyline\" \/>\n<meta property=\"article:modified_time\" content=\"2024-01-23T22:52:23+00:00\" \/>\n<meta property=\"og:image\" content=\"https:\/\/skyline-gs.com\/wp-content\/uploads\/2023\/06\/cb.jpg\" \/>\n\t<meta property=\"og:image:width\" content=\"669\" \/>\n\t<meta property=\"og:image:height\" content=\"446\" \/>\n\t<meta property=\"og:image:type\" content=\"image\/jpeg\" \/>\n<meta name=\"twitter:card\" content=\"summary_large_image\" \/>\n<meta name=\"twitter:label1\" content=\"Szacowany czas czytania\" \/>\n\t<meta name=\"twitter:data1\" content=\"1 minuta\" \/>\n<script type=\"application\/ld+json\" class=\"yoast-schema-graph\">{\"@context\":\"https:\\\/\\\/schema.org\",\"@graph\":[{\"@type\":\"WebPage\",\"@id\":\"https:\\\/\\\/skyline-gs.com\\\/product\\\/snorkeling-in-marmaris\\\/\",\"url\":\"https:\\\/\\\/skyline-gs.com\\\/product\\\/snorkeling-in-marmaris\\\/\",\"name\":\"\u0421\u043d\u043e\u0440\u043a\u043b\u0438\u043d\u0433 \u0432 \u041c\u0430\u0440\u043c\u0430\u0440\u0438\u0441\u0435 &#8226; \u042d\u043a\u0441\u043a\u0443\u0440\u0441\u0438\u0438 Skyline\",\"isPartOf\":{\"@id\":\"https:\\\/\\\/skyline-gs.com\\\/it\\\/#website\"},\"primaryImageOfPage\":{\"@id\":\"https:\\\/\\\/skyline-gs.com\\\/product\\\/snorkeling-in-marmaris\\\/#primaryimage\"},\"image\":{\"@id\":\"https:\\\/\\\/skyline-gs.com\\\/product\\\/snorkeling-in-marmaris\\\/#primaryimage\"},\"thumbnailUrl\":\"https:\\\/\\\/skyline-gs.com\\\/wp-content\\\/uploads\\\/2023\\\/06\\\/cb.jpg\",\"datePublished\":\"2024-01-22T12:11:27+00:00\",\"dateModified\":\"2024-01-23T22:52:23+00:00\",\"description\":\"\u042d\u043a\u0441\u043a\u0443\u0440\u0441\u0438\u044f \u0441\u043d\u043e\u0440\u043a\u043b\u0438\u043d\u0433 \u0432 \u041c\u0430\u0440\u043c\u0430\u0440\u0438\u0441\u0435 \u2013 \u044d\u0442\u043e \u0432\u043e\u0437\u043c\u043e\u0436\u043d\u043e\u0441\u0442\u044c \u043e\u0449\u0443\u0442\u0438\u0442\u044c \u043f\u043e\u0434\u0432\u043e\u0434\u043d\u043e\u0435 \u0432\u043e\u043b\u0448\u0435\u0431\u0441\u0442\u0432\u043e \u0438 \u0441\u043e\u0437\u0434\u0430\u0442\u044c \u043d\u0435\u0437\u0430\u0431\u044b\u0432\u0430\u0435\u043c\u044b\u0435 \u0432\u043e\u0441\u043f\u043e\u043c\u0438\u043d\u0430\u043d\u0438\u044f \u043e \u0441\u0432\u043e\u0435\u043c \u043f\u0443\u0442\u0435\u0448\u0435\u0441\u0442\u0432\u0438\u0438!\",\"breadcrumb\":{\"@id\":\"https:\\\/\\\/skyline-gs.com\\\/product\\\/snorkeling-in-marmaris\\\/#breadcrumb\"},\"inLanguage\":\"pl-PL\",\"potentialAction\":[{\"@type\":\"ReadAction\",\"target\":[\"https:\\\/\\\/skyline-gs.com\\\/product\\\/snorkeling-in-marmaris\\\/\"]}]},{\"@type\":\"ImageObject\",\"inLanguage\":\"pl-PL\",\"@id\":\"https:\\\/\\\/skyline-gs.com\\\/product\\\/snorkeling-in-marmaris\\\/#primaryimage\",\"url\":\"https:\\\/\\\/skyline-gs.com\\\/wp-content\\\/uploads\\\/2023\\\/06\\\/cb.jpg\",\"contentUrl\":\"https:\\\/\\\/skyline-gs.com\\\/wp-content\\\/uploads\\\/2023\\\/06\\\/cb.jpg\",\"width\":669,\"height\":446},{\"@type\":\"BreadcrumbList\",\"@id\":\"https:\\\/\\\/skyline-gs.com\\\/product\\\/snorkeling-in-marmaris\\\/#breadcrumb\",\"itemListElement\":[{\"@type\":\"ListItem\",\"position\":1,\"name\":\"\u0413\u043b\u0430\u0432\u043d\u0430\u044f \u0441\u0442\u0440\u0430\u043d\u0438\u0446\u0430\",\"item\":\"https:\\\/\\\/skyline-gs.com\\\/hu\\\/\"},{\"@type\":\"ListItem\",\"position\":2,\"name\":\"\u041c\u0430\u0433\u0430\u0437\u0438\u043d\",\"item\":\"https:\\\/\\\/skyline-gs.com\\\/cs\\\/shop\\\/\"},{\"@type\":\"ListItem\",\"position\":3,\"name\":\"\u0421\u043d\u043e\u0440\u043a\u043b\u0438\u043d\u0433 \u0432 \u041c\u0430\u0440\u043c\u0430\u0440\u0438\u0441\u0435\"}]},{\"@type\":\"WebSite\",\"@id\":\"https:\\\/\\\/skyline-gs.com\\\/it\\\/#website\",\"url\":\"https:\\\/\\\/skyline-gs.com\\\/it\\\/\",\"name\":\"\u042d\u043a\u0441\u043a\u0443\u0440\u0441\u0438\u0438 Skyline\",\"description\":\"\u042d\u043a\u0441\u043a\u043b\u044e\u0437\u0438\u0432\u043d\u044b\u0435 \u044d\u043a\u0441\u043a\u0443\u0440\u0441\u0438\u0438 \u043d\u0430 \u043b\u0443\u0447\u0448\u0438\u0445 \u043a\u0443\u0440\u043e\u0440\u0442\u0430\u0445 \u043c\u0438\u0440\u0430\",\"publisher\":{\"@id\":\"https:\\\/\\\/skyline-gs.com\\\/it\\\/#organization\"},\"alternateName\":\"Skyline\",\"potentialAction\":[{\"@type\":\"SearchAction\",\"target\":{\"@type\":\"EntryPoint\",\"urlTemplate\":\"https:\\\/\\\/skyline-gs.com\\\/it\\\/?s={search_term_string}\"},\"query-input\":{\"@type\":\"PropertyValueSpecification\",\"valueRequired\":true,\"valueName\":\"search_term_string\"}}],\"inLanguage\":\"pl-PL\"},{\"@type\":\"Organization\",\"@id\":\"https:\\\/\\\/skyline-gs.com\\\/it\\\/#organization\",\"name\":\"\u042d\u043a\u0441\u043a\u0443\u0440\u0441\u0438\u0438 Skyline\",\"alternateName\":\"\u042d\u043a\u0441\u043a\u0443\u0440\u0441\u0438\u0438 Skyline\",\"url\":\"https:\\\/\\\/skyline-gs.com\\\/it\\\/\",\"logo\":{\"@type\":\"ImageObject\",\"inLanguage\":\"pl-PL\",\"@id\":\"https:\\\/\\\/skyline-gs.com\\\/it\\\/#\\\/schema\\\/logo\\\/image\\\/\",\"url\":\"https:\\\/\\\/skyline-gs.com\\\/wp-content\\\/uploads\\\/2020\\\/12\\\/cropped-logo-2.png\",\"contentUrl\":\"https:\\\/\\\/skyline-gs.com\\\/wp-content\\\/uploads\\\/2020\\\/12\\\/cropped-logo-2.png\",\"width\":512,\"height\":512,\"caption\":\"\u042d\u043a\u0441\u043a\u0443\u0440\u0441\u0438\u0438 Skyline\"},\"image\":{\"@id\":\"https:\\\/\\\/skyline-gs.com\\\/it\\\/#\\\/schema\\\/logo\\\/image\\\/\"},\"sameAs\":[\"https:\\\/\\\/www.instagram.com\\\/skylineglobalservice\\\/\"]}]}<\/script>\n<!-- \/ Yoast SEO plugin. -->","yoast_head_json":{"title":"\u0421\u043d\u043e\u0440\u043a\u043b\u0438\u043d\u0433 \u0432 \u041c\u0430\u0440\u043c\u0430\u0440\u0438\u0441\u0435 &#8226; \u042d\u043a\u0441\u043a\u0443\u0440\u0441\u0438\u0438 Skyline","description":"Wycieczka z rurk\u0105 w Marmaris to okazja, aby do\u015bwiadczy\u0107 podwodnej magii i stworzy\u0107 niezapomniane wspomnienia z podr\u00f3\u017cy!","robots":{"index":"index","follow":"follow","max-snippet":"max-snippet:-1","max-image-preview":"max-image-preview:large","max-video-preview":"max-video-preview:-1"},"canonical":"https:\/\/skyline-gs.com\/pl\/produkt\/snorkeling-in-marmaris\/","og_locale":"pl_PL","og_type":"article","og_title":"\u0421\u043d\u043e\u0440\u043a\u043b\u0438\u043d\u0433 \u0432 \u041c\u0430\u0440\u043c\u0430\u0440\u0438\u0441\u0435 &#8226; \u042d\u043a\u0441\u043a\u0443\u0440\u0441\u0438\u0438 Skyline","og_description":"\u042d\u043a\u0441\u043a\u0443\u0440\u0441\u0438\u044f \u0441\u043d\u043e\u0440\u043a\u043b\u0438\u043d\u0433 \u0432 \u041c\u0430\u0440\u043c\u0430\u0440\u0438\u0441\u0435 \u2013 \u044d\u0442\u043e \u0432\u043e\u0437\u043c\u043e\u0436\u043d\u043e\u0441\u0442\u044c \u043e\u0449\u0443\u0442\u0438\u0442\u044c \u043f\u043e\u0434\u0432\u043e\u0434\u043d\u043e\u0435 \u0432\u043e\u043b\u0448\u0435\u0431\u0441\u0442\u0432\u043e \u0438 \u0441\u043e\u0437\u0434\u0430\u0442\u044c \u043d\u0435\u0437\u0430\u0431\u044b\u0432\u0430\u0435\u043c\u044b\u0435 \u0432\u043e\u0441\u043f\u043e\u043c\u0438\u043d\u0430\u043d\u0438\u044f \u043e \u0441\u0432\u043e\u0435\u043c \u043f\u0443\u0442\u0435\u0448\u0435\u0441\u0442\u0432\u0438\u0438!","og_url":"https:\/\/skyline-gs.com\/pl\/produkt\/snorkeling-in-marmaris\/","og_site_name":"\u042d\u043a\u0441\u043a\u0443\u0440\u0441\u0438\u0438 Skyline","article_modified_time":"2024-01-23T22:52:23+00:00","og_image":[{"width":669,"height":446,"url":"https:\/\/skyline-gs.com\/wp-content\/uploads\/2023\/06\/cb.jpg","type":"image\/jpeg"}],"twitter_card":"summary_large_image","twitter_misc":{"Szacowany czas czytania":"1 minuta"},"schema":{"@context":"https:\/\/schema.org","@graph":[{"@type":"WebPage","@id":"https:\/\/skyline-gs.com\/product\/snorkeling-in-marmaris\/","url":"https:\/\/skyline-gs.com\/product\/snorkeling-in-marmaris\/","name":"\u0421\u043d\u043e\u0440\u043a\u043b\u0438\u043d\u0433 \u0432 \u041c\u0430\u0440\u043c\u0430\u0440\u0438\u0441\u0435 &#8226; \u042d\u043a\u0441\u043a\u0443\u0440\u0441\u0438\u0438 Skyline","isPartOf":{"@id":"https:\/\/skyline-gs.com\/it\/#website"},"primaryImageOfPage":{"@id":"https:\/\/skyline-gs.com\/product\/snorkeling-in-marmaris\/#primaryimage"},"image":{"@id":"https:\/\/skyline-gs.com\/product\/snorkeling-in-marmaris\/#primaryimage"},"thumbnailUrl":"https:\/\/skyline-gs.com\/wp-content\/uploads\/2023\/06\/cb.jpg","datePublished":"2024-01-22T12:11:27+00:00","dateModified":"2024-01-23T22:52:23+00:00","description":"Wycieczka z rurk\u0105 w Marmaris to okazja, aby do\u015bwiadczy\u0107 podwodnej magii i stworzy\u0107 niezapomniane wspomnienia z podr\u00f3\u017cy!","breadcrumb":{"@id":"https:\/\/skyline-gs.com\/product\/snorkeling-in-marmaris\/#breadcrumb"},"inLanguage":"pl-PL","potentialAction":[{"@type":"ReadAction","target":["https:\/\/skyline-gs.com\/product\/snorkeling-in-marmaris\/"]}]},{"@type":"ImageObject","inLanguage":"pl-PL","@id":"https:\/\/skyline-gs.com\/product\/snorkeling-in-marmaris\/#primaryimage","url":"https:\/\/skyline-gs.com\/wp-content\/uploads\/2023\/06\/cb.jpg","contentUrl":"https:\/\/skyline-gs.com\/wp-content\/uploads\/2023\/06\/cb.jpg","width":669,"height":446},{"@type":"BreadcrumbList","@id":"https:\/\/skyline-gs.com\/product\/snorkeling-in-marmaris\/#breadcrumb","itemListElement":[{"@type":"ListItem","position":1,"name":"\u0413\u043b\u0430\u0432\u043d\u0430\u044f \u0441\u0442\u0440\u0430\u043d\u0438\u0446\u0430","item":"https:\/\/skyline-gs.com\/hu\/"},{"@type":"ListItem","position":2,"name":"\u041c\u0430\u0433\u0430\u0437\u0438\u043d","item":"https:\/\/skyline-gs.com\/cs\/shop\/"},{"@type":"ListItem","position":3,"name":"\u0421\u043d\u043e\u0440\u043a\u043b\u0438\u043d\u0433 \u0432 \u041c\u0430\u0440\u043c\u0430\u0440\u0438\u0441\u0435"}]},{"@type":"WebSite","@id":"https:\/\/skyline-gs.com\/it\/#website","url":"https:\/\/skyline-gs.com\/it\/","name":"Wycieczki Skyline","description":"Ekskluzywne wycieczki do najlepszych kurort\u00f3w na \u015bwiecie","publisher":{"@id":"https:\/\/skyline-gs.com\/it\/#organization"},"alternateName":"Skyline","potentialAction":[{"@type":"SearchAction","target":{"@type":"EntryPoint","urlTemplate":"https:\/\/skyline-gs.com\/it\/?s={search_term_string}"},"query-input":{"@type":"PropertyValueSpecification","valueRequired":true,"valueName":"search_term_string"}}],"inLanguage":"pl-PL"},{"@type":"Organization","@id":"https:\/\/skyline-gs.com\/it\/#organization","name":"Wycieczki Skyline","alternateName":"\u042d\u043a\u0441\u043a\u0443\u0440\u0441\u0438\u0438 Skyline","url":"https:\/\/skyline-gs.com\/it\/","logo":{"@type":"ImageObject","inLanguage":"pl-PL","@id":"https:\/\/skyline-gs.com\/it\/#\/schema\/logo\/image\/","url":"https:\/\/skyline-gs.com\/wp-content\/uploads\/2020\/12\/cropped-logo-2.png","contentUrl":"https:\/\/skyline-gs.com\/wp-content\/uploads\/2020\/12\/cropped-logo-2.png","width":512,"height":512,"caption":"\u042d\u043a\u0441\u043a\u0443\u0440\u0441\u0438\u0438 Skyline"},"image":{"@id":"https:\/\/skyline-gs.com\/it\/#\/schema\/logo\/image\/"},"sameAs":["https:\/\/www.instagram.com\/skylineglobalservice\/"]}]}},"_links":{"self":[{"href":"https:\/\/skyline-gs.com\/pl\/wp-json\/wp\/v2\/product\/47202","targetHints":{"allow":["GET"]}}],"collection":[{"href":"https:\/\/skyline-gs.com\/pl\/wp-json\/wp\/v2\/product"}],"about":[{"href":"https:\/\/skyline-gs.com\/pl\/wp-json\/wp\/v2\/types\/product"}],"version-history":[{"count":0,"href":"https:\/\/skyline-gs.com\/pl\/wp-json\/wp\/v2\/product\/47202\/revisions"}],"wp:featuredmedia":[{"embeddable":true,"href":"https:\/\/skyline-gs.com\/pl\/wp-json\/wp\/v2\/media\/42437"}],"wp:attachment":[{"href":"https:\/\/skyline-gs.com\/pl\/wp-json\/wp\/v2\/media?parent=47202"}],"wp:term":[{"taxonomy":"product_brand","embeddable":true,"href":"https:\/\/skyline-gs.com\/pl\/wp-json\/wp\/v2\/product_brand?post=47202"},{"taxonomy":"product_cat","embeddable":true,"href":"https:\/\/skyline-gs.com\/pl\/wp-json\/wp\/v2\/product_cat?post=47202"},{"taxonomy":"product_tag","embeddable":true,"href":"https:\/\/skyline-gs.com\/pl\/wp-json\/wp\/v2\/product_tag?post=47202"}],"curies":[{"name":"wp","href":"https:\/\/api.w.org\/{rel}","templated":true}]}}