{"id":45926,"date":"2024-01-14T21:12:48","date_gmt":"2024-01-14T19:12:48","guid":{"rendered":"http:\/\/skyline-gs.com\/?post_type=product&#038;p=45926"},"modified":"2024-01-24T00:56:37","modified_gmt":"2024-01-23T22:56:37","slug":"wycieczka-zbieg-dwoch-morz-w-marmaris-all-inclusive","status":"publish","type":"product","link":"https:\/\/skyline-gs.com\/pl\/product\/excursion-confluence-of-two-seas-in-marmaris-all-inclusive\/","title":{"rendered":"Wycieczka do Marmaris \u0142\u0105cz\u0105ca dwa morza (all inclusive)"},"content":{"rendered":"<p>Podr\u00f3\u017c rozpoczyna si\u0119 od transferu, kt\u00f3ry wygodnie odbierze Ci\u0119 z hotelu.<\/p>\n<p>Po wyp\u0142yni\u0119ciu do portu czeka na Ciebie ekscytuj\u0105ca podr\u00f3\u017c morska na dwupok\u0142adowym jachcie wzd\u0142u\u017c pi\u0119knego wybrze\u017ca Marmaris. Podczas wycieczki b\u0119dziesz podziwia\u0107 widoki na zatoczki, jaskinie i wyspy, a nasz przewodnik opowie Ci ciekawe fakty o ka\u017cdym miejscu.<\/p>\n<p>Wycieczka obejmuje wizyt\u0119 na malowniczej pla\u017cy i przystanek w wiosce rybackiej Turun\u00e7, znanej r\u00f3wnie\u017c jako \u00abturecka Wenecja\u00bb, gdzie panuje absolutny spok\u00f3j.<\/p>\n<p>Lunch zostanie podany w tureckim stylu. Nast\u0119pnie udamy si\u0119 na Rajsk\u0105 Wysp\u0119, otoczon\u0105 pi\u0119kn\u0105 przyrod\u0105 i sceneri\u0105 idealn\u0105 do p\u0142ywania i opalania. Nast\u0119pnie zatrzymamy si\u0119 w pobli\u017cu Jaskini Fosforowej, gdzie mo\u017cna cieszy\u0107 si\u0119 wolnym czasem na k\u0105piel w turkusowej wodzie po\u015br\u00f3d g\u0119stej zieleni.<\/p>\n<p>Koniec podr\u00f3\u017cy do portu i powr\u00f3t do hoteli Marmaris transferem.<\/p>\n<p><strong>W zestawie:<\/strong><\/p>\n<ul>\n<li>Transfer w obie strony<\/li>\n<li>Ubezpieczenie<\/li>\n<li>Lunch<\/li>\n<li>Lokalnie produkowane napoje bezalkoholowe i alkoholowe<\/li>\n<\/ul>\n<p><strong>Brak w zestawie:<\/strong><\/p>\n<ul>\n<li>Wydatki osobiste<\/li>\n<li>Profesjonalna fotografia i wideografia<\/li>\n<\/ul>\n<p><strong>Nie zapomnij:<\/strong><\/p>\n<ul>\n<li>Stroje k\u0105pielowe<\/li>\n<li>Krem do opalania \/ filtr przeciws\u0142oneczny<\/li>\n<li>Czapki<\/li>\n<li>Okulary przeciws\u0142oneczne<\/li>\n<\/ul>","protected":false},"excerpt":{"rendered":"<p><strong>Czas wycieczki: <\/strong>09:00 \u2014 16:00<\/p>\n<p><strong>Dni wycieczki: <\/strong>Ka\u017cdego dnia.<\/p>","protected":false},"featured_media":0,"template":"","meta":{"_kad_post_transparent":"default","_kad_post_title":"","_kad_post_layout":"default","_kad_post_sidebar_id":"","_kad_post_content_style":"default","_kad_post_vertical_padding":"default","_kad_post_feature":"","_kad_post_feature_position":"","_kad_post_header":false,"_kad_post_footer":false,"_kad_post_classname":"","_glsr_average":0,"_glsr_ranking":0,"_glsr_reviews":0},"product_brand":[],"product_cat":[451],"product_tag":[],"class_list":{"0":"post-45926","1":"product","2":"type-product","3":"status-publish","5":"product_cat-marmaris","6":"tm-has-options","8":"first","9":"instock","10":"sold-individually","11":"taxable","12":"shipping-taxable","13":"purchasable","14":"product-type-simple","15":"entry","16":"content-bg","17":"loop-entry"},"yoast_head":"<!-- This site is optimized with the Yoast SEO plugin v27.3 - https:\/\/yoast.com\/product\/yoast-seo-wordpress\/ -->\n<title>\u042d\u043a\u0441\u043a\u0443\u0440\u0441\u0438\u044f \u0421\u043b\u0438\u044f\u043d\u0438\u0435 \u0434\u0432\u0443\u0445 \u043c\u043e\u0440\u0435\u0439 \u0432 \u041c\u0430\u0440\u043c\u0430\u0440\u0438\u0441\u0435 (\u0412\u0441\u0435 \u0432\u043a\u043b\u044e\u0447\u0435\u043d\u043e) &#8226; \u042d\u043a\u0441\u043a\u0443\u0440\u0441\u0438\u0438 Skyline<\/title>\n<meta name=\"description\" content=\"\u0417\u0430\u0445\u0432\u0430\u0442\u044b\u0432\u0430\u044e\u0449\u0435\u0435 \u043c\u043e\u0440\u0441\u043a\u043e\u0435 \u043f\u0440\u0438\u043a\u043b\u044e\u0447\u0435\u043d\u0438\u0435 \u0421\u043b\u0438\u044f\u043d\u0438\u0435 \u0434\u0432\u0443\u0445 \u043c\u043e\u0440\u0435\u0439 \u0432 \u041c\u0430\u0440\u043c\u0430\u0440\u0438\u0441\u0435. \u041f\u043e\u0433\u0440\u0443\u0437\u0438\u0442\u0435\u0441\u044c \u0432 \u0443\u043d\u0438\u043a\u0430\u043b\u044c\u043d\u044b\u0439 \u0440\u0435\u0433\u0438\u043e\u043d, \u043e\u043c\u044b\u0432\u0430\u0435\u043c\u044b\u0439 \u0432\u043e\u0434\u0430\u043c\u0438 \u0421\u0440\u0435\u0434\u0438\u0437\u0435\u043c\u043d\u043e\u0433\u043e \u0438 \u042d\u0433\u0435\u0439\u0441\u043a\u043e\u0433\u043e \u043c\u043e\u0440\u0435\u0439.\" \/>\n<meta name=\"robots\" content=\"index, follow, max-snippet:-1, max-image-preview:large, max-video-preview:-1\" \/>\n<link rel=\"canonical\" href=\"http:\/\/skyline-gs.com\/pl\/produkt\/wycieczka-zbieg-dwoch-morz-w-marmaris-all-inclusive\/\" \/>\n<meta property=\"og:locale\" content=\"pl_PL\" \/>\n<meta property=\"og:type\" content=\"article\" \/>\n<meta property=\"og:title\" content=\"\u042d\u043a\u0441\u043a\u0443\u0440\u0441\u0438\u044f \u0421\u043b\u0438\u044f\u043d\u0438\u0435 \u0434\u0432\u0443\u0445 \u043c\u043e\u0440\u0435\u0439 \u0432 \u041c\u0430\u0440\u043c\u0430\u0440\u0438\u0441\u0435 (\u0412\u0441\u0435 \u0432\u043a\u043b\u044e\u0447\u0435\u043d\u043e) &#8226; \u042d\u043a\u0441\u043a\u0443\u0440\u0441\u0438\u0438 Skyline\" \/>\n<meta property=\"og:description\" content=\"\u0417\u0430\u0445\u0432\u0430\u0442\u044b\u0432\u0430\u044e\u0449\u0435\u0435 \u043c\u043e\u0440\u0441\u043a\u043e\u0435 \u043f\u0440\u0438\u043a\u043b\u044e\u0447\u0435\u043d\u0438\u0435 \u0421\u043b\u0438\u044f\u043d\u0438\u0435 \u0434\u0432\u0443\u0445 \u043c\u043e\u0440\u0435\u0439 \u0432 \u041c\u0430\u0440\u043c\u0430\u0440\u0438\u0441\u0435. \u041f\u043e\u0433\u0440\u0443\u0437\u0438\u0442\u0435\u0441\u044c \u0432 \u0443\u043d\u0438\u043a\u0430\u043b\u044c\u043d\u044b\u0439 \u0440\u0435\u0433\u0438\u043e\u043d, \u043e\u043c\u044b\u0432\u0430\u0435\u043c\u044b\u0439 \u0432\u043e\u0434\u0430\u043c\u0438 \u0421\u0440\u0435\u0434\u0438\u0437\u0435\u043c\u043d\u043e\u0433\u043e \u0438 \u042d\u0433\u0435\u0439\u0441\u043a\u043e\u0433\u043e \u043c\u043e\u0440\u0435\u0439.\" \/>\n<meta property=\"og:url\" content=\"http:\/\/skyline-gs.com\/pl\/produkt\/wycieczka-zbieg-dwoch-morz-w-marmaris-all-inclusive\/\" \/>\n<meta property=\"og:site_name\" content=\"\u042d\u043a\u0441\u043a\u0443\u0440\u0441\u0438\u0438 Skyline\" \/>\n<meta property=\"article:modified_time\" content=\"2024-01-23T22:56:37+00:00\" \/>\n<meta property=\"og:image\" content=\"https:\/\/skyline-gs.com\/wp-content\/uploads\/2024\/08\/LoGo777.png\" \/>\n\t<meta property=\"og:image:width\" content=\"1080\" \/>\n\t<meta property=\"og:image:height\" content=\"1080\" \/>\n\t<meta property=\"og:image:type\" content=\"image\/png\" \/>\n<meta name=\"twitter:card\" content=\"summary_large_image\" \/>\n<meta name=\"twitter:label1\" content=\"Szacowany czas czytania\" \/>\n\t<meta name=\"twitter:data1\" content=\"1 minuta\" \/>\n<script type=\"application\/ld+json\" class=\"yoast-schema-graph\">{\"@context\":\"https:\\\/\\\/schema.org\",\"@graph\":[{\"@type\":\"WebPage\",\"@id\":\"http:\\\/\\\/skyline-gs.com\\\/cs\\\/produkt\\\/excursion-confluence-of-two-seas-in-marmaris-all-inclusive\\\/\",\"url\":\"http:\\\/\\\/skyline-gs.com\\\/cs\\\/produkt\\\/excursion-confluence-of-two-seas-in-marmaris-all-inclusive\\\/\",\"name\":\"\u042d\u043a\u0441\u043a\u0443\u0440\u0441\u0438\u044f \u0421\u043b\u0438\u044f\u043d\u0438\u0435 \u0434\u0432\u0443\u0445 \u043c\u043e\u0440\u0435\u0439 \u0432 \u041c\u0430\u0440\u043c\u0430\u0440\u0438\u0441\u0435 (\u0412\u0441\u0435 \u0432\u043a\u043b\u044e\u0447\u0435\u043d\u043e) &#8226; \u042d\u043a\u0441\u043a\u0443\u0440\u0441\u0438\u0438 Skyline\",\"isPartOf\":{\"@id\":\"https:\\\/\\\/skyline-gs.com\\\/it\\\/#website\"},\"datePublished\":\"2024-01-14T19:12:48+00:00\",\"dateModified\":\"2024-01-23T22:56:37+00:00\",\"description\":\"\u0417\u0430\u0445\u0432\u0430\u0442\u044b\u0432\u0430\u044e\u0449\u0435\u0435 \u043c\u043e\u0440\u0441\u043a\u043e\u0435 \u043f\u0440\u0438\u043a\u043b\u044e\u0447\u0435\u043d\u0438\u0435 \u0421\u043b\u0438\u044f\u043d\u0438\u0435 \u0434\u0432\u0443\u0445 \u043c\u043e\u0440\u0435\u0439 \u0432 \u041c\u0430\u0440\u043c\u0430\u0440\u0438\u0441\u0435. \u041f\u043e\u0433\u0440\u0443\u0437\u0438\u0442\u0435\u0441\u044c \u0432 \u0443\u043d\u0438\u043a\u0430\u043b\u044c\u043d\u044b\u0439 \u0440\u0435\u0433\u0438\u043e\u043d, \u043e\u043c\u044b\u0432\u0430\u0435\u043c\u044b\u0439 \u0432\u043e\u0434\u0430\u043c\u0438 \u0421\u0440\u0435\u0434\u0438\u0437\u0435\u043c\u043d\u043e\u0433\u043e \u0438 \u042d\u0433\u0435\u0439\u0441\u043a\u043e\u0433\u043e \u043c\u043e\u0440\u0435\u0439.\",\"breadcrumb\":{\"@id\":\"http:\\\/\\\/skyline-gs.com\\\/cs\\\/produkt\\\/excursion-confluence-of-two-seas-in-marmaris-all-inclusive\\\/#breadcrumb\"},\"inLanguage\":\"pl-PL\",\"potentialAction\":[{\"@type\":\"ReadAction\",\"target\":[\"http:\\\/\\\/skyline-gs.com\\\/cs\\\/produkt\\\/excursion-confluence-of-two-seas-in-marmaris-all-inclusive\\\/\"]}]},{\"@type\":\"BreadcrumbList\",\"@id\":\"http:\\\/\\\/skyline-gs.com\\\/cs\\\/produkt\\\/excursion-confluence-of-two-seas-in-marmaris-all-inclusive\\\/#breadcrumb\",\"itemListElement\":[{\"@type\":\"ListItem\",\"position\":1,\"name\":\"\u0413\u043b\u0430\u0432\u043d\u0430\u044f \u0441\u0442\u0440\u0430\u043d\u0438\u0446\u0430\",\"item\":\"https:\\\/\\\/skyline-gs.com\\\/hu\\\/\"},{\"@type\":\"ListItem\",\"position\":2,\"name\":\"\u041c\u0430\u0433\u0430\u0437\u0438\u043d\",\"item\":\"https:\\\/\\\/skyline-gs.com\\\/cs\\\/shop\\\/\"},{\"@type\":\"ListItem\",\"position\":3,\"name\":\"\u042d\u043a\u0441\u043a\u0443\u0440\u0441\u0438\u044f \u0421\u043b\u0438\u044f\u043d\u0438\u0435 \u0434\u0432\u0443\u0445 \u043c\u043e\u0440\u0435\u0439 \u0432 \u041c\u0430\u0440\u043c\u0430\u0440\u0438\u0441\u0435 (\u0412\u0441\u0435 \u0432\u043a\u043b\u044e\u0447\u0435\u043d\u043e)\"}]},{\"@type\":\"WebSite\",\"@id\":\"https:\\\/\\\/skyline-gs.com\\\/it\\\/#website\",\"url\":\"https:\\\/\\\/skyline-gs.com\\\/it\\\/\",\"name\":\"\u042d\u043a\u0441\u043a\u0443\u0440\u0441\u0438\u0438 Skyline\",\"description\":\"\u042d\u043a\u0441\u043a\u043b\u044e\u0437\u0438\u0432\u043d\u044b\u0435 \u044d\u043a\u0441\u043a\u0443\u0440\u0441\u0438\u0438 \u043d\u0430 \u043b\u0443\u0447\u0448\u0438\u0445 \u043a\u0443\u0440\u043e\u0440\u0442\u0430\u0445 \u043c\u0438\u0440\u0430\",\"publisher\":{\"@id\":\"https:\\\/\\\/skyline-gs.com\\\/it\\\/#organization\"},\"alternateName\":\"Skyline\",\"potentialAction\":[{\"@type\":\"SearchAction\",\"target\":{\"@type\":\"EntryPoint\",\"urlTemplate\":\"https:\\\/\\\/skyline-gs.com\\\/it\\\/?s={search_term_string}\"},\"query-input\":{\"@type\":\"PropertyValueSpecification\",\"valueRequired\":true,\"valueName\":\"search_term_string\"}}],\"inLanguage\":\"pl-PL\"},{\"@type\":\"Organization\",\"@id\":\"https:\\\/\\\/skyline-gs.com\\\/it\\\/#organization\",\"name\":\"\u042d\u043a\u0441\u043a\u0443\u0440\u0441\u0438\u0438 Skyline\",\"alternateName\":\"\u042d\u043a\u0441\u043a\u0443\u0440\u0441\u0438\u0438 Skyline\",\"url\":\"https:\\\/\\\/skyline-gs.com\\\/it\\\/\",\"logo\":{\"@type\":\"ImageObject\",\"inLanguage\":\"pl-PL\",\"@id\":\"https:\\\/\\\/skyline-gs.com\\\/it\\\/#\\\/schema\\\/logo\\\/image\\\/\",\"url\":\"https:\\\/\\\/skyline-gs.com\\\/wp-content\\\/uploads\\\/2020\\\/12\\\/cropped-logo-2.png\",\"contentUrl\":\"https:\\\/\\\/skyline-gs.com\\\/wp-content\\\/uploads\\\/2020\\\/12\\\/cropped-logo-2.png\",\"width\":512,\"height\":512,\"caption\":\"\u042d\u043a\u0441\u043a\u0443\u0440\u0441\u0438\u0438 Skyline\"},\"image\":{\"@id\":\"https:\\\/\\\/skyline-gs.com\\\/it\\\/#\\\/schema\\\/logo\\\/image\\\/\"},\"sameAs\":[\"https:\\\/\\\/www.instagram.com\\\/skylineglobalservice\\\/\"]}]}<\/script>\n<!-- \/ Yoast SEO plugin. -->","yoast_head_json":{"title":"Wycieczka do Marmaris \u0142\u0105cz\u0105ca dwa morza (all inclusive) - Wycieczki Skyline","description":"Ekscytuj\u0105ca morska przygoda U zbiegu dw\u00f3ch m\u00f3rz w Marmaris. Zanurz si\u0119 w wyj\u0105tkowym regionie obmywanym przez wody Morza \u015ar\u00f3dziemnego i Egejskiego.","robots":{"index":"index","follow":"follow","max-snippet":"max-snippet:-1","max-image-preview":"max-image-preview:large","max-video-preview":"max-video-preview:-1"},"canonical":"http:\/\/skyline-gs.com\/pl\/produkt\/wycieczka-zbieg-dwoch-morz-w-marmaris-all-inclusive\/","og_locale":"pl_PL","og_type":"article","og_title":"\u042d\u043a\u0441\u043a\u0443\u0440\u0441\u0438\u044f \u0421\u043b\u0438\u044f\u043d\u0438\u0435 \u0434\u0432\u0443\u0445 \u043c\u043e\u0440\u0435\u0439 \u0432 \u041c\u0430\u0440\u043c\u0430\u0440\u0438\u0441\u0435 (\u0412\u0441\u0435 \u0432\u043a\u043b\u044e\u0447\u0435\u043d\u043e) &#8226; \u042d\u043a\u0441\u043a\u0443\u0440\u0441\u0438\u0438 Skyline","og_description":"\u0417\u0430\u0445\u0432\u0430\u0442\u044b\u0432\u0430\u044e\u0449\u0435\u0435 \u043c\u043e\u0440\u0441\u043a\u043e\u0435 \u043f\u0440\u0438\u043a\u043b\u044e\u0447\u0435\u043d\u0438\u0435 \u0421\u043b\u0438\u044f\u043d\u0438\u0435 \u0434\u0432\u0443\u0445 \u043c\u043e\u0440\u0435\u0439 \u0432 \u041c\u0430\u0440\u043c\u0430\u0440\u0438\u0441\u0435. \u041f\u043e\u0433\u0440\u0443\u0437\u0438\u0442\u0435\u0441\u044c \u0432 \u0443\u043d\u0438\u043a\u0430\u043b\u044c\u043d\u044b\u0439 \u0440\u0435\u0433\u0438\u043e\u043d, \u043e\u043c\u044b\u0432\u0430\u0435\u043c\u044b\u0439 \u0432\u043e\u0434\u0430\u043c\u0438 \u0421\u0440\u0435\u0434\u0438\u0437\u0435\u043c\u043d\u043e\u0433\u043e \u0438 \u042d\u0433\u0435\u0439\u0441\u043a\u043e\u0433\u043e \u043c\u043e\u0440\u0435\u0439.","og_url":"http:\/\/skyline-gs.com\/pl\/produkt\/wycieczka-zbieg-dwoch-morz-w-marmaris-all-inclusive\/","og_site_name":"\u042d\u043a\u0441\u043a\u0443\u0440\u0441\u0438\u0438 Skyline","article_modified_time":"2024-01-23T22:56:37+00:00","og_image":[{"width":1080,"height":1080,"url":"https:\/\/skyline-gs.com\/wp-content\/uploads\/2024\/08\/LoGo777.png","type":"image\/png"}],"twitter_card":"summary_large_image","twitter_misc":{"Szacowany czas czytania":"1 minuta"},"schema":{"@context":"https:\/\/schema.org","@graph":[{"@type":"WebPage","@id":"http:\/\/skyline-gs.com\/cs\/produkt\/excursion-confluence-of-two-seas-in-marmaris-all-inclusive\/","url":"http:\/\/skyline-gs.com\/cs\/produkt\/excursion-confluence-of-two-seas-in-marmaris-all-inclusive\/","name":"Wycieczka do Marmaris \u0142\u0105cz\u0105ca dwa morza (all inclusive) - Wycieczki Skyline","isPartOf":{"@id":"https:\/\/skyline-gs.com\/it\/#website"},"datePublished":"2024-01-14T19:12:48+00:00","dateModified":"2024-01-23T22:56:37+00:00","description":"Ekscytuj\u0105ca morska przygoda U zbiegu dw\u00f3ch m\u00f3rz w Marmaris. Zanurz si\u0119 w wyj\u0105tkowym regionie obmywanym przez wody Morza \u015ar\u00f3dziemnego i Egejskiego.","breadcrumb":{"@id":"http:\/\/skyline-gs.com\/cs\/produkt\/excursion-confluence-of-two-seas-in-marmaris-all-inclusive\/#breadcrumb"},"inLanguage":"pl-PL","potentialAction":[{"@type":"ReadAction","target":["http:\/\/skyline-gs.com\/cs\/produkt\/excursion-confluence-of-two-seas-in-marmaris-all-inclusive\/"]}]},{"@type":"BreadcrumbList","@id":"http:\/\/skyline-gs.com\/cs\/produkt\/excursion-confluence-of-two-seas-in-marmaris-all-inclusive\/#breadcrumb","itemListElement":[{"@type":"ListItem","position":1,"name":"\u0413\u043b\u0430\u0432\u043d\u0430\u044f \u0441\u0442\u0440\u0430\u043d\u0438\u0446\u0430","item":"https:\/\/skyline-gs.com\/hu\/"},{"@type":"ListItem","position":2,"name":"\u041c\u0430\u0433\u0430\u0437\u0438\u043d","item":"https:\/\/skyline-gs.com\/cs\/shop\/"},{"@type":"ListItem","position":3,"name":"\u042d\u043a\u0441\u043a\u0443\u0440\u0441\u0438\u044f \u0421\u043b\u0438\u044f\u043d\u0438\u0435 \u0434\u0432\u0443\u0445 \u043c\u043e\u0440\u0435\u0439 \u0432 \u041c\u0430\u0440\u043c\u0430\u0440\u0438\u0441\u0435 (\u0412\u0441\u0435 \u0432\u043a\u043b\u044e\u0447\u0435\u043d\u043e)"}]},{"@type":"WebSite","@id":"https:\/\/skyline-gs.com\/it\/#website","url":"https:\/\/skyline-gs.com\/it\/","name":"Wycieczki Skyline","description":"Ekskluzywne wycieczki do najlepszych kurort\u00f3w na \u015bwiecie","publisher":{"@id":"https:\/\/skyline-gs.com\/it\/#organization"},"alternateName":"Skyline","potentialAction":[{"@type":"SearchAction","target":{"@type":"EntryPoint","urlTemplate":"https:\/\/skyline-gs.com\/it\/?s={search_term_string}"},"query-input":{"@type":"PropertyValueSpecification","valueRequired":true,"valueName":"search_term_string"}}],"inLanguage":"pl-PL"},{"@type":"Organization","@id":"https:\/\/skyline-gs.com\/it\/#organization","name":"Wycieczki Skyline","alternateName":"\u042d\u043a\u0441\u043a\u0443\u0440\u0441\u0438\u0438 Skyline","url":"https:\/\/skyline-gs.com\/it\/","logo":{"@type":"ImageObject","inLanguage":"pl-PL","@id":"https:\/\/skyline-gs.com\/it\/#\/schema\/logo\/image\/","url":"https:\/\/skyline-gs.com\/wp-content\/uploads\/2020\/12\/cropped-logo-2.png","contentUrl":"https:\/\/skyline-gs.com\/wp-content\/uploads\/2020\/12\/cropped-logo-2.png","width":512,"height":512,"caption":"\u042d\u043a\u0441\u043a\u0443\u0440\u0441\u0438\u0438 Skyline"},"image":{"@id":"https:\/\/skyline-gs.com\/it\/#\/schema\/logo\/image\/"},"sameAs":["https:\/\/www.instagram.com\/skylineglobalservice\/"]}]}},"_links":{"self":[{"href":"https:\/\/skyline-gs.com\/pl\/wp-json\/wp\/v2\/product\/45926","targetHints":{"allow":["GET"]}}],"collection":[{"href":"https:\/\/skyline-gs.com\/pl\/wp-json\/wp\/v2\/product"}],"about":[{"href":"https:\/\/skyline-gs.com\/pl\/wp-json\/wp\/v2\/types\/product"}],"version-history":[{"count":0,"href":"https:\/\/skyline-gs.com\/pl\/wp-json\/wp\/v2\/product\/45926\/revisions"}],"wp:attachment":[{"href":"https:\/\/skyline-gs.com\/pl\/wp-json\/wp\/v2\/media?parent=45926"}],"wp:term":[{"taxonomy":"product_brand","embeddable":true,"href":"https:\/\/skyline-gs.com\/pl\/wp-json\/wp\/v2\/product_brand?post=45926"},{"taxonomy":"product_cat","embeddable":true,"href":"https:\/\/skyline-gs.com\/pl\/wp-json\/wp\/v2\/product_cat?post=45926"},{"taxonomy":"product_tag","embeddable":true,"href":"https:\/\/skyline-gs.com\/pl\/wp-json\/wp\/v2\/product_tag?post=45926"}],"curies":[{"name":"wp","href":"https:\/\/api.w.org\/{rel}","templated":true}]}}