{"id":42586,"date":"2023-07-13T14:19:31","date_gmt":"2023-07-13T12:19:31","guid":{"rendered":"http:\/\/skyline-gs.com\/?post_type=product&#038;p=42586"},"modified":"2025-07-08T18:46:49","modified_gmt":"2025-07-08T16:46:49","slug":"limira-demre-kekova-kemer","status":"publish","type":"product","link":"https:\/\/skyline-gs.com\/pl\/product\/limira-demre-kekova-kemer\/","title":{"rendered":"Demre-Mira-Kekova"},"content":{"rendered":"<p>Odkryj histori\u0119, kultur\u0119 i przyrod\u0119 staro\u017cytnej Licji. Fascynuj\u0105ca podr\u00f3\u017c do Miasta Pokoju \u015bw. Miko\u0142aja Cudotw\u00f3rcy, staro\u017cytne grobowce, staro\u017cytny teatr rzymski i wycieczka \u0142odzi\u0105 po zatopionym mie\u015bcie Kekova - wszystko w jeden dzie\u0144.<\/p>\n<p data-start=\"586\" data-end=\"649\"><strong>8:00 - Wymeldowanie z hotelu.<\/strong> Transfer do Demre (oko\u0142o 2 godzin podr\u00f3\u017cy).<\/p>\n<ul>\n<li data-start=\"651\" data-end=\"719\">Wizyta w \"Icon Shop\". 15 minut na rozejrzenie si\u0119 i zakup pami\u0105tek.<\/li>\n<li data-start=\"651\" data-end=\"719\"><strong>Ko\u015bci\u00f3\u0142 \u015bw.<\/strong> Jedna z najwa\u017cniejszych \u015bwi\u0105ty\u0144 chrze\u015bcija\u0144skich w Turcji. Poznaj wn\u0119trza i sarkofag, <strong>gdzie wed\u0142ug legendy zosta\u0142 pochowany \u015bw. Miko\u0142aj.<\/strong><\/li>\n<li data-start=\"651\" data-end=\"719\"><strong>Staro\u017cytne miasto Mira<\/strong>. Spacer po terenie staro\u017cytnego miasta Licyjskiego.<\/li>\n<li data-start=\"651\" data-end=\"719\"><strong>Skalne grobowce<\/strong>wyryte bezpo\u015brednio w skale.<\/li>\n<li data-start=\"651\" data-end=\"719\"><strong>Amfiteatr<\/strong> dla 10 000 widz\u00f3w.<\/li>\n<li data-start=\"651\" data-end=\"719\">Lunch w restauracji. Bufet z tureckimi specja\u0142ami.<\/li>\n<li data-start=\"651\" data-end=\"719\"><strong>Przeja\u017cd\u017cka \u0142odzi\u0105.<\/strong> Kierujemy si\u0119 na wysp\u0119 Kekova.<\/li>\n<li data-start=\"651\" data-end=\"719\"><strong>P\u0142ywanie na otwartym morzu<\/strong><\/li>\n<li data-start=\"651\" data-end=\"719\"><strong>Obserwacja zatopionego staro\u017cytnego miasta<\/strong> pod wod\u0105<\/li>\n<li data-start=\"651\" data-end=\"719\">Onyx Shop.<\/li>\n<li data-start=\"651\" data-end=\"719\">Kr\u00f3tki przystanek na warsztat kamieniarski i pami\u0105tki.<\/li>\n<\/ul>\n<p data-start=\"1392\" data-end=\"1420\"><strong>18:00 - Powr\u00f3t do hotelu.<\/strong><\/p>\n<p><strong>W zestawie:<\/strong><\/p>\n<ul>\n<li>Transfery z i do hotelu<\/li>\n<li>Lunch (w formie bufetu)<\/li>\n<li>Wycieczka \u0142odzi\u0105<\/li>\n<li>Rosyjskoj\u0119zyczny przewodnik<\/li>\n<li>Ubezpieczenie<\/li>\n<\/ul>\n<p><strong>Brak w zestawie:<\/strong><\/p>\n<ul>\n<li>Bilet do ko\u015bcio\u0142a \u015bw. Miko\u0142aja<\/li>\n<li>Bilet do staro\u017cytnego miasta Mira<\/li>\n<li>Napoje<\/li>\n<li>Wydatki osobiste<\/li>\n<\/ul>\n<p><strong>Na wynos:<\/strong><\/p>\n<ul>\n<li>Kostium k\u0105pielowy i r\u0119cznik<\/li>\n<li>Nakrycia g\u0142owy, okulary przeciws\u0142oneczne i krem<\/li>\n<li>Wygodne buty<\/li>\n<li>Woda<\/li>\n<li>Got\u00f3wka na wydatki osobiste<\/li>\n<li>Zmiana obuwia<\/li>\n<\/ul>","protected":false},"excerpt":{"rendered":"<p><strong>Czas wycieczki:<\/strong> 8:00 - 18:00<\/p>\n<p><strong>Holding Days:<\/strong>\u00a0Wtorek, czwartek, niedziela<\/p>","protected":false},"featured_media":42690,"template":"","meta":{"_kad_post_transparent":"default","_kad_post_title":"","_kad_post_layout":"default","_kad_post_sidebar_id":"","_kad_post_content_style":"default","_kad_post_vertical_padding":"default","_kad_post_feature":"","_kad_post_feature_position":"","_kad_post_header":false,"_kad_post_footer":false,"_kad_post_classname":"","_glsr_average":0,"_glsr_ranking":0,"_glsr_reviews":0},"product_brand":[],"product_cat":[448],"product_tag":[],"class_list":{"0":"post-42586","1":"product","2":"type-product","3":"status-publish","4":"has-post-thumbnail","6":"product_cat-kemer","7":"tm-has-options","9":"first","10":"instock","11":"sold-individually","12":"taxable","13":"shipping-taxable","14":"purchasable","15":"product-type-simple","16":"entry","17":"content-bg","18":"loop-entry"},"yoast_head":"<!-- This site is optimized with the Yoast SEO plugin v27.3 - https:\/\/yoast.com\/product\/yoast-seo-wordpress\/ -->\n<title>\u0414\u0435\u043c\u0440\u0435-\u041c\u0438\u0440\u0430-\u041a\u0435\u043a\u043e\u0432\u0430 \u0438\u0437 \u041a\u0435\u043c\u0435\u0440\u0430 &#8226; \u042d\u043a\u0441\u043a\u0443\u0440\u0441\u0438\u0438 Skyline<\/title>\n<meta name=\"description\" content=\"\u041e\u0442\u043a\u0440\u043e\u0439\u0442\u0435 \u0434\u043b\u044f \u0441\u0435\u0431\u044f \u0438\u0441\u0442\u043e\u0440\u0438\u044e, \u043a\u0443\u043b\u044c\u0442\u0443\u0440\u0443 \u0438 \u043f\u0440\u0438\u0440\u043e\u0434\u0443 \u0434\u0440\u0435\u0432\u043d\u0435\u0439 \u041b\u0438\u043a\u0438\u0438. \u0426\u0435\u0440\u043a\u043e\u0432\u044c \u0421\u0432\u044f\u0442\u043e\u0433\u043e \u041d\u0438\u043a\u043e\u043b\u0430\u044f. \u0410\u043d\u0442\u0438\u0447\u043d\u044b\u0439 \u0433\u043e\u0440\u043e\u0434 \u041c\u0438\u0440\u0430. \u041f\u0440\u043e\u0433\u0443\u043b\u043a\u0430 \u043d\u0430 \u044f\u0445\u0442\u0435.\" \/>\n<meta name=\"robots\" content=\"index, follow, max-snippet:-1, max-image-preview:large, max-video-preview:-1\" \/>\n<link rel=\"canonical\" href=\"http:\/\/skyline-gs.com\/pl\/produkt\/limira-demre-kekova-kemer\/\" \/>\n<meta property=\"og:locale\" content=\"pl_PL\" \/>\n<meta property=\"og:type\" content=\"article\" \/>\n<meta property=\"og:title\" content=\"\u0414\u0435\u043c\u0440\u0435-\u041c\u0438\u0440\u0430-\u041a\u0435\u043a\u043e\u0432\u0430 \u0438\u0437 \u041a\u0435\u043c\u0435\u0440\u0430 &#8226; \u042d\u043a\u0441\u043a\u0443\u0440\u0441\u0438\u0438 Skyline\" \/>\n<meta property=\"og:description\" content=\"\u041e\u0442\u043a\u0440\u043e\u0439\u0442\u0435 \u0434\u043b\u044f \u0441\u0435\u0431\u044f \u0438\u0441\u0442\u043e\u0440\u0438\u044e, \u043a\u0443\u043b\u044c\u0442\u0443\u0440\u0443 \u0438 \u043f\u0440\u0438\u0440\u043e\u0434\u0443 \u0434\u0440\u0435\u0432\u043d\u0435\u0439 \u041b\u0438\u043a\u0438\u0438. \u0426\u0435\u0440\u043a\u043e\u0432\u044c \u0421\u0432\u044f\u0442\u043e\u0433\u043e \u041d\u0438\u043a\u043e\u043b\u0430\u044f. \u0410\u043d\u0442\u0438\u0447\u043d\u044b\u0439 \u0433\u043e\u0440\u043e\u0434 \u041c\u0438\u0440\u0430. \u041f\u0440\u043e\u0433\u0443\u043b\u043a\u0430 \u043d\u0430 \u044f\u0445\u0442\u0435.\" \/>\n<meta property=\"og:url\" content=\"http:\/\/skyline-gs.com\/pl\/produkt\/limira-demre-kekova-kemer\/\" \/>\n<meta property=\"og:site_name\" content=\"\u042d\u043a\u0441\u043a\u0443\u0440\u0441\u0438\u0438 Skyline\" \/>\n<meta property=\"article:modified_time\" content=\"2025-07-08T16:46:49+00:00\" \/>\n<meta property=\"og:image\" content=\"https:\/\/skyline-gs.com\/wp-content\/uploads\/2022\/07\/7-44.png\" \/>\n\t<meta property=\"og:image:width\" content=\"669\" \/>\n\t<meta property=\"og:image:height\" content=\"446\" \/>\n\t<meta property=\"og:image:type\" content=\"image\/png\" \/>\n<meta name=\"twitter:card\" content=\"summary_large_image\" \/>\n<meta name=\"twitter:label1\" content=\"Szacowany czas czytania\" \/>\n\t<meta name=\"twitter:data1\" content=\"2 minuty\" \/>\n<script type=\"application\/ld+json\" class=\"yoast-schema-graph\">{\"@context\":\"https:\\\/\\\/schema.org\",\"@graph\":[{\"@type\":\"WebPage\",\"@id\":\"http:\\\/\\\/skyline-gs.com\\\/it\\\/prodotto\\\/limira-demre-kekova-kemer\\\/\",\"url\":\"http:\\\/\\\/skyline-gs.com\\\/it\\\/prodotto\\\/limira-demre-kekova-kemer\\\/\",\"name\":\"\u0414\u0435\u043c\u0440\u0435-\u041c\u0438\u0440\u0430-\u041a\u0435\u043a\u043e\u0432\u0430 \u0438\u0437 \u041a\u0435\u043c\u0435\u0440\u0430 &#8226; \u042d\u043a\u0441\u043a\u0443\u0440\u0441\u0438\u0438 Skyline\",\"isPartOf\":{\"@id\":\"https:\\\/\\\/skyline-gs.com\\\/it\\\/#website\"},\"primaryImageOfPage\":{\"@id\":\"http:\\\/\\\/skyline-gs.com\\\/it\\\/prodotto\\\/limira-demre-kekova-kemer\\\/#primaryimage\"},\"image\":{\"@id\":\"http:\\\/\\\/skyline-gs.com\\\/it\\\/prodotto\\\/limira-demre-kekova-kemer\\\/#primaryimage\"},\"thumbnailUrl\":\"https:\\\/\\\/skyline-gs.com\\\/wp-content\\\/uploads\\\/2022\\\/07\\\/7-44.png\",\"datePublished\":\"2023-07-13T12:19:31+00:00\",\"dateModified\":\"2025-07-08T16:46:49+00:00\",\"description\":\"\u041e\u0442\u043a\u0440\u043e\u0439\u0442\u0435 \u0434\u043b\u044f \u0441\u0435\u0431\u044f \u0438\u0441\u0442\u043e\u0440\u0438\u044e, \u043a\u0443\u043b\u044c\u0442\u0443\u0440\u0443 \u0438 \u043f\u0440\u0438\u0440\u043e\u0434\u0443 \u0434\u0440\u0435\u0432\u043d\u0435\u0439 \u041b\u0438\u043a\u0438\u0438. \u0426\u0435\u0440\u043a\u043e\u0432\u044c \u0421\u0432\u044f\u0442\u043e\u0433\u043e \u041d\u0438\u043a\u043e\u043b\u0430\u044f. \u0410\u043d\u0442\u0438\u0447\u043d\u044b\u0439 \u0433\u043e\u0440\u043e\u0434 \u041c\u0438\u0440\u0430. \u041f\u0440\u043e\u0433\u0443\u043b\u043a\u0430 \u043d\u0430 \u044f\u0445\u0442\u0435.\",\"breadcrumb\":{\"@id\":\"http:\\\/\\\/skyline-gs.com\\\/it\\\/prodotto\\\/limira-demre-kekova-kemer\\\/#breadcrumb\"},\"inLanguage\":\"pl-PL\",\"potentialAction\":[{\"@type\":\"ReadAction\",\"target\":[\"http:\\\/\\\/skyline-gs.com\\\/it\\\/prodotto\\\/limira-demre-kekova-kemer\\\/\"]}]},{\"@type\":\"ImageObject\",\"inLanguage\":\"pl-PL\",\"@id\":\"http:\\\/\\\/skyline-gs.com\\\/it\\\/prodotto\\\/limira-demre-kekova-kemer\\\/#primaryimage\",\"url\":\"https:\\\/\\\/skyline-gs.com\\\/wp-content\\\/uploads\\\/2022\\\/07\\\/7-44.png\",\"contentUrl\":\"https:\\\/\\\/skyline-gs.com\\\/wp-content\\\/uploads\\\/2022\\\/07\\\/7-44.png\",\"width\":669,\"height\":446},{\"@type\":\"BreadcrumbList\",\"@id\":\"http:\\\/\\\/skyline-gs.com\\\/it\\\/prodotto\\\/limira-demre-kekova-kemer\\\/#breadcrumb\",\"itemListElement\":[{\"@type\":\"ListItem\",\"position\":1,\"name\":\"\u0413\u043b\u0430\u0432\u043d\u0430\u044f \u0441\u0442\u0440\u0430\u043d\u0438\u0446\u0430\",\"item\":\"https:\\\/\\\/skyline-gs.com\\\/hu\\\/\"},{\"@type\":\"ListItem\",\"position\":2,\"name\":\"\u041c\u0430\u0433\u0430\u0437\u0438\u043d\",\"item\":\"https:\\\/\\\/skyline-gs.com\\\/cs\\\/shop\\\/\"},{\"@type\":\"ListItem\",\"position\":3,\"name\":\"\u0414\u0435\u043c\u0440\u0435-\u041c\u0438\u0440\u0430-\u041a\u0435\u043a\u043e\u0432\u0430\"}]},{\"@type\":\"WebSite\",\"@id\":\"https:\\\/\\\/skyline-gs.com\\\/it\\\/#website\",\"url\":\"https:\\\/\\\/skyline-gs.com\\\/it\\\/\",\"name\":\"\u042d\u043a\u0441\u043a\u0443\u0440\u0441\u0438\u0438 Skyline\",\"description\":\"\u042d\u043a\u0441\u043a\u043b\u044e\u0437\u0438\u0432\u043d\u044b\u0435 \u044d\u043a\u0441\u043a\u0443\u0440\u0441\u0438\u0438 \u043d\u0430 \u043b\u0443\u0447\u0448\u0438\u0445 \u043a\u0443\u0440\u043e\u0440\u0442\u0430\u0445 \u043c\u0438\u0440\u0430\",\"publisher\":{\"@id\":\"https:\\\/\\\/skyline-gs.com\\\/it\\\/#organization\"},\"alternateName\":\"Skyline\",\"potentialAction\":[{\"@type\":\"SearchAction\",\"target\":{\"@type\":\"EntryPoint\",\"urlTemplate\":\"https:\\\/\\\/skyline-gs.com\\\/it\\\/?s={search_term_string}\"},\"query-input\":{\"@type\":\"PropertyValueSpecification\",\"valueRequired\":true,\"valueName\":\"search_term_string\"}}],\"inLanguage\":\"pl-PL\"},{\"@type\":\"Organization\",\"@id\":\"https:\\\/\\\/skyline-gs.com\\\/it\\\/#organization\",\"name\":\"\u042d\u043a\u0441\u043a\u0443\u0440\u0441\u0438\u0438 Skyline\",\"alternateName\":\"\u042d\u043a\u0441\u043a\u0443\u0440\u0441\u0438\u0438 Skyline\",\"url\":\"https:\\\/\\\/skyline-gs.com\\\/it\\\/\",\"logo\":{\"@type\":\"ImageObject\",\"inLanguage\":\"pl-PL\",\"@id\":\"https:\\\/\\\/skyline-gs.com\\\/it\\\/#\\\/schema\\\/logo\\\/image\\\/\",\"url\":\"https:\\\/\\\/skyline-gs.com\\\/wp-content\\\/uploads\\\/2020\\\/12\\\/cropped-logo-2.png\",\"contentUrl\":\"https:\\\/\\\/skyline-gs.com\\\/wp-content\\\/uploads\\\/2020\\\/12\\\/cropped-logo-2.png\",\"width\":512,\"height\":512,\"caption\":\"\u042d\u043a\u0441\u043a\u0443\u0440\u0441\u0438\u0438 Skyline\"},\"image\":{\"@id\":\"https:\\\/\\\/skyline-gs.com\\\/it\\\/#\\\/schema\\\/logo\\\/image\\\/\"},\"sameAs\":[\"https:\\\/\\\/www.instagram.com\\\/skylineglobalservice\\\/\"]}]}<\/script>\n<!-- \/ Yoast SEO plugin. -->","yoast_head_json":{"title":"\u0414\u0435\u043c\u0440\u0435-\u041c\u0438\u0440\u0430-\u041a\u0435\u043a\u043e\u0432\u0430 \u0438\u0437 \u041a\u0435\u043c\u0435\u0440\u0430 &#8226; \u042d\u043a\u0441\u043a\u0443\u0440\u0441\u0438\u0438 Skyline","description":"Odkryj histori\u0119, kultur\u0119 i przyrod\u0119 staro\u017cytnej Licji. Ko\u015bci\u00f3\u0142 \u015bw. Miko\u0142aja. Staro\u017cytne miasto Mira. Wycieczka \u0142odzi\u0105.","robots":{"index":"index","follow":"follow","max-snippet":"max-snippet:-1","max-image-preview":"max-image-preview:large","max-video-preview":"max-video-preview:-1"},"canonical":"http:\/\/skyline-gs.com\/pl\/produkt\/limira-demre-kekova-kemer\/","og_locale":"pl_PL","og_type":"article","og_title":"\u0414\u0435\u043c\u0440\u0435-\u041c\u0438\u0440\u0430-\u041a\u0435\u043a\u043e\u0432\u0430 \u0438\u0437 \u041a\u0435\u043c\u0435\u0440\u0430 &#8226; \u042d\u043a\u0441\u043a\u0443\u0440\u0441\u0438\u0438 Skyline","og_description":"\u041e\u0442\u043a\u0440\u043e\u0439\u0442\u0435 \u0434\u043b\u044f \u0441\u0435\u0431\u044f \u0438\u0441\u0442\u043e\u0440\u0438\u044e, \u043a\u0443\u043b\u044c\u0442\u0443\u0440\u0443 \u0438 \u043f\u0440\u0438\u0440\u043e\u0434\u0443 \u0434\u0440\u0435\u0432\u043d\u0435\u0439 \u041b\u0438\u043a\u0438\u0438. \u0426\u0435\u0440\u043a\u043e\u0432\u044c \u0421\u0432\u044f\u0442\u043e\u0433\u043e \u041d\u0438\u043a\u043e\u043b\u0430\u044f. \u0410\u043d\u0442\u0438\u0447\u043d\u044b\u0439 \u0433\u043e\u0440\u043e\u0434 \u041c\u0438\u0440\u0430. \u041f\u0440\u043e\u0433\u0443\u043b\u043a\u0430 \u043d\u0430 \u044f\u0445\u0442\u0435.","og_url":"http:\/\/skyline-gs.com\/pl\/produkt\/limira-demre-kekova-kemer\/","og_site_name":"\u042d\u043a\u0441\u043a\u0443\u0440\u0441\u0438\u0438 Skyline","article_modified_time":"2025-07-08T16:46:49+00:00","og_image":[{"width":669,"height":446,"url":"https:\/\/skyline-gs.com\/wp-content\/uploads\/2022\/07\/7-44.png","type":"image\/png"}],"twitter_card":"summary_large_image","twitter_misc":{"Szacowany czas czytania":"2 minuty"},"schema":{"@context":"https:\/\/schema.org","@graph":[{"@type":"WebPage","@id":"http:\/\/skyline-gs.com\/it\/prodotto\/limira-demre-kekova-kemer\/","url":"http:\/\/skyline-gs.com\/it\/prodotto\/limira-demre-kekova-kemer\/","name":"\u0414\u0435\u043c\u0440\u0435-\u041c\u0438\u0440\u0430-\u041a\u0435\u043a\u043e\u0432\u0430 \u0438\u0437 \u041a\u0435\u043c\u0435\u0440\u0430 &#8226; \u042d\u043a\u0441\u043a\u0443\u0440\u0441\u0438\u0438 Skyline","isPartOf":{"@id":"https:\/\/skyline-gs.com\/it\/#website"},"primaryImageOfPage":{"@id":"http:\/\/skyline-gs.com\/it\/prodotto\/limira-demre-kekova-kemer\/#primaryimage"},"image":{"@id":"http:\/\/skyline-gs.com\/it\/prodotto\/limira-demre-kekova-kemer\/#primaryimage"},"thumbnailUrl":"https:\/\/skyline-gs.com\/wp-content\/uploads\/2022\/07\/7-44.png","datePublished":"2023-07-13T12:19:31+00:00","dateModified":"2025-07-08T16:46:49+00:00","description":"Odkryj histori\u0119, kultur\u0119 i przyrod\u0119 staro\u017cytnej Licji. Ko\u015bci\u00f3\u0142 \u015bw. Miko\u0142aja. Staro\u017cytne miasto Mira. Wycieczka \u0142odzi\u0105.","breadcrumb":{"@id":"http:\/\/skyline-gs.com\/it\/prodotto\/limira-demre-kekova-kemer\/#breadcrumb"},"inLanguage":"pl-PL","potentialAction":[{"@type":"ReadAction","target":["http:\/\/skyline-gs.com\/it\/prodotto\/limira-demre-kekova-kemer\/"]}]},{"@type":"ImageObject","inLanguage":"pl-PL","@id":"http:\/\/skyline-gs.com\/it\/prodotto\/limira-demre-kekova-kemer\/#primaryimage","url":"https:\/\/skyline-gs.com\/wp-content\/uploads\/2022\/07\/7-44.png","contentUrl":"https:\/\/skyline-gs.com\/wp-content\/uploads\/2022\/07\/7-44.png","width":669,"height":446},{"@type":"BreadcrumbList","@id":"http:\/\/skyline-gs.com\/it\/prodotto\/limira-demre-kekova-kemer\/#breadcrumb","itemListElement":[{"@type":"ListItem","position":1,"name":"\u0413\u043b\u0430\u0432\u043d\u0430\u044f \u0441\u0442\u0440\u0430\u043d\u0438\u0446\u0430","item":"https:\/\/skyline-gs.com\/hu\/"},{"@type":"ListItem","position":2,"name":"\u041c\u0430\u0433\u0430\u0437\u0438\u043d","item":"https:\/\/skyline-gs.com\/cs\/shop\/"},{"@type":"ListItem","position":3,"name":"\u0414\u0435\u043c\u0440\u0435-\u041c\u0438\u0440\u0430-\u041a\u0435\u043a\u043e\u0432\u0430"}]},{"@type":"WebSite","@id":"https:\/\/skyline-gs.com\/it\/#website","url":"https:\/\/skyline-gs.com\/it\/","name":"Wycieczki Skyline","description":"Ekskluzywne wycieczki do najlepszych kurort\u00f3w na \u015bwiecie","publisher":{"@id":"https:\/\/skyline-gs.com\/it\/#organization"},"alternateName":"Skyline","potentialAction":[{"@type":"SearchAction","target":{"@type":"EntryPoint","urlTemplate":"https:\/\/skyline-gs.com\/it\/?s={search_term_string}"},"query-input":{"@type":"PropertyValueSpecification","valueRequired":true,"valueName":"search_term_string"}}],"inLanguage":"pl-PL"},{"@type":"Organization","@id":"https:\/\/skyline-gs.com\/it\/#organization","name":"Wycieczki Skyline","alternateName":"\u042d\u043a\u0441\u043a\u0443\u0440\u0441\u0438\u0438 Skyline","url":"https:\/\/skyline-gs.com\/it\/","logo":{"@type":"ImageObject","inLanguage":"pl-PL","@id":"https:\/\/skyline-gs.com\/it\/#\/schema\/logo\/image\/","url":"https:\/\/skyline-gs.com\/wp-content\/uploads\/2020\/12\/cropped-logo-2.png","contentUrl":"https:\/\/skyline-gs.com\/wp-content\/uploads\/2020\/12\/cropped-logo-2.png","width":512,"height":512,"caption":"\u042d\u043a\u0441\u043a\u0443\u0440\u0441\u0438\u0438 Skyline"},"image":{"@id":"https:\/\/skyline-gs.com\/it\/#\/schema\/logo\/image\/"},"sameAs":["https:\/\/www.instagram.com\/skylineglobalservice\/"]}]}},"_links":{"self":[{"href":"https:\/\/skyline-gs.com\/pl\/wp-json\/wp\/v2\/product\/42586","targetHints":{"allow":["GET"]}}],"collection":[{"href":"https:\/\/skyline-gs.com\/pl\/wp-json\/wp\/v2\/product"}],"about":[{"href":"https:\/\/skyline-gs.com\/pl\/wp-json\/wp\/v2\/types\/product"}],"version-history":[{"count":0,"href":"https:\/\/skyline-gs.com\/pl\/wp-json\/wp\/v2\/product\/42586\/revisions"}],"wp:featuredmedia":[{"embeddable":true,"href":"https:\/\/skyline-gs.com\/pl\/wp-json\/wp\/v2\/media\/42690"}],"wp:attachment":[{"href":"https:\/\/skyline-gs.com\/pl\/wp-json\/wp\/v2\/media?parent=42586"}],"wp:term":[{"taxonomy":"product_brand","embeddable":true,"href":"https:\/\/skyline-gs.com\/pl\/wp-json\/wp\/v2\/product_brand?post=42586"},{"taxonomy":"product_cat","embeddable":true,"href":"https:\/\/skyline-gs.com\/pl\/wp-json\/wp\/v2\/product_cat?post=42586"},{"taxonomy":"product_tag","embeddable":true,"href":"https:\/\/skyline-gs.com\/pl\/wp-json\/wp\/v2\/product_tag?post=42586"}],"curies":[{"name":"wp","href":"https:\/\/api.w.org\/{rel}","templated":true}]}}