{"id":41896,"date":"2023-01-22T01:10:31","date_gmt":"2023-01-21T23:10:31","guid":{"rendered":"http:\/\/skyline-gs.com\/?post_type=product&#038;p=41896"},"modified":"2025-05-31T22:03:37","modified_gmt":"2025-05-31T20:03:37","slug":"ogrod-botaniczny-nad-zatoka-i-super-drzewa-singapur","status":"publish","type":"product","link":"https:\/\/skyline-gs.com\/pl\/product\/botanical-garden-by-the-bay-and-super-trees-singapore\/","title":{"rendered":"\"Super drzewa\" i ogr\u00f3d botaniczny nad zatok\u0105"},"content":{"rendered":"<p>16:00 Wyjazd z hotelu. Witamy w Ogrodach Botanicznych nad Zatok\u0105! Ten superpark jest domem dla ponad \u0107wier\u0107 miliona rzadkich ro\u015blin, obejmuje oko\u0142o 101 hektar\u00f3w ziemi i znajduje si\u0119 w samym centrum miasta, w obszarze Marina Bay! W ogrodzie zgromadzono ro\u015bliny ze wszystkich kontynent\u00f3w z wyj\u0105tkiem Antarktydy. Odwiedzisz Flower Dome, \u015bwiat wiecznej wiosny, w kt\u00f3rym unikalne ro\u015bliny s\u0105 w ci\u0105g\u0142ym rozkwicie! Ta szklarnia na\u015bladuje zimny, suchy klimat Morza \u015ar\u00f3dziemnego i umiarkowany klimat subtropikalny Afryki Po\u0142udniowej i Kalifornii. W\u0119druj w\u015br\u00f3d wielowiekowych drzew oliwnych, gigantycznych palm daktylowych i niezwyk\u0142ych baobab\u00f3w. Ciesz si\u0119 niesamowitymi aromatami \u00abFlower Field\u00bb, gdzie kwiaty s\u0105 sadzone zgodnie z porami roku, symbolizuj\u0105c r\u00f3\u017cne \u015bwi\u0119ta i festiwale. Nast\u0119pnie odwiedzisz szklarni\u0119 \u00abCloud Forest\u00bb. gdzie odtworzono mikroklimat tropikalnych wy\u017cyn. B\u0119dziesz podziwia\u0107 najwy\u017cszy sztuczny wodospad na \u015bwiecie (35 m) oraz flor\u0119 Azji Po\u0142udniowo-Wschodniej, Ameryki \u015arodkowej i Po\u0142udniowej. Zobaczysz fantastyczne struktury - \u00absuper drzewa\u00bb o wysoko\u015bci od 25 do 50 metr\u00f3w. Ka\u017cde \u00absuper drzewo\u00bb to pionowy ogr\u00f3d botaniczny, w kt\u00f3rym mo\u017cna znale\u017a\u0107 kr\u0119cone tropikalne kwiaty, paprocie, bromelie. B\u0119dziesz mia\u0142 widok na ogr\u00f3d botaniczny, miasto i s\u0142ynny hotel Marina Bay Sands. W ci\u0105gu dnia korony \u00absuper drzew\u00bb tworz\u0105 cie\u0144 nad ca\u0142ym ogrodem, a wieczorem o\u017cywaj\u0105 w fantastycznym pokazie \u015bwietlno-muzycznym, kt\u00f3ry z pewno\u015bci\u0105 przypadnie Ci do gustu. Powr\u00f3t do hotelu oko\u0142o 19:30.<\/p>\n<p><strong>W zestawie:<\/strong><\/p>\n<ul>\n<li>Transfer do i z hotelu (odbi\u00f3r ze wszystkich hoteli w Singapurze)<\/li>\n<li>Wszystkie transfery w ramach programu<\/li>\n<li>Rosyjskoj\u0119zyczny przewodnik<\/li>\n<li>Bilety wst\u0119pu<\/li>\n<\/ul>\n<p><strong>Zabierz go ze sob\u0105:<\/strong><\/p>\n<ul>\n<li>Woda<\/li>\n<li>Nakrycie g\u0142owy<\/li>\n<li>Kieszonkowe<\/li>\n<\/ul>","protected":false},"excerpt":{"rendered":"<p><strong>Czas wycieczki:<\/strong> 16:00 \u2014 19:30<\/p>\n<p><strong>Holding Days:<\/strong> codzienny<\/p>","protected":false},"featured_media":41903,"template":"","meta":{"_kad_post_transparent":"default","_kad_post_title":"","_kad_post_layout":"default","_kad_post_sidebar_id":"","_kad_post_content_style":"default","_kad_post_vertical_padding":"default","_kad_post_feature":"","_kad_post_feature_position":"","_kad_post_header":false,"_kad_post_footer":false,"_kad_post_classname":"","_glsr_average":0,"_glsr_ranking":0,"_glsr_reviews":0},"product_brand":[],"product_cat":[440],"product_tag":[],"class_list":{"0":"post-41896","1":"product","2":"type-product","3":"status-publish","4":"has-post-thumbnail","6":"product_cat-singapore","7":"tm-has-options","9":"first","10":"instock","11":"sale","12":"sold-individually","13":"taxable","14":"shipping-taxable","15":"purchasable","16":"product-type-simple","17":"entry","18":"content-bg","19":"loop-entry"},"yoast_head":"<!-- This site is optimized with the Yoast SEO plugin v27.3 - https:\/\/yoast.com\/product\/yoast-seo-wordpress\/ -->\n<title>\u00ab\u0421\u0443\u043f\u0435\u0440 \u0434\u0435\u0440\u0435\u0432\u044c\u044f\u00bb \u0438 \u0431\u043e\u0442\u0430\u043d\u0438\u0447\u0435\u0441\u043a\u0438\u0439 \u0441\u0430\u0434 \u0443 \u0437\u0430\u043b\u0438\u0432\u0430 &#8226; \u042d\u043a\u0441\u043a\u0443\u0440\u0441\u0438\u0438 Skyline<\/title>\n<meta name=\"robots\" content=\"index, follow, max-snippet:-1, max-image-preview:large, max-video-preview:-1\" \/>\n<link rel=\"canonical\" href=\"https:\/\/skyline-gs.com\/pl\/produkt\/ogrod-botaniczny-nad-zatoka-i-super-drzewa-singapur\/\" \/>\n<meta property=\"og:locale\" content=\"pl_PL\" \/>\n<meta property=\"og:type\" content=\"article\" \/>\n<meta property=\"og:title\" content=\"\u00ab\u0421\u0443\u043f\u0435\u0440 \u0434\u0435\u0440\u0435\u0432\u044c\u044f\u00bb \u0438 \u0431\u043e\u0442\u0430\u043d\u0438\u0447\u0435\u0441\u043a\u0438\u0439 \u0441\u0430\u0434 \u0443 \u0437\u0430\u043b\u0438\u0432\u0430 &#8226; \u042d\u043a\u0441\u043a\u0443\u0440\u0441\u0438\u0438 Skyline\" \/>\n<meta property=\"og:description\" content=\"\u0412\u0440\u0435\u043c\u044f \u0442\u0443\u0440\u0430: 16:00 - 19:30  \u0414\u043d\u0438 \u043f\u0440\u043e\u0432\u0435\u0434\u0435\u043d\u0438\u044f: \u0435\u0436\u0435\u0434\u043d\u0435\u0432\u043d\u043e\" \/>\n<meta property=\"og:url\" content=\"https:\/\/skyline-gs.com\/pl\/produkt\/ogrod-botaniczny-nad-zatoka-i-super-drzewa-singapur\/\" \/>\n<meta property=\"og:site_name\" content=\"\u042d\u043a\u0441\u043a\u0443\u0440\u0441\u0438\u0438 Skyline\" \/>\n<meta property=\"article:modified_time\" content=\"2025-05-31T20:03:37+00:00\" \/>\n<meta property=\"og:image\" content=\"https:\/\/skyline-gs.com\/wp-content\/uploads\/2023\/01\/6-13.png\" \/>\n\t<meta property=\"og:image:width\" content=\"669\" \/>\n\t<meta property=\"og:image:height\" content=\"446\" \/>\n\t<meta property=\"og:image:type\" content=\"image\/png\" \/>\n<meta name=\"twitter:card\" content=\"summary_large_image\" \/>\n<meta name=\"twitter:label1\" content=\"Szacowany czas czytania\" \/>\n\t<meta name=\"twitter:data1\" content=\"2 minuty\" \/>\n<script type=\"application\/ld+json\" class=\"yoast-schema-graph\">{\"@context\":\"https:\\\/\\\/schema.org\",\"@graph\":[{\"@type\":\"WebPage\",\"@id\":\"https:\\\/\\\/skyline-gs.com\\\/product\\\/botanical-garden-by-the-bay-and-super-trees-singapore\\\/\",\"url\":\"https:\\\/\\\/skyline-gs.com\\\/product\\\/botanical-garden-by-the-bay-and-super-trees-singapore\\\/\",\"name\":\"\u00ab\u0421\u0443\u043f\u0435\u0440 \u0434\u0435\u0440\u0435\u0432\u044c\u044f\u00bb \u0438 \u0431\u043e\u0442\u0430\u043d\u0438\u0447\u0435\u0441\u043a\u0438\u0439 \u0441\u0430\u0434 \u0443 \u0437\u0430\u043b\u0438\u0432\u0430 &#8226; \u042d\u043a\u0441\u043a\u0443\u0440\u0441\u0438\u0438 Skyline\",\"isPartOf\":{\"@id\":\"https:\\\/\\\/skyline-gs.com\\\/it\\\/#website\"},\"primaryImageOfPage\":{\"@id\":\"https:\\\/\\\/skyline-gs.com\\\/product\\\/botanical-garden-by-the-bay-and-super-trees-singapore\\\/#primaryimage\"},\"image\":{\"@id\":\"https:\\\/\\\/skyline-gs.com\\\/product\\\/botanical-garden-by-the-bay-and-super-trees-singapore\\\/#primaryimage\"},\"thumbnailUrl\":\"https:\\\/\\\/skyline-gs.com\\\/wp-content\\\/uploads\\\/2023\\\/01\\\/6-13.png\",\"datePublished\":\"2023-01-21T23:10:31+00:00\",\"dateModified\":\"2025-05-31T20:03:37+00:00\",\"breadcrumb\":{\"@id\":\"https:\\\/\\\/skyline-gs.com\\\/product\\\/botanical-garden-by-the-bay-and-super-trees-singapore\\\/#breadcrumb\"},\"inLanguage\":\"pl-PL\",\"potentialAction\":[{\"@type\":\"ReadAction\",\"target\":[\"https:\\\/\\\/skyline-gs.com\\\/product\\\/botanical-garden-by-the-bay-and-super-trees-singapore\\\/\"]}]},{\"@type\":\"ImageObject\",\"inLanguage\":\"pl-PL\",\"@id\":\"https:\\\/\\\/skyline-gs.com\\\/product\\\/botanical-garden-by-the-bay-and-super-trees-singapore\\\/#primaryimage\",\"url\":\"https:\\\/\\\/skyline-gs.com\\\/wp-content\\\/uploads\\\/2023\\\/01\\\/6-13.png\",\"contentUrl\":\"https:\\\/\\\/skyline-gs.com\\\/wp-content\\\/uploads\\\/2023\\\/01\\\/6-13.png\",\"width\":669,\"height\":446},{\"@type\":\"BreadcrumbList\",\"@id\":\"https:\\\/\\\/skyline-gs.com\\\/product\\\/botanical-garden-by-the-bay-and-super-trees-singapore\\\/#breadcrumb\",\"itemListElement\":[{\"@type\":\"ListItem\",\"position\":1,\"name\":\"\u0413\u043b\u0430\u0432\u043d\u0430\u044f \u0441\u0442\u0440\u0430\u043d\u0438\u0446\u0430\",\"item\":\"https:\\\/\\\/skyline-gs.com\\\/hu\\\/\"},{\"@type\":\"ListItem\",\"position\":2,\"name\":\"\u041c\u0430\u0433\u0430\u0437\u0438\u043d\",\"item\":\"https:\\\/\\\/skyline-gs.com\\\/cs\\\/shop\\\/\"},{\"@type\":\"ListItem\",\"position\":3,\"name\":\"\u00ab\u0421\u0443\u043f\u0435\u0440 \u0434\u0435\u0440\u0435\u0432\u044c\u044f\u00bb \u0438 \u0431\u043e\u0442\u0430\u043d\u0438\u0447\u0435\u0441\u043a\u0438\u0439 \u0441\u0430\u0434 \u0443 \u0437\u0430\u043b\u0438\u0432\u0430\"}]},{\"@type\":\"WebSite\",\"@id\":\"https:\\\/\\\/skyline-gs.com\\\/it\\\/#website\",\"url\":\"https:\\\/\\\/skyline-gs.com\\\/it\\\/\",\"name\":\"\u042d\u043a\u0441\u043a\u0443\u0440\u0441\u0438\u0438 Skyline\",\"description\":\"\u042d\u043a\u0441\u043a\u043b\u044e\u0437\u0438\u0432\u043d\u044b\u0435 \u044d\u043a\u0441\u043a\u0443\u0440\u0441\u0438\u0438 \u043d\u0430 \u043b\u0443\u0447\u0448\u0438\u0445 \u043a\u0443\u0440\u043e\u0440\u0442\u0430\u0445 \u043c\u0438\u0440\u0430\",\"publisher\":{\"@id\":\"https:\\\/\\\/skyline-gs.com\\\/it\\\/#organization\"},\"alternateName\":\"Skyline\",\"potentialAction\":[{\"@type\":\"SearchAction\",\"target\":{\"@type\":\"EntryPoint\",\"urlTemplate\":\"https:\\\/\\\/skyline-gs.com\\\/it\\\/?s={search_term_string}\"},\"query-input\":{\"@type\":\"PropertyValueSpecification\",\"valueRequired\":true,\"valueName\":\"search_term_string\"}}],\"inLanguage\":\"pl-PL\"},{\"@type\":\"Organization\",\"@id\":\"https:\\\/\\\/skyline-gs.com\\\/it\\\/#organization\",\"name\":\"\u042d\u043a\u0441\u043a\u0443\u0440\u0441\u0438\u0438 Skyline\",\"alternateName\":\"\u042d\u043a\u0441\u043a\u0443\u0440\u0441\u0438\u0438 Skyline\",\"url\":\"https:\\\/\\\/skyline-gs.com\\\/it\\\/\",\"logo\":{\"@type\":\"ImageObject\",\"inLanguage\":\"pl-PL\",\"@id\":\"https:\\\/\\\/skyline-gs.com\\\/it\\\/#\\\/schema\\\/logo\\\/image\\\/\",\"url\":\"https:\\\/\\\/skyline-gs.com\\\/wp-content\\\/uploads\\\/2020\\\/12\\\/cropped-logo-2.png\",\"contentUrl\":\"https:\\\/\\\/skyline-gs.com\\\/wp-content\\\/uploads\\\/2020\\\/12\\\/cropped-logo-2.png\",\"width\":512,\"height\":512,\"caption\":\"\u042d\u043a\u0441\u043a\u0443\u0440\u0441\u0438\u0438 Skyline\"},\"image\":{\"@id\":\"https:\\\/\\\/skyline-gs.com\\\/it\\\/#\\\/schema\\\/logo\\\/image\\\/\"},\"sameAs\":[\"https:\\\/\\\/www.instagram.com\\\/skylineglobalservice\\\/\"]}]}<\/script>\n<!-- \/ Yoast SEO plugin. -->","yoast_head_json":{"title":"\u00abSuper drzewa\u00bb i ogrody botaniczne nad zatok\u0105 - Skyline Excursions","robots":{"index":"index","follow":"follow","max-snippet":"max-snippet:-1","max-image-preview":"max-image-preview:large","max-video-preview":"max-video-preview:-1"},"canonical":"https:\/\/skyline-gs.com\/pl\/produkt\/ogrod-botaniczny-nad-zatoka-i-super-drzewa-singapur\/","og_locale":"pl_PL","og_type":"article","og_title":"\u00ab\u0421\u0443\u043f\u0435\u0440 \u0434\u0435\u0440\u0435\u0432\u044c\u044f\u00bb \u0438 \u0431\u043e\u0442\u0430\u043d\u0438\u0447\u0435\u0441\u043a\u0438\u0439 \u0441\u0430\u0434 \u0443 \u0437\u0430\u043b\u0438\u0432\u0430 &#8226; \u042d\u043a\u0441\u043a\u0443\u0440\u0441\u0438\u0438 Skyline","og_description":"\u0412\u0440\u0435\u043c\u044f \u0442\u0443\u0440\u0430: 16:00 - 19:30  \u0414\u043d\u0438 \u043f\u0440\u043e\u0432\u0435\u0434\u0435\u043d\u0438\u044f: \u0435\u0436\u0435\u0434\u043d\u0435\u0432\u043d\u043e","og_url":"https:\/\/skyline-gs.com\/pl\/produkt\/ogrod-botaniczny-nad-zatoka-i-super-drzewa-singapur\/","og_site_name":"\u042d\u043a\u0441\u043a\u0443\u0440\u0441\u0438\u0438 Skyline","article_modified_time":"2025-05-31T20:03:37+00:00","og_image":[{"width":669,"height":446,"url":"https:\/\/skyline-gs.com\/wp-content\/uploads\/2023\/01\/6-13.png","type":"image\/png"}],"twitter_card":"summary_large_image","twitter_misc":{"Szacowany czas czytania":"2 minuty"},"schema":{"@context":"https:\/\/schema.org","@graph":[{"@type":"WebPage","@id":"https:\/\/skyline-gs.com\/product\/botanical-garden-by-the-bay-and-super-trees-singapore\/","url":"https:\/\/skyline-gs.com\/product\/botanical-garden-by-the-bay-and-super-trees-singapore\/","name":"\u00abSuper drzewa\u00bb i ogrody botaniczne nad zatok\u0105 - Skyline Excursions","isPartOf":{"@id":"https:\/\/skyline-gs.com\/it\/#website"},"primaryImageOfPage":{"@id":"https:\/\/skyline-gs.com\/product\/botanical-garden-by-the-bay-and-super-trees-singapore\/#primaryimage"},"image":{"@id":"https:\/\/skyline-gs.com\/product\/botanical-garden-by-the-bay-and-super-trees-singapore\/#primaryimage"},"thumbnailUrl":"https:\/\/skyline-gs.com\/wp-content\/uploads\/2023\/01\/6-13.png","datePublished":"2023-01-21T23:10:31+00:00","dateModified":"2025-05-31T20:03:37+00:00","breadcrumb":{"@id":"https:\/\/skyline-gs.com\/product\/botanical-garden-by-the-bay-and-super-trees-singapore\/#breadcrumb"},"inLanguage":"pl-PL","potentialAction":[{"@type":"ReadAction","target":["https:\/\/skyline-gs.com\/product\/botanical-garden-by-the-bay-and-super-trees-singapore\/"]}]},{"@type":"ImageObject","inLanguage":"pl-PL","@id":"https:\/\/skyline-gs.com\/product\/botanical-garden-by-the-bay-and-super-trees-singapore\/#primaryimage","url":"https:\/\/skyline-gs.com\/wp-content\/uploads\/2023\/01\/6-13.png","contentUrl":"https:\/\/skyline-gs.com\/wp-content\/uploads\/2023\/01\/6-13.png","width":669,"height":446},{"@type":"BreadcrumbList","@id":"https:\/\/skyline-gs.com\/product\/botanical-garden-by-the-bay-and-super-trees-singapore\/#breadcrumb","itemListElement":[{"@type":"ListItem","position":1,"name":"\u0413\u043b\u0430\u0432\u043d\u0430\u044f \u0441\u0442\u0440\u0430\u043d\u0438\u0446\u0430","item":"https:\/\/skyline-gs.com\/hu\/"},{"@type":"ListItem","position":2,"name":"\u041c\u0430\u0433\u0430\u0437\u0438\u043d","item":"https:\/\/skyline-gs.com\/cs\/shop\/"},{"@type":"ListItem","position":3,"name":"\u00ab\u0421\u0443\u043f\u0435\u0440 \u0434\u0435\u0440\u0435\u0432\u044c\u044f\u00bb \u0438 \u0431\u043e\u0442\u0430\u043d\u0438\u0447\u0435\u0441\u043a\u0438\u0439 \u0441\u0430\u0434 \u0443 \u0437\u0430\u043b\u0438\u0432\u0430"}]},{"@type":"WebSite","@id":"https:\/\/skyline-gs.com\/it\/#website","url":"https:\/\/skyline-gs.com\/it\/","name":"Wycieczki Skyline","description":"Ekskluzywne wycieczki do najlepszych kurort\u00f3w na \u015bwiecie","publisher":{"@id":"https:\/\/skyline-gs.com\/it\/#organization"},"alternateName":"Skyline","potentialAction":[{"@type":"SearchAction","target":{"@type":"EntryPoint","urlTemplate":"https:\/\/skyline-gs.com\/it\/?s={search_term_string}"},"query-input":{"@type":"PropertyValueSpecification","valueRequired":true,"valueName":"search_term_string"}}],"inLanguage":"pl-PL"},{"@type":"Organization","@id":"https:\/\/skyline-gs.com\/it\/#organization","name":"Wycieczki Skyline","alternateName":"\u042d\u043a\u0441\u043a\u0443\u0440\u0441\u0438\u0438 Skyline","url":"https:\/\/skyline-gs.com\/it\/","logo":{"@type":"ImageObject","inLanguage":"pl-PL","@id":"https:\/\/skyline-gs.com\/it\/#\/schema\/logo\/image\/","url":"https:\/\/skyline-gs.com\/wp-content\/uploads\/2020\/12\/cropped-logo-2.png","contentUrl":"https:\/\/skyline-gs.com\/wp-content\/uploads\/2020\/12\/cropped-logo-2.png","width":512,"height":512,"caption":"\u042d\u043a\u0441\u043a\u0443\u0440\u0441\u0438\u0438 Skyline"},"image":{"@id":"https:\/\/skyline-gs.com\/it\/#\/schema\/logo\/image\/"},"sameAs":["https:\/\/www.instagram.com\/skylineglobalservice\/"]}]}},"_links":{"self":[{"href":"https:\/\/skyline-gs.com\/pl\/wp-json\/wp\/v2\/product\/41896","targetHints":{"allow":["GET"]}}],"collection":[{"href":"https:\/\/skyline-gs.com\/pl\/wp-json\/wp\/v2\/product"}],"about":[{"href":"https:\/\/skyline-gs.com\/pl\/wp-json\/wp\/v2\/types\/product"}],"version-history":[{"count":0,"href":"https:\/\/skyline-gs.com\/pl\/wp-json\/wp\/v2\/product\/41896\/revisions"}],"wp:featuredmedia":[{"embeddable":true,"href":"https:\/\/skyline-gs.com\/pl\/wp-json\/wp\/v2\/media\/41903"}],"wp:attachment":[{"href":"https:\/\/skyline-gs.com\/pl\/wp-json\/wp\/v2\/media?parent=41896"}],"wp:term":[{"taxonomy":"product_brand","embeddable":true,"href":"https:\/\/skyline-gs.com\/pl\/wp-json\/wp\/v2\/product_brand?post=41896"},{"taxonomy":"product_cat","embeddable":true,"href":"https:\/\/skyline-gs.com\/pl\/wp-json\/wp\/v2\/product_cat?post=41896"},{"taxonomy":"product_tag","embeddable":true,"href":"https:\/\/skyline-gs.com\/pl\/wp-json\/wp\/v2\/product_tag?post=41896"}],"curies":[{"name":"wp","href":"https:\/\/api.w.org\/{rel}","templated":true}]}}