{"id":41767,"date":"2023-01-13T15:56:01","date_gmt":"2023-01-13T13:56:01","guid":{"rendered":"http:\/\/skyline-gs.com\/?post_type=product&#038;p=41767"},"modified":"2025-11-05T14:33:15","modified_gmt":"2025-11-05T12:33:15","slug":"ruins-of-ephesus-istanbul","status":"publish","type":"product","link":"https:\/\/skyline-gs.com\/pl\/product\/ruins-of-ephesus-istanbul\/","title":{"rendered":"Ruiny Efezu"},"content":{"rendered":"<p>9:00 Wyjazd z hotelu. Przylot do Izmiru. Staro\u017cytne miasto Efez to wielkie miasto Artemidy i ogromny kompleks muzealny na \u015bwie\u017cym powietrzu. Staro\u017cytne ulice tego historycznego miasta wype\u0142nione s\u0105 duchem wielkich wydarze\u0144 minionych epok. Ruiny miasta. Ruiny architektonicznych arcydzie\u0142 minionych wiek\u00f3w przechowuj\u0105 pami\u0119\u0107 wielu rzymskich w\u0142adc\u00f3w, genialnych poet\u00f3w i filozof\u00f3w staro\u017cytno\u015bci, najwi\u0119kszych genera\u0142\u00f3w - Hannibala, Aleksandra Wielkiego, Gajusza Juliusza Cezara. Ulice staro\u017cytnego miasta. Aleje miejskie i marmurowe \u015bciany s\u0142ynnych budynk\u00f3w Efezu pami\u0119taj\u0105 Cycerona, Marka Antoniusza, egipsk\u0105 kr\u00f3low\u0105 Kleopatr\u0119 i chrze\u015bcija\u0144skich aposto\u0142\u00f3w Jana i Paw\u0142a. Dom Naj\u015bwi\u0119tszej Marii Panny. Amfiteatr w Efezie, przyjmuj\u0105cy do dwudziestu pi\u0119ciu tysi\u0119cy widz\u00f3w. Oraz budynek Odeonu, w kt\u00f3rym opr\u00f3cz wystawianych spektakli odbywa\u0142y si\u0119 posiedzenia cz\u0142onk\u00f3w senatu miejskiego. Biblioteki Celsusa. Podr\u00f3\u017c powrotna do Stambu\u0142u. Powr\u00f3t do hotelu oko\u0142o godziny 17:00.<\/p>\n<p><strong>W zestawie:<\/strong><\/p>\n<ul>\n<li>Transfery z i do hotelu<\/li>\n<li>Transfery nowoczesnym, klimatyzowanym autokarem<\/li>\n<li>Rosyjskoj\u0119zyczny przewodnik<\/li>\n<li>Lunch<\/li>\n<li>Bilety wst\u0119pu<\/li>\n<li>Ubezpieczenie<\/li>\n<\/ul>\n<p><strong>Brak w zestawie:<\/strong><\/p>\n<ul>\n<li>Wej\u015bcie do Domu Marii Panny<\/li>\n<li>Napoje<\/li>\n<\/ul>\n<p><strong>Zabierz go ze sob\u0105:<\/strong><\/p>\n<ul>\n<li>Nakrycie g\u0142owy<\/li>\n<li>Wygodne buty<\/li>\n<li>Aparat fotograficzny<\/li>\n<li>Pieni\u0105dze na wydatki osobiste<\/li>\n<\/ul>","protected":false},"excerpt":{"rendered":"<p><strong>Czas wycieczki:<\/strong> 9:00 \u2014 17:00<\/p>\n<p><strong>Holding Days:<\/strong> Ka\u017cdego dnia.<\/p>","protected":false},"featured_media":41772,"template":"","meta":{"_kad_post_transparent":"default","_kad_post_title":"","_kad_post_layout":"default","_kad_post_sidebar_id":"","_kad_post_content_style":"default","_kad_post_vertical_padding":"default","_kad_post_feature":"","_kad_post_feature_position":"","_kad_post_header":false,"_kad_post_footer":false,"_kad_post_classname":"","_glsr_average":0,"_glsr_ranking":0,"_glsr_reviews":0},"product_brand":[],"product_cat":[447],"product_tag":[],"class_list":{"0":"post-41767","1":"product","2":"type-product","3":"status-publish","4":"has-post-thumbnail","6":"product_cat-istanbul","7":"tm-has-options","9":"first","10":"instock","11":"sold-individually","12":"taxable","13":"shipping-taxable","14":"purchasable","15":"product-type-simple","16":"entry","17":"content-bg","18":"loop-entry"},"yoast_head":"<!-- This site is optimized with the Yoast SEO plugin v27.3 - https:\/\/yoast.com\/product\/yoast-seo-wordpress\/ -->\n<title>\u0420\u0443\u0438\u043d\u044b \u042d\u0444\u0435\u0441\u0430 &#8226; \u042d\u043a\u0441\u043a\u0443\u0440\u0441\u0438\u0438 Skyline<\/title>\n<meta name=\"robots\" content=\"index, follow, max-snippet:-1, max-image-preview:large, max-video-preview:-1\" \/>\n<link rel=\"canonical\" href=\"https:\/\/skyline-gs.com\/pl\/produkt\/ruins-of-ephesus-istanbul\/\" \/>\n<meta property=\"og:locale\" content=\"pl_PL\" \/>\n<meta property=\"og:type\" content=\"article\" \/>\n<meta property=\"og:title\" content=\"\u0420\u0443\u0438\u043d\u044b \u042d\u0444\u0435\u0441\u0430 &#8226; \u042d\u043a\u0441\u043a\u0443\u0440\u0441\u0438\u0438 Skyline\" \/>\n<meta property=\"og:description\" content=\"\u0412\u0440\u0435\u043c\u044f \u0442\u0443\u0440\u0430: 9:00 - 17:00  \u0414\u043d\u0438 \u043f\u0440\u043e\u0432\u0435\u0434\u0435\u043d\u0438\u044f: \u041a\u0430\u0436\u0434\u044b\u0439 \u0434\u0435\u043d\u044c\" \/>\n<meta property=\"og:url\" content=\"https:\/\/skyline-gs.com\/pl\/produkt\/ruins-of-ephesus-istanbul\/\" \/>\n<meta property=\"og:site_name\" content=\"\u042d\u043a\u0441\u043a\u0443\u0440\u0441\u0438\u0438 Skyline\" \/>\n<meta property=\"article:modified_time\" content=\"2025-11-05T12:33:15+00:00\" \/>\n<meta property=\"og:image\" content=\"https:\/\/skyline-gs.com\/wp-content\/uploads\/2023\/01\/5-11.png\" \/>\n\t<meta property=\"og:image:width\" content=\"669\" \/>\n\t<meta property=\"og:image:height\" content=\"446\" \/>\n\t<meta property=\"og:image:type\" content=\"image\/png\" \/>\n<meta name=\"twitter:card\" content=\"summary_large_image\" \/>\n<meta name=\"twitter:label1\" content=\"Szacowany czas czytania\" \/>\n\t<meta name=\"twitter:data1\" content=\"2 minuty\" \/>\n<script type=\"application\/ld+json\" class=\"yoast-schema-graph\">{\"@context\":\"https:\\\/\\\/schema.org\",\"@graph\":[{\"@type\":\"WebPage\",\"@id\":\"https:\\\/\\\/skyline-gs.com\\\/fr\\\/produit\\\/ruins-of-ephesus-istanbul\\\/\",\"url\":\"https:\\\/\\\/skyline-gs.com\\\/fr\\\/produit\\\/ruins-of-ephesus-istanbul\\\/\",\"name\":\"\u0420\u0443\u0438\u043d\u044b \u042d\u0444\u0435\u0441\u0430 &#8226; \u042d\u043a\u0441\u043a\u0443\u0440\u0441\u0438\u0438 Skyline\",\"isPartOf\":{\"@id\":\"https:\\\/\\\/skyline-gs.com\\\/it\\\/#website\"},\"primaryImageOfPage\":{\"@id\":\"https:\\\/\\\/skyline-gs.com\\\/fr\\\/produit\\\/ruins-of-ephesus-istanbul\\\/#primaryimage\"},\"image\":{\"@id\":\"https:\\\/\\\/skyline-gs.com\\\/fr\\\/produit\\\/ruins-of-ephesus-istanbul\\\/#primaryimage\"},\"thumbnailUrl\":\"https:\\\/\\\/skyline-gs.com\\\/wp-content\\\/uploads\\\/2023\\\/01\\\/5-11.png\",\"datePublished\":\"2023-01-13T13:56:01+00:00\",\"dateModified\":\"2025-11-05T12:33:15+00:00\",\"breadcrumb\":{\"@id\":\"https:\\\/\\\/skyline-gs.com\\\/fr\\\/produit\\\/ruins-of-ephesus-istanbul\\\/#breadcrumb\"},\"inLanguage\":\"pl-PL\",\"potentialAction\":[{\"@type\":\"ReadAction\",\"target\":[\"https:\\\/\\\/skyline-gs.com\\\/fr\\\/produit\\\/ruins-of-ephesus-istanbul\\\/\"]}]},{\"@type\":\"ImageObject\",\"inLanguage\":\"pl-PL\",\"@id\":\"https:\\\/\\\/skyline-gs.com\\\/fr\\\/produit\\\/ruins-of-ephesus-istanbul\\\/#primaryimage\",\"url\":\"https:\\\/\\\/skyline-gs.com\\\/wp-content\\\/uploads\\\/2023\\\/01\\\/5-11.png\",\"contentUrl\":\"https:\\\/\\\/skyline-gs.com\\\/wp-content\\\/uploads\\\/2023\\\/01\\\/5-11.png\",\"width\":669,\"height\":446},{\"@type\":\"BreadcrumbList\",\"@id\":\"https:\\\/\\\/skyline-gs.com\\\/fr\\\/produit\\\/ruins-of-ephesus-istanbul\\\/#breadcrumb\",\"itemListElement\":[{\"@type\":\"ListItem\",\"position\":1,\"name\":\"\u0413\u043b\u0430\u0432\u043d\u0430\u044f \u0441\u0442\u0440\u0430\u043d\u0438\u0446\u0430\",\"item\":\"https:\\\/\\\/skyline-gs.com\\\/hu\\\/\"},{\"@type\":\"ListItem\",\"position\":2,\"name\":\"\u041c\u0430\u0433\u0430\u0437\u0438\u043d\",\"item\":\"https:\\\/\\\/skyline-gs.com\\\/cs\\\/shop\\\/\"},{\"@type\":\"ListItem\",\"position\":3,\"name\":\"\u0420\u0443\u0438\u043d\u044b \u042d\u0444\u0435\u0441\u0430\"}]},{\"@type\":\"WebSite\",\"@id\":\"https:\\\/\\\/skyline-gs.com\\\/it\\\/#website\",\"url\":\"https:\\\/\\\/skyline-gs.com\\\/it\\\/\",\"name\":\"\u042d\u043a\u0441\u043a\u0443\u0440\u0441\u0438\u0438 Skyline\",\"description\":\"\u042d\u043a\u0441\u043a\u043b\u044e\u0437\u0438\u0432\u043d\u044b\u0435 \u044d\u043a\u0441\u043a\u0443\u0440\u0441\u0438\u0438 \u043d\u0430 \u043b\u0443\u0447\u0448\u0438\u0445 \u043a\u0443\u0440\u043e\u0440\u0442\u0430\u0445 \u043c\u0438\u0440\u0430\",\"publisher\":{\"@id\":\"https:\\\/\\\/skyline-gs.com\\\/it\\\/#organization\"},\"alternateName\":\"Skyline\",\"potentialAction\":[{\"@type\":\"SearchAction\",\"target\":{\"@type\":\"EntryPoint\",\"urlTemplate\":\"https:\\\/\\\/skyline-gs.com\\\/it\\\/?s={search_term_string}\"},\"query-input\":{\"@type\":\"PropertyValueSpecification\",\"valueRequired\":true,\"valueName\":\"search_term_string\"}}],\"inLanguage\":\"pl-PL\"},{\"@type\":\"Organization\",\"@id\":\"https:\\\/\\\/skyline-gs.com\\\/it\\\/#organization\",\"name\":\"\u042d\u043a\u0441\u043a\u0443\u0440\u0441\u0438\u0438 Skyline\",\"alternateName\":\"\u042d\u043a\u0441\u043a\u0443\u0440\u0441\u0438\u0438 Skyline\",\"url\":\"https:\\\/\\\/skyline-gs.com\\\/it\\\/\",\"logo\":{\"@type\":\"ImageObject\",\"inLanguage\":\"pl-PL\",\"@id\":\"https:\\\/\\\/skyline-gs.com\\\/it\\\/#\\\/schema\\\/logo\\\/image\\\/\",\"url\":\"https:\\\/\\\/skyline-gs.com\\\/wp-content\\\/uploads\\\/2020\\\/12\\\/cropped-logo-2.png\",\"contentUrl\":\"https:\\\/\\\/skyline-gs.com\\\/wp-content\\\/uploads\\\/2020\\\/12\\\/cropped-logo-2.png\",\"width\":512,\"height\":512,\"caption\":\"\u042d\u043a\u0441\u043a\u0443\u0440\u0441\u0438\u0438 Skyline\"},\"image\":{\"@id\":\"https:\\\/\\\/skyline-gs.com\\\/it\\\/#\\\/schema\\\/logo\\\/image\\\/\"},\"sameAs\":[\"https:\\\/\\\/www.instagram.com\\\/skylineglobalservice\\\/\"]}]}<\/script>\n<!-- \/ Yoast SEO plugin. -->","yoast_head_json":{"title":"\u0420\u0443\u0438\u043d\u044b \u042d\u0444\u0435\u0441\u0430 &#8226; \u042d\u043a\u0441\u043a\u0443\u0440\u0441\u0438\u0438 Skyline","robots":{"index":"index","follow":"follow","max-snippet":"max-snippet:-1","max-image-preview":"max-image-preview:large","max-video-preview":"max-video-preview:-1"},"canonical":"https:\/\/skyline-gs.com\/pl\/produkt\/ruins-of-ephesus-istanbul\/","og_locale":"pl_PL","og_type":"article","og_title":"\u0420\u0443\u0438\u043d\u044b \u042d\u0444\u0435\u0441\u0430 &#8226; \u042d\u043a\u0441\u043a\u0443\u0440\u0441\u0438\u0438 Skyline","og_description":"\u0412\u0440\u0435\u043c\u044f \u0442\u0443\u0440\u0430: 9:00 - 17:00  \u0414\u043d\u0438 \u043f\u0440\u043e\u0432\u0435\u0434\u0435\u043d\u0438\u044f: \u041a\u0430\u0436\u0434\u044b\u0439 \u0434\u0435\u043d\u044c","og_url":"https:\/\/skyline-gs.com\/pl\/produkt\/ruins-of-ephesus-istanbul\/","og_site_name":"\u042d\u043a\u0441\u043a\u0443\u0440\u0441\u0438\u0438 Skyline","article_modified_time":"2025-11-05T12:33:15+00:00","og_image":[{"width":669,"height":446,"url":"https:\/\/skyline-gs.com\/wp-content\/uploads\/2023\/01\/5-11.png","type":"image\/png"}],"twitter_card":"summary_large_image","twitter_misc":{"Szacowany czas czytania":"2 minuty"},"schema":{"@context":"https:\/\/schema.org","@graph":[{"@type":"WebPage","@id":"https:\/\/skyline-gs.com\/fr\/produit\/ruins-of-ephesus-istanbul\/","url":"https:\/\/skyline-gs.com\/fr\/produit\/ruins-of-ephesus-istanbul\/","name":"\u0420\u0443\u0438\u043d\u044b \u042d\u0444\u0435\u0441\u0430 &#8226; \u042d\u043a\u0441\u043a\u0443\u0440\u0441\u0438\u0438 Skyline","isPartOf":{"@id":"https:\/\/skyline-gs.com\/it\/#website"},"primaryImageOfPage":{"@id":"https:\/\/skyline-gs.com\/fr\/produit\/ruins-of-ephesus-istanbul\/#primaryimage"},"image":{"@id":"https:\/\/skyline-gs.com\/fr\/produit\/ruins-of-ephesus-istanbul\/#primaryimage"},"thumbnailUrl":"https:\/\/skyline-gs.com\/wp-content\/uploads\/2023\/01\/5-11.png","datePublished":"2023-01-13T13:56:01+00:00","dateModified":"2025-11-05T12:33:15+00:00","breadcrumb":{"@id":"https:\/\/skyline-gs.com\/fr\/produit\/ruins-of-ephesus-istanbul\/#breadcrumb"},"inLanguage":"pl-PL","potentialAction":[{"@type":"ReadAction","target":["https:\/\/skyline-gs.com\/fr\/produit\/ruins-of-ephesus-istanbul\/"]}]},{"@type":"ImageObject","inLanguage":"pl-PL","@id":"https:\/\/skyline-gs.com\/fr\/produit\/ruins-of-ephesus-istanbul\/#primaryimage","url":"https:\/\/skyline-gs.com\/wp-content\/uploads\/2023\/01\/5-11.png","contentUrl":"https:\/\/skyline-gs.com\/wp-content\/uploads\/2023\/01\/5-11.png","width":669,"height":446},{"@type":"BreadcrumbList","@id":"https:\/\/skyline-gs.com\/fr\/produit\/ruins-of-ephesus-istanbul\/#breadcrumb","itemListElement":[{"@type":"ListItem","position":1,"name":"\u0413\u043b\u0430\u0432\u043d\u0430\u044f \u0441\u0442\u0440\u0430\u043d\u0438\u0446\u0430","item":"https:\/\/skyline-gs.com\/hu\/"},{"@type":"ListItem","position":2,"name":"\u041c\u0430\u0433\u0430\u0437\u0438\u043d","item":"https:\/\/skyline-gs.com\/cs\/shop\/"},{"@type":"ListItem","position":3,"name":"\u0420\u0443\u0438\u043d\u044b \u042d\u0444\u0435\u0441\u0430"}]},{"@type":"WebSite","@id":"https:\/\/skyline-gs.com\/it\/#website","url":"https:\/\/skyline-gs.com\/it\/","name":"Wycieczki Skyline","description":"Ekskluzywne wycieczki do najlepszych kurort\u00f3w na \u015bwiecie","publisher":{"@id":"https:\/\/skyline-gs.com\/it\/#organization"},"alternateName":"Skyline","potentialAction":[{"@type":"SearchAction","target":{"@type":"EntryPoint","urlTemplate":"https:\/\/skyline-gs.com\/it\/?s={search_term_string}"},"query-input":{"@type":"PropertyValueSpecification","valueRequired":true,"valueName":"search_term_string"}}],"inLanguage":"pl-PL"},{"@type":"Organization","@id":"https:\/\/skyline-gs.com\/it\/#organization","name":"Wycieczki Skyline","alternateName":"\u042d\u043a\u0441\u043a\u0443\u0440\u0441\u0438\u0438 Skyline","url":"https:\/\/skyline-gs.com\/it\/","logo":{"@type":"ImageObject","inLanguage":"pl-PL","@id":"https:\/\/skyline-gs.com\/it\/#\/schema\/logo\/image\/","url":"https:\/\/skyline-gs.com\/wp-content\/uploads\/2020\/12\/cropped-logo-2.png","contentUrl":"https:\/\/skyline-gs.com\/wp-content\/uploads\/2020\/12\/cropped-logo-2.png","width":512,"height":512,"caption":"\u042d\u043a\u0441\u043a\u0443\u0440\u0441\u0438\u0438 Skyline"},"image":{"@id":"https:\/\/skyline-gs.com\/it\/#\/schema\/logo\/image\/"},"sameAs":["https:\/\/www.instagram.com\/skylineglobalservice\/"]}]}},"_links":{"self":[{"href":"https:\/\/skyline-gs.com\/pl\/wp-json\/wp\/v2\/product\/41767","targetHints":{"allow":["GET"]}}],"collection":[{"href":"https:\/\/skyline-gs.com\/pl\/wp-json\/wp\/v2\/product"}],"about":[{"href":"https:\/\/skyline-gs.com\/pl\/wp-json\/wp\/v2\/types\/product"}],"version-history":[{"count":0,"href":"https:\/\/skyline-gs.com\/pl\/wp-json\/wp\/v2\/product\/41767\/revisions"}],"wp:featuredmedia":[{"embeddable":true,"href":"https:\/\/skyline-gs.com\/pl\/wp-json\/wp\/v2\/media\/41772"}],"wp:attachment":[{"href":"https:\/\/skyline-gs.com\/pl\/wp-json\/wp\/v2\/media?parent=41767"}],"wp:term":[{"taxonomy":"product_brand","embeddable":true,"href":"https:\/\/skyline-gs.com\/pl\/wp-json\/wp\/v2\/product_brand?post=41767"},{"taxonomy":"product_cat","embeddable":true,"href":"https:\/\/skyline-gs.com\/pl\/wp-json\/wp\/v2\/product_cat?post=41767"},{"taxonomy":"product_tag","embeddable":true,"href":"https:\/\/skyline-gs.com\/pl\/wp-json\/wp\/v2\/product_tag?post=41767"}],"curies":[{"name":"wp","href":"https:\/\/api.w.org\/{rel}","templated":true}]}}