{"id":41034,"date":"2022-11-12T14:09:43","date_gmt":"2022-11-12T11:09:43","guid":{"rendered":"https:\/\/dubai.skyline-gs.com\/?post_type=product&#038;p=41034"},"modified":"2024-09-30T16:43:11","modified_gmt":"2024-09-30T14:43:11","slug":"yacht-o-pari-310-feet","status":"publish","type":"product","link":"https:\/\/skyline-gs.com\/pl\/product\/yacht-o-pari-310-feet\/","title":{"rendered":"Jacht O'PARI (310 st\u00f3p)"},"content":{"rendered":"<p>Sp\u0119d\u017a wakacje w luksusowej scenerii - na pok\u0142adzie modnego jachtu z bia\u0142ymi \u017caglami, sun\u0105cego po lazurowych wodach \u0142agodnej Zatoki Perskiej. Ciesz si\u0119 jedn\u0105 z najbardziej malowniczych linii horyzontu, w\u015br\u00f3d drapaczy chmur i ulubionych miejsc w Dubaju: Burj Al Arab, Atlantis i Burj Khalifa. Uprzejma za\u0142oga i doskona\u0142a obs\u0142uga s\u0105 do Twojej dyspozycji.<\/p>\n<p><strong>\u041f\u0440\u043e\u0436\u0438\u0432\u0430\u043d\u0438\u0435:<\/strong><\/p>\n<p>\u0412\u043d\u0443\u0442\u0440\u0435\u043d\u043d\u044f\u044f \u043f\u043b\u0430\u043d\u0438\u0440\u043e\u0432\u043a\u0430 O&#8217;Pari \u0432\u043c\u0435\u0449\u0430\u0435\u0442 \u0434\u043e 12 \u0433\u043e\u0441\u0442\u0435\u0439 \u0432 14 \u043d\u043e\u043c\u0435\u0440\u0430\u0445, 9 \u0434\u0432\u0443\u0445\u043c\u0435\u0441\u0442\u043d\u044b\u0445 \u043a\u0430\u044e\u0442\u0430\u0445, 7 \u0434\u0432\u0443\u0445\u043c\u0435\u0441\u0442\u043d\u044b\u0445 \u043a\u0430\u044e\u0442\u0430\u0445 \u0438 \u200b\u200b1 \u043e\u0434\u043d\u043e\u043c\u0435\u0441\u0442\u043d\u043e\u0439 \u043a\u0430\u044e\u0442\u0435. \u041e\u043d\u0430 \u0442\u0430\u043a\u0436\u0435 \u0441\u043f\u043e\u0441\u043e\u0431\u043d\u0430 \u043d\u0435\u0441\u0442\u0438 \u043d\u0430 \u0431\u043e\u0440\u0442\u0443 \u0434\u043e 28 \u0447\u043b\u0435\u043d\u043e\u0432 \u044d\u043a\u0438\u043f\u0430\u0436\u0430, \u0447\u0442\u043e\u0431\u044b \u043e\u0431\u0435\u0441\u043f\u0435\u0447\u0438\u0442\u044c \u0441\u043f\u043e\u043a\u043e\u0439\u043d\u044b\u0439 \u043e\u0442\u0434\u044b\u0445 \u043d\u0430 \u0440\u043e\u0441\u043a\u043e\u0448\u043d\u043e\u0439 \u044f\u0445\u0442\u0435. \u041d\u0435\u043f\u043e\u0434\u0432\u043b\u0430\u0441\u0442\u043d\u044b\u0439 \u0432\u0440\u0435\u043c\u0435\u043d\u0438 \u0441\u0442\u0438\u043b\u044c, \u043a\u0440\u0430\u0441\u0438\u0432\u0430\u044f \u043c\u0435\u0431\u0435\u043b\u044c \u0438 \u0440\u043e\u0441\u043a\u043e\u0448\u043d\u044b\u0435 \u043a\u0440\u0435\u0441\u043b\u0430 \u0441\u043e\u0437\u0434\u0430\u044e\u0442 \u044d\u043b\u0435\u0433\u0430\u043d\u0442\u043d\u0443\u044e \u0438 \u0443\u044e\u0442\u043d\u0443\u044e \u0430\u0442\u043c\u043e\u0441\u0444\u0435\u0440\u0443. \u041d\u0430 \u0435\u0435 \u043f\u0440\u043e\u0441\u0442\u043e\u0440\u043d\u043e\u0439 \u043f\u0430\u043b\u0443\u0431\u0435 \u0435\u0441\u0442\u044c \u0448\u0438\u0440\u043e\u043a\u0438\u0439 \u0441\u043f\u0435\u043a\u0442\u0440 \u0443\u0434\u043e\u0431\u0441\u0442\u0432, \u0432\u043a\u043b\u044e\u0447\u0430\u044f \u043e\u0442\u043a\u0440\u044b\u0442\u044b\u0439 \u0431\u0430\u0440 \u0438 \u0434\u043e\u0441\u0442\u0430\u0442\u043e\u0447\u043d\u043e \u043c\u0435\u0441\u0442\u0430 \u0434\u043b\u044f \u043f\u0440\u0438\u043d\u044f\u0442\u0438\u044f \u0441\u043e\u043b\u043d\u0435\u0447\u043d\u044b\u0445 \u0432\u0430\u043d\u043d \u0438 \u043e\u0442\u0434\u044b\u0445\u0430. \u0412\u043f\u0435\u0447\u0430\u0442\u043b\u044f\u044e\u0449\u0438\u0435 \u0432\u043e\u0437\u043c\u043e\u0436\u043d\u043e\u0441\u0442\u0438 \u0434\u043b\u044f \u043e\u0442\u0434\u044b\u0445\u0430 \u0438 \u0440\u0430\u0437\u0432\u043b\u0435\u0447\u0435\u043d\u0438\u0439 \u0434\u0435\u043b\u0430\u044e\u0442 \u044f\u0445\u0442\u0443 O&#8217;Pari \u0438\u0434\u0435\u0430\u043b\u044c\u043d\u043e\u0439 \u0447\u0430\u0440\u0442\u0435\u0440\u043d\u043e\u0439 \u044f\u0445\u0442\u043e\u0439 \u0434\u043b\u044f \u043e\u0431\u0449\u0435\u043d\u0438\u044f \u0438 \u0440\u0430\u0437\u0432\u043b\u0435\u0447\u0435\u043d\u0438\u044f \u0441 \u0441\u0435\u043c\u044c\u0435\u0439 \u0438 \u0434\u0440\u0443\u0437\u044c\u044f\u043c\u0438.<\/p>\n<p><strong>\u041f\u0440\u043e\u0438\u0437\u0432\u043e\u0434\u0438\u0442\u0435\u043b\u044c\u043d\u043e\u0441\u0442\u044c:<\/strong><\/p>\n<p>\u041f\u043e\u0441\u0442\u0440\u043e\u0435\u043d \u0441 \u0430\u043b\u044e\u043c\u0438\u043d\u0438\u0435\u0432\u043e\u0439 \u043d\u0430\u0434\u0441\u0442\u0440\u043e\u0439\u043a\u043e\u0439 \u0438 \u0441\u0442\u0430\u043b\u044c\u043d\u044b\u043c \u043a\u043e\u0440\u043f\u0443\u0441\u043e\u043c. \u042d\u0442\u0430 \u043d\u0435\u0441\u0442\u0430\u043d\u0434\u0430\u0440\u0442\u043d\u0430\u044f \u0432\u043e\u0434\u043e\u0438\u0437\u043c\u0435\u0449\u0430\u044e\u0449\u0430\u044f \u044f\u0445\u0442\u0430 \u0442\u0430\u043a\u0436\u0435 \u043e\u0441\u043d\u0430\u0449\u0435\u043d\u0430 \u0441\u0442\u0430\u0431\u0438\u043b\u0438\u0437\u0430\u0442\u043e\u0440\u0430\u043c\u0438 \u00ab\u043d\u0430 \u044f\u043a\u043e\u0440\u0435\u00bb, \u043a\u043e\u0442\u043e\u0440\u044b\u0435 \u0440\u0430\u0431\u043e\u0442\u0430\u044e\u0442 \u043d\u0430 \u043d\u0443\u043b\u0435\u0432\u043e\u0439 \u0441\u043a\u043e\u0440\u043e\u0441\u0442\u0438. \u041f\u043e\u0432\u044b\u0448\u0435\u043d\u0438\u0435 \u043a\u043e\u043c\u0444\u043e\u0440\u0442\u0430 \u043d\u0430 \u0431\u043e\u0440\u0442\u0443 \u043d\u0430 \u044f\u043a\u043e\u0440\u0435 \u0438 \u0432 \u0431\u0443\u0440\u043d\u043e\u0439 \u0432\u043e\u0434\u0435. O&#8217;Pari \u0440\u0430\u0437\u0432\u0438\u0432\u0430\u0435\u0442 \u0441\u043a\u043e\u0440\u043e\u0441\u0442\u044c 18 \u0443\u0437\u043b\u043e\u0432 \u043f\u0440\u0438 \u043a\u0440\u0435\u0439\u0441\u0435\u0440\u0441\u043a\u043e\u0439 \u0441\u043a\u043e\u0440\u043e\u0441\u0442\u0438 16 \u0443\u0437\u043b\u043e\u0432.<\/p>\n<p><strong>W zestawie:<\/strong><\/p>\n<ul>\n<li>Transfer z i do hotelu (do 6 os\u00f3b)<\/li>\n<li>Czarter jacht\u00f3w na zam\u00f3wienie<\/li>\n<li>Us\u0142ugi kadrowe<\/li>\n<li>Kamizelki ratunkowe<\/li>\n<li>Udogodnienia na pok\u0142adzie<\/li>\n<\/ul>\n<p><strong>Brak w zestawie:<\/strong><\/p>\n<ul>\n<li>Transfer z i do hotelu dla 7-14 os\u00f3b - dop\u0142ata 100$ za grup\u0119<\/li>\n<li>Transfer z i do hotelu dla wi\u0119cej ni\u017c 15-24 os\u00f3b - dop\u0142ata 200$ za grup\u0119<\/li>\n<li>Transfer z i do hotelu dla wi\u0119cej ni\u017c 25-40 os\u00f3b - dodatkowo 300$ za grup\u0119<\/li>\n<\/ul>\n<p><strong>Dodatkowe informacje:<\/strong><\/p>\n<ul>\n<li>Obowi\u0105zkowe jest posiadanie przy sobie oryginalnych paszport\u00f3w wszystkich uczestnik\u00f3w.<\/li>\n<li>\u041c\u0438\u043d\u0438\u043c\u0430\u043b\u044c\u043d\u0430\u044f \u043f\u0440\u043e\u0434\u043e\u043b\u0436\u0438\u0442\u0435\u043b\u044c\u043d\u043e\u0441\u0442\u044c \u0430\u0440\u0435\u043d\u0434\u044b \u2013 6 \u0447\u0430\u0441\u043e\u0432<\/li>\n<\/ul>\n<p><strong>Zabierz go ze sob\u0105:<\/strong><\/p>\n<ul>\n<li>Woda<\/li>\n<li>R\u0119cznik<\/li>\n<\/ul>\n<p><strong>Opcje menu:<\/strong><\/p>\n<ol>\n<li><strong>Br\u0105zowe menu. Osoba doros\u0142a - 50$, dziecko do 12 lat - 35$. <\/strong>Sa\u0142atka Cezar, arabska sa\u0142atka Fattoush, r\u00f3\u017cne rodzaje mi\u0119sa kebab, grillowane warzywa, warzywa, t\u0142uczone ziemniaki, owoce, woda<\/li>\n<li><strong>Srebrne menu. Osoba doros\u0142a - 70$, dziecko do 12 lat - 55$. <\/strong>Arabska sa\u0142atka Fattoush, hummus, ryba, grillowane warzywa, krewetki, frytki, arabskie chlebki p\u0142askie, kawa\u0142ki owoc\u00f3w, woda<\/li>\n<li><strong><strong>Z\u0142ote menu. Osoba doros\u0142a - 90$, dziecko do 12 lat - 75$. <\/strong><\/strong>Sa\u0142atka Cezar, sa\u0142atka jarzynowa, sa\u0142atka grecka, jagni\u0119cina, ryba, krewetki, grillowane warzywa, frytki, arabski placek, pasta owocowa, baklava, woda<\/li>\n<\/ol>","protected":false},"excerpt":{"rendered":"<p><strong>D\u0142ugo\u015b\u0107 najmu:<\/strong> 6 godzin<\/p>\n<p><strong>Pojemno\u015b\u0107:<\/strong> 40 \u0447\u0435\u043b\u043e\u0432\u0435\u043a<\/p>","protected":false},"featured_media":56280,"template":"","meta":{"_kad_post_transparent":"default","_kad_post_title":"","_kad_post_layout":"default","_kad_post_sidebar_id":"","_kad_post_content_style":"default","_kad_post_vertical_padding":"default","_kad_post_feature":"","_kad_post_feature_position":"","_kad_post_header":false,"_kad_post_footer":false,"_kad_post_classname":"","_glsr_average":0,"_glsr_ranking":0,"_glsr_reviews":0},"product_brand":[],"product_cat":[474],"product_tag":[],"class_list":{"0":"post-41034","1":"product","2":"type-product","3":"status-publish","4":"has-post-thumbnail","6":"product_cat-yacht-in-dubai","7":"tm-has-options","9":"first","10":"instock","11":"sold-individually","12":"taxable","13":"shipping-taxable","14":"purchasable","15":"product-type-simple","16":"entry","17":"content-bg","18":"loop-entry"},"yoast_head":"<!-- This site is optimized with the Yoast SEO plugin v27.3 - https:\/\/yoast.com\/product\/yoast-seo-wordpress\/ -->\n<title>\u042f\u0445\u0442\u0430 O&#039;PARI (310 \u0444\u0443\u0442\u043e\u0432) &#8226; \u042d\u043a\u0441\u043a\u0443\u0440\u0441\u0438\u0438 Skyline<\/title>\n<meta name=\"robots\" content=\"index, follow, max-snippet:-1, max-image-preview:large, max-video-preview:-1\" \/>\n<link rel=\"canonical\" href=\"https:\/\/skyline-gs.com\/pl\/produkt\/yacht-o-pari-310-feet\/\" \/>\n<meta property=\"og:locale\" content=\"pl_PL\" \/>\n<meta property=\"og:type\" content=\"article\" \/>\n<meta property=\"og:title\" content=\"\u042f\u0445\u0442\u0430 O&#039;PARI (310 \u0444\u0443\u0442\u043e\u0432) &#8226; \u042d\u043a\u0441\u043a\u0443\u0440\u0441\u0438\u0438 Skyline\" \/>\n<meta property=\"og:description\" content=\"\u0414\u043b\u0438\u0442\u0435\u043b\u044c\u043d\u043e\u0441\u0442\u044c \u0430\u0440\u0435\u043d\u0434\u044b: 6 \u0447\u0430\u0441\u043e\u0432  \u0412\u043c\u0435\u0441\u0442\u0438\u0442\u0435\u043b\u044c\u043d\u043e\u0441\u0442\u044c: 40 \u0447\u0435\u043b\u043e\u0432\u0435\u043a\" \/>\n<meta property=\"og:url\" content=\"https:\/\/skyline-gs.com\/pl\/produkt\/yacht-o-pari-310-feet\/\" \/>\n<meta property=\"og:site_name\" content=\"\u042d\u043a\u0441\u043a\u0443\u0440\u0441\u0438\u0438 Skyline\" \/>\n<meta property=\"article:modified_time\" content=\"2024-09-30T14:43:11+00:00\" \/>\n<meta property=\"og:image\" content=\"https:\/\/skyline-gs.com\/wp-content\/uploads\/2022\/11\/2-2.png\" \/>\n\t<meta property=\"og:image:width\" content=\"669\" \/>\n\t<meta property=\"og:image:height\" content=\"446\" \/>\n\t<meta property=\"og:image:type\" content=\"image\/png\" \/>\n<meta name=\"twitter:card\" content=\"summary_large_image\" \/>\n<meta name=\"twitter:label1\" content=\"Szacowany czas czytania\" \/>\n\t<meta name=\"twitter:data1\" content=\"3 minuty\" \/>\n<script type=\"application\/ld+json\" class=\"yoast-schema-graph\">{\"@context\":\"https:\\\/\\\/schema.org\",\"@graph\":[{\"@type\":\"WebPage\",\"@id\":\"https:\\\/\\\/skyline-gs.com\\\/fr\\\/produit\\\/yacht-o-pari-310-feet\\\/\",\"url\":\"https:\\\/\\\/skyline-gs.com\\\/fr\\\/produit\\\/yacht-o-pari-310-feet\\\/\",\"name\":\"\u042f\u0445\u0442\u0430 O'PARI (310 \u0444\u0443\u0442\u043e\u0432) &#8226; \u042d\u043a\u0441\u043a\u0443\u0440\u0441\u0438\u0438 Skyline\",\"isPartOf\":{\"@id\":\"https:\\\/\\\/skyline-gs.com\\\/it\\\/#website\"},\"primaryImageOfPage\":{\"@id\":\"https:\\\/\\\/skyline-gs.com\\\/fr\\\/produit\\\/yacht-o-pari-310-feet\\\/#primaryimage\"},\"image\":{\"@id\":\"https:\\\/\\\/skyline-gs.com\\\/fr\\\/produit\\\/yacht-o-pari-310-feet\\\/#primaryimage\"},\"thumbnailUrl\":\"https:\\\/\\\/skyline-gs.com\\\/wp-content\\\/uploads\\\/2022\\\/11\\\/2-2.png\",\"datePublished\":\"2022-11-12T11:09:43+00:00\",\"dateModified\":\"2024-09-30T14:43:11+00:00\",\"breadcrumb\":{\"@id\":\"https:\\\/\\\/skyline-gs.com\\\/fr\\\/produit\\\/yacht-o-pari-310-feet\\\/#breadcrumb\"},\"inLanguage\":\"pl-PL\",\"potentialAction\":[{\"@type\":\"ReadAction\",\"target\":[\"https:\\\/\\\/skyline-gs.com\\\/fr\\\/produit\\\/yacht-o-pari-310-feet\\\/\"]}]},{\"@type\":\"ImageObject\",\"inLanguage\":\"pl-PL\",\"@id\":\"https:\\\/\\\/skyline-gs.com\\\/fr\\\/produit\\\/yacht-o-pari-310-feet\\\/#primaryimage\",\"url\":\"https:\\\/\\\/skyline-gs.com\\\/wp-content\\\/uploads\\\/2022\\\/11\\\/2-2.png\",\"contentUrl\":\"https:\\\/\\\/skyline-gs.com\\\/wp-content\\\/uploads\\\/2022\\\/11\\\/2-2.png\",\"width\":669,\"height\":446},{\"@type\":\"BreadcrumbList\",\"@id\":\"https:\\\/\\\/skyline-gs.com\\\/fr\\\/produit\\\/yacht-o-pari-310-feet\\\/#breadcrumb\",\"itemListElement\":[{\"@type\":\"ListItem\",\"position\":1,\"name\":\"\u0413\u043b\u0430\u0432\u043d\u0430\u044f \u0441\u0442\u0440\u0430\u043d\u0438\u0446\u0430\",\"item\":\"https:\\\/\\\/skyline-gs.com\\\/hu\\\/\"},{\"@type\":\"ListItem\",\"position\":2,\"name\":\"\u041c\u0430\u0433\u0430\u0437\u0438\u043d\",\"item\":\"https:\\\/\\\/skyline-gs.com\\\/cs\\\/shop\\\/\"},{\"@type\":\"ListItem\",\"position\":3,\"name\":\"\u042f\u0445\u0442\u0430 O&#8217;PARI (310 \u0444\u0443\u0442\u043e\u0432)\"}]},{\"@type\":\"WebSite\",\"@id\":\"https:\\\/\\\/skyline-gs.com\\\/it\\\/#website\",\"url\":\"https:\\\/\\\/skyline-gs.com\\\/it\\\/\",\"name\":\"\u042d\u043a\u0441\u043a\u0443\u0440\u0441\u0438\u0438 Skyline\",\"description\":\"\u042d\u043a\u0441\u043a\u043b\u044e\u0437\u0438\u0432\u043d\u044b\u0435 \u044d\u043a\u0441\u043a\u0443\u0440\u0441\u0438\u0438 \u043d\u0430 \u043b\u0443\u0447\u0448\u0438\u0445 \u043a\u0443\u0440\u043e\u0440\u0442\u0430\u0445 \u043c\u0438\u0440\u0430\",\"publisher\":{\"@id\":\"https:\\\/\\\/skyline-gs.com\\\/it\\\/#organization\"},\"alternateName\":\"Skyline\",\"potentialAction\":[{\"@type\":\"SearchAction\",\"target\":{\"@type\":\"EntryPoint\",\"urlTemplate\":\"https:\\\/\\\/skyline-gs.com\\\/it\\\/?s={search_term_string}\"},\"query-input\":{\"@type\":\"PropertyValueSpecification\",\"valueRequired\":true,\"valueName\":\"search_term_string\"}}],\"inLanguage\":\"pl-PL\"},{\"@type\":\"Organization\",\"@id\":\"https:\\\/\\\/skyline-gs.com\\\/it\\\/#organization\",\"name\":\"\u042d\u043a\u0441\u043a\u0443\u0440\u0441\u0438\u0438 Skyline\",\"alternateName\":\"\u042d\u043a\u0441\u043a\u0443\u0440\u0441\u0438\u0438 Skyline\",\"url\":\"https:\\\/\\\/skyline-gs.com\\\/it\\\/\",\"logo\":{\"@type\":\"ImageObject\",\"inLanguage\":\"pl-PL\",\"@id\":\"https:\\\/\\\/skyline-gs.com\\\/it\\\/#\\\/schema\\\/logo\\\/image\\\/\",\"url\":\"https:\\\/\\\/skyline-gs.com\\\/wp-content\\\/uploads\\\/2020\\\/12\\\/cropped-logo-2.png\",\"contentUrl\":\"https:\\\/\\\/skyline-gs.com\\\/wp-content\\\/uploads\\\/2020\\\/12\\\/cropped-logo-2.png\",\"width\":512,\"height\":512,\"caption\":\"\u042d\u043a\u0441\u043a\u0443\u0440\u0441\u0438\u0438 Skyline\"},\"image\":{\"@id\":\"https:\\\/\\\/skyline-gs.com\\\/it\\\/#\\\/schema\\\/logo\\\/image\\\/\"},\"sameAs\":[\"https:\\\/\\\/www.instagram.com\\\/skylineglobalservice\\\/\"]}]}<\/script>\n<!-- \/ Yoast SEO plugin. -->","yoast_head_json":{"title":"\u042f\u0445\u0442\u0430 O'PARI (310 \u0444\u0443\u0442\u043e\u0432) &#8226; \u042d\u043a\u0441\u043a\u0443\u0440\u0441\u0438\u0438 Skyline","robots":{"index":"index","follow":"follow","max-snippet":"max-snippet:-1","max-image-preview":"max-image-preview:large","max-video-preview":"max-video-preview:-1"},"canonical":"https:\/\/skyline-gs.com\/pl\/produkt\/yacht-o-pari-310-feet\/","og_locale":"pl_PL","og_type":"article","og_title":"\u042f\u0445\u0442\u0430 O'PARI (310 \u0444\u0443\u0442\u043e\u0432) &#8226; \u042d\u043a\u0441\u043a\u0443\u0440\u0441\u0438\u0438 Skyline","og_description":"\u0414\u043b\u0438\u0442\u0435\u043b\u044c\u043d\u043e\u0441\u0442\u044c \u0430\u0440\u0435\u043d\u0434\u044b: 6 \u0447\u0430\u0441\u043e\u0432  \u0412\u043c\u0435\u0441\u0442\u0438\u0442\u0435\u043b\u044c\u043d\u043e\u0441\u0442\u044c: 40 \u0447\u0435\u043b\u043e\u0432\u0435\u043a","og_url":"https:\/\/skyline-gs.com\/pl\/produkt\/yacht-o-pari-310-feet\/","og_site_name":"\u042d\u043a\u0441\u043a\u0443\u0440\u0441\u0438\u0438 Skyline","article_modified_time":"2024-09-30T14:43:11+00:00","og_image":[{"width":669,"height":446,"url":"https:\/\/skyline-gs.com\/wp-content\/uploads\/2022\/11\/2-2.png","type":"image\/png"}],"twitter_card":"summary_large_image","twitter_misc":{"Szacowany czas czytania":"3 minuty"},"schema":{"@context":"https:\/\/schema.org","@graph":[{"@type":"WebPage","@id":"https:\/\/skyline-gs.com\/fr\/produit\/yacht-o-pari-310-feet\/","url":"https:\/\/skyline-gs.com\/fr\/produit\/yacht-o-pari-310-feet\/","name":"\u042f\u0445\u0442\u0430 O'PARI (310 \u0444\u0443\u0442\u043e\u0432) &#8226; \u042d\u043a\u0441\u043a\u0443\u0440\u0441\u0438\u0438 Skyline","isPartOf":{"@id":"https:\/\/skyline-gs.com\/it\/#website"},"primaryImageOfPage":{"@id":"https:\/\/skyline-gs.com\/fr\/produit\/yacht-o-pari-310-feet\/#primaryimage"},"image":{"@id":"https:\/\/skyline-gs.com\/fr\/produit\/yacht-o-pari-310-feet\/#primaryimage"},"thumbnailUrl":"https:\/\/skyline-gs.com\/wp-content\/uploads\/2022\/11\/2-2.png","datePublished":"2022-11-12T11:09:43+00:00","dateModified":"2024-09-30T14:43:11+00:00","breadcrumb":{"@id":"https:\/\/skyline-gs.com\/fr\/produit\/yacht-o-pari-310-feet\/#breadcrumb"},"inLanguage":"pl-PL","potentialAction":[{"@type":"ReadAction","target":["https:\/\/skyline-gs.com\/fr\/produit\/yacht-o-pari-310-feet\/"]}]},{"@type":"ImageObject","inLanguage":"pl-PL","@id":"https:\/\/skyline-gs.com\/fr\/produit\/yacht-o-pari-310-feet\/#primaryimage","url":"https:\/\/skyline-gs.com\/wp-content\/uploads\/2022\/11\/2-2.png","contentUrl":"https:\/\/skyline-gs.com\/wp-content\/uploads\/2022\/11\/2-2.png","width":669,"height":446},{"@type":"BreadcrumbList","@id":"https:\/\/skyline-gs.com\/fr\/produit\/yacht-o-pari-310-feet\/#breadcrumb","itemListElement":[{"@type":"ListItem","position":1,"name":"\u0413\u043b\u0430\u0432\u043d\u0430\u044f \u0441\u0442\u0440\u0430\u043d\u0438\u0446\u0430","item":"https:\/\/skyline-gs.com\/hu\/"},{"@type":"ListItem","position":2,"name":"\u041c\u0430\u0433\u0430\u0437\u0438\u043d","item":"https:\/\/skyline-gs.com\/cs\/shop\/"},{"@type":"ListItem","position":3,"name":"\u042f\u0445\u0442\u0430 O&#8217;PARI (310 \u0444\u0443\u0442\u043e\u0432)"}]},{"@type":"WebSite","@id":"https:\/\/skyline-gs.com\/it\/#website","url":"https:\/\/skyline-gs.com\/it\/","name":"Wycieczki Skyline","description":"Ekskluzywne wycieczki do najlepszych kurort\u00f3w na \u015bwiecie","publisher":{"@id":"https:\/\/skyline-gs.com\/it\/#organization"},"alternateName":"Skyline","potentialAction":[{"@type":"SearchAction","target":{"@type":"EntryPoint","urlTemplate":"https:\/\/skyline-gs.com\/it\/?s={search_term_string}"},"query-input":{"@type":"PropertyValueSpecification","valueRequired":true,"valueName":"search_term_string"}}],"inLanguage":"pl-PL"},{"@type":"Organization","@id":"https:\/\/skyline-gs.com\/it\/#organization","name":"Wycieczki Skyline","alternateName":"\u042d\u043a\u0441\u043a\u0443\u0440\u0441\u0438\u0438 Skyline","url":"https:\/\/skyline-gs.com\/it\/","logo":{"@type":"ImageObject","inLanguage":"pl-PL","@id":"https:\/\/skyline-gs.com\/it\/#\/schema\/logo\/image\/","url":"https:\/\/skyline-gs.com\/wp-content\/uploads\/2020\/12\/cropped-logo-2.png","contentUrl":"https:\/\/skyline-gs.com\/wp-content\/uploads\/2020\/12\/cropped-logo-2.png","width":512,"height":512,"caption":"\u042d\u043a\u0441\u043a\u0443\u0440\u0441\u0438\u0438 Skyline"},"image":{"@id":"https:\/\/skyline-gs.com\/it\/#\/schema\/logo\/image\/"},"sameAs":["https:\/\/www.instagram.com\/skylineglobalservice\/"]}]}},"_links":{"self":[{"href":"https:\/\/skyline-gs.com\/pl\/wp-json\/wp\/v2\/product\/41034","targetHints":{"allow":["GET"]}}],"collection":[{"href":"https:\/\/skyline-gs.com\/pl\/wp-json\/wp\/v2\/product"}],"about":[{"href":"https:\/\/skyline-gs.com\/pl\/wp-json\/wp\/v2\/types\/product"}],"version-history":[{"count":0,"href":"https:\/\/skyline-gs.com\/pl\/wp-json\/wp\/v2\/product\/41034\/revisions"}],"wp:featuredmedia":[{"embeddable":true,"href":"https:\/\/skyline-gs.com\/pl\/wp-json\/wp\/v2\/media\/56280"}],"wp:attachment":[{"href":"https:\/\/skyline-gs.com\/pl\/wp-json\/wp\/v2\/media?parent=41034"}],"wp:term":[{"taxonomy":"product_brand","embeddable":true,"href":"https:\/\/skyline-gs.com\/pl\/wp-json\/wp\/v2\/product_brand?post=41034"},{"taxonomy":"product_cat","embeddable":true,"href":"https:\/\/skyline-gs.com\/pl\/wp-json\/wp\/v2\/product_cat?post=41034"},{"taxonomy":"product_tag","embeddable":true,"href":"https:\/\/skyline-gs.com\/pl\/wp-json\/wp\/v2\/product_tag?post=41034"}],"curies":[{"name":"wp","href":"https:\/\/api.w.org\/{rel}","templated":true}]}}