{"id":40821,"date":"2022-11-12T22:49:13","date_gmt":"2022-11-12T20:49:13","guid":{"rendered":"http:\/\/skyline-gs.com\/?post_type=product&#038;p=40821"},"modified":"2025-10-29T19:55:23","modified_gmt":"2025-10-29T17:55:23","slug":"luxor-and-dendera-marsaalam","status":"publish","type":"product","link":"https:\/\/skyline-gs.com\/pl\/product\/luxor-and-dendera-marsaalam\/","title":{"rendered":"Luksor i Dendera"},"content":{"rendered":"<p>Wymeldowanie z hotelu o 4:30 rano. Podr\u00f3\u017c w jedn\u0105 stron\u0119 zajmie oko\u0142o 4,5 godziny. 9:00 Przyjazd do Doliny Nilu i zobaczenie prawdziwego \u017cycia Egiptu. Zwiedzanie kompleksu \u015bwi\u0105tynnego Dendera. Dendera to kompleks \u015bwi\u0105tynny po\u015bwi\u0119cony bogini Hathor. Zosta\u0142a uhonorowana jako c\u00f3rka b\u00f3stwa s\u0142onecznego. \u015awi\u0105tynia charakteryzuje si\u0119 niesamowit\u0105 architektur\u0105, kt\u00f3ra ma \u0142\u0105czy\u0107 j\u0105 z kosmicznym pochodzeniem samej bogini. Znajduje si\u0119 w niej zodiak Dendera, kt\u00f3ry, jak si\u0119 uwa\u017ca, wskazuje punkty zwrotne w historii ludzko\u015bci. Transfer do Luksoru. 10:00 Przyjazd do Luksoru. Po przybyciu do Luksoru rozpoczyna si\u0119 pierwsza cz\u0119\u015b\u0107 programu \"Miasto \u017bywych\", kt\u00f3re znajduje si\u0119 na wschodnim brzegu Nilu. Zwiedzanie \u015bwi\u0105tyni Karnak, kt\u00f3ra jest najwi\u0119ksz\u0105 struktur\u0105 architektoniczn\u0105 staro\u017cytnego \u015bwiata i jednym z najwi\u0119kszych kompleks\u00f3w \u015bwi\u0105tynnych na \u015bwiecie. \u015awi\u0105tynia w Karnaku nie zosta\u0142a zbudowana przez jednego faraona ani nawet jedn\u0105 dynasti\u0119, oko\u0142o 30 faraon\u00f3w przyczyni\u0142o si\u0119 do powstania kompleksu, dodaj\u0105c \u015bwi\u0105tynie, pylony, kaplice i obeliski po\u015bwi\u0119cone bogom Teb. \u015awi\u0105tynia w Karnaku sk\u0142ada si\u0119 z trzech du\u017cych budowli i kilku mniejszych \u015bwi\u0105ty\u0144 w obr\u0119bie g\u0142\u00f3wnego obszaru. Lunch w restauracji bufetowej (napoje nie s\u0105 wliczone w cen\u0119).<\/p>\n<p>Nast\u0119pnie rejs \u0142odzi\u0105 po Nilu na zachodni brzeg do Miasta Umar\u0142ych, gdzie odb\u0119dzie si\u0119 druga cz\u0119\u015b\u0107 programu. Zwiedzanie zachodniego brzegu i Doliny Umar\u0142ych. Najpierw powitaj\u0105 Ci\u0119 Kolosy Memnona, dwa ogromne pos\u0105gi o wysoko\u015bci 18 metr\u00f3w i wadze ponad 700 ton ka\u017cdy. Przejazd przez Dolin\u0119 Umar\u0142ych i wizyta w \u015bwi\u0105tyni kr\u00f3lowej faraona Hatszepsut. G\u0142\u00f3wn\u0105 cech\u0105 architektoniczn\u0105 tej monumentalnej budowli s\u0105 3 tarasy u\u0142o\u017cone jeden nad drugim, z kt\u00f3rych ka\u017cdy mie\u015bci otwarty dziedziniec, zadaszone pomieszczenia z pilastrami i sanktuaria ukryte w g\u0142\u0119bi g\u00f3ry. Hatszepsut jest jedn\u0105 z najbardziej znanych postaci w historii staro\u017cytnego Egiptu. Historia staro\u017cytnego Egiptu okre\u015bla j\u0105 jako \u017belaznego W\u0142adc\u0119. Nast\u0119pnie odb\u0119dzie si\u0119 spacer wzd\u0142u\u017c Nilu z wizyt\u0105 na wyspie Banana (opcjonalnie za dodatkow\u0105 op\u0142at\u0105 - 10$). Koniec wycieczki i podr\u00f3\u017c powrotna. 22:00 Powr\u00f3t do hotelu.<\/p>\n<p><strong>W zestawie:<\/strong><\/p>\n<ul>\n<li>Transfery z i do hotelu<\/li>\n<li>Rosyjskoj\u0119zyczny przewodnik egiptolog<\/li>\n<li>Bilety wst\u0119pu<\/li>\n<li>Wizyta w Dendera<\/li>\n<li>Lunch w restauracji w Luksorze<\/li>\n<\/ul>\n<p><strong>Brak w zestawie:<\/strong><\/p>\n<ul>\n<li>Wizyta na wyspie Banana (opcjonalnie za dodatkow\u0105 op\u0142at\u0105 - 10$)<\/li>\n<\/ul>\n<p><strong>Zabierz go ze sob\u0105:<\/strong><\/p>\n<ul>\n<li>Paszport<\/li>\n<li>Poranna przek\u0105ska (w recepcji hotelu nale\u017cy wyja\u015bni\u0107, \u017ce wyje\u017cd\u017ca si\u0119 wcze\u015bnie rano na wycieczk\u0119 i nale\u017cy przygotowa\u0107 sobie \u015bniadanie (lunch box), hotele zapewni\u0105 t\u0119 us\u0142ug\u0119 bezp\u0142atnie);<\/li>\n<li>Kamera<\/li>\n<li>Nakrycie g\u0142owy;<\/li>\n<li>Pieni\u0105dze na wydatki osobiste i pami\u0105tki;<\/li>\n<li>Woda pitna;<\/li>\n<li>Wygodne buty;<\/li>\n<li>Ciep\u0142e ubrania na podr\u00f3\u017c (zim\u0105).<\/li>\n<\/ul>","protected":false},"excerpt":{"rendered":"<p><strong>Czas wycieczki:<\/strong> 4:30 \u2014 22:00<\/p>\n<p><strong>Holding Days:<\/strong> \u015aroda i niedziela<\/p>","protected":false},"featured_media":40824,"template":"","meta":{"_kad_post_transparent":"default","_kad_post_title":"","_kad_post_layout":"default","_kad_post_sidebar_id":"","_kad_post_content_style":"default","_kad_post_vertical_padding":"default","_kad_post_feature":"","_kad_post_feature_position":"","_kad_post_header":false,"_kad_post_footer":false,"_kad_post_classname":"","_glsr_average":0,"_glsr_ranking":0,"_glsr_reviews":0},"product_brand":[],"product_cat":[452],"product_tag":[],"class_list":{"0":"post-40821","1":"product","2":"type-product","3":"status-publish","4":"has-post-thumbnail","6":"product_cat-marsa-alam","7":"tm-has-options","9":"first","10":"instock","11":"sale","12":"sold-individually","13":"taxable","14":"shipping-taxable","15":"purchasable","16":"product-type-simple","17":"entry","18":"content-bg","19":"loop-entry"},"yoast_head":"<!-- This site is optimized with the Yoast SEO plugin v27.3 - https:\/\/yoast.com\/product\/yoast-seo-wordpress\/ -->\n<title>\u041b\u0443\u043a\u0441\u043e\u0440 \u0438 \u0414\u0435\u043d\u0434\u0435\u0440\u0430 &#8226; \u042d\u043a\u0441\u043a\u0443\u0440\u0441\u0438\u0438 Skyline<\/title>\n<meta name=\"robots\" content=\"index, follow, max-snippet:-1, max-image-preview:large, max-video-preview:-1\" \/>\n<link rel=\"canonical\" href=\"http:\/\/skyline-gs.com\/pl\/produkt\/luxor-and-dendera-marsaalam\/\" \/>\n<meta property=\"og:locale\" content=\"pl_PL\" \/>\n<meta property=\"og:type\" content=\"article\" \/>\n<meta property=\"og:title\" content=\"\u041b\u0443\u043a\u0441\u043e\u0440 \u0438 \u0414\u0435\u043d\u0434\u0435\u0440\u0430 &#8226; \u042d\u043a\u0441\u043a\u0443\u0440\u0441\u0438\u0438 Skyline\" \/>\n<meta property=\"og:description\" content=\"\u0412\u0440\u0435\u043c\u044f \u0442\u0443\u0440\u0430: 4:30 - 22:00  \u0414\u043d\u0438 \u043f\u0440\u043e\u0432\u0435\u0434\u0435\u043d\u0438\u044f: \u0441\u0440\u0435\u0434\u0430 \u0438 \u0432\u043e\u0441\u043a\u0440\u0435\u0441\u0435\u043d\u044c\u0435\" \/>\n<meta property=\"og:url\" content=\"http:\/\/skyline-gs.com\/pl\/produkt\/luxor-and-dendera-marsaalam\/\" \/>\n<meta property=\"og:site_name\" content=\"\u042d\u043a\u0441\u043a\u0443\u0440\u0441\u0438\u0438 Skyline\" \/>\n<meta property=\"article:modified_time\" content=\"2025-10-29T17:55:23+00:00\" \/>\n<meta property=\"og:image\" content=\"https:\/\/skyline-gs.com\/wp-content\/uploads\/2022\/11\/Abidos-hram-Dendera-15-of-18.jpg\" \/>\n\t<meta property=\"og:image:width\" content=\"900\" \/>\n\t<meta property=\"og:image:height\" content=\"600\" \/>\n\t<meta property=\"og:image:type\" content=\"image\/jpeg\" \/>\n<meta name=\"twitter:card\" content=\"summary_large_image\" \/>\n<meta name=\"twitter:label1\" content=\"Szacowany czas czytania\" \/>\n\t<meta name=\"twitter:data1\" content=\"3 minuty\" \/>\n<script type=\"application\/ld+json\" class=\"yoast-schema-graph\">{\"@context\":\"https:\\\/\\\/schema.org\",\"@graph\":[{\"@type\":\"WebPage\",\"@id\":\"http:\\\/\\\/skyline-gs.com\\\/de\\\/produkt\\\/luxor-and-dendera-marsaalam\\\/\",\"url\":\"http:\\\/\\\/skyline-gs.com\\\/de\\\/produkt\\\/luxor-and-dendera-marsaalam\\\/\",\"name\":\"\u041b\u0443\u043a\u0441\u043e\u0440 \u0438 \u0414\u0435\u043d\u0434\u0435\u0440\u0430 &#8226; \u042d\u043a\u0441\u043a\u0443\u0440\u0441\u0438\u0438 Skyline\",\"isPartOf\":{\"@id\":\"https:\\\/\\\/skyline-gs.com\\\/it\\\/#website\"},\"primaryImageOfPage\":{\"@id\":\"http:\\\/\\\/skyline-gs.com\\\/de\\\/produkt\\\/luxor-and-dendera-marsaalam\\\/#primaryimage\"},\"image\":{\"@id\":\"http:\\\/\\\/skyline-gs.com\\\/de\\\/produkt\\\/luxor-and-dendera-marsaalam\\\/#primaryimage\"},\"thumbnailUrl\":\"https:\\\/\\\/skyline-gs.com\\\/wp-content\\\/uploads\\\/2022\\\/11\\\/Abidos-hram-Dendera-15-of-18.jpg\",\"datePublished\":\"2022-11-12T20:49:13+00:00\",\"dateModified\":\"2025-10-29T17:55:23+00:00\",\"breadcrumb\":{\"@id\":\"http:\\\/\\\/skyline-gs.com\\\/de\\\/produkt\\\/luxor-and-dendera-marsaalam\\\/#breadcrumb\"},\"inLanguage\":\"pl-PL\",\"potentialAction\":[{\"@type\":\"ReadAction\",\"target\":[\"http:\\\/\\\/skyline-gs.com\\\/de\\\/produkt\\\/luxor-and-dendera-marsaalam\\\/\"]}]},{\"@type\":\"ImageObject\",\"inLanguage\":\"pl-PL\",\"@id\":\"http:\\\/\\\/skyline-gs.com\\\/de\\\/produkt\\\/luxor-and-dendera-marsaalam\\\/#primaryimage\",\"url\":\"https:\\\/\\\/skyline-gs.com\\\/wp-content\\\/uploads\\\/2022\\\/11\\\/Abidos-hram-Dendera-15-of-18.jpg\",\"contentUrl\":\"https:\\\/\\\/skyline-gs.com\\\/wp-content\\\/uploads\\\/2022\\\/11\\\/Abidos-hram-Dendera-15-of-18.jpg\",\"width\":900,\"height\":600},{\"@type\":\"BreadcrumbList\",\"@id\":\"http:\\\/\\\/skyline-gs.com\\\/de\\\/produkt\\\/luxor-and-dendera-marsaalam\\\/#breadcrumb\",\"itemListElement\":[{\"@type\":\"ListItem\",\"position\":1,\"name\":\"\u0413\u043b\u0430\u0432\u043d\u0430\u044f \u0441\u0442\u0440\u0430\u043d\u0438\u0446\u0430\",\"item\":\"https:\\\/\\\/skyline-gs.com\\\/hu\\\/\"},{\"@type\":\"ListItem\",\"position\":2,\"name\":\"\u041c\u0430\u0433\u0430\u0437\u0438\u043d\",\"item\":\"https:\\\/\\\/skyline-gs.com\\\/cs\\\/shop\\\/\"},{\"@type\":\"ListItem\",\"position\":3,\"name\":\"\u041b\u0443\u043a\u0441\u043e\u0440 \u0438 \u0414\u0435\u043d\u0434\u0435\u0440\u0430\"}]},{\"@type\":\"WebSite\",\"@id\":\"https:\\\/\\\/skyline-gs.com\\\/it\\\/#website\",\"url\":\"https:\\\/\\\/skyline-gs.com\\\/it\\\/\",\"name\":\"\u042d\u043a\u0441\u043a\u0443\u0440\u0441\u0438\u0438 Skyline\",\"description\":\"\u042d\u043a\u0441\u043a\u043b\u044e\u0437\u0438\u0432\u043d\u044b\u0435 \u044d\u043a\u0441\u043a\u0443\u0440\u0441\u0438\u0438 \u043d\u0430 \u043b\u0443\u0447\u0448\u0438\u0445 \u043a\u0443\u0440\u043e\u0440\u0442\u0430\u0445 \u043c\u0438\u0440\u0430\",\"publisher\":{\"@id\":\"https:\\\/\\\/skyline-gs.com\\\/it\\\/#organization\"},\"alternateName\":\"Skyline\",\"potentialAction\":[{\"@type\":\"SearchAction\",\"target\":{\"@type\":\"EntryPoint\",\"urlTemplate\":\"https:\\\/\\\/skyline-gs.com\\\/it\\\/?s={search_term_string}\"},\"query-input\":{\"@type\":\"PropertyValueSpecification\",\"valueRequired\":true,\"valueName\":\"search_term_string\"}}],\"inLanguage\":\"pl-PL\"},{\"@type\":\"Organization\",\"@id\":\"https:\\\/\\\/skyline-gs.com\\\/it\\\/#organization\",\"name\":\"\u042d\u043a\u0441\u043a\u0443\u0440\u0441\u0438\u0438 Skyline\",\"alternateName\":\"\u042d\u043a\u0441\u043a\u0443\u0440\u0441\u0438\u0438 Skyline\",\"url\":\"https:\\\/\\\/skyline-gs.com\\\/it\\\/\",\"logo\":{\"@type\":\"ImageObject\",\"inLanguage\":\"pl-PL\",\"@id\":\"https:\\\/\\\/skyline-gs.com\\\/it\\\/#\\\/schema\\\/logo\\\/image\\\/\",\"url\":\"https:\\\/\\\/skyline-gs.com\\\/wp-content\\\/uploads\\\/2020\\\/12\\\/cropped-logo-2.png\",\"contentUrl\":\"https:\\\/\\\/skyline-gs.com\\\/wp-content\\\/uploads\\\/2020\\\/12\\\/cropped-logo-2.png\",\"width\":512,\"height\":512,\"caption\":\"\u042d\u043a\u0441\u043a\u0443\u0440\u0441\u0438\u0438 Skyline\"},\"image\":{\"@id\":\"https:\\\/\\\/skyline-gs.com\\\/it\\\/#\\\/schema\\\/logo\\\/image\\\/\"},\"sameAs\":[\"https:\\\/\\\/www.instagram.com\\\/skylineglobalservice\\\/\"]}]}<\/script>\n<!-- \/ Yoast SEO plugin. -->","yoast_head_json":{"title":"\u041b\u0443\u043a\u0441\u043e\u0440 \u0438 \u0414\u0435\u043d\u0434\u0435\u0440\u0430 &#8226; \u042d\u043a\u0441\u043a\u0443\u0440\u0441\u0438\u0438 Skyline","robots":{"index":"index","follow":"follow","max-snippet":"max-snippet:-1","max-image-preview":"max-image-preview:large","max-video-preview":"max-video-preview:-1"},"canonical":"http:\/\/skyline-gs.com\/pl\/produkt\/luxor-and-dendera-marsaalam\/","og_locale":"pl_PL","og_type":"article","og_title":"\u041b\u0443\u043a\u0441\u043e\u0440 \u0438 \u0414\u0435\u043d\u0434\u0435\u0440\u0430 &#8226; \u042d\u043a\u0441\u043a\u0443\u0440\u0441\u0438\u0438 Skyline","og_description":"\u0412\u0440\u0435\u043c\u044f \u0442\u0443\u0440\u0430: 4:30 - 22:00  \u0414\u043d\u0438 \u043f\u0440\u043e\u0432\u0435\u0434\u0435\u043d\u0438\u044f: \u0441\u0440\u0435\u0434\u0430 \u0438 \u0432\u043e\u0441\u043a\u0440\u0435\u0441\u0435\u043d\u044c\u0435","og_url":"http:\/\/skyline-gs.com\/pl\/produkt\/luxor-and-dendera-marsaalam\/","og_site_name":"\u042d\u043a\u0441\u043a\u0443\u0440\u0441\u0438\u0438 Skyline","article_modified_time":"2025-10-29T17:55:23+00:00","og_image":[{"width":900,"height":600,"url":"https:\/\/skyline-gs.com\/wp-content\/uploads\/2022\/11\/Abidos-hram-Dendera-15-of-18.jpg","type":"image\/jpeg"}],"twitter_card":"summary_large_image","twitter_misc":{"Szacowany czas czytania":"3 minuty"},"schema":{"@context":"https:\/\/schema.org","@graph":[{"@type":"WebPage","@id":"http:\/\/skyline-gs.com\/de\/produkt\/luxor-and-dendera-marsaalam\/","url":"http:\/\/skyline-gs.com\/de\/produkt\/luxor-and-dendera-marsaalam\/","name":"\u041b\u0443\u043a\u0441\u043e\u0440 \u0438 \u0414\u0435\u043d\u0434\u0435\u0440\u0430 &#8226; \u042d\u043a\u0441\u043a\u0443\u0440\u0441\u0438\u0438 Skyline","isPartOf":{"@id":"https:\/\/skyline-gs.com\/it\/#website"},"primaryImageOfPage":{"@id":"http:\/\/skyline-gs.com\/de\/produkt\/luxor-and-dendera-marsaalam\/#primaryimage"},"image":{"@id":"http:\/\/skyline-gs.com\/de\/produkt\/luxor-and-dendera-marsaalam\/#primaryimage"},"thumbnailUrl":"https:\/\/skyline-gs.com\/wp-content\/uploads\/2022\/11\/Abidos-hram-Dendera-15-of-18.jpg","datePublished":"2022-11-12T20:49:13+00:00","dateModified":"2025-10-29T17:55:23+00:00","breadcrumb":{"@id":"http:\/\/skyline-gs.com\/de\/produkt\/luxor-and-dendera-marsaalam\/#breadcrumb"},"inLanguage":"pl-PL","potentialAction":[{"@type":"ReadAction","target":["http:\/\/skyline-gs.com\/de\/produkt\/luxor-and-dendera-marsaalam\/"]}]},{"@type":"ImageObject","inLanguage":"pl-PL","@id":"http:\/\/skyline-gs.com\/de\/produkt\/luxor-and-dendera-marsaalam\/#primaryimage","url":"https:\/\/skyline-gs.com\/wp-content\/uploads\/2022\/11\/Abidos-hram-Dendera-15-of-18.jpg","contentUrl":"https:\/\/skyline-gs.com\/wp-content\/uploads\/2022\/11\/Abidos-hram-Dendera-15-of-18.jpg","width":900,"height":600},{"@type":"BreadcrumbList","@id":"http:\/\/skyline-gs.com\/de\/produkt\/luxor-and-dendera-marsaalam\/#breadcrumb","itemListElement":[{"@type":"ListItem","position":1,"name":"\u0413\u043b\u0430\u0432\u043d\u0430\u044f \u0441\u0442\u0440\u0430\u043d\u0438\u0446\u0430","item":"https:\/\/skyline-gs.com\/hu\/"},{"@type":"ListItem","position":2,"name":"\u041c\u0430\u0433\u0430\u0437\u0438\u043d","item":"https:\/\/skyline-gs.com\/cs\/shop\/"},{"@type":"ListItem","position":3,"name":"\u041b\u0443\u043a\u0441\u043e\u0440 \u0438 \u0414\u0435\u043d\u0434\u0435\u0440\u0430"}]},{"@type":"WebSite","@id":"https:\/\/skyline-gs.com\/it\/#website","url":"https:\/\/skyline-gs.com\/it\/","name":"Wycieczki Skyline","description":"Ekskluzywne wycieczki do najlepszych kurort\u00f3w na \u015bwiecie","publisher":{"@id":"https:\/\/skyline-gs.com\/it\/#organization"},"alternateName":"Skyline","potentialAction":[{"@type":"SearchAction","target":{"@type":"EntryPoint","urlTemplate":"https:\/\/skyline-gs.com\/it\/?s={search_term_string}"},"query-input":{"@type":"PropertyValueSpecification","valueRequired":true,"valueName":"search_term_string"}}],"inLanguage":"pl-PL"},{"@type":"Organization","@id":"https:\/\/skyline-gs.com\/it\/#organization","name":"Wycieczki Skyline","alternateName":"\u042d\u043a\u0441\u043a\u0443\u0440\u0441\u0438\u0438 Skyline","url":"https:\/\/skyline-gs.com\/it\/","logo":{"@type":"ImageObject","inLanguage":"pl-PL","@id":"https:\/\/skyline-gs.com\/it\/#\/schema\/logo\/image\/","url":"https:\/\/skyline-gs.com\/wp-content\/uploads\/2020\/12\/cropped-logo-2.png","contentUrl":"https:\/\/skyline-gs.com\/wp-content\/uploads\/2020\/12\/cropped-logo-2.png","width":512,"height":512,"caption":"\u042d\u043a\u0441\u043a\u0443\u0440\u0441\u0438\u0438 Skyline"},"image":{"@id":"https:\/\/skyline-gs.com\/it\/#\/schema\/logo\/image\/"},"sameAs":["https:\/\/www.instagram.com\/skylineglobalservice\/"]}]}},"_links":{"self":[{"href":"https:\/\/skyline-gs.com\/pl\/wp-json\/wp\/v2\/product\/40821","targetHints":{"allow":["GET"]}}],"collection":[{"href":"https:\/\/skyline-gs.com\/pl\/wp-json\/wp\/v2\/product"}],"about":[{"href":"https:\/\/skyline-gs.com\/pl\/wp-json\/wp\/v2\/types\/product"}],"version-history":[{"count":0,"href":"https:\/\/skyline-gs.com\/pl\/wp-json\/wp\/v2\/product\/40821\/revisions"}],"wp:featuredmedia":[{"embeddable":true,"href":"https:\/\/skyline-gs.com\/pl\/wp-json\/wp\/v2\/media\/40824"}],"wp:attachment":[{"href":"https:\/\/skyline-gs.com\/pl\/wp-json\/wp\/v2\/media?parent=40821"}],"wp:term":[{"taxonomy":"product_brand","embeddable":true,"href":"https:\/\/skyline-gs.com\/pl\/wp-json\/wp\/v2\/product_brand?post=40821"},{"taxonomy":"product_cat","embeddable":true,"href":"https:\/\/skyline-gs.com\/pl\/wp-json\/wp\/v2\/product_cat?post=40821"},{"taxonomy":"product_tag","embeddable":true,"href":"https:\/\/skyline-gs.com\/pl\/wp-json\/wp\/v2\/product_tag?post=40821"}],"curies":[{"name":"wp","href":"https:\/\/api.w.org\/{rel}","templated":true}]}}