{"id":39911,"date":"2022-10-16T23:01:09","date_gmt":"2022-10-16T21:01:09","guid":{"rendered":"http:\/\/skyline-gs.com\/?post_type=product&#038;p=39911"},"modified":"2025-04-30T19:06:53","modified_gmt":"2025-04-30T17:06:53","slug":"super-safari-dubai","status":"publish","type":"product","link":"https:\/\/skyline-gs.com\/pl\/product\/super-safari-dubai\/","title":{"rendered":"Super safari (buggy, quady i kolacja)"},"content":{"rendered":"<p>Pustynia Rub el-Khali jest najbardziej majestatyczn\u0105 i najpi\u0119kniejsz\u0105 pustyni\u0105 piaszczyst\u0105 na \u015bwiecie. Jest to jedna z najgor\u0119tszych i najsuchszych pusty\u0144 na \u015bwiecie, z temperaturami regularnie si\u0119gaj\u0105cymi 50C w miesi\u0105cach letnich. Wydmy Rub el Khali s\u0105 najwy\u017csze na \u015bwiecie, osi\u0105gaj\u0105c 250 metr\u00f3w wysoko\u015bci. W po\u0142owie ubieg\u0142ego wieku karawany wielb\u0142\u0105d\u00f3w przemierza\u0142y pustyni\u0119 arabsk\u0105. Dzi\u015b jednak, dzi\u0119ki post\u0119powi nowoczesno\u015bci dost\u0119pnemu obecnie w tym zak\u0105tku planety, mo\u017cemy dotkn\u0105\u0107 niesamowitej si\u0142y natury przy minimalnym ryzyku dla siebie. Wycieczka w g\u0142\u0105b pustyni daje mo\u017cliwo\u015b\u0107 poczucia i delektowania si\u0119 smakiem Arabii. Lekka, ciep\u0142a bryza we w\u0142osach i mi\u0119kki, jedwabisty piasek pod stopami to prawdziwa rozkosz.<\/p>\n<p>14:00 wyjazd z hotelu. Przejazd na pustyni\u0119 (oko\u0142o 1 godziny). 15:00 odprawa. Pocz\u0105tek wyprawy nowoczesnymi buggy i quadami po piaskach. Gwarantujemy mn\u00f3stwo ekstremalnych wra\u017ce\u0144. Ta popularna wycieczka jest idealna jako aktywny wypoczynek, rodzinny wypoczynek lub sportowa rozrywka. Po ekscytuj\u0105cej podr\u00f3\u017cy proponujemy relaks i odpoczynek w stylizowanej wiosce bedui\u0144skiej, gdzie zostaniesz pocz\u0119stowany pyszn\u0105 kaw\u0105. W wiosce mo\u017cna przymierzy\u0107 narodowe stroje arabskie i bezp\u0142atnie zapali\u0107 szisz\u0119. Sklepy z pami\u0105tkami oferuj\u0105 pami\u0105tki i tatua\u017ce z henny (w cenie). Przeja\u017cd\u017cka na wielb\u0142\u0105dzie. Kolacja (grill, ryba, sa\u0142atki, przystawki, owoce i s\u0142odycze, herbata i kawa) i program pokazowy, w kt\u00f3rym zobaczysz porywaj\u0105cy taniec brzucha i m\u0119ski taniec Tanura. 19:00 Zako\u0144czenie wycieczki. Transfer powrotny. Oko\u0142o 20:00 powr\u00f3t do hotelu.<\/p>\n<p><strong>W zestawie:<\/strong><\/p>\n<ul>\n<li>Transfery z i do hotelu<\/li>\n<li>Jazda na quadach i buggy<\/li>\n<li>Wizyta w wiosce bedui\u0144skiej<\/li>\n<li>Szisza<\/li>\n<li>Kawa<\/li>\n<li>Jazda na wielb\u0142\u0105dzie<\/li>\n<li>Tatuowanie henn\u0105<\/li>\n<li>Kolacja z napojami bezalkoholowymi<\/li>\n<li>Program pokazu: \" Taniec brzucha i Tanura \"<\/li>\n<\/ul>\n<p><strong>Zabierz go ze sob\u0105:<\/strong><\/p>\n<ul>\n<li>Kamera<\/li>\n<li>Ciep\u0142e ubrania w okresie jesienno-zimowym<\/li>\n<li>Pieni\u0105dze na wydatki osobiste<\/li>\n<\/ul>\n<p><strong>Warunki rezerwacji:<\/strong><\/p>\n<ul>\n<li><strong>Prepaid 50%<\/strong>. Mo\u017cemy zaakceptowa\u0107 p\u0142atno\u015b\u0107 przelewem <strong>w dolarach, euro, rublach, hrywnach. Jak r\u00f3wnie\u017c w USDT do portfela kryptowalutowego<\/strong>.<\/li>\n<li>Bezp\u0142atne anulacje i zwroty z 24-godzinnym wyprzedzeniem.<\/li>\n<\/ul>","protected":false},"excerpt":{"rendered":"<p><strong>Czas trwania:<\/strong> 14:00 &#8212; 20:00<\/p>\n<p><strong>Holding Days:<\/strong> codzienny<\/p>","protected":false},"featured_media":39899,"template":"","meta":{"_kad_post_transparent":"default","_kad_post_title":"","_kad_post_layout":"default","_kad_post_sidebar_id":"","_kad_post_content_style":"default","_kad_post_vertical_padding":"default","_kad_post_feature":"","_kad_post_feature_position":"","_kad_post_header":false,"_kad_post_footer":false,"_kad_post_classname":"","_glsr_average":0,"_glsr_ranking":0,"_glsr_reviews":0},"product_brand":[],"product_cat":[438],"product_tag":[],"class_list":{"0":"post-39911","1":"product","2":"type-product","3":"status-publish","4":"has-post-thumbnail","6":"product_cat-dubai","7":"tm-has-options","9":"first","10":"instock","11":"sale","12":"sold-individually","13":"taxable","14":"shipping-taxable","15":"purchasable","16":"product-type-simple","17":"entry","18":"content-bg","19":"loop-entry"},"yoast_head":"<!-- This site is optimized with the Yoast SEO plugin v27.3 - https:\/\/yoast.com\/product\/yoast-seo-wordpress\/ -->\n<title>\u0421\u0443\u043f\u0435\u0440\u0441\u0430\u0444\u0430\u0440\u0438 (\u0431\u0430\u0433\u0433\u0438, \u043a\u0432\u0430\u0434\u0440\u043e\u0446\u0438\u043a\u043b\u044b \u0438 \u0443\u0436\u0438\u043d) &#8226; \u042d\u043a\u0441\u043a\u0443\u0440\u0441\u0438\u0438 Skyline<\/title>\n<meta name=\"robots\" content=\"index, follow, max-snippet:-1, max-image-preview:large, max-video-preview:-1\" \/>\n<link rel=\"canonical\" href=\"https:\/\/skyline-gs.com\/pl\/produkt\/super-safari-dubai\/\" \/>\n<meta property=\"og:locale\" content=\"pl_PL\" \/>\n<meta property=\"og:type\" content=\"article\" \/>\n<meta property=\"og:title\" content=\"\u0421\u0443\u043f\u0435\u0440\u0441\u0430\u0444\u0430\u0440\u0438 (\u0431\u0430\u0433\u0433\u0438, \u043a\u0432\u0430\u0434\u0440\u043e\u0446\u0438\u043a\u043b\u044b \u0438 \u0443\u0436\u0438\u043d) &#8226; \u042d\u043a\u0441\u043a\u0443\u0440\u0441\u0438\u0438 Skyline\" \/>\n<meta property=\"og:description\" content=\"\u0414\u043b\u0438\u0442\u0435\u043b\u044c\u043d\u043e\u0441\u0442\u044c: 14:00 - 20:00  \u0414\u043d\u0438 \u043f\u0440\u043e\u0432\u0435\u0434\u0435\u043d\u0438\u044f: \u0435\u0436\u0435\u0434\u043d\u0435\u0432\u043d\u043e\" \/>\n<meta property=\"og:url\" content=\"https:\/\/skyline-gs.com\/pl\/produkt\/super-safari-dubai\/\" \/>\n<meta property=\"og:site_name\" content=\"\u042d\u043a\u0441\u043a\u0443\u0440\u0441\u0438\u0438 Skyline\" \/>\n<meta property=\"article:modified_time\" content=\"2025-04-30T17:06:53+00:00\" \/>\n<meta property=\"og:image\" content=\"https:\/\/skyline-gs.com\/wp-content\/uploads\/2022\/10\/6.png\" \/>\n\t<meta property=\"og:image:width\" content=\"669\" \/>\n\t<meta property=\"og:image:height\" content=\"446\" \/>\n\t<meta property=\"og:image:type\" content=\"image\/png\" \/>\n<meta name=\"twitter:card\" content=\"summary_large_image\" \/>\n<meta name=\"twitter:label1\" content=\"Szacowany czas czytania\" \/>\n\t<meta name=\"twitter:data1\" content=\"2 minuty\" \/>\n<script type=\"application\/ld+json\" class=\"yoast-schema-graph\">{\"@context\":\"https:\\\/\\\/schema.org\",\"@graph\":[{\"@type\":\"WebPage\",\"@id\":\"https:\\\/\\\/skyline-gs.com\\\/product\\\/super-safari-dubai\\\/\",\"url\":\"https:\\\/\\\/skyline-gs.com\\\/product\\\/super-safari-dubai\\\/\",\"name\":\"\u0421\u0443\u043f\u0435\u0440\u0441\u0430\u0444\u0430\u0440\u0438 (\u0431\u0430\u0433\u0433\u0438, \u043a\u0432\u0430\u0434\u0440\u043e\u0446\u0438\u043a\u043b\u044b \u0438 \u0443\u0436\u0438\u043d) &#8226; \u042d\u043a\u0441\u043a\u0443\u0440\u0441\u0438\u0438 Skyline\",\"isPartOf\":{\"@id\":\"https:\\\/\\\/skyline-gs.com\\\/it\\\/#website\"},\"primaryImageOfPage\":{\"@id\":\"https:\\\/\\\/skyline-gs.com\\\/product\\\/super-safari-dubai\\\/#primaryimage\"},\"image\":{\"@id\":\"https:\\\/\\\/skyline-gs.com\\\/product\\\/super-safari-dubai\\\/#primaryimage\"},\"thumbnailUrl\":\"https:\\\/\\\/skyline-gs.com\\\/wp-content\\\/uploads\\\/2022\\\/10\\\/6.png\",\"datePublished\":\"2022-10-16T21:01:09+00:00\",\"dateModified\":\"2025-04-30T17:06:53+00:00\",\"breadcrumb\":{\"@id\":\"https:\\\/\\\/skyline-gs.com\\\/product\\\/super-safari-dubai\\\/#breadcrumb\"},\"inLanguage\":\"pl-PL\",\"potentialAction\":[{\"@type\":\"ReadAction\",\"target\":[\"https:\\\/\\\/skyline-gs.com\\\/product\\\/super-safari-dubai\\\/\"]}]},{\"@type\":\"ImageObject\",\"inLanguage\":\"pl-PL\",\"@id\":\"https:\\\/\\\/skyline-gs.com\\\/product\\\/super-safari-dubai\\\/#primaryimage\",\"url\":\"https:\\\/\\\/skyline-gs.com\\\/wp-content\\\/uploads\\\/2022\\\/10\\\/6.png\",\"contentUrl\":\"https:\\\/\\\/skyline-gs.com\\\/wp-content\\\/uploads\\\/2022\\\/10\\\/6.png\",\"width\":669,\"height\":446},{\"@type\":\"BreadcrumbList\",\"@id\":\"https:\\\/\\\/skyline-gs.com\\\/product\\\/super-safari-dubai\\\/#breadcrumb\",\"itemListElement\":[{\"@type\":\"ListItem\",\"position\":1,\"name\":\"\u0413\u043b\u0430\u0432\u043d\u0430\u044f \u0441\u0442\u0440\u0430\u043d\u0438\u0446\u0430\",\"item\":\"https:\\\/\\\/skyline-gs.com\\\/hu\\\/\"},{\"@type\":\"ListItem\",\"position\":2,\"name\":\"\u041c\u0430\u0433\u0430\u0437\u0438\u043d\",\"item\":\"https:\\\/\\\/skyline-gs.com\\\/cs\\\/shop\\\/\"},{\"@type\":\"ListItem\",\"position\":3,\"name\":\"\u0421\u0443\u043f\u0435\u0440\u0441\u0430\u0444\u0430\u0440\u0438 (\u0431\u0430\u0433\u0433\u0438, \u043a\u0432\u0430\u0434\u0440\u043e\u0446\u0438\u043a\u043b\u044b \u0438 \u0443\u0436\u0438\u043d)\"}]},{\"@type\":\"WebSite\",\"@id\":\"https:\\\/\\\/skyline-gs.com\\\/it\\\/#website\",\"url\":\"https:\\\/\\\/skyline-gs.com\\\/it\\\/\",\"name\":\"\u042d\u043a\u0441\u043a\u0443\u0440\u0441\u0438\u0438 Skyline\",\"description\":\"\u042d\u043a\u0441\u043a\u043b\u044e\u0437\u0438\u0432\u043d\u044b\u0435 \u044d\u043a\u0441\u043a\u0443\u0440\u0441\u0438\u0438 \u043d\u0430 \u043b\u0443\u0447\u0448\u0438\u0445 \u043a\u0443\u0440\u043e\u0440\u0442\u0430\u0445 \u043c\u0438\u0440\u0430\",\"publisher\":{\"@id\":\"https:\\\/\\\/skyline-gs.com\\\/it\\\/#organization\"},\"alternateName\":\"Skyline\",\"potentialAction\":[{\"@type\":\"SearchAction\",\"target\":{\"@type\":\"EntryPoint\",\"urlTemplate\":\"https:\\\/\\\/skyline-gs.com\\\/it\\\/?s={search_term_string}\"},\"query-input\":{\"@type\":\"PropertyValueSpecification\",\"valueRequired\":true,\"valueName\":\"search_term_string\"}}],\"inLanguage\":\"pl-PL\"},{\"@type\":\"Organization\",\"@id\":\"https:\\\/\\\/skyline-gs.com\\\/it\\\/#organization\",\"name\":\"\u042d\u043a\u0441\u043a\u0443\u0440\u0441\u0438\u0438 Skyline\",\"alternateName\":\"\u042d\u043a\u0441\u043a\u0443\u0440\u0441\u0438\u0438 Skyline\",\"url\":\"https:\\\/\\\/skyline-gs.com\\\/it\\\/\",\"logo\":{\"@type\":\"ImageObject\",\"inLanguage\":\"pl-PL\",\"@id\":\"https:\\\/\\\/skyline-gs.com\\\/it\\\/#\\\/schema\\\/logo\\\/image\\\/\",\"url\":\"https:\\\/\\\/skyline-gs.com\\\/wp-content\\\/uploads\\\/2020\\\/12\\\/cropped-logo-2.png\",\"contentUrl\":\"https:\\\/\\\/skyline-gs.com\\\/wp-content\\\/uploads\\\/2020\\\/12\\\/cropped-logo-2.png\",\"width\":512,\"height\":512,\"caption\":\"\u042d\u043a\u0441\u043a\u0443\u0440\u0441\u0438\u0438 Skyline\"},\"image\":{\"@id\":\"https:\\\/\\\/skyline-gs.com\\\/it\\\/#\\\/schema\\\/logo\\\/image\\\/\"},\"sameAs\":[\"https:\\\/\\\/www.instagram.com\\\/skylineglobalservice\\\/\"]}]}<\/script>\n<!-- \/ Yoast SEO plugin. -->","yoast_head_json":{"title":"\u0421\u0443\u043f\u0435\u0440\u0441\u0430\u0444\u0430\u0440\u0438 (\u0431\u0430\u0433\u0433\u0438, \u043a\u0432\u0430\u0434\u0440\u043e\u0446\u0438\u043a\u043b\u044b \u0438 \u0443\u0436\u0438\u043d) &#8226; \u042d\u043a\u0441\u043a\u0443\u0440\u0441\u0438\u0438 Skyline","robots":{"index":"index","follow":"follow","max-snippet":"max-snippet:-1","max-image-preview":"max-image-preview:large","max-video-preview":"max-video-preview:-1"},"canonical":"https:\/\/skyline-gs.com\/pl\/produkt\/super-safari-dubai\/","og_locale":"pl_PL","og_type":"article","og_title":"\u0421\u0443\u043f\u0435\u0440\u0441\u0430\u0444\u0430\u0440\u0438 (\u0431\u0430\u0433\u0433\u0438, \u043a\u0432\u0430\u0434\u0440\u043e\u0446\u0438\u043a\u043b\u044b \u0438 \u0443\u0436\u0438\u043d) &#8226; \u042d\u043a\u0441\u043a\u0443\u0440\u0441\u0438\u0438 Skyline","og_description":"\u0414\u043b\u0438\u0442\u0435\u043b\u044c\u043d\u043e\u0441\u0442\u044c: 14:00 - 20:00  \u0414\u043d\u0438 \u043f\u0440\u043e\u0432\u0435\u0434\u0435\u043d\u0438\u044f: \u0435\u0436\u0435\u0434\u043d\u0435\u0432\u043d\u043e","og_url":"https:\/\/skyline-gs.com\/pl\/produkt\/super-safari-dubai\/","og_site_name":"\u042d\u043a\u0441\u043a\u0443\u0440\u0441\u0438\u0438 Skyline","article_modified_time":"2025-04-30T17:06:53+00:00","og_image":[{"width":669,"height":446,"url":"https:\/\/skyline-gs.com\/wp-content\/uploads\/2022\/10\/6.png","type":"image\/png"}],"twitter_card":"summary_large_image","twitter_misc":{"Szacowany czas czytania":"2 minuty"},"schema":{"@context":"https:\/\/schema.org","@graph":[{"@type":"WebPage","@id":"https:\/\/skyline-gs.com\/product\/super-safari-dubai\/","url":"https:\/\/skyline-gs.com\/product\/super-safari-dubai\/","name":"\u0421\u0443\u043f\u0435\u0440\u0441\u0430\u0444\u0430\u0440\u0438 (\u0431\u0430\u0433\u0433\u0438, \u043a\u0432\u0430\u0434\u0440\u043e\u0446\u0438\u043a\u043b\u044b \u0438 \u0443\u0436\u0438\u043d) &#8226; \u042d\u043a\u0441\u043a\u0443\u0440\u0441\u0438\u0438 Skyline","isPartOf":{"@id":"https:\/\/skyline-gs.com\/it\/#website"},"primaryImageOfPage":{"@id":"https:\/\/skyline-gs.com\/product\/super-safari-dubai\/#primaryimage"},"image":{"@id":"https:\/\/skyline-gs.com\/product\/super-safari-dubai\/#primaryimage"},"thumbnailUrl":"https:\/\/skyline-gs.com\/wp-content\/uploads\/2022\/10\/6.png","datePublished":"2022-10-16T21:01:09+00:00","dateModified":"2025-04-30T17:06:53+00:00","breadcrumb":{"@id":"https:\/\/skyline-gs.com\/product\/super-safari-dubai\/#breadcrumb"},"inLanguage":"pl-PL","potentialAction":[{"@type":"ReadAction","target":["https:\/\/skyline-gs.com\/product\/super-safari-dubai\/"]}]},{"@type":"ImageObject","inLanguage":"pl-PL","@id":"https:\/\/skyline-gs.com\/product\/super-safari-dubai\/#primaryimage","url":"https:\/\/skyline-gs.com\/wp-content\/uploads\/2022\/10\/6.png","contentUrl":"https:\/\/skyline-gs.com\/wp-content\/uploads\/2022\/10\/6.png","width":669,"height":446},{"@type":"BreadcrumbList","@id":"https:\/\/skyline-gs.com\/product\/super-safari-dubai\/#breadcrumb","itemListElement":[{"@type":"ListItem","position":1,"name":"\u0413\u043b\u0430\u0432\u043d\u0430\u044f \u0441\u0442\u0440\u0430\u043d\u0438\u0446\u0430","item":"https:\/\/skyline-gs.com\/hu\/"},{"@type":"ListItem","position":2,"name":"\u041c\u0430\u0433\u0430\u0437\u0438\u043d","item":"https:\/\/skyline-gs.com\/cs\/shop\/"},{"@type":"ListItem","position":3,"name":"\u0421\u0443\u043f\u0435\u0440\u0441\u0430\u0444\u0430\u0440\u0438 (\u0431\u0430\u0433\u0433\u0438, \u043a\u0432\u0430\u0434\u0440\u043e\u0446\u0438\u043a\u043b\u044b \u0438 \u0443\u0436\u0438\u043d)"}]},{"@type":"WebSite","@id":"https:\/\/skyline-gs.com\/it\/#website","url":"https:\/\/skyline-gs.com\/it\/","name":"Wycieczki Skyline","description":"Ekskluzywne wycieczki do najlepszych kurort\u00f3w na \u015bwiecie","publisher":{"@id":"https:\/\/skyline-gs.com\/it\/#organization"},"alternateName":"Skyline","potentialAction":[{"@type":"SearchAction","target":{"@type":"EntryPoint","urlTemplate":"https:\/\/skyline-gs.com\/it\/?s={search_term_string}"},"query-input":{"@type":"PropertyValueSpecification","valueRequired":true,"valueName":"search_term_string"}}],"inLanguage":"pl-PL"},{"@type":"Organization","@id":"https:\/\/skyline-gs.com\/it\/#organization","name":"Wycieczki Skyline","alternateName":"\u042d\u043a\u0441\u043a\u0443\u0440\u0441\u0438\u0438 Skyline","url":"https:\/\/skyline-gs.com\/it\/","logo":{"@type":"ImageObject","inLanguage":"pl-PL","@id":"https:\/\/skyline-gs.com\/it\/#\/schema\/logo\/image\/","url":"https:\/\/skyline-gs.com\/wp-content\/uploads\/2020\/12\/cropped-logo-2.png","contentUrl":"https:\/\/skyline-gs.com\/wp-content\/uploads\/2020\/12\/cropped-logo-2.png","width":512,"height":512,"caption":"\u042d\u043a\u0441\u043a\u0443\u0440\u0441\u0438\u0438 Skyline"},"image":{"@id":"https:\/\/skyline-gs.com\/it\/#\/schema\/logo\/image\/"},"sameAs":["https:\/\/www.instagram.com\/skylineglobalservice\/"]}]}},"_links":{"self":[{"href":"https:\/\/skyline-gs.com\/pl\/wp-json\/wp\/v2\/product\/39911","targetHints":{"allow":["GET"]}}],"collection":[{"href":"https:\/\/skyline-gs.com\/pl\/wp-json\/wp\/v2\/product"}],"about":[{"href":"https:\/\/skyline-gs.com\/pl\/wp-json\/wp\/v2\/types\/product"}],"version-history":[{"count":0,"href":"https:\/\/skyline-gs.com\/pl\/wp-json\/wp\/v2\/product\/39911\/revisions"}],"wp:featuredmedia":[{"embeddable":true,"href":"https:\/\/skyline-gs.com\/pl\/wp-json\/wp\/v2\/media\/39899"}],"wp:attachment":[{"href":"https:\/\/skyline-gs.com\/pl\/wp-json\/wp\/v2\/media?parent=39911"}],"wp:term":[{"taxonomy":"product_brand","embeddable":true,"href":"https:\/\/skyline-gs.com\/pl\/wp-json\/wp\/v2\/product_brand?post=39911"},{"taxonomy":"product_cat","embeddable":true,"href":"https:\/\/skyline-gs.com\/pl\/wp-json\/wp\/v2\/product_cat?post=39911"},{"taxonomy":"product_tag","embeddable":true,"href":"https:\/\/skyline-gs.com\/pl\/wp-json\/wp\/v2\/product_tag?post=39911"}],"curies":[{"name":"wp","href":"https:\/\/api.w.org\/{rel}","templated":true}]}}