{"id":36189,"date":"2022-02-18T18:17:19","date_gmt":"2022-02-18T16:17:19","guid":{"rendered":"http:\/\/skyline-gs.com\/?post_type=product&#038;p=36189"},"modified":"2025-10-04T09:11:48","modified_gmt":"2025-10-04T07:11:48","slug":"city-of-the-future-putrajaya-kualalumpur","status":"publish","type":"product","link":"https:\/\/skyline-gs.com\/pl\/product\/city-of-the-future-putrajaya-kualalumpur\/","title":{"rendered":"Miasto przysz\u0142o\u015bci Putrajaya"},"content":{"rendered":"<p>8:00 Wykwaterowanie z hotelu w Kuala Lumpur. Podr\u00f3\u017c zajmie oko\u0142o 40 minut. Nowe miasto rz\u0105dowe Putrajaya jest zapieraj\u0105ce dech w piersiach. Zosta\u0142o zbudowane, aby pokaza\u0107 Malezji przysz\u0142o\u015b\u0107. Mieszanka styl\u00f3w architektonicznych zaskoczy ka\u017cdego projektanta, poniewa\u017c przy budowie wykorzystano najbardziej niesamowite pomys\u0142y czo\u0142owych \u015bwiatowych architekt\u00f3w! Podczas wycieczki zobaczysz na w\u0142asne oczy, jak dok\u0142adnie funkcjonuje miasto przysz\u0142o\u015bci, jakie pomys\u0142y projektowe zosta\u0142y wykorzystane przy jego budowie. Na pewno b\u0119dziesz zaskoczony, jakie fantazyjne formy mog\u0105 przybiera\u0107 budynki, jak oryginalnie mo\u017cna o\u015bwietli\u0107 ulice. Zbudowane na specjalnie stworzonym sztucznym jeziorze zbiornikowym, r\u00f3\u017cne cz\u0119\u015bci miasta po\u0142\u0105czone s\u0105 najpi\u0119kniejszymi mostami w Malezji. Nasi przewodnicy zapewni\u0105 interesuj\u0105cy wgl\u0105d w dobrobyt finansowy kraju, system rz\u0105dowy i budynki znajduj\u0105ce si\u0119 w tym wiecznie zielonym XIX-wiecznym mie\u015bcie. 12:00 Powr\u00f3t do hotelu.<\/p>\n<p>Podczas wycieczki odwiedzisz:<\/p>\n<ul>\n<li>Mostek \u017cagl\u00f3wki<\/li>\n<li>Meczet Putra (r\u00f3\u017cowy meczet)<\/li>\n<li>Pa\u0142ac Sprawiedliwo\u015bci<\/li>\n<li>Plac w centrum miasta<\/li>\n<li>\u017belazny Meczet<\/li>\n<li>Kancelaria Premiera<\/li>\n<li>Platforma widokowa z mi\u0119dzynarodowego centrum konferencyjnego<\/li>\n<\/ul>\n<p><strong>W zestawie:<\/strong><\/p>\n<ul>\n<li>Transfery z i do hotelu<\/li>\n<li>Wszystkie transfery na trasie klimatyzowanym autokarem<\/li>\n<li>Rosyjskoj\u0119zyczny przewodnik<\/li>\n<li>Bilety wst\u0119pu<\/li>\n<li>Woda<\/li>\n<\/ul>\n<p><strong>Zabierz go ze sob\u0105:<\/strong><\/p>\n<ul>\n<li>Aparat fotograficzny<\/li>\n<li>Pieni\u0105dze na wydatki osobiste<\/li>\n<\/ul>","protected":false},"excerpt":{"rendered":"<p><strong>Czas wycieczki:<\/strong> 8:00 - 12:00<br \/>\n<strong>Holding Days:<\/strong> codzienny<\/p>","protected":false},"featured_media":58412,"template":"","meta":{"_kad_post_transparent":"default","_kad_post_title":"","_kad_post_layout":"default","_kad_post_sidebar_id":"","_kad_post_content_style":"default","_kad_post_vertical_padding":"default","_kad_post_feature":"","_kad_post_feature_position":"","_kad_post_header":false,"_kad_post_footer":false,"_kad_post_classname":"","_glsr_average":0,"_glsr_ranking":0,"_glsr_reviews":0},"product_brand":[],"product_cat":[439],"product_tag":[],"class_list":{"0":"post-36189","1":"product","2":"type-product","3":"status-publish","4":"has-post-thumbnail","6":"product_cat-kuala-lumpur","7":"tm-has-options","9":"first","10":"instock","11":"sold-individually","12":"taxable","13":"shipping-taxable","14":"purchasable","15":"product-type-simple","16":"entry","17":"content-bg","18":"loop-entry"},"yoast_head":"<!-- This site is optimized with the Yoast SEO plugin v27.3 - https:\/\/yoast.com\/product\/yoast-seo-wordpress\/ -->\n<title>\u0413\u043e\u0440\u043e\u0434 \u0431\u0443\u0434\u0443\u0449\u0435\u0433\u043e \u041f\u0443\u0442\u0440\u0430\u0434\u0436\u0430\u044f &#8226; \u042d\u043a\u0441\u043a\u0443\u0440\u0441\u0438\u0438 Skyline<\/title>\n<meta name=\"robots\" content=\"index, follow, max-snippet:-1, max-image-preview:large, max-video-preview:-1\" \/>\n<link rel=\"canonical\" href=\"https:\/\/skyline-gs.com\/pl\/produkt\/city-of-the-future-putrajaya-kualalumpur\/\" \/>\n<meta property=\"og:locale\" content=\"pl_PL\" \/>\n<meta property=\"og:type\" content=\"article\" \/>\n<meta property=\"og:title\" content=\"\u0413\u043e\u0440\u043e\u0434 \u0431\u0443\u0434\u0443\u0449\u0435\u0433\u043e \u041f\u0443\u0442\u0440\u0430\u0434\u0436\u0430\u044f &#8226; \u042d\u043a\u0441\u043a\u0443\u0440\u0441\u0438\u0438 Skyline\" \/>\n<meta property=\"og:description\" content=\"\u0412\u0440\u0435\u043c\u044f \u0442\u0443\u0440\u0430: 8:00 \u2013 12:00 \u0414\u043d\u0438 \u043f\u0440\u043e\u0432\u0435\u0434\u0435\u043d\u0438\u044f: \u0435\u0436\u0435\u0434\u043d\u0435\u0432\u043d\u043e\" \/>\n<meta property=\"og:url\" content=\"https:\/\/skyline-gs.com\/pl\/produkt\/city-of-the-future-putrajaya-kualalumpur\/\" \/>\n<meta property=\"og:site_name\" content=\"\u042d\u043a\u0441\u043a\u0443\u0440\u0441\u0438\u0438 Skyline\" \/>\n<meta property=\"article:modified_time\" content=\"2025-10-04T07:11:48+00:00\" \/>\n<meta property=\"og:image\" content=\"https:\/\/skyline-gs.com\/wp-content\/uploads\/2022\/02\/ca.jpg\" \/>\n\t<meta property=\"og:image:width\" content=\"668\" \/>\n\t<meta property=\"og:image:height\" content=\"446\" \/>\n\t<meta property=\"og:image:type\" content=\"image\/jpeg\" \/>\n<meta name=\"twitter:card\" content=\"summary_large_image\" \/>\n<meta name=\"twitter:label1\" content=\"Szacowany czas czytania\" \/>\n\t<meta name=\"twitter:data1\" content=\"2 minuty\" \/>\n<script type=\"application\/ld+json\" class=\"yoast-schema-graph\">{\"@context\":\"https:\\\/\\\/schema.org\",\"@graph\":[{\"@type\":\"WebPage\",\"@id\":\"https:\\\/\\\/skyline-gs.com\\\/hu\\\/termek\\\/city-of-the-future-putrajaya-kualalumpur\\\/\",\"url\":\"https:\\\/\\\/skyline-gs.com\\\/hu\\\/termek\\\/city-of-the-future-putrajaya-kualalumpur\\\/\",\"name\":\"\u0413\u043e\u0440\u043e\u0434 \u0431\u0443\u0434\u0443\u0449\u0435\u0433\u043e \u041f\u0443\u0442\u0440\u0430\u0434\u0436\u0430\u044f &#8226; \u042d\u043a\u0441\u043a\u0443\u0440\u0441\u0438\u0438 Skyline\",\"isPartOf\":{\"@id\":\"https:\\\/\\\/skyline-gs.com\\\/it\\\/#website\"},\"primaryImageOfPage\":{\"@id\":\"https:\\\/\\\/skyline-gs.com\\\/hu\\\/termek\\\/city-of-the-future-putrajaya-kualalumpur\\\/#primaryimage\"},\"image\":{\"@id\":\"https:\\\/\\\/skyline-gs.com\\\/hu\\\/termek\\\/city-of-the-future-putrajaya-kualalumpur\\\/#primaryimage\"},\"thumbnailUrl\":\"https:\\\/\\\/skyline-gs.com\\\/wp-content\\\/uploads\\\/2022\\\/02\\\/ca.jpg\",\"datePublished\":\"2022-02-18T16:17:19+00:00\",\"dateModified\":\"2025-10-04T07:11:48+00:00\",\"breadcrumb\":{\"@id\":\"https:\\\/\\\/skyline-gs.com\\\/hu\\\/termek\\\/city-of-the-future-putrajaya-kualalumpur\\\/#breadcrumb\"},\"inLanguage\":\"pl-PL\",\"potentialAction\":[{\"@type\":\"ReadAction\",\"target\":[\"https:\\\/\\\/skyline-gs.com\\\/hu\\\/termek\\\/city-of-the-future-putrajaya-kualalumpur\\\/\"]}]},{\"@type\":\"ImageObject\",\"inLanguage\":\"pl-PL\",\"@id\":\"https:\\\/\\\/skyline-gs.com\\\/hu\\\/termek\\\/city-of-the-future-putrajaya-kualalumpur\\\/#primaryimage\",\"url\":\"https:\\\/\\\/skyline-gs.com\\\/wp-content\\\/uploads\\\/2022\\\/02\\\/ca.jpg\",\"contentUrl\":\"https:\\\/\\\/skyline-gs.com\\\/wp-content\\\/uploads\\\/2022\\\/02\\\/ca.jpg\",\"width\":668,\"height\":446},{\"@type\":\"BreadcrumbList\",\"@id\":\"https:\\\/\\\/skyline-gs.com\\\/hu\\\/termek\\\/city-of-the-future-putrajaya-kualalumpur\\\/#breadcrumb\",\"itemListElement\":[{\"@type\":\"ListItem\",\"position\":1,\"name\":\"\u0413\u043b\u0430\u0432\u043d\u0430\u044f \u0441\u0442\u0440\u0430\u043d\u0438\u0446\u0430\",\"item\":\"https:\\\/\\\/skyline-gs.com\\\/hu\\\/\"},{\"@type\":\"ListItem\",\"position\":2,\"name\":\"\u041c\u0430\u0433\u0430\u0437\u0438\u043d\",\"item\":\"https:\\\/\\\/skyline-gs.com\\\/cs\\\/shop\\\/\"},{\"@type\":\"ListItem\",\"position\":3,\"name\":\"\u0413\u043e\u0440\u043e\u0434 \u0431\u0443\u0434\u0443\u0449\u0435\u0433\u043e \u041f\u0443\u0442\u0440\u0430\u0434\u0436\u0430\u044f\"}]},{\"@type\":\"WebSite\",\"@id\":\"https:\\\/\\\/skyline-gs.com\\\/it\\\/#website\",\"url\":\"https:\\\/\\\/skyline-gs.com\\\/it\\\/\",\"name\":\"\u042d\u043a\u0441\u043a\u0443\u0440\u0441\u0438\u0438 Skyline\",\"description\":\"\u042d\u043a\u0441\u043a\u043b\u044e\u0437\u0438\u0432\u043d\u044b\u0435 \u044d\u043a\u0441\u043a\u0443\u0440\u0441\u0438\u0438 \u043d\u0430 \u043b\u0443\u0447\u0448\u0438\u0445 \u043a\u0443\u0440\u043e\u0440\u0442\u0430\u0445 \u043c\u0438\u0440\u0430\",\"publisher\":{\"@id\":\"https:\\\/\\\/skyline-gs.com\\\/it\\\/#organization\"},\"alternateName\":\"Skyline\",\"potentialAction\":[{\"@type\":\"SearchAction\",\"target\":{\"@type\":\"EntryPoint\",\"urlTemplate\":\"https:\\\/\\\/skyline-gs.com\\\/it\\\/?s={search_term_string}\"},\"query-input\":{\"@type\":\"PropertyValueSpecification\",\"valueRequired\":true,\"valueName\":\"search_term_string\"}}],\"inLanguage\":\"pl-PL\"},{\"@type\":\"Organization\",\"@id\":\"https:\\\/\\\/skyline-gs.com\\\/it\\\/#organization\",\"name\":\"\u042d\u043a\u0441\u043a\u0443\u0440\u0441\u0438\u0438 Skyline\",\"alternateName\":\"\u042d\u043a\u0441\u043a\u0443\u0440\u0441\u0438\u0438 Skyline\",\"url\":\"https:\\\/\\\/skyline-gs.com\\\/it\\\/\",\"logo\":{\"@type\":\"ImageObject\",\"inLanguage\":\"pl-PL\",\"@id\":\"https:\\\/\\\/skyline-gs.com\\\/it\\\/#\\\/schema\\\/logo\\\/image\\\/\",\"url\":\"https:\\\/\\\/skyline-gs.com\\\/wp-content\\\/uploads\\\/2020\\\/12\\\/cropped-logo-2.png\",\"contentUrl\":\"https:\\\/\\\/skyline-gs.com\\\/wp-content\\\/uploads\\\/2020\\\/12\\\/cropped-logo-2.png\",\"width\":512,\"height\":512,\"caption\":\"\u042d\u043a\u0441\u043a\u0443\u0440\u0441\u0438\u0438 Skyline\"},\"image\":{\"@id\":\"https:\\\/\\\/skyline-gs.com\\\/it\\\/#\\\/schema\\\/logo\\\/image\\\/\"},\"sameAs\":[\"https:\\\/\\\/www.instagram.com\\\/skylineglobalservice\\\/\"]}]}<\/script>\n<!-- \/ Yoast SEO plugin. -->","yoast_head_json":{"title":"\u0413\u043e\u0440\u043e\u0434 \u0431\u0443\u0434\u0443\u0449\u0435\u0433\u043e \u041f\u0443\u0442\u0440\u0430\u0434\u0436\u0430\u044f &#8226; \u042d\u043a\u0441\u043a\u0443\u0440\u0441\u0438\u0438 Skyline","robots":{"index":"index","follow":"follow","max-snippet":"max-snippet:-1","max-image-preview":"max-image-preview:large","max-video-preview":"max-video-preview:-1"},"canonical":"https:\/\/skyline-gs.com\/pl\/produkt\/city-of-the-future-putrajaya-kualalumpur\/","og_locale":"pl_PL","og_type":"article","og_title":"\u0413\u043e\u0440\u043e\u0434 \u0431\u0443\u0434\u0443\u0449\u0435\u0433\u043e \u041f\u0443\u0442\u0440\u0430\u0434\u0436\u0430\u044f &#8226; \u042d\u043a\u0441\u043a\u0443\u0440\u0441\u0438\u0438 Skyline","og_description":"\u0412\u0440\u0435\u043c\u044f \u0442\u0443\u0440\u0430: 8:00 \u2013 12:00 \u0414\u043d\u0438 \u043f\u0440\u043e\u0432\u0435\u0434\u0435\u043d\u0438\u044f: \u0435\u0436\u0435\u0434\u043d\u0435\u0432\u043d\u043e","og_url":"https:\/\/skyline-gs.com\/pl\/produkt\/city-of-the-future-putrajaya-kualalumpur\/","og_site_name":"\u042d\u043a\u0441\u043a\u0443\u0440\u0441\u0438\u0438 Skyline","article_modified_time":"2025-10-04T07:11:48+00:00","og_image":[{"width":668,"height":446,"url":"https:\/\/skyline-gs.com\/wp-content\/uploads\/2022\/02\/ca.jpg","type":"image\/jpeg"}],"twitter_card":"summary_large_image","twitter_misc":{"Szacowany czas czytania":"2 minuty"},"schema":{"@context":"https:\/\/schema.org","@graph":[{"@type":"WebPage","@id":"https:\/\/skyline-gs.com\/hu\/termek\/city-of-the-future-putrajaya-kualalumpur\/","url":"https:\/\/skyline-gs.com\/hu\/termek\/city-of-the-future-putrajaya-kualalumpur\/","name":"\u0413\u043e\u0440\u043e\u0434 \u0431\u0443\u0434\u0443\u0449\u0435\u0433\u043e \u041f\u0443\u0442\u0440\u0430\u0434\u0436\u0430\u044f &#8226; \u042d\u043a\u0441\u043a\u0443\u0440\u0441\u0438\u0438 Skyline","isPartOf":{"@id":"https:\/\/skyline-gs.com\/it\/#website"},"primaryImageOfPage":{"@id":"https:\/\/skyline-gs.com\/hu\/termek\/city-of-the-future-putrajaya-kualalumpur\/#primaryimage"},"image":{"@id":"https:\/\/skyline-gs.com\/hu\/termek\/city-of-the-future-putrajaya-kualalumpur\/#primaryimage"},"thumbnailUrl":"https:\/\/skyline-gs.com\/wp-content\/uploads\/2022\/02\/ca.jpg","datePublished":"2022-02-18T16:17:19+00:00","dateModified":"2025-10-04T07:11:48+00:00","breadcrumb":{"@id":"https:\/\/skyline-gs.com\/hu\/termek\/city-of-the-future-putrajaya-kualalumpur\/#breadcrumb"},"inLanguage":"pl-PL","potentialAction":[{"@type":"ReadAction","target":["https:\/\/skyline-gs.com\/hu\/termek\/city-of-the-future-putrajaya-kualalumpur\/"]}]},{"@type":"ImageObject","inLanguage":"pl-PL","@id":"https:\/\/skyline-gs.com\/hu\/termek\/city-of-the-future-putrajaya-kualalumpur\/#primaryimage","url":"https:\/\/skyline-gs.com\/wp-content\/uploads\/2022\/02\/ca.jpg","contentUrl":"https:\/\/skyline-gs.com\/wp-content\/uploads\/2022\/02\/ca.jpg","width":668,"height":446},{"@type":"BreadcrumbList","@id":"https:\/\/skyline-gs.com\/hu\/termek\/city-of-the-future-putrajaya-kualalumpur\/#breadcrumb","itemListElement":[{"@type":"ListItem","position":1,"name":"\u0413\u043b\u0430\u0432\u043d\u0430\u044f \u0441\u0442\u0440\u0430\u043d\u0438\u0446\u0430","item":"https:\/\/skyline-gs.com\/hu\/"},{"@type":"ListItem","position":2,"name":"\u041c\u0430\u0433\u0430\u0437\u0438\u043d","item":"https:\/\/skyline-gs.com\/cs\/shop\/"},{"@type":"ListItem","position":3,"name":"\u0413\u043e\u0440\u043e\u0434 \u0431\u0443\u0434\u0443\u0449\u0435\u0433\u043e \u041f\u0443\u0442\u0440\u0430\u0434\u0436\u0430\u044f"}]},{"@type":"WebSite","@id":"https:\/\/skyline-gs.com\/it\/#website","url":"https:\/\/skyline-gs.com\/it\/","name":"Wycieczki Skyline","description":"Ekskluzywne wycieczki do najlepszych kurort\u00f3w na \u015bwiecie","publisher":{"@id":"https:\/\/skyline-gs.com\/it\/#organization"},"alternateName":"Skyline","potentialAction":[{"@type":"SearchAction","target":{"@type":"EntryPoint","urlTemplate":"https:\/\/skyline-gs.com\/it\/?s={search_term_string}"},"query-input":{"@type":"PropertyValueSpecification","valueRequired":true,"valueName":"search_term_string"}}],"inLanguage":"pl-PL"},{"@type":"Organization","@id":"https:\/\/skyline-gs.com\/it\/#organization","name":"Wycieczki Skyline","alternateName":"\u042d\u043a\u0441\u043a\u0443\u0440\u0441\u0438\u0438 Skyline","url":"https:\/\/skyline-gs.com\/it\/","logo":{"@type":"ImageObject","inLanguage":"pl-PL","@id":"https:\/\/skyline-gs.com\/it\/#\/schema\/logo\/image\/","url":"https:\/\/skyline-gs.com\/wp-content\/uploads\/2020\/12\/cropped-logo-2.png","contentUrl":"https:\/\/skyline-gs.com\/wp-content\/uploads\/2020\/12\/cropped-logo-2.png","width":512,"height":512,"caption":"\u042d\u043a\u0441\u043a\u0443\u0440\u0441\u0438\u0438 Skyline"},"image":{"@id":"https:\/\/skyline-gs.com\/it\/#\/schema\/logo\/image\/"},"sameAs":["https:\/\/www.instagram.com\/skylineglobalservice\/"]}]}},"_links":{"self":[{"href":"https:\/\/skyline-gs.com\/pl\/wp-json\/wp\/v2\/product\/36189","targetHints":{"allow":["GET"]}}],"collection":[{"href":"https:\/\/skyline-gs.com\/pl\/wp-json\/wp\/v2\/product"}],"about":[{"href":"https:\/\/skyline-gs.com\/pl\/wp-json\/wp\/v2\/types\/product"}],"version-history":[{"count":0,"href":"https:\/\/skyline-gs.com\/pl\/wp-json\/wp\/v2\/product\/36189\/revisions"}],"wp:featuredmedia":[{"embeddable":true,"href":"https:\/\/skyline-gs.com\/pl\/wp-json\/wp\/v2\/media\/58412"}],"wp:attachment":[{"href":"https:\/\/skyline-gs.com\/pl\/wp-json\/wp\/v2\/media?parent=36189"}],"wp:term":[{"taxonomy":"product_brand","embeddable":true,"href":"https:\/\/skyline-gs.com\/pl\/wp-json\/wp\/v2\/product_brand?post=36189"},{"taxonomy":"product_cat","embeddable":true,"href":"https:\/\/skyline-gs.com\/pl\/wp-json\/wp\/v2\/product_cat?post=36189"},{"taxonomy":"product_tag","embeddable":true,"href":"https:\/\/skyline-gs.com\/pl\/wp-json\/wp\/v2\/product_tag?post=36189"}],"curies":[{"name":"wp","href":"https:\/\/api.w.org\/{rel}","templated":true}]}}