{"id":34420,"date":"2022-01-17T17:53:16","date_gmt":"2022-01-17T15:53:16","guid":{"rendered":"http:\/\/skyline-gs.com\/?post_type=product&#038;p=34420"},"modified":"2026-02-01T21:41:47","modified_gmt":"2026-02-01T19:41:47","slug":"koh-ker-beng-mel-siemreap","status":"publish","type":"product","link":"https:\/\/skyline-gs.com\/pl\/product\/koh-ker-beng-mel-siemreap\/","title":{"rendered":"Sekrety piramidy Koh Ker. \u015awi\u0105tynia Beng Mele w winoro\u015bli"},"content":{"rendered":"<p>8:00 wyjazd z hotelu. W programie zobaczymy:<\/p>\n<ul>\n<li><strong>Koh Ker<\/strong>. W X wieku jeden z w\u0142adc\u00f3w Angkoru nielegalnie przej\u0105\u0142 w\u0142adz\u0119 i przeni\u00f3s\u0142 centrum Imperium Khmer\u00f3w 100 km od Angkoru. W ci\u0105gu zaledwie 20 lat. <strong>buduje now\u0105 stolic\u0119, Lingapore (Koh Ker).<\/strong>. Ko Ker charakteryzuje si\u0119 duchem gigantyzmu. <strong>W X wieku by\u0142 to najwi\u0119kszy obszar pod wzgl\u0119dem powierzchni<\/strong>U\u017cywali najwi\u0119kszych kamiennych blok\u00f3w, budowali najwy\u017csze \u015bwi\u0105tynie. A pos\u0105gi bog\u00f3w zosta\u0142y stworzone jako masywni giganci poni\u017cej 3 metr\u00f3w, nadaj\u0105c im dzieci\u0119ce, mi\u0119kkie rysy twarzy. To niesamowite, jak wiele wysi\u0142ku w\u0142o\u017cono w to miasto, by nagle je porzuci\u0107. Okoliczno\u015bci \u015bmierci w\u0142adcy s\u0105 wci\u0105\u017c nieznane. Obecnie jest to ciche, s\u0142abo zaludnione zaplecze Kambod\u017cy. Trudno opisa\u0107, jak silne s\u0105 emocje, gdy <strong>Po dotarciu do Ko Ker zobaczysz 35-metrow\u0105 kamienn\u0105 piramid\u0119.<\/strong>. Wspinaczka na jego szczyt jest kulminacj\u0105 rosn\u0105cego napi\u0119cia zmys\u0142owego zwi\u0105zanego z do\u015bwiadczaniem kompleksu.<\/li>\n<li><strong>Centralny kompleks Prasat Thom z piramid\u0105 Prang i \u015bwi\u0105tyni\u0105 Krohom<\/strong><\/li>\n<li><strong>\u015awi\u0105tynia Pram<\/strong><\/li>\n<li><strong>\u015awi\u0105tynia Neang Khmao<\/strong><\/li>\n<li><strong>\u015awi\u0105tynia Damrei<\/strong><\/li>\n<li><strong>\u015awi\u0105tynia Krachap<\/strong><\/li>\n<li><strong>\u015awi\u0105tynia Ling<\/strong><\/li>\n<li><strong>Beng Mele<\/strong>. <strong>W d\u017cungli zagubiona jest du\u017ca \u015bwi\u0105tynia poro\u015bni\u0119ta winoro\u015bl\u0105<\/strong>. Warto odwiedzi\u0107 to miejsce cho\u0107by ze wzgl\u0119du na jego nierealn\u0105 atmosfer\u0119. Kolosalne ruiny i pot\u0119\u017cna tropikalna przyroda. Znajduje si\u0119 na drodze do Koh Ker. \u015awi\u0105tynia nie posiada \u017cadnych inskrypcji epigraficznych. Nie ma o niej wzmianek w chi\u0144skich i indyjskich \u017ar\u00f3d\u0142ach pisanych. Jej datowanie ocenia si\u0119 na podstawie stylu architektonicznego, kt\u00f3ry jest bardzo zbli\u017cony do XII-wiecznego Angkor Wat.<\/li>\n<\/ul>\n<p>Powr\u00f3t do hotelu oko\u0142o godziny 15:00.<\/p>\n<p><strong>W zestawie:<\/strong><\/p>\n<ul>\n<li>Transfer z i do hotelu<\/li>\n<li>Wszystkie transfery klimatyzowanymi pojazdami na trasie<\/li>\n<li>Rosyjskoj\u0119zyczny przewodnik<\/li>\n<li>Bilety wst\u0119pu<\/li>\n<\/ul>\n<p><strong>Brak w zestawie:<\/strong><\/p>\n<ul>\n<li>Lunch i napoje<\/li>\n<\/ul>\n<p><strong>Zabierz go ze sob\u0105:<\/strong><\/p>\n<ul>\n<li>Woda<\/li>\n<li>Nakrycie g\u0142owy<\/li>\n<li>Filtr przeciws\u0142oneczny<\/li>\n<li>Wygodne buty<\/li>\n<li>Odzie\u017c zakrywaj\u0105ca ramiona i kolana (chusty, szale nie s\u0105 odpowiednie).<\/li>\n<li>Kieszonkowe<\/li>\n<\/ul>","protected":false},"excerpt":{"rendered":"<p><strong>Czas wycieczki:<\/strong> 8:00 - 15:00<\/p>\n<p><strong>Holding Days:<\/strong> codzienny<\/p>","protected":false},"featured_media":34428,"template":"","meta":{"_kad_post_transparent":"default","_kad_post_title":"","_kad_post_layout":"default","_kad_post_sidebar_id":"","_kad_post_content_style":"default","_kad_post_vertical_padding":"default","_kad_post_feature":"","_kad_post_feature_position":"","_kad_post_header":false,"_kad_post_footer":false,"_kad_post_classname":"","_glsr_average":0,"_glsr_ranking":0,"_glsr_reviews":0},"product_brand":[],"product_cat":[441],"product_tag":[],"class_list":{"0":"post-34420","1":"product","2":"type-product","3":"status-publish","4":"has-post-thumbnail","6":"product_cat-siem-reap","7":"tm-has-options","9":"first","10":"instock","11":"sold-individually","12":"taxable","13":"shipping-taxable","14":"purchasable","15":"product-type-simple","16":"entry","17":"content-bg","18":"loop-entry"},"yoast_head":"<!-- This site is optimized with the Yoast SEO plugin v27.3 - https:\/\/yoast.com\/product\/yoast-seo-wordpress\/ -->\n<title>\u0422\u0430\u0439\u043d\u044b \u043f\u0438\u0440\u0430\u043c\u0438\u0434\u044b \u041a\u043e \u041a\u0435\u0440. \u0425\u0440\u0430\u043c \u0432 \u043b\u0438\u0430\u043d\u0430\u0445 \u0411\u0435\u043d\u0433 \u041c\u0435\u043b\u0435 &#8226; \u042d\u043a\u0441\u043a\u0443\u0440\u0441\u0438\u0438 Skyline<\/title>\n<meta name=\"robots\" content=\"index, follow, max-snippet:-1, max-image-preview:large, max-video-preview:-1\" \/>\n<link rel=\"canonical\" href=\"https:\/\/skyline-gs.com\/pl\/produkt\/koh-ker-beng-mel-siemreap\/\" \/>\n<meta property=\"og:locale\" content=\"pl_PL\" \/>\n<meta property=\"og:type\" content=\"article\" \/>\n<meta property=\"og:title\" content=\"\u0422\u0430\u0439\u043d\u044b \u043f\u0438\u0440\u0430\u043c\u0438\u0434\u044b \u041a\u043e \u041a\u0435\u0440. \u0425\u0440\u0430\u043c \u0432 \u043b\u0438\u0430\u043d\u0430\u0445 \u0411\u0435\u043d\u0433 \u041c\u0435\u043b\u0435 &#8226; \u042d\u043a\u0441\u043a\u0443\u0440\u0441\u0438\u0438 Skyline\" \/>\n<meta property=\"og:description\" content=\"\u0412\u0440\u0435\u043c\u044f \u0442\u0443\u0440\u0430: 8:00 \u2013 15:00  \u0414\u043d\u0438 \u043f\u0440\u043e\u0432\u0435\u0434\u0435\u043d\u0438\u044f: \u0435\u0436\u0435\u0434\u043d\u0435\u0432\u043d\u043e\" \/>\n<meta property=\"og:url\" content=\"https:\/\/skyline-gs.com\/pl\/produkt\/koh-ker-beng-mel-siemreap\/\" \/>\n<meta property=\"og:site_name\" content=\"\u042d\u043a\u0441\u043a\u0443\u0440\u0441\u0438\u0438 Skyline\" \/>\n<meta property=\"article:modified_time\" content=\"2026-02-01T19:41:47+00:00\" \/>\n<meta property=\"og:image\" content=\"https:\/\/skyline-gs.com\/wp-content\/uploads\/2022\/01\/8-9.png\" \/>\n\t<meta property=\"og:image:width\" content=\"669\" \/>\n\t<meta property=\"og:image:height\" content=\"446\" \/>\n\t<meta property=\"og:image:type\" content=\"image\/png\" \/>\n<meta name=\"twitter:card\" content=\"summary_large_image\" \/>\n<meta name=\"twitter:label1\" content=\"Szacowany czas czytania\" \/>\n\t<meta name=\"twitter:data1\" content=\"2 minuty\" \/>\n<script type=\"application\/ld+json\" class=\"yoast-schema-graph\">{\"@context\":\"https:\\\/\\\/schema.org\",\"@graph\":[{\"@type\":\"WebPage\",\"@id\":\"https:\\\/\\\/skyline-gs.com\\\/product\\\/koh-ker-beng-mel-siemreap\\\/\",\"url\":\"https:\\\/\\\/skyline-gs.com\\\/product\\\/koh-ker-beng-mel-siemreap\\\/\",\"name\":\"\u0422\u0430\u0439\u043d\u044b \u043f\u0438\u0440\u0430\u043c\u0438\u0434\u044b \u041a\u043e \u041a\u0435\u0440. \u0425\u0440\u0430\u043c \u0432 \u043b\u0438\u0430\u043d\u0430\u0445 \u0411\u0435\u043d\u0433 \u041c\u0435\u043b\u0435 &#8226; \u042d\u043a\u0441\u043a\u0443\u0440\u0441\u0438\u0438 Skyline\",\"isPartOf\":{\"@id\":\"https:\\\/\\\/skyline-gs.com\\\/it\\\/#website\"},\"primaryImageOfPage\":{\"@id\":\"https:\\\/\\\/skyline-gs.com\\\/product\\\/koh-ker-beng-mel-siemreap\\\/#primaryimage\"},\"image\":{\"@id\":\"https:\\\/\\\/skyline-gs.com\\\/product\\\/koh-ker-beng-mel-siemreap\\\/#primaryimage\"},\"thumbnailUrl\":\"https:\\\/\\\/skyline-gs.com\\\/wp-content\\\/uploads\\\/2022\\\/01\\\/8-9.png\",\"datePublished\":\"2022-01-17T15:53:16+00:00\",\"dateModified\":\"2026-02-01T19:41:47+00:00\",\"breadcrumb\":{\"@id\":\"https:\\\/\\\/skyline-gs.com\\\/product\\\/koh-ker-beng-mel-siemreap\\\/#breadcrumb\"},\"inLanguage\":\"pl-PL\",\"potentialAction\":[{\"@type\":\"ReadAction\",\"target\":[\"https:\\\/\\\/skyline-gs.com\\\/product\\\/koh-ker-beng-mel-siemreap\\\/\"]}]},{\"@type\":\"ImageObject\",\"inLanguage\":\"pl-PL\",\"@id\":\"https:\\\/\\\/skyline-gs.com\\\/product\\\/koh-ker-beng-mel-siemreap\\\/#primaryimage\",\"url\":\"https:\\\/\\\/skyline-gs.com\\\/wp-content\\\/uploads\\\/2022\\\/01\\\/8-9.png\",\"contentUrl\":\"https:\\\/\\\/skyline-gs.com\\\/wp-content\\\/uploads\\\/2022\\\/01\\\/8-9.png\",\"width\":669,\"height\":446},{\"@type\":\"BreadcrumbList\",\"@id\":\"https:\\\/\\\/skyline-gs.com\\\/product\\\/koh-ker-beng-mel-siemreap\\\/#breadcrumb\",\"itemListElement\":[{\"@type\":\"ListItem\",\"position\":1,\"name\":\"\u0413\u043b\u0430\u0432\u043d\u0430\u044f \u0441\u0442\u0440\u0430\u043d\u0438\u0446\u0430\",\"item\":\"https:\\\/\\\/skyline-gs.com\\\/hu\\\/\"},{\"@type\":\"ListItem\",\"position\":2,\"name\":\"\u041c\u0430\u0433\u0430\u0437\u0438\u043d\",\"item\":\"https:\\\/\\\/skyline-gs.com\\\/cs\\\/shop\\\/\"},{\"@type\":\"ListItem\",\"position\":3,\"name\":\"\u0422\u0430\u0439\u043d\u044b \u043f\u0438\u0440\u0430\u043c\u0438\u0434\u044b \u041a\u043e \u041a\u0435\u0440. \u0425\u0440\u0430\u043c \u0432 \u043b\u0438\u0430\u043d\u0430\u0445 \u0411\u0435\u043d\u0433 \u041c\u0435\u043b\u0435\"}]},{\"@type\":\"WebSite\",\"@id\":\"https:\\\/\\\/skyline-gs.com\\\/it\\\/#website\",\"url\":\"https:\\\/\\\/skyline-gs.com\\\/it\\\/\",\"name\":\"\u042d\u043a\u0441\u043a\u0443\u0440\u0441\u0438\u0438 Skyline\",\"description\":\"\u042d\u043a\u0441\u043a\u043b\u044e\u0437\u0438\u0432\u043d\u044b\u0435 \u044d\u043a\u0441\u043a\u0443\u0440\u0441\u0438\u0438 \u043d\u0430 \u043b\u0443\u0447\u0448\u0438\u0445 \u043a\u0443\u0440\u043e\u0440\u0442\u0430\u0445 \u043c\u0438\u0440\u0430\",\"publisher\":{\"@id\":\"https:\\\/\\\/skyline-gs.com\\\/it\\\/#organization\"},\"alternateName\":\"Skyline\",\"potentialAction\":[{\"@type\":\"SearchAction\",\"target\":{\"@type\":\"EntryPoint\",\"urlTemplate\":\"https:\\\/\\\/skyline-gs.com\\\/it\\\/?s={search_term_string}\"},\"query-input\":{\"@type\":\"PropertyValueSpecification\",\"valueRequired\":true,\"valueName\":\"search_term_string\"}}],\"inLanguage\":\"pl-PL\"},{\"@type\":\"Organization\",\"@id\":\"https:\\\/\\\/skyline-gs.com\\\/it\\\/#organization\",\"name\":\"\u042d\u043a\u0441\u043a\u0443\u0440\u0441\u0438\u0438 Skyline\",\"alternateName\":\"\u042d\u043a\u0441\u043a\u0443\u0440\u0441\u0438\u0438 Skyline\",\"url\":\"https:\\\/\\\/skyline-gs.com\\\/it\\\/\",\"logo\":{\"@type\":\"ImageObject\",\"inLanguage\":\"pl-PL\",\"@id\":\"https:\\\/\\\/skyline-gs.com\\\/it\\\/#\\\/schema\\\/logo\\\/image\\\/\",\"url\":\"https:\\\/\\\/skyline-gs.com\\\/wp-content\\\/uploads\\\/2020\\\/12\\\/cropped-logo-2.png\",\"contentUrl\":\"https:\\\/\\\/skyline-gs.com\\\/wp-content\\\/uploads\\\/2020\\\/12\\\/cropped-logo-2.png\",\"width\":512,\"height\":512,\"caption\":\"\u042d\u043a\u0441\u043a\u0443\u0440\u0441\u0438\u0438 Skyline\"},\"image\":{\"@id\":\"https:\\\/\\\/skyline-gs.com\\\/it\\\/#\\\/schema\\\/logo\\\/image\\\/\"},\"sameAs\":[\"https:\\\/\\\/www.instagram.com\\\/skylineglobalservice\\\/\"]}]}<\/script>\n<!-- \/ Yoast SEO plugin. -->","yoast_head_json":{"title":"\u0422\u0430\u0439\u043d\u044b \u043f\u0438\u0440\u0430\u043c\u0438\u0434\u044b \u041a\u043e \u041a\u0435\u0440. \u0425\u0440\u0430\u043c \u0432 \u043b\u0438\u0430\u043d\u0430\u0445 \u0411\u0435\u043d\u0433 \u041c\u0435\u043b\u0435 &#8226; \u042d\u043a\u0441\u043a\u0443\u0440\u0441\u0438\u0438 Skyline","robots":{"index":"index","follow":"follow","max-snippet":"max-snippet:-1","max-image-preview":"max-image-preview:large","max-video-preview":"max-video-preview:-1"},"canonical":"https:\/\/skyline-gs.com\/pl\/produkt\/koh-ker-beng-mel-siemreap\/","og_locale":"pl_PL","og_type":"article","og_title":"\u0422\u0430\u0439\u043d\u044b \u043f\u0438\u0440\u0430\u043c\u0438\u0434\u044b \u041a\u043e \u041a\u0435\u0440. \u0425\u0440\u0430\u043c \u0432 \u043b\u0438\u0430\u043d\u0430\u0445 \u0411\u0435\u043d\u0433 \u041c\u0435\u043b\u0435 &#8226; \u042d\u043a\u0441\u043a\u0443\u0440\u0441\u0438\u0438 Skyline","og_description":"\u0412\u0440\u0435\u043c\u044f \u0442\u0443\u0440\u0430: 8:00 \u2013 15:00  \u0414\u043d\u0438 \u043f\u0440\u043e\u0432\u0435\u0434\u0435\u043d\u0438\u044f: \u0435\u0436\u0435\u0434\u043d\u0435\u0432\u043d\u043e","og_url":"https:\/\/skyline-gs.com\/pl\/produkt\/koh-ker-beng-mel-siemreap\/","og_site_name":"\u042d\u043a\u0441\u043a\u0443\u0440\u0441\u0438\u0438 Skyline","article_modified_time":"2026-02-01T19:41:47+00:00","og_image":[{"width":669,"height":446,"url":"https:\/\/skyline-gs.com\/wp-content\/uploads\/2022\/01\/8-9.png","type":"image\/png"}],"twitter_card":"summary_large_image","twitter_misc":{"Szacowany czas czytania":"2 minuty"},"schema":{"@context":"https:\/\/schema.org","@graph":[{"@type":"WebPage","@id":"https:\/\/skyline-gs.com\/product\/koh-ker-beng-mel-siemreap\/","url":"https:\/\/skyline-gs.com\/product\/koh-ker-beng-mel-siemreap\/","name":"\u0422\u0430\u0439\u043d\u044b \u043f\u0438\u0440\u0430\u043c\u0438\u0434\u044b \u041a\u043e \u041a\u0435\u0440. \u0425\u0440\u0430\u043c \u0432 \u043b\u0438\u0430\u043d\u0430\u0445 \u0411\u0435\u043d\u0433 \u041c\u0435\u043b\u0435 &#8226; \u042d\u043a\u0441\u043a\u0443\u0440\u0441\u0438\u0438 Skyline","isPartOf":{"@id":"https:\/\/skyline-gs.com\/it\/#website"},"primaryImageOfPage":{"@id":"https:\/\/skyline-gs.com\/product\/koh-ker-beng-mel-siemreap\/#primaryimage"},"image":{"@id":"https:\/\/skyline-gs.com\/product\/koh-ker-beng-mel-siemreap\/#primaryimage"},"thumbnailUrl":"https:\/\/skyline-gs.com\/wp-content\/uploads\/2022\/01\/8-9.png","datePublished":"2022-01-17T15:53:16+00:00","dateModified":"2026-02-01T19:41:47+00:00","breadcrumb":{"@id":"https:\/\/skyline-gs.com\/product\/koh-ker-beng-mel-siemreap\/#breadcrumb"},"inLanguage":"pl-PL","potentialAction":[{"@type":"ReadAction","target":["https:\/\/skyline-gs.com\/product\/koh-ker-beng-mel-siemreap\/"]}]},{"@type":"ImageObject","inLanguage":"pl-PL","@id":"https:\/\/skyline-gs.com\/product\/koh-ker-beng-mel-siemreap\/#primaryimage","url":"https:\/\/skyline-gs.com\/wp-content\/uploads\/2022\/01\/8-9.png","contentUrl":"https:\/\/skyline-gs.com\/wp-content\/uploads\/2022\/01\/8-9.png","width":669,"height":446},{"@type":"BreadcrumbList","@id":"https:\/\/skyline-gs.com\/product\/koh-ker-beng-mel-siemreap\/#breadcrumb","itemListElement":[{"@type":"ListItem","position":1,"name":"\u0413\u043b\u0430\u0432\u043d\u0430\u044f \u0441\u0442\u0440\u0430\u043d\u0438\u0446\u0430","item":"https:\/\/skyline-gs.com\/hu\/"},{"@type":"ListItem","position":2,"name":"\u041c\u0430\u0433\u0430\u0437\u0438\u043d","item":"https:\/\/skyline-gs.com\/cs\/shop\/"},{"@type":"ListItem","position":3,"name":"\u0422\u0430\u0439\u043d\u044b \u043f\u0438\u0440\u0430\u043c\u0438\u0434\u044b \u041a\u043e \u041a\u0435\u0440. \u0425\u0440\u0430\u043c \u0432 \u043b\u0438\u0430\u043d\u0430\u0445 \u0411\u0435\u043d\u0433 \u041c\u0435\u043b\u0435"}]},{"@type":"WebSite","@id":"https:\/\/skyline-gs.com\/it\/#website","url":"https:\/\/skyline-gs.com\/it\/","name":"Wycieczki Skyline","description":"Ekskluzywne wycieczki do najlepszych kurort\u00f3w na \u015bwiecie","publisher":{"@id":"https:\/\/skyline-gs.com\/it\/#organization"},"alternateName":"Skyline","potentialAction":[{"@type":"SearchAction","target":{"@type":"EntryPoint","urlTemplate":"https:\/\/skyline-gs.com\/it\/?s={search_term_string}"},"query-input":{"@type":"PropertyValueSpecification","valueRequired":true,"valueName":"search_term_string"}}],"inLanguage":"pl-PL"},{"@type":"Organization","@id":"https:\/\/skyline-gs.com\/it\/#organization","name":"Wycieczki Skyline","alternateName":"\u042d\u043a\u0441\u043a\u0443\u0440\u0441\u0438\u0438 Skyline","url":"https:\/\/skyline-gs.com\/it\/","logo":{"@type":"ImageObject","inLanguage":"pl-PL","@id":"https:\/\/skyline-gs.com\/it\/#\/schema\/logo\/image\/","url":"https:\/\/skyline-gs.com\/wp-content\/uploads\/2020\/12\/cropped-logo-2.png","contentUrl":"https:\/\/skyline-gs.com\/wp-content\/uploads\/2020\/12\/cropped-logo-2.png","width":512,"height":512,"caption":"\u042d\u043a\u0441\u043a\u0443\u0440\u0441\u0438\u0438 Skyline"},"image":{"@id":"https:\/\/skyline-gs.com\/it\/#\/schema\/logo\/image\/"},"sameAs":["https:\/\/www.instagram.com\/skylineglobalservice\/"]}]}},"_links":{"self":[{"href":"https:\/\/skyline-gs.com\/pl\/wp-json\/wp\/v2\/product\/34420","targetHints":{"allow":["GET"]}}],"collection":[{"href":"https:\/\/skyline-gs.com\/pl\/wp-json\/wp\/v2\/product"}],"about":[{"href":"https:\/\/skyline-gs.com\/pl\/wp-json\/wp\/v2\/types\/product"}],"version-history":[{"count":0,"href":"https:\/\/skyline-gs.com\/pl\/wp-json\/wp\/v2\/product\/34420\/revisions"}],"wp:featuredmedia":[{"embeddable":true,"href":"https:\/\/skyline-gs.com\/pl\/wp-json\/wp\/v2\/media\/34428"}],"wp:attachment":[{"href":"https:\/\/skyline-gs.com\/pl\/wp-json\/wp\/v2\/media?parent=34420"}],"wp:term":[{"taxonomy":"product_brand","embeddable":true,"href":"https:\/\/skyline-gs.com\/pl\/wp-json\/wp\/v2\/product_brand?post=34420"},{"taxonomy":"product_cat","embeddable":true,"href":"https:\/\/skyline-gs.com\/pl\/wp-json\/wp\/v2\/product_cat?post=34420"},{"taxonomy":"product_tag","embeddable":true,"href":"https:\/\/skyline-gs.com\/pl\/wp-json\/wp\/v2\/product_tag?post=34420"}],"curies":[{"name":"wp","href":"https:\/\/api.w.org\/{rel}","templated":true}]}}