{"id":34376,"date":"2022-01-17T16:55:35","date_gmt":"2022-01-17T14:55:35","guid":{"rendered":"http:\/\/skyline-gs.com\/?post_type=product&#038;p=34376"},"modified":"2026-02-01T21:48:53","modified_gmt":"2026-02-01T19:48:53","slug":"preah-vihea-siemreap","status":"publish","type":"product","link":"https:\/\/skyline-gs.com\/pl\/product\/preah-vihea-siemreap\/","title":{"rendered":"Brama do Kambod\u017cy: \u015bwi\u0105tynia Preah Vihea"},"content":{"rendered":"<p>7:30 Wymeldowanie z hotelu. Po\u0142o\u017cony na spornym terytorium <strong>mi\u0119dzy Kambod\u017c\u0105 a Tajlandi\u0105<\/strong>\u015bwi\u0105tynia <strong>Preah Vihea<\/strong> &#8212; <strong>jedno z najbardziej niezwyk\u0142ych dzie\u0142 Imperium Khmer\u00f3w.<\/strong>. Jest wpisana na List\u0119 \u015awiatowego Dziedzictwa UNESCO jako niezale\u017cny obiekt kulturowy. Wyj\u0105tkowo\u015b\u0107 \u015bwi\u0105tyni wyra\u017ca si\u0119 w jej rozwi\u0105zaniu architektonicznym, kt\u00f3re wpisuje si\u0119 w naturalne \u015brodowisko i pozwala \u015bwi\u0105tyni pe\u0142ni\u0107 funkcj\u0119 religijn\u0105, a tak\u017ce w wysokiej warto\u015bci artystycznej element\u00f3w dekoracyjnych wykonanych przez rze\u017abienie w kamieniu. \u015awi\u0105tynia znajduje si\u0119 <strong>na szczycie 650-metrowej g\u00f3ry<\/strong>Na terenie \u015bwi\u0105tyni znajduje si\u0119 niewielka baza wojskowa - oddzielne kwatery wojskowe - oraz punkt obserwacyjny tajskiej stra\u017cy granicznej. Na terenie \u015bwi\u0105tyni znajduje si\u0119 niewielka baza wojskowa - oddzielne kwatery wojskowe, punkt obserwacyjny tajskiej stra\u017cy granicznej. Wojsko b\u0119dzie Ci towarzyszy\u0107 wsz\u0119dzie. Ale nie b\u00f3j si\u0119! To tylko sprawi, \u017ce Twoja podr\u00f3\u017c nie b\u0119dzie trywialna. Oficjalnie \u015bwi\u0105tynia jest otwarta dla turyst\u00f3w przez w\u0142adze. Preah Vihea <strong>rozpocz\u0105\u0142 budow\u0119 Yashovarman One<\/strong> W 893 r. wzni\u00f3s\u0142 \u015bwi\u0105tyni\u0119 Shiva Shikhareshvara (\"B\u00f3g szczytu\"). Kolejni kr\u00f3lowie Imperium Khmer\u00f3w, w tym Suryavarman Drugi oraz duchowy przewodnik i doradca Divakarapandita, odrestaurowali stare struktury i zbudowali nowe. 18:00 Powr\u00f3t do hotelu.<\/p>\n<p><strong>W zestawie:<\/strong><\/p>\n<ul>\n<li>Transfer z i do hotelu<\/li>\n<li>Wszystkie transfery klimatyzowanymi pojazdami na trasie<\/li>\n<li>Rosyjskoj\u0119zyczny przewodnik<\/li>\n<li>Ci\u0119\u017car\u00f3wka typu pick-up jad\u0105ca pod g\u00f3r\u0119<\/li>\n<li>Bilety wst\u0119pu<\/li>\n<\/ul>\n<p><strong>Brak w zestawie:<\/strong><\/p>\n<ul>\n<li>Lunch i napoje<\/li>\n<\/ul>\n<p><strong>Zabierz go ze sob\u0105:<\/strong><\/p>\n<ul>\n<li>Woda<\/li>\n<li>Nakrycie g\u0142owy<\/li>\n<li>Filtr przeciws\u0142oneczny<\/li>\n<li>Kieszonkowe<\/li>\n<\/ul>","protected":false},"excerpt":{"rendered":"<p><strong>Czas wycieczki:<\/strong> 7:30 - 18:00<\/p>\n<p><strong>Holding Days:<\/strong> codzienny<\/p>","protected":false},"featured_media":34379,"template":"","meta":{"_kad_post_transparent":"default","_kad_post_title":"","_kad_post_layout":"default","_kad_post_sidebar_id":"","_kad_post_content_style":"default","_kad_post_vertical_padding":"default","_kad_post_feature":"","_kad_post_feature_position":"","_kad_post_header":false,"_kad_post_footer":false,"_kad_post_classname":"","_glsr_average":0,"_glsr_ranking":0,"_glsr_reviews":0},"product_brand":[],"product_cat":[441],"product_tag":[],"class_list":{"0":"post-34376","1":"product","2":"type-product","3":"status-publish","4":"has-post-thumbnail","6":"product_cat-siem-reap","7":"tm-has-options","9":"first","10":"instock","11":"sold-individually","12":"taxable","13":"shipping-taxable","14":"purchasable","15":"product-type-simple","16":"entry","17":"content-bg","18":"loop-entry"},"yoast_head":"<!-- This site is optimized with the Yoast SEO plugin v27.3 - https:\/\/yoast.com\/product\/yoast-seo-wordpress\/ -->\n<title>\u0412\u0440\u0430\u0442\u0430 \u0432 \u041a\u0430\u043c\u0431\u043e\u0434\u0436\u0443: \u0425\u0440\u0430\u043c \u041f\u0440\u0435\u0430\u0445 \u0412\u0438\u0445\u0435\u0430 &#8226; \u042d\u043a\u0441\u043a\u0443\u0440\u0441\u0438\u0438 Skyline<\/title>\n<meta name=\"robots\" content=\"index, follow, max-snippet:-1, max-image-preview:large, max-video-preview:-1\" \/>\n<link rel=\"canonical\" href=\"https:\/\/skyline-gs.com\/pl\/produkt\/preah-vihea-siemreap\/\" \/>\n<meta property=\"og:locale\" content=\"pl_PL\" \/>\n<meta property=\"og:type\" content=\"article\" \/>\n<meta property=\"og:title\" content=\"\u0412\u0440\u0430\u0442\u0430 \u0432 \u041a\u0430\u043c\u0431\u043e\u0434\u0436\u0443: \u0425\u0440\u0430\u043c \u041f\u0440\u0435\u0430\u0445 \u0412\u0438\u0445\u0435\u0430 &#8226; \u042d\u043a\u0441\u043a\u0443\u0440\u0441\u0438\u0438 Skyline\" \/>\n<meta property=\"og:description\" content=\"\u0412\u0440\u0435\u043c\u044f \u0442\u0443\u0440\u0430: 7:30 \u2013 18:00  \u0414\u043d\u0438 \u043f\u0440\u043e\u0432\u0435\u0434\u0435\u043d\u0438\u044f: \u0435\u0436\u0435\u0434\u043d\u0435\u0432\u043d\u043e\" \/>\n<meta property=\"og:url\" content=\"https:\/\/skyline-gs.com\/pl\/produkt\/preah-vihea-siemreap\/\" \/>\n<meta property=\"og:site_name\" content=\"\u042d\u043a\u0441\u043a\u0443\u0440\u0441\u0438\u0438 Skyline\" \/>\n<meta property=\"article:modified_time\" content=\"2026-02-01T19:48:53+00:00\" \/>\n<meta property=\"og:image\" content=\"https:\/\/skyline-gs.com\/wp-content\/uploads\/2022\/01\/3-6.png\" \/>\n\t<meta property=\"og:image:width\" content=\"669\" \/>\n\t<meta property=\"og:image:height\" content=\"446\" \/>\n\t<meta property=\"og:image:type\" content=\"image\/png\" \/>\n<meta name=\"twitter:card\" content=\"summary_large_image\" \/>\n<meta name=\"twitter:label1\" content=\"Szacowany czas czytania\" \/>\n\t<meta name=\"twitter:data1\" content=\"2 minuty\" \/>\n<script type=\"application\/ld+json\" class=\"yoast-schema-graph\">{\"@context\":\"https:\\\/\\\/schema.org\",\"@graph\":[{\"@type\":\"WebPage\",\"@id\":\"https:\\\/\\\/skyline-gs.com\\\/product\\\/preah-vihea-siemreap\\\/\",\"url\":\"https:\\\/\\\/skyline-gs.com\\\/product\\\/preah-vihea-siemreap\\\/\",\"name\":\"\u0412\u0440\u0430\u0442\u0430 \u0432 \u041a\u0430\u043c\u0431\u043e\u0434\u0436\u0443: \u0425\u0440\u0430\u043c \u041f\u0440\u0435\u0430\u0445 \u0412\u0438\u0445\u0435\u0430 &#8226; \u042d\u043a\u0441\u043a\u0443\u0440\u0441\u0438\u0438 Skyline\",\"isPartOf\":{\"@id\":\"https:\\\/\\\/skyline-gs.com\\\/it\\\/#website\"},\"primaryImageOfPage\":{\"@id\":\"https:\\\/\\\/skyline-gs.com\\\/product\\\/preah-vihea-siemreap\\\/#primaryimage\"},\"image\":{\"@id\":\"https:\\\/\\\/skyline-gs.com\\\/product\\\/preah-vihea-siemreap\\\/#primaryimage\"},\"thumbnailUrl\":\"https:\\\/\\\/skyline-gs.com\\\/wp-content\\\/uploads\\\/2022\\\/01\\\/3-6.png\",\"datePublished\":\"2022-01-17T14:55:35+00:00\",\"dateModified\":\"2026-02-01T19:48:53+00:00\",\"breadcrumb\":{\"@id\":\"https:\\\/\\\/skyline-gs.com\\\/product\\\/preah-vihea-siemreap\\\/#breadcrumb\"},\"inLanguage\":\"pl-PL\",\"potentialAction\":[{\"@type\":\"ReadAction\",\"target\":[\"https:\\\/\\\/skyline-gs.com\\\/product\\\/preah-vihea-siemreap\\\/\"]}]},{\"@type\":\"ImageObject\",\"inLanguage\":\"pl-PL\",\"@id\":\"https:\\\/\\\/skyline-gs.com\\\/product\\\/preah-vihea-siemreap\\\/#primaryimage\",\"url\":\"https:\\\/\\\/skyline-gs.com\\\/wp-content\\\/uploads\\\/2022\\\/01\\\/3-6.png\",\"contentUrl\":\"https:\\\/\\\/skyline-gs.com\\\/wp-content\\\/uploads\\\/2022\\\/01\\\/3-6.png\",\"width\":669,\"height\":446},{\"@type\":\"BreadcrumbList\",\"@id\":\"https:\\\/\\\/skyline-gs.com\\\/product\\\/preah-vihea-siemreap\\\/#breadcrumb\",\"itemListElement\":[{\"@type\":\"ListItem\",\"position\":1,\"name\":\"\u0413\u043b\u0430\u0432\u043d\u0430\u044f \u0441\u0442\u0440\u0430\u043d\u0438\u0446\u0430\",\"item\":\"https:\\\/\\\/skyline-gs.com\\\/hu\\\/\"},{\"@type\":\"ListItem\",\"position\":2,\"name\":\"\u041c\u0430\u0433\u0430\u0437\u0438\u043d\",\"item\":\"https:\\\/\\\/skyline-gs.com\\\/cs\\\/shop\\\/\"},{\"@type\":\"ListItem\",\"position\":3,\"name\":\"\u0412\u0440\u0430\u0442\u0430 \u0432 \u041a\u0430\u043c\u0431\u043e\u0434\u0436\u0443: \u0425\u0440\u0430\u043c \u041f\u0440\u0435\u0430\u0445 \u0412\u0438\u0445\u0435\u0430\"}]},{\"@type\":\"WebSite\",\"@id\":\"https:\\\/\\\/skyline-gs.com\\\/it\\\/#website\",\"url\":\"https:\\\/\\\/skyline-gs.com\\\/it\\\/\",\"name\":\"\u042d\u043a\u0441\u043a\u0443\u0440\u0441\u0438\u0438 Skyline\",\"description\":\"\u042d\u043a\u0441\u043a\u043b\u044e\u0437\u0438\u0432\u043d\u044b\u0435 \u044d\u043a\u0441\u043a\u0443\u0440\u0441\u0438\u0438 \u043d\u0430 \u043b\u0443\u0447\u0448\u0438\u0445 \u043a\u0443\u0440\u043e\u0440\u0442\u0430\u0445 \u043c\u0438\u0440\u0430\",\"publisher\":{\"@id\":\"https:\\\/\\\/skyline-gs.com\\\/it\\\/#organization\"},\"alternateName\":\"Skyline\",\"potentialAction\":[{\"@type\":\"SearchAction\",\"target\":{\"@type\":\"EntryPoint\",\"urlTemplate\":\"https:\\\/\\\/skyline-gs.com\\\/it\\\/?s={search_term_string}\"},\"query-input\":{\"@type\":\"PropertyValueSpecification\",\"valueRequired\":true,\"valueName\":\"search_term_string\"}}],\"inLanguage\":\"pl-PL\"},{\"@type\":\"Organization\",\"@id\":\"https:\\\/\\\/skyline-gs.com\\\/it\\\/#organization\",\"name\":\"\u042d\u043a\u0441\u043a\u0443\u0440\u0441\u0438\u0438 Skyline\",\"alternateName\":\"\u042d\u043a\u0441\u043a\u0443\u0440\u0441\u0438\u0438 Skyline\",\"url\":\"https:\\\/\\\/skyline-gs.com\\\/it\\\/\",\"logo\":{\"@type\":\"ImageObject\",\"inLanguage\":\"pl-PL\",\"@id\":\"https:\\\/\\\/skyline-gs.com\\\/it\\\/#\\\/schema\\\/logo\\\/image\\\/\",\"url\":\"https:\\\/\\\/skyline-gs.com\\\/wp-content\\\/uploads\\\/2020\\\/12\\\/cropped-logo-2.png\",\"contentUrl\":\"https:\\\/\\\/skyline-gs.com\\\/wp-content\\\/uploads\\\/2020\\\/12\\\/cropped-logo-2.png\",\"width\":512,\"height\":512,\"caption\":\"\u042d\u043a\u0441\u043a\u0443\u0440\u0441\u0438\u0438 Skyline\"},\"image\":{\"@id\":\"https:\\\/\\\/skyline-gs.com\\\/it\\\/#\\\/schema\\\/logo\\\/image\\\/\"},\"sameAs\":[\"https:\\\/\\\/www.instagram.com\\\/skylineglobalservice\\\/\"]}]}<\/script>\n<!-- \/ Yoast SEO plugin. -->","yoast_head_json":{"title":"\u0412\u0440\u0430\u0442\u0430 \u0432 \u041a\u0430\u043c\u0431\u043e\u0434\u0436\u0443: \u0425\u0440\u0430\u043c \u041f\u0440\u0435\u0430\u0445 \u0412\u0438\u0445\u0435\u0430 &#8226; \u042d\u043a\u0441\u043a\u0443\u0440\u0441\u0438\u0438 Skyline","robots":{"index":"index","follow":"follow","max-snippet":"max-snippet:-1","max-image-preview":"max-image-preview:large","max-video-preview":"max-video-preview:-1"},"canonical":"https:\/\/skyline-gs.com\/pl\/produkt\/preah-vihea-siemreap\/","og_locale":"pl_PL","og_type":"article","og_title":"\u0412\u0440\u0430\u0442\u0430 \u0432 \u041a\u0430\u043c\u0431\u043e\u0434\u0436\u0443: \u0425\u0440\u0430\u043c \u041f\u0440\u0435\u0430\u0445 \u0412\u0438\u0445\u0435\u0430 &#8226; \u042d\u043a\u0441\u043a\u0443\u0440\u0441\u0438\u0438 Skyline","og_description":"\u0412\u0440\u0435\u043c\u044f \u0442\u0443\u0440\u0430: 7:30 \u2013 18:00  \u0414\u043d\u0438 \u043f\u0440\u043e\u0432\u0435\u0434\u0435\u043d\u0438\u044f: \u0435\u0436\u0435\u0434\u043d\u0435\u0432\u043d\u043e","og_url":"https:\/\/skyline-gs.com\/pl\/produkt\/preah-vihea-siemreap\/","og_site_name":"\u042d\u043a\u0441\u043a\u0443\u0440\u0441\u0438\u0438 Skyline","article_modified_time":"2026-02-01T19:48:53+00:00","og_image":[{"width":669,"height":446,"url":"https:\/\/skyline-gs.com\/wp-content\/uploads\/2022\/01\/3-6.png","type":"image\/png"}],"twitter_card":"summary_large_image","twitter_misc":{"Szacowany czas czytania":"2 minuty"},"schema":{"@context":"https:\/\/schema.org","@graph":[{"@type":"WebPage","@id":"https:\/\/skyline-gs.com\/product\/preah-vihea-siemreap\/","url":"https:\/\/skyline-gs.com\/product\/preah-vihea-siemreap\/","name":"\u0412\u0440\u0430\u0442\u0430 \u0432 \u041a\u0430\u043c\u0431\u043e\u0434\u0436\u0443: \u0425\u0440\u0430\u043c \u041f\u0440\u0435\u0430\u0445 \u0412\u0438\u0445\u0435\u0430 &#8226; \u042d\u043a\u0441\u043a\u0443\u0440\u0441\u0438\u0438 Skyline","isPartOf":{"@id":"https:\/\/skyline-gs.com\/it\/#website"},"primaryImageOfPage":{"@id":"https:\/\/skyline-gs.com\/product\/preah-vihea-siemreap\/#primaryimage"},"image":{"@id":"https:\/\/skyline-gs.com\/product\/preah-vihea-siemreap\/#primaryimage"},"thumbnailUrl":"https:\/\/skyline-gs.com\/wp-content\/uploads\/2022\/01\/3-6.png","datePublished":"2022-01-17T14:55:35+00:00","dateModified":"2026-02-01T19:48:53+00:00","breadcrumb":{"@id":"https:\/\/skyline-gs.com\/product\/preah-vihea-siemreap\/#breadcrumb"},"inLanguage":"pl-PL","potentialAction":[{"@type":"ReadAction","target":["https:\/\/skyline-gs.com\/product\/preah-vihea-siemreap\/"]}]},{"@type":"ImageObject","inLanguage":"pl-PL","@id":"https:\/\/skyline-gs.com\/product\/preah-vihea-siemreap\/#primaryimage","url":"https:\/\/skyline-gs.com\/wp-content\/uploads\/2022\/01\/3-6.png","contentUrl":"https:\/\/skyline-gs.com\/wp-content\/uploads\/2022\/01\/3-6.png","width":669,"height":446},{"@type":"BreadcrumbList","@id":"https:\/\/skyline-gs.com\/product\/preah-vihea-siemreap\/#breadcrumb","itemListElement":[{"@type":"ListItem","position":1,"name":"\u0413\u043b\u0430\u0432\u043d\u0430\u044f \u0441\u0442\u0440\u0430\u043d\u0438\u0446\u0430","item":"https:\/\/skyline-gs.com\/hu\/"},{"@type":"ListItem","position":2,"name":"\u041c\u0430\u0433\u0430\u0437\u0438\u043d","item":"https:\/\/skyline-gs.com\/cs\/shop\/"},{"@type":"ListItem","position":3,"name":"\u0412\u0440\u0430\u0442\u0430 \u0432 \u041a\u0430\u043c\u0431\u043e\u0434\u0436\u0443: \u0425\u0440\u0430\u043c \u041f\u0440\u0435\u0430\u0445 \u0412\u0438\u0445\u0435\u0430"}]},{"@type":"WebSite","@id":"https:\/\/skyline-gs.com\/it\/#website","url":"https:\/\/skyline-gs.com\/it\/","name":"Wycieczki Skyline","description":"Ekskluzywne wycieczki do najlepszych kurort\u00f3w na \u015bwiecie","publisher":{"@id":"https:\/\/skyline-gs.com\/it\/#organization"},"alternateName":"Skyline","potentialAction":[{"@type":"SearchAction","target":{"@type":"EntryPoint","urlTemplate":"https:\/\/skyline-gs.com\/it\/?s={search_term_string}"},"query-input":{"@type":"PropertyValueSpecification","valueRequired":true,"valueName":"search_term_string"}}],"inLanguage":"pl-PL"},{"@type":"Organization","@id":"https:\/\/skyline-gs.com\/it\/#organization","name":"Wycieczki Skyline","alternateName":"\u042d\u043a\u0441\u043a\u0443\u0440\u0441\u0438\u0438 Skyline","url":"https:\/\/skyline-gs.com\/it\/","logo":{"@type":"ImageObject","inLanguage":"pl-PL","@id":"https:\/\/skyline-gs.com\/it\/#\/schema\/logo\/image\/","url":"https:\/\/skyline-gs.com\/wp-content\/uploads\/2020\/12\/cropped-logo-2.png","contentUrl":"https:\/\/skyline-gs.com\/wp-content\/uploads\/2020\/12\/cropped-logo-2.png","width":512,"height":512,"caption":"\u042d\u043a\u0441\u043a\u0443\u0440\u0441\u0438\u0438 Skyline"},"image":{"@id":"https:\/\/skyline-gs.com\/it\/#\/schema\/logo\/image\/"},"sameAs":["https:\/\/www.instagram.com\/skylineglobalservice\/"]}]}},"_links":{"self":[{"href":"https:\/\/skyline-gs.com\/pl\/wp-json\/wp\/v2\/product\/34376","targetHints":{"allow":["GET"]}}],"collection":[{"href":"https:\/\/skyline-gs.com\/pl\/wp-json\/wp\/v2\/product"}],"about":[{"href":"https:\/\/skyline-gs.com\/pl\/wp-json\/wp\/v2\/types\/product"}],"version-history":[{"count":0,"href":"https:\/\/skyline-gs.com\/pl\/wp-json\/wp\/v2\/product\/34376\/revisions"}],"wp:featuredmedia":[{"embeddable":true,"href":"https:\/\/skyline-gs.com\/pl\/wp-json\/wp\/v2\/media\/34379"}],"wp:attachment":[{"href":"https:\/\/skyline-gs.com\/pl\/wp-json\/wp\/v2\/media?parent=34376"}],"wp:term":[{"taxonomy":"product_brand","embeddable":true,"href":"https:\/\/skyline-gs.com\/pl\/wp-json\/wp\/v2\/product_brand?post=34376"},{"taxonomy":"product_cat","embeddable":true,"href":"https:\/\/skyline-gs.com\/pl\/wp-json\/wp\/v2\/product_cat?post=34376"},{"taxonomy":"product_tag","embeddable":true,"href":"https:\/\/skyline-gs.com\/pl\/wp-json\/wp\/v2\/product_tag?post=34376"}],"curies":[{"name":"wp","href":"https:\/\/api.w.org\/{rel}","templated":true}]}}