{"id":32693,"date":"2021-10-26T20:52:24","date_gmt":"2021-10-26T18:52:24","guid":{"rendered":"http:\/\/skyline-gs.com\/?post_type=product&#038;p=32693"},"modified":"2024-10-31T13:21:41","modified_gmt":"2024-10-31T11:21:41","slug":"rejs-po-nilu-4-dni-marsaalam","status":"publish","type":"product","link":"https:\/\/skyline-gs.com\/pl\/product\/nile-cruise-4-days-marsaalam\/","title":{"rendered":"Rejs po Nilu 5* 4 dni"},"content":{"rendered":"<div class=\"\">\n<div class=\"tour-schedule\">\n<div>\n<p>Ciesz si\u0119 ponadczasowym rejsem po Nilu, podr\u00f3\u017cuj\u0105c luksusowym 5* statkiem z basenem na pok\u0142adzie. Odkryj zabytki staro\u017cytnego Egiptu. Profesjonalni egiptolodzy s\u0105 zawsze pod r\u0119k\u0105. Korzystaj z pe\u0142nego wy\u017cywienia, basenu i r\u00f3\u017cnorodnych rozrywek na pok\u0142adzie.<\/p>\n<p><strong>Dzie\u0144 1. \u015awi\u0105tynia w Karnaku. Kolosy Memnona. \u015awi\u0105tynia kr\u00f3lowej Hatszepsut. Dolina Kr\u00f3lowych.<\/strong><\/p>\n<p>4:30 wykwaterowanie z hotelu w Marsa Alam (przejazd oko\u0142o 5 godzin). Odprawa na rejs. Pierwszego dnia statek wycieczkowy zatrzyma si\u0119 w Luksorze. Odwiedzisz prawy i lewy brzeg Nilu - \"Miasto \u017bywych\". Zobaczysz \u015bwi\u0105tyni\u0119 Karnak, jedno z najwi\u0119kszych osi\u0105gni\u0119\u0107 architektonicznych staro\u017cytnego Egiptu. Po niezapomnianych wra\u017ceniach w \u015bwi\u0105tyni czeka na Ciebie pyszny lunch. Nast\u0119pnie grupa uda si\u0119 \u0142odzi\u0105 na lewy brzeg do \"Miasta Umar\u0142ych\". Zobaczysz: Kolosy Memnona (2 ogromne pos\u0105gi Amenhotepa III - wszystko, co pozosta\u0142o ze wspania\u0142ej \u015bwi\u0105tyni), odwiedzisz Dolin\u0119 Kr\u00f3lowych - wielowiekowy grobowiec faraon\u00f3w, zobaczysz \u015bwi\u0105tyni\u0119 poch\u00f3wku s\u0142ynnej kr\u00f3lowej Hatszepsut - jedynej kobiety faraona. Nast\u0119pnie zostaniesz zakwaterowany na statku, gdzie zjesz kolacj\u0119 i dyskotek\u0119.<\/p>\n<p><strong>Dzie\u0144 2. Esna. Impreza Galabeya.<\/strong><\/p>\n<p>Drugiego dnia naszej podr\u00f3\u017cy mo\u017cna podziwia\u0107 niezwyk\u0142e pi\u0119kno brzeg\u00f3w Nilu. Przez ca\u0142y dzie\u0144 mo\u017cna relaksowa\u0107 si\u0119 na liniowcu, p\u0142ywa\u0107 i opala\u0107 si\u0119 przy basenie. Wieczorem b\u0119dzie mo\u017cna podziwia\u0107 wyj\u0105tkowy egipski zach\u00f3d s\u0142o\u0144ca. R\u00f3wnie\u017c w pobli\u017cu miasta Esna staniesz si\u0119 uczestnikiem ciekawego procesu \u017ceglugowego - blokowania statku. Wieczorem dla wszystkich go\u015bci liniowca odb\u0119dzie si\u0119 orientalna impreza w egipskim stylu Galabeya Party to zabawne show, w kt\u00f3rym tury\u015bci b\u0119d\u0105 uczestnikami. Poczujesz si\u0119 cz\u0119\u015bci\u0105 kolorowej egipskiej bajki i dowiesz si\u0119, czym jest karnawa\u0142 w j\u0119zyku arabskim.<\/p>\n<p><strong>Dzie\u0144 3. \u015awi\u0105tynia Edfu. \u015awi\u0105tynia Kom Ombo.<\/strong><\/p>\n<p>Trzeci dzie\u0144 rejsu obejmuje wizyt\u0119 w mie\u015bcie Edfu. Ma\u0142e wagoniki zabior\u0105 Ci\u0119 do wspania\u0142ej \u015bwi\u0105tyni Horusa. Po lunchu na statku udasz si\u0119 do jednej z najbardziej niesamowitych \u015bwi\u0105ty\u0144 Egiptu - \u015bwi\u0105tyni Kom-Ombo. W \u015bwi\u0105tyni tej znajduj\u0105 si\u0119 \u015bwi\u0105tynie dw\u00f3ch bog\u00f3w jednocze\u015bnie, jedna po\u015bwi\u0119cona Horusowi (bogu soko\u0142a), a druga Sobkowi (bogu krokodyla). G\u0142\u00f3wn\u0105 atrakcj\u0105 \u015bwi\u0105tyni jest sala hypostylowa z pi\u0119tnastoma kolumnami, kt\u00f3re s\u0105 po\u0142\u0105czone \u015bcianami. Kolumny ozdobione s\u0105 papirusem i liliami na szczycie. Po zwiedzaniu grupa wraca na statek, gdzie na go\u015bci czeka kolacja i pokaz folklorystyczny.<\/p>\n<p><strong>Dzie\u0144 4 Tama Asua\u0144ska<\/strong><\/p>\n<p>Czwartego dnia wycieczki dotrzemy do jednego z najbardziej malowniczych miast Egiptu - Asuanu. Tutaj zobaczysz niedoko\u0144czony obelisk i tam\u0119 asua\u0144sk\u0105, z kt\u00f3rej tarasu widokowego b\u0119dziesz mia\u0142 niepowtarzalny widok na jezioro Nasser. Jest to jedna z najbardziej ambitnych konstrukcji XX wieku. Niedoko\u0144czony obelisk +10$ dodatkowo. Jest to koniec programu rejsu, ale oddzielnie mo\u017cna odwiedzi\u0107 Abu Simbel (70$), Ogr\u00f3d Botaniczny w Asuanie i kompleks \u015bwi\u0105tynny na wyspie Philae (45$) za dodatkow\u0105 op\u0142at\u0105. Grupa wraca do Marsa Alam autokarem (oko\u0142o 7 godzin). Przyjazd do Marsa Alam do hotelu oko\u0142o godziny 22:00.<\/p>\n<p><strong>Nasze 5* wk\u0142adki delux:<\/strong><\/p>\n<p>M\/S Tamr Henna 5*<br \/>\nM\/S Royal Esadora Nile Cruise5*<br \/>\nM\/S Princess Sarah Nile Cruise 5*<br \/>\nRadamis 1 \/ 2<br \/>\nRejs Semiramis 1 i 2 po Nilu - Egipt<br \/>\nRejs po Nilu z delfinami - Egipt<br \/>\nRejs statkiem Ruby po Nilu - Egipt<\/p>\n<\/div>\n<div>\n<div>\n<p><strong>W zestawie:<\/strong><\/p>\n<\/div>\n<ul>\n<li>Transfery z i do hotelu<\/li>\n<li>Zakwaterowanie na 5* liniowcu<\/li>\n<li>Trzy posi\u0142ki dziennie, w tym woda, sok, kawa i herbata podczas \u015bniadania<\/li>\n<li>Op\u0142aty za wst\u0119p na wycieczki<\/li>\n<li>Rosyjskoj\u0119zyczny przewodnik<\/li>\n<\/ul>\n<\/div>\n<\/div>\n<\/div>\n<p><strong>Brak w zestawie:<\/strong><\/p>\n<ul>\n<li>Napoje podczas lunchu i kolacji<\/li>\n<li>Wycieczki fakultatywne<\/li>\n<\/ul>\n<p><strong>Zabierz go ze sob\u0105:<\/strong><\/p>\n<ul>\n<li>Paszport<\/li>\n<li>kamera foto-wideo<\/li>\n<li>Nakrycie g\u0142owy<\/li>\n<li>R\u0119cznik<\/li>\n<li>Kostium k\u0105pielowy, k\u0105piel\u00f3wki<\/li>\n<li>Filtr przeciws\u0142oneczny<\/li>\n<\/ul>","protected":false},"excerpt":{"rendered":"<p><strong>Czas trwania:<\/strong> 4 dni i 3 noce<\/p>\n<p><strong>Holding Days: <\/strong>Wtorek, czwartek, niedziela<\/p>","protected":false},"featured_media":29294,"template":"","meta":{"_kad_post_transparent":"default","_kad_post_title":"","_kad_post_layout":"default","_kad_post_sidebar_id":"","_kad_post_content_style":"default","_kad_post_vertical_padding":"default","_kad_post_feature":"","_kad_post_feature_position":"","_kad_post_header":false,"_kad_post_footer":false,"_kad_post_classname":"","_glsr_average":0,"_glsr_ranking":0,"_glsr_reviews":0},"product_brand":[],"product_cat":[452],"product_tag":[],"class_list":{"0":"post-32693","1":"product","2":"type-product","3":"status-publish","4":"has-post-thumbnail","6":"product_cat-marsa-alam","7":"tm-has-options","9":"first","10":"instock","11":"sale","12":"sold-individually","13":"taxable","14":"shipping-taxable","15":"purchasable","16":"product-type-simple","17":"entry","18":"content-bg","19":"loop-entry"},"yoast_head":"<!-- This site is optimized with the Yoast SEO plugin v27.4 - https:\/\/yoast.com\/product\/yoast-seo-wordpress\/ -->\n<title>\u041a\u0440\u0443\u0438\u0437 \u043f\u043e \u041d\u0438\u043b\u0443 5* 4 \u0434\u043d\u044f &#8226; \u042d\u043a\u0441\u043a\u0443\u0440\u0441\u0438\u0438 Skyline<\/title>\n<meta name=\"robots\" content=\"index, follow, max-snippet:-1, max-image-preview:large, max-video-preview:-1\" \/>\n<link rel=\"canonical\" href=\"http:\/\/skyline-gs.com\/pl\/produkt\/rejs-po-nilu-4-dni-marsaalam\/\" \/>\n<meta property=\"og:locale\" content=\"pl_PL\" \/>\n<meta property=\"og:type\" content=\"article\" \/>\n<meta property=\"og:title\" content=\"\u041a\u0440\u0443\u0438\u0437 \u043f\u043e \u041d\u0438\u043b\u0443 5* 4 \u0434\u043d\u044f &#8226; \u042d\u043a\u0441\u043a\u0443\u0440\u0441\u0438\u0438 Skyline\" \/>\n<meta property=\"og:description\" content=\"\u0414\u043b\u0438\u0442\u0435\u043b\u044c\u043d\u043e\u0441\u0442\u044c: 4 \u0434\u043d\u044f \u0438 3 \u043d\u043e\u0447\u0438  \u0414\u043d\u0438 \u043f\u0440\u043e\u0432\u0435\u0434\u0435\u043d\u0438\u044f: \u0432\u0442\u043e\u0440\u043d\u0438\u043a, \u0447\u0435\u0442\u0432\u0435\u0440\u0433, \u0432\u043e\u0441\u043a\u0440\u0435\u0441\u0435\u043d\u0438\u0435\" \/>\n<meta property=\"og:url\" content=\"http:\/\/skyline-gs.com\/pl\/produkt\/rejs-po-nilu-4-dni-marsaalam\/\" \/>\n<meta property=\"og:site_name\" content=\"\u042d\u043a\u0441\u043a\u0443\u0440\u0441\u0438\u0438 Skyline\" \/>\n<meta property=\"article:modified_time\" content=\"2024-10-31T11:21:41+00:00\" \/>\n<meta property=\"og:image\" content=\"https:\/\/skyline-gs.com\/wp-content\/uploads\/2021\/07\/51-1.jpg\" \/>\n\t<meta property=\"og:image:width\" content=\"669\" \/>\n\t<meta property=\"og:image:height\" content=\"446\" \/>\n\t<meta property=\"og:image:type\" content=\"image\/jpeg\" \/>\n<meta name=\"twitter:card\" content=\"summary_large_image\" \/>\n<meta name=\"twitter:label1\" content=\"Szacowany czas czytania\" \/>\n\t<meta name=\"twitter:data1\" content=\"3 minuty\" \/>\n<script type=\"application\/ld+json\" class=\"yoast-schema-graph\">{\"@context\":\"https:\\\/\\\/schema.org\",\"@graph\":[{\"@type\":\"WebPage\",\"@id\":\"http:\\\/\\\/skyline-gs.com\\\/de\\\/produkt\\\/nile-cruise-4-days-marsaalam\\\/\",\"url\":\"http:\\\/\\\/skyline-gs.com\\\/de\\\/produkt\\\/nile-cruise-4-days-marsaalam\\\/\",\"name\":\"\u041a\u0440\u0443\u0438\u0437 \u043f\u043e \u041d\u0438\u043b\u0443 5* 4 \u0434\u043d\u044f &#8226; \u042d\u043a\u0441\u043a\u0443\u0440\u0441\u0438\u0438 Skyline\",\"isPartOf\":{\"@id\":\"https:\\\/\\\/skyline-gs.com\\\/it\\\/#website\"},\"primaryImageOfPage\":{\"@id\":\"http:\\\/\\\/skyline-gs.com\\\/de\\\/produkt\\\/nile-cruise-4-days-marsaalam\\\/#primaryimage\"},\"image\":{\"@id\":\"http:\\\/\\\/skyline-gs.com\\\/de\\\/produkt\\\/nile-cruise-4-days-marsaalam\\\/#primaryimage\"},\"thumbnailUrl\":\"https:\\\/\\\/skyline-gs.com\\\/wp-content\\\/uploads\\\/2021\\\/07\\\/51-1.jpg\",\"datePublished\":\"2021-10-26T18:52:24+00:00\",\"dateModified\":\"2024-10-31T11:21:41+00:00\",\"breadcrumb\":{\"@id\":\"http:\\\/\\\/skyline-gs.com\\\/de\\\/produkt\\\/nile-cruise-4-days-marsaalam\\\/#breadcrumb\"},\"inLanguage\":\"pl-PL\",\"potentialAction\":[{\"@type\":\"ReadAction\",\"target\":[\"http:\\\/\\\/skyline-gs.com\\\/de\\\/produkt\\\/nile-cruise-4-days-marsaalam\\\/\"]}]},{\"@type\":\"ImageObject\",\"inLanguage\":\"pl-PL\",\"@id\":\"http:\\\/\\\/skyline-gs.com\\\/de\\\/produkt\\\/nile-cruise-4-days-marsaalam\\\/#primaryimage\",\"url\":\"https:\\\/\\\/skyline-gs.com\\\/wp-content\\\/uploads\\\/2021\\\/07\\\/51-1.jpg\",\"contentUrl\":\"https:\\\/\\\/skyline-gs.com\\\/wp-content\\\/uploads\\\/2021\\\/07\\\/51-1.jpg\",\"width\":669,\"height\":446},{\"@type\":\"BreadcrumbList\",\"@id\":\"http:\\\/\\\/skyline-gs.com\\\/de\\\/produkt\\\/nile-cruise-4-days-marsaalam\\\/#breadcrumb\",\"itemListElement\":[{\"@type\":\"ListItem\",\"position\":1,\"name\":\"\u0413\u043b\u0430\u0432\u043d\u0430\u044f \u0441\u0442\u0440\u0430\u043d\u0438\u0446\u0430\",\"item\":\"https:\\\/\\\/skyline-gs.com\\\/hu\\\/\"},{\"@type\":\"ListItem\",\"position\":2,\"name\":\"\u041c\u0430\u0433\u0430\u0437\u0438\u043d\",\"item\":\"https:\\\/\\\/skyline-gs.com\\\/cs\\\/shop\\\/\"},{\"@type\":\"ListItem\",\"position\":3,\"name\":\"\u041a\u0440\u0443\u0438\u0437 \u043f\u043e \u041d\u0438\u043b\u0443 5* 4 \u0434\u043d\u044f\"}]},{\"@type\":\"WebSite\",\"@id\":\"https:\\\/\\\/skyline-gs.com\\\/it\\\/#website\",\"url\":\"https:\\\/\\\/skyline-gs.com\\\/it\\\/\",\"name\":\"\u042d\u043a\u0441\u043a\u0443\u0440\u0441\u0438\u0438 Skyline\",\"description\":\"\u042d\u043a\u0441\u043a\u043b\u044e\u0437\u0438\u0432\u043d\u044b\u0435 \u044d\u043a\u0441\u043a\u0443\u0440\u0441\u0438\u0438 \u043d\u0430 \u043b\u0443\u0447\u0448\u0438\u0445 \u043a\u0443\u0440\u043e\u0440\u0442\u0430\u0445 \u043c\u0438\u0440\u0430\",\"publisher\":{\"@id\":\"https:\\\/\\\/skyline-gs.com\\\/it\\\/#organization\"},\"alternateName\":\"Skyline\",\"potentialAction\":[{\"@type\":\"SearchAction\",\"target\":{\"@type\":\"EntryPoint\",\"urlTemplate\":\"https:\\\/\\\/skyline-gs.com\\\/it\\\/?s={search_term_string}\"},\"query-input\":{\"@type\":\"PropertyValueSpecification\",\"valueRequired\":true,\"valueName\":\"search_term_string\"}}],\"inLanguage\":\"pl-PL\"},{\"@type\":\"Organization\",\"@id\":\"https:\\\/\\\/skyline-gs.com\\\/it\\\/#organization\",\"name\":\"\u042d\u043a\u0441\u043a\u0443\u0440\u0441\u0438\u0438 Skyline\",\"alternateName\":\"\u042d\u043a\u0441\u043a\u0443\u0440\u0441\u0438\u0438 Skyline\",\"url\":\"https:\\\/\\\/skyline-gs.com\\\/it\\\/\",\"logo\":{\"@type\":\"ImageObject\",\"inLanguage\":\"pl-PL\",\"@id\":\"https:\\\/\\\/skyline-gs.com\\\/it\\\/#\\\/schema\\\/logo\\\/image\\\/\",\"url\":\"https:\\\/\\\/skyline-gs.com\\\/wp-content\\\/uploads\\\/2020\\\/12\\\/cropped-logo-2.png\",\"contentUrl\":\"https:\\\/\\\/skyline-gs.com\\\/wp-content\\\/uploads\\\/2020\\\/12\\\/cropped-logo-2.png\",\"width\":512,\"height\":512,\"caption\":\"\u042d\u043a\u0441\u043a\u0443\u0440\u0441\u0438\u0438 Skyline\"},\"image\":{\"@id\":\"https:\\\/\\\/skyline-gs.com\\\/it\\\/#\\\/schema\\\/logo\\\/image\\\/\"},\"sameAs\":[\"https:\\\/\\\/www.instagram.com\\\/skylineglobalservice\\\/\"]}]}<\/script>\n<!-- \/ Yoast SEO plugin. -->","yoast_head_json":{"title":"\u041a\u0440\u0443\u0438\u0437 \u043f\u043e \u041d\u0438\u043b\u0443 5* 4 \u0434\u043d\u044f &#8226; \u042d\u043a\u0441\u043a\u0443\u0440\u0441\u0438\u0438 Skyline","robots":{"index":"index","follow":"follow","max-snippet":"max-snippet:-1","max-image-preview":"max-image-preview:large","max-video-preview":"max-video-preview:-1"},"canonical":"http:\/\/skyline-gs.com\/pl\/produkt\/rejs-po-nilu-4-dni-marsaalam\/","og_locale":"pl_PL","og_type":"article","og_title":"\u041a\u0440\u0443\u0438\u0437 \u043f\u043e \u041d\u0438\u043b\u0443 5* 4 \u0434\u043d\u044f &#8226; \u042d\u043a\u0441\u043a\u0443\u0440\u0441\u0438\u0438 Skyline","og_description":"\u0414\u043b\u0438\u0442\u0435\u043b\u044c\u043d\u043e\u0441\u0442\u044c: 4 \u0434\u043d\u044f \u0438 3 \u043d\u043e\u0447\u0438  \u0414\u043d\u0438 \u043f\u0440\u043e\u0432\u0435\u0434\u0435\u043d\u0438\u044f: \u0432\u0442\u043e\u0440\u043d\u0438\u043a, \u0447\u0435\u0442\u0432\u0435\u0440\u0433, \u0432\u043e\u0441\u043a\u0440\u0435\u0441\u0435\u043d\u0438\u0435","og_url":"http:\/\/skyline-gs.com\/pl\/produkt\/rejs-po-nilu-4-dni-marsaalam\/","og_site_name":"\u042d\u043a\u0441\u043a\u0443\u0440\u0441\u0438\u0438 Skyline","article_modified_time":"2024-10-31T11:21:41+00:00","og_image":[{"width":669,"height":446,"url":"https:\/\/skyline-gs.com\/wp-content\/uploads\/2021\/07\/51-1.jpg","type":"image\/jpeg"}],"twitter_card":"summary_large_image","twitter_misc":{"Szacowany czas czytania":"3 minuty"},"schema":{"@context":"https:\/\/schema.org","@graph":[{"@type":"WebPage","@id":"http:\/\/skyline-gs.com\/de\/produkt\/nile-cruise-4-days-marsaalam\/","url":"http:\/\/skyline-gs.com\/de\/produkt\/nile-cruise-4-days-marsaalam\/","name":"\u041a\u0440\u0443\u0438\u0437 \u043f\u043e \u041d\u0438\u043b\u0443 5* 4 \u0434\u043d\u044f &#8226; \u042d\u043a\u0441\u043a\u0443\u0440\u0441\u0438\u0438 Skyline","isPartOf":{"@id":"https:\/\/skyline-gs.com\/it\/#website"},"primaryImageOfPage":{"@id":"http:\/\/skyline-gs.com\/de\/produkt\/nile-cruise-4-days-marsaalam\/#primaryimage"},"image":{"@id":"http:\/\/skyline-gs.com\/de\/produkt\/nile-cruise-4-days-marsaalam\/#primaryimage"},"thumbnailUrl":"https:\/\/skyline-gs.com\/wp-content\/uploads\/2021\/07\/51-1.jpg","datePublished":"2021-10-26T18:52:24+00:00","dateModified":"2024-10-31T11:21:41+00:00","breadcrumb":{"@id":"http:\/\/skyline-gs.com\/de\/produkt\/nile-cruise-4-days-marsaalam\/#breadcrumb"},"inLanguage":"pl-PL","potentialAction":[{"@type":"ReadAction","target":["http:\/\/skyline-gs.com\/de\/produkt\/nile-cruise-4-days-marsaalam\/"]}]},{"@type":"ImageObject","inLanguage":"pl-PL","@id":"http:\/\/skyline-gs.com\/de\/produkt\/nile-cruise-4-days-marsaalam\/#primaryimage","url":"https:\/\/skyline-gs.com\/wp-content\/uploads\/2021\/07\/51-1.jpg","contentUrl":"https:\/\/skyline-gs.com\/wp-content\/uploads\/2021\/07\/51-1.jpg","width":669,"height":446},{"@type":"BreadcrumbList","@id":"http:\/\/skyline-gs.com\/de\/produkt\/nile-cruise-4-days-marsaalam\/#breadcrumb","itemListElement":[{"@type":"ListItem","position":1,"name":"\u0413\u043b\u0430\u0432\u043d\u0430\u044f \u0441\u0442\u0440\u0430\u043d\u0438\u0446\u0430","item":"https:\/\/skyline-gs.com\/hu\/"},{"@type":"ListItem","position":2,"name":"\u041c\u0430\u0433\u0430\u0437\u0438\u043d","item":"https:\/\/skyline-gs.com\/cs\/shop\/"},{"@type":"ListItem","position":3,"name":"\u041a\u0440\u0443\u0438\u0437 \u043f\u043e \u041d\u0438\u043b\u0443 5* 4 \u0434\u043d\u044f"}]},{"@type":"WebSite","@id":"https:\/\/skyline-gs.com\/it\/#website","url":"https:\/\/skyline-gs.com\/it\/","name":"Wycieczki Skyline","description":"Ekskluzywne wycieczki do najlepszych kurort\u00f3w na \u015bwiecie","publisher":{"@id":"https:\/\/skyline-gs.com\/it\/#organization"},"alternateName":"Skyline","potentialAction":[{"@type":"SearchAction","target":{"@type":"EntryPoint","urlTemplate":"https:\/\/skyline-gs.com\/it\/?s={search_term_string}"},"query-input":{"@type":"PropertyValueSpecification","valueRequired":true,"valueName":"search_term_string"}}],"inLanguage":"pl-PL"},{"@type":"Organization","@id":"https:\/\/skyline-gs.com\/it\/#organization","name":"Wycieczki Skyline","alternateName":"\u042d\u043a\u0441\u043a\u0443\u0440\u0441\u0438\u0438 Skyline","url":"https:\/\/skyline-gs.com\/it\/","logo":{"@type":"ImageObject","inLanguage":"pl-PL","@id":"https:\/\/skyline-gs.com\/it\/#\/schema\/logo\/image\/","url":"https:\/\/skyline-gs.com\/wp-content\/uploads\/2020\/12\/cropped-logo-2.png","contentUrl":"https:\/\/skyline-gs.com\/wp-content\/uploads\/2020\/12\/cropped-logo-2.png","width":512,"height":512,"caption":"\u042d\u043a\u0441\u043a\u0443\u0440\u0441\u0438\u0438 Skyline"},"image":{"@id":"https:\/\/skyline-gs.com\/it\/#\/schema\/logo\/image\/"},"sameAs":["https:\/\/www.instagram.com\/skylineglobalservice\/"]}]}},"_links":{"self":[{"href":"https:\/\/skyline-gs.com\/pl\/wp-json\/wp\/v2\/product\/32693","targetHints":{"allow":["GET"]}}],"collection":[{"href":"https:\/\/skyline-gs.com\/pl\/wp-json\/wp\/v2\/product"}],"about":[{"href":"https:\/\/skyline-gs.com\/pl\/wp-json\/wp\/v2\/types\/product"}],"version-history":[{"count":0,"href":"https:\/\/skyline-gs.com\/pl\/wp-json\/wp\/v2\/product\/32693\/revisions"}],"wp:featuredmedia":[{"embeddable":true,"href":"https:\/\/skyline-gs.com\/pl\/wp-json\/wp\/v2\/media\/29294"}],"wp:attachment":[{"href":"https:\/\/skyline-gs.com\/pl\/wp-json\/wp\/v2\/media?parent=32693"}],"wp:term":[{"taxonomy":"product_brand","embeddable":true,"href":"https:\/\/skyline-gs.com\/pl\/wp-json\/wp\/v2\/product_brand?post=32693"},{"taxonomy":"product_cat","embeddable":true,"href":"https:\/\/skyline-gs.com\/pl\/wp-json\/wp\/v2\/product_cat?post=32693"},{"taxonomy":"product_tag","embeddable":true,"href":"https:\/\/skyline-gs.com\/pl\/wp-json\/wp\/v2\/product_tag?post=32693"}],"curies":[{"name":"wp","href":"https:\/\/api.w.org\/{rel}","templated":true}]}}