{"id":32599,"date":"2021-10-26T16:54:17","date_gmt":"2021-10-26T14:54:17","guid":{"rendered":"http:\/\/skyline-gs.com\/?post_type=product&#038;p=32599"},"modified":"2025-10-29T19:54:55","modified_gmt":"2025-10-29T17:54:55","slug":"luxor-queen-valley-marsaalam","status":"publish","type":"product","link":"https:\/\/skyline-gs.com\/pl\/product\/luxor-queen-valley-marsaalam\/","title":{"rendered":"Luksor i Dolina Kr\u00f3lowych. Miasto \u017cywych i miasto umar\u0142ych"},"content":{"rendered":"<p>Wymeldowanie z hotelu o 4:30 rano. Podr\u00f3\u017c w jedn\u0105 stron\u0119 zajmie oko\u0142o 4,5 godziny. 9:00 Przyjazd do Doliny Nilu i zobaczenie prawdziwego \u017cycia Egiptu. 10:00 przyjazd do Luksoru. Po przybyciu do Luksoru rozpocznie si\u0119 pierwsza cz\u0119\u015b\u0107 programu \"Miasto \u017bywych\", kt\u00f3re znajduje si\u0119 na wschodnim brzegu Nilu. Zwiedzanie \u015bwi\u0105tyni Karnak, kt\u00f3ra jest najwi\u0119ksz\u0105 konstrukcj\u0105 architektoniczn\u0105 staro\u017cytnego \u015bwiata i jednym z najwi\u0119kszych kompleks\u00f3w \u015bwi\u0105tynnych na \u015bwiecie. \u015awi\u0105tynia w Karnaku nie zosta\u0142a zbudowana przez jednego faraona ani nawet jedn\u0105 dynasti\u0119, oko\u0142o 30 faraon\u00f3w przyczyni\u0142o si\u0119 do powstania kompleksu, dodaj\u0105c \u015bwi\u0105tynie, pylony, kaplice i obeliski po\u015bwi\u0119cone bogom Teb. \u015awi\u0105tynia w Karnaku sk\u0142ada si\u0119 z trzech du\u017cych budowli i kilku mniejszych \u015bwi\u0105ty\u0144 w obr\u0119bie g\u0142\u00f3wnego obszaru. Lunch w restauracji bufetowej (napoje nie s\u0105 wliczone w cen\u0119).<\/p>\n<p>\u0417\u0430\u0442\u0435\u043c \u0432\u044b \u043e\u0442\u043f\u0440\u0430\u0432\u043b\u044f\u0435\u0442\u0435\u0441\u044c \u043d\u0430 \u043b\u043e\u0434\u043a\u0435 \u043f\u043e \u041d\u0438\u043b\u0443 \u043d\u0430 \u0437\u0430\u043f\u0430\u0434\u043d\u044b\u0439 \u0431\u0435\u0440\u0435\u0433 \u0432 \u0433\u043e\u0440\u043e\u0434 \u043c\u0451\u0440\u0442\u0432\u044b\u0445, \u0433\u0434\u0435 \u0443 \u0432\u0430\u0441 \u0431\u0443\u0434\u0435\u0442 \u0432\u0442\u043e\u0440\u0430\u044f \u0447\u0430\u0441\u0442\u044c \u043f\u0440\u043e\u0433\u0440\u0430\u043c\u043c\u044b. \u041f\u043e\u0441\u0435\u0449\u0435\u043d\u0438\u044f \u0437\u0430\u043f\u0430\u0434\u043d\u043e\u0433\u043e \u0431\u0435\u0440\u0435\u0433\u0430 \u0438 \u0414\u043e\u043b\u0438\u043d\u0430 \u043c\u0451\u0440\u0442\u0432\u044b\u0445. \u0412\u043d\u0430\u0447\u0430\u043b\u0435 \u0432\u0430\u0441 \u0432\u0441\u0442\u0440\u0435\u0447\u0430\u044e\u0442 \u041a\u043e\u043b\u043e\u0441\u0441\u044b \u041c\u0435\u043c\u043d\u043e\u043d\u0430, \u0434\u0432\u0435 \u043e\u0433\u0440\u043e\u043c\u043d\u044b\u0435 \u0441\u0442\u0430\u0442\u0443\u0438 \u0432\u044b\u0441\u043e\u0442\u043e\u0439 18 \u043c\u0435\u0442\u0440\u043e\u0432 \u0438 \u0432\u0435\u0441\u043e\u043c \u0431\u043e\u043b\u0435\u0435 700 \u0442\u043e\u043d\u043d \u043a\u0430\u0436\u0434\u0430\u044f. \u041f\u0440\u043e\u0435\u0437\u0434 \u0447\u0435\u0440\u0435\u0437 \u0434\u043e\u043b\u0438\u043d\u0443 \u043c\u0451\u0440\u0442\u0432\u044b\u0445 \u0438 \u043f\u043e\u0441\u0435\u0449\u0435\u043d\u0438\u0435\u00a0 \u0445\u0440\u0430\u043c\u0430 \u0446\u0430\u0440\u0438\u0446\u044b-\u0444\u0430\u0440\u0430\u043e\u043d\u0430 \u0425\u0430\u0442\u0448\u0435\u043f\u0441\u0443\u0442. \u0413\u043b\u0430\u0432\u043d\u043e\u0439 \u0430\u0440\u0445\u0438\u0442\u0435\u043a\u0442\u0443\u0440\u043d\u043e\u0439 \u043e\u0441\u043e\u0431\u0435\u043d\u043d\u043e\u0441\u0442\u044c\u044e \u044d\u0442\u043e\u0433\u043e \u043c\u043e\u043d\u0443\u043c\u0435\u043d\u0442\u0430\u043b\u044c\u043d\u043e\u0433\u043e \u0441\u043e\u043e\u0440\u0443\u0436\u0435\u043d\u0438\u044f \u044f\u0432\u043b\u044f\u044e\u0442\u0441\u044f 3 \u0440\u0430\u0441\u043f\u043e\u043b\u043e\u0436\u0435\u043d\u043d\u044b\u0435 \u0434\u0440\u0443\u0433 \u043d\u0430\u0434 \u0434\u0440\u0443\u0433\u043e\u043c \u0442\u0435\u0440\u0440\u0430\u0441\u044b, \u043d\u0430 \u043a\u0430\u0436\u0434\u043e\u0439 \u0438\u0437 \u043a\u043e\u0442\u043e\u0440\u044b\u0445 \u0440\u0430\u0437\u043c\u0435\u0449\u0430\u043b\u0441\u044f \u043e\u0442\u043a\u0440\u044b\u0442\u044b\u0439 \u0434\u0432\u043e\u0440, \u043a\u0440\u044b\u0442\u044b\u0435 \u043f\u043e\u043c\u0435\u0449\u0435\u043d\u0438\u044f \u0441 \u043f\u0438\u043b\u044f\u0441\u0442\u0440\u0430\u043c\u0438 \u0438 \u0441\u043f\u0440\u044f\u0442\u0430\u043d\u043d\u044b\u0435 \u0432 \u0433\u043b\u0443\u0431\u0438\u043d\u0435 \u0433\u043e\u0440\u044b \u0441\u0432\u044f\u0442\u0438\u043b\u0438\u0449\u0430. \u0425\u0430\u0442\u0448\u0435\u043f\u0441\u0443\u0442 \u2013 \u043e\u0434\u043d\u0430 \u0438\u0437 \u0441\u0430\u043c\u044b\u0445 \u0438\u0437\u0432\u0435\u0441\u0442\u043d\u044b\u0445 \u0444\u0438\u0433\u0443\u0440 \u0432 \u0438\u0441\u0442\u043e\u0440\u0438\u0438 \u0434\u0440\u0435\u0432\u043d\u0435\u0433\u043e \u0415\u0433\u0438\u043f\u0442\u0430. \u0418\u0441\u0442\u043e\u0440\u0438\u044f \u0434\u0440\u0435\u0432\u043d\u0435\u0433\u043e \u0415\u0433\u0438\u043f\u0442\u0430 \u0443\u043f\u0430\u043c\u0438\u043d\u0430\u0435\u0442 \u0435\u0435 \u043a\u0430\u043a \u0416\u0435\u043b\u0435\u0437\u043d\u0430\u044f \u043f\u0440\u0430\u0432\u0438\u0442\u0435\u043b\u044c\u043d\u0438\u0446\u0430. \u041f\u043e\u0441\u043b\u0435 \u044d\u0442\u043e\u0433\u043e, \u0443 \u0432\u0430\u0441 \u0431\u0443\u0434\u0435\u0442 \u043f\u0440\u043e\u0433\u0443\u043b\u043a\u0430 \u043f\u043e \u0440\u0435\u043a\u0435 \u041d\u0438\u043b \u0441 \u043f\u043e\u0441\u0435\u0449\u0435\u043d\u0438\u0435\u043c \u0411\u0430\u043d\u0430\u043d\u043e\u0432\u043e\u0433\u043e \u043e\u0441\u0442\u0440\u043e\u0432\u0430 (\u043f\u043e \u0436\u0435\u043b\u0430\u043d\u0438\u044e \u0437\u0430 \u0434\u043e\u043f\u043e\u043b\u043d\u0438\u0442\u0435\u043b\u044c\u043d\u0443\u044e \u043f\u043b\u0430\u0442\u0443 \u2013 10$). \u0414\u0430\u043b\u0435\u0435 \u043c\u044b \u043f\u043e\u0441\u0435\u0442\u0438\u043c \u0414\u043e\u043b\u0438\u043d\u0443 \u0426\u0430\u0440\u0438\u0446, \u0432 \u043a\u043e\u0442\u043e\u0440\u043e\u0439 \u0440\u0430\u0441\u043f\u043e\u043b\u043e\u0436\u0435\u043d\u0430 \u0435\u0434\u0432\u0430 \u043b\u0438 \u043d\u0435 \u0441\u0430\u043c\u0430\u044f \u0440\u043e\u0441\u043a\u043e\u0448\u043d\u0430\u044f \u0432\u043e \u0432\u0441\u0435\u043c \u0415\u0433\u0438\u043f\u0442\u0435 \u0433\u0440\u043e\u0431\u043d\u0438\u0446\u0430 \u041d\u0435\u0444\u0435\u0440\u0442\u0430\u0440\u0438 &#8212; \u0436\u0435\u043d\u044b \u0444\u0430\u0440\u0430\u043e\u043d\u0430 \u0420\u0430\u043c\u0441\u0435\u0441\u0430 2. \u041e\u043a\u043e\u043d\u0447\u0430\u043d\u0438\u0435 \u044d\u043a\u0441\u043a\u0443\u0440\u0441\u0438\u0438 \u0438 \u043e\u0431\u0440\u0430\u0442\u043d\u0430\u044f \u0434\u043e\u0440\u043e\u0433\u0430. 22:00 \u0432\u043e\u0437\u0432\u0440\u0430\u0449\u0435\u043d\u0438\u0435 \u0432 \u043e\u0442\u0435\u043b\u044c.<\/p>\n<p><strong>W zestawie:<\/strong><\/p>\n<ul>\n<li>Transfery z i do hotelu<\/li>\n<li>Rosyjskoj\u0119zyczny przewodnik egiptolog<\/li>\n<li>Bilety wst\u0119pu<\/li>\n<li>\u041f\u043e\u0441\u0435\u0449\u0435\u043d\u0438\u0435 \u0414\u043e\u043b\u0438\u043d\u044b \u0426\u0430\u0440\u0438\u0446<\/li>\n<li>Lunch w restauracji w Luksorze<\/li>\n<\/ul>\n<p><strong>Brak w zestawie:<\/strong><\/p>\n<ul>\n<li>Wizyta na wyspie Banana (opcjonalnie za dodatkow\u0105 op\u0142at\u0105 - 10$)<\/li>\n<\/ul>\n<p><strong>Zabierz go ze sob\u0105:<\/strong><\/p>\n<ul>\n<li>Paszport<\/li>\n<li>Poranna przek\u0105ska (w recepcji hotelu nale\u017cy wyja\u015bni\u0107, \u017ce wyje\u017cd\u017ca si\u0119 wcze\u015bnie rano na wycieczk\u0119 i nale\u017cy przygotowa\u0107 sobie \u015bniadanie (lunch box), hotele zapewni\u0105 t\u0119 us\u0142ug\u0119 bezp\u0142atnie);<\/li>\n<li>Kamera<\/li>\n<li>Nakrycie g\u0142owy;<\/li>\n<li>Pieni\u0105dze na wydatki osobiste i pami\u0105tki;<\/li>\n<li>Woda pitna;<\/li>\n<li>Wygodne buty;<\/li>\n<li>Ciep\u0142e ubrania na podr\u00f3\u017c (zim\u0105).<\/li>\n<\/ul>","protected":false},"excerpt":{"rendered":"<p><strong>Czas wycieczki:<\/strong> 4:30 \u2014 22:00<\/p>\n<p><strong>Holding Days:<\/strong> Poniedzia\u0142ek, \u015broda i sobota<\/p>","protected":false},"featured_media":32603,"template":"","meta":{"_kad_post_transparent":"default","_kad_post_title":"","_kad_post_layout":"default","_kad_post_sidebar_id":"","_kad_post_content_style":"default","_kad_post_vertical_padding":"default","_kad_post_feature":"","_kad_post_feature_position":"","_kad_post_header":false,"_kad_post_footer":false,"_kad_post_classname":"","_glsr_average":0,"_glsr_ranking":0,"_glsr_reviews":0},"product_brand":[],"product_cat":[452],"product_tag":[],"class_list":{"0":"post-32599","1":"product","2":"type-product","3":"status-publish","4":"has-post-thumbnail","6":"product_cat-marsa-alam","7":"tm-has-options","9":"first","10":"instock","11":"sale","12":"sold-individually","13":"taxable","14":"shipping-taxable","15":"purchasable","16":"product-type-simple","17":"entry","18":"content-bg","19":"loop-entry"},"yoast_head":"<!-- This site is optimized with the Yoast SEO plugin v27.3 - https:\/\/yoast.com\/product\/yoast-seo-wordpress\/ -->\n<title>\u041b\u0443\u043a\u0441\u043e\u0440 \u0438 \u0414\u043e\u043b\u0438\u043d\u0430 \u0426\u0430\u0440\u0438\u0446. \u0413\u043e\u0440\u043e\u0434 \u0436\u0438\u0432\u044b\u0445 \u0438 \u0433\u043e\u0440\u043e\u0434 \u043c\u0451\u0440\u0442\u0432\u044b\u0445 &#8226; \u042d\u043a\u0441\u043a\u0443\u0440\u0441\u0438\u0438 Skyline<\/title>\n<meta name=\"robots\" content=\"index, follow, max-snippet:-1, max-image-preview:large, max-video-preview:-1\" \/>\n<link rel=\"canonical\" href=\"https:\/\/skyline-gs.com\/pl\/produkt\/luxor-queen-valley-marsaalam\/\" \/>\n<meta property=\"og:locale\" content=\"pl_PL\" \/>\n<meta property=\"og:type\" content=\"article\" \/>\n<meta property=\"og:title\" content=\"\u041b\u0443\u043a\u0441\u043e\u0440 \u0438 \u0414\u043e\u043b\u0438\u043d\u0430 \u0426\u0430\u0440\u0438\u0446. \u0413\u043e\u0440\u043e\u0434 \u0436\u0438\u0432\u044b\u0445 \u0438 \u0433\u043e\u0440\u043e\u0434 \u043c\u0451\u0440\u0442\u0432\u044b\u0445 &#8226; \u042d\u043a\u0441\u043a\u0443\u0440\u0441\u0438\u0438 Skyline\" \/>\n<meta property=\"og:description\" content=\"\u0412\u0440\u0435\u043c\u044f \u0442\u0443\u0440\u0430: 4:30 - 22:00  \u0414\u043d\u0438 \u043f\u0440\u043e\u0432\u0435\u0434\u0435\u043d\u0438\u044f: \u043f\u043e\u043d\u0435\u0434\u0435\u043b\u044c\u043d\u0438\u043a, \u0441\u0440\u0435\u0434\u0430 \u0438 \u0441\u0443\u0431\u0431\u043e\u0442\u0430\" \/>\n<meta property=\"og:url\" content=\"https:\/\/skyline-gs.com\/pl\/produkt\/luxor-queen-valley-marsaalam\/\" \/>\n<meta property=\"og:site_name\" content=\"\u042d\u043a\u0441\u043a\u0443\u0440\u0441\u0438\u0438 Skyline\" \/>\n<meta property=\"article:modified_time\" content=\"2025-10-29T17:54:55+00:00\" \/>\n<meta property=\"og:image\" content=\"https:\/\/skyline-gs.com\/wp-content\/uploads\/2021\/10\/68.jpg\" \/>\n\t<meta property=\"og:image:width\" content=\"669\" \/>\n\t<meta property=\"og:image:height\" content=\"446\" \/>\n\t<meta property=\"og:image:type\" content=\"image\/jpeg\" \/>\n<meta name=\"twitter:card\" content=\"summary_large_image\" \/>\n<meta name=\"twitter:label1\" content=\"Szacowany czas czytania\" \/>\n\t<meta name=\"twitter:data1\" content=\"3 minuty\" \/>\n<script type=\"application\/ld+json\" class=\"yoast-schema-graph\">{\"@context\":\"https:\\\/\\\/schema.org\",\"@graph\":[{\"@type\":\"WebPage\",\"@id\":\"https:\\\/\\\/skyline-gs.com\\\/it\\\/prodotto\\\/luxor-queen-valley-marsaalam\\\/\",\"url\":\"https:\\\/\\\/skyline-gs.com\\\/it\\\/prodotto\\\/luxor-queen-valley-marsaalam\\\/\",\"name\":\"\u041b\u0443\u043a\u0441\u043e\u0440 \u0438 \u0414\u043e\u043b\u0438\u043d\u0430 \u0426\u0430\u0440\u0438\u0446. \u0413\u043e\u0440\u043e\u0434 \u0436\u0438\u0432\u044b\u0445 \u0438 \u0433\u043e\u0440\u043e\u0434 \u043c\u0451\u0440\u0442\u0432\u044b\u0445 &#8226; \u042d\u043a\u0441\u043a\u0443\u0440\u0441\u0438\u0438 Skyline\",\"isPartOf\":{\"@id\":\"https:\\\/\\\/skyline-gs.com\\\/it\\\/#website\"},\"primaryImageOfPage\":{\"@id\":\"https:\\\/\\\/skyline-gs.com\\\/it\\\/prodotto\\\/luxor-queen-valley-marsaalam\\\/#primaryimage\"},\"image\":{\"@id\":\"https:\\\/\\\/skyline-gs.com\\\/it\\\/prodotto\\\/luxor-queen-valley-marsaalam\\\/#primaryimage\"},\"thumbnailUrl\":\"https:\\\/\\\/skyline-gs.com\\\/wp-content\\\/uploads\\\/2021\\\/10\\\/68.jpg\",\"datePublished\":\"2021-10-26T14:54:17+00:00\",\"dateModified\":\"2025-10-29T17:54:55+00:00\",\"breadcrumb\":{\"@id\":\"https:\\\/\\\/skyline-gs.com\\\/it\\\/prodotto\\\/luxor-queen-valley-marsaalam\\\/#breadcrumb\"},\"inLanguage\":\"pl-PL\",\"potentialAction\":[{\"@type\":\"ReadAction\",\"target\":[\"https:\\\/\\\/skyline-gs.com\\\/it\\\/prodotto\\\/luxor-queen-valley-marsaalam\\\/\"]}]},{\"@type\":\"ImageObject\",\"inLanguage\":\"pl-PL\",\"@id\":\"https:\\\/\\\/skyline-gs.com\\\/it\\\/prodotto\\\/luxor-queen-valley-marsaalam\\\/#primaryimage\",\"url\":\"https:\\\/\\\/skyline-gs.com\\\/wp-content\\\/uploads\\\/2021\\\/10\\\/68.jpg\",\"contentUrl\":\"https:\\\/\\\/skyline-gs.com\\\/wp-content\\\/uploads\\\/2021\\\/10\\\/68.jpg\",\"width\":669,\"height\":446},{\"@type\":\"BreadcrumbList\",\"@id\":\"https:\\\/\\\/skyline-gs.com\\\/it\\\/prodotto\\\/luxor-queen-valley-marsaalam\\\/#breadcrumb\",\"itemListElement\":[{\"@type\":\"ListItem\",\"position\":1,\"name\":\"\u0413\u043b\u0430\u0432\u043d\u0430\u044f \u0441\u0442\u0440\u0430\u043d\u0438\u0446\u0430\",\"item\":\"https:\\\/\\\/skyline-gs.com\\\/hu\\\/\"},{\"@type\":\"ListItem\",\"position\":2,\"name\":\"\u041c\u0430\u0433\u0430\u0437\u0438\u043d\",\"item\":\"https:\\\/\\\/skyline-gs.com\\\/cs\\\/shop\\\/\"},{\"@type\":\"ListItem\",\"position\":3,\"name\":\"\u041b\u0443\u043a\u0441\u043e\u0440 \u0438 \u0414\u043e\u043b\u0438\u043d\u0430 \u0426\u0430\u0440\u0438\u0446. \u0413\u043e\u0440\u043e\u0434 \u0436\u0438\u0432\u044b\u0445 \u0438 \u0433\u043e\u0440\u043e\u0434 \u043c\u0451\u0440\u0442\u0432\u044b\u0445\"}]},{\"@type\":\"WebSite\",\"@id\":\"https:\\\/\\\/skyline-gs.com\\\/it\\\/#website\",\"url\":\"https:\\\/\\\/skyline-gs.com\\\/it\\\/\",\"name\":\"\u042d\u043a\u0441\u043a\u0443\u0440\u0441\u0438\u0438 Skyline\",\"description\":\"\u042d\u043a\u0441\u043a\u043b\u044e\u0437\u0438\u0432\u043d\u044b\u0435 \u044d\u043a\u0441\u043a\u0443\u0440\u0441\u0438\u0438 \u043d\u0430 \u043b\u0443\u0447\u0448\u0438\u0445 \u043a\u0443\u0440\u043e\u0440\u0442\u0430\u0445 \u043c\u0438\u0440\u0430\",\"publisher\":{\"@id\":\"https:\\\/\\\/skyline-gs.com\\\/it\\\/#organization\"},\"alternateName\":\"Skyline\",\"potentialAction\":[{\"@type\":\"SearchAction\",\"target\":{\"@type\":\"EntryPoint\",\"urlTemplate\":\"https:\\\/\\\/skyline-gs.com\\\/it\\\/?s={search_term_string}\"},\"query-input\":{\"@type\":\"PropertyValueSpecification\",\"valueRequired\":true,\"valueName\":\"search_term_string\"}}],\"inLanguage\":\"pl-PL\"},{\"@type\":\"Organization\",\"@id\":\"https:\\\/\\\/skyline-gs.com\\\/it\\\/#organization\",\"name\":\"\u042d\u043a\u0441\u043a\u0443\u0440\u0441\u0438\u0438 Skyline\",\"alternateName\":\"\u042d\u043a\u0441\u043a\u0443\u0440\u0441\u0438\u0438 Skyline\",\"url\":\"https:\\\/\\\/skyline-gs.com\\\/it\\\/\",\"logo\":{\"@type\":\"ImageObject\",\"inLanguage\":\"pl-PL\",\"@id\":\"https:\\\/\\\/skyline-gs.com\\\/it\\\/#\\\/schema\\\/logo\\\/image\\\/\",\"url\":\"https:\\\/\\\/skyline-gs.com\\\/wp-content\\\/uploads\\\/2020\\\/12\\\/cropped-logo-2.png\",\"contentUrl\":\"https:\\\/\\\/skyline-gs.com\\\/wp-content\\\/uploads\\\/2020\\\/12\\\/cropped-logo-2.png\",\"width\":512,\"height\":512,\"caption\":\"\u042d\u043a\u0441\u043a\u0443\u0440\u0441\u0438\u0438 Skyline\"},\"image\":{\"@id\":\"https:\\\/\\\/skyline-gs.com\\\/it\\\/#\\\/schema\\\/logo\\\/image\\\/\"},\"sameAs\":[\"https:\\\/\\\/www.instagram.com\\\/skylineglobalservice\\\/\"]}]}<\/script>\n<!-- \/ Yoast SEO plugin. -->","yoast_head_json":{"title":"\u041b\u0443\u043a\u0441\u043e\u0440 \u0438 \u0414\u043e\u043b\u0438\u043d\u0430 \u0426\u0430\u0440\u0438\u0446. \u0413\u043e\u0440\u043e\u0434 \u0436\u0438\u0432\u044b\u0445 \u0438 \u0433\u043e\u0440\u043e\u0434 \u043c\u0451\u0440\u0442\u0432\u044b\u0445 &#8226; \u042d\u043a\u0441\u043a\u0443\u0440\u0441\u0438\u0438 Skyline","robots":{"index":"index","follow":"follow","max-snippet":"max-snippet:-1","max-image-preview":"max-image-preview:large","max-video-preview":"max-video-preview:-1"},"canonical":"https:\/\/skyline-gs.com\/pl\/produkt\/luxor-queen-valley-marsaalam\/","og_locale":"pl_PL","og_type":"article","og_title":"\u041b\u0443\u043a\u0441\u043e\u0440 \u0438 \u0414\u043e\u043b\u0438\u043d\u0430 \u0426\u0430\u0440\u0438\u0446. \u0413\u043e\u0440\u043e\u0434 \u0436\u0438\u0432\u044b\u0445 \u0438 \u0433\u043e\u0440\u043e\u0434 \u043c\u0451\u0440\u0442\u0432\u044b\u0445 &#8226; \u042d\u043a\u0441\u043a\u0443\u0440\u0441\u0438\u0438 Skyline","og_description":"\u0412\u0440\u0435\u043c\u044f \u0442\u0443\u0440\u0430: 4:30 - 22:00  \u0414\u043d\u0438 \u043f\u0440\u043e\u0432\u0435\u0434\u0435\u043d\u0438\u044f: \u043f\u043e\u043d\u0435\u0434\u0435\u043b\u044c\u043d\u0438\u043a, \u0441\u0440\u0435\u0434\u0430 \u0438 \u0441\u0443\u0431\u0431\u043e\u0442\u0430","og_url":"https:\/\/skyline-gs.com\/pl\/produkt\/luxor-queen-valley-marsaalam\/","og_site_name":"\u042d\u043a\u0441\u043a\u0443\u0440\u0441\u0438\u0438 Skyline","article_modified_time":"2025-10-29T17:54:55+00:00","og_image":[{"width":669,"height":446,"url":"https:\/\/skyline-gs.com\/wp-content\/uploads\/2021\/10\/68.jpg","type":"image\/jpeg"}],"twitter_card":"summary_large_image","twitter_misc":{"Szacowany czas czytania":"3 minuty"},"schema":{"@context":"https:\/\/schema.org","@graph":[{"@type":"WebPage","@id":"https:\/\/skyline-gs.com\/it\/prodotto\/luxor-queen-valley-marsaalam\/","url":"https:\/\/skyline-gs.com\/it\/prodotto\/luxor-queen-valley-marsaalam\/","name":"\u041b\u0443\u043a\u0441\u043e\u0440 \u0438 \u0414\u043e\u043b\u0438\u043d\u0430 \u0426\u0430\u0440\u0438\u0446. \u0413\u043e\u0440\u043e\u0434 \u0436\u0438\u0432\u044b\u0445 \u0438 \u0433\u043e\u0440\u043e\u0434 \u043c\u0451\u0440\u0442\u0432\u044b\u0445 &#8226; \u042d\u043a\u0441\u043a\u0443\u0440\u0441\u0438\u0438 Skyline","isPartOf":{"@id":"https:\/\/skyline-gs.com\/it\/#website"},"primaryImageOfPage":{"@id":"https:\/\/skyline-gs.com\/it\/prodotto\/luxor-queen-valley-marsaalam\/#primaryimage"},"image":{"@id":"https:\/\/skyline-gs.com\/it\/prodotto\/luxor-queen-valley-marsaalam\/#primaryimage"},"thumbnailUrl":"https:\/\/skyline-gs.com\/wp-content\/uploads\/2021\/10\/68.jpg","datePublished":"2021-10-26T14:54:17+00:00","dateModified":"2025-10-29T17:54:55+00:00","breadcrumb":{"@id":"https:\/\/skyline-gs.com\/it\/prodotto\/luxor-queen-valley-marsaalam\/#breadcrumb"},"inLanguage":"pl-PL","potentialAction":[{"@type":"ReadAction","target":["https:\/\/skyline-gs.com\/it\/prodotto\/luxor-queen-valley-marsaalam\/"]}]},{"@type":"ImageObject","inLanguage":"pl-PL","@id":"https:\/\/skyline-gs.com\/it\/prodotto\/luxor-queen-valley-marsaalam\/#primaryimage","url":"https:\/\/skyline-gs.com\/wp-content\/uploads\/2021\/10\/68.jpg","contentUrl":"https:\/\/skyline-gs.com\/wp-content\/uploads\/2021\/10\/68.jpg","width":669,"height":446},{"@type":"BreadcrumbList","@id":"https:\/\/skyline-gs.com\/it\/prodotto\/luxor-queen-valley-marsaalam\/#breadcrumb","itemListElement":[{"@type":"ListItem","position":1,"name":"\u0413\u043b\u0430\u0432\u043d\u0430\u044f \u0441\u0442\u0440\u0430\u043d\u0438\u0446\u0430","item":"https:\/\/skyline-gs.com\/hu\/"},{"@type":"ListItem","position":2,"name":"\u041c\u0430\u0433\u0430\u0437\u0438\u043d","item":"https:\/\/skyline-gs.com\/cs\/shop\/"},{"@type":"ListItem","position":3,"name":"\u041b\u0443\u043a\u0441\u043e\u0440 \u0438 \u0414\u043e\u043b\u0438\u043d\u0430 \u0426\u0430\u0440\u0438\u0446. \u0413\u043e\u0440\u043e\u0434 \u0436\u0438\u0432\u044b\u0445 \u0438 \u0433\u043e\u0440\u043e\u0434 \u043c\u0451\u0440\u0442\u0432\u044b\u0445"}]},{"@type":"WebSite","@id":"https:\/\/skyline-gs.com\/it\/#website","url":"https:\/\/skyline-gs.com\/it\/","name":"Wycieczki Skyline","description":"Ekskluzywne wycieczki do najlepszych kurort\u00f3w na \u015bwiecie","publisher":{"@id":"https:\/\/skyline-gs.com\/it\/#organization"},"alternateName":"Skyline","potentialAction":[{"@type":"SearchAction","target":{"@type":"EntryPoint","urlTemplate":"https:\/\/skyline-gs.com\/it\/?s={search_term_string}"},"query-input":{"@type":"PropertyValueSpecification","valueRequired":true,"valueName":"search_term_string"}}],"inLanguage":"pl-PL"},{"@type":"Organization","@id":"https:\/\/skyline-gs.com\/it\/#organization","name":"Wycieczki Skyline","alternateName":"\u042d\u043a\u0441\u043a\u0443\u0440\u0441\u0438\u0438 Skyline","url":"https:\/\/skyline-gs.com\/it\/","logo":{"@type":"ImageObject","inLanguage":"pl-PL","@id":"https:\/\/skyline-gs.com\/it\/#\/schema\/logo\/image\/","url":"https:\/\/skyline-gs.com\/wp-content\/uploads\/2020\/12\/cropped-logo-2.png","contentUrl":"https:\/\/skyline-gs.com\/wp-content\/uploads\/2020\/12\/cropped-logo-2.png","width":512,"height":512,"caption":"\u042d\u043a\u0441\u043a\u0443\u0440\u0441\u0438\u0438 Skyline"},"image":{"@id":"https:\/\/skyline-gs.com\/it\/#\/schema\/logo\/image\/"},"sameAs":["https:\/\/www.instagram.com\/skylineglobalservice\/"]}]}},"_links":{"self":[{"href":"https:\/\/skyline-gs.com\/pl\/wp-json\/wp\/v2\/product\/32599","targetHints":{"allow":["GET"]}}],"collection":[{"href":"https:\/\/skyline-gs.com\/pl\/wp-json\/wp\/v2\/product"}],"about":[{"href":"https:\/\/skyline-gs.com\/pl\/wp-json\/wp\/v2\/types\/product"}],"version-history":[{"count":0,"href":"https:\/\/skyline-gs.com\/pl\/wp-json\/wp\/v2\/product\/32599\/revisions"}],"wp:featuredmedia":[{"embeddable":true,"href":"https:\/\/skyline-gs.com\/pl\/wp-json\/wp\/v2\/media\/32603"}],"wp:attachment":[{"href":"https:\/\/skyline-gs.com\/pl\/wp-json\/wp\/v2\/media?parent=32599"}],"wp:term":[{"taxonomy":"product_brand","embeddable":true,"href":"https:\/\/skyline-gs.com\/pl\/wp-json\/wp\/v2\/product_brand?post=32599"},{"taxonomy":"product_cat","embeddable":true,"href":"https:\/\/skyline-gs.com\/pl\/wp-json\/wp\/v2\/product_cat?post=32599"},{"taxonomy":"product_tag","embeddable":true,"href":"https:\/\/skyline-gs.com\/pl\/wp-json\/wp\/v2\/product_tag?post=32599"}],"curies":[{"name":"wp","href":"https:\/\/api.w.org\/{rel}","templated":true}]}}